{"id":9238,"date":"2025-03-15T01:15:37","date_gmt":"2025-03-14T22:15:37","guid":{"rendered":"https:\/\/hand2noteguide.com\/?page_id=9238"},"modified":"2026-03-10T11:10:12","modified_gmt":"2026-03-10T08:10:12","slug":"creating-and-using-aliases-in-hand2note","status":"publish","type":"page","link":"https:\/\/hand2noteguide.com\/de\/user-manual\/creating-and-using-aliases-in-hand2note\/","title":{"rendered":"Erstellen und Verwenden von Aliases in Hand2Note"},"content":{"rendered":"\n<p>Aliases erm\u00f6glichen es Ihnen, gespielte H\u00e4nde von mehreren Konten (Spitznamen\/IDs) zusammenzuf\u00fchren, um alle ihre Ergebnisse, Sessions und Statistiken in einem einzigen Spielerformat darzustellen.<\/p>\n\n\n\n<p>Diese Funktion ist n\u00fctzlich, wenn:<\/p>\n\n\n\n<ul class=\"wp-block-list\">\n<li>Sie in mehreren R\u00e4umen und\/oder von mehreren Konten (Spitznamen\/IDs) spielen und alle Ihre Daten als eine Einheit sehen m\u00f6chten;<\/li>\n\n\n\n<li>Sie Ihren Gegner zuverl\u00e4ssig kennen, sowie viele seiner Konten (Spitznamen\/IDs) auf verschiedenen Seiten, und Sie alle seine Statistiken als Ganzes sehen m\u00f6chten;<\/li>\n\n\n\n<li>Sie ein aktiver Coach oder eine Stiftung sind und die Ergebnisse Ihrer Sch\u00fcler oder Spieler als eine Einheit sehen m\u00f6chten, um gemeinsame Leaks oder Trends zu identifizieren.<\/li>\n<\/ul>\n\n\n\n<h2 class=\"wp-block-heading\">Erstellen eines Alias<\/h2>\n\n\n\n<p><em>Die Hauptregel: Bevor Sie einen Alias erstellen, muss mindestens eine Hand von dem Konto (Spitzname\/ID), das dem Alias hinzugef\u00fcgt werden soll, mit aktiviertem Hand2Note gespielt worden sein und dort angezeigt werden. Andernfalls finden Sie das Konto (Spitzname\/ID) beim Hinzuf\u00fcgen zum Alias einfach nicht in der angebotenen Liste der Konten (Spitznamen\/IDs).<\/em><\/p>\n\n\n\n<p>1) Nachdem Sie die \u201eHauptregel\u201c ausgef\u00fchrt haben, finden Sie in der unteren linken Ecke des Hand2Note-Fensters den Punkt \u201eConfiguration\u201c und klicken Sie darauf (1). W\u00e4hlen Sie im ge\u00f6ffneten Einstellungsmen\u00fc die Registerkarte \u201eAliases\u201c (2) und klicken Sie auf \u201e+ Add Alias\u201c (3):<\/p>\n\n\n\n<figure class=\"wp-block-image size-large\"><img loading=\"lazy\" decoding=\"async\" width=\"1024\" height=\"549\" src=\"http:\/\/hand2noteguide.com\/wp-content\/uploads\/2025\/04\/alias-1-1024x549.jpg\" alt=\"\" class=\"wp-image-10120\" srcset=\"https:\/\/hand2noteguide.com\/wp-content\/uploads\/2025\/04\/alias-1-1024x549.jpg 1024w, https:\/\/hand2noteguide.com\/wp-content\/uploads\/2025\/04\/alias-1-300x161.jpg 300w, https:\/\/hand2noteguide.com\/wp-content\/uploads\/2025\/04\/alias-1-768x412.jpg 768w, https:\/\/hand2noteguide.com\/wp-content\/uploads\/2025\/04\/alias-1-1536x824.jpg 1536w, https:\/\/hand2noteguide.com\/wp-content\/uploads\/2025\/04\/alias-1-772x414.jpg 772w, https:\/\/hand2noteguide.com\/wp-content\/uploads\/2025\/04\/alias-1-624x335.jpg 624w, https:\/\/hand2noteguide.com\/wp-content\/uploads\/2025\/04\/alias-1.jpg 1600w\" sizes=\"auto, (max-width: 1024px) 100vw, 1024px\" \/><\/figure>\n\n\n\n<p>2) Im ge\u00f6ffneten Men\u00fc \u201eAdd Alias\u201c geben Sie im Feld \u201enew alias\u201c einen Namen daf\u00fcr ein (ohne spezielle Symbole zu verwenden) (1), dann aktivieren Sie den Punkt \u201eis Single Person\u201c (optional) durch Klicken auf das Kontrollk\u00e4stchen daneben (2). Geben Sie im Feld \u201eSearch Player\u201c (3) den Spitznamen oder die ID ein, die Sie dem Alias hinzuf\u00fcgen m\u00f6chten, und sobald er im Men\u00fc unten erscheint, klicken Sie auf das \u201e+\u201c daneben (4). Wiederholen Sie die Schritte (3) und (4) mit jedem der erforderlichen Spitznamen oder IDs, die dem Alias hinzugef\u00fcgt werden sollen. Stellen Sie danach sicher, dass alle erforderlichen Spitznamen oder IDs im Men\u00fc vorhanden sind (5), und wenn alles bereit ist, klicken Sie auf \u201eOK\u201c unten rechts im Fenster (6).<\/p>\n\n\n\n<figure class=\"wp-block-image size-full\"><img loading=\"lazy\" decoding=\"async\" width=\"808\" height=\"826\" src=\"http:\/\/hand2noteguide.com\/wp-content\/uploads\/2025\/04\/alias-2.jpg\" alt=\"\" class=\"wp-image-10121\" srcset=\"https:\/\/hand2noteguide.com\/wp-content\/uploads\/2025\/04\/alias-2.jpg 808w, https:\/\/hand2noteguide.com\/wp-content\/uploads\/2025\/04\/alias-2-293x300.jpg 293w, https:\/\/hand2noteguide.com\/wp-content\/uploads\/2025\/04\/alias-2-768x785.jpg 768w, https:\/\/hand2noteguide.com\/wp-content\/uploads\/2025\/04\/alias-2-772x789.jpg 772w, https:\/\/hand2noteguide.com\/wp-content\/uploads\/2025\/04\/alias-2-610x624.jpg 610w\" sizes=\"auto, (max-width: 808px) 100vw, 808px\" \/><\/figure>\n\n\n\n<h3 class=\"wp-block-heading\">Erweiterte Methode: Erstellen von Aliases f\u00fcr Spieler mit bestimmten Statistiken<\/h3>\n\n\n\n<p>Mit der <a href=\"https:\/\/hand2noteguide.com\/de\/user-manual\/the-multiple-players-tool-in-hand2note-range-research\/\">Multiple Player Reports<\/a>-Funktion von Hand2Note k\u00f6nnen Sie schnell einen Alias von Spielern erstellen, die bestimmten von Ihnen festgelegten Filtern entsprechen. Sie k\u00f6nnen dies tun, um bestimmte Gruppen von Gegnern zu analysieren und eine exploitative Strategie gegen sie zu entwickeln.<\/p>\n\n\n\n<h2 class=\"wp-block-heading\">Verwendung eines Alias<\/h2>\n\n\n\n<p>Um die Daten eines fertigen Alias im \u201e<a href=\"https:\/\/hand2noteguide.com\/de\/user-manual\/hand2note-report-menu\/\">Reports<\/a>\u201c-Tab anzusehen, klicken Sie auf das Symbol des Spielers (1), und dann k\u00f6nnen Sie ihn in der Dropdown-Liste finden (2); durch Klicken auf ihn sehen Sie den ben\u00f6tigten Bericht:<\/p>\n\n\n\n<figure class=\"wp-block-image size-large\"><img loading=\"lazy\" decoding=\"async\" width=\"1024\" height=\"551\" src=\"http:\/\/hand2noteguide.com\/wp-content\/uploads\/2025\/04\/alias-3-1024x551.jpg\" alt=\"\" class=\"wp-image-10122\" srcset=\"https:\/\/hand2noteguide.com\/wp-content\/uploads\/2025\/04\/alias-3-1024x551.jpg 1024w, https:\/\/hand2noteguide.com\/wp-content\/uploads\/2025\/04\/alias-3-300x161.jpg 300w, https:\/\/hand2noteguide.com\/wp-content\/uploads\/2025\/04\/alias-3-768x413.jpg 768w, https:\/\/hand2noteguide.com\/wp-content\/uploads\/2025\/04\/alias-3-1536x827.jpg 1536w, https:\/\/hand2noteguide.com\/wp-content\/uploads\/2025\/04\/alias-3-772x415.jpg 772w, https:\/\/hand2noteguide.com\/wp-content\/uploads\/2025\/04\/alias-3-624x336.jpg 624w, https:\/\/hand2noteguide.com\/wp-content\/uploads\/2025\/04\/alias-3.jpg 1600w\" sizes=\"auto, (max-width: 1024px) 100vw, 1024px\" \/><\/figure>\n\n\n\n<p>Um die Daten eines fertigen Alias im \u201eStatistics\u201c-Tab anzusehen, klicken Sie auf das Symbol des Spielers (1), und in der Dropdown-Liste (2) k\u00f6nnen Sie ihn finden; durch Klicken auf ihn sehen Sie die ben\u00f6tigten Statistiken:<\/p>\n\n\n\n<figure class=\"wp-block-image size-large\"><img loading=\"lazy\" decoding=\"async\" width=\"1024\" height=\"564\" src=\"http:\/\/hand2noteguide.com\/wp-content\/uploads\/2025\/04\/alias-4-1024x564.jpg\" alt=\"\" class=\"wp-image-10123\" srcset=\"https:\/\/hand2noteguide.com\/wp-content\/uploads\/2025\/04\/alias-4-1024x564.jpg 1024w, https:\/\/hand2noteguide.com\/wp-content\/uploads\/2025\/04\/alias-4-300x165.jpg 300w, https:\/\/hand2noteguide.com\/wp-content\/uploads\/2025\/04\/alias-4-768x423.jpg 768w, https:\/\/hand2noteguide.com\/wp-content\/uploads\/2025\/04\/alias-4-1536x847.jpg 1536w, https:\/\/hand2noteguide.com\/wp-content\/uploads\/2025\/04\/alias-4-772x426.jpg 772w, https:\/\/hand2noteguide.com\/wp-content\/uploads\/2025\/04\/alias-4-624x344.jpg 624w, https:\/\/hand2noteguide.com\/wp-content\/uploads\/2025\/04\/alias-4.jpg 1600w\" sizes=\"auto, (max-width: 1024px) 100vw, 1024px\" \/><\/figure>\n\n\n\n<p>Um die Daten eines fertigen Alias im \u201eSessions\u201c-Tab anzusehen, klicken Sie auf das Symbol des Spielers (1), und in der Dropdown-Liste (2) k\u00f6nnen Sie ihn finden; durch Klicken auf ihn sehen Sie die ben\u00f6tigten Sessions:<\/p>\n\n\n\n<figure class=\"wp-block-image size-large\"><img loading=\"lazy\" decoding=\"async\" width=\"1024\" height=\"577\" src=\"http:\/\/hand2noteguide.com\/wp-content\/uploads\/2025\/04\/alias-5-1024x577.jpg\" alt=\"\" class=\"wp-image-10124\" srcset=\"https:\/\/hand2noteguide.com\/wp-content\/uploads\/2025\/04\/alias-5-1024x577.jpg 1024w, https:\/\/hand2noteguide.com\/wp-content\/uploads\/2025\/04\/alias-5-300x169.jpg 300w, https:\/\/hand2noteguide.com\/wp-content\/uploads\/2025\/04\/alias-5-768x433.jpg 768w, https:\/\/hand2noteguide.com\/wp-content\/uploads\/2025\/04\/alias-5-1536x866.jpg 1536w, https:\/\/hand2noteguide.com\/wp-content\/uploads\/2025\/04\/alias-5-772x435.jpg 772w, https:\/\/hand2noteguide.com\/wp-content\/uploads\/2025\/04\/alias-5-624x352.jpg 624w, https:\/\/hand2noteguide.com\/wp-content\/uploads\/2025\/04\/alias-5.jpg 1600w\" sizes=\"auto, (max-width: 1024px) 100vw, 1024px\" \/><\/figure>\n\n\n\n<h2 class=\"wp-block-heading\">Fazit<\/h2>\n\n\n\n<p>Nun wissen Sie, wie man Aliases erstellt und eine umfassendere Analyse Ihrer eigenen Ergebnisse sowie der Ergebnisse anderer Spieler durchf\u00fchrt. Dies wird wiederum, bei richtiger Herangehensweise, einen positiven Einfluss auf Ihr $\/Stunde haben.<\/p>\n","protected":false},"excerpt":{"rendered":"<p>Aliases erm\u00f6glichen es Ihnen, gespielte H\u00e4nde von mehreren Konten (Spitznamen\/IDs) zusammenzuf\u00fchren, um alle ihre Ergebnisse, Sessions und Statistiken in einem einzigen Spielerformat darzustellen. Diese Funktion ist n\u00fctzlich, wenn: Erstellen eines Alias Die Hauptregel: Bevor Sie einen Alias erstellen, muss mindestens eine Hand von dem Konto (Spitzname\/ID), das dem Alias hinzugef\u00fcgt werden soll, mit aktiviertem Hand2Note &hellip; <a href=\"https:\/\/hand2noteguide.com\/de\/user-manual\/creating-and-using-aliases-in-hand2note\/\" class=\"more-link\">Continue reading <span class=\"screen-reader-text\">Erstellen und Verwenden von Aliases in Hand2Note<\/span><\/a><\/p>\n","protected":false},"author":3,"featured_media":10119,"parent":9199,"menu_order":0,"comment_status":"closed","ping_status":"closed","template":"","meta":{"footnotes":""},"class_list":["post-9238","page","type-page","status-publish","has-post-thumbnail","hentry"],"translation":{"provider":"WPGlobus","version":"3.0.2","language":"de","enabled_languages":["en","ru","pt","zh","es","fr","de","it","ja"],"languages":{"en":{"title":true,"content":true,"excerpt":false},"ru":{"title":true,"content":true,"excerpt":false},"pt":{"title":true,"content":true,"excerpt":false},"zh":{"title":true,"content":true,"excerpt":false},"es":{"title":true,"content":true,"excerpt":false},"fr":{"title":true,"content":true,"excerpt":false},"de":{"title":true,"content":true,"excerpt":false},"it":{"title":true,"content":true,"excerpt":false},"ja":{"title":true,"content":true,"excerpt":false}}},"yoast_head":"<!-- This site is optimized with the Yoast SEO plugin v27.0 - https:\/\/yoast.com\/product\/yoast-seo-wordpress\/ -->\n<title>Erstellen und Verwenden von Aliases in Hand2Note<\/title>\n<meta name=\"description\" content=\"Erfahren Sie, wie Sie in Hand2Note Aliases erstellen und verwenden, um die Daten mehrerer Konten f\u00fcr eine bessere Pokeranalyse, Gegnerverfolgung und Coaching-Einblicke zusammenzuf\u00fchren.\" \/>\n<meta name=\"robots\" content=\"index, follow, max-snippet:-1, max-image-preview:large, max-video-preview:-1\" \/>\n<link rel=\"canonical\" href=\"https:\/\/hand2noteguide.com\/user-manual\/creating-and-using-aliases-in-hand2note\/\" \/>\n<meta property=\"og:locale\" content=\"de_DE\" \/>\n<meta property=\"og:type\" content=\"article\" \/>\n<meta property=\"og:title\" content=\"Erstellen und Verwenden von Aliases in Hand2Note\" \/>\n<meta property=\"og:description\" content=\"Erfahren Sie, wie Sie in Hand2Note Aliases erstellen und verwenden, um die Daten mehrerer Konten f\u00fcr eine bessere Pokeranalyse, Gegnerverfolgung und Coaching-Einblicke zusammenzuf\u00fchren.\" \/>\n<meta property=\"og:url\" content=\"https:\/\/hand2noteguide.com\/user-manual\/creating-and-using-aliases-in-hand2note\/\" \/>\n<meta property=\"og:site_name\" content=\"Hand2Note Guide\" \/>\n<meta property=\"article:modified_time\" content=\"2026-03-10T08:10:12+00:00\" \/>\n<meta property=\"og:image\" content=\"https:\/\/hand2noteguide.com\/wp-content\/uploads\/2025\/04\/hand2note-alias.jpg\" \/>\n\t<meta property=\"og:image:width\" content=\"1600\" \/>\n\t<meta property=\"og:image:height\" content=\"933\" \/>\n\t<meta property=\"og:image:type\" content=\"image\/jpeg\" \/>\n<meta name=\"twitter:card\" content=\"summary_large_image\" \/>\n<meta name=\"twitter:label1\" content=\"Est. reading time\" \/>\n\t<meta name=\"twitter:data1\" content=\"17 minutes\" \/>\n<!-- \/ Yoast SEO plugin. -->","yoast_head_json":{"title":"Erstellen und Verwenden von Aliases in Hand2Note","description":"Erfahren Sie, wie Sie in Hand2Note Aliases erstellen und verwenden, um die Daten mehrerer Konten f\u00fcr eine bessere Pokeranalyse, Gegnerverfolgung und Coaching-Einblicke zusammenzuf\u00fchren.","robots":{"index":"index","follow":"follow","max-snippet":"max-snippet:-1","max-image-preview":"max-image-preview:large","max-video-preview":"max-video-preview:-1"},"canonical":"https:\/\/hand2noteguide.com\/user-manual\/creating-and-using-aliases-in-hand2note\/","og_locale":"de_DE","og_type":"article","og_title":"Erstellen und Verwenden von Aliases in Hand2Note","og_description":"Erfahren Sie, wie Sie in Hand2Note Aliases erstellen und verwenden, um die Daten mehrerer Konten f\u00fcr eine bessere Pokeranalyse, Gegnerverfolgung und Coaching-Einblicke zusammenzuf\u00fchren.","og_url":"https:\/\/hand2noteguide.com\/user-manual\/creating-and-using-aliases-in-hand2note\/","og_site_name":"Hand2Note Guide","article_modified_time":"2026-03-10T08:10:12+00:00","og_image":[{"width":1600,"height":933,"url":"https:\/\/hand2noteguide.com\/wp-content\/uploads\/2025\/04\/hand2note-alias.jpg","type":"image\/jpeg"}],"twitter_card":"summary_large_image","twitter_misc":{"Est. reading time":"17 minutes"},"schema":{"@context":"https:\/\/schema.org","@graph":[]}},"jetpack_sharing_enabled":true,"_links":{"self":[{"href":"https:\/\/hand2noteguide.com\/de\/wp-json\/wp\/v2\/pages\/9238","targetHints":{"allow":["GET"]}}],"collection":[{"href":"https:\/\/hand2noteguide.com\/de\/wp-json\/wp\/v2\/pages"}],"about":[{"href":"https:\/\/hand2noteguide.com\/de\/wp-json\/wp\/v2\/types\/page"}],"author":[{"embeddable":true,"href":"https:\/\/hand2noteguide.com\/de\/wp-json\/wp\/v2\/users\/3"}],"replies":[{"embeddable":true,"href":"https:\/\/hand2noteguide.com\/de\/wp-json\/wp\/v2\/comments?post=9238"}],"version-history":[{"count":21,"href":"https:\/\/hand2noteguide.com\/de\/wp-json\/wp\/v2\/pages\/9238\/revisions"}],"predecessor-version":[{"id":15609,"href":"https:\/\/hand2noteguide.com\/de\/wp-json\/wp\/v2\/pages\/9238\/revisions\/15609"}],"up":[{"embeddable":true,"href":"https:\/\/hand2noteguide.com\/de\/wp-json\/wp\/v2\/pages\/9199"}],"wp:featuredmedia":[{"embeddable":true,"href":"https:\/\/hand2noteguide.com\/de\/wp-json\/wp\/v2\/media\/10119"}],"wp:attachment":[{"href":"https:\/\/hand2noteguide.com\/de\/wp-json\/wp\/v2\/media?parent=9238"}],"curies":[{"name":"wp","href":"https:\/\/api.w.org\/{rel}","templated":true}]}}