{"id":9242,"date":"2025-03-15T17:26:53","date_gmt":"2025-03-15T14:26:53","guid":{"rendered":"https:\/\/hand2noteguide.com\/?page_id=9242"},"modified":"2026-03-10T11:11:04","modified_gmt":"2026-03-10T08:11:04","slug":"export-import-aliases-in-hand2note","status":"publish","type":"page","link":"https:\/\/hand2noteguide.com\/de\/user-manual\/export-import-aliases-in-hand2note\/","title":{"rendered":"Export\/Import von Aliases in Hand2Note"},"content":{"rendered":"\n<p>Hand2Note erm\u00f6glicht es Ihnen, <a href=\"https:\/\/hand2noteguide.com\/de\/user-manual\/creating-and-using-aliases-in-hand2note\/\">Aliases<\/a> \u00fcber Textdateien zu exportieren und zu importieren, was den Prozess ihrer Erstellung oder \u00dcbertragung von einem Hand2Note zu einem anderen erheblich vereinfacht.<\/p>\n\n\n\n<div class=\"wp-block-group is-vertical is-content-justification-left is-layout-flex wp-container-core-group-is-layout-c0ca7d81 wp-block-group-is-layout-flex\">\n<p>Diese Funktionen sind n\u00fctzlich:<\/p>\n\n\n\n<div class=\"wp-block-group\"><div class=\"wp-block-group__inner-container is-layout-constrained wp-block-group-is-layout-constrained\">\n<ul class=\"wp-block-list\">\n<li>f\u00fcr Trainer oder Fonds, die das Spiel ihrer Sch\u00fcler mithilfe von Aliases analysieren, da deren manuelle Erstellung zeitaufwendig ist. Export und Import automatisieren diese Schritte teilweise;<\/li>\n\n\n\n<li>f\u00fcr Spieler, die ihre Hand2Note-Einstellungen auf ein neues Ger\u00e4t \u00fcbertragen und auch einen Alias-Transfer durchf\u00fchren m\u00f6chten.<\/li>\n<\/ul>\n<\/div><\/div>\n<\/div>\n\n\n\n<p>Export- und Importfunktionen sind schwer vollst\u00e4ndig zu sch\u00e4tzen, da es nicht nur ein Prozess der Automatisierung der Erstellung und Eingabe von Aliases ist, sondern auch deren Bearbeitung, Zusammenf\u00fchrung, Aufteilung und viele andere Funktionen erleichtert, die \u00fcber Textdateien viel einfacher durchzuf\u00fchren sind als manuell in der Hand2Note-Umgebung.<\/p>\n\n\n\n<h2 class=\"wp-block-heading\">Erstellen einer Alias-Textdatei<\/h2>\n\n\n\n<div class=\"wp-block-group\"><div class=\"wp-block-group__inner-container is-layout-constrained wp-block-group-is-layout-constrained\">\n<p>1) Erstellen Sie eine leere Textdatei auf Ihrem Desktop: Klicken Sie mit der rechten Maustaste auf einen freien Bereich Ihres Desktops und w\u00e4hlen Sie \u201eNeu &#8211; Textdokument\u201c:<\/p>\n\n\n\n<figure class=\"wp-block-image size-large\"><img loading=\"lazy\" decoding=\"async\" width=\"1024\" height=\"891\" src=\"http:\/\/hand2noteguide.com\/wp-content\/uploads\/2025\/04\/ex1-1024x891.jpg\" alt=\"\" class=\"wp-image-10130\" srcset=\"https:\/\/hand2noteguide.com\/wp-content\/uploads\/2025\/04\/ex1-1024x891.jpg 1024w, https:\/\/hand2noteguide.com\/wp-content\/uploads\/2025\/04\/ex1-300x261.jpg 300w, https:\/\/hand2noteguide.com\/wp-content\/uploads\/2025\/04\/ex1-768x668.jpg 768w, https:\/\/hand2noteguide.com\/wp-content\/uploads\/2025\/04\/ex1-772x672.jpg 772w, https:\/\/hand2noteguide.com\/wp-content\/uploads\/2025\/04\/ex1-624x543.jpg 624w, https:\/\/hand2noteguide.com\/wp-content\/uploads\/2025\/04\/ex1.jpg 1246w\" sizes=\"auto, (max-width: 1024px) 100vw, 1024px\" \/><\/figure>\n<\/div><\/div>\n\n\n\n<p><\/p>\n\n\n\n<p>2) Benennen Sie die Textdatei (auf Englisch und ohne Sonderzeichen) und \u00f6ffnen Sie sie; hier erstellen Sie einen Spieler-Alias, indem Sie die Daten jedes Spielers in einer neuen Zeile im folgenden Format eingeben:<\/p>\n\n\n\n<p>ALIAS NAME, SPIELERNAME, NAME DES POKERRAUMS<\/p>\n\n\n\n<p><\/p>\n\n\n\n<p>Im Beispiel auf dem Screenshot unten:<\/p>\n\n\n\n<ul class=\"wp-block-list\">\n<li>ALIAS NAME ist \u201e1\u201c<\/li>\n\n\n\n<li>NAME DES POKERRAUMS ist \u201ePokerStars.\u201c <\/li>\n\n\n\n<li>Komma (\u201e,\u201c) &#8211; fungiert als obligatorischer Trennzeichen zwischen den Eingabedaten <\/li>\n\n\n\n<li>SPIELERNAME &#8211; angegeben zwischen dem Alias-Namen und dem Pokerraum-Namen, getrennt durch Kommas<\/li>\n<\/ul>\n\n\n\n<figure class=\"wp-block-image size-large\"><img loading=\"lazy\" decoding=\"async\" width=\"1024\" height=\"852\" src=\"http:\/\/hand2noteguide.com\/wp-content\/uploads\/2025\/04\/ex2-1024x852.jpg\" alt=\"\" class=\"wp-image-10131\" srcset=\"https:\/\/hand2noteguide.com\/wp-content\/uploads\/2025\/04\/ex2-1024x852.jpg 1024w, https:\/\/hand2noteguide.com\/wp-content\/uploads\/2025\/04\/ex2-300x250.jpg 300w, https:\/\/hand2noteguide.com\/wp-content\/uploads\/2025\/04\/ex2-768x639.jpg 768w, https:\/\/hand2noteguide.com\/wp-content\/uploads\/2025\/04\/ex2-772x642.jpg 772w, https:\/\/hand2noteguide.com\/wp-content\/uploads\/2025\/04\/ex2-624x519.jpg 624w, https:\/\/hand2noteguide.com\/wp-content\/uploads\/2025\/04\/ex2.jpg 1078w\" sizes=\"auto, (max-width: 1024px) 100vw, 1024px\" \/><\/figure>\n\n\n\n<div class=\"wp-block-group\"><div class=\"wp-block-group__inner-container is-layout-constrained wp-block-group-is-layout-constrained\">\n<p>Eine Liste der beliebtesten Pokerraum-Namen f\u00fcr die Eingabe:<\/p>\n\n\n\n<ul class=\"wp-block-list\">\n<li>PokerStars<\/li>\n\n\n\n<li>Pacific<\/li>\n\n\n\n<li>IPoker<\/li>\n\n\n\n<li>PokerBros<\/li>\n\n\n\n<li>PPPoker<\/li>\n\n\n\n<li>Xpoker<\/li>\n<\/ul>\n<\/div><\/div>\n\n\n\n<p><em>Wenn Sie Ihren gew\u00fcnschten Raum nicht in dieser Liste sehen, fragen Sie bitte den Hand2Note-Kundensupport nach dem korrekten Namen und vergessen Sie nicht anzugeben, dass es f\u00fcr die Erstellung einer Alias-Textdatei notwendig ist.<\/em><\/p>\n\n\n\n<p><\/p>\n\n\n\n<p>3) Nachdem Sie alle Daten eingegeben haben &#8211; speichern Sie die Textdatei an einem geeigneten Ort mit der \u201eCSV\u201c (.csv) Erweiterung. Dies kann durch Bearbeiten des Endes im Dateinamen erfolgen &#8211; nach dem Punkt von \u201e.txt\u201c zu \u201e.csv\u201c und speichern Sie diese \u00c4nderung.<\/p>\n\n\n\n<figure class=\"wp-block-image size-full\"><img loading=\"lazy\" decoding=\"async\" width=\"435\" height=\"105\" src=\"http:\/\/hand2noteguide.com\/wp-content\/uploads\/2025\/04\/ex3.jpg\" alt=\"\" class=\"wp-image-10132\" srcset=\"https:\/\/hand2noteguide.com\/wp-content\/uploads\/2025\/04\/ex3.jpg 435w, https:\/\/hand2noteguide.com\/wp-content\/uploads\/2025\/04\/ex3-300x72.jpg 300w\" sizes=\"auto, (max-width: 435px) 100vw, 435px\" \/><\/figure>\n\n\n\n<p>4) Laden Sie die erstellte Alias-Textdatei in Hand2Note.<br>\u00d6ffnen Sie dazu \u201eConfiguration\u201c im Hauptfenster von Hand2Note, gehen Sie dann zum \u201eAliases\u201c-Tab und klicken Sie auf \u201e+ Import From CSV\u201c, und im ge\u00f6ffneten Dateisuchmen\u00fc finden Sie die von Ihnen erstellte Alias-Textdatei und w\u00e4hlen Sie sie aus.<br><\/p>\n\n\n\n<figure class=\"wp-block-image size-large\"><img loading=\"lazy\" decoding=\"async\" width=\"1024\" height=\"551\" src=\"http:\/\/hand2noteguide.com\/wp-content\/uploads\/2025\/04\/ex4-1024x551.jpg\" alt=\"\" class=\"wp-image-10133\" srcset=\"https:\/\/hand2noteguide.com\/wp-content\/uploads\/2025\/04\/ex4-1024x551.jpg 1024w, https:\/\/hand2noteguide.com\/wp-content\/uploads\/2025\/04\/ex4-300x161.jpg 300w, https:\/\/hand2noteguide.com\/wp-content\/uploads\/2025\/04\/ex4-768x413.jpg 768w, https:\/\/hand2noteguide.com\/wp-content\/uploads\/2025\/04\/ex4-1536x827.jpg 1536w, https:\/\/hand2noteguide.com\/wp-content\/uploads\/2025\/04\/ex4-772x415.jpg 772w, https:\/\/hand2noteguide.com\/wp-content\/uploads\/2025\/04\/ex4-624x336.jpg 624w, https:\/\/hand2noteguide.com\/wp-content\/uploads\/2025\/04\/ex4.jpg 1600w\" sizes=\"auto, (max-width: 1024px) 100vw, 1024px\" \/><\/figure>\n\n\n\n<p>Wenn alles richtig gemacht wurde, erscheint der Alias in der Liste der Aliases und kann \u00fcber das Reports-, Sessions- oder Statistics-Men\u00fc ge\u00f6ffnet und verwendet werden.<\/p>\n\n\n\n<p><br><em>Ein n\u00fctzliches Zusatz:<br><br>Unmittelbar vor dem Hochladen zu Hand2Note &#8211; Sie k\u00f6nnen auch Text-\u201eCSV\u201c-Dateien mit einem Tabelleneditor wie \u201eMicrosoft Excel\u201c bearbeiten sowie sie mit einigen neuronalen Netzwerken erstellen oder bearbeiten. Dies vereinfacht und erweitert die M\u00f6glichkeiten der Analyse, Strukturierung und Bearbeitung von Daten innerhalb der Datei erheblich; das Wichtigste ist, strikt das Datenformat einzuhalten: <\/em><\/p>\n\n\n\n<p><em>ALIAS NAME, SPIELERNAME, NAME DES POKERRAUMS.<\/em><\/p>\n\n\n\n<h2 class=\"wp-block-heading\">Exportieren eines Alias in eine Textdatei<\/h2>\n\n\n\n<p>Um Aliases aus Hand2Note zu exportieren &#8211; \u00f6ffnen Sie im Hauptfenster von Hand2Note \u201eConfiguration\u201c, gehen Sie dann zum \u201eAliases\u201c-Tab und klicken Sie auf \u201e+ Export to CSV\u2026\u201c:<\/p>\n\n\n\n<figure class=\"wp-block-image size-large\"><img loading=\"lazy\" decoding=\"async\" width=\"1024\" height=\"545\" src=\"http:\/\/hand2noteguide.com\/wp-content\/uploads\/2025\/04\/ex5-1024x545.jpg\" alt=\"\" class=\"wp-image-10134\" srcset=\"https:\/\/hand2noteguide.com\/wp-content\/uploads\/2025\/04\/ex5-1024x545.jpg 1024w, https:\/\/hand2noteguide.com\/wp-content\/uploads\/2025\/04\/ex5-300x160.jpg 300w, https:\/\/hand2noteguide.com\/wp-content\/uploads\/2025\/04\/ex5-768x409.jpg 768w, https:\/\/hand2noteguide.com\/wp-content\/uploads\/2025\/04\/ex5-1536x818.jpg 1536w, https:\/\/hand2noteguide.com\/wp-content\/uploads\/2025\/04\/ex5-772x411.jpg 772w, https:\/\/hand2noteguide.com\/wp-content\/uploads\/2025\/04\/ex5-624x332.jpg 624w, https:\/\/hand2noteguide.com\/wp-content\/uploads\/2025\/04\/ex5.jpg 1600w\" sizes=\"auto, (max-width: 1024px) 100vw, 1024px\" \/><\/figure>\n\n\n\n<p><br>Geben Sie danach den Speicherort an und benennen Sie die Datei, die gespeichert werden soll.<\/p>\n\n\n\n<h2 class=\"wp-block-heading\">Abschlie\u00dfend:<\/h2>\n\n\n\n<p>Haben Sie keine Angst zu experimentieren &#8211; das Erstellen, Exportieren und Importieren von Aliases innerhalb gro\u00dfer Stiftungen oder gro\u00dfer Spielergruppen ist eine \u00e4u\u00dferst wichtige und n\u00fctzliche F\u00e4higkeit, die umfangreiche M\u00f6glichkeiten bietet, Spieler zu analysieren, zu gruppieren, zu filtern und zu bewerten &#8211; in einem Gruppenformat. Dies kann die Informationen, die Sie erhalten, erheblich erleichtern, erweitern und systematisieren.<\/p>\n","protected":false},"excerpt":{"rendered":"<p>Hand2Note erm\u00f6glicht es Ihnen, Aliases \u00fcber Textdateien zu exportieren und zu importieren, was den Prozess ihrer Erstellung oder \u00dcbertragung von einem Hand2Note zu einem anderen erheblich vereinfacht. Diese Funktionen sind n\u00fctzlich: Export- und Importfunktionen sind schwer vollst\u00e4ndig zu sch\u00e4tzen, da es nicht nur ein Prozess der Automatisierung der Erstellung und Eingabe von Aliases ist, sondern &hellip; <a href=\"https:\/\/hand2noteguide.com\/de\/user-manual\/export-import-aliases-in-hand2note\/\" class=\"more-link\">Continue reading <span class=\"screen-reader-text\">Export\/Import von Aliases in Hand2Note<\/span><\/a><\/p>\n","protected":false},"author":3,"featured_media":10129,"parent":9199,"menu_order":0,"comment_status":"closed","ping_status":"closed","template":"","meta":{"footnotes":""},"class_list":["post-9242","page","type-page","status-publish","has-post-thumbnail","hentry"],"translation":{"provider":"WPGlobus","version":"3.0.2","language":"de","enabled_languages":["en","ru","pt","zh","es","fr","de","it","ja"],"languages":{"en":{"title":true,"content":true,"excerpt":false},"ru":{"title":true,"content":true,"excerpt":false},"pt":{"title":true,"content":true,"excerpt":false},"zh":{"title":true,"content":true,"excerpt":false},"es":{"title":true,"content":true,"excerpt":false},"fr":{"title":true,"content":true,"excerpt":false},"de":{"title":true,"content":true,"excerpt":false},"it":{"title":true,"content":true,"excerpt":false},"ja":{"title":true,"content":true,"excerpt":false}}},"yoast_head":"<!-- This site is optimized with the Yoast SEO plugin v27.0 - https:\/\/yoast.com\/product\/yoast-seo-wordpress\/ -->\n<title>Export\/Import von Aliases in Hand2Note<\/title>\n<meta name=\"description\" content=\"Erfahren Sie, wie Sie Spieler-Alias-Dateien in Hand2Note erstellen, bearbeiten, importieren und exportieren, indem Sie das CSV-Format f\u00fcr eine effiziente Spielergruppierung und -analyse nutzen.\" \/>\n<meta name=\"robots\" content=\"index, follow, max-snippet:-1, max-image-preview:large, max-video-preview:-1\" \/>\n<link rel=\"canonical\" href=\"https:\/\/hand2noteguide.com\/user-manual\/export-import-aliases-in-hand2note\/\" \/>\n<meta property=\"og:locale\" content=\"de_DE\" \/>\n<meta property=\"og:type\" content=\"article\" \/>\n<meta property=\"og:title\" content=\"Export\/Import von Aliases in Hand2Note\" \/>\n<meta property=\"og:description\" content=\"Erfahren Sie, wie Sie Spieler-Alias-Dateien in Hand2Note erstellen, bearbeiten, importieren und exportieren, indem Sie das CSV-Format f\u00fcr eine effiziente Spielergruppierung und -analyse nutzen.\" \/>\n<meta property=\"og:url\" content=\"https:\/\/hand2noteguide.com\/user-manual\/export-import-aliases-in-hand2note\/\" \/>\n<meta property=\"og:site_name\" content=\"Hand2Note Guide\" \/>\n<meta property=\"article:modified_time\" content=\"2026-03-10T08:11:04+00:00\" \/>\n<meta property=\"og:image\" content=\"https:\/\/hand2noteguide.com\/wp-content\/uploads\/2025\/04\/export-import-aliases.jpg\" \/>\n\t<meta property=\"og:image:width\" content=\"1600\" \/>\n\t<meta property=\"og:image:height\" content=\"1600\" \/>\n\t<meta property=\"og:image:type\" content=\"image\/jpeg\" \/>\n<meta name=\"twitter:card\" content=\"summary_large_image\" \/>\n<meta name=\"twitter:label1\" content=\"Est. reading time\" \/>\n\t<meta name=\"twitter:data1\" content=\"21 minutes\" \/>\n<!-- \/ Yoast SEO plugin. -->","yoast_head_json":{"title":"Export\/Import von Aliases in Hand2Note","description":"Erfahren Sie, wie Sie Spieler-Alias-Dateien in Hand2Note erstellen, bearbeiten, importieren und exportieren, indem Sie das CSV-Format f\u00fcr eine effiziente Spielergruppierung und -analyse nutzen.","robots":{"index":"index","follow":"follow","max-snippet":"max-snippet:-1","max-image-preview":"max-image-preview:large","max-video-preview":"max-video-preview:-1"},"canonical":"https:\/\/hand2noteguide.com\/user-manual\/export-import-aliases-in-hand2note\/","og_locale":"de_DE","og_type":"article","og_title":"Export\/Import von Aliases in Hand2Note","og_description":"Erfahren Sie, wie Sie Spieler-Alias-Dateien in Hand2Note erstellen, bearbeiten, importieren und exportieren, indem Sie das CSV-Format f\u00fcr eine effiziente Spielergruppierung und -analyse nutzen.","og_url":"https:\/\/hand2noteguide.com\/user-manual\/export-import-aliases-in-hand2note\/","og_site_name":"Hand2Note Guide","article_modified_time":"2026-03-10T08:11:04+00:00","og_image":[{"width":1600,"height":1600,"url":"https:\/\/hand2noteguide.com\/wp-content\/uploads\/2025\/04\/export-import-aliases.jpg","type":"image\/jpeg"}],"twitter_card":"summary_large_image","twitter_misc":{"Est. reading time":"21 minutes"},"schema":{"@context":"https:\/\/schema.org","@graph":[]}},"jetpack_sharing_enabled":true,"_links":{"self":[{"href":"https:\/\/hand2noteguide.com\/de\/wp-json\/wp\/v2\/pages\/9242","targetHints":{"allow":["GET"]}}],"collection":[{"href":"https:\/\/hand2noteguide.com\/de\/wp-json\/wp\/v2\/pages"}],"about":[{"href":"https:\/\/hand2noteguide.com\/de\/wp-json\/wp\/v2\/types\/page"}],"author":[{"embeddable":true,"href":"https:\/\/hand2noteguide.com\/de\/wp-json\/wp\/v2\/users\/3"}],"replies":[{"embeddable":true,"href":"https:\/\/hand2noteguide.com\/de\/wp-json\/wp\/v2\/comments?post=9242"}],"version-history":[{"count":33,"href":"https:\/\/hand2noteguide.com\/de\/wp-json\/wp\/v2\/pages\/9242\/revisions"}],"predecessor-version":[{"id":15610,"href":"https:\/\/hand2noteguide.com\/de\/wp-json\/wp\/v2\/pages\/9242\/revisions\/15610"}],"up":[{"embeddable":true,"href":"https:\/\/hand2noteguide.com\/de\/wp-json\/wp\/v2\/pages\/9199"}],"wp:featuredmedia":[{"embeddable":true,"href":"https:\/\/hand2noteguide.com\/de\/wp-json\/wp\/v2\/media\/10129"}],"wp:attachment":[{"href":"https:\/\/hand2noteguide.com\/de\/wp-json\/wp\/v2\/media?parent=9242"}],"curies":[{"name":"wp","href":"https:\/\/api.w.org\/{rel}","templated":true}]}}