{"id":9263,"date":"2025-03-19T18:08:46","date_gmt":"2025-03-19T15:08:46","guid":{"rendered":"https:\/\/hand2noteguide.com\/?page_id=9263"},"modified":"2026-03-10T11:11:49","modified_gmt":"2026-03-10T08:11:49","slug":"currency-display-settings-in-hand2note","status":"publish","type":"page","link":"https:\/\/hand2noteguide.com\/de\/user-manual\/currency-display-settings-in-hand2note\/","title":{"rendered":"W\u00e4hrungseinstellungen in Hand2Note"},"content":{"rendered":"\n<p>Hand2Note erm\u00f6glicht es Ihnen, feine W\u00e4hrungseinstellungen vorzunehmen, die die Anzeige von Gewinn oder Verlust in Reports und Sessions beeinflussen.<\/p>\n\n\n\n<h2 class=\"wp-block-heading\">Beim Spielen in mehreren Poker-Apps werden Gewinn oder Verlust m\u00f6glicherweise nicht korrekt angezeigt<\/h2>\n\n\n\n<p>Zum Beispiel, wenn Sie einige Anwendungen haben, die Daten durch den Auto-Import von H\u00e4nden in USD ($) W\u00e4hrung \u00fcbertragen und andere in CNY (\u00a5) W\u00e4hrung; gleichzeitig sind alle gespielten Konten im gleichen Alias.<\/p>\n\n\n\n<p>Au\u00dferdem wissen Sie zuverl\u00e4ssig, dass Anwendungen, die Spieldaten \u00fcber den Auto-Import in CNY (\u00a5) W\u00e4hrung bereitstellen, tats\u00e4chlich nicht CNY (\u00a5) W\u00e4hrung, sondern USD ($) W\u00e4hrung im Verh\u00e4ltnis 1:1 meinen.<\/p>\n\n\n\n<p>Wenn Sie keine W\u00e4hrungsanpassungen vorgenommen haben, sehen Ihre Daten so aus:<\/p>\n\n\n\n<figure class=\"wp-block-image size-full\"><img loading=\"lazy\" decoding=\"async\" width=\"812\" height=\"785\" src=\"http:\/\/hand2noteguide.com\/wp-content\/uploads\/2025\/04\/currency-2.jpg\" alt=\"\" class=\"wp-image-10142\" srcset=\"https:\/\/hand2noteguide.com\/wp-content\/uploads\/2025\/04\/currency-2.jpg 812w, https:\/\/hand2noteguide.com\/wp-content\/uploads\/2025\/04\/currency-2-300x290.jpg 300w, https:\/\/hand2noteguide.com\/wp-content\/uploads\/2025\/04\/currency-2-768x742.jpg 768w, https:\/\/hand2noteguide.com\/wp-content\/uploads\/2025\/04\/currency-2-772x746.jpg 772w, https:\/\/hand2noteguide.com\/wp-content\/uploads\/2025\/04\/currency-2-624x603.jpg 624w\" sizes=\"auto, (max-width: 812px) 100vw, 812px\" \/><\/figure>\n\n\n\n<p>Wo unter \u201e1\u201c die Ergebnisse von In-App-Konten mit USD ($) W\u00e4hrung hervorgehoben sind und unter \u201e2\u201c die Ergebnisse von In-App-Konten mit CNY (\u00a5) W\u00e4hrung.<\/p>\n\n\n\n<p>Werfen Sie einen genaueren Blick auf den \u201eResults\u201c-Tab &#8211; die \u201eWon\u201c-Spalte enth\u00e4lt Daten zu verschiedenen W\u00e4hrungen, die durch die Grundeinstellungen von H2N zum Weltwechselkurs von CNY (\u00a5) W\u00e4hrung in USD ($) W\u00e4hrung umgerechnet werden und zusammengefasste Informationen in dieser Spalte unten in der \u201eSummary\u201c-Zeile geben.<\/p>\n\n\n\n<p>Da Sie wissen, dass das Spiel in Anwendungen mit CNY (\u00a5) W\u00e4hrung f\u00fcr Sie tats\u00e4chlich in USD ($) W\u00e4hrung im Verh\u00e4ltnis 1:1 berechnet wird, ist diese Art von Einstellungen nicht geeignet, da die Informationen in der \u201eSummary\u201c-Zeile aufgrund der Umrechnung zum f\u00fcr Sie falschen Kurs nicht korrekt sind.<\/p>\n\n\n\n<h2 class=\"wp-block-heading\">F\u00fcr die korrekte Anzeige von Gewinn oder Verlust m\u00fcssen Sie die W\u00e4hrungen einstellen<\/h2>\n\n\n\n<p>Gehen Sie zu \u201eConfiguration\u201c, dann zu \u201eCurrencies\u201c und deaktivieren Sie \u201eAuto fetch from a stock exchange\u201c. Danach finden Sie die Spalte mit dem erforderlichen W\u00e4hrungskurs (zum Beispiel: \u201eUSD\/CNY\u201c) und \u00e4ndern ihn auf das erforderliche Verh\u00e4ltnis (zum Beispiel: 1:1, d.h. auf den Wert \u201e1\u201c).<\/p>\n\n\n\n<figure class=\"wp-block-image size-large\"><img loading=\"lazy\" decoding=\"async\" width=\"1024\" height=\"576\" src=\"http:\/\/hand2noteguide.com\/wp-content\/uploads\/2025\/04\/currency-3-1024x576.jpg\" alt=\"\" class=\"wp-image-10143\" srcset=\"https:\/\/hand2noteguide.com\/wp-content\/uploads\/2025\/04\/currency-3-1024x576.jpg 1024w, https:\/\/hand2noteguide.com\/wp-content\/uploads\/2025\/04\/currency-3-300x169.jpg 300w, https:\/\/hand2noteguide.com\/wp-content\/uploads\/2025\/04\/currency-3-768x432.jpg 768w, https:\/\/hand2noteguide.com\/wp-content\/uploads\/2025\/04\/currency-3-1536x864.jpg 1536w, https:\/\/hand2noteguide.com\/wp-content\/uploads\/2025\/04\/currency-3-772x434.jpg 772w, https:\/\/hand2noteguide.com\/wp-content\/uploads\/2025\/04\/currency-3-624x351.jpg 624w, https:\/\/hand2noteguide.com\/wp-content\/uploads\/2025\/04\/currency-3.jpg 1600w\" sizes=\"auto, (max-width: 1024px) 100vw, 1024px\" \/><\/figure>\n\n\n\n<p>Wenn alles korrekt durchgef\u00fchrt wurde, \u00e4ndern sich Ihre Daten zu den aktuellen Daten wie im folgenden Beispiel:<\/p>\n\n\n\n<figure class=\"wp-block-image size-full\"><img loading=\"lazy\" decoding=\"async\" width=\"802\" height=\"784\" src=\"http:\/\/hand2noteguide.com\/wp-content\/uploads\/2025\/04\/currency-4.png\" alt=\"\" class=\"wp-image-10144\" srcset=\"https:\/\/hand2noteguide.com\/wp-content\/uploads\/2025\/04\/currency-4.png 802w, https:\/\/hand2noteguide.com\/wp-content\/uploads\/2025\/04\/currency-4-300x293.png 300w, https:\/\/hand2noteguide.com\/wp-content\/uploads\/2025\/04\/currency-4-768x751.png 768w, https:\/\/hand2noteguide.com\/wp-content\/uploads\/2025\/04\/currency-4-772x755.png 772w, https:\/\/hand2noteguide.com\/wp-content\/uploads\/2025\/04\/currency-4-624x610.png 624w\" sizes=\"auto, (max-width: 802px) 100vw, 802px\" \/><\/figure>\n\n\n\n<h2 class=\"wp-block-heading\">Wenn Sie in verschiedenen Clubs mit unterschiedlichen Chip-Werten spielen, hilft Ihnen die Einstellung \u201eClub Rates\u201c<\/h2>\n\n\n\n<p>Um die W\u00e4hrung korrekt anzuzeigen, wenn Sie in Clubs mit unterschiedlichen Chip-Preisen spielen, m\u00fcssen Sie zu \u201eConfiguration\u201c gehen, dann den \u201eClub Rates\u201c-Tab ausw\u00e4hlen und auf \u201eAdd Club Rates\u201c klicken.<\/p>\n\n\n\n<figure class=\"wp-block-image size-large\"><img loading=\"lazy\" decoding=\"async\" width=\"1024\" height=\"576\" src=\"http:\/\/hand2noteguide.com\/wp-content\/uploads\/2025\/04\/currency-5-1024x576.jpg\" alt=\"\" class=\"wp-image-10145\" srcset=\"https:\/\/hand2noteguide.com\/wp-content\/uploads\/2025\/04\/currency-5-1024x576.jpg 1024w, https:\/\/hand2noteguide.com\/wp-content\/uploads\/2025\/04\/currency-5-300x169.jpg 300w, https:\/\/hand2noteguide.com\/wp-content\/uploads\/2025\/04\/currency-5-768x432.jpg 768w, https:\/\/hand2noteguide.com\/wp-content\/uploads\/2025\/04\/currency-5-1536x864.jpg 1536w, https:\/\/hand2noteguide.com\/wp-content\/uploads\/2025\/04\/currency-5-772x434.jpg 772w, https:\/\/hand2noteguide.com\/wp-content\/uploads\/2025\/04\/currency-5-624x351.jpg 624w, https:\/\/hand2noteguide.com\/wp-content\/uploads\/2025\/04\/currency-5.jpg 1600w\" sizes=\"auto, (max-width: 1024px) 100vw, 1024px\" \/><\/figure>\n\n\n\n<p>W\u00e4hlen Sie im Fenster \u201eEdit Club Rates\u201c die gew\u00fcnschte Anwendung aus dem Dropdown-Men\u00fc \u201ePoker Site\u201c (1), geben Sie die Club-ID f\u00fcr Ihre Anwendung im Feld \u201eClub id\u201c (2) ein und geben Sie gegen\u00fcber im Feld \u201eChip in Usd\u201c (3) den Wert des Chips in USD an (Sie k\u00f6nnen den Wert des Chips mit Ihrem Partnerprogramm oder Agenten \u00fcberpr\u00fcfen, der Zugang zum Spiel in diesem Club bietet). Nachdem Sie auf \u201e+ Add Club Rate\u2026\u201c (4) geklickt haben, wiederholen Sie die Schritte (1), (2) und (3), falls es notwendig ist, den Kurs f\u00fcr andere Clubs anzupassen.<\/p>\n\n\n\n<p>Sobald Sie die Einstellungen abgeschlossen haben, klicken Sie auf \u201eOK\u201c (5).<\/p>\n\n\n\n<figure class=\"wp-block-image size-full\"><img loading=\"lazy\" decoding=\"async\" width=\"359\" height=\"348\" src=\"http:\/\/hand2noteguide.com\/wp-content\/uploads\/2025\/04\/currency-6.jpg\" alt=\"\" class=\"wp-image-10146\" srcset=\"https:\/\/hand2noteguide.com\/wp-content\/uploads\/2025\/04\/currency-6.jpg 359w, https:\/\/hand2noteguide.com\/wp-content\/uploads\/2025\/04\/currency-6-300x291.jpg 300w\" sizes=\"auto, (max-width: 359px) 100vw, 359px\" \/><\/figure>\n\n\n\n<p>Wenn alles korrekt ist, muss Hand2Note neu gestartet werden, damit die \u00c4nderungen wirksam werden und in Reports und Sessions erscheinen.<\/p>\n","protected":false},"excerpt":{"rendered":"<p>Hand2Note erm\u00f6glicht es Ihnen, feine W\u00e4hrungseinstellungen vorzunehmen, die die Anzeige von Gewinn oder Verlust in Reports und Sessions beeinflussen. Beim Spielen in mehreren Poker-Apps werden Gewinn oder Verlust m\u00f6glicherweise nicht korrekt angezeigt Zum Beispiel, wenn Sie einige Anwendungen haben, die Daten durch den Auto-Import von H\u00e4nden in USD ($) W\u00e4hrung \u00fcbertragen und andere in CNY &hellip; <a href=\"https:\/\/hand2noteguide.com\/de\/user-manual\/currency-display-settings-in-hand2note\/\" class=\"more-link\">Continue reading <span class=\"screen-reader-text\">W\u00e4hrungseinstellungen in Hand2Note<\/span><\/a><\/p>\n","protected":false},"author":3,"featured_media":10141,"parent":9199,"menu_order":0,"comment_status":"closed","ping_status":"closed","template":"","meta":{"footnotes":""},"class_list":["post-9263","page","type-page","status-publish","has-post-thumbnail","hentry"],"translation":{"provider":"WPGlobus","version":"3.0.2","language":"de","enabled_languages":["en","ru","pt","zh","es","fr","de","it","ja"],"languages":{"en":{"title":true,"content":true,"excerpt":false},"ru":{"title":true,"content":true,"excerpt":false},"pt":{"title":true,"content":true,"excerpt":false},"zh":{"title":true,"content":true,"excerpt":false},"es":{"title":true,"content":true,"excerpt":false},"fr":{"title":true,"content":true,"excerpt":false},"de":{"title":true,"content":true,"excerpt":false},"it":{"title":true,"content":true,"excerpt":false},"ja":{"title":true,"content":true,"excerpt":false}}},"yoast_head":"<!-- This site is optimized with the Yoast SEO plugin v27.0 - https:\/\/yoast.com\/product\/yoast-seo-wordpress\/ -->\n<title>W\u00e4hrungseinstellungen in Hand2Note<\/title>\n<meta name=\"description\" content=\"Richten Sie W\u00e4hrungs- und Clubraten in Hand2Note ein, um eine genaue Gewinn-\/Verlustverfolgung \u00fcber Apps mit unterschiedlichen W\u00e4hrungen oder Chip-Werten sicherzustellen.\" \/>\n<meta name=\"robots\" content=\"index, follow, max-snippet:-1, max-image-preview:large, max-video-preview:-1\" \/>\n<link rel=\"canonical\" href=\"https:\/\/hand2noteguide.com\/user-manual\/currency-display-settings-in-hand2note\/\" \/>\n<meta property=\"og:locale\" content=\"de_DE\" \/>\n<meta property=\"og:type\" content=\"article\" \/>\n<meta property=\"og:title\" content=\"W\u00e4hrungseinstellungen in Hand2Note\" \/>\n<meta property=\"og:description\" content=\"Richten Sie W\u00e4hrungs- und Clubraten in Hand2Note ein, um eine genaue Gewinn-\/Verlustverfolgung \u00fcber Apps mit unterschiedlichen W\u00e4hrungen oder Chip-Werten sicherzustellen.\" \/>\n<meta property=\"og:url\" content=\"https:\/\/hand2noteguide.com\/user-manual\/currency-display-settings-in-hand2note\/\" \/>\n<meta property=\"og:site_name\" content=\"Hand2Note Guide\" \/>\n<meta property=\"article:modified_time\" content=\"2026-03-10T08:11:49+00:00\" \/>\n<meta property=\"og:image\" content=\"https:\/\/hand2noteguide.com\/wp-content\/uploads\/2025\/04\/currency-1.jpg\" \/>\n\t<meta property=\"og:image:width\" content=\"1600\" \/>\n\t<meta property=\"og:image:height\" content=\"1067\" \/>\n\t<meta property=\"og:image:type\" content=\"image\/jpeg\" \/>\n<meta name=\"twitter:card\" content=\"summary_large_image\" \/>\n<meta name=\"twitter:label1\" content=\"Est. reading time\" \/>\n\t<meta name=\"twitter:data1\" content=\"16 minutes\" \/>\n<!-- \/ Yoast SEO plugin. -->","yoast_head_json":{"title":"W\u00e4hrungseinstellungen in Hand2Note","description":"Richten Sie W\u00e4hrungs- und Clubraten in Hand2Note ein, um eine genaue Gewinn-\/Verlustverfolgung \u00fcber Apps mit unterschiedlichen W\u00e4hrungen oder Chip-Werten sicherzustellen.","robots":{"index":"index","follow":"follow","max-snippet":"max-snippet:-1","max-image-preview":"max-image-preview:large","max-video-preview":"max-video-preview:-1"},"canonical":"https:\/\/hand2noteguide.com\/user-manual\/currency-display-settings-in-hand2note\/","og_locale":"de_DE","og_type":"article","og_title":"W\u00e4hrungseinstellungen in Hand2Note","og_description":"Richten Sie W\u00e4hrungs- und Clubraten in Hand2Note ein, um eine genaue Gewinn-\/Verlustverfolgung \u00fcber Apps mit unterschiedlichen W\u00e4hrungen oder Chip-Werten sicherzustellen.","og_url":"https:\/\/hand2noteguide.com\/user-manual\/currency-display-settings-in-hand2note\/","og_site_name":"Hand2Note Guide","article_modified_time":"2026-03-10T08:11:49+00:00","og_image":[{"width":1600,"height":1067,"url":"https:\/\/hand2noteguide.com\/wp-content\/uploads\/2025\/04\/currency-1.jpg","type":"image\/jpeg"}],"twitter_card":"summary_large_image","twitter_misc":{"Est. reading time":"16 minutes"},"schema":{"@context":"https:\/\/schema.org","@graph":[]}},"jetpack_sharing_enabled":true,"_links":{"self":[{"href":"https:\/\/hand2noteguide.com\/de\/wp-json\/wp\/v2\/pages\/9263","targetHints":{"allow":["GET"]}}],"collection":[{"href":"https:\/\/hand2noteguide.com\/de\/wp-json\/wp\/v2\/pages"}],"about":[{"href":"https:\/\/hand2noteguide.com\/de\/wp-json\/wp\/v2\/types\/page"}],"author":[{"embeddable":true,"href":"https:\/\/hand2noteguide.com\/de\/wp-json\/wp\/v2\/users\/3"}],"replies":[{"embeddable":true,"href":"https:\/\/hand2noteguide.com\/de\/wp-json\/wp\/v2\/comments?post=9263"}],"version-history":[{"count":33,"href":"https:\/\/hand2noteguide.com\/de\/wp-json\/wp\/v2\/pages\/9263\/revisions"}],"predecessor-version":[{"id":15611,"href":"https:\/\/hand2noteguide.com\/de\/wp-json\/wp\/v2\/pages\/9263\/revisions\/15611"}],"up":[{"embeddable":true,"href":"https:\/\/hand2noteguide.com\/de\/wp-json\/wp\/v2\/pages\/9199"}],"wp:featuredmedia":[{"embeddable":true,"href":"https:\/\/hand2noteguide.com\/de\/wp-json\/wp\/v2\/media\/10141"}],"wp:attachment":[{"href":"https:\/\/hand2noteguide.com\/de\/wp-json\/wp\/v2\/media?parent=9263"}],"curies":[{"name":"wp","href":"https:\/\/api.w.org\/{rel}","templated":true}]}}