{"id":9299,"date":"2025-03-20T01:00:47","date_gmt":"2025-03-19T22:00:47","guid":{"rendered":"https:\/\/hand2noteguide.com\/?page_id=9299"},"modified":"2026-03-10T11:12:55","modified_gmt":"2026-03-10T08:12:55","slug":"setting-up-an-auto-import-in-hand2note","status":"publish","type":"page","link":"https:\/\/hand2noteguide.com\/de\/user-manual\/setting-up-an-auto-import-in-hand2note\/","title":{"rendered":"Einrichten des Auto Imports in Hand2Note"},"content":{"rendered":"\n<p>Beim Spielen in den meisten klassischen Pokerr\u00e4umen mit Hand2Note muss die Auto-Import-Funktion korrekt eingestellt sein.<\/p>\n\n\n\n<p>Sie ist verantwortlich f\u00fcr das Sammeln von Statistiken, die an den Tischen im Verlauf der H\u00e4nde stattfinden. Dies erm\u00f6glicht es wiederum, die Statistiken \u00fcber Ihre Gegner im HUD und POPUP sofort zu verarbeiten und zu aktualisieren.<\/p>\n\n\n\n<h2 class=\"wp-block-heading\">Allgemeine Schritt-f\u00fcr-Schritt-Anleitung zum Einrichten des Auto Imports<\/h2>\n\n\n\n<p>Das Einrichten des Auto-Imports besteht aus mehreren Schritten:<\/p>\n\n\n\n<ol class=\"wp-block-list\">\n<li>Aktivieren Sie die Funktion zum lokalen Speichern von H\u00e4nden im Pokerraum-Client;<\/li>\n\n\n\n<li>Finden und kopieren Sie den Pfad zum Speicherort des lokalen Speicherordners des Poker-Clients;<\/li>\n\n\n\n<li>\u00d6ffnen Sie in Hand2Note &#8211; &#8220;Configuration&#8221;, gehen Sie dann zum Tab &#8220;Auto import&#8221; und klicken Sie auf die Schaltfl\u00e4che &#8220;+ Add auto import folder\u2026&#8221;;<\/li>\n\n\n\n<li>Geben Sie im Ordnersuchfenster den Pfad zum zuvor kopierten Speicherort des lokalen Speicherordners des Poker-Clients an.<\/li>\n<\/ol>\n\n\n\n<p>Wenn alles korrekt gemacht wurde, wird die Auto-Import-Funktion funktionieren. Es wird m\u00f6glich sein, sich beim Spielen an den Tischen zu vergewissern, dass Statistiken gesammelt und ge\u00e4ndert werden &#8211; im Verlauf der H\u00e4nde.<\/p>\n\n\n\n<h3 class=\"wp-block-heading\">Beispiele f\u00fcr die Einrichtung der Hand2Note Auto-Import-Funktion beim Spielen auf beliebten Pokerseiten<\/h3>\n\n\n\n<figure class=\"wp-block-gallery has-nested-images columns-3 is-cropped wp-block-gallery-1 is-layout-flex wp-block-gallery-is-layout-flex\">\n<figure class=\"wp-block-image size-full\"><img loading=\"lazy\" decoding=\"async\" width=\"2312\" height=\"945\" data-id=\"9331\" src=\"https:\/\/hand2noteguide.com\/wp-content\/uploads\/2025\/03\/PS-1.png\" alt=\"\" class=\"wp-image-9331\" srcset=\"https:\/\/hand2noteguide.com\/wp-content\/uploads\/2025\/03\/PS-1.png 2312w, https:\/\/hand2noteguide.com\/wp-content\/uploads\/2025\/03\/PS-1-300x123.png 300w, https:\/\/hand2noteguide.com\/wp-content\/uploads\/2025\/03\/PS-1-1024x419.png 1024w, https:\/\/hand2noteguide.com\/wp-content\/uploads\/2025\/03\/PS-1-768x314.png 768w, https:\/\/hand2noteguide.com\/wp-content\/uploads\/2025\/03\/PS-1-1536x628.png 1536w, https:\/\/hand2noteguide.com\/wp-content\/uploads\/2025\/03\/PS-1-2048x837.png 2048w, https:\/\/hand2noteguide.com\/wp-content\/uploads\/2025\/03\/PS-1-772x316.png 772w, https:\/\/hand2noteguide.com\/wp-content\/uploads\/2025\/03\/PS-1-624x255.png 624w\" sizes=\"auto, (max-width: 2312px) 100vw, 2312px\" \/><figcaption class=\"wp-element-caption\">PokerStars<\/figcaption><\/figure>\n\n\n\n<figure class=\"wp-block-image size-full\"><img loading=\"lazy\" decoding=\"async\" width=\"1799\" height=\"868\" data-id=\"9333\" src=\"https:\/\/hand2noteguide.com\/wp-content\/uploads\/2025\/03\/888-1.png\" alt=\"\" class=\"wp-image-9333\" srcset=\"https:\/\/hand2noteguide.com\/wp-content\/uploads\/2025\/03\/888-1.png 1799w, https:\/\/hand2noteguide.com\/wp-content\/uploads\/2025\/03\/888-1-300x145.png 300w, https:\/\/hand2noteguide.com\/wp-content\/uploads\/2025\/03\/888-1-1024x494.png 1024w, https:\/\/hand2noteguide.com\/wp-content\/uploads\/2025\/03\/888-1-768x371.png 768w, https:\/\/hand2noteguide.com\/wp-content\/uploads\/2025\/03\/888-1-1536x741.png 1536w, https:\/\/hand2noteguide.com\/wp-content\/uploads\/2025\/03\/888-1-772x372.png 772w, https:\/\/hand2noteguide.com\/wp-content\/uploads\/2025\/03\/888-1-624x301.png 624w\" sizes=\"auto, (max-width: 1799px) 100vw, 1799px\" \/><figcaption class=\"wp-element-caption\">888Poker (Pacific)<\/figcaption><\/figure>\n\n\n\n<figure class=\"wp-block-image size-full\"><img loading=\"lazy\" decoding=\"async\" width=\"1885\" height=\"712\" data-id=\"9330\" src=\"https:\/\/hand2noteguide.com\/wp-content\/uploads\/2025\/03\/EvenBet-Platform-SW\u0421-Poker-1.png\" alt=\"\" class=\"wp-image-9330\" srcset=\"https:\/\/hand2noteguide.com\/wp-content\/uploads\/2025\/03\/EvenBet-Platform-SW\u0421-Poker-1.png 1885w, https:\/\/hand2noteguide.com\/wp-content\/uploads\/2025\/03\/EvenBet-Platform-SW\u0421-Poker-1-300x113.png 300w, https:\/\/hand2noteguide.com\/wp-content\/uploads\/2025\/03\/EvenBet-Platform-SW\u0421-Poker-1-1024x387.png 1024w, https:\/\/hand2noteguide.com\/wp-content\/uploads\/2025\/03\/EvenBet-Platform-SW\u0421-Poker-1-768x290.png 768w, https:\/\/hand2noteguide.com\/wp-content\/uploads\/2025\/03\/EvenBet-Platform-SW\u0421-Poker-1-1536x580.png 1536w, https:\/\/hand2noteguide.com\/wp-content\/uploads\/2025\/03\/EvenBet-Platform-SW\u0421-Poker-1-772x292.png 772w, https:\/\/hand2noteguide.com\/wp-content\/uploads\/2025\/03\/EvenBet-Platform-SW\u0421-Poker-1-624x236.png 624w\" sizes=\"auto, (max-width: 1885px) 100vw, 1885px\" \/><figcaption class=\"wp-element-caption\">EvenBet Platform (SW\u0421 Poker)<\/figcaption><\/figure>\n\n\n\n<figure class=\"wp-block-image size-full\"><img loading=\"lazy\" decoding=\"async\" width=\"1831\" height=\"769\" data-id=\"9332\" src=\"https:\/\/hand2noteguide.com\/wp-content\/uploads\/2025\/03\/Winamax-1.png\" alt=\"\" class=\"wp-image-9332\" srcset=\"https:\/\/hand2noteguide.com\/wp-content\/uploads\/2025\/03\/Winamax-1.png 1831w, https:\/\/hand2noteguide.com\/wp-content\/uploads\/2025\/03\/Winamax-1-300x126.png 300w, https:\/\/hand2noteguide.com\/wp-content\/uploads\/2025\/03\/Winamax-1-1024x430.png 1024w, https:\/\/hand2noteguide.com\/wp-content\/uploads\/2025\/03\/Winamax-1-768x323.png 768w, https:\/\/hand2noteguide.com\/wp-content\/uploads\/2025\/03\/Winamax-1-1536x645.png 1536w, https:\/\/hand2noteguide.com\/wp-content\/uploads\/2025\/03\/Winamax-1-772x324.png 772w, https:\/\/hand2noteguide.com\/wp-content\/uploads\/2025\/03\/Winamax-1-624x262.png 624w\" sizes=\"auto, (max-width: 1831px) 100vw, 1831px\" \/><figcaption class=\"wp-element-caption\">Winamax<\/figcaption><\/figure>\n\n\n\n<figure class=\"wp-block-image size-full\"><img loading=\"lazy\" decoding=\"async\" width=\"1918\" height=\"740\" data-id=\"9334\" src=\"https:\/\/hand2noteguide.com\/wp-content\/uploads\/2025\/03\/WPN-1.png\" alt=\"\" class=\"wp-image-9334\" srcset=\"https:\/\/hand2noteguide.com\/wp-content\/uploads\/2025\/03\/WPN-1.png 1918w, https:\/\/hand2noteguide.com\/wp-content\/uploads\/2025\/03\/WPN-1-300x116.png 300w, https:\/\/hand2noteguide.com\/wp-content\/uploads\/2025\/03\/WPN-1-1024x395.png 1024w, https:\/\/hand2noteguide.com\/wp-content\/uploads\/2025\/03\/WPN-1-768x296.png 768w, https:\/\/hand2noteguide.com\/wp-content\/uploads\/2025\/03\/WPN-1-1536x593.png 1536w, https:\/\/hand2noteguide.com\/wp-content\/uploads\/2025\/03\/WPN-1-772x298.png 772w, https:\/\/hand2noteguide.com\/wp-content\/uploads\/2025\/03\/WPN-1-624x241.png 624w\" sizes=\"auto, (max-width: 1918px) 100vw, 1918px\" \/><figcaption class=\"wp-element-caption\">ACR Poker (WPN)<\/figcaption><\/figure>\n<\/figure>\n\n\n\n<h3 class=\"wp-block-heading\">Beispiel f\u00fcr die Einrichtung des Auto-Imports f\u00fcr den \u201eRedStar\u201c Pokerraum<\/h3>\n\n\n\n<p>Das erste, was Sie tun m\u00fcssen, ist die Funktion zum lokalen Speichern von H\u00e4nden im Poker-Client zu finden und zu aktivieren. Dazu bewegen Sie den Mauszeiger \u00fcber das Avatar-Symbol in der oberen linken Ecke des Poker-Clients (1) und klicken auf \u201eEinstellungen\u201c (2). Suchen Sie dann den Punkt \u201eHandverlauf lokal speichern\u201c und aktivieren Sie das Kontrollk\u00e4stchen (3).<\/p>\n\n\n\n<figure class=\"wp-block-image size-full\"><img loading=\"lazy\" decoding=\"async\" width=\"1001\" height=\"718\" src=\"https:\/\/hand2noteguide.com\/wp-content\/uploads\/2025\/03\/RedStar.jpg\" alt=\"\" class=\"wp-image-9311\" srcset=\"https:\/\/hand2noteguide.com\/wp-content\/uploads\/2025\/03\/RedStar.jpg 1001w, https:\/\/hand2noteguide.com\/wp-content\/uploads\/2025\/03\/RedStar-300x215.jpg 300w, https:\/\/hand2noteguide.com\/wp-content\/uploads\/2025\/03\/RedStar-768x551.jpg 768w, https:\/\/hand2noteguide.com\/wp-content\/uploads\/2025\/03\/RedStar-772x554.jpg 772w, https:\/\/hand2noteguide.com\/wp-content\/uploads\/2025\/03\/RedStar-624x448.jpg 624w\" sizes=\"auto, (max-width: 1001px) 100vw, 1001px\" \/><\/figure>\n\n\n\n<p>Schlie\u00dfen Sie anschlie\u00dfend den Poker-Client, finden Sie dessen Verkn\u00fcpfung auf dem Desktop und klicken Sie mit der rechten Maustaste darauf. W\u00e4hlen Sie im Dropdown-Men\u00fc \u201eDateipfad \u00f6ffnen\u201c.<\/p>\n\n\n\n<figure class=\"wp-block-image size-full\"><img loading=\"lazy\" decoding=\"async\" width=\"530\" height=\"517\" src=\"https:\/\/hand2noteguide.com\/wp-content\/uploads\/2025\/03\/\u0411\u0435\u0437-\u0438\u043c\u0435\u043d\u0438-2.jpg\" alt=\"\" class=\"wp-image-9312\" srcset=\"https:\/\/hand2noteguide.com\/wp-content\/uploads\/2025\/03\/\u0411\u0435\u0437-\u0438\u043c\u0435\u043d\u0438-2.jpg 530w, https:\/\/hand2noteguide.com\/wp-content\/uploads\/2025\/03\/\u0411\u0435\u0437-\u0438\u043c\u0435\u043d\u0438-2-300x293.jpg 300w\" sizes=\"auto, (max-width: 530px) 100vw, 530px\" \/><\/figure>\n\n\n\n<p>Nach dem \u00d6ffnen des Stammordners des Poker-Clients m\u00fcssen Sie den Ordner f\u00fcr das lokale Speichern von H\u00e4nden finden, \u00f6ffnen und den Pfad dorthin kopieren.<\/p>\n\n\n\n<p>In den meisten F\u00e4llen befindet er sich im \u201edata\u201c-Ordner (1) und tr\u00e4gt den Spielernamen im Namen (im untenstehenden Beispiel &#8211; \u201eHero_nickname\u201c (2)). Kopieren Sie den Pfad zum \u201eHero_nickname\u201c-Ordner, indem Sie mit der rechten Maustaste auf die Adressleiste oben im Fenster klicken (3) und \u201eKopieren\u201c ausw\u00e4hlen (4).<\/p>\n\n\n\n<figure class=\"wp-block-image size-large\"><img loading=\"lazy\" decoding=\"async\" width=\"1024\" height=\"599\" src=\"https:\/\/hand2noteguide.com\/wp-content\/uploads\/2025\/03\/\u0411\u0435\u0437-\u0438\u043c\u0435\u043d\u0438-3-1024x599.jpg\" alt=\"\" class=\"wp-image-9313\" srcset=\"https:\/\/hand2noteguide.com\/wp-content\/uploads\/2025\/03\/\u0411\u0435\u0437-\u0438\u043c\u0435\u043d\u0438-3-1024x599.jpg 1024w, https:\/\/hand2noteguide.com\/wp-content\/uploads\/2025\/03\/\u0411\u0435\u0437-\u0438\u043c\u0435\u043d\u0438-3-300x176.jpg 300w, https:\/\/hand2noteguide.com\/wp-content\/uploads\/2025\/03\/\u0411\u0435\u0437-\u0438\u043c\u0435\u043d\u0438-3-768x449.jpg 768w, https:\/\/hand2noteguide.com\/wp-content\/uploads\/2025\/03\/\u0411\u0435\u0437-\u0438\u043c\u0435\u043d\u0438-3-1536x899.jpg 1536w, https:\/\/hand2noteguide.com\/wp-content\/uploads\/2025\/03\/\u0411\u0435\u0437-\u0438\u043c\u0435\u043d\u0438-3-772x452.jpg 772w, https:\/\/hand2noteguide.com\/wp-content\/uploads\/2025\/03\/\u0411\u0435\u0437-\u0438\u043c\u0435\u043d\u0438-3-624x365.jpg 624w, https:\/\/hand2noteguide.com\/wp-content\/uploads\/2025\/03\/\u0411\u0435\u0437-\u0438\u043c\u0435\u043d\u0438-3.jpg 1806w\" sizes=\"auto, (max-width: 1024px) 100vw, 1024px\" \/><\/figure>\n\n\n\n<p>\u00d6ffnen Sie nun Hand2Note, finden und klicken Sie auf \u201eConfiguration\u201c (1), \u201eAuto import\u201c (2) und klicken Sie darin auf die Schaltfl\u00e4che \u201e+ Add auto import folder\u2026\u201c (3). Geben Sie im ge\u00f6ffneten Ordnersuchfenster den Pfad zum zuvor kopierten Speicherort des lokalen Speicherordners des Poker-Clients an (4), stellen Sie sicher, dass es sich genau um den im Ordnersuchfenster ge\u00f6ffneten Ordner handelt, und klicken Sie auf \u201eOrdner ausw\u00e4hlen\u201c (5).<\/p>\n\n\n\n<figure class=\"wp-block-image size-large\"><img loading=\"lazy\" decoding=\"async\" width=\"1024\" height=\"549\" src=\"https:\/\/hand2noteguide.com\/wp-content\/uploads\/2025\/03\/\u0411\u0435\u0437-\u0438\u043c\u0435\u043d\u0438-1-1024x549.jpg\" alt=\"\" class=\"wp-image-9314\" srcset=\"https:\/\/hand2noteguide.com\/wp-content\/uploads\/2025\/03\/\u0411\u0435\u0437-\u0438\u043c\u0435\u043d\u0438-1-1024x549.jpg 1024w, https:\/\/hand2noteguide.com\/wp-content\/uploads\/2025\/03\/\u0411\u0435\u0437-\u0438\u043c\u0435\u043d\u0438-1-300x161.jpg 300w, https:\/\/hand2noteguide.com\/wp-content\/uploads\/2025\/03\/\u0411\u0435\u0437-\u0438\u043c\u0435\u043d\u0438-1-768x412.jpg 768w, https:\/\/hand2noteguide.com\/wp-content\/uploads\/2025\/03\/\u0411\u0435\u0437-\u0438\u043c\u0435\u043d\u0438-1-1536x824.jpg 1536w, https:\/\/hand2noteguide.com\/wp-content\/uploads\/2025\/03\/\u0411\u0435\u0437-\u0438\u043c\u0435\u043d\u0438-1-772x414.jpg 772w, https:\/\/hand2noteguide.com\/wp-content\/uploads\/2025\/03\/\u0411\u0435\u0437-\u0438\u043c\u0435\u043d\u0438-1-624x335.jpg 624w, https:\/\/hand2noteguide.com\/wp-content\/uploads\/2025\/03\/\u0411\u0435\u0437-\u0438\u043c\u0435\u043d\u0438-1.jpg 1914w\" sizes=\"auto, (max-width: 1024px) 100vw, 1024px\" \/><\/figure>\n\n\n\n<p>Um sicherzustellen, dass der Auto-Import korrekt eingerichtet ist, reicht es aus, sich an die Tische zu setzen und eine kleine Anzahl von H\u00e4nden zu spielen. Achten Sie auf das HUD und POPUP, Sie werden bemerken, dass sich die Statistikwerte mit jeder gespielten Hand entsprechend der laufenden Aktion an den Tischen \u00e4ndern.<\/p>\n\n\n\n<p>Siehe auch: <a href=\"https:\/\/hand2note.com\/Help\/getting-started\" target=\"_blank\" rel=\"noreferrer noopener\">Offizielles Hand2Note-Handbuch: Erste Schritte<\/a>.<\/p>\n\n","protected":false},"excerpt":{"rendered":"<p>Beim Spielen in den meisten klassischen Pokerr\u00e4umen mit Hand2Note muss die Auto-Import-Funktion korrekt eingestellt sein. Sie ist verantwortlich f\u00fcr das Sammeln von Statistiken, die an den Tischen im Verlauf der H\u00e4nde stattfinden. Dies erm\u00f6glicht es wiederum, die Statistiken \u00fcber Ihre Gegner im HUD und POPUP sofort zu verarbeiten und zu aktualisieren. Allgemeine Schritt-f\u00fcr-Schritt-Anleitung zum Einrichten &hellip; <a href=\"https:\/\/hand2noteguide.com\/de\/user-manual\/setting-up-an-auto-import-in-hand2note\/\" class=\"more-link\">Continue reading <span class=\"screen-reader-text\">Einrichten des Auto Imports in Hand2Note<\/span><\/a><\/p>\n","protected":false},"author":3,"featured_media":9304,"parent":9199,"menu_order":0,"comment_status":"closed","ping_status":"closed","template":"","meta":{"footnotes":""},"class_list":["post-9299","page","type-page","status-publish","has-post-thumbnail","hentry"],"translation":{"provider":"WPGlobus","version":"3.0.2","language":"de","enabled_languages":["en","ru","pt","zh","es","fr","de","it","ja"],"languages":{"en":{"title":true,"content":true,"excerpt":false},"ru":{"title":true,"content":true,"excerpt":false},"pt":{"title":true,"content":true,"excerpt":false},"zh":{"title":true,"content":true,"excerpt":false},"es":{"title":true,"content":true,"excerpt":false},"fr":{"title":true,"content":true,"excerpt":false},"de":{"title":true,"content":true,"excerpt":false},"it":{"title":true,"content":true,"excerpt":false},"ja":{"title":true,"content":true,"excerpt":false}}},"yoast_head":"<!-- This site is optimized with the Yoast SEO plugin v27.0 - https:\/\/yoast.com\/product\/yoast-seo-wordpress\/ -->\n<title>Einrichten des Auto Imports in Hand2Note<\/title>\n<meta name=\"description\" content=\"Richten Sie den Auto-Import in Hand2Note ein, um H\u00e4nde in Echtzeit zu verfolgen und HUD-Statistiken in Pokerr\u00e4umen wie PokerStars, 888Poker und ACR zu aktualisieren.\" \/>\n<meta name=\"robots\" content=\"index, follow, max-snippet:-1, max-image-preview:large, max-video-preview:-1\" \/>\n<link rel=\"canonical\" href=\"https:\/\/hand2noteguide.com\/user-manual\/setting-up-an-auto-import-in-hand2note\/\" \/>\n<meta property=\"og:locale\" content=\"de_DE\" \/>\n<meta property=\"og:type\" content=\"article\" \/>\n<meta property=\"og:title\" content=\"Einrichten des Auto Imports in Hand2Note\" \/>\n<meta property=\"og:description\" content=\"Richten Sie den Auto-Import in Hand2Note ein, um H\u00e4nde in Echtzeit zu verfolgen und HUD-Statistiken in Pokerr\u00e4umen wie PokerStars, 888Poker und ACR zu aktualisieren.\" \/>\n<meta property=\"og:url\" content=\"https:\/\/hand2noteguide.com\/user-manual\/setting-up-an-auto-import-in-hand2note\/\" \/>\n<meta property=\"og:site_name\" content=\"Hand2Note Guide\" \/>\n<meta property=\"article:modified_time\" content=\"2026-03-10T08:12:55+00:00\" \/>\n<meta property=\"og:image\" content=\"https:\/\/hand2noteguide.com\/wp-content\/uploads\/2025\/03\/Base_new_HUD_prev.jpg\" \/>\n\t<meta property=\"og:image:width\" content=\"1413\" \/>\n\t<meta property=\"og:image:height\" content=\"832\" \/>\n\t<meta property=\"og:image:type\" content=\"image\/jpeg\" \/>\n<meta name=\"twitter:card\" content=\"summary_large_image\" \/>\n<meta name=\"twitter:label1\" content=\"Est. reading time\" \/>\n\t<meta name=\"twitter:data1\" content=\"5 minutes\" \/>\n<!-- \/ Yoast SEO plugin. -->","yoast_head_json":{"title":"Einrichten des Auto Imports in Hand2Note","description":"Richten Sie den Auto-Import in Hand2Note ein, um H\u00e4nde in Echtzeit zu verfolgen und HUD-Statistiken in Pokerr\u00e4umen wie PokerStars, 888Poker und ACR zu aktualisieren.","robots":{"index":"index","follow":"follow","max-snippet":"max-snippet:-1","max-image-preview":"max-image-preview:large","max-video-preview":"max-video-preview:-1"},"canonical":"https:\/\/hand2noteguide.com\/user-manual\/setting-up-an-auto-import-in-hand2note\/","og_locale":"de_DE","og_type":"article","og_title":"Einrichten des Auto Imports in Hand2Note","og_description":"Richten Sie den Auto-Import in Hand2Note ein, um H\u00e4nde in Echtzeit zu verfolgen und HUD-Statistiken in Pokerr\u00e4umen wie PokerStars, 888Poker und ACR zu aktualisieren.","og_url":"https:\/\/hand2noteguide.com\/user-manual\/setting-up-an-auto-import-in-hand2note\/","og_site_name":"Hand2Note Guide","article_modified_time":"2026-03-10T08:12:55+00:00","og_image":[{"width":1413,"height":832,"url":"https:\/\/hand2noteguide.com\/wp-content\/uploads\/2025\/03\/Base_new_HUD_prev.jpg","type":"image\/jpeg"}],"twitter_card":"summary_large_image","twitter_misc":{"Est. reading time":"5 minutes"},"schema":{"@context":"https:\/\/schema.org","@graph":[]}},"jetpack_sharing_enabled":true,"_links":{"self":[{"href":"https:\/\/hand2noteguide.com\/de\/wp-json\/wp\/v2\/pages\/9299","targetHints":{"allow":["GET"]}}],"collection":[{"href":"https:\/\/hand2noteguide.com\/de\/wp-json\/wp\/v2\/pages"}],"about":[{"href":"https:\/\/hand2noteguide.com\/de\/wp-json\/wp\/v2\/types\/page"}],"author":[{"embeddable":true,"href":"https:\/\/hand2noteguide.com\/de\/wp-json\/wp\/v2\/users\/3"}],"replies":[{"embeddable":true,"href":"https:\/\/hand2noteguide.com\/de\/wp-json\/wp\/v2\/comments?post=9299"}],"version-history":[{"count":44,"href":"https:\/\/hand2noteguide.com\/de\/wp-json\/wp\/v2\/pages\/9299\/revisions"}],"predecessor-version":[{"id":15612,"href":"https:\/\/hand2noteguide.com\/de\/wp-json\/wp\/v2\/pages\/9299\/revisions\/15612"}],"up":[{"embeddable":true,"href":"https:\/\/hand2noteguide.com\/de\/wp-json\/wp\/v2\/pages\/9199"}],"wp:featuredmedia":[{"embeddable":true,"href":"https:\/\/hand2noteguide.com\/de\/wp-json\/wp\/v2\/media\/9304"}],"wp:attachment":[{"href":"https:\/\/hand2noteguide.com\/de\/wp-json\/wp\/v2\/media?parent=9299"}],"curies":[{"name":"wp","href":"https:\/\/api.w.org\/{rel}","templated":true}]}}