{"id":9345,"date":"2025-03-20T15:19:28","date_gmt":"2025-03-20T12:19:28","guid":{"rendered":"https:\/\/hand2noteguide.com\/?page_id=9345"},"modified":"2026-03-10T11:13:39","modified_gmt":"2026-03-10T08:13:39","slug":"fish-game-analysis-selection-win-rate-at-fish-tables","status":"publish","type":"page","link":"https:\/\/hand2noteguide.com\/de\/user-manual\/fish-game-analysis-selection-win-rate-at-fish-tables\/","title":{"rendered":"Analyse der Tischwahl und des Spiels gegen Fische mit Hand2Note"},"content":{"rendered":"\n<p>Es ist kein Geheimnis, dass eine der Hauptf\u00e4higkeiten professioneller Pokerspieler die Spielauswahl (Zielsetzung auf Fische) ist.<\/p>\n\n\n\n<p>Hand2Note erm\u00f6glicht es Ihnen, den Prozentsatz der Spiele an Tischen mit einem Fisch zu berechnen und das Spiel an diesen Tischen zu analysieren.<\/p>\n\n\n\n<h2 class=\"wp-block-heading\">Berechnung des Spielprozentsatzes an Tischen mit Fischen<\/h2>\n\n\n\n<p>Um zu bestimmen, wie hoch Ihr Spielauswahlprozentsatz ist, m\u00fcssen Sie:<\/p>\n\n\n\n<ol class=\"wp-block-list\">\n<li><strong>Die Anzahl aller gespielten H\u00e4nde<\/strong> finden;<\/li>\n\n\n\n<li><strong>Die Anzahl der H\u00e4nde, die an Tischen mit einem Fisch gespielt wurden<\/strong>, finden;<\/li>\n\n\n\n<li>Den Spielauswahlprozentsatz mit der Formel berechnen: <strong>Anzahl der H\u00e4nde, die an Tischen mit einem Fisch gespielt wurden<\/strong> \/ <strong>Anzahl aller gespielten H\u00e4nde<\/strong> * <strong>100<\/strong>.<\/li>\n<\/ol>\n\n\n\n<p>Um den Prozentsatz der Spiele an Tischen mit Fischen in Hand2Note zu berechnen, gehen Sie wie folgt vor:<\/p>\n\n\n\n<ol class=\"wp-block-list\">\n<li>\u00d6ffnen Sie im Hauptfenster von Hand2Note die Registerkarte \u201e<a href=\"https:\/\/hand2noteguide.com\/de\/user-manual\/hand2note-report-menu\/\">Reports<\/a>\u201c (1), finden Sie die Statistik &#8220;Number of hands&#8221; (2), dies ist die Anzahl aller gespielten H\u00e4nde (in unserem Fall 33.000), merken oder notieren Sie sie;<\/li>\n\n\n\n<li>Klicken Sie dann auf die Schaltfl\u00e4che \u201eFilter\u201c (3), gehen Sie im ge\u00f6ffneten Filterfenster zur Registerkarte \u201eGeneral\u201c (4);<\/li>\n\n\n\n<li>Geben Sie in der Zeile \u201eFish Count\u201c (5) die gew\u00fcnschte Anzahl von Fischspielern am Tisch an (zum Beispiel \u201e1+\u201c);<\/li>\n\n\n\n<li>Geben Sie in der Zeile \u201eMax Fish Vpip\u201c (6) an, mit welchem VPIP-Fisch Sie interessiert sind (zum Beispiel \u201e50+\u201c), und klicken Sie dann auf \u201eAPPLY\u201c (7), um den Filter hinzuzuf\u00fcgen;<\/li>\n\n\n\n<li>Nach dem Anwenden des Filters merken oder notieren Sie den Wert \u201eHands\u201c (8) &#8211; dies ist die Anzahl der H\u00e4nde, die an Tischen mit Fischen gespielt wurden (in unserem Fall 19.000);<\/li>\n\n\n\n<li>Berechnen Sie gem\u00e4\u00df der Formel: Anzahl der H\u00e4nde, die an Tischen mit einem Fisch gespielt wurden \/ Anzahl der gespielten H\u00e4nde * 100 (19.000 \/ 33.000 * 100 = <strong>57,5%<\/strong>).<\/li>\n<\/ol>\n\n\n\n<figure class=\"wp-block-image size-large\"><img loading=\"lazy\" decoding=\"async\" width=\"1024\" height=\"647\" src=\"https:\/\/hand2noteguide.com\/wp-content\/uploads\/2025\/03\/\u0411\u0435\u0437-\u0438\u043c\u0435\u043d\u04383-1024x647.jpg\" alt=\"\" class=\"wp-image-9387\" srcset=\"https:\/\/hand2noteguide.com\/wp-content\/uploads\/2025\/03\/\u0411\u0435\u0437-\u0438\u043c\u0435\u043d\u04383-1024x647.jpg 1024w, https:\/\/hand2noteguide.com\/wp-content\/uploads\/2025\/03\/\u0411\u0435\u0437-\u0438\u043c\u0435\u043d\u04383-300x190.jpg 300w, https:\/\/hand2noteguide.com\/wp-content\/uploads\/2025\/03\/\u0411\u0435\u0437-\u0438\u043c\u0435\u043d\u04383-768x485.jpg 768w, https:\/\/hand2noteguide.com\/wp-content\/uploads\/2025\/03\/\u0411\u0435\u0437-\u0438\u043c\u0435\u043d\u04383-1536x971.jpg 1536w, https:\/\/hand2noteguide.com\/wp-content\/uploads\/2025\/03\/\u0411\u0435\u0437-\u0438\u043c\u0435\u043d\u04383-772x488.jpg 772w, https:\/\/hand2noteguide.com\/wp-content\/uploads\/2025\/03\/\u0411\u0435\u0437-\u0438\u043c\u0435\u043d\u04383-624x394.jpg 624w, https:\/\/hand2noteguide.com\/wp-content\/uploads\/2025\/03\/\u0411\u0435\u0437-\u0438\u043c\u0435\u043d\u04383.jpg 1687w\" sizes=\"auto, (max-width: 1024px) 100vw, 1024px\" \/><\/figure>\n\n\n\n<p>Es wird angenommen, dass der Mindestprozentsatz der Spiele an Tischen mit Fischen bei Verwendung der Tischwahl sein sollte:<\/p>\n\n\n\n<ul class=\"wp-block-list\">\n<li>Beim Spielen in Pokerr\u00e4umen mit halb-anonymem Lobby (RedStar, Chico, WPN und andere) &#8211; ab 65% und mehr;<\/li>\n\n\n\n<li>Beim Spielen in Pokerr\u00e4umen mit offenem Lobby (888Poker, PokerStars, PPPoker, PokerBROS, CoinPoker und andere) &#8211; ab 80% und mehr.<\/li>\n<\/ul>\n\n\n\n<p>Im Beispiel findet das Spiel im RedStar-Pokerraum mit einem halb-anonymen Lobby statt und der Auswahlprozentsatz betr\u00e4gt 57,5%.<\/p>\n\n\n\n<p>Der bewertete Spieler muss daher den Prozentsatz der Spiele an Tischen mit Fischen auf den erforderlichen Prozentsatz in R\u00e4umen mit halb-anonymen Lobbys erh\u00f6hen, genauer gesagt \u00fcber 65%.<\/p>\n\n\n\n<h2 class=\"wp-block-heading\">Analyse des Spiels an Tischen mit Fischen<\/h2>\n\n\n\n<p>Nach dem Anwenden des Filters k\u00f6nnen Sie nicht nur den Auswahlprozentsatz berechnen, sondern auch viele Statistiken beim Spielen gegen Fische auswerten, wie zum Beispiel:<\/p>\n\n\n\n<ul class=\"wp-block-list\">\n<li>&#8220;VPIP&#8221; und &#8220;PFR&#8221; (1);<\/li>\n\n\n\n<li>&#8220;Win rate bb\/100&#8221; (2);<\/li>\n\n\n\n<li>&#8220;3Bet&#8221;, &#8220;WTSD&#8221;, &#8220;W%SD&#8221;, &#8220;WWSF%&#8221; (3);<\/li>\n\n\n\n<li>Indem Sie die Registerkarte \u201ePositions\u201c (4) \u00f6ffnen, achten Sie auf die Spalte \u201eWin rate bb\/100\u201c (5) &#8211; Sie sehen Ihre Win rate bb\/100-Werte f\u00fcr verschiedene Positionen.<\/li>\n<\/ul>\n\n\n\n<figure class=\"wp-block-image size-large\"><img loading=\"lazy\" decoding=\"async\" width=\"1024\" height=\"558\" src=\"https:\/\/hand2noteguide.com\/wp-content\/uploads\/2025\/03\/\u0411\u0435\u0437-\u0438\u043c\u0435\u043d\u04384-1024x558.jpg\" alt=\"\" class=\"wp-image-9405\" srcset=\"https:\/\/hand2noteguide.com\/wp-content\/uploads\/2025\/03\/\u0411\u0435\u0437-\u0438\u043c\u0435\u043d\u04384-1024x558.jpg 1024w, https:\/\/hand2noteguide.com\/wp-content\/uploads\/2025\/03\/\u0411\u0435\u0437-\u0438\u043c\u0435\u043d\u04384-300x163.jpg 300w, https:\/\/hand2noteguide.com\/wp-content\/uploads\/2025\/03\/\u0411\u0435\u0437-\u0438\u043c\u0435\u043d\u04384-768x418.jpg 768w, https:\/\/hand2noteguide.com\/wp-content\/uploads\/2025\/03\/\u0411\u0435\u0437-\u0438\u043c\u0435\u043d\u04384-772x421.jpg 772w, https:\/\/hand2noteguide.com\/wp-content\/uploads\/2025\/03\/\u0411\u0435\u0437-\u0438\u043c\u0435\u043d\u04384-624x340.jpg 624w, https:\/\/hand2noteguide.com\/wp-content\/uploads\/2025\/03\/\u0411\u0435\u0437-\u0438\u043c\u0435\u043d\u04384.jpg 1303w\" sizes=\"auto, (max-width: 1024px) 100vw, 1024px\" \/><\/figure>\n\n\n\n<p>Wenn wir uns das Beispiel ansehen, sehen wir ein ziemlich tightes Spiel &#8211; VPIP ist 19 und PFR ist 17. Der Spieler sollte seine VPIP- und PFR-Werte beim Spielen gegen Fische erh\u00f6hen.<\/p>\n\n\n\n<p>Die Win rate bb\/100 ist niedrig, aber akzeptabel. Sie sollte 13 bb\/100 oder mehr betragen, wie von f\u00fchrenden Holdem-Coaches gesch\u00e4tzt.<\/p>\n\n\n\n<p>Die restlichen Parameter im Beispiel sind aufgrund der geringen Anzahl von H\u00e4nden an Tischen mit einem Fisch zu variabel und ver\u00e4nderlich in der Sch\u00e4tzung.<\/p>\n","protected":false},"excerpt":{"rendered":"<p>Es ist kein Geheimnis, dass eine der Hauptf\u00e4higkeiten professioneller Pokerspieler die Spielauswahl (Zielsetzung auf Fische) ist. Hand2Note erm\u00f6glicht es Ihnen, den Prozentsatz der Spiele an Tischen mit einem Fisch zu berechnen und das Spiel an diesen Tischen zu analysieren. Berechnung des Spielprozentsatzes an Tischen mit Fischen Um zu bestimmen, wie hoch Ihr Spielauswahlprozentsatz ist, m\u00fcssen &hellip; <a href=\"https:\/\/hand2noteguide.com\/de\/user-manual\/fish-game-analysis-selection-win-rate-at-fish-tables\/\" class=\"more-link\">Continue reading <span class=\"screen-reader-text\">Analyse der Tischwahl und des Spiels gegen Fische mit Hand2Note<\/span><\/a><\/p>\n","protected":false},"author":3,"featured_media":9356,"parent":9199,"menu_order":0,"comment_status":"closed","ping_status":"closed","template":"","meta":{"footnotes":""},"class_list":["post-9345","page","type-page","status-publish","has-post-thumbnail","hentry"],"translation":{"provider":"WPGlobus","version":"3.0.2","language":"de","enabled_languages":["en","ru","pt","zh","es","fr","de","it","ja"],"languages":{"en":{"title":true,"content":true,"excerpt":false},"ru":{"title":true,"content":true,"excerpt":false},"pt":{"title":true,"content":true,"excerpt":false},"zh":{"title":true,"content":true,"excerpt":false},"es":{"title":true,"content":true,"excerpt":false},"fr":{"title":true,"content":true,"excerpt":false},"de":{"title":true,"content":true,"excerpt":false},"it":{"title":true,"content":true,"excerpt":false},"ja":{"title":true,"content":true,"excerpt":false}}},"yoast_head":"<!-- This site is optimized with the Yoast SEO plugin v27.0 - https:\/\/yoast.com\/product\/yoast-seo-wordpress\/ -->\n<title>Analyse der Tischwahl und des Spiels gegen Fische mit Hand2Note<\/title>\n<meta name=\"description\" content=\"Berechnen und verbessern Sie die Poker-Spielauswahl mit Hand2Note. Verfolgen Sie gespielte H\u00e4nde gegen Fische und steigern Sie die Gewinnrate durch gezieltes Anvisieren und Statistikanalyse.\" \/>\n<meta name=\"robots\" content=\"index, follow, max-snippet:-1, max-image-preview:large, max-video-preview:-1\" \/>\n<link rel=\"canonical\" href=\"https:\/\/hand2noteguide.com\/user-manual\/fish-game-analysis-selection-win-rate-at-fish-tables\/\" \/>\n<meta property=\"og:locale\" content=\"de_DE\" \/>\n<meta property=\"og:type\" content=\"article\" \/>\n<meta property=\"og:title\" content=\"Analyse der Tischwahl und des Spiels gegen Fische mit Hand2Note\" \/>\n<meta property=\"og:description\" content=\"Berechnen und verbessern Sie die Poker-Spielauswahl mit Hand2Note. Verfolgen Sie gespielte H\u00e4nde gegen Fische und steigern Sie die Gewinnrate durch gezieltes Anvisieren und Statistikanalyse.\" \/>\n<meta property=\"og:url\" content=\"https:\/\/hand2noteguide.com\/user-manual\/fish-game-analysis-selection-win-rate-at-fish-tables\/\" \/>\n<meta property=\"og:site_name\" content=\"Hand2Note Guide\" \/>\n<meta property=\"article:modified_time\" content=\"2026-03-10T08:13:39+00:00\" \/>\n<meta property=\"og:image\" content=\"https:\/\/hand2noteguide.com\/wp-content\/uploads\/2025\/03\/\u0411\u0435\u0437-\u0438\u043c\u0435\u043d\u0438-1-1.jpg\" \/>\n\t<meta property=\"og:image:width\" content=\"1813\" \/>\n\t<meta property=\"og:image:height\" content=\"1810\" \/>\n\t<meta property=\"og:image:type\" content=\"image\/jpeg\" \/>\n<meta name=\"twitter:card\" content=\"summary_large_image\" \/>\n<meta name=\"twitter:label1\" content=\"Est. reading time\" \/>\n\t<meta name=\"twitter:data1\" content=\"17 minutes\" \/>\n<!-- \/ Yoast SEO plugin. -->","yoast_head_json":{"title":"Analyse der Tischwahl und des Spiels gegen Fische mit Hand2Note","description":"Berechnen und verbessern Sie die Poker-Spielauswahl mit Hand2Note. Verfolgen Sie gespielte H\u00e4nde gegen Fische und steigern Sie die Gewinnrate durch gezieltes Anvisieren und Statistikanalyse.","robots":{"index":"index","follow":"follow","max-snippet":"max-snippet:-1","max-image-preview":"max-image-preview:large","max-video-preview":"max-video-preview:-1"},"canonical":"https:\/\/hand2noteguide.com\/user-manual\/fish-game-analysis-selection-win-rate-at-fish-tables\/","og_locale":"de_DE","og_type":"article","og_title":"Analyse der Tischwahl und des Spiels gegen Fische mit Hand2Note","og_description":"Berechnen und verbessern Sie die Poker-Spielauswahl mit Hand2Note. Verfolgen Sie gespielte H\u00e4nde gegen Fische und steigern Sie die Gewinnrate durch gezieltes Anvisieren und Statistikanalyse.","og_url":"https:\/\/hand2noteguide.com\/user-manual\/fish-game-analysis-selection-win-rate-at-fish-tables\/","og_site_name":"Hand2Note Guide","article_modified_time":"2026-03-10T08:13:39+00:00","og_image":[{"width":1813,"height":1810,"url":"https:\/\/hand2noteguide.com\/wp-content\/uploads\/2025\/03\/\u0411\u0435\u0437-\u0438\u043c\u0435\u043d\u0438-1-1.jpg","type":"image\/jpeg"}],"twitter_card":"summary_large_image","twitter_misc":{"Est. reading time":"17 minutes"},"schema":{"@context":"https:\/\/schema.org","@graph":[]}},"jetpack_sharing_enabled":true,"_links":{"self":[{"href":"https:\/\/hand2noteguide.com\/de\/wp-json\/wp\/v2\/pages\/9345","targetHints":{"allow":["GET"]}}],"collection":[{"href":"https:\/\/hand2noteguide.com\/de\/wp-json\/wp\/v2\/pages"}],"about":[{"href":"https:\/\/hand2noteguide.com\/de\/wp-json\/wp\/v2\/types\/page"}],"author":[{"embeddable":true,"href":"https:\/\/hand2noteguide.com\/de\/wp-json\/wp\/v2\/users\/3"}],"replies":[{"embeddable":true,"href":"https:\/\/hand2noteguide.com\/de\/wp-json\/wp\/v2\/comments?post=9345"}],"version-history":[{"count":57,"href":"https:\/\/hand2noteguide.com\/de\/wp-json\/wp\/v2\/pages\/9345\/revisions"}],"predecessor-version":[{"id":15613,"href":"https:\/\/hand2noteguide.com\/de\/wp-json\/wp\/v2\/pages\/9345\/revisions\/15613"}],"up":[{"embeddable":true,"href":"https:\/\/hand2noteguide.com\/de\/wp-json\/wp\/v2\/pages\/9199"}],"wp:featuredmedia":[{"embeddable":true,"href":"https:\/\/hand2noteguide.com\/de\/wp-json\/wp\/v2\/media\/9356"}],"wp:attachment":[{"href":"https:\/\/hand2noteguide.com\/de\/wp-json\/wp\/v2\/media?parent=9345"}],"curies":[{"name":"wp","href":"https:\/\/api.w.org\/{rel}","templated":true}]}}