{"id":9435,"date":"2025-03-26T16:16:01","date_gmt":"2025-03-26T13:16:01","guid":{"rendered":"https:\/\/hand2noteguide.com\/?page_id=9435"},"modified":"2026-03-10T11:14:58","modified_gmt":"2026-03-10T08:14:58","slug":"marking-hands-in-hand2note","status":"publish","type":"page","link":"https:\/\/hand2noteguide.com\/de\/user-manual\/marking-hands-in-hand2note\/","title":{"rendered":"Markieren von H\u00e4nden in Hand2Note"},"content":{"rendered":"\n<p>Hand2Note erm\u00f6glicht es Ihnen, verschiedene Tags f\u00fcr bereits gespielte H\u00e4nde zu erstellen und anzuwenden, sowie sie zu organisieren, zu exportieren und in visueller Form bereitzustellen.<\/p>\n\n\n\n<h2 class=\"wp-block-heading\">Erstellen von benutzerdefinierten Tags f\u00fcr die Handmarkierung in Hand2Note<\/h2>\n\n\n\n<p>Direkt nach der Installation verf\u00fcgt Hand2Note bereits \u00fcber grundlegende Tags zur Markierung von H\u00e4nden (3), die Sie im Hauptprogrammfenster sehen k\u00f6nnen: \u201eConfiguration\u201c (1) und dann zum Tab &#8220;Marked Hand Tags&#8221; (2) wechseln:<\/p>\n\n\n\n<figure class=\"wp-block-image size-large\"><img loading=\"lazy\" decoding=\"async\" width=\"1024\" height=\"576\" src=\"https:\/\/hand2noteguide.com\/wp-content\/uploads\/2025\/03\/\u0411\u0435\u0437-\u0438\u043c\u0435\u043d\u0438-2221-1024x576.jpg\" alt=\"\" class=\"wp-image-9446\" srcset=\"https:\/\/hand2noteguide.com\/wp-content\/uploads\/2025\/03\/\u0411\u0435\u0437-\u0438\u043c\u0435\u043d\u0438-2221-1024x576.jpg 1024w, https:\/\/hand2noteguide.com\/wp-content\/uploads\/2025\/03\/\u0411\u0435\u0437-\u0438\u043c\u0435\u043d\u0438-2221-300x169.jpg 300w, https:\/\/hand2noteguide.com\/wp-content\/uploads\/2025\/03\/\u0411\u0435\u0437-\u0438\u043c\u0435\u043d\u0438-2221-768x432.jpg 768w, https:\/\/hand2noteguide.com\/wp-content\/uploads\/2025\/03\/\u0411\u0435\u0437-\u0438\u043c\u0435\u043d\u0438-2221-1536x864.jpg 1536w, https:\/\/hand2noteguide.com\/wp-content\/uploads\/2025\/03\/\u0411\u0435\u0437-\u0438\u043c\u0435\u043d\u0438-2221-772x434.jpg 772w, https:\/\/hand2noteguide.com\/wp-content\/uploads\/2025\/03\/\u0411\u0435\u0437-\u0438\u043c\u0435\u043d\u0438-2221-624x351.jpg 624w, https:\/\/hand2noteguide.com\/wp-content\/uploads\/2025\/03\/\u0411\u0435\u0437-\u0438\u043c\u0435\u043d\u0438-2221.jpg 1920w\" sizes=\"auto, (max-width: 1024px) 100vw, 1024px\" \/><\/figure>\n\n\n\n<p>Um einen eigenen Tag zu erstellen, klicken Sie auf \u201eCreate Tag\u2026\u201c (1). Unmittelbar nach dem Klicken auf \u201eCreate Tag\u2026\u201c erscheint ein Tag mit dem Namen \u201emy tag\u201c am Ende der Tag-Liste (2).<\/p>\n\n\n\n<div class=\"wp-block-group\"><div class=\"wp-block-group__inner-container is-layout-constrained wp-block-group-is-layout-constrained\">\n<p>Wenn Sie mit der Maus \u00fcber den Bereich \u201emy tag\u201c (2) fahren, werden Ihnen Werkzeuge zum Bearbeiten angezeigt:<\/p>\n\n\n\n<ul class=\"wp-block-list\">\n<li>Sie k\u00f6nnen die Position des Tags in der Liste \u00e4ndern, indem Sie auf das Pfeilsymbol (5) klicken;<\/li>\n\n\n\n<li>Sie k\u00f6nnen die Farbe des Tags \u00e4ndern, indem Sie auf das farbige Quadrat (4) klicken;<\/li>\n\n\n\n<li>Sie k\u00f6nnen den Namen des Tags \u00e4ndern, indem Sie doppelt auf den Bereich (3) klicken oder einmal auf den Bereich (6) klicken;<\/li>\n\n\n\n<li>Sie k\u00f6nnen eine Markierung l\u00f6schen, indem Sie den Bereich (7) dr\u00fccken.<\/li>\n<\/ul>\n<\/div><\/div>\n\n\n\n<figure class=\"wp-block-image size-full is-resized\"><img loading=\"lazy\" decoding=\"async\" src=\"https:\/\/hand2noteguide.com\/wp-content\/uploads\/2025\/03\/\u0411\u0435\u0437-\u0438\u043c\u0435\u043d\u04386767-1.jpg\" alt=\"\" class=\"wp-image-9447\" width=\"416\" height=\"503\" srcset=\"https:\/\/hand2noteguide.com\/wp-content\/uploads\/2025\/03\/\u0411\u0435\u0437-\u0438\u043c\u0435\u043d\u04386767-1.jpg 442w, https:\/\/hand2noteguide.com\/wp-content\/uploads\/2025\/03\/\u0411\u0435\u0437-\u0438\u043c\u0435\u043d\u04386767-1-248x300.jpg 248w\" sizes=\"auto, (max-width: 416px) 100vw, 416px\" \/><\/figure>\n\n\n\n<h2 class=\"wp-block-heading\">Verschiedene M\u00f6glichkeiten der Handmarkierung<\/h2>\n\n\n\n<div class=\"wp-block-group\"><div class=\"wp-block-group__inner-container is-layout-constrained wp-block-group-is-layout-constrained\">\n<p>Sie k\u00f6nnen H\u00e4nde in Hand2Note in zwei Situationen markieren:<\/p>\n\n\n\n<ul class=\"wp-block-list\">\n<li>Im Moment des Spielens am Tisch;<\/li>\n\n\n\n<li>Au\u00dferhalb des Tisches.<\/li>\n<\/ul>\n<\/div><\/div>\n\n\n\n<div class=\"wp-block-group\"><div class=\"wp-block-group__inner-container is-layout-constrained wp-block-group-is-layout-constrained\">\n<p>Ebenso ist es m\u00f6glich, eine Hand auf zwei Arten zu markieren:<\/p>\n\n\n\n<ul class=\"wp-block-list\">\n<li>Mit dem Tag;<\/li>\n\n\n\n<li>Ohne Tag.<\/li>\n<\/ul>\n<\/div><\/div>\n\n\n\n<h3 class=\"wp-block-heading\">Markierung von H\u00e4nden im Moment des Spielens am Tisch<\/h3>\n\n\n\n<p>Sie k\u00f6nnen die notwendige Hand im Spielprozess unmittelbar nach deren Abschluss (w\u00e4hrend der folgenden Hand) durch Dr\u00fccken von Hotkeys markieren:<\/p>\n\n\n\n<ul class=\"wp-block-list\">\n<li>\u201eF5\u201c &#8211; markiert die zuletzt gespielte Hand am Tisch ohne Verwendung des Tags;<\/li>\n\n\n\n<li>\u201eF6\u201c &#8211; markiert die zuletzt gespielte Hand am Tisch mit Verwendung des Tags.<\/li>\n<\/ul>\n\n\n\n<p>Um die Hotkeys auf die bevorzugten zu \u00e4ndern: \u00d6ffnen Sie \u201eConfiguration\u201c (1), gehen Sie zum Men\u00fc \u201eHUD\u201c (2), scrollen Sie zur Spalte \u201eHot Keys\u201c (3) und \u00e4ndern Sie die Parameter:<\/p>\n\n\n\n<ul class=\"wp-block-list\">\n<li>\u201eMark last hand key\u201c (4) &#8211; setzt den Hotkey f\u00fcr die Markierung der zuletzt gespielten Hand am Tisch ohne Verwendung des Tags;<\/li>\n\n\n\n<li>\u201eMark last hand with tags key\u201c (5) &#8211; setzt den Hotkey f\u00fcr die Markierung der zuletzt gespielten Hand am Tisch mit Verwendung des Tags.<\/li>\n<\/ul>\n\n\n\n<figure class=\"wp-block-image size-large\"><img loading=\"lazy\" decoding=\"async\" width=\"1024\" height=\"576\" src=\"https:\/\/hand2noteguide.com\/wp-content\/uploads\/2025\/03\/\u0411\u0435\u0437-\u0438\u043c\u0435\u043d\u0438-6767671-1024x576.jpg\" alt=\"\" class=\"wp-image-9472\" srcset=\"https:\/\/hand2noteguide.com\/wp-content\/uploads\/2025\/03\/\u0411\u0435\u0437-\u0438\u043c\u0435\u043d\u0438-6767671-1024x576.jpg 1024w, https:\/\/hand2noteguide.com\/wp-content\/uploads\/2025\/03\/\u0411\u0435\u0437-\u0438\u043c\u0435\u043d\u0438-6767671-300x169.jpg 300w, https:\/\/hand2noteguide.com\/wp-content\/uploads\/2025\/03\/\u0411\u0435\u0437-\u0438\u043c\u0435\u043d\u0438-6767671-768x432.jpg 768w, https:\/\/hand2noteguide.com\/wp-content\/uploads\/2025\/03\/\u0411\u0435\u0437-\u0438\u043c\u0435\u043d\u0438-6767671-1536x864.jpg 1536w, https:\/\/hand2noteguide.com\/wp-content\/uploads\/2025\/03\/\u0411\u0435\u0437-\u0438\u043c\u0435\u043d\u0438-6767671-772x434.jpg 772w, https:\/\/hand2noteguide.com\/wp-content\/uploads\/2025\/03\/\u0411\u0435\u0437-\u0438\u043c\u0435\u043d\u0438-6767671-624x351.jpg 624w, https:\/\/hand2noteguide.com\/wp-content\/uploads\/2025\/03\/\u0411\u0435\u0437-\u0438\u043c\u0435\u043d\u0438-6767671.jpg 1920w\" sizes=\"auto, (max-width: 1024px) 100vw, 1024px\" \/><\/figure>\n\n\n\n<h3 class=\"wp-block-heading\">Markierung von H\u00e4nden au\u00dferhalb des Tisches<\/h3>\n\n\n\n<p>Sie k\u00f6nnen die notwendige Hand au\u00dferhalb des Tisches entweder im Abschnitt \u201eSessions\u201c oder im Abschnitt \u201eReports\u201c markieren &#8211; indem Sie sie in einer der beiden Listen der H\u00e4nde (\u201eHands\u201c) finden:<\/p>\n\n\n\n<ul class=\"wp-block-list\">\n<li>F\u00fcr den Abschnitt &#8220;Reports&#8221;: \u00d6ffnen Sie im Hauptfenster von Hand2Note das Men\u00fc \u201eReports\u201c (1), finden Sie die Hand, die Sie markieren m\u00f6chten, in der Liste \u201eHands\u201c (2) und verwenden Sie RMB (rechte Maustaste). W\u00e4hlen Sie in der Dropdown-Liste aus, wie Sie die Hand markieren m\u00f6chten:\n<ul class=\"wp-block-list\">\n<li>Ohne Verwendung des Tags &#8211; durch Klicken auf \u201eMark Hand\u201c (3);<\/li>\n\n\n\n<li>Mit Verwendung eines Tags &#8211; durch Klicken auf \u201eMark Hand With Tags\u2026\u201c (4).<\/li>\n<\/ul>\n<\/li>\n\n\n\n<li>F\u00fcr den Abschnitt &#8220;Sessions&#8221;: \u00d6ffnen Sie im Hauptfenster von Hand2Note das Men\u00fc \u201eSessions\u201c (5), finden Sie die Hand, die Sie markieren m\u00f6chten, in der Liste \u201eHands\u201c (6), und klicken Sie mit der rechten Maustaste darauf. W\u00e4hlen Sie in der Dropdown-Liste aus, wie Sie die Hand markieren m\u00f6chten:\n<ul class=\"wp-block-list\">\n<li>Ohne Verwendung des Tags &#8211; durch Klicken auf \u201eMark Hand\u201c (7);<\/li>\n\n\n\n<li>Mit Verwendung eines Tags &#8211; durch Klicken auf \u201eMark Hand With Tags\u2026\u201c (8).<\/li>\n<\/ul>\n<\/li>\n<\/ul>\n\n\n\n<figure class=\"wp-block-image size-large\"><img loading=\"lazy\" decoding=\"async\" width=\"1024\" height=\"576\" src=\"https:\/\/hand2noteguide.com\/wp-content\/uploads\/2025\/03\/\u0411\u0435\u0437-\u0438\u043c\u0435\u043d\u0438-14568787845455-1024x576.jpg\" alt=\"\" class=\"wp-image-9507\" srcset=\"https:\/\/hand2noteguide.com\/wp-content\/uploads\/2025\/03\/\u0411\u0435\u0437-\u0438\u043c\u0435\u043d\u0438-14568787845455-1024x576.jpg 1024w, https:\/\/hand2noteguide.com\/wp-content\/uploads\/2025\/03\/\u0411\u0435\u0437-\u0438\u043c\u0435\u043d\u0438-14568787845455-300x169.jpg 300w, https:\/\/hand2noteguide.com\/wp-content\/uploads\/2025\/03\/\u0411\u0435\u0437-\u0438\u043c\u0435\u043d\u0438-14568787845455-768x432.jpg 768w, https:\/\/hand2noteguide.com\/wp-content\/uploads\/2025\/03\/\u0411\u0435\u0437-\u0438\u043c\u0435\u043d\u0438-14568787845455-1536x864.jpg 1536w, https:\/\/hand2noteguide.com\/wp-content\/uploads\/2025\/03\/\u0411\u0435\u0437-\u0438\u043c\u0435\u043d\u0438-14568787845455-772x434.jpg 772w, https:\/\/hand2noteguide.com\/wp-content\/uploads\/2025\/03\/\u0411\u0435\u0437-\u0438\u043c\u0435\u043d\u0438-14568787845455-624x351.jpg 624w, https:\/\/hand2noteguide.com\/wp-content\/uploads\/2025\/03\/\u0411\u0435\u0437-\u0438\u043c\u0435\u043d\u0438-14568787845455.jpg 1920w\" sizes=\"auto, (max-width: 1024px) 100vw, 1024px\" \/><\/figure>\n\n\n\n<h2 class=\"wp-block-heading\">Anzeigen, sortieren und exportieren markierter H\u00e4nde in Hand2Note<\/h2>\n\n\n\n<p>Um alle markierten H\u00e4nde anzuzeigen, m\u00fcssen Sie \u201eMarked Hands\u201c im Hauptfenster von Hand2Note ausw\u00e4hlen (1). In der ge\u00f6ffneten Liste k\u00f6nnen Sie alle markierten H\u00e4nde (2) sehen. Au\u00dferdem k\u00f6nnen Sie, wenn Sie auf den Anfang jeder Zeile achten, die Tags (3) sehen, die ihnen zugewiesen wurden, oder das Fehlen von Tags (4) &#8211; f\u00fcr die H\u00e4nde, die ohne Tags markiert wurden.<\/p>\n\n\n\n<figure class=\"wp-block-image size-large\"><img loading=\"lazy\" decoding=\"async\" width=\"1024\" height=\"550\" src=\"https:\/\/hand2noteguide.com\/wp-content\/uploads\/2025\/03\/\u0411\u0435\u0437-\u0438\u043c\u0435\u043d\u0438345-1-1-1024x550.jpg\" alt=\"\" class=\"wp-image-9513\" srcset=\"https:\/\/hand2noteguide.com\/wp-content\/uploads\/2025\/03\/\u0411\u0435\u0437-\u0438\u043c\u0435\u043d\u0438345-1-1-1024x550.jpg 1024w, https:\/\/hand2noteguide.com\/wp-content\/uploads\/2025\/03\/\u0411\u0435\u0437-\u0438\u043c\u0435\u043d\u0438345-1-1-300x161.jpg 300w, https:\/\/hand2noteguide.com\/wp-content\/uploads\/2025\/03\/\u0411\u0435\u0437-\u0438\u043c\u0435\u043d\u0438345-1-1-768x413.jpg 768w, https:\/\/hand2noteguide.com\/wp-content\/uploads\/2025\/03\/\u0411\u0435\u0437-\u0438\u043c\u0435\u043d\u0438345-1-1-1536x825.jpg 1536w, https:\/\/hand2noteguide.com\/wp-content\/uploads\/2025\/03\/\u0411\u0435\u0437-\u0438\u043c\u0435\u043d\u0438345-1-1-772x415.jpg 772w, https:\/\/hand2noteguide.com\/wp-content\/uploads\/2025\/03\/\u0411\u0435\u0437-\u0438\u043c\u0435\u043d\u0438345-1-1-624x335.jpg 624w, https:\/\/hand2noteguide.com\/wp-content\/uploads\/2025\/03\/\u0411\u0435\u0437-\u0438\u043c\u0435\u043d\u0438345-1-1.jpg 1915w\" sizes=\"auto, (max-width: 1024px) 100vw, 1024px\" \/><\/figure>\n\n\n\n<p>Um H\u00e4nde nach Tags zu sortieren, m\u00fcssen Sie auf \u201eTags\u2026\u201c (1) klicken und in der Dropdown-Liste die notwendigen Tags zur Anzeige markieren (2).<\/p>\n\n\n\n<figure class=\"wp-block-image size-large\"><img loading=\"lazy\" decoding=\"async\" width=\"1024\" height=\"564\" src=\"https:\/\/hand2noteguide.com\/wp-content\/uploads\/2025\/03\/\u0411\u0435\u0437-\u04384543\u043a\u0443\u043f\u043c\u0435\u043d\u0438-1-1024x564.jpg\" alt=\"\" class=\"wp-image-9518\" srcset=\"https:\/\/hand2noteguide.com\/wp-content\/uploads\/2025\/03\/\u0411\u0435\u0437-\u04384543\u043a\u0443\u043f\u043c\u0435\u043d\u0438-1-1024x564.jpg 1024w, https:\/\/hand2noteguide.com\/wp-content\/uploads\/2025\/03\/\u0411\u0435\u0437-\u04384543\u043a\u0443\u043f\u043c\u0435\u043d\u0438-1-300x165.jpg 300w, https:\/\/hand2noteguide.com\/wp-content\/uploads\/2025\/03\/\u0411\u0435\u0437-\u04384543\u043a\u0443\u043f\u043c\u0435\u043d\u0438-1-768x423.jpg 768w, https:\/\/hand2noteguide.com\/wp-content\/uploads\/2025\/03\/\u0411\u0435\u0437-\u04384543\u043a\u0443\u043f\u043c\u0435\u043d\u0438-1-1536x846.jpg 1536w, https:\/\/hand2noteguide.com\/wp-content\/uploads\/2025\/03\/\u0411\u0435\u0437-\u04384543\u043a\u0443\u043f\u043c\u0435\u043d\u0438-1-772x425.jpg 772w, https:\/\/hand2noteguide.com\/wp-content\/uploads\/2025\/03\/\u0411\u0435\u0437-\u04384543\u043a\u0443\u043f\u043c\u0435\u043d\u0438-1-624x344.jpg 624w, https:\/\/hand2noteguide.com\/wp-content\/uploads\/2025\/03\/\u0411\u0435\u0437-\u04384543\u043a\u0443\u043f\u043c\u0435\u043d\u0438-1.jpg 1597w\" sizes=\"auto, (max-width: 1024px) 100vw, 1024px\" \/><\/figure>\n\n\n\n<div class=\"wp-block-group\"><div class=\"wp-block-group__inner-container is-layout-constrained wp-block-group-is-layout-constrained\">\n<p>Durch Dr\u00fccken des Zahnradsymbols (1) in der oberen rechten Ecke stehen folgende Funktionen zur Verf\u00fcgung:<\/p>\n\n\n\n<ul class=\"wp-block-list\">\n<li>\u201eImport Marked Hands\u2026\u201c (2) &#8211; importiert H\u00e4nde aus Textdateien in den Abschnitt \u201eMarked Hands\u201c;<\/li>\n\n\n\n<li>\u201eExport Marked Hands\u2026\u201c (3) &#8211; exportiert H\u00e4nde aus dem Abschnitt \u201eMarked Hands\u201c in Textdateien;<\/li>\n\n\n\n<li>\u201eUnmark All Hands\u201c (4) &#8211; entfernt die Markierung aller H\u00e4nde aus \u201eMarked Hands\u201c und entfernt sie aus dem Abschnitt.<\/li>\n<\/ul>\n<\/div><\/div>\n\n\n\n<figure class=\"wp-block-image size-large\"><img loading=\"lazy\" decoding=\"async\" width=\"1024\" height=\"551\" src=\"https:\/\/hand2noteguide.com\/wp-content\/uploads\/2025\/03\/\u0411\u0435\u0437-\u043878\u0435\u043d\u043c\u0435\u043d\u0438-1-1024x551.jpg\" alt=\"\" class=\"wp-image-9519\" srcset=\"https:\/\/hand2noteguide.com\/wp-content\/uploads\/2025\/03\/\u0411\u0435\u0437-\u043878\u0435\u043d\u043c\u0435\u043d\u0438-1-1024x551.jpg 1024w, https:\/\/hand2noteguide.com\/wp-content\/uploads\/2025\/03\/\u0411\u0435\u0437-\u043878\u0435\u043d\u043c\u0435\u043d\u0438-1-300x161.jpg 300w, https:\/\/hand2noteguide.com\/wp-content\/uploads\/2025\/03\/\u0411\u0435\u0437-\u043878\u0435\u043d\u043c\u0435\u043d\u0438-1-768x413.jpg 768w, https:\/\/hand2noteguide.com\/wp-content\/uploads\/2025\/03\/\u0411\u0435\u0437-\u043878\u0435\u043d\u043c\u0435\u043d\u0438-1-1536x827.jpg 1536w, https:\/\/hand2noteguide.com\/wp-content\/uploads\/2025\/03\/\u0411\u0435\u0437-\u043878\u0435\u043d\u043c\u0435\u043d\u0438-1-772x415.jpg 772w, https:\/\/hand2noteguide.com\/wp-content\/uploads\/2025\/03\/\u0411\u0435\u0437-\u043878\u0435\u043d\u043c\u0435\u043d\u0438-1-624x336.jpg 624w, https:\/\/hand2noteguide.com\/wp-content\/uploads\/2025\/03\/\u0411\u0435\u0437-\u043878\u0435\u043d\u043c\u0435\u043d\u0438-1.jpg 1916w\" sizes=\"auto, (max-width: 1024px) 100vw, 1024px\" \/><\/figure>\n\n\n\n<p><\/p>\n","protected":false},"excerpt":{"rendered":"<p>Hand2Note erm\u00f6glicht es Ihnen, verschiedene Tags f\u00fcr bereits gespielte H\u00e4nde zu erstellen und anzuwenden, sowie sie zu organisieren, zu exportieren und in visueller Form bereitzustellen. Erstellen von benutzerdefinierten Tags f\u00fcr die Handmarkierung in Hand2Note Direkt nach der Installation verf\u00fcgt Hand2Note bereits \u00fcber grundlegende Tags zur Markierung von H\u00e4nden (3), die Sie im Hauptprogrammfenster sehen k\u00f6nnen: &hellip; <a href=\"https:\/\/hand2noteguide.com\/de\/user-manual\/marking-hands-in-hand2note\/\" class=\"more-link\">Continue reading <span class=\"screen-reader-text\">Markieren von H\u00e4nden in Hand2Note<\/span><\/a><\/p>\n","protected":false},"author":3,"featured_media":9537,"parent":9199,"menu_order":0,"comment_status":"closed","ping_status":"closed","template":"","meta":{"footnotes":""},"class_list":["post-9435","page","type-page","status-publish","has-post-thumbnail","hentry"],"translation":{"provider":"WPGlobus","version":"3.0.2","language":"de","enabled_languages":["en","ru","pt","zh","es","fr","de","it","ja"],"languages":{"en":{"title":true,"content":true,"excerpt":false},"ru":{"title":true,"content":true,"excerpt":false},"pt":{"title":true,"content":true,"excerpt":false},"zh":{"title":true,"content":true,"excerpt":false},"es":{"title":true,"content":true,"excerpt":false},"fr":{"title":true,"content":true,"excerpt":false},"de":{"title":true,"content":true,"excerpt":false},"it":{"title":true,"content":true,"excerpt":false},"ja":{"title":true,"content":true,"excerpt":false}}},"yoast_head":"<!-- This site is optimized with the Yoast SEO plugin v27.0 - https:\/\/yoast.com\/product\/yoast-seo-wordpress\/ -->\n<title>Wie man Pokerh\u00e4nde in Hand2Note markiert und organisiert<\/title>\n<meta name=\"description\" content=\"Erfahren Sie, wie Sie in Hand2Note benutzerdefinierte Tags erstellen, anwenden und verwalten, um H\u00e4nde w\u00e4hrend oder nach dem Spiel zu markieren, sie zu organisieren, anzuzeigen, zu exportieren oder einfach zu sortieren.\" \/>\n<meta name=\"robots\" content=\"index, follow, max-snippet:-1, max-image-preview:large, max-video-preview:-1\" \/>\n<link rel=\"canonical\" href=\"https:\/\/hand2noteguide.com\/user-manual\/marking-hands-in-hand2note\/\" \/>\n<meta property=\"og:locale\" content=\"de_DE\" \/>\n<meta property=\"og:type\" content=\"article\" \/>\n<meta property=\"og:title\" content=\"\u041c\u0430\u0440\u043a\u0438\u0440\u043e\u0432\u043a\u0430 \u0440\u0443\u043a \u0432 Hand2Note\" \/>\n<meta property=\"og:description\" content=\"Hand2Note \u043f\u043e\u0437\u0432\u043e\u043b\u044f\u0435\u0442 \u043f\u0440\u0438\u043c\u0435\u043d\u044f\u0442\u044c \u0440\u0430\u0437\u043b\u0438\u0447\u043d\u044b\u0435 \u043c\u0435\u0442\u043a\u0438 \u043d\u0430 \u0443\u0436\u0435 \u0441\u044b\u0433\u0440\u0430\u043d\u043d\u044b\u0435 \u0440\u0430\u0437\u0434\u0430\u0447\u0438, \u0430 \u0442\u0430\u043a \u0436\u0435 \u0438\u0445 \u0441\u0438\u0441\u0442\u0435\u043c\u0430\u0442\u0438\u0437\u0438\u0440\u043e\u0432\u0430\u0442\u044c, \u044d\u043a\u0441\u043f\u043e\u0440\u0442\u0438\u0440\u043e\u0432\u0430\u0442\u044c \u0438 \u043f\u0440\u0435\u0434\u043e\u0441\u0442\u0430\u0432\u043b\u044f\u0442\u044c \u0432 \u043d\u0430\u0433\u043b\u044f\u0434\u043d\u043e\u043c \u0432\u0438\u0434\u0435.\" \/>\n<meta property=\"og:url\" content=\"https:\/\/hand2noteguide.com\/user-manual\/marking-hands-in-hand2note\/\" \/>\n<meta property=\"og:site_name\" content=\"Hand2Note Guide\" \/>\n<meta property=\"article:modified_time\" content=\"2026-03-10T08:14:58+00:00\" \/>\n<meta property=\"og:image\" content=\"http:\/\/hand2noteguide.com\/wp-content\/uploads\/2025\/03\/--1-2-1024x576-1.jpg\" \/>\n\t<meta property=\"og:image:width\" content=\"1024\" \/>\n\t<meta property=\"og:image:height\" content=\"576\" \/>\n\t<meta property=\"og:image:type\" content=\"image\/jpeg\" \/>\n<meta name=\"twitter:card\" content=\"summary_large_image\" \/>\n<meta name=\"twitter:label1\" content=\"Est. reading time\" \/>\n\t<meta name=\"twitter:data1\" content=\"22 minutes\" \/>\n<!-- \/ Yoast SEO plugin. -->","yoast_head_json":{"title":"Wie man Pokerh\u00e4nde in Hand2Note markiert und organisiert","description":"Erfahren Sie, wie Sie in Hand2Note benutzerdefinierte Tags erstellen, anwenden und verwalten, um H\u00e4nde w\u00e4hrend oder nach dem Spiel zu markieren, sie zu organisieren, anzuzeigen, zu exportieren oder einfach zu sortieren.","robots":{"index":"index","follow":"follow","max-snippet":"max-snippet:-1","max-image-preview":"max-image-preview:large","max-video-preview":"max-video-preview:-1"},"canonical":"https:\/\/hand2noteguide.com\/user-manual\/marking-hands-in-hand2note\/","og_locale":"de_DE","og_type":"article","og_title":"\u041c\u0430\u0440\u043a\u0438\u0440\u043e\u0432\u043a\u0430 \u0440\u0443\u043a \u0432 Hand2Note","og_description":"Hand2Note \u043f\u043e\u0437\u0432\u043e\u043b\u044f\u0435\u0442 \u043f\u0440\u0438\u043c\u0435\u043d\u044f\u0442\u044c \u0440\u0430\u0437\u043b\u0438\u0447\u043d\u044b\u0435 \u043c\u0435\u0442\u043a\u0438 \u043d\u0430 \u0443\u0436\u0435 \u0441\u044b\u0433\u0440\u0430\u043d\u043d\u044b\u0435 \u0440\u0430\u0437\u0434\u0430\u0447\u0438, \u0430 \u0442\u0430\u043a \u0436\u0435 \u0438\u0445 \u0441\u0438\u0441\u0442\u0435\u043c\u0430\u0442\u0438\u0437\u0438\u0440\u043e\u0432\u0430\u0442\u044c, \u044d\u043a\u0441\u043f\u043e\u0440\u0442\u0438\u0440\u043e\u0432\u0430\u0442\u044c \u0438 \u043f\u0440\u0435\u0434\u043e\u0441\u0442\u0430\u0432\u043b\u044f\u0442\u044c \u0432 \u043d\u0430\u0433\u043b\u044f\u0434\u043d\u043e\u043c \u0432\u0438\u0434\u0435.","og_url":"https:\/\/hand2noteguide.com\/user-manual\/marking-hands-in-hand2note\/","og_site_name":"Hand2Note Guide","article_modified_time":"2026-03-10T08:14:58+00:00","og_image":[{"width":1024,"height":576,"url":"http:\/\/hand2noteguide.com\/wp-content\/uploads\/2025\/03\/--1-2-1024x576-1.jpg","type":"image\/jpeg"}],"twitter_card":"summary_large_image","twitter_misc":{"Est. reading time":"22 minutes"},"schema":{"@context":"https:\/\/schema.org","@graph":[]}},"jetpack_sharing_enabled":true,"_links":{"self":[{"href":"https:\/\/hand2noteguide.com\/de\/wp-json\/wp\/v2\/pages\/9435","targetHints":{"allow":["GET"]}}],"collection":[{"href":"https:\/\/hand2noteguide.com\/de\/wp-json\/wp\/v2\/pages"}],"about":[{"href":"https:\/\/hand2noteguide.com\/de\/wp-json\/wp\/v2\/types\/page"}],"author":[{"embeddable":true,"href":"https:\/\/hand2noteguide.com\/de\/wp-json\/wp\/v2\/users\/3"}],"replies":[{"embeddable":true,"href":"https:\/\/hand2noteguide.com\/de\/wp-json\/wp\/v2\/comments?post=9435"}],"version-history":[{"count":60,"href":"https:\/\/hand2noteguide.com\/de\/wp-json\/wp\/v2\/pages\/9435\/revisions"}],"predecessor-version":[{"id":15614,"href":"https:\/\/hand2noteguide.com\/de\/wp-json\/wp\/v2\/pages\/9435\/revisions\/15614"}],"up":[{"embeddable":true,"href":"https:\/\/hand2noteguide.com\/de\/wp-json\/wp\/v2\/pages\/9199"}],"wp:featuredmedia":[{"embeddable":true,"href":"https:\/\/hand2noteguide.com\/de\/wp-json\/wp\/v2\/media\/9537"}],"wp:attachment":[{"href":"https:\/\/hand2noteguide.com\/de\/wp-json\/wp\/v2\/media?parent=9435"}],"curies":[{"name":"wp","href":"https:\/\/api.w.org\/{rel}","templated":true}]}}