{"id":95,"date":"2018-07-30T02:09:53","date_gmt":"2018-07-29T23:09:53","guid":{"rendered":"https:\/\/h2n312.wordpress.com\/?page_id=95"},"modified":"2025-06-04T19:19:09","modified_gmt":"2025-06-04T16:19:09","slug":"h2n-takes-much-space","status":"publish","type":"page","link":"https:\/\/hand2noteguide.com\/de\/issues-resolving\/h2n-takes-much-space\/","title":{"rendered":"Hand2Note nimmt zu viel Speicherplatz ein"},"content":{"rendered":"\n<p>Standardm\u00e4\u00dfig befindet sich der Hand2Note-Ordner in <strong>C:\/Program Files\/Hand2Note<\/strong>. Wenn dieser Ordner zu viel Speicherplatz einnimmt, wird der meiste Platz wahrscheinlich von Protokolldateien (<strong>logs<\/strong>-Ordner) belegt.<\/p>\n\n\n\n<figure class=\"wp-block-image\"><img loading=\"lazy\" decoding=\"async\" width=\"827\" height=\"549\" src=\"https:\/\/hand2noteguide.com\/wp-content\/uploads\/2020\/04\/hand2note-logs-folder.png\" alt=\"hand2note logs folder\" class=\"wp-image-2237\" srcset=\"https:\/\/hand2noteguide.com\/wp-content\/uploads\/2020\/04\/hand2note-logs-folder.png 827w, https:\/\/hand2noteguide.com\/wp-content\/uploads\/2020\/04\/hand2note-logs-folder-300x199.png 300w, https:\/\/hand2noteguide.com\/wp-content\/uploads\/2020\/04\/hand2note-logs-folder-768x510.png 768w, https:\/\/hand2noteguide.com\/wp-content\/uploads\/2020\/04\/hand2note-logs-folder-772x512.png 772w, https:\/\/hand2noteguide.com\/wp-content\/uploads\/2020\/04\/hand2note-logs-folder-624x414.png 624w\" sizes=\"auto, (max-width: 827px) 100vw, 827px\" \/><figcaption>Hand2Note logs Ordner<\/figcaption><\/figure>\n\n\n\n<p>Sie k\u00f6nnen diesen Ordner vollst\u00e4ndig l\u00f6schen, wenn seine Gr\u00f6\u00dfe Sie st\u00f6rt, es wird die Funktionalit\u00e4t der Software nicht beeintr\u00e4chtigen.<\/p>\n\n\n\n<p>Sie k\u00f6nnen das Logging auch in den Programmeinstellungen deaktivieren. Gehen Sie dazu zu <em>Einstellungen \u2192 Weitere Optionen \u2192 Logging<\/em>, deaktivieren Sie alle Optionen und klicken Sie auf &#8220;Speichern&#8221;:<\/p>\n\n\n\n<figure class=\"wp-block-image\"><img loading=\"lazy\" decoding=\"async\" width=\"855\" height=\"632\" src=\"https:\/\/hand2noteguide.com\/wp-content\/uploads\/2020\/04\/hand2note-logging-options.png\" alt=\"hand2note logging options\" class=\"wp-image-2238\" srcset=\"https:\/\/hand2noteguide.com\/wp-content\/uploads\/2020\/04\/hand2note-logging-options.png 855w, https:\/\/hand2noteguide.com\/wp-content\/uploads\/2020\/04\/hand2note-logging-options-300x222.png 300w, https:\/\/hand2noteguide.com\/wp-content\/uploads\/2020\/04\/hand2note-logging-options-768x568.png 768w, https:\/\/hand2noteguide.com\/wp-content\/uploads\/2020\/04\/hand2note-logging-options-772x571.png 772w, https:\/\/hand2noteguide.com\/wp-content\/uploads\/2020\/04\/hand2note-logging-options-624x461.png 624w\" sizes=\"auto, (max-width: 855px) 100vw, 855px\" \/><figcaption>Logging-Optionen deaktivieren<\/figcaption><\/figure>\n\n\n\n<p>Danach speichert Hand2Note nur noch die notwendigsten Systemprotokolle, die nicht viel Platz einnehmen.<\/p>\n\n\n\n<p>Ein erheblicher Teil des Speicherplatzes kann auch von der <a href=\"https:\/\/hand2noteguide.com\/de\/guide\/database\/\">Datenbank<\/a> belegt werden. Sie k\u00f6nnen die <a href=\"https:\/\/hand2noteguide.com\/de\/guide\/database\/move-database-to-another-drive\/\">Datenbank auf eine andere Festplatte verschieben<\/a> oder einfach eine <a href=\"https:\/\/hand2noteguide.com\/de\/guide\/database\/create-database\/\">neue Datenbank erstellen<\/a> und nur relevante H\u00e4nde importieren.<\/p>\n","protected":false},"excerpt":{"rendered":"<p>Standardm\u00e4\u00dfig befindet sich der Hand2Note-Ordner in C:\/Program Files\/Hand2Note. Wenn dieser Ordner zu viel Speicherplatz einnimmt, wird der meiste Platz wahrscheinlich von Protokolldateien (logs-Ordner) belegt. Sie k\u00f6nnen diesen Ordner vollst\u00e4ndig l\u00f6schen, wenn seine Gr\u00f6\u00dfe Sie st\u00f6rt, es wird die Funktionalit\u00e4t der Software nicht beeintr\u00e4chtigen. Sie k\u00f6nnen das Logging auch in den Programmeinstellungen deaktivieren. Gehen Sie dazu &hellip; <a href=\"https:\/\/hand2noteguide.com\/de\/issues-resolving\/h2n-takes-much-space\/\" class=\"more-link\">Continue reading <span class=\"screen-reader-text\">Hand2Note nimmt zu viel Speicherplatz ein<\/span><\/a><\/p>\n","protected":false},"author":1,"featured_media":0,"parent":236,"menu_order":3,"comment_status":"closed","ping_status":"closed","template":"page-templates\/full-width-page.php","meta":{"footnotes":""},"class_list":["post-95","page","type-page","status-publish","hentry"],"translation":{"provider":"WPGlobus","version":"3.0.2","language":"de","enabled_languages":["en","ru","pt","zh","es","fr","de","it","ja"],"languages":{"en":{"title":true,"content":true,"excerpt":false},"ru":{"title":true,"content":true,"excerpt":false},"pt":{"title":true,"content":true,"excerpt":false},"zh":{"title":true,"content":true,"excerpt":false},"es":{"title":true,"content":true,"excerpt":false},"fr":{"title":true,"content":true,"excerpt":false},"de":{"title":true,"content":true,"excerpt":false},"it":{"title":true,"content":true,"excerpt":false},"ja":{"title":true,"content":true,"excerpt":false}}},"yoast_head":"<!-- This site is optimized with the Yoast SEO plugin v27.0 - https:\/\/yoast.com\/product\/yoast-seo-wordpress\/ -->\n<title>Optimieren Sie den Speicherplatz von Hand2Note: Platz einfach freigeben<\/title>\n<meta name=\"description\" content=\"Erfahren Sie, wie Sie den Speicherplatz von Hand2Note verwalten, indem Sie Protokolldateien l\u00f6schen und Datenbanken verschieben. Platz freigeben, ohne die Softwareleistung zu beeintr\u00e4chtigen.\" \/>\n<meta name=\"robots\" content=\"index, follow, max-snippet:-1, max-image-preview:large, max-video-preview:-1\" \/>\n<link rel=\"canonical\" href=\"https:\/\/hand2noteguide.com\/issues-resolving\/h2n-takes-much-space\/\" \/>\n<meta property=\"og:locale\" content=\"de_DE\" \/>\n<meta property=\"og:type\" content=\"article\" \/>\n<meta property=\"og:title\" content=\"Optimieren Sie den Speicherplatz von Hand2Note: Platz einfach freigeben\" \/>\n<meta property=\"og:description\" content=\"Erfahren Sie, wie Sie den Speicherplatz von Hand2Note verwalten, indem Sie Protokolldateien l\u00f6schen und Datenbanken verschieben. Platz freigeben, ohne die Softwareleistung zu beeintr\u00e4chtigen.\" \/>\n<meta property=\"og:url\" content=\"https:\/\/hand2noteguide.com\/issues-resolving\/h2n-takes-much-space\/\" \/>\n<meta property=\"og:site_name\" content=\"Hand2Note Guide\" \/>\n<meta property=\"article:modified_time\" content=\"2025-06-04T16:19:09+00:00\" \/>\n<meta property=\"og:image\" content=\"https:\/\/hand2noteguide.com\/wp-content\/uploads\/2018\/07\/logs111.png\" \/>\n<meta name=\"twitter:card\" content=\"summary_large_image\" \/>\n<meta name=\"twitter:label1\" content=\"Est. reading time\" \/>\n\t<meta name=\"twitter:data1\" content=\"5 minutes\" \/>\n<!-- \/ Yoast SEO plugin. -->","yoast_head_json":{"title":"Optimieren Sie den Speicherplatz von Hand2Note: Platz einfach freigeben","description":"Erfahren Sie, wie Sie den Speicherplatz von Hand2Note verwalten, indem Sie Protokolldateien l\u00f6schen und Datenbanken verschieben. Platz freigeben, ohne die Softwareleistung zu beeintr\u00e4chtigen.","robots":{"index":"index","follow":"follow","max-snippet":"max-snippet:-1","max-image-preview":"max-image-preview:large","max-video-preview":"max-video-preview:-1"},"canonical":"https:\/\/hand2noteguide.com\/issues-resolving\/h2n-takes-much-space\/","og_locale":"de_DE","og_type":"article","og_title":"Optimieren Sie den Speicherplatz von Hand2Note: Platz einfach freigeben","og_description":"Erfahren Sie, wie Sie den Speicherplatz von Hand2Note verwalten, indem Sie Protokolldateien l\u00f6schen und Datenbanken verschieben. Platz freigeben, ohne die Softwareleistung zu beeintr\u00e4chtigen.","og_url":"https:\/\/hand2noteguide.com\/issues-resolving\/h2n-takes-much-space\/","og_site_name":"Hand2Note Guide","article_modified_time":"2025-06-04T16:19:09+00:00","og_image":[{"url":"https:\/\/hand2noteguide.com\/wp-content\/uploads\/2018\/07\/logs111.png","type":"","width":"","height":""}],"twitter_card":"summary_large_image","twitter_misc":{"Est. reading time":"5 minutes"},"schema":{"@context":"https:\/\/schema.org","@graph":[]}},"jetpack_sharing_enabled":false,"_links":{"self":[{"href":"https:\/\/hand2noteguide.com\/de\/wp-json\/wp\/v2\/pages\/95","targetHints":{"allow":["GET"]}}],"collection":[{"href":"https:\/\/hand2noteguide.com\/de\/wp-json\/wp\/v2\/pages"}],"about":[{"href":"https:\/\/hand2noteguide.com\/de\/wp-json\/wp\/v2\/types\/page"}],"author":[{"embeddable":true,"href":"https:\/\/hand2noteguide.com\/de\/wp-json\/wp\/v2\/users\/1"}],"replies":[{"embeddable":true,"href":"https:\/\/hand2noteguide.com\/de\/wp-json\/wp\/v2\/comments?post=95"}],"version-history":[{"count":15,"href":"https:\/\/hand2noteguide.com\/de\/wp-json\/wp\/v2\/pages\/95\/revisions"}],"predecessor-version":[{"id":13559,"href":"https:\/\/hand2noteguide.com\/de\/wp-json\/wp\/v2\/pages\/95\/revisions\/13559"}],"up":[{"embeddable":true,"href":"https:\/\/hand2noteguide.com\/de\/wp-json\/wp\/v2\/pages\/236"}],"wp:attachment":[{"href":"https:\/\/hand2noteguide.com\/de\/wp-json\/wp\/v2\/media?parent=95"}],"curies":[{"name":"wp","href":"https:\/\/api.w.org\/{rel}","templated":true}]}}