{"id":9541,"date":"2025-04-02T19:32:06","date_gmt":"2025-04-02T16:32:06","guid":{"rendered":"https:\/\/hand2noteguide.com\/?page_id=9541"},"modified":"2026-03-10T11:15:43","modified_gmt":"2026-03-10T08:15:43","slug":"how-to-distinguish-between-a-fish-and-a-hu-reg","status":"publish","type":"page","link":"https:\/\/hand2noteguide.com\/de\/user-manual\/how-to-distinguish-between-a-fish-and-a-hu-reg\/","title":{"rendered":"Wie man Fische von Heads-Up-Spielern an 3+max Tischen mit Hand2Note unterscheidet"},"content":{"rendered":"\n<p>Es gibt Situationen, in denen Spieler, die das Heads-Up-Format (zwei Spieler pro Tisch) bevorzugen, sich an 3+max Tische (drei oder mehr Spieler pro Tisch) setzen. Gleichzeitig findet ihr Hauptspielvolumen an den Heads-Up-Tischen statt, wo ihr VPIP (Prozentsatz des freiwilligen Geldes im Pot) viel h\u00f6her sein wird als bei den 3+max Tischen. Dies f\u00fchrt zu einer insgesamt verschwommenen Statistik des Spielers, und infolgedessen ist es eine falsche Auswahl f\u00fcr uns, gegen ihn an 3+max Tischen zu spielen, da wir ihn f\u00e4lschlicherweise f\u00fcr einen Fisch halten.<\/p>\n\n\n\n<p>Hand2Note erm\u00f6glicht es Ihnen, Statistiken anzupassen, indem es sie in Formate unterteilt &#8211; Heads-Up-Statistiken und Statistiken beim Spielen an 3+max Tischen. Indem HUDs und Popups mit den Heads-Up-Statistiken des Spielers an den Heads-Up-Tischen angezeigt werden und f\u00fcr die 3+max Tische &#8211; die Statistiken des Spielers, die gesammelt wurden, als er an den 3+max Tischen spielte.<\/p>\n\n\n\n<h2 class=\"wp-block-heading\">Anpassen von Hand2Note zur Anpassung der Statistiken f\u00fcr Heads-Up- und 3+max-Tische<\/h2>\n\n\n\n<p>In diesem Beispiel schauen wir uns die Einrichtung des benutzerdefinierten Profils f\u00fcr das Spielen von Texas Holdem NL Cash an.<\/p>\n\n\n\n<p>\u00d6ffnen Sie im Hauptfenster von Hand2Note das Men\u00fc \u201eConfiguration\u201c (1) und w\u00e4hlen Sie \u201eGame Types\u201c (2). Klicken Sie dann auf das Profil \u201eTexas Holdem NL Cash\u201c (3) und \u00e4ndern Sie den Wert vom Standard \u201e2 to 10\u201c auf \u201e2 to 2\u201c (4). Klicken Sie dann auf das \u201e+\u201c unter der Profilliste (5), um ein neues Profil zu erstellen.<\/p>\n\n\n\n<figure class=\"wp-block-image size-large\"><img loading=\"lazy\" decoding=\"async\" width=\"1024\" height=\"551\" src=\"https:\/\/hand2noteguide.com\/wp-content\/uploads\/2025\/04\/1-1-1024x551.jpg\" alt=\"\" class=\"wp-image-9577\" srcset=\"https:\/\/hand2noteguide.com\/wp-content\/uploads\/2025\/04\/1-1-1024x551.jpg 1024w, https:\/\/hand2noteguide.com\/wp-content\/uploads\/2025\/04\/1-1-300x161.jpg 300w, https:\/\/hand2noteguide.com\/wp-content\/uploads\/2025\/04\/1-1-768x413.jpg 768w, https:\/\/hand2noteguide.com\/wp-content\/uploads\/2025\/04\/1-1-1536x826.jpg 1536w, https:\/\/hand2noteguide.com\/wp-content\/uploads\/2025\/04\/1-1-772x415.jpg 772w, https:\/\/hand2noteguide.com\/wp-content\/uploads\/2025\/04\/1-1-624x336.jpg 624w, https:\/\/hand2noteguide.com\/wp-content\/uploads\/2025\/04\/1-1.jpg 1917w\" sizes=\"auto, (max-width: 1024px) 100vw, 1024px\" \/><\/figure>\n\n\n\n<p>\u00c4ndern Sie im neuen Profil den Wert in der Zeile \u201ePlayers In Hand\u201c vom Standard \u201e2 to 10\u201c auf \u201e3 to 10\u201c (1). Stellen Sie als N\u00e4chstes sicher, dass die Profile gespeichert sind, indem Sie die \u00c4nderungen in ihren Namen von dem urspr\u00fcnglich identischen \u201eTexas Holdem NL Cash\u201c zu \u201eTexas Holdem NL Cash 2-2 players\u201c und \u201eTexas Holdem NL Cash 3-10 players\u201c \u00fcberpr\u00fcfen (2).<\/p>\n\n\n\n<figure class=\"wp-block-image size-large\"><img loading=\"lazy\" decoding=\"async\" width=\"1024\" height=\"550\" src=\"https:\/\/hand2noteguide.com\/wp-content\/uploads\/2025\/04\/2-1024x550.jpg\" alt=\"\" class=\"wp-image-9578\" srcset=\"https:\/\/hand2noteguide.com\/wp-content\/uploads\/2025\/04\/2-1024x550.jpg 1024w, https:\/\/hand2noteguide.com\/wp-content\/uploads\/2025\/04\/2-300x161.jpg 300w, https:\/\/hand2noteguide.com\/wp-content\/uploads\/2025\/04\/2-768x413.jpg 768w, https:\/\/hand2noteguide.com\/wp-content\/uploads\/2025\/04\/2-1536x826.jpg 1536w, https:\/\/hand2noteguide.com\/wp-content\/uploads\/2025\/04\/2-772x415.jpg 772w, https:\/\/hand2noteguide.com\/wp-content\/uploads\/2025\/04\/2-624x335.jpg 624w, https:\/\/hand2noteguide.com\/wp-content\/uploads\/2025\/04\/2.jpg 1918w\" sizes=\"auto, (max-width: 1024px) 100vw, 1024px\" \/><\/figure>\n\n\n\n<p>Wenn Sie bereits einige Statistiken in Hand2Note hochgeladen haben, sollten diese mit den neuen \u00c4nderungen neu aufgebaut werden. Wenn nicht, haben Sie die Einrichtung mit der Anpassung der Statistiken f\u00fcr Heads-Up- und 3+max-Tische abgeschlossen, und diese Profile werden in Zukunft im Programm funktionieren.<\/p>\n\n\n\n<p>Um zuvor geladene Statistiken neu zu erstellen, finden Sie in der oberen Zeile des Programmfensters das Men\u00fc \u201eDatabase\u201c (1) und klicken Sie darauf. W\u00e4hlen Sie in der Dropdown-Liste \u201eClean &amp; Rebuild Statistics\u201c (2) und klicken Sie im Fenster \u201eBuild Statistics\u201c auf \u201eAPPLY\u201c (3). Warten Sie, bis die Neuberechnung der Statistiken abgeschlossen ist.<\/p>\n\n\n\n<figure class=\"wp-block-image size-large\"><img loading=\"lazy\" decoding=\"async\" width=\"1024\" height=\"552\" src=\"https:\/\/hand2noteguide.com\/wp-content\/uploads\/2025\/04\/3-1024x552.jpg\" alt=\"\" class=\"wp-image-9579\" srcset=\"https:\/\/hand2noteguide.com\/wp-content\/uploads\/2025\/04\/3-1024x552.jpg 1024w, https:\/\/hand2noteguide.com\/wp-content\/uploads\/2025\/04\/3-300x162.jpg 300w, https:\/\/hand2noteguide.com\/wp-content\/uploads\/2025\/04\/3-768x414.jpg 768w, https:\/\/hand2noteguide.com\/wp-content\/uploads\/2025\/04\/3-1536x828.jpg 1536w, https:\/\/hand2noteguide.com\/wp-content\/uploads\/2025\/04\/3-772x416.jpg 772w, https:\/\/hand2noteguide.com\/wp-content\/uploads\/2025\/04\/3-624x336.jpg 624w, https:\/\/hand2noteguide.com\/wp-content\/uploads\/2025\/04\/3.jpg 1913w\" sizes=\"auto, (max-width: 1024px) 100vw, 1024px\" \/><\/figure>\n\n\n\n<p>Die Einrichtung ist abgeschlossen, Sie k\u00f6nnen das Programm testen, indem Sie sich an verschiedene Tische (Heads-Up und 3+max) mit demselben Gegner setzen und die \u00c4nderungen bemerken.<\/p>\n","protected":false},"excerpt":{"rendered":"<p>Es gibt Situationen, in denen Spieler, die das Heads-Up-Format (zwei Spieler pro Tisch) bevorzugen, sich an 3+max Tische (drei oder mehr Spieler pro Tisch) setzen. Gleichzeitig findet ihr Hauptspielvolumen an den Heads-Up-Tischen statt, wo ihr VPIP (Prozentsatz des freiwilligen Geldes im Pot) viel h\u00f6her sein wird als bei den 3+max Tischen. Dies f\u00fchrt zu einer &hellip; <a href=\"https:\/\/hand2noteguide.com\/de\/user-manual\/how-to-distinguish-between-a-fish-and-a-hu-reg\/\" class=\"more-link\">Continue reading <span class=\"screen-reader-text\">Wie man Fische von Heads-Up-Spielern an 3+max Tischen mit Hand2Note unterscheidet<\/span><\/a><\/p>\n","protected":false},"author":3,"featured_media":9573,"parent":9199,"menu_order":0,"comment_status":"closed","ping_status":"closed","template":"","meta":{"footnotes":""},"class_list":["post-9541","page","type-page","status-publish","has-post-thumbnail","hentry"],"translation":{"provider":"WPGlobus","version":"3.0.2","language":"de","enabled_languages":["en","ru","pt","zh","es","fr","de","it","ja"],"languages":{"en":{"title":true,"content":true,"excerpt":false},"ru":{"title":true,"content":true,"excerpt":false},"pt":{"title":true,"content":true,"excerpt":false},"zh":{"title":true,"content":true,"excerpt":false},"es":{"title":true,"content":true,"excerpt":false},"fr":{"title":true,"content":true,"excerpt":false},"de":{"title":true,"content":true,"excerpt":false},"it":{"title":true,"content":true,"excerpt":false},"ja":{"title":true,"content":true,"excerpt":false}}},"yoast_head":"<!-- This site is optimized with the Yoast SEO plugin v27.0 - https:\/\/yoast.com\/product\/yoast-seo-wordpress\/ -->\n<title>Wie man Fische von Heads-Up-Spielern an 3+max Tischen mit Hand2Note unterscheidet<\/title>\n<meta name=\"description\" content=\"Verbessern Sie Ihre Poker-Leseweise, indem Sie Heads-Up- und 3+max-Statistiken in Hand2Note trennen. Richten Sie genaue Profile ein und vermeiden Sie irref\u00fchrende Daten aus gemischten Tischformaten.\" \/>\n<meta name=\"robots\" content=\"index, follow, max-snippet:-1, max-image-preview:large, max-video-preview:-1\" \/>\n<link rel=\"canonical\" href=\"https:\/\/hand2noteguide.com\/user-manual\/how-to-distinguish-between-a-fish-and-a-hu-reg\/\" \/>\n<meta property=\"og:locale\" content=\"de_DE\" \/>\n<meta property=\"og:type\" content=\"article\" \/>\n<meta property=\"og:title\" content=\"Wie man Fische von Heads-Up-Spielern an 3+max Tischen mit Hand2Note unterscheidet\" \/>\n<meta property=\"og:description\" content=\"Verbessern Sie Ihre Poker-Leseweise, indem Sie Heads-Up- und 3+max-Statistiken in Hand2Note trennen. Richten Sie genaue Profile ein und vermeiden Sie irref\u00fchrende Daten aus gemischten Tischformaten.\" \/>\n<meta property=\"og:url\" content=\"https:\/\/hand2noteguide.com\/user-manual\/how-to-distinguish-between-a-fish-and-a-hu-reg\/\" \/>\n<meta property=\"og:site_name\" content=\"Hand2Note Guide\" \/>\n<meta property=\"article:modified_time\" content=\"2026-03-10T08:15:43+00:00\" \/>\n<meta property=\"og:image\" content=\"https:\/\/hand2noteguide.com\/wp-content\/uploads\/2025\/04\/Poker-Table.jpg\" \/>\n\t<meta property=\"og:image:width\" content=\"988\" \/>\n\t<meta property=\"og:image:height\" content=\"1400\" \/>\n\t<meta property=\"og:image:type\" content=\"image\/jpeg\" \/>\n<meta name=\"twitter:card\" content=\"summary_large_image\" \/>\n<meta name=\"twitter:label1\" content=\"Est. reading time\" \/>\n\t<meta name=\"twitter:data1\" content=\"13 minutes\" \/>\n<!-- \/ Yoast SEO plugin. -->","yoast_head_json":{"title":"Wie man Fische von Heads-Up-Spielern an 3+max Tischen mit Hand2Note unterscheidet","description":"Verbessern Sie Ihre Poker-Leseweise, indem Sie Heads-Up- und 3+max-Statistiken in Hand2Note trennen. Richten Sie genaue Profile ein und vermeiden Sie irref\u00fchrende Daten aus gemischten Tischformaten.","robots":{"index":"index","follow":"follow","max-snippet":"max-snippet:-1","max-image-preview":"max-image-preview:large","max-video-preview":"max-video-preview:-1"},"canonical":"https:\/\/hand2noteguide.com\/user-manual\/how-to-distinguish-between-a-fish-and-a-hu-reg\/","og_locale":"de_DE","og_type":"article","og_title":"Wie man Fische von Heads-Up-Spielern an 3+max Tischen mit Hand2Note unterscheidet","og_description":"Verbessern Sie Ihre Poker-Leseweise, indem Sie Heads-Up- und 3+max-Statistiken in Hand2Note trennen. Richten Sie genaue Profile ein und vermeiden Sie irref\u00fchrende Daten aus gemischten Tischformaten.","og_url":"https:\/\/hand2noteguide.com\/user-manual\/how-to-distinguish-between-a-fish-and-a-hu-reg\/","og_site_name":"Hand2Note Guide","article_modified_time":"2026-03-10T08:15:43+00:00","og_image":[{"width":988,"height":1400,"url":"https:\/\/hand2noteguide.com\/wp-content\/uploads\/2025\/04\/Poker-Table.jpg","type":"image\/jpeg"}],"twitter_card":"summary_large_image","twitter_misc":{"Est. reading time":"13 minutes"},"schema":{"@context":"https:\/\/schema.org","@graph":[]}},"jetpack_sharing_enabled":true,"_links":{"self":[{"href":"https:\/\/hand2noteguide.com\/de\/wp-json\/wp\/v2\/pages\/9541","targetHints":{"allow":["GET"]}}],"collection":[{"href":"https:\/\/hand2noteguide.com\/de\/wp-json\/wp\/v2\/pages"}],"about":[{"href":"https:\/\/hand2noteguide.com\/de\/wp-json\/wp\/v2\/types\/page"}],"author":[{"embeddable":true,"href":"https:\/\/hand2noteguide.com\/de\/wp-json\/wp\/v2\/users\/3"}],"replies":[{"embeddable":true,"href":"https:\/\/hand2noteguide.com\/de\/wp-json\/wp\/v2\/comments?post=9541"}],"version-history":[{"count":44,"href":"https:\/\/hand2noteguide.com\/de\/wp-json\/wp\/v2\/pages\/9541\/revisions"}],"predecessor-version":[{"id":15615,"href":"https:\/\/hand2noteguide.com\/de\/wp-json\/wp\/v2\/pages\/9541\/revisions\/15615"}],"up":[{"embeddable":true,"href":"https:\/\/hand2noteguide.com\/de\/wp-json\/wp\/v2\/pages\/9199"}],"wp:featuredmedia":[{"embeddable":true,"href":"https:\/\/hand2noteguide.com\/de\/wp-json\/wp\/v2\/media\/9573"}],"wp:attachment":[{"href":"https:\/\/hand2noteguide.com\/de\/wp-json\/wp\/v2\/media?parent=9541"}],"curies":[{"name":"wp","href":"https:\/\/api.w.org\/{rel}","templated":true}]}}