{"id":9609,"date":"2025-04-05T13:16:20","date_gmt":"2025-04-05T10:16:20","guid":{"rendered":"https:\/\/hand2noteguide.com\/?page_id=9609"},"modified":"2026-03-10T11:16:50","modified_gmt":"2026-03-10T08:16:50","slug":"transferring-the-database-storage-location-as-well-as-creating-a-new-database","status":"publish","type":"page","link":"https:\/\/hand2noteguide.com\/de\/user-manual\/transferring-the-database-storage-location-as-well-as-creating-a-new-database\/","title":{"rendered":"\u00dcbertragen der Hand2Note-Datenbank in ein neues Verzeichnis"},"content":{"rendered":"\n<p>Oft stehen viele Spieler vor dem Problem, dass auf dem lokalen Datentr\u00e4ger, auf dem die Hand2Note-Datenbank gespeichert ist (standardm\u00e4\u00dfig ist dies der lokale Datentr\u00e4ger, auf dem Ihr Betriebssystem installiert ist, mit dem zugewiesenen Symbol \u201eC\u201c), nicht gen\u00fcgend freier Speicherplatz vorhanden ist.<\/p>\n\n\n\n<p>Hand2Note erm\u00f6glicht es Ihnen, die Datenbank in ein beliebiges Verzeichnis zu verschieben.<\/p>\n\n\n\n<h2 class=\"wp-block-heading\">Wichtige Informationen, bevor Sie mit der Datenbank arbeiten<\/h2>\n\n\n\n<p>Die Datenbank wird verwendet, um alle Statistikberechnungen zu speichern und zu verwalten. In der Regel ist sie das umfangreichste Element in Hand2Note. Bei der Installation des Programms befindet sie sich standardm\u00e4\u00dfig im Verzeichnis (unter WINDOWS OS):<\/p>\n\n\n\n<p><em>C: (lokaler Datentr\u00e4ger, auf dem das Betriebssystem installiert ist)Users(Benutzername des Betriebssystems)AppDataRoamingHand2Note<\/em><\/p>\n\n\n\n<p>F\u00fcr den korrekten Betrieb der Datenbank muss sie ausschlie\u00dflich auf internen physischen Laufwerken und in ihnen erstellten logischen Partitionen (lokale Datentr\u00e4ger) installiert werden. Es ist verboten, sie auf externen Festplatten, Flash-Speichern (USB-Sticks) oder dem lokalen Datentr\u00e4ger eines anderen Computers \u00fcber ein lokales Netzwerk mit freigegebenen Ordnern zu installieren.<\/p>\n\n\n\n<p>Der Pfad zur Datenbank muss ausschlie\u00dflich aus englischen Buchstaben bestehen und darf keine Sonderzeichen enthalten.<\/p>\n\n\n\n<p>Sie sollten auch die Geschwindigkeit des internen physischen Laufwerks bei der Arbeit mit Daten ber\u00fccksichtigen. Damit Hand2Note ordnungsgem\u00e4\u00df funktioniert, sollten Sie eine SSD mit M2-Verbindungsschnittstelle oder ein schnelleres Laufwerk bevorzugen.<\/p>\n\n\n\n<h2 class=\"wp-block-heading\">Beispiel f\u00fcr eine Datenbankmigration<\/h2>\n\n\n\n<p>Um die Datenbank zu verschieben, \u00f6ffnen Sie Hand2Note, gehen Sie zu \u201eConfiguration\u201c (1), w\u00e4hlen Sie dann \u201eDatabase\u201c (2) und klicken Sie auf \u201eOpen Folder\u201c (3); schlie\u00dfen Sie Hand2Note, lassen Sie das Fenster nach dem Klicken auf \u201eOpen Folder\u201c ge\u00f6ffnet.<\/p>\n\n\n\n<figure class=\"wp-block-image size-large\"><img loading=\"lazy\" decoding=\"async\" width=\"1024\" height=\"551\" src=\"https:\/\/hand2noteguide.com\/wp-content\/uploads\/2025\/04\/\u0411\u0435\u0437-\u0438\u043c\u0435\u043d\u0438-1\u0443\u0432\u044b\u0430\u044b-1024x551.jpg\" alt=\"\" class=\"wp-image-9641\" srcset=\"https:\/\/hand2noteguide.com\/wp-content\/uploads\/2025\/04\/\u0411\u0435\u0437-\u0438\u043c\u0435\u043d\u0438-1\u0443\u0432\u044b\u0430\u044b-1024x551.jpg 1024w, https:\/\/hand2noteguide.com\/wp-content\/uploads\/2025\/04\/\u0411\u0435\u0437-\u0438\u043c\u0435\u043d\u0438-1\u0443\u0432\u044b\u0430\u044b-300x161.jpg 300w, https:\/\/hand2noteguide.com\/wp-content\/uploads\/2025\/04\/\u0411\u0435\u0437-\u0438\u043c\u0435\u043d\u0438-1\u0443\u0432\u044b\u0430\u044b-768x413.jpg 768w, https:\/\/hand2noteguide.com\/wp-content\/uploads\/2025\/04\/\u0411\u0435\u0437-\u0438\u043c\u0435\u043d\u0438-1\u0443\u0432\u044b\u0430\u044b-1536x826.jpg 1536w, https:\/\/hand2noteguide.com\/wp-content\/uploads\/2025\/04\/\u0411\u0435\u0437-\u0438\u043c\u0435\u043d\u0438-1\u0443\u0432\u044b\u0430\u044b-772x415.jpg 772w, https:\/\/hand2noteguide.com\/wp-content\/uploads\/2025\/04\/\u0411\u0435\u0437-\u0438\u043c\u0435\u043d\u0438-1\u0443\u0432\u044b\u0430\u044b-624x336.jpg 624w, https:\/\/hand2noteguide.com\/wp-content\/uploads\/2025\/04\/\u0411\u0435\u0437-\u0438\u043c\u0435\u043d\u0438-1\u0443\u0432\u044b\u0430\u044b.jpg 1908w\" sizes=\"auto, (max-width: 1024px) 100vw, 1024px\" \/><\/figure>\n\n\n\n<p>Klicken Sie im ge\u00f6ffneten Fenster mit der rechten Maustaste auf den Ordner \u201eDatabases\u201c (1) und klicken Sie im Dropdown-Men\u00fc auf die Schaltfl\u00e4che \u201eCut\u201c (2). \u00d6ffnen Sie einen neuen Speicherort, um die Datenbank zu speichern (im Beispiel ist dies: \u201eLokaler Datentr\u00e4ger (D:)\u201c) und klicken Sie dort auf einen freien Bereich (3). W\u00e4hlen Sie im Dropdown-Men\u00fc die Schaltfl\u00e4che \u201ePaste\u201c (4). Auf diese Weise haben Sie die Datenbank an einen neuen Speicherort verschoben.<\/p>\n\n\n\n<figure class=\"wp-block-image size-large\"><img loading=\"lazy\" decoding=\"async\" width=\"1024\" height=\"630\" src=\"https:\/\/hand2noteguide.com\/wp-content\/uploads\/2025\/04\/\u0411\u0435\u0437-fgdfgdfgdf1-1024x630.jpg\" alt=\"\" class=\"wp-image-9643\" srcset=\"https:\/\/hand2noteguide.com\/wp-content\/uploads\/2025\/04\/\u0411\u0435\u0437-fgdfgdfgdf1-1024x630.jpg 1024w, https:\/\/hand2noteguide.com\/wp-content\/uploads\/2025\/04\/\u0411\u0435\u0437-fgdfgdfgdf1-300x185.jpg 300w, https:\/\/hand2noteguide.com\/wp-content\/uploads\/2025\/04\/\u0411\u0435\u0437-fgdfgdfgdf1-768x473.jpg 768w, https:\/\/hand2noteguide.com\/wp-content\/uploads\/2025\/04\/\u0411\u0435\u0437-fgdfgdfgdf1-1536x945.jpg 1536w, https:\/\/hand2noteguide.com\/wp-content\/uploads\/2025\/04\/\u0411\u0435\u0437-fgdfgdfgdf1-772x475.jpg 772w, https:\/\/hand2noteguide.com\/wp-content\/uploads\/2025\/04\/\u0411\u0435\u0437-fgdfgdfgdf1-624x384.jpg 624w, https:\/\/hand2noteguide.com\/wp-content\/uploads\/2025\/04\/\u0411\u0435\u0437-fgdfgdfgdf1.jpg 1539w\" sizes=\"auto, (max-width: 1024px) 100vw, 1024px\" \/><\/figure>\n\n\n\n<p>Nun m\u00fcssen Sie einen neuen Speicherort f\u00fcr die Datenbank in Hand2Note angeben. Starten Sie dazu Hand2Note, klicken Sie im Hauptprogrammfenster auf \u201eConfiguration\u201c (1), gehen Sie zum Men\u00fc \u201eDatabase\u201c (2) und klicken Sie auf \u201eChange Folder\u2026\u201c (3). Geben Sie im ge\u00f6ffneten Ordnersuchfenster (4) den Pfad zum neuen Speicherort der Datenbank an (5) und klicken Sie auf \u201eSelect a folder\u201c (6).<\/p>\n\n\n\n<figure class=\"wp-block-image size-large\"><img loading=\"lazy\" decoding=\"async\" width=\"1024\" height=\"576\" src=\"https:\/\/hand2noteguide.com\/wp-content\/uploads\/2025\/04\/\u0411\u0435\u0437-\u0438\u044b\u0432\u044b\u0432\u043c\u0435\u043d\u0438-1-1024x576.jpg\" alt=\"\" class=\"wp-image-9644\" srcset=\"https:\/\/hand2noteguide.com\/wp-content\/uploads\/2025\/04\/\u0411\u0435\u0437-\u0438\u044b\u0432\u044b\u0432\u043c\u0435\u043d\u0438-1-1024x576.jpg 1024w, https:\/\/hand2noteguide.com\/wp-content\/uploads\/2025\/04\/\u0411\u0435\u0437-\u0438\u044b\u0432\u044b\u0432\u043c\u0435\u043d\u0438-1-300x169.jpg 300w, https:\/\/hand2noteguide.com\/wp-content\/uploads\/2025\/04\/\u0411\u0435\u0437-\u0438\u044b\u0432\u044b\u0432\u043c\u0435\u043d\u0438-1-768x432.jpg 768w, https:\/\/hand2noteguide.com\/wp-content\/uploads\/2025\/04\/\u0411\u0435\u0437-\u0438\u044b\u0432\u044b\u0432\u043c\u0435\u043d\u0438-1-1536x864.jpg 1536w, https:\/\/hand2noteguide.com\/wp-content\/uploads\/2025\/04\/\u0411\u0435\u0437-\u0438\u044b\u0432\u044b\u0432\u043c\u0435\u043d\u0438-1-772x434.jpg 772w, https:\/\/hand2noteguide.com\/wp-content\/uploads\/2025\/04\/\u0411\u0435\u0437-\u0438\u044b\u0432\u044b\u0432\u043c\u0435\u043d\u0438-1-624x351.jpg 624w, https:\/\/hand2noteguide.com\/wp-content\/uploads\/2025\/04\/\u0411\u0435\u0437-\u0438\u044b\u0432\u044b\u0432\u043c\u0435\u043d\u0438-1.jpg 1920w\" sizes=\"auto, (max-width: 1024px) 100vw, 1024px\" \/><\/figure>\n\n\n\n<p>Auf diese Weise k\u00f6nnen Sie die Datenbank an jeden gew\u00fcnschten Speicherort verschieben.<\/p>\n\n\n\n<p>Hand2Note erm\u00f6glicht es Ihnen auch, mehrere Datenbanken f\u00fcr verschiedene Zwecke zu erstellen. Weitere Informationen finden Sie im Artikel: <a href=\"https:\/\/hand2noteguide.com\/de\/user-manual\/creating-deleting-and-switching-databases\/\">Erstellen, L\u00f6schen und Wechseln von Datenbanken in Hand2Note<\/a>.<\/p>\n","protected":false},"excerpt":{"rendered":"<p>Oft stehen viele Spieler vor dem Problem, dass auf dem lokalen Datentr\u00e4ger, auf dem die Hand2Note-Datenbank gespeichert ist (standardm\u00e4\u00dfig ist dies der lokale Datentr\u00e4ger, auf dem Ihr Betriebssystem installiert ist, mit dem zugewiesenen Symbol \u201eC\u201c), nicht gen\u00fcgend freier Speicherplatz vorhanden ist. Hand2Note erm\u00f6glicht es Ihnen, die Datenbank in ein beliebiges Verzeichnis zu verschieben. Wichtige Informationen, &hellip; <a href=\"https:\/\/hand2noteguide.com\/de\/user-manual\/transferring-the-database-storage-location-as-well-as-creating-a-new-database\/\" class=\"more-link\">Continue reading <span class=\"screen-reader-text\">\u00dcbertragen der Hand2Note-Datenbank in ein neues Verzeichnis<\/span><\/a><\/p>\n","protected":false},"author":3,"featured_media":9613,"parent":9199,"menu_order":0,"comment_status":"closed","ping_status":"closed","template":"","meta":{"footnotes":""},"class_list":["post-9609","page","type-page","status-publish","has-post-thumbnail","hentry"],"translation":{"provider":"WPGlobus","version":"3.0.2","language":"de","enabled_languages":["en","ru","pt","zh","es","fr","de","it","ja"],"languages":{"en":{"title":true,"content":true,"excerpt":false},"ru":{"title":true,"content":true,"excerpt":false},"pt":{"title":true,"content":true,"excerpt":false},"zh":{"title":true,"content":true,"excerpt":false},"es":{"title":true,"content":true,"excerpt":false},"fr":{"title":true,"content":true,"excerpt":false},"de":{"title":true,"content":true,"excerpt":false},"it":{"title":true,"content":true,"excerpt":false},"ja":{"title":true,"content":true,"excerpt":false}}},"yoast_head":"<!-- This site is optimized with the Yoast SEO plugin v27.0 - https:\/\/yoast.com\/product\/yoast-seo-wordpress\/ -->\n<title>\u00dcbertragen der Hand2Note-Datenbank in ein neues Verzeichnis<\/title>\n<meta name=\"description\" content=\"Schaffen Sie Platz, indem Sie Ihre Hand2Note-Datenbank auf ein anderes Laufwerk verschieben. Erfahren Sie, wie Sie sie sicher migrieren und die Leistung mit einer SSD steigern k\u00f6nnen.\" \/>\n<meta name=\"robots\" content=\"index, follow, max-snippet:-1, max-image-preview:large, max-video-preview:-1\" \/>\n<link rel=\"canonical\" href=\"https:\/\/hand2noteguide.com\/user-manual\/transferring-the-database-storage-location-as-well-as-creating-a-new-database\/\" \/>\n<meta property=\"og:locale\" content=\"de_DE\" \/>\n<meta property=\"og:type\" content=\"article\" \/>\n<meta property=\"og:title\" content=\"\u00dcbertragen der Hand2Note-Datenbank in ein neues Verzeichnis\" \/>\n<meta property=\"og:description\" content=\"Schaffen Sie Platz, indem Sie Ihre Hand2Note-Datenbank auf ein anderes Laufwerk verschieben. Erfahren Sie, wie Sie sie sicher migrieren und die Leistung mit einer SSD steigern k\u00f6nnen.\" \/>\n<meta property=\"og:url\" content=\"https:\/\/hand2noteguide.com\/user-manual\/transferring-the-database-storage-location-as-well-as-creating-a-new-database\/\" \/>\n<meta property=\"og:site_name\" content=\"Hand2Note Guide\" \/>\n<meta property=\"article:modified_time\" content=\"2026-03-10T08:16:50+00:00\" \/>\n<meta property=\"og:image\" content=\"https:\/\/hand2noteguide.com\/wp-content\/uploads\/2025\/04\/11.jpg\" \/>\n\t<meta property=\"og:image:width\" content=\"1391\" \/>\n\t<meta property=\"og:image:height\" content=\"961\" \/>\n\t<meta property=\"og:image:type\" content=\"image\/jpeg\" \/>\n<meta name=\"twitter:card\" content=\"summary_large_image\" \/>\n<meta name=\"twitter:label1\" content=\"Est. reading time\" \/>\n\t<meta name=\"twitter:data1\" content=\"15 minutes\" \/>\n<!-- \/ Yoast SEO plugin. -->","yoast_head_json":{"title":"\u00dcbertragen der Hand2Note-Datenbank in ein neues Verzeichnis","description":"Schaffen Sie Platz, indem Sie Ihre Hand2Note-Datenbank auf ein anderes Laufwerk verschieben. Erfahren Sie, wie Sie sie sicher migrieren und die Leistung mit einer SSD steigern k\u00f6nnen.","robots":{"index":"index","follow":"follow","max-snippet":"max-snippet:-1","max-image-preview":"max-image-preview:large","max-video-preview":"max-video-preview:-1"},"canonical":"https:\/\/hand2noteguide.com\/user-manual\/transferring-the-database-storage-location-as-well-as-creating-a-new-database\/","og_locale":"de_DE","og_type":"article","og_title":"\u00dcbertragen der Hand2Note-Datenbank in ein neues Verzeichnis","og_description":"Schaffen Sie Platz, indem Sie Ihre Hand2Note-Datenbank auf ein anderes Laufwerk verschieben. Erfahren Sie, wie Sie sie sicher migrieren und die Leistung mit einer SSD steigern k\u00f6nnen.","og_url":"https:\/\/hand2noteguide.com\/user-manual\/transferring-the-database-storage-location-as-well-as-creating-a-new-database\/","og_site_name":"Hand2Note Guide","article_modified_time":"2026-03-10T08:16:50+00:00","og_image":[{"width":1391,"height":961,"url":"https:\/\/hand2noteguide.com\/wp-content\/uploads\/2025\/04\/11.jpg","type":"image\/jpeg"}],"twitter_card":"summary_large_image","twitter_misc":{"Est. reading time":"15 minutes"},"schema":{"@context":"https:\/\/schema.org","@graph":[]}},"jetpack_sharing_enabled":true,"_links":{"self":[{"href":"https:\/\/hand2noteguide.com\/de\/wp-json\/wp\/v2\/pages\/9609","targetHints":{"allow":["GET"]}}],"collection":[{"href":"https:\/\/hand2noteguide.com\/de\/wp-json\/wp\/v2\/pages"}],"about":[{"href":"https:\/\/hand2noteguide.com\/de\/wp-json\/wp\/v2\/types\/page"}],"author":[{"embeddable":true,"href":"https:\/\/hand2noteguide.com\/de\/wp-json\/wp\/v2\/users\/3"}],"replies":[{"embeddable":true,"href":"https:\/\/hand2noteguide.com\/de\/wp-json\/wp\/v2\/comments?post=9609"}],"version-history":[{"count":64,"href":"https:\/\/hand2noteguide.com\/de\/wp-json\/wp\/v2\/pages\/9609\/revisions"}],"predecessor-version":[{"id":15616,"href":"https:\/\/hand2noteguide.com\/de\/wp-json\/wp\/v2\/pages\/9609\/revisions\/15616"}],"up":[{"embeddable":true,"href":"https:\/\/hand2noteguide.com\/de\/wp-json\/wp\/v2\/pages\/9199"}],"wp:featuredmedia":[{"embeddable":true,"href":"https:\/\/hand2noteguide.com\/de\/wp-json\/wp\/v2\/media\/9613"}],"wp:attachment":[{"href":"https:\/\/hand2noteguide.com\/de\/wp-json\/wp\/v2\/media?parent=9609"}],"curies":[{"name":"wp","href":"https:\/\/api.w.org\/{rel}","templated":true}]}}