{"id":9692,"date":"2025-04-06T12:51:53","date_gmt":"2025-04-06T09:51:53","guid":{"rendered":"https:\/\/hand2noteguide.com\/?page_id=9692"},"modified":"2026-03-10T11:17:28","modified_gmt":"2026-03-10T08:17:28","slug":"creating-deleting-and-switching-databases","status":"publish","type":"page","link":"https:\/\/hand2noteguide.com\/de\/user-manual\/creating-deleting-and-switching-databases\/","title":{"rendered":"Erstellen, L\u00f6schen und Wechseln von Datenbanken in Hand2Note"},"content":{"rendered":"\n<p>Die Datenbank wird verwendet, um alle Statistikberechnungen zu speichern und zu verwalten. Hand2Note erm\u00f6glicht es Ihnen, mit mehreren Datenbanken zu arbeiten, sowie diese zu erstellen, zu l\u00f6schen und zwischen ihnen zu wechseln.<\/p>\n\n\n\n<p>Um die Anzahl der Datenbanken in Ihrem Hand2Note zu sehen, \u00f6ffnen Sie das Men\u00fc \u201eConfiguration\u201c (1) im Hauptfenster des Programms und gehen Sie dann zu \u201eDatabase\u201c (2). Im Men\u00fc \u201eDatabase\u201c k\u00f6nnen Sie die Liste der bereits erstellten Datenbanken sehen (3).<\/p>\n\n\n\n<p>Die momentan aktive Datenbank w\u00e4hrend des Programmablaufs wird durch einen leuchtend gelben Punkt links neben ihrem Namen angezeigt.<\/p>\n\n\n\n<p>Um eine zus\u00e4tzliche Datenbank zu erstellen, klicken Sie auf \u201e+ Create Database\u201c (4) und geben Sie im Fenster \u201eEnter the new name\u201c im Texteingabefeld (5) einen Namen ein, wobei Sie nur englische Buchstaben verwenden und keine Sonderzeichen benutzen. Wenn Sie fertig sind, klicken Sie auf \u201eOK\u201c (6).<\/p>\n\n\n\n<figure class=\"wp-block-image size-large\"><img loading=\"lazy\" decoding=\"async\" width=\"1024\" height=\"576\" src=\"https:\/\/hand2noteguide.com\/wp-content\/uploads\/2025\/04\/\u0411\u0435\u0437-\u0438\u0432\u0430\u0432\u0430\u0432\u0430\u043c\u0435\u043d\u0438-1-1024x576.jpg\" alt=\"\" class=\"wp-image-9673\" srcset=\"https:\/\/hand2noteguide.com\/wp-content\/uploads\/2025\/04\/\u0411\u0435\u0437-\u0438\u0432\u0430\u0432\u0430\u0432\u0430\u043c\u0435\u043d\u0438-1-1024x576.jpg 1024w, https:\/\/hand2noteguide.com\/wp-content\/uploads\/2025\/04\/\u0411\u0435\u0437-\u0438\u0432\u0430\u0432\u0430\u0432\u0430\u043c\u0435\u043d\u0438-1-300x169.jpg 300w, https:\/\/hand2noteguide.com\/wp-content\/uploads\/2025\/04\/\u0411\u0435\u0437-\u0438\u0432\u0430\u0432\u0430\u0432\u0430\u043c\u0435\u043d\u0438-1-768x432.jpg 768w, https:\/\/hand2noteguide.com\/wp-content\/uploads\/2025\/04\/\u0411\u0435\u0437-\u0438\u0432\u0430\u0432\u0430\u0432\u0430\u043c\u0435\u043d\u0438-1-1536x864.jpg 1536w, https:\/\/hand2noteguide.com\/wp-content\/uploads\/2025\/04\/\u0411\u0435\u0437-\u0438\u0432\u0430\u0432\u0430\u0432\u0430\u043c\u0435\u043d\u0438-1-772x434.jpg 772w, https:\/\/hand2noteguide.com\/wp-content\/uploads\/2025\/04\/\u0411\u0435\u0437-\u0438\u0432\u0430\u0432\u0430\u0432\u0430\u043c\u0435\u043d\u0438-1-624x351.jpg 624w, https:\/\/hand2noteguide.com\/wp-content\/uploads\/2025\/04\/\u0411\u0435\u0437-\u0438\u0432\u0430\u0432\u0430\u0432\u0430\u043c\u0435\u043d\u0438-1.jpg 1920w\" sizes=\"auto, (max-width: 1024px) 100vw, 1024px\" \/><\/figure>\n\n\n\n<p>Wenn Sie alles richtig gemacht haben, sollte die neue Datenbank in der allgemeinen Datenbankliste (1) erscheinen und aktiviert sein, was durch einen leuchtend gelben Punkt links neben ihrem Namen angezeigt wird.<\/p>\n\n\n\n<p>Um zu einer gew\u00fcnschten Datenbank zu wechseln, klicken Sie auf den wei\u00dfen Kreis vor ihrem Namen; im Moment der Aktivierung sollte er zu einem leuchtend gelben Punkt werden.<\/p>\n\n\n\n<p>Wenn Sie mit der Maus \u00fcber den Namen einer Datenbank fahren, erscheint m\u00f6glicherweise ein Papierkorbsymbol (2). Wenn Sie auf dieses Symbol klicken, k\u00f6nnen Sie die Datenbank l\u00f6schen, die Sie nicht ben\u00f6tigen.<\/p>\n\n\n\n<figure class=\"wp-block-image size-large\"><img loading=\"lazy\" decoding=\"async\" width=\"1024\" height=\"552\" src=\"https:\/\/hand2noteguide.com\/wp-content\/uploads\/2025\/04\/\u0411\u0435\u0437\u044b\u0432\u0430\u044b\u0432\u0430-\u0438\u043c\u0435\u043d\u0438-2-1024x552.jpg\" alt=\"\" class=\"wp-image-9674\" srcset=\"https:\/\/hand2noteguide.com\/wp-content\/uploads\/2025\/04\/\u0411\u0435\u0437\u044b\u0432\u0430\u044b\u0432\u0430-\u0438\u043c\u0435\u043d\u0438-2-1024x552.jpg 1024w, https:\/\/hand2noteguide.com\/wp-content\/uploads\/2025\/04\/\u0411\u0435\u0437\u044b\u0432\u0430\u044b\u0432\u0430-\u0438\u043c\u0435\u043d\u0438-2-300x162.jpg 300w, https:\/\/hand2noteguide.com\/wp-content\/uploads\/2025\/04\/\u0411\u0435\u0437\u044b\u0432\u0430\u044b\u0432\u0430-\u0438\u043c\u0435\u043d\u0438-2-768x414.jpg 768w, https:\/\/hand2noteguide.com\/wp-content\/uploads\/2025\/04\/\u0411\u0435\u0437\u044b\u0432\u0430\u044b\u0432\u0430-\u0438\u043c\u0435\u043d\u0438-2-1536x828.jpg 1536w, https:\/\/hand2noteguide.com\/wp-content\/uploads\/2025\/04\/\u0411\u0435\u0437\u044b\u0432\u0430\u044b\u0432\u0430-\u0438\u043c\u0435\u043d\u0438-2-772x416.jpg 772w, https:\/\/hand2noteguide.com\/wp-content\/uploads\/2025\/04\/\u0411\u0435\u0437\u044b\u0432\u0430\u044b\u0432\u0430-\u0438\u043c\u0435\u043d\u0438-2-624x336.jpg 624w, https:\/\/hand2noteguide.com\/wp-content\/uploads\/2025\/04\/\u0411\u0435\u0437\u044b\u0432\u0430\u044b\u0432\u0430-\u0438\u043c\u0435\u043d\u0438-2.jpg 1918w\" sizes=\"auto, (max-width: 1024px) 100vw, 1024px\" \/><\/figure>\n\n\n\n<p>Au\u00dferdem erm\u00f6glicht Hand2Note, den Speicherort der Datenbank in ein neues Verzeichnis zu \u00e4ndern. Um mehr zu erfahren, lesen Sie den Artikel: <a href=\"https:\/\/hand2noteguide.com\/de\/user-manual\/transferring-the-database-storage-location-as-well-as-creating-a-new-database\/\">Transferring Hand2Note Database to a New Directory<\/a>.<\/p>\n","protected":false},"excerpt":{"rendered":"<p>Die Datenbank wird verwendet, um alle Statistikberechnungen zu speichern und zu verwalten. Hand2Note erm\u00f6glicht es Ihnen, mit mehreren Datenbanken zu arbeiten, sowie diese zu erstellen, zu l\u00f6schen und zwischen ihnen zu wechseln. Um die Anzahl der Datenbanken in Ihrem Hand2Note zu sehen, \u00f6ffnen Sie das Men\u00fc \u201eConfiguration\u201c (1) im Hauptfenster des Programms und gehen Sie &hellip; <a href=\"https:\/\/hand2noteguide.com\/de\/user-manual\/creating-deleting-and-switching-databases\/\" class=\"more-link\">Continue reading <span class=\"screen-reader-text\">Erstellen, L\u00f6schen und Wechseln von Datenbanken in Hand2Note<\/span><\/a><\/p>\n","protected":false},"author":3,"featured_media":9700,"parent":9199,"menu_order":0,"comment_status":"closed","ping_status":"closed","template":"","meta":{"footnotes":""},"class_list":["post-9692","page","type-page","status-publish","has-post-thumbnail","hentry"],"translation":{"provider":"WPGlobus","version":"3.0.2","language":"de","enabled_languages":["en","ru","pt","zh","es","fr","de","it","ja"],"languages":{"en":{"title":true,"content":true,"excerpt":false},"ru":{"title":true,"content":true,"excerpt":false},"pt":{"title":true,"content":true,"excerpt":false},"zh":{"title":true,"content":true,"excerpt":false},"es":{"title":true,"content":true,"excerpt":false},"fr":{"title":true,"content":true,"excerpt":false},"de":{"title":true,"content":true,"excerpt":false},"it":{"title":true,"content":true,"excerpt":false},"ja":{"title":true,"content":true,"excerpt":false}}},"yoast_head":"<!-- This site is optimized with the Yoast SEO plugin v27.0 - https:\/\/yoast.com\/product\/yoast-seo-wordpress\/ -->\n<title>Erstellen, L\u00f6schen und Wechseln von Datenbanken in Hand2Note<\/title>\n<meta name=\"description\" content=\"Verwalten Sie Statistiken effizient in Hand2Note: Erstellen, wechseln oder l\u00f6schen Sie m\u00fchelos mehrere Datenbanken. Erfahren Sie, wie Sie Ihre Daten organisieren und die Leistung optimieren k\u00f6nnen.\" \/>\n<meta name=\"robots\" content=\"index, follow, max-snippet:-1, max-image-preview:large, max-video-preview:-1\" \/>\n<link rel=\"canonical\" href=\"https:\/\/hand2noteguide.com\/user-manual\/creating-deleting-and-switching-databases\/\" \/>\n<meta property=\"og:locale\" content=\"de_DE\" \/>\n<meta property=\"og:type\" content=\"article\" \/>\n<meta property=\"og:title\" content=\"Erstellen, L\u00f6schen und Wechseln von Datenbanken in Hand2Note\" \/>\n<meta property=\"og:description\" content=\"Verwalten Sie Statistiken effizient in Hand2Note: Erstellen, wechseln oder l\u00f6schen Sie m\u00fchelos mehrere Datenbanken. Erfahren Sie, wie Sie Ihre Daten organisieren und die Leistung optimieren k\u00f6nnen.\" \/>\n<meta property=\"og:url\" content=\"https:\/\/hand2noteguide.com\/user-manual\/creating-deleting-and-switching-databases\/\" \/>\n<meta property=\"og:site_name\" content=\"Hand2Note Guide\" \/>\n<meta property=\"article:modified_time\" content=\"2026-03-10T08:17:28+00:00\" \/>\n<meta property=\"og:image\" content=\"https:\/\/hand2noteguide.com\/wp-content\/uploads\/2025\/04\/\u0411\u0435\u0437-\u0438666\u043c\u0435\u043d\u0438-1.jpg\" \/>\n\t<meta property=\"og:image:width\" content=\"1401\" \/>\n\t<meta property=\"og:image:height\" content=\"843\" \/>\n\t<meta property=\"og:image:type\" content=\"image\/jpeg\" \/>\n<meta name=\"twitter:card\" content=\"summary_large_image\" \/>\n<meta name=\"twitter:label1\" content=\"Est. reading time\" \/>\n\t<meta name=\"twitter:data1\" content=\"8 minutes\" \/>\n<!-- \/ Yoast SEO plugin. -->","yoast_head_json":{"title":"Erstellen, L\u00f6schen und Wechseln von Datenbanken in Hand2Note","description":"Verwalten Sie Statistiken effizient in Hand2Note: Erstellen, wechseln oder l\u00f6schen Sie m\u00fchelos mehrere Datenbanken. Erfahren Sie, wie Sie Ihre Daten organisieren und die Leistung optimieren k\u00f6nnen.","robots":{"index":"index","follow":"follow","max-snippet":"max-snippet:-1","max-image-preview":"max-image-preview:large","max-video-preview":"max-video-preview:-1"},"canonical":"https:\/\/hand2noteguide.com\/user-manual\/creating-deleting-and-switching-databases\/","og_locale":"de_DE","og_type":"article","og_title":"Erstellen, L\u00f6schen und Wechseln von Datenbanken in Hand2Note","og_description":"Verwalten Sie Statistiken effizient in Hand2Note: Erstellen, wechseln oder l\u00f6schen Sie m\u00fchelos mehrere Datenbanken. Erfahren Sie, wie Sie Ihre Daten organisieren und die Leistung optimieren k\u00f6nnen.","og_url":"https:\/\/hand2noteguide.com\/user-manual\/creating-deleting-and-switching-databases\/","og_site_name":"Hand2Note Guide","article_modified_time":"2026-03-10T08:17:28+00:00","og_image":[{"width":1401,"height":843,"url":"https:\/\/hand2noteguide.com\/wp-content\/uploads\/2025\/04\/\u0411\u0435\u0437-\u0438666\u043c\u0435\u043d\u0438-1.jpg","type":"image\/jpeg"}],"twitter_card":"summary_large_image","twitter_misc":{"Est. reading time":"8 minutes"},"schema":{"@context":"https:\/\/schema.org","@graph":[]}},"jetpack_sharing_enabled":true,"_links":{"self":[{"href":"https:\/\/hand2noteguide.com\/de\/wp-json\/wp\/v2\/pages\/9692","targetHints":{"allow":["GET"]}}],"collection":[{"href":"https:\/\/hand2noteguide.com\/de\/wp-json\/wp\/v2\/pages"}],"about":[{"href":"https:\/\/hand2noteguide.com\/de\/wp-json\/wp\/v2\/types\/page"}],"author":[{"embeddable":true,"href":"https:\/\/hand2noteguide.com\/de\/wp-json\/wp\/v2\/users\/3"}],"replies":[{"embeddable":true,"href":"https:\/\/hand2noteguide.com\/de\/wp-json\/wp\/v2\/comments?post=9692"}],"version-history":[{"count":26,"href":"https:\/\/hand2noteguide.com\/de\/wp-json\/wp\/v2\/pages\/9692\/revisions"}],"predecessor-version":[{"id":15617,"href":"https:\/\/hand2noteguide.com\/de\/wp-json\/wp\/v2\/pages\/9692\/revisions\/15617"}],"up":[{"embeddable":true,"href":"https:\/\/hand2noteguide.com\/de\/wp-json\/wp\/v2\/pages\/9199"}],"wp:featuredmedia":[{"embeddable":true,"href":"https:\/\/hand2noteguide.com\/de\/wp-json\/wp\/v2\/media\/9700"}],"wp:attachment":[{"href":"https:\/\/hand2noteguide.com\/de\/wp-json\/wp\/v2\/media?parent=9692"}],"curies":[{"name":"wp","href":"https:\/\/api.w.org\/{rel}","templated":true}]}}