{"id":9710,"date":"2025-04-07T13:58:48","date_gmt":"2025-04-07T10:58:48","guid":{"rendered":"https:\/\/hand2noteguide.com\/?page_id=9710"},"modified":"2026-03-10T11:18:21","modified_gmt":"2026-03-10T08:18:21","slug":"why-it-is-important-to-mark-fish-and-regulars-in-hand2note-reg-vs-fish-function","status":"publish","type":"page","link":"https:\/\/hand2noteguide.com\/de\/user-manual\/why-it-is-important-to-mark-fish-and-regulars-in-hand2note-reg-vs-fish-function\/","title":{"rendered":"Warum es wichtig ist, Spieler farblich zu markieren (Funktion &#8220;Reg vs Fish&#8221;)"},"content":{"rendered":"\n<p>Die meisten Regulars spielen sehr unterschiedlich, je nachdem, ob sie gegen einen Fish oder einen anderen Regular spielen. Dies kann wiederum die Statistiken, die in HUDs oder Popups \u00fcber sie bereitgestellt werden, stark verzerren.<\/p>\n\n\n\n<p>Hand2Note erm\u00f6glicht es uns, aus den Statistiken \u00fcber Regulars die H\u00e4nde auszuschlie\u00dfen, die gegen Fische gespielt wurden. Dadurch k\u00f6nnen wir korrekte Statistiken sehen, wenn wir gegen sie spielen.<\/p>\n\n\n\n<h2 class=\"wp-block-heading\">Weitere Details dazu, wie Hand2Note Fische und Regulars identifiziert<\/h2>\n\n\n\n<p>Hand2Note definiert Fische oder Regulars durch hierarchisches Sichten. Das hei\u00dft, nach dem Prinzip \u201edies ist ein Regular, und der Rest sind Fische\u201c.<\/p>\n\n\n\n<p>Die Hierarchie der Definition von Regulars ist in folgender Reihenfolge:<\/p>\n\n\n\n<ol class=\"wp-block-list\">\n<li>Eine vom Spieler selbst gesetzte Farbmarkierung. Hand2Note bezieht sich zuerst auf die vom Spieler auf seine Gegner gesetzten Markierungen zur ersten Bestimmung des Regulars;<\/li>\n\n\n\n<li>Wenn keine manuell gesetzte Markierung auf einem Spieler vorhanden ist, bezieht sich das Programm auf die Einstellungen im Men\u00fc \u201eGame Types\u201c, um den Regular automatisch zu bestimmen.<\/li>\n<\/ol>\n\n\n\n<p><em>Wenn die in \u201eGame Types\u201c festgelegten Parameter der Markierung des Hand2Note-Benutzers widersprechen, schlie\u00dft das Programm sie aus und betrachtet die Markierung des Spielers als endg\u00fcltig und korrekt.<\/em><\/p>\n\n\n\n<h3 class=\"wp-block-heading\">Anpassung der Farbmarkierungen<\/h3>\n\n\n\n<p>Die Farbmarkierungseinstellungen, die Spieler verwenden, um Gegner zu markieren, finden Sie, indem Sie \u201eConfiguration\u201c (1) \u00f6ffnen und dann zu \u201eColor Markers\u201c (2) gehen.<\/p>\n\n\n\n<p>In diesem Men\u00fc k\u00f6nnen Sie die Farbmarkierungen bearbeiten:<\/p>\n\n\n\n<ul class=\"wp-block-list\">\n<li>Bereich (3) definiert, welche Markierung als Markierung auf dem Regular gilt. Durch Dr\u00fccken des Kippschalters k\u00f6nnen Sie diesen Parameter bearbeiten;<\/li>\n\n\n\n<li>Bereich (4) erm\u00f6glicht es Ihnen, den Markierungsnamen zu bearbeiten. Um ihn zu \u00e4ndern, doppelklicken Sie auf seinen Namen und geben Sie einen neuen ein;<\/li>\n\n\n\n<li>Bereich (5) erm\u00f6glicht es Ihnen, die Markierungsfarbe zu \u00e4ndern;<\/li>\n\n\n\n<li>Au\u00dferdem erscheint, wenn Sie mit der Maus \u00fcber eine der Markierungen fahren, ein Bereich (6), in dem Sie auf das Urnensymbol (7) klicken, um die Markierung zu entfernen.<\/li>\n<\/ul>\n\n\n\n<p>Um eine neue Farbmarkierung zu erstellen, klicken Sie auf \u201e+ Add color marker\u2026\u201c (8).<\/p>\n\n\n\n<figure class=\"wp-block-image size-large\"><img loading=\"lazy\" decoding=\"async\" width=\"1024\" height=\"548\" src=\"https:\/\/hand2noteguide.com\/wp-content\/uploads\/2025\/04\/\u0411\u0435\u0437-\u0438\u043c\u0435666\u043d\u0438-1-1024x548.jpg\" alt=\"\" class=\"wp-image-9738\" srcset=\"https:\/\/hand2noteguide.com\/wp-content\/uploads\/2025\/04\/\u0411\u0435\u0437-\u0438\u043c\u0435666\u043d\u0438-1-1024x548.jpg 1024w, https:\/\/hand2noteguide.com\/wp-content\/uploads\/2025\/04\/\u0411\u0435\u0437-\u0438\u043c\u0435666\u043d\u0438-1-300x161.jpg 300w, https:\/\/hand2noteguide.com\/wp-content\/uploads\/2025\/04\/\u0411\u0435\u0437-\u0438\u043c\u0435666\u043d\u0438-1-768x411.jpg 768w, https:\/\/hand2noteguide.com\/wp-content\/uploads\/2025\/04\/\u0411\u0435\u0437-\u0438\u043c\u0435666\u043d\u0438-1-1536x823.jpg 1536w, https:\/\/hand2noteguide.com\/wp-content\/uploads\/2025\/04\/\u0411\u0435\u0437-\u0438\u043c\u0435666\u043d\u0438-1-772x413.jpg 772w, https:\/\/hand2noteguide.com\/wp-content\/uploads\/2025\/04\/\u0411\u0435\u0437-\u0438\u043c\u0435666\u043d\u0438-1-624x334.jpg 624w, https:\/\/hand2noteguide.com\/wp-content\/uploads\/2025\/04\/\u0411\u0435\u0437-\u0438\u043c\u0435666\u043d\u0438-1.jpg 1916w\" sizes=\"auto, (max-width: 1024px) 100vw, 1024px\" \/><\/figure>\n\n\n\n<h3 class=\"wp-block-heading\">Automatische Erkennung von Regulars durch die Konfiguration der \u201eGame Types\u201c-Parameter<\/h3>\n\n\n\n<p>Um die automatische Erkennung von Regulars zu konfigurieren, klicken Sie im Hauptfenster von Hand2Note auf \u201eConfiguration\u201c (1). Gehen Sie dann zum Men\u00fc \u201eGame Types\u201c (2) und w\u00e4hlen Sie das Spielprofil aus, das Sie bearbeiten m\u00f6chten (3). Das Einstellungsmen\u00fc f\u00fcr die automatische Regular-Erkennung befindet sich unten in jedem Game Types-Profil unter \u201eWho is regular?\u201c (4).<\/p>\n\n\n\n<figure class=\"wp-block-image size-large\"><img loading=\"lazy\" decoding=\"async\" width=\"1024\" height=\"554\" src=\"https:\/\/hand2noteguide.com\/wp-content\/uploads\/2025\/04\/\u0411\u0435\u0437-\u0438\u043c\u0432\u0430\u0432\u0430\u0435\u043d\u0438-1-1024x554.jpg\" alt=\"\" class=\"wp-image-9751\" srcset=\"https:\/\/hand2noteguide.com\/wp-content\/uploads\/2025\/04\/\u0411\u0435\u0437-\u0438\u043c\u0432\u0430\u0432\u0430\u0435\u043d\u0438-1-1024x554.jpg 1024w, https:\/\/hand2noteguide.com\/wp-content\/uploads\/2025\/04\/\u0411\u0435\u0437-\u0438\u043c\u0432\u0430\u0432\u0430\u0435\u043d\u0438-1-300x162.jpg 300w, https:\/\/hand2noteguide.com\/wp-content\/uploads\/2025\/04\/\u0411\u0435\u0437-\u0438\u043c\u0432\u0430\u0432\u0430\u0435\u043d\u0438-1-768x415.jpg 768w, https:\/\/hand2noteguide.com\/wp-content\/uploads\/2025\/04\/\u0411\u0435\u0437-\u0438\u043c\u0432\u0430\u0432\u0430\u0435\u043d\u0438-1-1536x831.jpg 1536w, https:\/\/hand2noteguide.com\/wp-content\/uploads\/2025\/04\/\u0411\u0435\u0437-\u0438\u043c\u0432\u0430\u0432\u0430\u0435\u043d\u0438-1-772x418.jpg 772w, https:\/\/hand2noteguide.com\/wp-content\/uploads\/2025\/04\/\u0411\u0435\u0437-\u0438\u043c\u0432\u0430\u0432\u0430\u0435\u043d\u0438-1-624x338.jpg 624w, https:\/\/hand2noteguide.com\/wp-content\/uploads\/2025\/04\/\u0411\u0435\u0437-\u0438\u043c\u0432\u0430\u0432\u0430\u0435\u043d\u0438-1.jpg 1917w\" sizes=\"auto, (max-width: 1024px) 100vw, 1024px\" \/><\/figure>\n\n\n\n<p>Die Parameter der automatischen Regular-Erkennung sind in zwei Hauptbl\u00f6cke unterteilt: (5) und (11). Beide Bl\u00f6cke (5) und (11) arbeiten gleichzeitig durch die Bedingung \u201eoder\u201c. Falls die im Block (11) angegebene Bedingung nicht erf\u00fcllt ist, geht Hand2Note von den im Block (5) angegebenen Bedingungen aus und umgekehrt.<\/p>\n\n\n\n<p>Der Block (5) ist in Parameter unterteilt, die durch die Bedingung \u201eund\u201c arbeiten. Das hei\u00dft, damit ein Spieler von Hand2Note basierend auf Block (5) als Regular definiert wird, m\u00fcssen alle Bedingungen gleichzeitig erf\u00fcllt sein:<\/p>\n\n\n\n<ul class=\"wp-block-list\">\n<li>\u201ePlayer Hand Count\u201c (6) &#8211; Parameter, der die Mindestanzahl der von einem Spieler gespielten H\u00e4nde z\u00e4hlt;<\/li>\n\n\n\n<li>\u201eVPIP\u201c (7) ist ein Parameter, der den Prozentsatz des freiwillig in den Pot eingezahlten Geldes des Spielers ber\u00fccksichtigt;<\/li>\n\n\n\n<li>\u201ePFR\u201c (8) ist ein Parameter, der den Prozentsatz der H\u00e4nde ber\u00fccksichtigt, in denen ein Spieler preflop erh\u00f6ht;<\/li>\n\n\n\n<li>\u201eVPIP &#8211; PFR\u201c (9) &#8211; ein Parameter, der die Differenz zwischen dem Prozentsatz des freiwilligen Geldes im Pot des Spielers und dem Prozentsatz der H\u00e4nde ber\u00fccksichtigt, in denen der Spieler preflop erh\u00f6ht;<\/li>\n\n\n\n<li>\u201eLimp\u201c (10) &#8211; ein Parameter, der den Prozentsatz der H\u00e4nde ber\u00fccksichtigt, in denen der Spieler preflop limp macht.<\/li>\n<\/ul>\n\n\n\n<h2 class=\"wp-block-heading\">Ausschluss von den Statistiken \u00fcber Regulars &#8211; Aktionen, die sie gegen Fische gemacht haben<\/h2>\n\n\n\n<p>Um die Funktion zu aktivieren, \u00f6ffnen Sie das Men\u00fc \u201eConfiguration\u201c (1) und gehen Sie zur Registerkarte \u201eOther\u201c (2). Aktivieren Sie dann den Kippschalter gegen\u00fcber \u201eExclude reg-vs-fish hands from the stats sample\u201c (3).<\/p>\n\n\n\n<figure class=\"wp-block-image size-large\"><img loading=\"lazy\" decoding=\"async\" width=\"1024\" height=\"550\" src=\"https:\/\/hand2noteguide.com\/wp-content\/uploads\/2025\/04\/\u0411\u0435\u0437-\u0438\u043cdfdf\u0435\u043d\u0438-1-1024x550.jpg\" alt=\"\" class=\"wp-image-9918\" srcset=\"https:\/\/hand2noteguide.com\/wp-content\/uploads\/2025\/04\/\u0411\u0435\u0437-\u0438\u043cdfdf\u0435\u043d\u0438-1-1024x550.jpg 1024w, https:\/\/hand2noteguide.com\/wp-content\/uploads\/2025\/04\/\u0411\u0435\u0437-\u0438\u043cdfdf\u0435\u043d\u0438-1-300x161.jpg 300w, https:\/\/hand2noteguide.com\/wp-content\/uploads\/2025\/04\/\u0411\u0435\u0437-\u0438\u043cdfdf\u0435\u043d\u0438-1-768x412.jpg 768w, https:\/\/hand2noteguide.com\/wp-content\/uploads\/2025\/04\/\u0411\u0435\u0437-\u0438\u043cdfdf\u0435\u043d\u0438-1-1536x825.jpg 1536w, https:\/\/hand2noteguide.com\/wp-content\/uploads\/2025\/04\/\u0411\u0435\u0437-\u0438\u043cdfdf\u0435\u043d\u0438-1-772x414.jpg 772w, https:\/\/hand2noteguide.com\/wp-content\/uploads\/2025\/04\/\u0411\u0435\u0437-\u0438\u043cdfdf\u0435\u043d\u0438-1-624x335.jpg 624w, https:\/\/hand2noteguide.com\/wp-content\/uploads\/2025\/04\/\u0411\u0435\u0437-\u0438\u043cdfdf\u0435\u043d\u0438-1.jpg 1911w\" sizes=\"auto, (max-width: 1024px) 100vw, 1024px\" \/><\/figure>\n\n\n\n<p>So haben Sie eine Funktion aktiviert, die es erm\u00f6glicht, aus den Statistiken \u00fcber Regulars die H\u00e4nde auszuschlie\u00dfen, die gegen Fische gespielt wurden. Alle zuk\u00fcnftigen Statistiken, die in Hand2Note hochgeladen werden, werden mit dieser Funktion berechnet.<\/p>\n\n\n\n<p>Um die zuvor geladenen Statistiken mit dieser Funktion neu zu berechnen, ist es notwendig, die Hand2Note-Datenbank neu zu erstellen. Dazu klicken Sie nach der Aktivierung der Funktion \u201eExclude reg-vs-fish hands from the stats sample\u201c auf \u201eDatabase\u201c (4) oben im Fenster. W\u00e4hlen Sie in der Dropdown-Liste \u201eClean &amp; Rebuild Statistics\u201c (5). Best\u00e4tigen Sie den Beginn des Neuaufbaus, indem Sie auf \u201eYES\u201c (6) klicken, und warten Sie, bis er abgeschlossen ist.<\/p>\n","protected":false},"excerpt":{"rendered":"<p>Die meisten Regulars spielen sehr unterschiedlich, je nachdem, ob sie gegen einen Fish oder einen anderen Regular spielen. Dies kann wiederum die Statistiken, die in HUDs oder Popups \u00fcber sie bereitgestellt werden, stark verzerren. Hand2Note erm\u00f6glicht es uns, aus den Statistiken \u00fcber Regulars die H\u00e4nde auszuschlie\u00dfen, die gegen Fische gespielt wurden. Dadurch k\u00f6nnen wir korrekte &hellip; <a href=\"https:\/\/hand2noteguide.com\/de\/user-manual\/why-it-is-important-to-mark-fish-and-regulars-in-hand2note-reg-vs-fish-function\/\" class=\"more-link\">Continue reading <span class=\"screen-reader-text\">Warum es wichtig ist, Spieler farblich zu markieren (Funktion &#8220;Reg vs Fish&#8221;)<\/span><\/a><\/p>\n","protected":false},"author":3,"featured_media":9733,"parent":9199,"menu_order":0,"comment_status":"closed","ping_status":"closed","template":"","meta":{"footnotes":""},"class_list":["post-9710","page","type-page","status-publish","has-post-thumbnail","hentry"],"translation":{"provider":"WPGlobus","version":"3.0.2","language":"de","enabled_languages":["en","ru","pt","zh","es","fr","de","it","ja"],"languages":{"en":{"title":true,"content":true,"excerpt":false},"ru":{"title":true,"content":true,"excerpt":false},"pt":{"title":true,"content":true,"excerpt":false},"zh":{"title":true,"content":true,"excerpt":false},"es":{"title":true,"content":true,"excerpt":false},"fr":{"title":true,"content":true,"excerpt":false},"de":{"title":true,"content":true,"excerpt":false},"it":{"title":true,"content":true,"excerpt":false},"ja":{"title":true,"content":true,"excerpt":false}}},"yoast_head":"<!-- This site is optimized with the Yoast SEO plugin v27.0 - https:\/\/yoast.com\/product\/yoast-seo-wordpress\/ -->\n<title>Warum es wichtig ist, Spieler farblich zu markieren (Funktion &quot;Reg vs Fish&quot;)<\/title>\n<meta name=\"description\" content=\"Verbessern Sie die Genauigkeit des Hand2Note HUD, indem Sie reg-vs-fish H\u00e4nde ausschlie\u00dfen. Konfigurieren Sie Regulars \u00fcber Farbmarkierungen und Spieltyp-Einstellungen f\u00fcr bessere Statistiken.\" \/>\n<meta name=\"robots\" content=\"index, follow, max-snippet:-1, max-image-preview:large, max-video-preview:-1\" \/>\n<link rel=\"canonical\" href=\"https:\/\/hand2noteguide.com\/user-manual\/why-it-is-important-to-mark-fish-and-regulars-in-hand2note-reg-vs-fish-function\/\" \/>\n<meta property=\"og:locale\" content=\"de_DE\" \/>\n<meta property=\"og:type\" content=\"article\" \/>\n<meta property=\"og:title\" content=\"Warum es wichtig ist, Spieler farblich zu markieren (Funktion &quot;Reg vs Fish&quot;)\" \/>\n<meta property=\"og:description\" content=\"Verbessern Sie die Genauigkeit des Hand2Note HUD, indem Sie reg-vs-fish H\u00e4nde ausschlie\u00dfen. Konfigurieren Sie Regulars \u00fcber Farbmarkierungen und Spieltyp-Einstellungen f\u00fcr bessere Statistiken.\" \/>\n<meta property=\"og:url\" content=\"https:\/\/hand2noteguide.com\/user-manual\/why-it-is-important-to-mark-fish-and-regulars-in-hand2note-reg-vs-fish-function\/\" \/>\n<meta property=\"og:site_name\" content=\"Hand2Note Guide\" \/>\n<meta property=\"article:modified_time\" content=\"2026-03-10T08:18:21+00:00\" \/>\n<meta property=\"og:image\" content=\"https:\/\/hand2noteguide.com\/wp-content\/uploads\/2025\/04\/\u0411\u0435\u0437-\u0438\u043c\u0444\u044b\u0432\u0444\u044b\u0432\u0444\u0435\u043d\u0438-1.jpg\" \/>\n\t<meta property=\"og:image:width\" content=\"1856\" \/>\n\t<meta property=\"og:image:height\" content=\"1921\" \/>\n\t<meta property=\"og:image:type\" content=\"image\/jpeg\" \/>\n<meta name=\"twitter:card\" content=\"summary_large_image\" \/>\n<meta name=\"twitter:label1\" content=\"Est. reading time\" \/>\n\t<meta name=\"twitter:data1\" content=\"24 minutes\" \/>\n<!-- \/ Yoast SEO plugin. -->","yoast_head_json":{"title":"Warum es wichtig ist, Spieler farblich zu markieren (Funktion \"Reg vs Fish\")","description":"Verbessern Sie die Genauigkeit des Hand2Note HUD, indem Sie reg-vs-fish H\u00e4nde ausschlie\u00dfen. Konfigurieren Sie Regulars \u00fcber Farbmarkierungen und Spieltyp-Einstellungen f\u00fcr bessere Statistiken.","robots":{"index":"index","follow":"follow","max-snippet":"max-snippet:-1","max-image-preview":"max-image-preview:large","max-video-preview":"max-video-preview:-1"},"canonical":"https:\/\/hand2noteguide.com\/user-manual\/why-it-is-important-to-mark-fish-and-regulars-in-hand2note-reg-vs-fish-function\/","og_locale":"de_DE","og_type":"article","og_title":"Warum es wichtig ist, Spieler farblich zu markieren (Funktion \"Reg vs Fish\")","og_description":"Verbessern Sie die Genauigkeit des Hand2Note HUD, indem Sie reg-vs-fish H\u00e4nde ausschlie\u00dfen. Konfigurieren Sie Regulars \u00fcber Farbmarkierungen und Spieltyp-Einstellungen f\u00fcr bessere Statistiken.","og_url":"https:\/\/hand2noteguide.com\/user-manual\/why-it-is-important-to-mark-fish-and-regulars-in-hand2note-reg-vs-fish-function\/","og_site_name":"Hand2Note Guide","article_modified_time":"2026-03-10T08:18:21+00:00","og_image":[{"width":1856,"height":1921,"url":"https:\/\/hand2noteguide.com\/wp-content\/uploads\/2025\/04\/\u0411\u0435\u0437-\u0438\u043c\u0444\u044b\u0432\u0444\u044b\u0432\u0444\u0435\u043d\u0438-1.jpg","type":"image\/jpeg"}],"twitter_card":"summary_large_image","twitter_misc":{"Est. reading time":"24 minutes"},"schema":{"@context":"https:\/\/schema.org","@graph":[]}},"jetpack_sharing_enabled":true,"_links":{"self":[{"href":"https:\/\/hand2noteguide.com\/de\/wp-json\/wp\/v2\/pages\/9710","targetHints":{"allow":["GET"]}}],"collection":[{"href":"https:\/\/hand2noteguide.com\/de\/wp-json\/wp\/v2\/pages"}],"about":[{"href":"https:\/\/hand2noteguide.com\/de\/wp-json\/wp\/v2\/types\/page"}],"author":[{"embeddable":true,"href":"https:\/\/hand2noteguide.com\/de\/wp-json\/wp\/v2\/users\/3"}],"replies":[{"embeddable":true,"href":"https:\/\/hand2noteguide.com\/de\/wp-json\/wp\/v2\/comments?post=9710"}],"version-history":[{"count":57,"href":"https:\/\/hand2noteguide.com\/de\/wp-json\/wp\/v2\/pages\/9710\/revisions"}],"predecessor-version":[{"id":15618,"href":"https:\/\/hand2noteguide.com\/de\/wp-json\/wp\/v2\/pages\/9710\/revisions\/15618"}],"up":[{"embeddable":true,"href":"https:\/\/hand2noteguide.com\/de\/wp-json\/wp\/v2\/pages\/9199"}],"wp:featuredmedia":[{"embeddable":true,"href":"https:\/\/hand2noteguide.com\/de\/wp-json\/wp\/v2\/media\/9733"}],"wp:attachment":[{"href":"https:\/\/hand2noteguide.com\/de\/wp-json\/wp\/v2\/media?parent=9710"}],"curies":[{"name":"wp","href":"https:\/\/api.w.org\/{rel}","templated":true}]}}