{"id":9942,"date":"2025-04-12T19:17:04","date_gmt":"2025-04-12T16:17:04","guid":{"rendered":"https:\/\/hand2noteguide.com\/?page_id=9942"},"modified":"2026-03-10T11:19:18","modified_gmt":"2026-03-10T08:19:18","slug":"configuring-hand2note-to-play-in-applications-via-an-emulator-using-the-example-of-pokerbros","status":"publish","type":"page","link":"https:\/\/hand2noteguide.com\/de\/user-manual\/configuring-hand2note-to-play-in-applications-via-an-emulator-using-the-example-of-pokerbros\/","title":{"rendered":"Einrichtung von Hand2Note f\u00fcr das Spielen in Apps \u00fcber einen Emulator"},"content":{"rendered":"\n<p>Hand2Note erm\u00f6glicht es Ihnen, HUDs und Popups anzuzeigen und Statistiken nicht nur in klassischen R\u00e4umen wie <a href=\"https:\/\/hand2noteguide.com\/de\/pokerstars-hud\/\">PokerStars<\/a> oder RedStar zu sammeln, sondern auch in vielen mobilen Pokeranwendungen wie <a href=\"https:\/\/hand2noteguide.com\/de\/pokerbros-hud\/\">PokerBros<\/a> oder <a href=\"https:\/\/hand2noteguide.com\/de\/coinpoker-hud\/\">CoinPoker<\/a>.<\/p>\n\n\n\n<p>Diese Funktion bietet einen Vorteil im Spiel, da die meisten Gegner in den Anwendungen Smartphones zum Spielen verwenden. Beim Spielen \u00fcber Smartphones ist die Ausgabe und Sammlung von Statistiken derzeit nicht m\u00f6glich. Infolgedessen werden Sie die Schw\u00e4chen Ihrer Gegner sehen, aber sie werden Ihre nicht sehen.<\/p>\n\n\n\n<h2 class=\"wp-block-heading\">Einrichten von Programmen zum Spielen \u00fcber Android-Emulatoren<\/h2>\n\n\n\n<p>F\u00fcr die Einrichtung ben\u00f6tigen Sie:<\/p>\n\n\n\n<ul class=\"wp-block-list\">\n<li>Android-Emulator (zum Beispiel: \u201eLDPlayer\u201c);<\/li>\n\n\n\n<li>Die Installationsdatei der Poker-App, die in der Android-Umgebung installiert werden soll (Dateierweiterung muss \u201e.apk\u201c sein);<\/li>\n\n\n\n<li>Hand2Note mit einem aktiven Abonnement.<\/li>\n<\/ul>\n\n\n\n<p>Phasen der Einrichtung von Programmen, um erfolgreich Statistiken an Tischen auszugeben und zu sammeln:<\/p>\n\n\n\n<ol class=\"wp-block-list\">\n<li>Installieren Sie den Android-Emulator auf Ihrem Computer;<\/li>\n\n\n\n<li>Erstellen Sie eine Emulationsumgebung im Emulator und aktivieren Sie \u201eROOT-Zugriff\u201c darin. Stellen Sie au\u00dferdem \u201eLokale Verbindung \u00f6ffnen\u201c in den \u201eADB-Debugging\u201c-Parametern ein;<\/li>\n\n\n\n<li>Starten Sie die erstellte Android-Emulationsumgebung und installieren Sie die erforderliche Pokeranwendung darin;<\/li>\n\n\n\n<li>Nach der Installation starten Sie sie, warten Sie, bis das Fenster zur Eingabe von Login und Passwort \u00f6ffnet, und schlie\u00dfen Sie die Emulationsumgebung;<\/li>\n\n\n\n<li>Flashen Sie die Anwendung in der Emulationsumgebung mit Hand2Note. Dazu starten Sie Hand2Note, dann die Emulationsumgebung und warten Sie ein paar Minuten.<\/li>\n<\/ol>\n\n\n\n<p>Nach Abschluss aller Schritte k\u00f6nnen Sie sich registrieren oder in ein bereits vorbereitetes Konto einloggen und mit dem Spielen beginnen.<\/p>\n\n\n\n<p><em>Nach dem Flashen der Anwendung mit Hand2Note &#8211; f\u00fchren Sie diese Emulationsumgebung nicht aus, ohne dass Hand2Note vorher l\u00e4uft. Wenn Sie dies tun, kann das Flashen fehlschlagen und Ihr Konto wird als Spielerkonto von einem Computer aus gesehen. Dies kann wiederum zu Sanktionen von Clubs oder Agenten f\u00fchren.<\/em><\/p>\n\n\n\n<h2 class=\"wp-block-heading\">Beispiel f\u00fcr Einstellungen zum Spielen in der \u201ePokerBROS\u201c-Anwendung<\/h2>\n\n\n\n<p>Vor der Einrichtung installieren Sie \u201eLDPlayer\u201c auf Ihrem Computer. Laden Sie auch die Installationsdatei der \u201ePokerBROS\u201c-Anwendung f\u00fcr die Android-Umgebung herunter (mit \u201e.apk\u201c-Erweiterung).<\/p>\n\n\n\n<p><em>Der Emulator und Hand2Note sollten immer als Administrator ausgef\u00fchrt werden.<\/em><\/p>\n\n\n\n<p>Starten Sie die \u201eLDPlayer\u201c-Emulatorliste, indem Sie auf die Verkn\u00fcpfung \u201eLDMultiPlayer\u201c(1) klicken. Erstellen Sie als N\u00e4chstes einen neuen Emulator, indem Sie auf \u201eNeu \/ Klonen\u201c(2) klicken und \u201eNeuer LDPlayer\u201c(3) ausw\u00e4hlen. Gehen Sie im neuen Emulator zu den Einstellungen, indem Sie auf das Zahnrad (4) klicken.<\/p>\n\n\n\n<figure class=\"wp-block-image size-large\"><img loading=\"lazy\" decoding=\"async\" width=\"1024\" height=\"572\" src=\"https:\/\/hand2noteguide.com\/wp-content\/uploads\/2025\/04\/\u0411\u0435\u0437-\u0438\u043c\u0435\u043d32\u0430\u043223\u0430\u0438-1-1024x572.jpg\" alt=\"\" class=\"wp-image-10007\" srcset=\"https:\/\/hand2noteguide.com\/wp-content\/uploads\/2025\/04\/\u0411\u0435\u0437-\u0438\u043c\u0435\u043d32\u0430\u043223\u0430\u0438-1-1024x572.jpg 1024w, https:\/\/hand2noteguide.com\/wp-content\/uploads\/2025\/04\/\u0411\u0435\u0437-\u0438\u043c\u0435\u043d32\u0430\u043223\u0430\u0438-1-300x168.jpg 300w, https:\/\/hand2noteguide.com\/wp-content\/uploads\/2025\/04\/\u0411\u0435\u0437-\u0438\u043c\u0435\u043d32\u0430\u043223\u0430\u0438-1-768x429.jpg 768w, https:\/\/hand2noteguide.com\/wp-content\/uploads\/2025\/04\/\u0411\u0435\u0437-\u0438\u043c\u0435\u043d32\u0430\u043223\u0430\u0438-1-772x431.jpg 772w, https:\/\/hand2noteguide.com\/wp-content\/uploads\/2025\/04\/\u0411\u0435\u0437-\u0438\u043c\u0435\u043d32\u0430\u043223\u0430\u0438-1-624x348.jpg 624w, https:\/\/hand2noteguide.com\/wp-content\/uploads\/2025\/04\/\u0411\u0435\u0437-\u0438\u043c\u0435\u043d32\u0430\u043223\u0430\u0438-1.jpg 1533w\" sizes=\"auto, (max-width: 1024px) 100vw, 1024px\" \/><\/figure>\n\n\n\n<p><em>Bitte beachten Sie, dass es verboten ist, die Emulatornummer \u201e0\u201c zu verwenden, zu l\u00f6schen oder in irgendeiner Weise zu beeinflussen. Ignorieren Sie sie bei der Konfiguration oder beim Spielen.<\/em><\/p>\n\n\n\n<p>Im ge\u00f6ffneten \u201eEinstellungen\u201c-Fenster im \u201eErweitert\u201c-Tab(1) \u00f6ffnen Sie das Men\u00fc \u201eMobilmodus\u201c(2). Stellen Sie die niedrigstm\u00f6gliche Aufl\u00f6sung ein (zum Beispiel: \u201e540&#215;960\u201c)(3).<\/p>\n\n\n\n<figure class=\"wp-block-image size-full\"><img loading=\"lazy\" decoding=\"async\" width=\"796\" height=\"687\" src=\"https:\/\/hand2noteguide.com\/wp-content\/uploads\/2025\/04\/\u0411\u0435\u0437-\u0438\u043c\u044b\u0432\u0430\u044b\u0432\u0435\u043d\u0438-1.jpg\" alt=\"\" class=\"wp-image-10027\" srcset=\"https:\/\/hand2noteguide.com\/wp-content\/uploads\/2025\/04\/\u0411\u0435\u0437-\u0438\u043c\u044b\u0432\u0430\u044b\u0432\u0435\u043d\u0438-1.jpg 796w, https:\/\/hand2noteguide.com\/wp-content\/uploads\/2025\/04\/\u0411\u0435\u0437-\u0438\u043c\u044b\u0432\u0430\u044b\u0432\u0435\u043d\u0438-1-300x259.jpg 300w, https:\/\/hand2noteguide.com\/wp-content\/uploads\/2025\/04\/\u0411\u0435\u0437-\u0438\u043c\u044b\u0432\u0430\u044b\u0432\u0435\u043d\u0438-1-768x663.jpg 768w, https:\/\/hand2noteguide.com\/wp-content\/uploads\/2025\/04\/\u0411\u0435\u0437-\u0438\u043c\u044b\u0432\u0430\u044b\u0432\u0435\u043d\u0438-1-772x666.jpg 772w, https:\/\/hand2noteguide.com\/wp-content\/uploads\/2025\/04\/\u0411\u0435\u0437-\u0438\u043c\u044b\u0432\u0430\u044b\u0432\u0435\u043d\u0438-1-624x539.jpg 624w\" sizes=\"auto, (max-width: 796px) 100vw, 796px\" \/><\/figure>\n\n\n\n<p>Gehen Sie als N\u00e4chstes zum Tab \u201eAndere Einstellungen\u201c (1). Finden Sie den Parameter \u201eRoot-Berechtigung\u201c und aktivieren Sie ihn (2). Finden Sie als N\u00e4chstes die Zeile mit der Bezeichnung \u201eADB-Debugging\u201c und w\u00e4hlen Sie \u201eLokale Verbindung \u00f6ffnen\u201c (3) in der Dropdown-Liste. Klicken Sie auf die Schaltfl\u00e4che \u201eEinstellungen speichern\u201c (4) unten im Fenster, um die \u00c4nderungen zu \u00fcbernehmen.<\/p>\n\n\n\n<figure class=\"wp-block-image size-full\"><img loading=\"lazy\" decoding=\"async\" width=\"797\" height=\"686\" src=\"https:\/\/hand2noteguide.com\/wp-content\/uploads\/2025\/04\/\u0411\u0435\u0437-\u0444\u044b\u0432\u0444\u044b\u0432\u04442.jpg\" alt=\"\" class=\"wp-image-10020\" srcset=\"https:\/\/hand2noteguide.com\/wp-content\/uploads\/2025\/04\/\u0411\u0435\u0437-\u0444\u044b\u0432\u0444\u044b\u0432\u04442.jpg 797w, https:\/\/hand2noteguide.com\/wp-content\/uploads\/2025\/04\/\u0411\u0435\u0437-\u0444\u044b\u0432\u0444\u044b\u0432\u04442-300x258.jpg 300w, https:\/\/hand2noteguide.com\/wp-content\/uploads\/2025\/04\/\u0411\u0435\u0437-\u0444\u044b\u0432\u0444\u044b\u0432\u04442-768x661.jpg 768w, https:\/\/hand2noteguide.com\/wp-content\/uploads\/2025\/04\/\u0411\u0435\u0437-\u0444\u044b\u0432\u0444\u044b\u0432\u04442-772x664.jpg 772w, https:\/\/hand2noteguide.com\/wp-content\/uploads\/2025\/04\/\u0411\u0435\u0437-\u0444\u044b\u0432\u0444\u044b\u0432\u04442-624x537.jpg 624w\" sizes=\"auto, (max-width: 797px) 100vw, 797px\" \/><\/figure>\n\n\n\n<p>Starten Sie den Emulator, indem Sie auf die Schaltfl\u00e4che \u201eStart\u201c (1) klicken und warten Sie, bis er ge\u00f6ffnet ist. Wenn der Emulator l\u00e4uft, schlie\u00dfen Sie das Werbebanner, indem Sie auf das Kreuz in der oberen rechten Ecke klicken(2).<\/p>\n\n\n\n<figure class=\"wp-block-image size-large\"><img loading=\"lazy\" decoding=\"async\" width=\"1024\" height=\"816\" src=\"https:\/\/hand2noteguide.com\/wp-content\/uploads\/2025\/04\/\u0411\u0435\u0437-\u0438\u043c\u044b\u0432\u0430\u044b\u0432\u0430\u0435\u043d\u0438-1-1024x816.jpg\" alt=\"\" class=\"wp-image-10031\" srcset=\"https:\/\/hand2noteguide.com\/wp-content\/uploads\/2025\/04\/\u0411\u0435\u0437-\u0438\u043c\u044b\u0432\u0430\u044b\u0432\u0430\u0435\u043d\u0438-1-1024x816.jpg 1024w, https:\/\/hand2noteguide.com\/wp-content\/uploads\/2025\/04\/\u0411\u0435\u0437-\u0438\u043c\u044b\u0432\u0430\u044b\u0432\u0430\u0435\u043d\u0438-1-300x239.jpg 300w, https:\/\/hand2noteguide.com\/wp-content\/uploads\/2025\/04\/\u0411\u0435\u0437-\u0438\u043c\u044b\u0432\u0430\u044b\u0432\u0430\u0435\u043d\u0438-1-768x612.jpg 768w, https:\/\/hand2noteguide.com\/wp-content\/uploads\/2025\/04\/\u0411\u0435\u0437-\u0438\u043c\u044b\u0432\u0430\u044b\u0432\u0430\u0435\u043d\u0438-1-772x615.jpg 772w, https:\/\/hand2noteguide.com\/wp-content\/uploads\/2025\/04\/\u0411\u0435\u0437-\u0438\u043c\u044b\u0432\u0430\u044b\u0432\u0430\u0435\u043d\u0438-1-624x497.jpg 624w, https:\/\/hand2noteguide.com\/wp-content\/uploads\/2025\/04\/\u0411\u0435\u0437-\u0438\u043c\u044b\u0432\u0430\u044b\u0432\u0430\u0435\u043d\u0438-1.jpg 1320w\" sizes=\"auto, (max-width: 1024px) 100vw, 1024px\" \/><\/figure>\n\n\n\n<p>Installieren Sie die \u201ePokerBROS\u201c-Anwendung im laufenden Emulator. Dazu halten Sie die Installationsdatei der \u201ePokerBROS\u201c-Anwendung auf dem Desktop mit der linken Maustaste (LMB) gedr\u00fcckt (1). Ziehen Sie sie in einen freien Bereich im Emulator (2) und lassen Sie die LMB los (3).<\/p>\n\n\n\n<figure class=\"wp-block-image size-large\"><img loading=\"lazy\" decoding=\"async\" width=\"950\" height=\"1024\" src=\"https:\/\/hand2noteguide.com\/wp-content\/uploads\/2025\/04\/\u0411\u0435\u0437-\u0438\u043c\u0447\u0441\u043c\u0447\u0441\u043c\u0447\u0441\u0435\u043d\u0438-1-950x1024.jpg\" alt=\"\" class=\"wp-image-10034\" srcset=\"https:\/\/hand2noteguide.com\/wp-content\/uploads\/2025\/04\/\u0411\u0435\u0437-\u0438\u043c\u0447\u0441\u043c\u0447\u0441\u043c\u0447\u0441\u0435\u043d\u0438-1-950x1024.jpg 950w, https:\/\/hand2noteguide.com\/wp-content\/uploads\/2025\/04\/\u0411\u0435\u0437-\u0438\u043c\u0447\u0441\u043c\u0447\u0441\u043c\u0447\u0441\u0435\u043d\u0438-1-278x300.jpg 278w, https:\/\/hand2noteguide.com\/wp-content\/uploads\/2025\/04\/\u0411\u0435\u0437-\u0438\u043c\u0447\u0441\u043c\u0447\u0441\u043c\u0447\u0441\u0435\u043d\u0438-1-768x828.jpg 768w, https:\/\/hand2noteguide.com\/wp-content\/uploads\/2025\/04\/\u0411\u0435\u0437-\u0438\u043c\u0447\u0441\u043c\u0447\u0441\u043c\u0447\u0441\u0435\u043d\u0438-1-772x832.jpg 772w, https:\/\/hand2noteguide.com\/wp-content\/uploads\/2025\/04\/\u0411\u0435\u0437-\u0438\u043c\u0447\u0441\u043c\u0447\u0441\u043c\u0447\u0441\u0435\u043d\u0438-1-579x624.jpg 579w, https:\/\/hand2noteguide.com\/wp-content\/uploads\/2025\/04\/\u0411\u0435\u0437-\u0438\u043c\u0447\u0441\u043c\u0447\u0441\u043c\u0447\u0441\u0435\u043d\u0438-1.jpg 955w\" sizes=\"auto, (max-width: 950px) 100vw, 950px\" \/><\/figure>\n\n\n\n<p>Starten Sie als N\u00e4chstes die \u201ePokerBROS\u201c-Anwendung im Emulator (1) und warten Sie, bis sie geladen ist, bis das Fenster f\u00fcr Login und Passwort (2) erscheint. Schlie\u00dfen Sie den Emulator, indem Sie auf das Kreuz in der oberen rechten Ecke klicken (3).<\/p>\n\n\n\n<figure class=\"wp-block-image size-large\"><img loading=\"lazy\" decoding=\"async\" width=\"1024\" height=\"842\" src=\"https:\/\/hand2noteguide.com\/wp-content\/uploads\/2025\/04\/\u0411\u0435\u0437-\u0438\u043c\u0441\u0447\u043c\u0447\u0441\u043c\u0435\u043d\u0438-1-1024x842.jpg\" alt=\"\" class=\"wp-image-10035\" srcset=\"https:\/\/hand2noteguide.com\/wp-content\/uploads\/2025\/04\/\u0411\u0435\u0437-\u0438\u043c\u0441\u0447\u043c\u0447\u0441\u043c\u0435\u043d\u0438-1-1024x842.jpg 1024w, https:\/\/hand2noteguide.com\/wp-content\/uploads\/2025\/04\/\u0411\u0435\u0437-\u0438\u043c\u0441\u0447\u043c\u0447\u0441\u043c\u0435\u043d\u0438-1-300x247.jpg 300w, https:\/\/hand2noteguide.com\/wp-content\/uploads\/2025\/04\/\u0411\u0435\u0437-\u0438\u043c\u0441\u0447\u043c\u0447\u0441\u043c\u0435\u043d\u0438-1-768x632.jpg 768w, https:\/\/hand2noteguide.com\/wp-content\/uploads\/2025\/04\/\u0411\u0435\u0437-\u0438\u043c\u0441\u0447\u043c\u0447\u0441\u043c\u0435\u043d\u0438-1-772x635.jpg 772w, https:\/\/hand2noteguide.com\/wp-content\/uploads\/2025\/04\/\u0411\u0435\u0437-\u0438\u043c\u0441\u0447\u043c\u0447\u0441\u043c\u0435\u043d\u0438-1-624x513.jpg 624w, https:\/\/hand2noteguide.com\/wp-content\/uploads\/2025\/04\/\u0411\u0435\u0437-\u0438\u043c\u0441\u0447\u043c\u0447\u0441\u043c\u0435\u043d\u0438-1.jpg 1286w\" sizes=\"auto, (max-width: 1024px) 100vw, 1024px\" \/><\/figure>\n\n\n\n<p>Starten Sie als N\u00e4chstes Hand2Note und danach den Emulator. Warten Sie ein paar Minuten, bis der Emulator-Flashvorgang abgeschlossen ist, und Sie k\u00f6nnen mit der Registrierung oder dem Spielen beginnen.<\/p>\n\n\n\n<p>In Hand2Note selbst sind keine Manipulationen erforderlich. Nach der Einrichtung, wenn Sie Tische in der Anwendung \u00f6ffnen, erscheint das HUD automatisch \u00fcber den Spielern. Auch Statistiken werden gesammelt und gespeichert.<\/p>\n\n\n\n<p><em>Der erste Flashvorgang wird von einem spontanen Schlie\u00dfen und \u00d6ffnen des Emulators begleitet. Dies zeigt an, dass das Flashen der Anwendung erfolgreich war.<\/em><\/p>\n","protected":false},"excerpt":{"rendered":"<p>Hand2Note erm\u00f6glicht es Ihnen, HUDs und Popups anzuzeigen und Statistiken nicht nur in klassischen R\u00e4umen wie PokerStars oder RedStar zu sammeln, sondern auch in vielen mobilen Pokeranwendungen wie PokerBros oder CoinPoker. Diese Funktion bietet einen Vorteil im Spiel, da die meisten Gegner in den Anwendungen Smartphones zum Spielen verwenden. Beim Spielen \u00fcber Smartphones ist die &hellip; <a href=\"https:\/\/hand2noteguide.com\/de\/user-manual\/configuring-hand2note-to-play-in-applications-via-an-emulator-using-the-example-of-pokerbros\/\" class=\"more-link\">Continue reading <span class=\"screen-reader-text\">Einrichtung von Hand2Note f\u00fcr das Spielen in Apps \u00fcber einen Emulator<\/span><\/a><\/p>\n","protected":false},"author":3,"featured_media":9962,"parent":9199,"menu_order":0,"comment_status":"closed","ping_status":"closed","template":"","meta":{"footnotes":""},"class_list":["post-9942","page","type-page","status-publish","has-post-thumbnail","hentry"],"translation":{"provider":"WPGlobus","version":"3.0.2","language":"de","enabled_languages":["en","ru","pt","zh","es","fr","de","it","ja"],"languages":{"en":{"title":true,"content":true,"excerpt":false},"ru":{"title":true,"content":true,"excerpt":false},"pt":{"title":true,"content":true,"excerpt":false},"zh":{"title":true,"content":true,"excerpt":false},"es":{"title":true,"content":true,"excerpt":false},"fr":{"title":true,"content":true,"excerpt":false},"de":{"title":true,"content":true,"excerpt":false},"it":{"title":true,"content":true,"excerpt":false},"ja":{"title":true,"content":true,"excerpt":false}}},"yoast_head":"<!-- This site is optimized with the Yoast SEO plugin v27.0 - https:\/\/yoast.com\/product\/yoast-seo-wordpress\/ -->\n<title>Einrichtung von Hand2Note f\u00fcr das Spielen in Apps \u00fcber einen Emulator<\/title>\n<meta name=\"description\" content=\"Verwenden Sie Hand2Note mit Android-Emulatoren, um HUDs anzuzeigen und Statistiken in mobilen Poker-Apps wie PokerBROS zu sammeln - verschaffen Sie sich einen Vorteil gegen\u00fcber Smartphone-Nutzern.\" \/>\n<meta name=\"robots\" content=\"index, follow, max-snippet:-1, max-image-preview:large, max-video-preview:-1\" \/>\n<link rel=\"canonical\" href=\"https:\/\/hand2noteguide.com\/user-manual\/configuring-hand2note-to-play-in-applications-via-an-emulator-using-the-example-of-pokerbros\/\" \/>\n<meta property=\"og:locale\" content=\"de_DE\" \/>\n<meta property=\"og:type\" content=\"article\" \/>\n<meta property=\"og:title\" content=\"Einrichtung von Hand2Note f\u00fcr das Spielen in Apps \u00fcber einen Emulator\" \/>\n<meta property=\"og:description\" content=\"Verwenden Sie Hand2Note mit Android-Emulatoren, um HUDs anzuzeigen und Statistiken in mobilen Poker-Apps wie PokerBROS zu sammeln - verschaffen Sie sich einen Vorteil gegen\u00fcber Smartphone-Nutzern.\" \/>\n<meta property=\"og:url\" content=\"https:\/\/hand2noteguide.com\/user-manual\/configuring-hand2note-to-play-in-applications-via-an-emulator-using-the-example-of-pokerbros\/\" \/>\n<meta property=\"og:site_name\" content=\"Hand2Note Guide\" \/>\n<meta property=\"article:modified_time\" content=\"2026-03-10T08:19:18+00:00\" \/>\n<meta property=\"og:image\" content=\"https:\/\/hand2noteguide.com\/wp-content\/uploads\/2025\/04\/\u0411\u0435\u0437-\u0438xcxcxcxcxcx.jpg\" \/>\n\t<meta property=\"og:image:width\" content=\"1920\" \/>\n\t<meta property=\"og:image:height\" content=\"1080\" \/>\n\t<meta property=\"og:image:type\" content=\"image\/jpeg\" \/>\n<meta name=\"twitter:card\" content=\"summary_large_image\" \/>\n<meta name=\"twitter:label1\" content=\"Est. reading time\" \/>\n\t<meta name=\"twitter:data1\" content=\"23 minutes\" \/>\n<!-- \/ Yoast SEO plugin. -->","yoast_head_json":{"title":"Einrichtung von Hand2Note f\u00fcr das Spielen in Apps \u00fcber einen Emulator","description":"Verwenden Sie Hand2Note mit Android-Emulatoren, um HUDs anzuzeigen und Statistiken in mobilen Poker-Apps wie PokerBROS zu sammeln - verschaffen Sie sich einen Vorteil gegen\u00fcber Smartphone-Nutzern.","robots":{"index":"index","follow":"follow","max-snippet":"max-snippet:-1","max-image-preview":"max-image-preview:large","max-video-preview":"max-video-preview:-1"},"canonical":"https:\/\/hand2noteguide.com\/user-manual\/configuring-hand2note-to-play-in-applications-via-an-emulator-using-the-example-of-pokerbros\/","og_locale":"de_DE","og_type":"article","og_title":"Einrichtung von Hand2Note f\u00fcr das Spielen in Apps \u00fcber einen Emulator","og_description":"Verwenden Sie Hand2Note mit Android-Emulatoren, um HUDs anzuzeigen und Statistiken in mobilen Poker-Apps wie PokerBROS zu sammeln - verschaffen Sie sich einen Vorteil gegen\u00fcber Smartphone-Nutzern.","og_url":"https:\/\/hand2noteguide.com\/user-manual\/configuring-hand2note-to-play-in-applications-via-an-emulator-using-the-example-of-pokerbros\/","og_site_name":"Hand2Note Guide","article_modified_time":"2026-03-10T08:19:18+00:00","og_image":[{"width":1920,"height":1080,"url":"https:\/\/hand2noteguide.com\/wp-content\/uploads\/2025\/04\/\u0411\u0435\u0437-\u0438xcxcxcxcxcx.jpg","type":"image\/jpeg"}],"twitter_card":"summary_large_image","twitter_misc":{"Est. reading time":"23 minutes"},"schema":{"@context":"https:\/\/schema.org","@graph":[]}},"jetpack_sharing_enabled":true,"_links":{"self":[{"href":"https:\/\/hand2noteguide.com\/de\/wp-json\/wp\/v2\/pages\/9942","targetHints":{"allow":["GET"]}}],"collection":[{"href":"https:\/\/hand2noteguide.com\/de\/wp-json\/wp\/v2\/pages"}],"about":[{"href":"https:\/\/hand2noteguide.com\/de\/wp-json\/wp\/v2\/types\/page"}],"author":[{"embeddable":true,"href":"https:\/\/hand2noteguide.com\/de\/wp-json\/wp\/v2\/users\/3"}],"replies":[{"embeddable":true,"href":"https:\/\/hand2noteguide.com\/de\/wp-json\/wp\/v2\/comments?post=9942"}],"version-history":[{"count":91,"href":"https:\/\/hand2noteguide.com\/de\/wp-json\/wp\/v2\/pages\/9942\/revisions"}],"predecessor-version":[{"id":15619,"href":"https:\/\/hand2noteguide.com\/de\/wp-json\/wp\/v2\/pages\/9942\/revisions\/15619"}],"up":[{"embeddable":true,"href":"https:\/\/hand2noteguide.com\/de\/wp-json\/wp\/v2\/pages\/9199"}],"wp:featuredmedia":[{"embeddable":true,"href":"https:\/\/hand2noteguide.com\/de\/wp-json\/wp\/v2\/media\/9962"}],"wp:attachment":[{"href":"https:\/\/hand2noteguide.com\/de\/wp-json\/wp\/v2\/media?parent=9942"}],"curies":[{"name":"wp","href":"https:\/\/api.w.org\/{rel}","templated":true}]}}