{"id":10055,"date":"2025-04-14T13:46:25","date_gmt":"2025-04-14T10:46:25","guid":{"rendered":"https:\/\/hand2noteguide.com\/?page_id=10055"},"modified":"2026-03-10T11:19:57","modified_gmt":"2026-03-10T08:19:57","slug":"installing-customized-statistics-packages-in-hand2note","status":"publish","type":"page","link":"https:\/\/hand2noteguide.com\/es\/user-manual\/installing-customized-statistics-packages-in-hand2note\/","title":{"rendered":"Instalaci\u00f3n de paquetes personalizados en Hand2Note"},"content":{"rendered":"\n<p>Para Hand2Note, existen muchos paquetes estad\u00edsticos creados tanto por los propios jugadores como por desarrolladores profesionales. Se diferencian en estad\u00edsticas, ergonom\u00eda, disciplinas objetivo y objetivos. Var\u00edan desde un enfoque en la pr\u00e1ctica en las mesas hasta estudios anal\u00edticos profundos de las tendencias del juego.<\/p>\n\n\n\n<p>Para encontrar el adecuado para ti o para familiarizarte con una amplia variedad de paquetes, puedes visitar <a aria-label=\"undefined (se abrir\u00e1 en una nueva pesta\u00f1a)\" href=\"https:\/\/www.hudstore.poker\/\" target=\"_blank\" rel=\"noreferrer noopener\">POKER HUD STORE<\/a>.<\/p>\n\n\n\n<p>Para instalar un paquete de estad\u00edsticas de terceros, necesitar\u00e1s:<\/p>\n\n\n\n<ul class=\"wp-block-list\">\n<li>la aplicaci\u00f3n Hand2Note instalada con una suscripci\u00f3n activa;<\/li>\n\n\n\n<li>archivo de instalaci\u00f3n del paquete proporcionado por el desarrollador (con extensi\u00f3n de archivo: \u201c.h2npackage\u201d).<\/li>\n<\/ul>\n\n\n\n<p>Antes de la instalaci\u00f3n, aseg\u00farate de que el desarrollador del paquete haya vinculado la licencia del paquete a tu cuenta de Hand2Note. Para este prop\u00f3sito, presta atenci\u00f3n a la parte inferior de la ventana del programa, donde se muestra el n\u00famero de paquetes vinculados a tu cuenta (1). Al pasar el rat\u00f3n sobre el icono de exclamaci\u00f3n en un c\u00edrculo (2), aparecer\u00e1 la lista de todas las vinculaciones activas a tu cuenta personal (por ejemplo: \u201cExploit_HUD_Base_full\u201d)(3).<\/p>\n\n\n\n<figure class=\"wp-block-image size-large\"><img loading=\"lazy\" decoding=\"async\" width=\"1024\" height=\"576\" src=\"https:\/\/hand2noteguide.com\/wp-content\/uploads\/2025\/04\/\u0411\u0435\u0437-\u0438\u043c\u0435\u043d\u0438-1-4-1024x576.jpg\" alt=\"\" class=\"wp-image-10100\" srcset=\"https:\/\/hand2noteguide.com\/wp-content\/uploads\/2025\/04\/\u0411\u0435\u0437-\u0438\u043c\u0435\u043d\u0438-1-4-1024x576.jpg 1024w, https:\/\/hand2noteguide.com\/wp-content\/uploads\/2025\/04\/\u0411\u0435\u0437-\u0438\u043c\u0435\u043d\u0438-1-4-300x169.jpg 300w, https:\/\/hand2noteguide.com\/wp-content\/uploads\/2025\/04\/\u0411\u0435\u0437-\u0438\u043c\u0435\u043d\u0438-1-4-768x432.jpg 768w, https:\/\/hand2noteguide.com\/wp-content\/uploads\/2025\/04\/\u0411\u0435\u0437-\u0438\u043c\u0435\u043d\u0438-1-4-1536x864.jpg 1536w, https:\/\/hand2noteguide.com\/wp-content\/uploads\/2025\/04\/\u0411\u0435\u0437-\u0438\u043c\u0435\u043d\u0438-1-4-772x434.jpg 772w, https:\/\/hand2noteguide.com\/wp-content\/uploads\/2025\/04\/\u0411\u0435\u0437-\u0438\u043c\u0435\u043d\u0438-1-4-624x351.jpg 624w, https:\/\/hand2noteguide.com\/wp-content\/uploads\/2025\/04\/\u0411\u0435\u0437-\u0438\u043c\u0435\u043d\u0438-1-4.jpg 1920w\" sizes=\"auto, (max-width: 1024px) 100vw, 1024px\" \/><\/figure>\n\n\n\n<p>Para instalar un paquete en Hand2Note, encuentra \u201cConfiguration\u201d (1) en la parte superior del programa y haz clic en \u00e9l. En la lista desplegable, selecciona \u201cImport Package\u2026\u201d (2). En la ventana de b\u00fasqueda que se abre, especifica el archivo de instalaci\u00f3n del paquete de estad\u00edsticas (3) y haz clic en el bot\u00f3n \u201cOpen\u201d (4) para comenzar a cargar el paquete en Hand2Note. Despu\u00e9s de completar la instalaci\u00f3n, aparecer\u00e1 la ventana \u201cRestart is required\u201d; selecciona \u201cRESTART HAND2NOTE\u201d (5) para aplicar todos los cambios.<\/p>\n\n\n\n<figure class=\"wp-block-image size-large\"><img loading=\"lazy\" decoding=\"async\" width=\"1024\" height=\"576\" src=\"https:\/\/hand2noteguide.com\/wp-content\/uploads\/2025\/04\/\u0411\u0435\u0437-345345345341-1024x576.jpg\" alt=\"\" class=\"wp-image-10067\" srcset=\"https:\/\/hand2noteguide.com\/wp-content\/uploads\/2025\/04\/\u0411\u0435\u0437-345345345341-1024x576.jpg 1024w, https:\/\/hand2noteguide.com\/wp-content\/uploads\/2025\/04\/\u0411\u0435\u0437-345345345341-300x169.jpg 300w, https:\/\/hand2noteguide.com\/wp-content\/uploads\/2025\/04\/\u0411\u0435\u0437-345345345341-768x432.jpg 768w, https:\/\/hand2noteguide.com\/wp-content\/uploads\/2025\/04\/\u0411\u0435\u0437-345345345341-1536x864.jpg 1536w, https:\/\/hand2noteguide.com\/wp-content\/uploads\/2025\/04\/\u0411\u0435\u0437-345345345341-772x434.jpg 772w, https:\/\/hand2noteguide.com\/wp-content\/uploads\/2025\/04\/\u0411\u0435\u0437-345345345341-624x351.jpg 624w, https:\/\/hand2noteguide.com\/wp-content\/uploads\/2025\/04\/\u0411\u0435\u0437-345345345341.jpg 1920w\" sizes=\"auto, (max-width: 1024px) 100vw, 1024px\" \/><\/figure>\n\n\n\n<p><em>En algunos casos, los desarrolladores proporcionan un archivo de instalaci\u00f3n del paquete de estad\u00edsticas con la extensi\u00f3n \u201c.h2nconfig\u201d. Para instalarlo, en el orden mencionado anteriormente, necesitas seleccionar \u201cImport Config\u2026\u201d en la lista desplegable en lugar de \u201cImport Package\u2026\u201d. El resto del procedimiento sigue siendo el mismo.<\/em><\/p>\n\n\n\n<p>En caso de que el HUD reci\u00e9n instalado no aparezca en la mesa, necesitas cambiar tu perfil de HUD actual. Para hacerlo, encuentra el peque\u00f1o logo de Hand2Note (1) en la mesa y haz clic derecho sobre \u00e9l. En la lista desplegable, pasa el rat\u00f3n sobre \u201cSwitch Profile\u201d (2), y en la segunda lista desplegable (3) selecciona el perfil requerido.<\/p>\n\n\n\n<figure class=\"wp-block-image size-large\"><img loading=\"lazy\" decoding=\"async\" width=\"1024\" height=\"782\" src=\"https:\/\/hand2noteguide.com\/wp-content\/uploads\/2025\/04\/Pok\u044b\u0432\u0430\u044b\u0432\u0430\u044b\u0432er-Table-1-1024x782.jpg\" alt=\"\" class=\"wp-image-10084\" srcset=\"https:\/\/hand2noteguide.com\/wp-content\/uploads\/2025\/04\/Pok\u044b\u0432\u0430\u044b\u0432\u0430\u044b\u0432er-Table-1-1024x782.jpg 1024w, https:\/\/hand2noteguide.com\/wp-content\/uploads\/2025\/04\/Pok\u044b\u0432\u0430\u044b\u0432\u0430\u044b\u0432er-Table-1-300x229.jpg 300w, https:\/\/hand2noteguide.com\/wp-content\/uploads\/2025\/04\/Pok\u044b\u0432\u0430\u044b\u0432\u0430\u044b\u0432er-Table-1-768x587.jpg 768w, https:\/\/hand2noteguide.com\/wp-content\/uploads\/2025\/04\/Pok\u044b\u0432\u0430\u044b\u0432\u0430\u044b\u0432er-Table-1-772x590.jpg 772w, https:\/\/hand2noteguide.com\/wp-content\/uploads\/2025\/04\/Pok\u044b\u0432\u0430\u044b\u0432\u0430\u044b\u0432er-Table-1-624x477.jpg 624w, https:\/\/hand2noteguide.com\/wp-content\/uploads\/2025\/04\/Pok\u044b\u0432\u0430\u044b\u0432\u0430\u044b\u0432er-Table-1.jpg 1064w\" sizes=\"auto, (max-width: 1024px) 100vw, 1024px\" \/><\/figure>\n","protected":false},"excerpt":{"rendered":"<p>Para Hand2Note, existen muchos paquetes estad\u00edsticos creados tanto por los propios jugadores como por desarrolladores profesionales. Se diferencian en estad\u00edsticas, ergonom\u00eda, disciplinas objetivo y objetivos. Var\u00edan desde un enfoque en la pr\u00e1ctica en las mesas hasta estudios anal\u00edticos profundos de las tendencias del juego. Para encontrar el adecuado para ti o para familiarizarte con una &hellip; <a href=\"https:\/\/hand2noteguide.com\/es\/user-manual\/installing-customized-statistics-packages-in-hand2note\/\" class=\"more-link\">Continue reading <span class=\"screen-reader-text\">Instalaci\u00f3n de paquetes personalizados en Hand2Note<\/span><\/a><\/p>\n","protected":false},"author":3,"featured_media":10075,"parent":9199,"menu_order":0,"comment_status":"closed","ping_status":"closed","template":"","meta":{"footnotes":""},"class_list":["post-10055","page","type-page","status-publish","has-post-thumbnail","hentry"],"translation":{"provider":"WPGlobus","version":"3.0.2","language":"es","enabled_languages":["en","ru","pt","zh","es","fr","de","it","ja"],"languages":{"en":{"title":true,"content":true,"excerpt":false},"ru":{"title":true,"content":true,"excerpt":false},"pt":{"title":true,"content":true,"excerpt":false},"zh":{"title":true,"content":true,"excerpt":false},"es":{"title":true,"content":true,"excerpt":false},"fr":{"title":true,"content":true,"excerpt":false},"de":{"title":true,"content":true,"excerpt":false},"it":{"title":true,"content":true,"excerpt":false},"ja":{"title":true,"content":true,"excerpt":false}}},"yoast_head":"<!-- This site is optimized with the Yoast SEO plugin v27.0 - https:\/\/yoast.com\/product\/yoast-seo-wordpress\/ -->\n<title>Instalaci\u00f3n de paquetes personalizados en Hand2Note<\/title>\n<meta name=\"description\" content=\"Descubre c\u00f3mo instalar paquetes de HUD de terceros en Hand2Note para personalizar tus estad\u00edsticas, mejorar el an\u00e1lisis y mejorar tu juego de p\u00f3ker.\" \/>\n<meta name=\"robots\" content=\"index, follow, max-snippet:-1, max-image-preview:large, max-video-preview:-1\" \/>\n<link rel=\"canonical\" href=\"https:\/\/hand2noteguide.com\/user-manual\/installing-customized-statistics-packages-in-hand2note\/\" \/>\n<meta property=\"og:locale\" content=\"es_ES\" \/>\n<meta property=\"og:type\" content=\"article\" \/>\n<meta property=\"og:title\" content=\"Instalaci\u00f3n de paquetes personalizados en Hand2Note\" \/>\n<meta property=\"og:description\" content=\"Descubre c\u00f3mo instalar paquetes de HUD de terceros en Hand2Note para personalizar tus estad\u00edsticas, mejorar el an\u00e1lisis y mejorar tu juego de p\u00f3ker.\" \/>\n<meta property=\"og:url\" content=\"https:\/\/hand2noteguide.com\/user-manual\/installing-customized-statistics-packages-in-hand2note\/\" \/>\n<meta property=\"og:site_name\" content=\"Hand2Note Guide\" \/>\n<meta property=\"article:modified_time\" content=\"2026-03-10T08:19:57+00:00\" \/>\n<meta property=\"og:image\" content=\"https:\/\/hand2noteguide.com\/wp-content\/uploads\/2025\/04\/\u0411\u0435\u0437-\u0438erere\u043c\u0435\u043d\u0438-1-1.jpg\" \/>\n\t<meta property=\"og:image:width\" content=\"1920\" \/>\n\t<meta property=\"og:image:height\" content=\"1080\" \/>\n\t<meta property=\"og:image:type\" content=\"image\/jpeg\" \/>\n<meta name=\"twitter:card\" content=\"summary_large_image\" \/>\n<meta name=\"twitter:label1\" content=\"Est. reading time\" \/>\n\t<meta name=\"twitter:data1\" content=\"11 minutes\" \/>\n<!-- \/ Yoast SEO plugin. -->","yoast_head_json":{"title":"Instalaci\u00f3n de paquetes personalizados en Hand2Note","description":"Descubre c\u00f3mo instalar paquetes de HUD de terceros en Hand2Note para personalizar tus estad\u00edsticas, mejorar el an\u00e1lisis y mejorar tu juego de p\u00f3ker.","robots":{"index":"index","follow":"follow","max-snippet":"max-snippet:-1","max-image-preview":"max-image-preview:large","max-video-preview":"max-video-preview:-1"},"canonical":"https:\/\/hand2noteguide.com\/user-manual\/installing-customized-statistics-packages-in-hand2note\/","og_locale":"es_ES","og_type":"article","og_title":"Instalaci\u00f3n de paquetes personalizados en Hand2Note","og_description":"Descubre c\u00f3mo instalar paquetes de HUD de terceros en Hand2Note para personalizar tus estad\u00edsticas, mejorar el an\u00e1lisis y mejorar tu juego de p\u00f3ker.","og_url":"https:\/\/hand2noteguide.com\/user-manual\/installing-customized-statistics-packages-in-hand2note\/","og_site_name":"Hand2Note Guide","article_modified_time":"2026-03-10T08:19:57+00:00","og_image":[{"width":1920,"height":1080,"url":"https:\/\/hand2noteguide.com\/wp-content\/uploads\/2025\/04\/\u0411\u0435\u0437-\u0438erere\u043c\u0435\u043d\u0438-1-1.jpg","type":"image\/jpeg"}],"twitter_card":"summary_large_image","twitter_misc":{"Est. reading time":"11 minutes"},"schema":{"@context":"https:\/\/schema.org","@graph":[]}},"jetpack_sharing_enabled":true,"_links":{"self":[{"href":"https:\/\/hand2noteguide.com\/es\/wp-json\/wp\/v2\/pages\/10055","targetHints":{"allow":["GET"]}}],"collection":[{"href":"https:\/\/hand2noteguide.com\/es\/wp-json\/wp\/v2\/pages"}],"about":[{"href":"https:\/\/hand2noteguide.com\/es\/wp-json\/wp\/v2\/types\/page"}],"author":[{"embeddable":true,"href":"https:\/\/hand2noteguide.com\/es\/wp-json\/wp\/v2\/users\/3"}],"replies":[{"embeddable":true,"href":"https:\/\/hand2noteguide.com\/es\/wp-json\/wp\/v2\/comments?post=10055"}],"version-history":[{"count":47,"href":"https:\/\/hand2noteguide.com\/es\/wp-json\/wp\/v2\/pages\/10055\/revisions"}],"predecessor-version":[{"id":15620,"href":"https:\/\/hand2noteguide.com\/es\/wp-json\/wp\/v2\/pages\/10055\/revisions\/15620"}],"up":[{"embeddable":true,"href":"https:\/\/hand2noteguide.com\/es\/wp-json\/wp\/v2\/pages\/9199"}],"wp:featuredmedia":[{"embeddable":true,"href":"https:\/\/hand2noteguide.com\/es\/wp-json\/wp\/v2\/media\/10075"}],"wp:attachment":[{"href":"https:\/\/hand2noteguide.com\/es\/wp-json\/wp\/v2\/media?parent=10055"}],"curies":[{"name":"wp","href":"https:\/\/api.w.org\/{rel}","templated":true}]}}