{"id":10343,"date":"2025-04-20T19:04:25","date_gmt":"2025-04-20T16:04:25","guid":{"rendered":"https:\/\/hand2noteguide.com\/?page_id=10343"},"modified":"2026-03-10T11:22:10","modified_gmt":"2026-03-10T08:22:10","slug":"hand2note-report-menu","status":"publish","type":"page","link":"https:\/\/hand2noteguide.com\/es\/user-manual\/hand2note-report-menu\/","title":{"rendered":"La herramienta &#8220;Reports&#8221; de Hand2Note"},"content":{"rendered":"\n<p>En Hand2Note, la pesta\u00f1a &#8220;Reports&#8221; proporciona una herramienta poderosa y casi ilimitada para analizar tu juego o el de tus oponentes. Gracias a esto, la capacidad de filtrar diversas situaciones de juego est\u00e1 literalmente limitada solo por tu propia imaginaci\u00f3n.<\/p>\n\n\n\n<p>&#8220;Reports&#8221; te permite obtener informaci\u00f3n con el mayor detalle posible no solo sobre las situaciones de juego habituales, sino tambi\u00e9n para responder a preguntas complejas y no est\u00e1ndar, como: &#8220;\u00bfCon qu\u00e9 frecuencia, estando en posici\u00f3n temprana, hago una apuesta de continuaci\u00f3n en el flop y luego foldeo mis cartas ante un raise de mi oponente que est\u00e1 en BTN&#8221;?<\/p>\n\n\n\n<p>En este art\u00edculo consideraremos la navegaci\u00f3n y funcionalidad b\u00e1sica de esta pesta\u00f1a. Esto te ayudar\u00e1 a entender la mec\u00e1nica de trabajar con &#8220;Reports&#8221;, as\u00ed como a familiarizarte con sus caracter\u00edsticas.<\/p>\n\n\n\n<h2 class=\"wp-block-heading\">Navegaci\u00f3n en &#8220;Reports&#8221; y mec\u00e1nica de trabajo con ellos<\/h2>\n\n\n\n<p>Para abrir la pesta\u00f1a &#8220;Reports&#8221;, encuentra &#8220;Reports&#8221; (1) en la ventana principal y haz clic en ella.<\/p>\n\n\n\n<figure class=\"wp-block-image size-large\"><img loading=\"lazy\" decoding=\"async\" width=\"1024\" height=\"576\" src=\"http:\/\/hand2noteguide.com\/wp-content\/uploads\/2025\/04\/\u0411\u0435\u0437-567567567\u0438\u043c\u0435\u043d\u0438-1-1024x576.jpg\" alt=\"\" class=\"wp-image-10390\" srcset=\"https:\/\/hand2noteguide.com\/wp-content\/uploads\/2025\/04\/\u0411\u0435\u0437-567567567\u0438\u043c\u0435\u043d\u0438-1-1024x576.jpg 1024w, https:\/\/hand2noteguide.com\/wp-content\/uploads\/2025\/04\/\u0411\u0435\u0437-567567567\u0438\u043c\u0435\u043d\u0438-1-300x169.jpg 300w, https:\/\/hand2noteguide.com\/wp-content\/uploads\/2025\/04\/\u0411\u0435\u0437-567567567\u0438\u043c\u0435\u043d\u0438-1-768x432.jpg 768w, https:\/\/hand2noteguide.com\/wp-content\/uploads\/2025\/04\/\u0411\u0435\u0437-567567567\u0438\u043c\u0435\u043d\u0438-1-1536x864.jpg 1536w, https:\/\/hand2noteguide.com\/wp-content\/uploads\/2025\/04\/\u0411\u0435\u0437-567567567\u0438\u043c\u0435\u043d\u0438-1-772x434.jpg 772w, https:\/\/hand2noteguide.com\/wp-content\/uploads\/2025\/04\/\u0411\u0435\u0437-567567567\u0438\u043c\u0435\u043d\u0438-1-624x351.jpg 624w, https:\/\/hand2noteguide.com\/wp-content\/uploads\/2025\/04\/\u0411\u0435\u0437-567567567\u0438\u043c\u0435\u043d\u0438-1.jpg 1920w\" sizes=\"auto, (max-width: 1024px) 100vw, 1024px\" \/><\/figure>\n\n\n\n<p>La mec\u00e1nica de trabajar con los informes tiene un conjunto secuencial de acciones, a saber:<\/p>\n\n\n\n<ol class=\"wp-block-list\">\n<li>Primero que todo, debemos responder a la pregunta: &#8220;\u00bfDe qui\u00e9n estamos analizando el juego?&#8221;. Para seleccionar un objeto (jugador, alias o conjunto de jugadores) para analizar, necesitas hacer clic en el bot\u00f3n con el apodo en la esquina superior izquierda de la ventana (2). Inmediatamente despu\u00e9s de la selecci\u00f3n, en el \u00e1rea (4) y el \u00e1rea (5) veremos las estad\u00edsticas sin ning\u00fan filtro sobre el objeto analizado que hemos especificado.<\/li>\n\n\n\n<li>Luego, debemos responder a la pregunta: &#8220;\u00bfQu\u00e9 criterios necesitamos para analizar las estad\u00edsticas de un jugador, un alias o un conjunto de jugadores?&#8221;. Para establecer el filtro necesario para las estad\u00edsticas que corresponden a los criterios de an\u00e1lisis, encuentra el bot\u00f3n &#8220;+ Filter&#8221; (3) y haz clic en \u00e9l. Luego, selecciona el filtro deseado y apl\u00edcalo. Despu\u00e9s de eso, las estad\u00edsticas en el \u00e1rea (4) y el \u00e1rea (5) cambiar\u00e1n de acuerdo con el filtro aplicado.<\/li>\n<\/ol>\n\n\n\n<h3 class=\"wp-block-heading\">Selecci\u00f3n de filtros para aplicar a las estad\u00edsticas<\/h3>\n\n\n\n<p>Despu\u00e9s de hacer clic en el bot\u00f3n &#8220;+ Filter&#8221;, se abre la ventana de filtros. En ella puedes elegir cualquiera de los filtros predefinidos ubicados en las pesta\u00f1as en el medio de la ventana. Tambi\u00e9n puedes crear tu propio filtro para el an\u00e1lisis llamando al editor de estad\u00edsticas haciendo clic en &#8220;+ Custom Filter&#8221; (8).<\/p>\n\n\n\n<p><em>Puedes usar varios filtros al mismo tiempo. Lo principal es no usar filtros mutuamente excluyentes juntos; de lo contrario, el informe mostrar\u00e1 resultados cero.<\/em><\/p>\n\n\n\n<p>Despu\u00e9s de seleccionar los filtros, haz clic en el bot\u00f3n &#8220;APPLY&#8221; (9) para aplicarlos en los informes.<\/p>\n\n\n\n<figure class=\"wp-block-image size-large\"><img loading=\"lazy\" decoding=\"async\" width=\"1024\" height=\"601\" src=\"http:\/\/hand2noteguide.com\/wp-content\/uploads\/2025\/04\/\u0411\u0435\u0437-\u0438\u043c7676767\u0435\u043d\u0438-2-1024x601.jpg\" alt=\"\" class=\"wp-image-10432\" srcset=\"https:\/\/hand2noteguide.com\/wp-content\/uploads\/2025\/04\/\u0411\u0435\u0437-\u0438\u043c7676767\u0435\u043d\u0438-2-1024x601.jpg 1024w, https:\/\/hand2noteguide.com\/wp-content\/uploads\/2025\/04\/\u0411\u0435\u0437-\u0438\u043c7676767\u0435\u043d\u0438-2-300x176.jpg 300w, https:\/\/hand2noteguide.com\/wp-content\/uploads\/2025\/04\/\u0411\u0435\u0437-\u0438\u043c7676767\u0435\u043d\u0438-2-768x451.jpg 768w, https:\/\/hand2noteguide.com\/wp-content\/uploads\/2025\/04\/\u0411\u0435\u0437-\u0438\u043c7676767\u0435\u043d\u0438-2-1536x901.jpg 1536w, https:\/\/hand2noteguide.com\/wp-content\/uploads\/2025\/04\/\u0411\u0435\u0437-\u0438\u043c7676767\u0435\u043d\u0438-2-772x453.jpg 772w, https:\/\/hand2noteguide.com\/wp-content\/uploads\/2025\/04\/\u0411\u0435\u0437-\u0438\u043c7676767\u0435\u043d\u0438-2-624x366.jpg 624w, https:\/\/hand2noteguide.com\/wp-content\/uploads\/2025\/04\/\u0411\u0435\u0437-\u0438\u043c7676767\u0435\u043d\u0438-2.jpg 1841w\" sizes=\"auto, (max-width: 1024px) 100vw, 1024px\" \/><\/figure>\n\n\n\n<p>El conjunto de filtros predefinidos presentados en las pesta\u00f1as se divide en categor\u00edas:<\/p>\n\n\n\n<ul class=\"wp-block-list\">\n<li>Pesta\u00f1a &#8220;Quick Filters&#8221; (1) &#8211; en esta pesta\u00f1a puedes seleccionar cualquiera de las acciones principales posibles de un jugador para analizar;<\/li>\n\n\n\n<li>Pesta\u00f1a &#8220;Positions&#8221; (2) &#8211; en esta pesta\u00f1a puedes indicar la posici\u00f3n del jugador o de su oponente en la mano, ya sea preflop o postflop;<\/li>\n\n\n\n<li>La pesta\u00f1a &#8220;General&#8221; (3) te permite filtrar estad\u00edsticas por las caracter\u00edsticas principales del propio juego. Por ejemplo: tama\u00f1o de la mesa, ciega grande, straddle, sala de p\u00f3ker, selecci\u00f3n (el n\u00famero de fichas en la mesa con el jugador), moneda jugada, tipo de juego (Hold&#8217;em, Omaha y similares), tama\u00f1o del bote y muchos otros;<\/li>\n\n\n\n<li>La pesta\u00f1a &#8220;Actions&#8221; (4) &#8211; te permite construir una l\u00ednea de acciones del jugador de calle a calle para el an\u00e1lisis;<\/li>\n\n\n\n<li>La pesta\u00f1a &#8220;Hand Strength&#8221; (5) &#8211; te permite establecer para el an\u00e1lisis la mano (o varias manos) que se repartieron al jugador cuando se repartieron las cartas. Tambi\u00e9n en esta pesta\u00f1a puedes incluir para el an\u00e1lisis solo aquellas manos que el jugador mostr\u00f3 durante el juego (manos conocidas);<\/li>\n\n\n\n<li>La pesta\u00f1a &#8220;Session&#8221; (6) &#8211; te permite seleccionar el per\u00edodo de tiempo del juego para analizar. Por ejemplo: por hora del d\u00eda, d\u00eda de la semana, mes del a\u00f1o y muchos otros;<\/li>\n\n\n\n<li>La pesta\u00f1a &#8220;Tournaments&#8221; (7) te permite seleccionar criterios espec\u00edficos de torneos para el an\u00e1lisis.<\/li>\n<\/ul>\n\n\n\n<h3 class=\"wp-block-heading\">Visualizaci\u00f3n de resultados y navegaci\u00f3n a trav\u00e9s de pesta\u00f1as estad\u00edsticas<\/h3>\n\n\n\n<p>Despu\u00e9s de seleccionar un jugador, as\u00ed como seleccionar filtros y aplicarlos, podemos ver toda la informaci\u00f3n necesaria sobre ellos en forma estad\u00edstica inmediatamente debajo del bot\u00f3n &#8220;+Filter&#8221; &#8211; en el campo (1) y el campo (2).<\/p>\n\n\n\n<figure class=\"wp-block-image size-large\"><img loading=\"lazy\" decoding=\"async\" width=\"1024\" height=\"573\" src=\"http:\/\/hand2noteguide.com\/wp-content\/uploads\/2025\/04\/\u0411\u0435\u0437-\u0438\u043c\u04353453\u043d\u0438-1-1024x573.jpg\" alt=\"\" class=\"wp-image-10453\" srcset=\"https:\/\/hand2noteguide.com\/wp-content\/uploads\/2025\/04\/\u0411\u0435\u0437-\u0438\u043c\u04353453\u043d\u0438-1-1024x573.jpg 1024w, https:\/\/hand2noteguide.com\/wp-content\/uploads\/2025\/04\/\u0411\u0435\u0437-\u0438\u043c\u04353453\u043d\u0438-1-300x168.jpg 300w, https:\/\/hand2noteguide.com\/wp-content\/uploads\/2025\/04\/\u0411\u0435\u0437-\u0438\u043c\u04353453\u043d\u0438-1-768x430.jpg 768w, https:\/\/hand2noteguide.com\/wp-content\/uploads\/2025\/04\/\u0411\u0435\u0437-\u0438\u043c\u04353453\u043d\u0438-1-1536x860.jpg 1536w, https:\/\/hand2noteguide.com\/wp-content\/uploads\/2025\/04\/\u0411\u0435\u0437-\u0438\u043c\u04353453\u043d\u0438-1-772x432.jpg 772w, https:\/\/hand2noteguide.com\/wp-content\/uploads\/2025\/04\/\u0411\u0435\u0437-\u0438\u043c\u04353453\u043d\u0438-1-624x349.jpg 624w, https:\/\/hand2noteguide.com\/wp-content\/uploads\/2025\/04\/\u0411\u0435\u0437-\u0438\u043c\u04353453\u043d\u0438-1.jpg 1691w\" sizes=\"auto, (max-width: 1024px) 100vw, 1024px\" \/><\/figure>\n\n\n\n<p>El campo (1) muestra las pesta\u00f1as:<\/p>\n\n\n\n<ul class=\"wp-block-list\">\n<li>&#8220;Stats&#8221; &#8211; aqu\u00ed puedes ver los principales indicadores estad\u00edsticos como Win Rate, VPIP, PFR, <a href=\"https:\/\/hand2noteguide.com\/es\/poker\/poker-hud-stats\/3bet-in-poker\/\">3bet<\/a>, y muchos otros;<\/li>\n\n\n\n<li>&#8220;Graph&#8221; &#8211; en esta pesta\u00f1a puedes ver un gr\u00e1fico de los resultados del juego, en la moneda de tu elecci\u00f3n o en ciegas grandes;<\/li>\n\n\n\n<li>&#8220;Preflop Range&#8221; &#8211; diagrama preflop de las manos que el jugador mostr\u00f3 durante el juego;<\/li>\n\n\n\n<li>&#8220;Hand Strength&#8221; &#8211; muestra la fuerza de la mano jugada por el jugador en diferentes calles.<\/li>\n<\/ul>\n\n\n\n<p>En el campo (2) hay varias pesta\u00f1as donde puedes ver datos como: la lista de manos (&#8220;Hands&#8221;), resultados del juego en diferentes l\u00edmites (&#8220;Results&#8221;), resultados teniendo en cuenta diferentes posiciones preflop del jugador (&#8220;Positions&#8221;) y muchos otros.<\/p>\n\n\n\n<p><em>Adem\u00e1s, en el campo (2) puedes hacer clic en el icono &#8220;+&#8221; (3) al final de la lista de pesta\u00f1as y agregar pesta\u00f1as faltantes con varios conjuntos de datos (4).<\/em><\/p>\n\n\n\n<h3 class=\"wp-block-heading\">Informe dentro de un informe<\/h3>\n\n\n\n<p>Vale la pena prestar especial atenci\u00f3n a una funci\u00f3n como abrir un informe adicional dentro de uno ya creado.<\/p>\n\n\n\n<p>Al hacer clic en las filas en ciertas pesta\u00f1as del campo (1) puedes abrir una ventana de informe adicional a la derecha, en el campo (2). Ya tendr\u00e1 en cuenta todos los filtros aplicados previamente, as\u00ed como la fila en las pesta\u00f1as que has seleccionado (por ejemplo: NL $5, 6-max).<\/p>\n\n\n\n<figure class=\"wp-block-image size-large\"><img loading=\"lazy\" decoding=\"async\" width=\"1024\" height=\"551\" src=\"http:\/\/hand2noteguide.com\/wp-content\/uploads\/2025\/04\/\u0411\u0435\u0437-\u0438\u043cSDFSDFSDF\u0435\u043d\u0438-2-1024x551.jpg\" alt=\"\" class=\"wp-image-10482\" srcset=\"https:\/\/hand2noteguide.com\/wp-content\/uploads\/2025\/04\/\u0411\u0435\u0437-\u0438\u043cSDFSDFSDF\u0435\u043d\u0438-2-1024x551.jpg 1024w, https:\/\/hand2noteguide.com\/wp-content\/uploads\/2025\/04\/\u0411\u0435\u0437-\u0438\u043cSDFSDFSDF\u0435\u043d\u0438-2-300x161.jpg 300w, https:\/\/hand2noteguide.com\/wp-content\/uploads\/2025\/04\/\u0411\u0435\u0437-\u0438\u043cSDFSDFSDF\u0435\u043d\u0438-2-768x413.jpg 768w, https:\/\/hand2noteguide.com\/wp-content\/uploads\/2025\/04\/\u0411\u0435\u0437-\u0438\u043cSDFSDFSDF\u0435\u043d\u0438-2-1536x826.jpg 1536w, https:\/\/hand2noteguide.com\/wp-content\/uploads\/2025\/04\/\u0411\u0435\u0437-\u0438\u043cSDFSDFSDF\u0435\u043d\u0438-2-772x415.jpg 772w, https:\/\/hand2noteguide.com\/wp-content\/uploads\/2025\/04\/\u0411\u0435\u0437-\u0438\u043cSDFSDFSDF\u0435\u043d\u0438-2-624x336.jpg 624w, https:\/\/hand2noteguide.com\/wp-content\/uploads\/2025\/04\/\u0411\u0435\u0437-\u0438\u043cSDFSDFSDF\u0435\u043d\u0438-2.jpg 1915w\" sizes=\"auto, (max-width: 1024px) 100vw, 1024px\" \/><\/figure>\n\n\n\n<p>En el campo (2) puedes aplicar tus propios filtros, adem\u00e1s de los filtros del campo (1), para el an\u00e1lisis. Y tambi\u00e9n continuar la transici\u00f3n al tercer informe a la derecha, haciendo clic en las filas necesarias en las pesta\u00f1as internas de estad\u00edsticas, pero ya en el \u00e1rea del segundo informe.<\/p>\n\n\n\n<p>Esta funci\u00f3n te permite filtrar estad\u00edsticas sobre la base de un filtrado previamente creado, simplificando y expandiendo infinitamente las posibilidades para el an\u00e1lisis.<\/p>\n\n\n\n<h3 class=\"wp-block-heading\">Exportaci\u00f3n de manos desde el men\u00fa de informes<\/h3>\n\n\n\n<p>Hand2Note permite exportar manos desde los informes. Incluyendo aquellas con filtros aplicados a las estad\u00edsticas.<\/p>\n\n\n\n<p>Esto, a su vez, nos da la oportunidad de descargar manos con ciertas situaciones de juego, teniendo en cuenta los filtros aplicados a ellas anteriormente. En el futuro, estas manos pueden ser utilizadas, por ejemplo, para cargarlas en una base de datos separada.<\/p>\n\n\n\n<p>Para exportar manos desde los informes, selecciona la pesta\u00f1a &#8220;Hands&#8221; (1). Luego, en la lista de manos abierta a continuaci\u00f3n (2), haz clic en cualquiera de ellas con el bot\u00f3n derecho del rat\u00f3n. En la lista desplegable selecciona &#8220;Export Hands&#8221; (3), y especifica una ubicaci\u00f3n de guardado.<\/p>\n\n\n\n<figure class=\"wp-block-image size-large\"><img loading=\"lazy\" decoding=\"async\" width=\"1024\" height=\"576\" src=\"http:\/\/hand2noteguide.com\/wp-content\/uploads\/2025\/04\/\u0411\u0435\u0437-\u0432\u0444\u044b\u0432\u0444\u044b\u0432\u0444\u0432\u0444\u044b\u0432\u0444\u044b\u0432\u0438\u043c\u0435\u043d\u0438-3-1024x576.jpg\" alt=\"\" class=\"wp-image-10500\" srcset=\"https:\/\/hand2noteguide.com\/wp-content\/uploads\/2025\/04\/\u0411\u0435\u0437-\u0432\u0444\u044b\u0432\u0444\u044b\u0432\u0444\u0432\u0444\u044b\u0432\u0444\u044b\u0432\u0438\u043c\u0435\u043d\u0438-3-1024x576.jpg 1024w, https:\/\/hand2noteguide.com\/wp-content\/uploads\/2025\/04\/\u0411\u0435\u0437-\u0432\u0444\u044b\u0432\u0444\u044b\u0432\u0444\u0432\u0444\u044b\u0432\u0444\u044b\u0432\u0438\u043c\u0435\u043d\u0438-3-300x169.jpg 300w, https:\/\/hand2noteguide.com\/wp-content\/uploads\/2025\/04\/\u0411\u0435\u0437-\u0432\u0444\u044b\u0432\u0444\u044b\u0432\u0444\u0432\u0444\u044b\u0432\u0444\u044b\u0432\u0438\u043c\u0435\u043d\u0438-3-768x432.jpg 768w, https:\/\/hand2noteguide.com\/wp-content\/uploads\/2025\/04\/\u0411\u0435\u0437-\u0432\u0444\u044b\u0432\u0444\u044b\u0432\u0444\u0432\u0444\u044b\u0432\u0444\u044b\u0432\u0438\u043c\u0435\u043d\u0438-3-1536x864.jpg 1536w, https:\/\/hand2noteguide.com\/wp-content\/uploads\/2025\/04\/\u0411\u0435\u0437-\u0432\u0444\u044b\u0432\u0444\u044b\u0432\u0444\u0432\u0444\u044b\u0432\u0444\u044b\u0432\u0438\u043c\u0435\u043d\u0438-3-772x434.jpg 772w, https:\/\/hand2noteguide.com\/wp-content\/uploads\/2025\/04\/\u0411\u0435\u0437-\u0432\u0444\u044b\u0432\u0444\u044b\u0432\u0444\u0432\u0444\u044b\u0432\u0444\u044b\u0432\u0438\u043c\u0435\u043d\u0438-3-624x351.jpg 624w, https:\/\/hand2noteguide.com\/wp-content\/uploads\/2025\/04\/\u0411\u0435\u0437-\u0432\u0444\u044b\u0432\u0444\u044b\u0432\u0444\u0432\u0444\u044b\u0432\u0444\u044b\u0432\u0438\u043c\u0435\u043d\u0438-3.jpg 1920w\" sizes=\"auto, (max-width: 1024px) 100vw, 1024px\" \/><\/figure>\n\n\n\n<p>V\u00e9ase tambi\u00e9n: <a href=\"https:\/\/hand2note.com\/Help\/Features\/reports\" target=\"_blank\" rel=\"noreferrer noopener\">Manual oficial de Hand2Note: Reports<\/a>.<\/p>\n","protected":false},"excerpt":{"rendered":"<p>En Hand2Note, la pesta\u00f1a &#8220;Reports&#8221; proporciona una herramienta poderosa y casi ilimitada para analizar tu juego o el de tus oponentes. Gracias a esto, la capacidad de filtrar diversas situaciones de juego est\u00e1 literalmente limitada solo por tu propia imaginaci\u00f3n. &#8220;Reports&#8221; te permite obtener informaci\u00f3n con el mayor detalle posible no solo sobre las situaciones &hellip; <a href=\"https:\/\/hand2noteguide.com\/es\/user-manual\/hand2note-report-menu\/\" class=\"more-link\">Continue reading <span class=\"screen-reader-text\">La herramienta &#8220;Reports&#8221; de Hand2Note<\/span><\/a><\/p>\n","protected":false},"author":3,"featured_media":10348,"parent":9199,"menu_order":0,"comment_status":"closed","ping_status":"closed","template":"","meta":{"footnotes":""},"class_list":["post-10343","page","type-page","status-publish","has-post-thumbnail","hentry"],"translation":{"provider":"WPGlobus","version":"3.0.2","language":"es","enabled_languages":["en","ru","pt","zh","es","fr","de","it","ja"],"languages":{"en":{"title":true,"content":true,"excerpt":false},"ru":{"title":true,"content":true,"excerpt":false},"pt":{"title":true,"content":true,"excerpt":false},"zh":{"title":true,"content":true,"excerpt":false},"es":{"title":true,"content":true,"excerpt":false},"fr":{"title":true,"content":true,"excerpt":false},"de":{"title":true,"content":true,"excerpt":false},"it":{"title":true,"content":true,"excerpt":false},"ja":{"title":true,"content":true,"excerpt":false}}},"yoast_head":"<!-- This site is optimized with the Yoast SEO plugin v27.0 - https:\/\/yoast.com\/product\/yoast-seo-wordpress\/ -->\n<title>La herramienta &quot;Reports&quot; de Hand2Note<\/title>\n<meta name=\"description\" content=\"Analiza la estrategia de p\u00f3ker como nunca antes con la pesta\u00f1a &quot;Reports&quot; de Hand2Note: filtra cualquier escenario y obt\u00e9n profundos conocimientos sobre tu juego.\" \/>\n<meta name=\"robots\" content=\"index, follow, max-snippet:-1, max-image-preview:large, max-video-preview:-1\" \/>\n<link rel=\"canonical\" href=\"https:\/\/hand2noteguide.com\/user-manual\/hand2note-report-menu\/\" \/>\n<meta property=\"og:locale\" content=\"es_ES\" \/>\n<meta property=\"og:type\" content=\"article\" \/>\n<meta property=\"og:title\" content=\"La herramienta &quot;Reports&quot; de Hand2Note\" \/>\n<meta property=\"og:description\" content=\"Analiza la estrategia de p\u00f3ker como nunca antes con la pesta\u00f1a &quot;Reports&quot; de Hand2Note: filtra cualquier escenario y obt\u00e9n profundos conocimientos sobre tu juego.\" \/>\n<meta property=\"og:url\" content=\"https:\/\/hand2noteguide.com\/user-manual\/hand2note-report-menu\/\" \/>\n<meta property=\"og:site_name\" content=\"Hand2Note Guide\" \/>\n<meta property=\"article:modified_time\" content=\"2026-03-10T08:22:10+00:00\" \/>\n<meta property=\"og:image\" content=\"https:\/\/hand2noteguide.com\/wp-content\/uploads\/2025\/04\/\u0411\u0435\u0437-\u0438\u043c\u0435\u043d\u0438-1-5.jpg\" \/>\n\t<meta property=\"og:image:width\" content=\"1848\" \/>\n\t<meta property=\"og:image:height\" content=\"1019\" \/>\n\t<meta property=\"og:image:type\" content=\"image\/jpeg\" \/>\n<meta name=\"twitter:card\" content=\"summary_large_image\" \/>\n<meta name=\"twitter:label1\" content=\"Est. reading time\" \/>\n\t<meta name=\"twitter:data1\" content=\"7 minutes\" \/>\n<!-- \/ Yoast SEO plugin. -->","yoast_head_json":{"title":"La herramienta \"Reports\" de Hand2Note","description":"Analiza la estrategia de p\u00f3ker como nunca antes con la pesta\u00f1a \"Reports\" de Hand2Note: filtra cualquier escenario y obt\u00e9n profundos conocimientos sobre tu juego.","robots":{"index":"index","follow":"follow","max-snippet":"max-snippet:-1","max-image-preview":"max-image-preview:large","max-video-preview":"max-video-preview:-1"},"canonical":"https:\/\/hand2noteguide.com\/user-manual\/hand2note-report-menu\/","og_locale":"es_ES","og_type":"article","og_title":"La herramienta \"Reports\" de Hand2Note","og_description":"Analiza la estrategia de p\u00f3ker como nunca antes con la pesta\u00f1a \"Reports\" de Hand2Note: filtra cualquier escenario y obt\u00e9n profundos conocimientos sobre tu juego.","og_url":"https:\/\/hand2noteguide.com\/user-manual\/hand2note-report-menu\/","og_site_name":"Hand2Note Guide","article_modified_time":"2026-03-10T08:22:10+00:00","og_image":[{"width":1848,"height":1019,"url":"https:\/\/hand2noteguide.com\/wp-content\/uploads\/2025\/04\/\u0411\u0435\u0437-\u0438\u043c\u0435\u043d\u0438-1-5.jpg","type":"image\/jpeg"}],"twitter_card":"summary_large_image","twitter_misc":{"Est. reading time":"7 minutes"},"schema":{"@context":"https:\/\/schema.org","@graph":[]}},"jetpack_sharing_enabled":true,"_links":{"self":[{"href":"https:\/\/hand2noteguide.com\/es\/wp-json\/wp\/v2\/pages\/10343","targetHints":{"allow":["GET"]}}],"collection":[{"href":"https:\/\/hand2noteguide.com\/es\/wp-json\/wp\/v2\/pages"}],"about":[{"href":"https:\/\/hand2noteguide.com\/es\/wp-json\/wp\/v2\/types\/page"}],"author":[{"embeddable":true,"href":"https:\/\/hand2noteguide.com\/es\/wp-json\/wp\/v2\/users\/3"}],"replies":[{"embeddable":true,"href":"https:\/\/hand2noteguide.com\/es\/wp-json\/wp\/v2\/comments?post=10343"}],"version-history":[{"count":136,"href":"https:\/\/hand2noteguide.com\/es\/wp-json\/wp\/v2\/pages\/10343\/revisions"}],"predecessor-version":[{"id":15622,"href":"https:\/\/hand2noteguide.com\/es\/wp-json\/wp\/v2\/pages\/10343\/revisions\/15622"}],"up":[{"embeddable":true,"href":"https:\/\/hand2noteguide.com\/es\/wp-json\/wp\/v2\/pages\/9199"}],"wp:featuredmedia":[{"embeddable":true,"href":"https:\/\/hand2noteguide.com\/es\/wp-json\/wp\/v2\/media\/10348"}],"wp:attachment":[{"href":"https:\/\/hand2noteguide.com\/es\/wp-json\/wp\/v2\/media?parent=10343"}],"curies":[{"name":"wp","href":"https:\/\/api.w.org\/{rel}","templated":true}]}}