{"id":1037,"date":"2019-06-21T10:59:01","date_gmt":"2019-06-21T07:59:01","guid":{"rendered":"http:\/\/hand2noteguide.com\/?page_id=1037"},"modified":"2025-06-04T17:45:27","modified_gmt":"2025-06-04T14:45:27","slug":"contact-us","status":"publish","type":"page","link":"https:\/\/hand2noteguide.com\/es\/contact-us\/","title":{"rendered":"Cont\u00e1ctanos"},"content":{"rendered":"\n<div class=\"red-block\">\n<p style=\"margin-bottom:0\">\ud83d\ude4f Para preguntas t\u00e9cnicas generales sobre Hand2Note, por favor contacta con <a href=\"\/es\/hand2note-official-support\/\">el servicio de soporte oficial de Hand2Note<\/a> &#8211; ellos te ayudar\u00e1n r\u00e1pida y eficazmente a resolver todos los problemas. Nosotros, por nuestra parte, estamos listos para ayudarte con cualquier pregunta sobre los proyectos de <a href=\"\/es\/\">Hand2Note Guide<\/a> y <a target=\"_blank\" href=\"https:\/\/hudstore.poker\" rel=\"noopener\">HUD Store<\/a>.<\/p>\n<\/div>\n\n\n\n<p>Ponte en contacto con nosotros de la manera que te sea m\u00e1s conveniente:<\/p>\n\n\n\n<table class=\"contacts-table\">\n\n<tbody><tr><td style=\"width:50px\"><img decoding=\"async\" style=\"width:42px\" alt=\"Discord\" title=\"Discord\" src=\"https:\/\/hand2noteguide.com\/wp-content\/uploads\/2020\/10\/discord.png\"><\/td><td style=\"font-weight:600\"><a target=\"_blank\" href=\"https:\/\/discord.gg\/pSZbgc54XR\" rel=\"noopener\">Servidor de Hand2Note Guide<\/a><\/td><\/tr>\n\n<tr><td style=\"width:50px\"><img decoding=\"async\" style=\"width:39px\" alt=\"Telegram\" title=\"Telegram\" src=\"http:\/\/hand2noteguide.com\/wp-content\/uploads\/2022\/02\/telegram-icon.png\"><\/td><td><a target=\"_blank\" href=\"https:\/\/t.me\/Hand2NoteGuideSupportBot\" rel=\"noopener\">@Hand2NoteGuideSupportBot<\/a> (Detr\u00e1s de este bot hay un equipo de soporte. Recibir\u00e1s una respuesta de una <b>persona real<\/b>.)<\/td><\/tr>\n\n<tr><td style=\"width:50px\"><img decoding=\"async\" style=\"width:39px\" alt=\"Email\" title=\"Email\" src=\"http:\/\/hand2noteguide.com\/wp-content\/uploads\/2021\/02\/mail-icon.png\"><\/td><td><a target=\"_blank\" href=\"mailto:support@hand2noteguide.com\" rel=\"noopener\">support@hand2noteguide.com<\/a><\/td><\/tr>\n\n<\/tbody><\/table>\n\n\n\n<p style=\"margin-top:38px\">Tambi\u00e9n puedes contactarnos utilizando el formulario especial a continuaci\u00f3n:<\/p>\n\n\n\n<div class=\"wpcf7 no-js\" id=\"wpcf7-f3499-o1\" lang=\"en-US\" dir=\"ltr\" data-wpcf7-id=\"3499\">\n<div class=\"screen-reader-response\"><p role=\"status\" aria-live=\"polite\" aria-atomic=\"true\"><\/p> <ul><\/ul><\/div>\n<form action=\"\/es\/wp-json\/wp\/v2\/pages\/1037#wpcf7-f3499-o1\" method=\"post\" class=\"wpcf7-form init\" aria-label=\"Contact form\" novalidate=\"novalidate\" data-status=\"init\">\n<fieldset class=\"hidden-fields-container\"><input type=\"hidden\" name=\"_wpcf7\" value=\"3499\" \/><input type=\"hidden\" name=\"_wpcf7_version\" value=\"6.1.5\" \/><input type=\"hidden\" name=\"_wpcf7_locale\" value=\"en_US\" \/><input type=\"hidden\" name=\"_wpcf7_unit_tag\" value=\"wpcf7-f3499-o1\" \/><input type=\"hidden\" name=\"_wpcf7_container_post\" value=\"0\" \/><input type=\"hidden\" name=\"_wpcf7_posted_data_hash\" value=\"\" \/><input type=\"hidden\" name=\"_wpcf7_recaptcha_response\" value=\"\" \/>\n<\/fieldset>\n<p><label> Name<br \/>\n<span class=\"wpcf7-form-control-wrap\" data-name=\"your-name\"><input size=\"40\" maxlength=\"400\" class=\"wpcf7-form-control wpcf7-text\" aria-invalid=\"false\" value=\"\" type=\"text\" name=\"your-name\" \/><\/span> <\/label>\n<\/p>\n<p><label> Email <span style=\"color:red\">(required)<\/span><br \/>\n<span class=\"wpcf7-form-control-wrap\" data-name=\"your-email\"><input size=\"40\" maxlength=\"400\" class=\"wpcf7-form-control wpcf7-email wpcf7-validates-as-required wpcf7-text wpcf7-validates-as-email\" aria-required=\"true\" aria-invalid=\"false\" value=\"\" type=\"email\" name=\"your-email\" \/><\/span> <\/label>\n<\/p>\n<p><label> Message <span style=\"color:red\">(required)<\/span><br \/>\n<span class=\"wpcf7-form-control-wrap\" data-name=\"your-message\"><textarea cols=\"40\" rows=\"10\" maxlength=\"2000\" class=\"wpcf7-form-control wpcf7-textarea wpcf7-validates-as-required\" aria-required=\"true\" aria-invalid=\"false\" name=\"your-message\"><\/textarea><\/span> <\/label>\n<\/p>\n<p><input class=\"wpcf7-form-control wpcf7-submit has-spinner\" type=\"submit\" value=\"Send\" \/>\n<\/p>\n<p class=\"google-policy\">This site is protected by reCAPTCHA and the Google<br \/>\n<a href=\"https:\/\/policies.google.com\/privacy\" target=\"_blank\" rel=\"noreferrer noopener\">Privacy Policy<\/a> and <a href=\"https:\/\/policies.google.com\/terms\" target=\"_blank\" rel=\"noreferrer noopener\">Terms of Service<\/a> apply.\n<\/p><div class=\"wpcf7-response-output\" aria-hidden=\"true\"><\/div>\n<\/form>\n<\/div>\n\n","protected":false},"excerpt":{"rendered":"<p>\ud83d\ude4f Para preguntas t\u00e9cnicas generales sobre Hand2Note, por favor contacta con el servicio de soporte oficial de Hand2Note &#8211; ellos te ayudar\u00e1n r\u00e1pida y eficazmente a resolver todos los problemas. Nosotros, por nuestra parte, estamos listos para ayudarte con cualquier pregunta sobre los proyectos de Hand2Note Guide y HUD Store. Ponte en contacto con nosotros &hellip; <a href=\"https:\/\/hand2noteguide.com\/es\/contact-us\/\" class=\"more-link\">Continue reading <span class=\"screen-reader-text\">Cont\u00e1ctanos<\/span><\/a><\/p>\n","protected":false},"author":1,"featured_media":0,"parent":0,"menu_order":0,"comment_status":"closed","ping_status":"closed","template":"page-templates\/full-width-page.php","meta":{"footnotes":""},"class_list":["post-1037","page","type-page","status-publish","hentry"],"translation":{"provider":"WPGlobus","version":"3.0.2","language":"es","enabled_languages":["en","ru","pt","zh","es","fr","de","it","ja"],"languages":{"en":{"title":true,"content":true,"excerpt":false},"ru":{"title":true,"content":true,"excerpt":false},"pt":{"title":true,"content":true,"excerpt":false},"zh":{"title":true,"content":true,"excerpt":false},"es":{"title":true,"content":true,"excerpt":false},"fr":{"title":true,"content":true,"excerpt":false},"de":{"title":true,"content":true,"excerpt":false},"it":{"title":true,"content":true,"excerpt":false},"ja":{"title":true,"content":true,"excerpt":false}}},"yoast_head":"<!-- This site is optimized with the Yoast SEO plugin v27.0 - https:\/\/yoast.com\/product\/yoast-seo-wordpress\/ -->\n<title>Cont\u00e1ctanos \u2013 Equipo de Hand2Note Guide<\/title>\n<meta name=\"description\" content=\"Ponte en contacto con el equipo de Hand2Note Guide para soporte y consultas. Cont\u00e1ctanos a trav\u00e9s de Discord, Telegram, correo electr\u00f3nico o nuestro formulario de contacto. \u00a1Estamos aqu\u00ed para ayudarte!\" \/>\n<meta name=\"robots\" content=\"index, follow, max-snippet:-1, max-image-preview:large, max-video-preview:-1\" \/>\n<link rel=\"canonical\" href=\"https:\/\/hand2noteguide.com\/zh\/contact-us\/\" \/>\n<meta property=\"og:locale\" content=\"es_ES\" \/>\n<meta property=\"og:type\" content=\"article\" \/>\n<meta property=\"og:title\" content=\"Cont\u00e1ctanos \u2013 Equipo de Hand2Note Guide\" \/>\n<meta property=\"og:description\" content=\"Ponte en contacto con el equipo de Hand2Note Guide para soporte y consultas. Cont\u00e1ctanos a trav\u00e9s de Discord, Telegram, correo electr\u00f3nico o nuestro formulario de contacto. \u00a1Estamos aqu\u00ed para ayudarte!\" \/>\n<meta property=\"og:url\" content=\"https:\/\/hand2noteguide.com\/zh\/contact-us\/\" \/>\n<meta property=\"og:site_name\" content=\"Hand2Note Guide\" \/>\n<meta property=\"article:modified_time\" content=\"2025-06-04T14:45:27+00:00\" \/>\n<meta property=\"og:image\" content=\"http:\/\/hand2noteguide.com\/wp-content\/uploads\/2022\/02\/telegram-icon.png\" \/>\n<meta name=\"twitter:card\" content=\"summary_large_image\" \/>\n<meta name=\"twitter:label1\" content=\"Est. reading time\" \/>\n\t<meta name=\"twitter:data1\" content=\"4 minutes\" \/>\n<!-- \/ Yoast SEO plugin. -->","yoast_head_json":{"title":"Cont\u00e1ctanos \u2013 Equipo de Hand2Note Guide","description":"Ponte en contacto con el equipo de Hand2Note Guide para soporte y consultas. Cont\u00e1ctanos a trav\u00e9s de Discord, Telegram, correo electr\u00f3nico o nuestro formulario de contacto. \u00a1Estamos aqu\u00ed para ayudarte!","robots":{"index":"index","follow":"follow","max-snippet":"max-snippet:-1","max-image-preview":"max-image-preview:large","max-video-preview":"max-video-preview:-1"},"canonical":"https:\/\/hand2noteguide.com\/zh\/contact-us\/","og_locale":"es_ES","og_type":"article","og_title":"Cont\u00e1ctanos \u2013 Equipo de Hand2Note Guide","og_description":"Ponte en contacto con el equipo de Hand2Note Guide para soporte y consultas. Cont\u00e1ctanos a trav\u00e9s de Discord, Telegram, correo electr\u00f3nico o nuestro formulario de contacto. \u00a1Estamos aqu\u00ed para ayudarte!","og_url":"https:\/\/hand2noteguide.com\/zh\/contact-us\/","og_site_name":"Hand2Note Guide","article_modified_time":"2025-06-04T14:45:27+00:00","og_image":[{"url":"http:\/\/hand2noteguide.com\/wp-content\/uploads\/2022\/02\/telegram-icon.png","type":"","width":"","height":""}],"twitter_card":"summary_large_image","twitter_misc":{"Est. reading time":"4 minutes"},"schema":{"@context":"https:\/\/schema.org","@graph":[]}},"jetpack_sharing_enabled":true,"_links":{"self":[{"href":"https:\/\/hand2noteguide.com\/es\/wp-json\/wp\/v2\/pages\/1037","targetHints":{"allow":["GET"]}}],"collection":[{"href":"https:\/\/hand2noteguide.com\/es\/wp-json\/wp\/v2\/pages"}],"about":[{"href":"https:\/\/hand2noteguide.com\/es\/wp-json\/wp\/v2\/types\/page"}],"author":[{"embeddable":true,"href":"https:\/\/hand2noteguide.com\/es\/wp-json\/wp\/v2\/users\/1"}],"replies":[{"embeddable":true,"href":"https:\/\/hand2noteguide.com\/es\/wp-json\/wp\/v2\/comments?post=1037"}],"version-history":[{"count":99,"href":"https:\/\/hand2noteguide.com\/es\/wp-json\/wp\/v2\/pages\/1037\/revisions"}],"predecessor-version":[{"id":13514,"href":"https:\/\/hand2noteguide.com\/es\/wp-json\/wp\/v2\/pages\/1037\/revisions\/13514"}],"wp:attachment":[{"href":"https:\/\/hand2noteguide.com\/es\/wp-json\/wp\/v2\/media?parent=1037"}],"curies":[{"name":"wp","href":"https:\/\/api.w.org\/{rel}","templated":true}]}}