{"id":10534,"date":"2025-04-23T18:41:53","date_gmt":"2025-04-23T15:41:53","guid":{"rendered":"https:\/\/hand2noteguide.com\/?page_id=10534"},"modified":"2026-03-10T11:23:14","modified_gmt":"2026-03-10T08:23:14","slug":"the-multiple-players-tool-in-hand2note-range-research","status":"publish","type":"page","link":"https:\/\/hand2noteguide.com\/es\/user-manual\/the-multiple-players-tool-in-hand2note-range-research\/","title":{"rendered":"La herramienta &#8220;Multiple Players&#8221; en Hand2Note (Investigaci\u00f3n de rangos)"},"content":{"rendered":"\n<p>Hand2Note te permite buscar jugadores en la base de datos mediante filtros espec\u00edficos, as\u00ed como combinar sus estad\u00edsticas en un todo.<\/p>\n\n\n\n<p>Esta funci\u00f3n ser\u00e1 \u00fatil al analizar el juego de tus oponentes. Despu\u00e9s de todo, a menudo para muchas estad\u00edsticas la muestra no es suficiente, pero al combinar jugadores por caracter\u00edsticas comunes puedes cubrir el d\u00e9ficit incluso en las situaciones de juego m\u00e1s raras.<\/p>\n\n\n\n<h2 class=\"wp-block-heading\">Trabajando con la funci\u00f3n \u201cMultiple Players\u201d<\/h2>\n\n\n\n<p>Puedes buscar jugadores por atributos, as\u00ed como combinar sus estad\u00edsticas en dos formatos:<\/p>\n\n\n\n<ul class=\"wp-block-list\">\n<li>En formato de informe a trav\u00e9s de la pesta\u00f1a \u201cReports\u201d;<\/li>\n\n\n\n<li>En formato de estad\u00edsticas a trav\u00e9s de la pesta\u00f1a \u201cStatistics\u201d.<\/li>\n<\/ul>\n\n\n\n<p><em>Vale la pena entender lo principal: la herramienta \u201cMultiple Players\u201d filtra a los jugadores en s\u00ed, no las situaciones de juego, y los combina en una estad\u00edstica general. La b\u00fasqueda, combinaci\u00f3n y otras operaciones con situaciones de juego se pueden realizar por separado en la pesta\u00f1a \u201cReports\u201d, para m\u00e1s detalles consulta el art\u00edculo: <a href=\"https:\/\/hand2noteguide.com\/es\/user-manual\/hand2note-report-menu\/\">Herramienta \u201cReports\u201d de Hand2Note<\/a>.<\/em><\/p>\n\n\n\n<p>Para abrir la funci\u00f3n \u201cMultiple Players\u201d, ve a informes haciendo clic en \u201cReport\u201d(1) o a estad\u00edsticas haciendo clic en \u201cStatistics\u201d(2). Luego haz clic en el apodo del jugador en la esquina superior izquierda (3) y ve a \u201cMultiple Players\u201d(4).<\/p>\n\n\n\n<figure class=\"wp-block-image size-large\"><img loading=\"lazy\" decoding=\"async\" width=\"1024\" height=\"576\" src=\"http:\/\/hand2noteguide.com\/wp-content\/uploads\/2025\/04\/\u0411\u0435\u0437-\u0438\u044b\u0444\u0432\u0444\u044b\u0432\u0444\u044b\u0432\u043c\u0435\u043d\u0438-1-1024x576.jpg\" alt=\"\" class=\"wp-image-10618\" srcset=\"https:\/\/hand2noteguide.com\/wp-content\/uploads\/2025\/04\/\u0411\u0435\u0437-\u0438\u044b\u0444\u0432\u0444\u044b\u0432\u0444\u044b\u0432\u043c\u0435\u043d\u0438-1-1024x576.jpg 1024w, https:\/\/hand2noteguide.com\/wp-content\/uploads\/2025\/04\/\u0411\u0435\u0437-\u0438\u044b\u0444\u0432\u0444\u044b\u0432\u0444\u044b\u0432\u043c\u0435\u043d\u0438-1-300x169.jpg 300w, https:\/\/hand2noteguide.com\/wp-content\/uploads\/2025\/04\/\u0411\u0435\u0437-\u0438\u044b\u0444\u0432\u0444\u044b\u0432\u0444\u044b\u0432\u043c\u0435\u043d\u0438-1-768x432.jpg 768w, https:\/\/hand2noteguide.com\/wp-content\/uploads\/2025\/04\/\u0411\u0435\u0437-\u0438\u044b\u0444\u0432\u0444\u044b\u0432\u0444\u044b\u0432\u043c\u0435\u043d\u0438-1-1536x864.jpg 1536w, https:\/\/hand2noteguide.com\/wp-content\/uploads\/2025\/04\/\u0411\u0435\u0437-\u0438\u044b\u0444\u0432\u0444\u044b\u0432\u0444\u044b\u0432\u043c\u0435\u043d\u0438-1-772x434.jpg 772w, https:\/\/hand2noteguide.com\/wp-content\/uploads\/2025\/04\/\u0411\u0435\u0437-\u0438\u044b\u0444\u0432\u0444\u044b\u0432\u0444\u044b\u0432\u043c\u0435\u043d\u0438-1-624x351.jpg 624w, https:\/\/hand2noteguide.com\/wp-content\/uploads\/2025\/04\/\u0411\u0435\u0437-\u0438\u044b\u0444\u0432\u0444\u044b\u0432\u0444\u044b\u0432\u043c\u0435\u043d\u0438-1.jpg 1920w\" sizes=\"auto, (max-width: 1024px) 100vw, 1024px\" \/><\/figure>\n\n\n\n<h3 class=\"wp-block-heading\">Navegaci\u00f3n general de la ventana \u201cMultiple Players\u201d<\/h3>\n\n\n\n<p><em>Antes de comenzar a trabajar con \u201cMultiple Players\u201d, presta atenci\u00f3n a la selecci\u00f3n de \u201ctipos de juego\u201d y al tipo de juego que se est\u00e1 analizando en la esquina superior derecha de la ventana (1). Establece los par\u00e1metros necesarios si es necesario.<\/em><\/p>\n\n\n\n<figure class=\"wp-block-image size-large\"><img loading=\"lazy\" decoding=\"async\" width=\"1024\" height=\"576\" src=\"http:\/\/hand2noteguide.com\/wp-content\/uploads\/2025\/04\/\u0411\u0435\u0437-\u0438\u043c\u0432\u0430\u043f\u0432\u0430\u043f\u0430\u0432\u0443\u043f\u0435\u043d\u0438-2-1024x576.jpg\" alt=\"\" class=\"wp-image-10683\" srcset=\"https:\/\/hand2noteguide.com\/wp-content\/uploads\/2025\/04\/\u0411\u0435\u0437-\u0438\u043c\u0432\u0430\u043f\u0432\u0430\u043f\u0430\u0432\u0443\u043f\u0435\u043d\u0438-2-1024x576.jpg 1024w, https:\/\/hand2noteguide.com\/wp-content\/uploads\/2025\/04\/\u0411\u0435\u0437-\u0438\u043c\u0432\u0430\u043f\u0432\u0430\u043f\u0430\u0432\u0443\u043f\u0435\u043d\u0438-2-300x169.jpg 300w, https:\/\/hand2noteguide.com\/wp-content\/uploads\/2025\/04\/\u0411\u0435\u0437-\u0438\u043c\u0432\u0430\u043f\u0432\u0430\u043f\u0430\u0432\u0443\u043f\u0435\u043d\u0438-2-768x432.jpg 768w, https:\/\/hand2noteguide.com\/wp-content\/uploads\/2025\/04\/\u0411\u0435\u0437-\u0438\u043c\u0432\u0430\u043f\u0432\u0430\u043f\u0430\u0432\u0443\u043f\u0435\u043d\u0438-2-1536x864.jpg 1536w, https:\/\/hand2noteguide.com\/wp-content\/uploads\/2025\/04\/\u0411\u0435\u0437-\u0438\u043c\u0432\u0430\u043f\u0432\u0430\u043f\u0430\u0432\u0443\u043f\u0435\u043d\u0438-2-772x434.jpg 772w, https:\/\/hand2noteguide.com\/wp-content\/uploads\/2025\/04\/\u0411\u0435\u0437-\u0438\u043c\u0432\u0430\u043f\u0432\u0430\u043f\u0430\u0432\u0443\u043f\u0435\u043d\u0438-2-624x351.jpg 624w, https:\/\/hand2noteguide.com\/wp-content\/uploads\/2025\/04\/\u0411\u0435\u0437-\u0438\u043c\u0432\u0430\u043f\u0432\u0430\u043f\u0430\u0432\u0443\u043f\u0435\u043d\u0438-2.jpg 1920w\" sizes=\"auto, (max-width: 1024px) 100vw, 1024px\" \/><\/figure>\n\n\n\n<p>La ventana de la herramienta consta de cinco bloques principales:<\/p>\n\n\n\n<ul class=\"wp-block-list\">\n<li>\u201cBASE STATS&#8221;(2) &#8211; Una lista de filtros b\u00e1sicos que incluye par\u00e1metros como:\n<ul class=\"wp-block-list\">\n<li>&#8220;Hands&#8221; &#8211; el n\u00famero de manos jugadas por el jugador;<\/li>\n\n\n\n<li>&#8220;VPIP&#8221; &#8211; voluntariamente poner dinero en el bote en preflop;<\/li>\n\n\n\n<li>&#8220;PFR&#8221; &#8211; Apuesta en preflop;<\/li>\n\n\n\n<li>&#8220;VPIP-PFR&#8221; &#8211; diferencia entre VPIP y PFR;<\/li>\n<\/ul>\n<\/li>\n\n\n\n<li>\u201cWINNINGS&#8221;(3) &#8211; la lista de filtros basados en ganancias o p\u00e9rdidas del jugador, incluye par\u00e1metros como:\n<ul class=\"wp-block-list\">\n<li>&#8220;Won EV&#8221; &#8211; ganancia o p\u00e9rdida en la ciega grande en t\u00e9rminos de EV (Valor Esperado);<\/li>\n\n\n\n<li>&#8220;Win Rate EV, bb\/100&#8221; &#8211; la ganancia o p\u00e9rdida promedio aritm\u00e9tica en ciegas grandes por cada cien manos en t\u00e9rminos de EV;<\/li>\n\n\n\n<li>&#8220;Won From User&#8221; &#8211; ganancias o p\u00e9rdidas en ciegas grandes contra el h\u00e9roe;<\/li>\n<\/ul>\n<\/li>\n\n\n\n<li>&#8220;OTHER&#8221;(4) &#8211; lista de otros filtros, que tambi\u00e9n se pueden especificar durante el filtrado;<\/li>\n\n\n\n<li>&#8220;ADDITIONAL STATS&#8221;(5) &#8211; ventana para crear f\u00f3rmulas para filtrar basadas en estad\u00edsticas disponibles en Hand2Note;<\/li>\n\n\n\n<li>Lista de jugadores encontrados seg\u00fan los filtros especificados (6).<\/li>\n<\/ul>\n\n\n\n<p>Para aplicar los filtros recientemente establecidos y combinar las estad\u00edsticas de los jugadores de la lista en una sola, debes presionar \u201cAPPLY\u201d (7).<\/p>\n\n\n\n<h3 class=\"wp-block-heading\">Ventana &#8220;ADDITIONAL STATS&#8221;<\/h3>\n\n\n\n<p>Esta ventana te permite crear tus propias f\u00f3rmulas para filtrar usando estad\u00edsticas de Hand2Note.<\/p>\n\n\n\n<figure class=\"wp-block-image size-large\"><img loading=\"lazy\" decoding=\"async\" width=\"1024\" height=\"576\" src=\"http:\/\/hand2noteguide.com\/wp-content\/uploads\/2025\/04\/\u0411\u0435\u0437-\u0438\u0432\u0430\u043f\u0432\u0430\u043f\u043c\u0435\u043d\u0438-3-1024x576.jpg\" alt=\"\" class=\"wp-image-10666\" srcset=\"https:\/\/hand2noteguide.com\/wp-content\/uploads\/2025\/04\/\u0411\u0435\u0437-\u0438\u0432\u0430\u043f\u0432\u0430\u043f\u043c\u0435\u043d\u0438-3-1024x576.jpg 1024w, https:\/\/hand2noteguide.com\/wp-content\/uploads\/2025\/04\/\u0411\u0435\u0437-\u0438\u0432\u0430\u043f\u0432\u0430\u043f\u043c\u0435\u043d\u0438-3-300x169.jpg 300w, https:\/\/hand2noteguide.com\/wp-content\/uploads\/2025\/04\/\u0411\u0435\u0437-\u0438\u0432\u0430\u043f\u0432\u0430\u043f\u043c\u0435\u043d\u0438-3-768x432.jpg 768w, https:\/\/hand2noteguide.com\/wp-content\/uploads\/2025\/04\/\u0411\u0435\u0437-\u0438\u0432\u0430\u043f\u0432\u0430\u043f\u043c\u0435\u043d\u0438-3-1536x864.jpg 1536w, https:\/\/hand2noteguide.com\/wp-content\/uploads\/2025\/04\/\u0411\u0435\u0437-\u0438\u0432\u0430\u043f\u0432\u0430\u043f\u043c\u0435\u043d\u0438-3-772x434.jpg 772w, https:\/\/hand2noteguide.com\/wp-content\/uploads\/2025\/04\/\u0411\u0435\u0437-\u0438\u0432\u0430\u043f\u0432\u0430\u043f\u043c\u0435\u043d\u0438-3-624x351.jpg 624w, https:\/\/hand2noteguide.com\/wp-content\/uploads\/2025\/04\/\u0411\u0435\u0437-\u0438\u0432\u0430\u043f\u0432\u0430\u043f\u043c\u0435\u043d\u0438-3.jpg 1920w\" sizes=\"auto, (max-width: 1024px) 100vw, 1024px\" \/><\/figure>\n\n\n\n<p>Al hacer clic en \u201c+Add Stat\u2026\u201d (1), se abrir\u00e1 la ventana de selecci\u00f3n de estad\u00edsticas (3). Aqu\u00ed puedes seleccionar la estad\u00edstica requerida como par\u00e1metro de filtrado y establecer una condici\u00f3n para ella. Al hacer clic en \u201c+Add Stat Formula\u2026\u201d (2) se abrir\u00e1 una ventana para crear una f\u00f3rmula l\u00f3gica compuesta de varias estad\u00edsticas (4). Aqu\u00ed puedes crear una f\u00f3rmula basada en varias estad\u00edsticas y funciones matem\u00e1ticas o l\u00f3gicas y establecer condiciones para ellas.<\/p>\n\n\n\n<p>Tambi\u00e9n puedes seleccionar \u201cTextual Mode\u201d(5) e ingresar la f\u00f3rmula t\u00fa mismo, en forma de texto.<\/p>\n\n\n\n<h3 class=\"wp-block-heading\">Qu\u00e9 puedes hacer despu\u00e9s de establecer filtros en la ventana de lista de jugadores<\/h3>\n\n\n\n<p>Despu\u00e9s de establecer los filtros, solo aquellos jugadores que se ajusten a los par\u00e1metros establecidos en la condici\u00f3n de filtrado aparecer\u00e1n en la ventana de lista de jugadores.<\/p>\n\n\n\n<figure class=\"wp-block-image size-large\"><img loading=\"lazy\" decoding=\"async\" width=\"1024\" height=\"568\" src=\"http:\/\/hand2noteguide.com\/wp-content\/uploads\/2025\/04\/\u0411\u0435\u0437-\u0438\u043c\u0432\u0430\u043f\u0432\u0430\u043f\u0430\u0435\u043d\u0438-2-1024x568.jpg\" alt=\"\" class=\"wp-image-10674\" srcset=\"https:\/\/hand2noteguide.com\/wp-content\/uploads\/2025\/04\/\u0411\u0435\u0437-\u0438\u043c\u0432\u0430\u043f\u0432\u0430\u043f\u0430\u0435\u043d\u0438-2-1024x568.jpg 1024w, https:\/\/hand2noteguide.com\/wp-content\/uploads\/2025\/04\/\u0411\u0435\u0437-\u0438\u043c\u0432\u0430\u043f\u0432\u0430\u043f\u0430\u0435\u043d\u0438-2-300x166.jpg 300w, https:\/\/hand2noteguide.com\/wp-content\/uploads\/2025\/04\/\u0411\u0435\u0437-\u0438\u043c\u0432\u0430\u043f\u0432\u0430\u043f\u0430\u0435\u043d\u0438-2-768x426.jpg 768w, https:\/\/hand2noteguide.com\/wp-content\/uploads\/2025\/04\/\u0411\u0435\u0437-\u0438\u043c\u0432\u0430\u043f\u0432\u0430\u043f\u0430\u0435\u043d\u0438-2-1536x852.jpg 1536w, https:\/\/hand2noteguide.com\/wp-content\/uploads\/2025\/04\/\u0411\u0435\u0437-\u0438\u043c\u0432\u0430\u043f\u0432\u0430\u043f\u0430\u0435\u043d\u0438-2-772x428.jpg 772w, https:\/\/hand2noteguide.com\/wp-content\/uploads\/2025\/04\/\u0411\u0435\u0437-\u0438\u043c\u0432\u0430\u043f\u0432\u0430\u043f\u0430\u0435\u043d\u0438-2-624x346.jpg 624w, https:\/\/hand2noteguide.com\/wp-content\/uploads\/2025\/04\/\u0411\u0435\u0437-\u0438\u043c\u0432\u0430\u043f\u0432\u0430\u043f\u0430\u0435\u043d\u0438-2.jpg 1683w\" sizes=\"auto, (max-width: 1024px) 100vw, 1024px\" \/><\/figure>\n\n\n\n<p>Al hacer clic en cualquiera de los jugadores de la lista con el RMB (1), se abrir\u00e1 un men\u00fa desplegable, donde puedes:<\/p>\n\n\n\n<ul class=\"wp-block-list\">\n<li>al hacer clic en \u201cCopy Nickname&#8221; (2) &#8211; copiar el nombre del jugador seleccionado al portapapeles;<\/li>\n\n\n\n<li>al hacer clic en \u201cIgnore Player\u201d (3) &#8211; ignorar al jugador seleccionado al combinar estad\u00edsticas;<\/li>\n\n\n\n<li>al hacer clic en \u201cCreate Alias\u201d (4) &#8211; crear un alias que incluya a todos los jugadores de la lista;<\/li>\n\n\n\n<li>al hacer clic en \u201cColor Marker\u201d (5) &#8211; colocar un marcador de color en el jugador seleccionado.<\/li>\n<\/ul>\n\n\n\n<h3 class=\"wp-block-heading\">Visualizaci\u00f3n de los resultados del c\u00e1lculo de \u201cMultiple Players\u201d<\/h3>\n\n\n\n<p>Despu\u00e9s de configurar todos los ajustes, filtros y presionar \u201cAPPLY\u201d veremos el resultado seg\u00fan el formato seleccionado:<\/p>\n\n\n\n<ul class=\"wp-block-list\">\n<li>en forma de informes (a trav\u00e9s de la pesta\u00f1a \u201cReports\u201d);<\/li>\n\n\n\n<li>en forma de estad\u00edsticas (a trav\u00e9s de la pesta\u00f1a \u201cStatistics\u201d).<\/li>\n<\/ul>\n\n\n\n<p>En los informes, la finalizaci\u00f3n exitosa del c\u00e1lculo se indicar\u00e1 con la visualizaci\u00f3n de la palabra \u201cAlias\u201d y el n\u00famero de jugadores incluidos en el c\u00e1lculo en la columna del apodo del jugador (1). En el \u00e1rea inferior, puedes leer el resultado del c\u00e1lculo y estudiar o analizar su juego (2).<\/p>\n\n\n\n<figure class=\"wp-block-image size-large\"><img loading=\"lazy\" decoding=\"async\" width=\"1024\" height=\"576\" src=\"http:\/\/hand2noteguide.com\/wp-content\/uploads\/2025\/04\/\u0411\u0435\u0437dfgdfgdgf-\u0438\u043c\u0435\u043d\u0438-1-1024x576.jpg\" alt=\"\" class=\"wp-image-10688\" srcset=\"https:\/\/hand2noteguide.com\/wp-content\/uploads\/2025\/04\/\u0411\u0435\u0437dfgdfgdgf-\u0438\u043c\u0435\u043d\u0438-1-1024x576.jpg 1024w, https:\/\/hand2noteguide.com\/wp-content\/uploads\/2025\/04\/\u0411\u0435\u0437dfgdfgdgf-\u0438\u043c\u0435\u043d\u0438-1-300x169.jpg 300w, https:\/\/hand2noteguide.com\/wp-content\/uploads\/2025\/04\/\u0411\u0435\u0437dfgdfgdgf-\u0438\u043c\u0435\u043d\u0438-1-768x432.jpg 768w, https:\/\/hand2noteguide.com\/wp-content\/uploads\/2025\/04\/\u0411\u0435\u0437dfgdfgdgf-\u0438\u043c\u0435\u043d\u0438-1-1536x864.jpg 1536w, https:\/\/hand2noteguide.com\/wp-content\/uploads\/2025\/04\/\u0411\u0435\u0437dfgdfgdgf-\u0438\u043c\u0435\u043d\u0438-1-772x434.jpg 772w, https:\/\/hand2noteguide.com\/wp-content\/uploads\/2025\/04\/\u0411\u0435\u0437dfgdfgdgf-\u0438\u043c\u0435\u043d\u0438-1-624x351.jpg 624w, https:\/\/hand2noteguide.com\/wp-content\/uploads\/2025\/04\/\u0411\u0435\u0437dfgdfgdgf-\u0438\u043c\u0435\u043d\u0438-1.jpg 1920w\" sizes=\"auto, (max-width: 1024px) 100vw, 1024px\" \/><\/figure>\n\n\n\n<p>En las estad\u00edsticas, la finalizaci\u00f3n exitosa del c\u00e1lculo se indicar\u00e1 con la visualizaci\u00f3n de la palabra \u201cAlias\u201d y el n\u00famero de jugadores incluidos en el c\u00e1lculo en la columna del apodo del jugador (1). A la derecha del apodo puedes verificar o cambiar par\u00e1metros como: \u201cGame Types\u201d, y popup (2). En el \u00e1rea inferior, puedes leer el resultado del c\u00e1lculo y estudiar o analizar su juego (3).<\/p>\n\n\n\n<figure class=\"wp-block-image size-large\"><img loading=\"lazy\" decoding=\"async\" width=\"1024\" height=\"576\" src=\"http:\/\/hand2noteguide.com\/wp-content\/uploads\/2025\/04\/\u0411\u0435\u0437-\u0438\u044b\u0432\u0430\u044b\u0432\u0430\u0432\u043c\u0435\u043d\u0438-2-1024x576.jpg\" alt=\"\" class=\"wp-image-10691\" srcset=\"https:\/\/hand2noteguide.com\/wp-content\/uploads\/2025\/04\/\u0411\u0435\u0437-\u0438\u044b\u0432\u0430\u044b\u0432\u0430\u0432\u043c\u0435\u043d\u0438-2-1024x576.jpg 1024w, https:\/\/hand2noteguide.com\/wp-content\/uploads\/2025\/04\/\u0411\u0435\u0437-\u0438\u044b\u0432\u0430\u044b\u0432\u0430\u0432\u043c\u0435\u043d\u0438-2-300x169.jpg 300w, https:\/\/hand2noteguide.com\/wp-content\/uploads\/2025\/04\/\u0411\u0435\u0437-\u0438\u044b\u0432\u0430\u044b\u0432\u0430\u0432\u043c\u0435\u043d\u0438-2-768x432.jpg 768w, https:\/\/hand2noteguide.com\/wp-content\/uploads\/2025\/04\/\u0411\u0435\u0437-\u0438\u044b\u0432\u0430\u044b\u0432\u0430\u0432\u043c\u0435\u043d\u0438-2-1536x864.jpg 1536w, https:\/\/hand2noteguide.com\/wp-content\/uploads\/2025\/04\/\u0411\u0435\u0437-\u0438\u044b\u0432\u0430\u044b\u0432\u0430\u0432\u043c\u0435\u043d\u0438-2-772x434.jpg 772w, https:\/\/hand2noteguide.com\/wp-content\/uploads\/2025\/04\/\u0411\u0435\u0437-\u0438\u044b\u0432\u0430\u044b\u0432\u0430\u0432\u043c\u0435\u043d\u0438-2-624x351.jpg 624w, https:\/\/hand2noteguide.com\/wp-content\/uploads\/2025\/04\/\u0411\u0435\u0437-\u0438\u044b\u0432\u0430\u044b\u0432\u0430\u0432\u043c\u0435\u043d\u0438-2.jpg 1920w\" sizes=\"auto, (max-width: 1024px) 100vw, 1024px\" \/><\/figure>\n\n\n\n<p>Ver tambi\u00e9n: <a href=\"https:\/\/hand2note.com\/Help\/Features\/multi-player-reports\" target=\"_blank\" rel=\"noreferrer noopener\">Manual oficial de Hand2Note: Multi-Player Reports<\/a>.<\/p>\n","protected":false},"excerpt":{"rendered":"<p>Hand2Note te permite buscar jugadores en la base de datos mediante filtros espec\u00edficos, as\u00ed como combinar sus estad\u00edsticas en un todo. Esta funci\u00f3n ser\u00e1 \u00fatil al analizar el juego de tus oponentes. Despu\u00e9s de todo, a menudo para muchas estad\u00edsticas la muestra no es suficiente, pero al combinar jugadores por caracter\u00edsticas comunes puedes cubrir el &hellip; <a href=\"https:\/\/hand2noteguide.com\/es\/user-manual\/the-multiple-players-tool-in-hand2note-range-research\/\" class=\"more-link\">Continue reading <span class=\"screen-reader-text\">La herramienta &#8220;Multiple Players&#8221; en Hand2Note (Investigaci\u00f3n de rangos)<\/span><\/a><\/p>\n","protected":false},"author":3,"featured_media":10615,"parent":9199,"menu_order":0,"comment_status":"closed","ping_status":"closed","template":"","meta":{"footnotes":""},"class_list":["post-10534","page","type-page","status-publish","has-post-thumbnail","hentry"],"translation":{"provider":"WPGlobus","version":"3.0.2","language":"es","enabled_languages":["en","ru","pt","zh","es","fr","de","it","ja"],"languages":{"en":{"title":true,"content":true,"excerpt":false},"ru":{"title":true,"content":true,"excerpt":false},"pt":{"title":true,"content":true,"excerpt":false},"zh":{"title":true,"content":true,"excerpt":false},"es":{"title":true,"content":true,"excerpt":false},"fr":{"title":true,"content":true,"excerpt":false},"de":{"title":true,"content":true,"excerpt":false},"it":{"title":true,"content":true,"excerpt":false},"ja":{"title":true,"content":true,"excerpt":false}}},"yoast_head":"<!-- This site is optimized with the Yoast SEO plugin v27.0 - https:\/\/yoast.com\/product\/yoast-seo-wordpress\/ -->\n<title>La herramienta \u201cMultiple Players\u201d en Hand2Note (Investigaci\u00f3n de rangos)<\/title>\n<meta name=\"description\" content=\"Hand2Note te permite fusionar estad\u00edsticas de jugadores por caracter\u00edsticas para un an\u00e1lisis m\u00e1s profundo, mejorando el tama\u00f1o de muestra para situaciones de p\u00f3ker raras.\" \/>\n<meta name=\"robots\" content=\"index, follow, max-snippet:-1, max-image-preview:large, max-video-preview:-1\" \/>\n<link rel=\"canonical\" href=\"https:\/\/hand2noteguide.com\/user-manual\/the-multiple-players-tool-in-hand2note-range-research\/\" \/>\n<meta property=\"og:locale\" content=\"es_ES\" \/>\n<meta property=\"og:type\" content=\"article\" \/>\n<meta property=\"og:title\" content=\"La herramienta \u201cMultiple Players\u201d en Hand2Note (Investigaci\u00f3n de rangos)\" \/>\n<meta property=\"og:description\" content=\"Hand2Note te permite fusionar estad\u00edsticas de jugadores por caracter\u00edsticas para un an\u00e1lisis m\u00e1s profundo, mejorando el tama\u00f1o de muestra para situaciones de p\u00f3ker raras.\" \/>\n<meta property=\"og:url\" content=\"https:\/\/hand2noteguide.com\/user-manual\/the-multiple-players-tool-in-hand2note-range-research\/\" \/>\n<meta property=\"og:site_name\" content=\"Hand2Note Guide\" \/>\n<meta property=\"article:modified_time\" content=\"2026-03-10T08:23:14+00:00\" \/>\n<meta property=\"og:image\" content=\"https:\/\/hand2noteguide.com\/wp-content\/uploads\/2025\/04\/wp34232335893-scaled.jpg\" \/>\n\t<meta property=\"og:image:width\" content=\"2560\" \/>\n\t<meta property=\"og:image:height\" content=\"1529\" \/>\n\t<meta property=\"og:image:type\" content=\"image\/jpeg\" \/>\n<meta name=\"twitter:card\" content=\"summary_large_image\" \/>\n<meta name=\"twitter:label1\" content=\"Est. reading time\" \/>\n\t<meta name=\"twitter:data1\" content=\"5 minutes\" \/>\n<!-- \/ Yoast SEO plugin. -->","yoast_head_json":{"title":"La herramienta \u201cMultiple Players\u201d en Hand2Note (Investigaci\u00f3n de rangos)","description":"Hand2Note te permite fusionar estad\u00edsticas de jugadores por caracter\u00edsticas para un an\u00e1lisis m\u00e1s profundo, mejorando el tama\u00f1o de muestra para situaciones de p\u00f3ker raras.","robots":{"index":"index","follow":"follow","max-snippet":"max-snippet:-1","max-image-preview":"max-image-preview:large","max-video-preview":"max-video-preview:-1"},"canonical":"https:\/\/hand2noteguide.com\/user-manual\/the-multiple-players-tool-in-hand2note-range-research\/","og_locale":"es_ES","og_type":"article","og_title":"La herramienta \u201cMultiple Players\u201d en Hand2Note (Investigaci\u00f3n de rangos)","og_description":"Hand2Note te permite fusionar estad\u00edsticas de jugadores por caracter\u00edsticas para un an\u00e1lisis m\u00e1s profundo, mejorando el tama\u00f1o de muestra para situaciones de p\u00f3ker raras.","og_url":"https:\/\/hand2noteguide.com\/user-manual\/the-multiple-players-tool-in-hand2note-range-research\/","og_site_name":"Hand2Note Guide","article_modified_time":"2026-03-10T08:23:14+00:00","og_image":[{"width":2560,"height":1529,"url":"https:\/\/hand2noteguide.com\/wp-content\/uploads\/2025\/04\/wp34232335893-scaled.jpg","type":"image\/jpeg"}],"twitter_card":"summary_large_image","twitter_misc":{"Est. reading time":"5 minutes"},"schema":{"@context":"https:\/\/schema.org","@graph":[]}},"jetpack_sharing_enabled":true,"_links":{"self":[{"href":"https:\/\/hand2noteguide.com\/es\/wp-json\/wp\/v2\/pages\/10534","targetHints":{"allow":["GET"]}}],"collection":[{"href":"https:\/\/hand2noteguide.com\/es\/wp-json\/wp\/v2\/pages"}],"about":[{"href":"https:\/\/hand2noteguide.com\/es\/wp-json\/wp\/v2\/types\/page"}],"author":[{"embeddable":true,"href":"https:\/\/hand2noteguide.com\/es\/wp-json\/wp\/v2\/users\/3"}],"replies":[{"embeddable":true,"href":"https:\/\/hand2noteguide.com\/es\/wp-json\/wp\/v2\/comments?post=10534"}],"version-history":[{"count":71,"href":"https:\/\/hand2noteguide.com\/es\/wp-json\/wp\/v2\/pages\/10534\/revisions"}],"predecessor-version":[{"id":15623,"href":"https:\/\/hand2noteguide.com\/es\/wp-json\/wp\/v2\/pages\/10534\/revisions\/15623"}],"up":[{"embeddable":true,"href":"https:\/\/hand2noteguide.com\/es\/wp-json\/wp\/v2\/pages\/9199"}],"wp:featuredmedia":[{"embeddable":true,"href":"https:\/\/hand2noteguide.com\/es\/wp-json\/wp\/v2\/media\/10615"}],"wp:attachment":[{"href":"https:\/\/hand2noteguide.com\/es\/wp-json\/wp\/v2\/media?parent=10534"}],"curies":[{"name":"wp","href":"https:\/\/api.w.org\/{rel}","templated":true}]}}