{"id":10548,"date":"2025-04-24T12:01:44","date_gmt":"2025-04-24T09:01:44","guid":{"rendered":"https:\/\/hand2noteguide.com\/?page_id=10548"},"modified":"2026-02-21T06:56:03","modified_gmt":"2026-02-21T03:56:03","slug":"coinpoker-hud","status":"publish","type":"page","link":"https:\/\/hand2noteguide.com\/es\/coinpoker-hud\/","title":{"rendered":"CoinPoker HUD de Hand2Note: Tu Ventaja Competitiva"},"content":{"rendered":"\n<p>Si vas a jugar en <a href=\"https:\/\/coinpoker.com\/\" target=\"_blank\" rel=\"noreferrer noopener\">CoinPoker<\/a>, o ya eres un jugador regular en esta sala, probablemente est\u00e9s pensando en la posibilidad de usar un HUD en las mesas. CoinPoker es uno de los sitios m\u00e1s exitosos y de m\u00e1s r\u00e1pido crecimiento en los \u00faltimos tiempos. La buena noticia es que CoinPoker permite oficialmente el uso de HUD.<\/p>\n\n\n\n<h2 class=\"wp-block-heading\">\u00bfEst\u00e1 permitido el HUD en CoinPoker?<\/h2>\n\n\n\n<p>S\u00ed. En el pasado, la sala tom\u00f3 la decisi\u00f3n de prohibir el uso de software de terceros, pero luego se levantaron las restricciones, lo cual fue anunciado en su <a href=\"https:\/\/discord.com\/channels\/1240617962696605798\/1240617964986957877\/1325820153631346709\" target=\"_blank\" rel=\"noreferrer noopener\">canal oficial de Discord<\/a>.<\/p>\n\n\n\n<figure class=\"wp-block-image size-large\"><img loading=\"lazy\" decoding=\"async\" width=\"1024\" height=\"237\" src=\"https:\/\/hand2noteguide.com\/wp-content\/uploads\/2025\/04\/Screenshot-2025-04-24-at-5.05.07\u202fAM-1024x237.png\" alt=\"CoinPoker HUD by Hand2Note: Your Competitive Edge\" class=\"wp-image-10553\" srcset=\"https:\/\/hand2noteguide.com\/wp-content\/uploads\/2025\/04\/Screenshot-2025-04-24-at-5.05.07\u202fAM-1024x237.png 1024w, https:\/\/hand2noteguide.com\/wp-content\/uploads\/2025\/04\/Screenshot-2025-04-24-at-5.05.07\u202fAM-300x70.png 300w, https:\/\/hand2noteguide.com\/wp-content\/uploads\/2025\/04\/Screenshot-2025-04-24-at-5.05.07\u202fAM-768x178.png 768w, https:\/\/hand2noteguide.com\/wp-content\/uploads\/2025\/04\/Screenshot-2025-04-24-at-5.05.07\u202fAM-772x179.png 772w, https:\/\/hand2noteguide.com\/wp-content\/uploads\/2025\/04\/Screenshot-2025-04-24-at-5.05.07\u202fAM-624x145.png 624w, https:\/\/hand2noteguide.com\/wp-content\/uploads\/2025\/04\/Screenshot-2025-04-24-at-5.05.07\u202fAM.png 1078w\" sizes=\"auto, (max-width: 1024px) 100vw, 1024px\" \/><\/figure>\n\n\n\n<p>Por lo tanto, ahora recomendamos que definitivamente uses un HUD para mantenerte al d\u00eda con otros regulares y tener una ventaja t\u00e9cnica adicional sobre los oponentes d\u00e9biles.<\/p>\n\n\n<div class=\"wp-block-h2n-alert h2n-alert h2n-alert--warning\"><div class=\"h2n-alert__icon\" aria-hidden=\"true\"><svg width=\"22\" height=\"22\" viewBox=\"0 0 24 24\" fill=\"none\" stroke=\"currentColor\" stroke-width=\"2\" stroke-linecap=\"round\" stroke-linejoin=\"round\"><path d=\"M10.29 3.86L1.82 18a2 2 0 001.71 3h16.94a2 2 0 001.71-3L13.71 3.86a2 2 0 00-3.42 0z\"\/><line x1=\"12\" y1=\"9\" x2=\"12\" y2=\"13\"\/><circle cx=\"12\" cy=\"17\" r=\"1\" fill=\"currentColor\" stroke=\"none\"\/><\/svg><\/div><div class=\"h2n-alert__content\">Por favor, ten en cuenta que <a href=\"https:\/\/hand2noteguide.com\/es\/user-manual\/hud-editor-creating-a-dynamic-hud\/\" id=\"13718\">el HUD Din\u00e1mico<\/a> no es compatible con CoinPoker debido a las restricciones de pol\u00edtica de la sala. <a href=\"https:\/\/hand2noteguide.com\/es\/user-manual\/hud-editor-creating-a-static-hud\/\" id=\"13575\">El HUD Est\u00e1tico<\/a> y <a href=\"https:\/\/hand2noteguide.com\/es\/user-manual\/hud-editor-creating-a-positional-hud\/\" id=\"13653\">El HUD Posicional<\/a> seguir\u00e1n funcionando normalmente.<\/div><\/div>\n\n\n<h2 class=\"wp-block-heading\">\u00bfCu\u00e1l es el mejor software de HUD para usar en CoinPoker?<\/h2>\n\n\n\n<p>La mejor opci\u00f3n de software de HUD para poker en CoinPoker es <a href=\"https:\/\/hand2note.com\/es\/\" target=\"_blank\" rel=\"noreferrer noopener\">Hand2Note<\/a>. Es el rastreador de poker m\u00e1s popular y avanzado, confiado por miles de jugadores. Dir\u00edgete a nuestro art\u00edculo <a href=\"https:\/\/hand2noteguide.com\/es\/hand2note-4-getting-started\/\">Comenzando con Hand2Note<\/a> para empezar a usar Hand2Note con CoinPoker ahora mismo.<\/p>\n\n\n<div class=\"wp-block-h2n-cta-button\" style=\"text-align: left;\"><a href=\"https:\/\/hand2noteguide.com\/es\/go\/hand2note\/\" class=\"btn btn-primary\" target=\"_blank\" rel=\"noopener noreferrer nofollow sponsored\">Descargar Hand2Note HUD para CoinPoker<\/a><\/div>\n\n\n<figure class=\"wp-block-image size-large\"><img loading=\"lazy\" decoding=\"async\" width=\"1024\" height=\"637\" src=\"http:\/\/hand2noteguide.com\/wp-content\/uploads\/2025\/04\/h2n-1-min-1024x637.webp\" alt=\"CoinPoker HUD by Hand2Note: Your Competitive Edge\" class=\"wp-image-10163\" srcset=\"https:\/\/hand2noteguide.com\/wp-content\/uploads\/2025\/04\/h2n-1-min-1024x637.webp 1024w, https:\/\/hand2noteguide.com\/wp-content\/uploads\/2025\/04\/h2n-1-min-300x187.webp 300w, https:\/\/hand2noteguide.com\/wp-content\/uploads\/2025\/04\/h2n-1-min-768x478.webp 768w, https:\/\/hand2noteguide.com\/wp-content\/uploads\/2025\/04\/h2n-1-min-1536x955.webp 1536w, https:\/\/hand2noteguide.com\/wp-content\/uploads\/2025\/04\/h2n-1-min-772x480.webp 772w, https:\/\/hand2noteguide.com\/wp-content\/uploads\/2025\/04\/h2n-1-min-624x388.webp 624w, https:\/\/hand2noteguide.com\/wp-content\/uploads\/2025\/04\/h2n-1-min.webp 1590w\" sizes=\"auto, (max-width: 1024px) 100vw, 1024px\" \/><\/figure>\n\n\n\n<p>Hand2Note PRO es la versi\u00f3n definitiva del rastreador de poker m\u00e1s avanzado. Con \u00e9l, puedes mejorar tu juego y la calidad de tu an\u00e1lisis fuera de las mesas.<\/p>\n\n\n\n<h2 class=\"wp-block-heading\">\u00bfC\u00f3mo iniciar el HUD?<\/h2>\n\n\n\n<p>Es suficiente con simplemente iniciar Hand2Note y la mesa de CoinPoker al mismo tiempo. El HUD deber\u00eda mostrarse inmediatamente en los oponentes. Si esto no sucede, aseg\u00farate de haber instalado todas las \u00faltimas actualizaciones de la aplicaci\u00f3n. Y aseg\u00farate de instalar el m\u00f3dulo CoinPokerDesktop.<\/p>\n\n\n\n<figure class=\"wp-block-image size-large\"><img loading=\"lazy\" decoding=\"async\" width=\"1024\" height=\"463\" src=\"https:\/\/hand2noteguide.com\/wp-content\/uploads\/2025\/04\/coinpoker-hand2note-settings-min-1024x463.png\" alt=\"CoinPoker HUD by Hand2Note: Your Competitive Edge\" class=\"wp-image-10565\" srcset=\"https:\/\/hand2noteguide.com\/wp-content\/uploads\/2025\/04\/coinpoker-hand2note-settings-min-1024x463.png 1024w, https:\/\/hand2noteguide.com\/wp-content\/uploads\/2025\/04\/coinpoker-hand2note-settings-min-300x136.png 300w, https:\/\/hand2noteguide.com\/wp-content\/uploads\/2025\/04\/coinpoker-hand2note-settings-min-768x347.png 768w, https:\/\/hand2noteguide.com\/wp-content\/uploads\/2025\/04\/coinpoker-hand2note-settings-min-1536x694.png 1536w, https:\/\/hand2noteguide.com\/wp-content\/uploads\/2025\/04\/coinpoker-hand2note-settings-min-772x349.png 772w, https:\/\/hand2noteguide.com\/wp-content\/uploads\/2025\/04\/coinpoker-hand2note-settings-min-624x282.png 624w, https:\/\/hand2noteguide.com\/wp-content\/uploads\/2025\/04\/coinpoker-hand2note-settings-min.png 1939w\" sizes=\"auto, (max-width: 1024px) 100vw, 1024px\" \/><\/figure>\n\n\n\n<h2 class=\"wp-block-heading\">Recomendaci\u00f3n especial del <a href=\"https:\/\/hand2noteguide.com\/es\/hand2note-official-support\/\" id=\"142\">Equipo de Soporte de Hand2Note<\/a><\/h2>\n\n\n\n<p>Para asegurar que todo funcione correctamente en CoinPoker, recomendamos abrir las mesas una a la vez y esperar 1-2 minutos para que el HUD aparezca antes de abrir la siguiente mesa. Esto permite que Hand2Note detecte adecuadamente cada mesa en los registros.<\/p>\n\n\n\n<p>Si se abren m\u00faltiples mesas simult\u00e1neamente \u2014 especialmente con nombres similares (por ejemplo, NL200 II, NL200 III, etc.) \u2014 pueden recibir el mismo \u00edndice interno, lo que puede causar problemas de identificaci\u00f3n.<\/p>\n","protected":false},"excerpt":{"rendered":"<p>Si vas a jugar en CoinPoker, o ya eres un jugador regular en esta sala, probablemente est\u00e9s pensando en la posibilidad de usar un HUD en las mesas. CoinPoker es uno de los sitios m\u00e1s exitosos y de m\u00e1s r\u00e1pido crecimiento en los \u00faltimos tiempos. La buena noticia es que CoinPoker permite oficialmente el uso &hellip; <a href=\"https:\/\/hand2noteguide.com\/es\/coinpoker-hud\/\" class=\"more-link\">Continue reading <span class=\"screen-reader-text\">CoinPoker HUD de Hand2Note: Tu Ventaja Competitiva<\/span><\/a><\/p>\n","protected":false},"author":4,"featured_media":10569,"parent":0,"menu_order":0,"comment_status":"closed","ping_status":"closed","template":"","meta":{"footnotes":""},"class_list":["post-10548","page","type-page","status-publish","has-post-thumbnail","hentry"],"translation":{"provider":"WPGlobus","version":"3.0.2","language":"es","enabled_languages":["en","ru","pt","zh","es","fr","de","it","ja"],"languages":{"en":{"title":true,"content":true,"excerpt":false},"ru":{"title":true,"content":true,"excerpt":false},"pt":{"title":true,"content":true,"excerpt":false},"zh":{"title":true,"content":true,"excerpt":false},"es":{"title":true,"content":true,"excerpt":false},"fr":{"title":true,"content":true,"excerpt":false},"de":{"title":true,"content":true,"excerpt":false},"it":{"title":true,"content":true,"excerpt":false},"ja":{"title":true,"content":true,"excerpt":false}}},"yoast_head":"<!-- This site is optimized with the Yoast SEO plugin v27.0 - https:\/\/yoast.com\/product\/yoast-seo-wordpress\/ -->\n<title>CoinPoker HUD de Hand2Note: Tu Ventaja Competitiva<\/title>\n<meta name=\"description\" content=\"Comienza a usar Hand2Note HUD para CoinPoker y obt\u00e9n una ventaja sobre tus oponentes. Reg\u00edstrate en CoinPoker usando nuestro enlace y obt\u00e9n Hand2Note gratis.\" \/>\n<meta name=\"robots\" content=\"index, follow, max-snippet:-1, max-image-preview:large, max-video-preview:-1\" \/>\n<link rel=\"canonical\" href=\"https:\/\/hand2noteguide.com\/coinpoker-hud\/\" \/>\n<meta property=\"og:locale\" content=\"es_ES\" \/>\n<meta property=\"og:type\" content=\"article\" \/>\n<meta property=\"og:title\" content=\"CoinPoker HUD de Hand2Note: Tu Ventaja Competitiva\" \/>\n<meta property=\"og:description\" content=\"Comienza a usar Hand2Note HUD para CoinPoker y obt\u00e9n una ventaja sobre tus oponentes. Reg\u00edstrate en CoinPoker usando nuestro enlace y obt\u00e9n Hand2Note gratis.\" \/>\n<meta property=\"og:url\" content=\"https:\/\/hand2noteguide.com\/coinpoker-hud\/\" \/>\n<meta property=\"og:site_name\" content=\"Hand2Note Guide\" \/>\n<meta property=\"article:modified_time\" content=\"2026-02-21T03:56:03+00:00\" \/>\n<meta property=\"og:image\" content=\"https:\/\/hand2noteguide.com\/wp-content\/uploads\/2025\/04\/coinpoker-hud-4-min.png\" \/>\n\t<meta property=\"og:image:width\" content=\"1684\" \/>\n\t<meta property=\"og:image:height\" content=\"1201\" \/>\n\t<meta property=\"og:image:type\" content=\"image\/png\" \/>\n<meta name=\"twitter:card\" content=\"summary_large_image\" \/>\n<meta name=\"twitter:label1\" content=\"Est. reading time\" \/>\n\t<meta name=\"twitter:data1\" content=\"3 minutes\" \/>\n<!-- \/ Yoast SEO plugin. -->","yoast_head_json":{"title":"CoinPoker HUD de Hand2Note: Tu Ventaja Competitiva","description":"Comienza a usar Hand2Note HUD para CoinPoker y obt\u00e9n una ventaja sobre tus oponentes. Reg\u00edstrate en CoinPoker usando nuestro enlace y obt\u00e9n Hand2Note gratis.","robots":{"index":"index","follow":"follow","max-snippet":"max-snippet:-1","max-image-preview":"max-image-preview:large","max-video-preview":"max-video-preview:-1"},"canonical":"https:\/\/hand2noteguide.com\/coinpoker-hud\/","og_locale":"es_ES","og_type":"article","og_title":"CoinPoker HUD de Hand2Note: Tu Ventaja Competitiva","og_description":"Comienza a usar Hand2Note HUD para CoinPoker y obt\u00e9n una ventaja sobre tus oponentes. Reg\u00edstrate en CoinPoker usando nuestro enlace y obt\u00e9n Hand2Note gratis.","og_url":"https:\/\/hand2noteguide.com\/coinpoker-hud\/","og_site_name":"Hand2Note Guide","article_modified_time":"2026-02-21T03:56:03+00:00","og_image":[{"width":1684,"height":1201,"url":"https:\/\/hand2noteguide.com\/wp-content\/uploads\/2025\/04\/coinpoker-hud-4-min.png","type":"image\/png"}],"twitter_card":"summary_large_image","twitter_misc":{"Est. reading time":"3 minutes"},"schema":{"@context":"https:\/\/schema.org","@graph":[]}},"jetpack_sharing_enabled":true,"_links":{"self":[{"href":"https:\/\/hand2noteguide.com\/es\/wp-json\/wp\/v2\/pages\/10548","targetHints":{"allow":["GET"]}}],"collection":[{"href":"https:\/\/hand2noteguide.com\/es\/wp-json\/wp\/v2\/pages"}],"about":[{"href":"https:\/\/hand2noteguide.com\/es\/wp-json\/wp\/v2\/types\/page"}],"author":[{"embeddable":true,"href":"https:\/\/hand2noteguide.com\/es\/wp-json\/wp\/v2\/users\/4"}],"replies":[{"embeddable":true,"href":"https:\/\/hand2noteguide.com\/es\/wp-json\/wp\/v2\/comments?post=10548"}],"version-history":[{"count":46,"href":"https:\/\/hand2noteguide.com\/es\/wp-json\/wp\/v2\/pages\/10548\/revisions"}],"predecessor-version":[{"id":15140,"href":"https:\/\/hand2noteguide.com\/es\/wp-json\/wp\/v2\/pages\/10548\/revisions\/15140"}],"wp:featuredmedia":[{"embeddable":true,"href":"https:\/\/hand2noteguide.com\/es\/wp-json\/wp\/v2\/media\/10569"}],"wp:attachment":[{"href":"https:\/\/hand2noteguide.com\/es\/wp-json\/wp\/v2\/media?parent=10548"}],"curies":[{"name":"wp","href":"https:\/\/api.w.org\/{rel}","templated":true}]}}