{"id":10693,"date":"2025-04-26T19:43:00","date_gmt":"2025-04-26T16:43:00","guid":{"rendered":"https:\/\/hand2noteguide.com\/?page_id=10693"},"modified":"2026-03-10T11:24:05","modified_gmt":"2026-03-10T08:24:05","slug":"stat-sample-in-hand2note","status":"publish","type":"page","link":"https:\/\/hand2noteguide.com\/es\/user-manual\/stat-sample-in-hand2note\/","title":{"rendered":"Muestra de estad\u00edsticas en Hand2Note"},"content":{"rendered":"\n<p>Cada estad\u00edstica en Hand2Note debe evaluarse no solo por su valor, sino tambi\u00e9n por su muestra.<\/p>\n\n\n\n<p>La muestra es el n\u00famero de situaciones en las que un jugador podr\u00eda realizar una acci\u00f3n que est\u00e1 representada por la estad\u00edstica en s\u00ed. El tama\u00f1o de la muestra afecta la credibilidad de la estad\u00edstica.<\/p>\n\n\n\n<p>Por ejemplo, dos jugadores diferentes tienen los mismos valores de 3-bet. Al mismo tiempo, uno de ellos tuvo la oportunidad de hacer 3-bet m\u00e1s de cien veces, y el otro solo quince. En consecuencia, las estad\u00edsticas del jugador que pudo hacer 3-bet m\u00e1s de cien veces son m\u00e1s fiables.<\/p>\n\n\n\n<p>En este art\u00edculo, discutiremos c\u00f3mo evaluar la fiabilidad de las estad\u00edsticas basadas en el tama\u00f1o de la muestra. Tambi\u00e9n te contaremos c\u00f3mo Hand2Note puede ayudar en esto.<\/p>\n\n\n\n<h2 class=\"wp-block-heading\">C\u00f3mo se forman los indicadores estad\u00edsticos y su importancia en el an\u00e1lisis<\/h2>\n\n\n\n<p>El valor de cada estad\u00edstica simple en Hand2Note se forma mediante la f\u00f3rmula:<\/p>\n\n\n\n<pre class=\"wp-block-code\"><code>Valor = Casos \/ Oportunidades * 100<\/code><\/pre>\n\n\n\n<p>Donde:<\/p>\n\n\n\n<ul class=\"wp-block-list\">\n<li>Valor es la frecuencia porcentual con la que el jugador realiz\u00f3 la acci\u00f3n representada por la estad\u00edstica;<\/li>\n\n\n\n<li>Casos es el n\u00famero de situaciones donde el jugador realiz\u00f3 la acci\u00f3n representada por la estad\u00edstica;<\/li>\n\n\n\n<li>Oportunidades es el n\u00famero de situaciones cuando un jugador podr\u00eda realizar la acci\u00f3n en la estad\u00edstica. Oportunidades es una muestra de la estad\u00edstica.<br><\/li>\n<\/ul>\n\n\n\n<h3 class=\"wp-block-heading\">Ejemplo de formaci\u00f3n del valor de un <a href=\"https:\/\/hand2noteguide.com\/es\/poker\/poker-hud-stats\/3bet-in-poker\/\">3-bet<\/a><\/h3>\n\n\n\n<p>Supongamos que durante todo el tiempo de recopilaci\u00f3n de estad\u00edsticas sobre un jugador, los oponentes hicieron un Open Raise contra \u00e9l 163 veces. En consecuencia, el jugador podr\u00eda hacer un 3-bet contra ellos 163 veces &#8211; esta es la selecci\u00f3n en la estad\u00edstica de 3-bet, u oportunidades en la estad\u00edstica de 3-bet. Al mismo tiempo, el jugador hizo un 3-bet solo 15 veces &#8211; estos son los casos en la estad\u00edstica de 3-bet.<\/p>\n\n\n\n<p>Para calcular el valor de la estad\u00edstica de 3Bet, apliquemos la f\u00f3rmula:<\/p>\n\n\n\n<pre class=\"wp-block-code\"><code>Valor = Casos \/ Oportunidades * 100<\/code><\/pre>\n\n\n\n<p>Es decir:<\/p>\n\n\n\n<pre class=\"wp-block-code\"><code>15 \/ 163 * 100 = 9%<\/code><\/pre>\n\n\n\n<p>El valor del 3-bet en el ejemplo es 9%.<\/p>\n\n\n\n<h3 class=\"wp-block-heading\">Importancia del tama\u00f1o de la muestra para el an\u00e1lisis<\/h3>\n\n\n\n<p>El tama\u00f1o de la muestra es de extrema importancia al evaluar estad\u00edsticas sobre un jugador. De hecho, desde el punto de vista de la estad\u00edstica como ciencia, cuanto mayor sea la muestra, m\u00e1s fiable ser\u00e1 el valor.<\/p>\n\n\n\n<p>Hay muchas opiniones en el p\u00f3ker respecto al valor m\u00ednimo del tama\u00f1o de la muestra necesario para confiar en las estad\u00edsticas. Las m\u00e1s frecuentes son:<\/p>\n\n\n\n<ul class=\"wp-block-list\">\n<li>Muchas escuelas de p\u00f3ker cuyos jugadores juegan en aplicaciones de p\u00f3ker m\u00f3vil &#8211; aconsejan comenzar a confiar en las estad\u00edsticas cuando la muestra es de 10 o m\u00e1s;<\/li>\n\n\n\n<li>Los jugadores de p\u00f3ker de la vieja escuela que juegan en sitios como PokerStars o 888Poker est\u00e1n convencidos de que &#8211; se puede confiar en las estad\u00edsticas a un nivel de muestra de 20 o m\u00e1s.<\/li>\n<\/ul>\n\n\n\n<h2 class=\"wp-block-heading\">C\u00f3mo personalizar la visualizaci\u00f3n de la muestra en popups y <a href=\"https:\/\/hand2noteguide.com\/es\/poker\/poker-hud\/\">HUD<\/a>s en Hand2Note<\/h2>\n\n\n\n<p>En Hand2Note puedes personalizar la visualizaci\u00f3n de la muestra &#8211; junto al valor de la estad\u00edstica en s\u00ed.<\/p>\n\n\n\n<figure class=\"wp-block-image size-large\"><img loading=\"lazy\" decoding=\"async\" width=\"1024\" height=\"850\" src=\"http:\/\/hand2noteguide.com\/wp-content\/uploads\/2025\/04\/\u0411\u0435\u0437-\u0438\u043c\u0435\u043d\u0438-11231233-2-1024x850.jpg\" alt=\"\" class=\"wp-image-10795\" srcset=\"https:\/\/hand2noteguide.com\/wp-content\/uploads\/2025\/04\/\u0411\u0435\u0437-\u0438\u043c\u0435\u043d\u0438-11231233-2-1024x850.jpg 1024w, https:\/\/hand2noteguide.com\/wp-content\/uploads\/2025\/04\/\u0411\u0435\u0437-\u0438\u043c\u0435\u043d\u0438-11231233-2-300x249.jpg 300w, https:\/\/hand2noteguide.com\/wp-content\/uploads\/2025\/04\/\u0411\u0435\u0437-\u0438\u043c\u0435\u043d\u0438-11231233-2-768x638.jpg 768w, https:\/\/hand2noteguide.com\/wp-content\/uploads\/2025\/04\/\u0411\u0435\u0437-\u0438\u043c\u0435\u043d\u0438-11231233-2-1536x1276.jpg 1536w, https:\/\/hand2noteguide.com\/wp-content\/uploads\/2025\/04\/\u0411\u0435\u0437-\u0438\u043c\u0435\u043d\u0438-11231233-2-772x641.jpg 772w, https:\/\/hand2noteguide.com\/wp-content\/uploads\/2025\/04\/\u0411\u0435\u0437-\u0438\u043c\u0435\u043d\u0438-11231233-2-624x518.jpg 624w, https:\/\/hand2noteguide.com\/wp-content\/uploads\/2025\/04\/\u0411\u0435\u0437-\u0438\u043c\u0435\u043d\u0438-11231233-2.jpg 1876w\" sizes=\"auto, (max-width: 1024px) 100vw, 1024px\" \/><figcaption class=\"wp-element-caption\">A la izquierda &#8211; sin la muestra; a la derecha &#8211; con la muestra.<\/figcaption><\/figure>\n\n\n\n<p>Para abrir el men\u00fa de configuraci\u00f3n de la muestra, haz clic en \u201cConfiguraci\u00f3n\u201d (1), luego ve a \u201cApariencia de Estad\u00edsticas\u201d (2).<\/p>\n\n\n\n<figure class=\"wp-block-image size-large\"><img loading=\"lazy\" decoding=\"async\" width=\"1024\" height=\"576\" src=\"http:\/\/hand2noteguide.com\/wp-content\/uploads\/2025\/04\/\u0411\u0435\u0437-\u0438\u043c234234\u0435\u043d\u0438-1-1024x576.jpg\" alt=\"\" class=\"wp-image-10776\" srcset=\"https:\/\/hand2noteguide.com\/wp-content\/uploads\/2025\/04\/\u0411\u0435\u0437-\u0438\u043c234234\u0435\u043d\u0438-1-1024x576.jpg 1024w, https:\/\/hand2noteguide.com\/wp-content\/uploads\/2025\/04\/\u0411\u0435\u0437-\u0438\u043c234234\u0435\u043d\u0438-1-300x169.jpg 300w, https:\/\/hand2noteguide.com\/wp-content\/uploads\/2025\/04\/\u0411\u0435\u0437-\u0438\u043c234234\u0435\u043d\u0438-1-768x432.jpg 768w, https:\/\/hand2noteguide.com\/wp-content\/uploads\/2025\/04\/\u0411\u0435\u0437-\u0438\u043c234234\u0435\u043d\u0438-1-1536x864.jpg 1536w, https:\/\/hand2noteguide.com\/wp-content\/uploads\/2025\/04\/\u0411\u0435\u0437-\u0438\u043c234234\u0435\u043d\u0438-1-772x434.jpg 772w, https:\/\/hand2noteguide.com\/wp-content\/uploads\/2025\/04\/\u0411\u0435\u0437-\u0438\u043c234234\u0435\u043d\u0438-1-624x351.jpg 624w, https:\/\/hand2noteguide.com\/wp-content\/uploads\/2025\/04\/\u0411\u0435\u0437-\u0438\u043c234234\u0435\u043d\u0438-1.jpg 1920w\" sizes=\"auto, (max-width: 1024px) 100vw, 1024px\" \/><\/figure>\n\n\n\n<p>El men\u00fa \u201cTama\u00f1o de muestra\u201d (3) te permite aplicar la siguiente personalizaci\u00f3n:<\/p>\n\n\n\n<ul class=\"wp-block-list\">\n<li>\u201cMostrar muestra de estad\u00edstica en HUD&#8221; (4) te permite habilitar la visualizaci\u00f3n de la muestra;<\/li>\n\n\n\n<li>\u201cTama\u00f1o de fuente de la muestra&#8221; (5) te permite personalizar el tama\u00f1o de la fuente de la muestra;<\/li>\n\n\n\n<li>\u201cColor de fuente de la muestra&#8221; (6) te permite seleccionar el color de la fuente de la muestra;<\/li>\n\n\n\n<li>\u201cMostrar muestra de estad\u00edstica cuando es menor que&#8221; (7) te permite especificar a qu\u00e9 valor m\u00ednimo de Oportunidades en la estad\u00edstica, se mostrar\u00e1 la muestra;<\/li>\n\n\n\n<li>\u201cHacer transparente la estad\u00edstica si su muestra es menor que&#8221; (8) permite establecer la transparencia de la estad\u00edstica si su muestra es menor que lo especificado en este \u00edtem;<\/li>\n\n\n\n<li>\u201cOpacidad de la estad\u00edstica en caso de muestra peque\u00f1a&#8221; (9) te permite especificar el nivel de transparencia, al usar \u2018Hacer transparente la estad\u00edstica si su muestra es menor que\u2019;<\/li>\n\n\n\n<li>\u201cMostrar muestra de estad\u00edstica entre par\u00e9ntesis\u201d (10) te permite indicar la muestra entre par\u00e9ntesis.<\/li>\n<\/ul>\n","protected":false},"excerpt":{"rendered":"<p>Cada estad\u00edstica en Hand2Note debe evaluarse no solo por su valor, sino tambi\u00e9n por su muestra. La muestra es el n\u00famero de situaciones en las que un jugador podr\u00eda realizar una acci\u00f3n que est\u00e1 representada por la estad\u00edstica en s\u00ed. El tama\u00f1o de la muestra afecta la credibilidad de la estad\u00edstica. Por ejemplo, dos jugadores &hellip; <a href=\"https:\/\/hand2noteguide.com\/es\/user-manual\/stat-sample-in-hand2note\/\" class=\"more-link\">Continue reading <span class=\"screen-reader-text\">Muestra de estad\u00edsticas en Hand2Note<\/span><\/a><\/p>\n","protected":false},"author":3,"featured_media":10700,"parent":9199,"menu_order":0,"comment_status":"closed","ping_status":"closed","template":"","meta":{"footnotes":""},"class_list":["post-10693","page","type-page","status-publish","has-post-thumbnail","hentry"],"translation":{"provider":"WPGlobus","version":"3.0.2","language":"es","enabled_languages":["en","ru","pt","zh","es","fr","de","it","ja"],"languages":{"en":{"title":true,"content":true,"excerpt":false},"ru":{"title":true,"content":true,"excerpt":false},"pt":{"title":true,"content":true,"excerpt":false},"zh":{"title":true,"content":true,"excerpt":false},"es":{"title":true,"content":true,"excerpt":false},"fr":{"title":true,"content":true,"excerpt":false},"de":{"title":true,"content":true,"excerpt":false},"it":{"title":true,"content":true,"excerpt":false},"ja":{"title":true,"content":true,"excerpt":false}}},"yoast_head":"<!-- This site is optimized with the Yoast SEO plugin v27.0 - https:\/\/yoast.com\/product\/yoast-seo-wordpress\/ -->\n<title>Muestra de estad\u00edsticas en Hand2Note<\/title>\n<meta name=\"description\" content=\"Aprende c\u00f3mo el tama\u00f1o de la muestra impacta la fiabilidad de las estad\u00edsticas en Hand2Note y c\u00f3mo personalizar la visualizaci\u00f3n de la muestra en los HUDs.\" \/>\n<meta name=\"robots\" content=\"index, follow, max-snippet:-1, max-image-preview:large, max-video-preview:-1\" \/>\n<link rel=\"canonical\" href=\"https:\/\/hand2noteguide.com\/user-manual\/stat-sample-in-hand2note\/\" \/>\n<meta property=\"og:locale\" content=\"es_ES\" \/>\n<meta property=\"og:type\" content=\"article\" \/>\n<meta property=\"og:title\" content=\"Muestra de estad\u00edsticas en Hand2Note\" \/>\n<meta property=\"og:description\" content=\"Aprende c\u00f3mo el tama\u00f1o de la muestra impacta la fiabilidad de las estad\u00edsticas en Hand2Note y c\u00f3mo personalizar la visualizaci\u00f3n de la muestra en los HUDs.\" \/>\n<meta property=\"og:url\" content=\"https:\/\/hand2noteguide.com\/user-manual\/stat-sample-in-hand2note\/\" \/>\n<meta property=\"og:site_name\" content=\"Hand2Note Guide\" \/>\n<meta property=\"article:modified_time\" content=\"2026-03-10T08:24:05+00:00\" \/>\n<meta property=\"og:image\" content=\"https:\/\/hand2noteguide.com\/wp-content\/uploads\/2025\/04\/\u0411\u0435\u0437-\u0447\u0447\u044f\u0441\u044f\u0447\u0441\u0438\u043c\u0435\u043d\u0438-1.jpg\" \/>\n\t<meta property=\"og:image:width\" content=\"1920\" \/>\n\t<meta property=\"og:image:height\" content=\"1080\" \/>\n\t<meta property=\"og:image:type\" content=\"image\/jpeg\" \/>\n<meta name=\"twitter:card\" content=\"summary_large_image\" \/>\n<meta name=\"twitter:label1\" content=\"Est. reading time\" \/>\n\t<meta name=\"twitter:data1\" content=\"22 minutes\" \/>\n<!-- \/ Yoast SEO plugin. -->","yoast_head_json":{"title":"Muestra de estad\u00edsticas en Hand2Note","description":"Aprende c\u00f3mo el tama\u00f1o de la muestra impacta la fiabilidad de las estad\u00edsticas en Hand2Note y c\u00f3mo personalizar la visualizaci\u00f3n de la muestra en los HUDs.","robots":{"index":"index","follow":"follow","max-snippet":"max-snippet:-1","max-image-preview":"max-image-preview:large","max-video-preview":"max-video-preview:-1"},"canonical":"https:\/\/hand2noteguide.com\/user-manual\/stat-sample-in-hand2note\/","og_locale":"es_ES","og_type":"article","og_title":"Muestra de estad\u00edsticas en Hand2Note","og_description":"Aprende c\u00f3mo el tama\u00f1o de la muestra impacta la fiabilidad de las estad\u00edsticas en Hand2Note y c\u00f3mo personalizar la visualizaci\u00f3n de la muestra en los HUDs.","og_url":"https:\/\/hand2noteguide.com\/user-manual\/stat-sample-in-hand2note\/","og_site_name":"Hand2Note Guide","article_modified_time":"2026-03-10T08:24:05+00:00","og_image":[{"width":1920,"height":1080,"url":"https:\/\/hand2noteguide.com\/wp-content\/uploads\/2025\/04\/\u0411\u0435\u0437-\u0447\u0447\u044f\u0441\u044f\u0447\u0441\u0438\u043c\u0435\u043d\u0438-1.jpg","type":"image\/jpeg"}],"twitter_card":"summary_large_image","twitter_misc":{"Est. reading time":"22 minutes"},"schema":{"@context":"https:\/\/schema.org","@graph":[]}},"jetpack_sharing_enabled":true,"_links":{"self":[{"href":"https:\/\/hand2noteguide.com\/es\/wp-json\/wp\/v2\/pages\/10693","targetHints":{"allow":["GET"]}}],"collection":[{"href":"https:\/\/hand2noteguide.com\/es\/wp-json\/wp\/v2\/pages"}],"about":[{"href":"https:\/\/hand2noteguide.com\/es\/wp-json\/wp\/v2\/types\/page"}],"author":[{"embeddable":true,"href":"https:\/\/hand2noteguide.com\/es\/wp-json\/wp\/v2\/users\/3"}],"replies":[{"embeddable":true,"href":"https:\/\/hand2noteguide.com\/es\/wp-json\/wp\/v2\/comments?post=10693"}],"version-history":[{"count":94,"href":"https:\/\/hand2noteguide.com\/es\/wp-json\/wp\/v2\/pages\/10693\/revisions"}],"predecessor-version":[{"id":15624,"href":"https:\/\/hand2noteguide.com\/es\/wp-json\/wp\/v2\/pages\/10693\/revisions\/15624"}],"up":[{"embeddable":true,"href":"https:\/\/hand2noteguide.com\/es\/wp-json\/wp\/v2\/pages\/9199"}],"wp:featuredmedia":[{"embeddable":true,"href":"https:\/\/hand2noteguide.com\/es\/wp-json\/wp\/v2\/media\/10700"}],"wp:attachment":[{"href":"https:\/\/hand2noteguide.com\/es\/wp-json\/wp\/v2\/media?parent=10693"}],"curies":[{"name":"wp","href":"https:\/\/api.w.org\/{rel}","templated":true}]}}