{"id":108,"date":"2018-07-30T02:52:22","date_gmt":"2018-07-29T23:52:22","guid":{"rendered":"https:\/\/h2n312.wordpress.com\/?page_id=108"},"modified":"2025-06-04T19:18:10","modified_gmt":"2025-06-04T16:18:10","slug":"hand2note-lags","status":"publish","type":"page","link":"https:\/\/hand2noteguide.com\/es\/issues-resolving\/hand2note-lags\/","title":{"rendered":"Hand2Note se congela o funciona lentamente"},"content":{"rendered":"<p>Primero, debes hacer lo siguiente:<\/p>\n<ol>\n<li>Desactiva el antivirus o a\u00f1ade la carpeta de instalaci\u00f3n de Hand2Note a la lista de excepciones<\/li>\n<li>Instala todas las actualizaciones m\u00e1s recientes de Windows<\/li>\n<li><a href=\"https:\/\/hand2noteguide.com\/es\/guide\/hand2note-version\/\">Actualiza Hand2Note a la \u00faltima versi\u00f3n<\/a><\/li>\n<li><a href=\"https:\/\/hand2noteguide.com\/es\/issues-resolving\/h2n-takes-much-space\/\">Elimina los archivos de registro, desactiva el registro<\/a><\/li>\n<\/ol>\n<p>Si el problema persiste despu\u00e9s de estos pasos, intenta hacer una <a href=\"https:\/\/hand2noteguide.com\/es\/issues-resolving\/reinstall\/\">reinstalaci\u00f3n completa<\/a>.<\/p>\n<p>Si has realizado todos los pasos descritos anteriormente, incluida la reinstalaci\u00f3n completa seg\u00fan las instrucciones, y Hand2Note sigue congel\u00e1ndose o funcionando lentamente, contacta con el <a href=\"https:\/\/hand2noteguide.com\/es\/hand2note-official-support\/\">servicio de soporte<\/a>.<\/p>\n","protected":false},"excerpt":{"rendered":"<p>Primero, debes hacer lo siguiente: Desactiva el antivirus o a\u00f1ade la carpeta de instalaci\u00f3n de Hand2Note a la lista de excepciones Instala todas las actualizaciones m\u00e1s recientes de Windows Actualiza Hand2Note a la \u00faltima versi\u00f3n Elimina los archivos de registro, desactiva el registro Si el problema persiste despu\u00e9s de estos pasos, intenta hacer una reinstalaci\u00f3n &hellip; <a href=\"https:\/\/hand2noteguide.com\/es\/issues-resolving\/hand2note-lags\/\" class=\"more-link\">Continue reading <span class=\"screen-reader-text\">Hand2Note se congela o funciona lentamente<\/span><\/a><\/p>\n","protected":false},"author":1,"featured_media":0,"parent":236,"menu_order":4,"comment_status":"closed","ping_status":"closed","template":"page-templates\/full-width-page.php","meta":{"footnotes":""},"class_list":["post-108","page","type-page","status-publish","hentry"],"translation":{"provider":"WPGlobus","version":"3.0.2","language":"es","enabled_languages":["en","ru","pt","zh","es","fr","de","it","ja"],"languages":{"en":{"title":true,"content":true,"excerpt":false},"ru":{"title":true,"content":true,"excerpt":false},"pt":{"title":true,"content":true,"excerpt":false},"zh":{"title":true,"content":true,"excerpt":false},"es":{"title":true,"content":true,"excerpt":false},"fr":{"title":true,"content":true,"excerpt":false},"de":{"title":true,"content":true,"excerpt":false},"it":{"title":true,"content":true,"excerpt":false},"ja":{"title":true,"content":true,"excerpt":false}}},"yoast_head":"<!-- This site is optimized with the Yoast SEO plugin v27.0 - https:\/\/yoast.com\/product\/yoast-seo-wordpress\/ -->\n<title>C\u00f3mo solucionar el congelamiento o el rendimiento lento de Hand2Note<\/title>\n<meta name=\"description\" content=\"Aprende c\u00f3mo resolver problemas con Hand2Note que se congela o funciona lentamente. Sigue nuestra gu\u00eda paso a paso para mejorar el rendimiento y volver a jugar.\" \/>\n<meta name=\"robots\" content=\"index, follow, max-snippet:-1, max-image-preview:large, max-video-preview:-1\" \/>\n<link rel=\"canonical\" href=\"https:\/\/hand2noteguide.com\/issues-resolving\/hand2note-lags\/\" \/>\n<meta property=\"og:locale\" content=\"es_ES\" \/>\n<meta property=\"og:type\" content=\"article\" \/>\n<meta property=\"og:title\" content=\"C\u00f3mo solucionar el congelamiento o el rendimiento lento de Hand2Note\" \/>\n<meta property=\"og:description\" content=\"Aprende c\u00f3mo resolver problemas con Hand2Note que se congela o funciona lentamente. Sigue nuestra gu\u00eda paso a paso para mejorar el rendimiento y volver a jugar.\" \/>\n<meta property=\"og:url\" content=\"https:\/\/hand2noteguide.com\/issues-resolving\/hand2note-lags\/\" \/>\n<meta property=\"og:site_name\" content=\"Hand2Note Guide\" \/>\n<meta property=\"article:modified_time\" content=\"2025-06-04T16:18:10+00:00\" \/>\n<meta name=\"twitter:card\" content=\"summary_large_image\" \/>\n<meta name=\"twitter:label1\" content=\"Est. reading time\" \/>\n\t<meta name=\"twitter:data1\" content=\"3 minutes\" \/>\n<!-- \/ Yoast SEO plugin. -->","yoast_head_json":{"title":"C\u00f3mo solucionar el congelamiento o el rendimiento lento de Hand2Note","description":"Aprende c\u00f3mo resolver problemas con Hand2Note que se congela o funciona lentamente. Sigue nuestra gu\u00eda paso a paso para mejorar el rendimiento y volver a jugar.","robots":{"index":"index","follow":"follow","max-snippet":"max-snippet:-1","max-image-preview":"max-image-preview:large","max-video-preview":"max-video-preview:-1"},"canonical":"https:\/\/hand2noteguide.com\/issues-resolving\/hand2note-lags\/","og_locale":"es_ES","og_type":"article","og_title":"C\u00f3mo solucionar el congelamiento o el rendimiento lento de Hand2Note","og_description":"Aprende c\u00f3mo resolver problemas con Hand2Note que se congela o funciona lentamente. Sigue nuestra gu\u00eda paso a paso para mejorar el rendimiento y volver a jugar.","og_url":"https:\/\/hand2noteguide.com\/issues-resolving\/hand2note-lags\/","og_site_name":"Hand2Note Guide","article_modified_time":"2025-06-04T16:18:10+00:00","twitter_card":"summary_large_image","twitter_misc":{"Est. reading time":"3 minutes"},"schema":{"@context":"https:\/\/schema.org","@graph":[]}},"jetpack_sharing_enabled":false,"_links":{"self":[{"href":"https:\/\/hand2noteguide.com\/es\/wp-json\/wp\/v2\/pages\/108","targetHints":{"allow":["GET"]}}],"collection":[{"href":"https:\/\/hand2noteguide.com\/es\/wp-json\/wp\/v2\/pages"}],"about":[{"href":"https:\/\/hand2noteguide.com\/es\/wp-json\/wp\/v2\/types\/page"}],"author":[{"embeddable":true,"href":"https:\/\/hand2noteguide.com\/es\/wp-json\/wp\/v2\/users\/1"}],"replies":[{"embeddable":true,"href":"https:\/\/hand2noteguide.com\/es\/wp-json\/wp\/v2\/comments?post=108"}],"version-history":[{"count":17,"href":"https:\/\/hand2noteguide.com\/es\/wp-json\/wp\/v2\/pages\/108\/revisions"}],"predecessor-version":[{"id":13558,"href":"https:\/\/hand2noteguide.com\/es\/wp-json\/wp\/v2\/pages\/108\/revisions\/13558"}],"up":[{"embeddable":true,"href":"https:\/\/hand2noteguide.com\/es\/wp-json\/wp\/v2\/pages\/236"}],"wp:attachment":[{"href":"https:\/\/hand2noteguide.com\/es\/wp-json\/wp\/v2\/media?parent=108"}],"curies":[{"name":"wp","href":"https:\/\/api.w.org\/{rel}","templated":true}]}}