{"id":10814,"date":"2025-05-02T20:26:05","date_gmt":"2025-05-02T17:26:05","guid":{"rendered":"https:\/\/hand2noteguide.com\/?page_id=10814"},"modified":"2026-03-10T11:24:50","modified_gmt":"2026-03-10T08:24:50","slug":"exporting-and-importing-configuration-to-hand2note","status":"publish","type":"page","link":"https:\/\/hand2noteguide.com\/es\/user-manual\/exporting-and-importing-configuration-to-hand2note\/","title":{"rendered":"Exportaci\u00f3n e importaci\u00f3n de configuraci\u00f3n en Hand2Note"},"content":{"rendered":"\n<p>Hand2Note permite guardar (exportar) la configuraci\u00f3n en un archivo de configuraci\u00f3n especial. As\u00ed como instalar (importar) la configuraci\u00f3n desde un archivo a Hand2Note.<\/p>\n\n\n\n<p>La configuraci\u00f3n incluye todos los paquetes de estad\u00edsticas, HUDs, popups, as\u00ed como todos los ajustes como las posiciones de los paneles del HUD en la mesa, y muchos otros.<\/p>\n\n\n\n<p>Esta funci\u00f3n es \u00fatil en caso de transferir Hand2Note de un dispositivo a otro, as\u00ed como para guardar todos los ajustes en caso de riesgo de p\u00e9rdida de datos.<\/p>\n\n\n\n<h2 class=\"wp-block-heading\">Exportaci\u00f3n de la configuraci\u00f3n<\/h2>\n\n\n\n<p>Para exportar la configuraci\u00f3n, encuentra \u201cConfiguration\u201d (1) en el men\u00fa superior de la ventana de Hand2Note y haz clic en \u00e9l. Luego, haz clic en \u201cExport Config\u2026\u201d (2) en la lista desplegable. En la ventana que se abre, especifica la ubicaci\u00f3n de guardado y el nombre del archivo de configuraci\u00f3n de Hand2Note (3), luego haz clic en \u201cSave\u201d (4).<\/p>\n\n\n\n<figure class=\"wp-block-image size-large\"><img loading=\"lazy\" decoding=\"async\" width=\"1024\" height=\"576\" src=\"http:\/\/hand2noteguide.com\/wp-content\/uploads\/2025\/05\/\u0411\u0435\u0437-\u0438\u043c\u043532434\u043d\u0438-1-1024x576.jpg\" alt=\"\" class=\"wp-image-10831\" srcset=\"https:\/\/hand2noteguide.com\/wp-content\/uploads\/2025\/05\/\u0411\u0435\u0437-\u0438\u043c\u043532434\u043d\u0438-1-1024x576.jpg 1024w, https:\/\/hand2noteguide.com\/wp-content\/uploads\/2025\/05\/\u0411\u0435\u0437-\u0438\u043c\u043532434\u043d\u0438-1-300x169.jpg 300w, https:\/\/hand2noteguide.com\/wp-content\/uploads\/2025\/05\/\u0411\u0435\u0437-\u0438\u043c\u043532434\u043d\u0438-1-768x432.jpg 768w, https:\/\/hand2noteguide.com\/wp-content\/uploads\/2025\/05\/\u0411\u0435\u0437-\u0438\u043c\u043532434\u043d\u0438-1-1536x864.jpg 1536w, https:\/\/hand2noteguide.com\/wp-content\/uploads\/2025\/05\/\u0411\u0435\u0437-\u0438\u043c\u043532434\u043d\u0438-1-772x434.jpg 772w, https:\/\/hand2noteguide.com\/wp-content\/uploads\/2025\/05\/\u0411\u0435\u0437-\u0438\u043c\u043532434\u043d\u0438-1-624x351.jpg 624w, https:\/\/hand2noteguide.com\/wp-content\/uploads\/2025\/05\/\u0411\u0435\u0437-\u0438\u043c\u043532434\u043d\u0438-1.jpg 1920w\" sizes=\"auto, (max-width: 1024px) 100vw, 1024px\" \/><\/figure>\n\n\n\n<p><em>El archivo de configuraci\u00f3n, una vez creado, debe tener la extensi\u00f3n de archivo \u201c.h2nconfig\u201d.<\/em><\/p>\n\n\n\n<p>La funci\u00f3n de Exportar e Importar Configuraci\u00f3n no incluye guardar e instalar la base de datos en Hand2Note. Para realizar la migraci\u00f3n de la base de datos recomendamos leer este art\u00edculo:<em> <\/em><a href=\"https:\/\/hand2noteguide.com\/es\/user-manual\/transferring-the-database-storage-location-as-well-as-creating-a-new-database\/\">Transferir la base de datos de Hand2Note a un nuevo directorio<\/a>.<\/p>\n\n\n\n<h2 class=\"wp-block-heading\">Importaci\u00f3n de la configuraci\u00f3n<\/h2>\n\n\n\n<p>Para importar la configuraci\u00f3n, encuentra \u201cConfiguration\u201d (1) en el men\u00fa superior de la ventana de Hand2Note y haz clic en \u00e9l. Luego, haz clic en \u201cImport Config\u2026\u201d (2) en la lista desplegable. En la ventana que se abre, encuentra un lugar para guardar el archivo de configuraci\u00f3n de Hand2Note (con la extensi\u00f3n de archivo \u201c.h2nconfig\u201d) y selecci\u00f3nalo (3), luego haz clic en \u201cOpen\u201d (4).<\/p>\n\n\n\n<figure class=\"wp-block-image size-large\"><img loading=\"lazy\" decoding=\"async\" width=\"1024\" height=\"576\" src=\"http:\/\/hand2noteguide.com\/wp-content\/uploads\/2025\/05\/\u0411\u0435\u0437-werwer\u0438\u043c\u0435\u043d\u0438-1-1024x576.jpg\" alt=\"\" class=\"wp-image-10839\" srcset=\"https:\/\/hand2noteguide.com\/wp-content\/uploads\/2025\/05\/\u0411\u0435\u0437-werwer\u0438\u043c\u0435\u043d\u0438-1-1024x576.jpg 1024w, https:\/\/hand2noteguide.com\/wp-content\/uploads\/2025\/05\/\u0411\u0435\u0437-werwer\u0438\u043c\u0435\u043d\u0438-1-300x169.jpg 300w, https:\/\/hand2noteguide.com\/wp-content\/uploads\/2025\/05\/\u0411\u0435\u0437-werwer\u0438\u043c\u0435\u043d\u0438-1-768x432.jpg 768w, https:\/\/hand2noteguide.com\/wp-content\/uploads\/2025\/05\/\u0411\u0435\u0437-werwer\u0438\u043c\u0435\u043d\u0438-1-1536x864.jpg 1536w, https:\/\/hand2noteguide.com\/wp-content\/uploads\/2025\/05\/\u0411\u0435\u0437-werwer\u0438\u043c\u0435\u043d\u0438-1-772x434.jpg 772w, https:\/\/hand2noteguide.com\/wp-content\/uploads\/2025\/05\/\u0411\u0435\u0437-werwer\u0438\u043c\u0435\u043d\u0438-1-624x351.jpg 624w, https:\/\/hand2noteguide.com\/wp-content\/uploads\/2025\/05\/\u0411\u0435\u0437-werwer\u0438\u043c\u0435\u043d\u0438-1.jpg 1920w\" sizes=\"auto, (max-width: 1024px) 100vw, 1024px\" \/><\/figure>\n\n\n\n<p>Despu\u00e9s de importar, permite que Hand2Note reinicie el programa, esto permitir\u00e1 que todos los cambios surtan efecto.<\/p>\n\n\n\n<p><em>Si despu\u00e9s de importar la configuraci\u00f3n tienes alg\u00fan problema con Hand2Note (por ejemplo, las fuentes en el contenedor de distribuci\u00f3n han cambiado o todo el texto en ellas se ha movido a la derecha) &#8211; reinicia tu computadora, en la mayor\u00eda de las situaciones esto lo soluciona todo.<\/em><\/p>\n\n\n\n<h2 class=\"wp-block-heading\">Exportaci\u00f3n e importaci\u00f3n de notas<\/h2>\n\n\n\n<p>La funci\u00f3n de exportaci\u00f3n e importaci\u00f3n de configuraci\u00f3n no incluye las notas.<\/p>\n\n\n\n<p>Para exportar e importar notas, sigue los mismos pasos que para exportar e importar la configuraci\u00f3n. Encuentra \u201cConfiguration\u201d (1) en el men\u00fa superior de la ventana de Hand2Note y haz clic en \u00e9l. Luego, en la lista desplegable haz clic en \u201cExport Notes\u2026\u201d (2). En la ventana que se abre, establece la ubicaci\u00f3n de guardado y el nombre del archivo de notas de Hand2Note (3), luego haz clic en \u201cSave\u201d (4).<\/p>\n\n\n\n<p><em>El archivo de notas, una vez creado, debe tener la extensi\u00f3n de archivo \u201c.h2nnotes\u201d.<\/em><\/p>\n\n\n\n<figure class=\"wp-block-image size-large\"><img loading=\"lazy\" decoding=\"async\" width=\"1024\" height=\"576\" src=\"http:\/\/hand2noteguide.com\/wp-content\/uploads\/2025\/05\/\u0411\u0435\u0437-\u0438561313767\u043c\u0435\u043d\u0438-1-1024x576.jpg\" alt=\"\" class=\"wp-image-10869\" srcset=\"https:\/\/hand2noteguide.com\/wp-content\/uploads\/2025\/05\/\u0411\u0435\u0437-\u0438561313767\u043c\u0435\u043d\u0438-1-1024x576.jpg 1024w, https:\/\/hand2noteguide.com\/wp-content\/uploads\/2025\/05\/\u0411\u0435\u0437-\u0438561313767\u043c\u0435\u043d\u0438-1-300x169.jpg 300w, https:\/\/hand2noteguide.com\/wp-content\/uploads\/2025\/05\/\u0411\u0435\u0437-\u0438561313767\u043c\u0435\u043d\u0438-1-768x432.jpg 768w, https:\/\/hand2noteguide.com\/wp-content\/uploads\/2025\/05\/\u0411\u0435\u0437-\u0438561313767\u043c\u0435\u043d\u0438-1-1536x864.jpg 1536w, https:\/\/hand2noteguide.com\/wp-content\/uploads\/2025\/05\/\u0411\u0435\u0437-\u0438561313767\u043c\u0435\u043d\u0438-1-772x434.jpg 772w, https:\/\/hand2noteguide.com\/wp-content\/uploads\/2025\/05\/\u0411\u0435\u0437-\u0438561313767\u043c\u0435\u043d\u0438-1-624x351.jpg 624w, https:\/\/hand2noteguide.com\/wp-content\/uploads\/2025\/05\/\u0411\u0435\u0437-\u0438561313767\u043c\u0435\u043d\u0438-1.jpg 1920w\" sizes=\"auto, (max-width: 1024px) 100vw, 1024px\" \/><\/figure>\n\n\n\n<p>Para importar notas, encuentra \u201cConfiguration\u201d (5) en el men\u00fa superior de la ventana de Hand2Note y haz clic en \u00e9l. Luego, en la lista desplegable haz clic en \u201cImport Notes\u2026\u201d (6). En la ventana que se abre, encuentra un lugar para guardar el archivo de notas de Hand2Note (con la extensi\u00f3n de archivo \u201c.h2nnotes\u201d) y selecci\u00f3nalo (7), luego haz clic en \u201cOpen\u201d (8).<\/p>\n\n\n\n<p>La exportaci\u00f3n e importaci\u00f3n de configuraci\u00f3n, as\u00ed como la exportaci\u00f3n e importaci\u00f3n de notas, no incluyen manos marcadas. Para realizar la transferencia de manos marcadas, recomendamos leer el art\u00edculo:<em> <\/em><a href=\"https:\/\/hand2noteguide.com\/es\/user-manual\/marking-hands-in-hand2note\/\">Marcar manos en Hand2Note<\/a>.<\/p>\n","protected":false},"excerpt":{"rendered":"<p>Hand2Note permite guardar (exportar) la configuraci\u00f3n en un archivo de configuraci\u00f3n especial. As\u00ed como instalar (importar) la configuraci\u00f3n desde un archivo a Hand2Note. La configuraci\u00f3n incluye todos los paquetes de estad\u00edsticas, HUDs, popups, as\u00ed como todos los ajustes como las posiciones de los paneles del HUD en la mesa, y muchos otros. Esta funci\u00f3n es &hellip; <a href=\"https:\/\/hand2noteguide.com\/es\/user-manual\/exporting-and-importing-configuration-to-hand2note\/\" class=\"more-link\">Continue reading <span class=\"screen-reader-text\">Exportaci\u00f3n e importaci\u00f3n de configuraci\u00f3n en Hand2Note<\/span><\/a><\/p>\n","protected":false},"author":3,"featured_media":10974,"parent":9199,"menu_order":0,"comment_status":"closed","ping_status":"closed","template":"","meta":{"footnotes":""},"class_list":["post-10814","page","type-page","status-publish","has-post-thumbnail","hentry"],"translation":{"provider":"WPGlobus","version":"3.0.2","language":"es","enabled_languages":["en","ru","pt","zh","es","fr","de","it","ja"],"languages":{"en":{"title":true,"content":true,"excerpt":false},"ru":{"title":true,"content":true,"excerpt":false},"pt":{"title":true,"content":true,"excerpt":false},"zh":{"title":true,"content":true,"excerpt":false},"es":{"title":true,"content":true,"excerpt":false},"fr":{"title":true,"content":true,"excerpt":false},"de":{"title":true,"content":true,"excerpt":false},"it":{"title":true,"content":true,"excerpt":false},"ja":{"title":true,"content":true,"excerpt":false}}},"yoast_head":"<!-- This site is optimized with the Yoast SEO plugin v27.0 - https:\/\/yoast.com\/product\/yoast-seo-wordpress\/ -->\n<title>Exportaci\u00f3n e importaci\u00f3n de configuraci\u00f3n en Hand2Note<\/title>\n<meta name=\"description\" content=\"Aprende c\u00f3mo exportar e importar configuraciones y notas de Hand2Note para transferir o respaldar de manera segura tus ajustes de HUD.\" \/>\n<meta name=\"robots\" content=\"index, follow, max-snippet:-1, max-image-preview:large, max-video-preview:-1\" \/>\n<link rel=\"canonical\" href=\"https:\/\/hand2noteguide.com\/user-manual\/exporting-and-importing-configuration-to-hand2note\/\" \/>\n<meta property=\"og:locale\" content=\"es_ES\" \/>\n<meta property=\"og:type\" content=\"article\" \/>\n<meta property=\"og:title\" content=\"Exportaci\u00f3n e importaci\u00f3n de configuraci\u00f3n en Hand2Note\" \/>\n<meta property=\"og:description\" content=\"Aprende c\u00f3mo exportar e importar configuraciones y notas de Hand2Note para transferir o respaldar de manera segura tus ajustes de HUD.\" \/>\n<meta property=\"og:url\" content=\"https:\/\/hand2noteguide.com\/user-manual\/exporting-and-importing-configuration-to-hand2note\/\" \/>\n<meta property=\"og:site_name\" content=\"Hand2Note Guide\" \/>\n<meta property=\"article:modified_time\" content=\"2026-03-10T08:24:50+00:00\" \/>\n<meta property=\"og:image\" content=\"https:\/\/hand2noteguide.com\/wp-content\/uploads\/2025\/05\/export-import-h2n-min.png\" \/>\n\t<meta property=\"og:image:width\" content=\"1920\" \/>\n\t<meta property=\"og:image:height\" content=\"1400\" \/>\n\t<meta property=\"og:image:type\" content=\"image\/png\" \/>\n<meta name=\"twitter:card\" content=\"summary_large_image\" \/>\n<meta name=\"twitter:label1\" content=\"Est. reading time\" \/>\n\t<meta name=\"twitter:data1\" content=\"16 minutes\" \/>\n<!-- \/ Yoast SEO plugin. -->","yoast_head_json":{"title":"Exportaci\u00f3n e importaci\u00f3n de configuraci\u00f3n en Hand2Note","description":"Aprende c\u00f3mo exportar e importar configuraciones y notas de Hand2Note para transferir o respaldar de manera segura tus ajustes de HUD.","robots":{"index":"index","follow":"follow","max-snippet":"max-snippet:-1","max-image-preview":"max-image-preview:large","max-video-preview":"max-video-preview:-1"},"canonical":"https:\/\/hand2noteguide.com\/user-manual\/exporting-and-importing-configuration-to-hand2note\/","og_locale":"es_ES","og_type":"article","og_title":"Exportaci\u00f3n e importaci\u00f3n de configuraci\u00f3n en Hand2Note","og_description":"Aprende c\u00f3mo exportar e importar configuraciones y notas de Hand2Note para transferir o respaldar de manera segura tus ajustes de HUD.","og_url":"https:\/\/hand2noteguide.com\/user-manual\/exporting-and-importing-configuration-to-hand2note\/","og_site_name":"Hand2Note Guide","article_modified_time":"2026-03-10T08:24:50+00:00","og_image":[{"width":1920,"height":1400,"url":"https:\/\/hand2noteguide.com\/wp-content\/uploads\/2025\/05\/export-import-h2n-min.png","type":"image\/png"}],"twitter_card":"summary_large_image","twitter_misc":{"Est. reading time":"16 minutes"},"schema":{"@context":"https:\/\/schema.org","@graph":[]}},"jetpack_sharing_enabled":true,"_links":{"self":[{"href":"https:\/\/hand2noteguide.com\/es\/wp-json\/wp\/v2\/pages\/10814","targetHints":{"allow":["GET"]}}],"collection":[{"href":"https:\/\/hand2noteguide.com\/es\/wp-json\/wp\/v2\/pages"}],"about":[{"href":"https:\/\/hand2noteguide.com\/es\/wp-json\/wp\/v2\/types\/page"}],"author":[{"embeddable":true,"href":"https:\/\/hand2noteguide.com\/es\/wp-json\/wp\/v2\/users\/3"}],"replies":[{"embeddable":true,"href":"https:\/\/hand2noteguide.com\/es\/wp-json\/wp\/v2\/comments?post=10814"}],"version-history":[{"count":57,"href":"https:\/\/hand2noteguide.com\/es\/wp-json\/wp\/v2\/pages\/10814\/revisions"}],"predecessor-version":[{"id":15625,"href":"https:\/\/hand2noteguide.com\/es\/wp-json\/wp\/v2\/pages\/10814\/revisions\/15625"}],"up":[{"embeddable":true,"href":"https:\/\/hand2noteguide.com\/es\/wp-json\/wp\/v2\/pages\/9199"}],"wp:featuredmedia":[{"embeddable":true,"href":"https:\/\/hand2noteguide.com\/es\/wp-json\/wp\/v2\/media\/10974"}],"wp:attachment":[{"href":"https:\/\/hand2noteguide.com\/es\/wp-json\/wp\/v2\/media?parent=10814"}],"curies":[{"name":"wp","href":"https:\/\/api.w.org\/{rel}","templated":true}]}}