{"id":11059,"date":"2025-05-10T13:34:35","date_gmt":"2025-05-10T10:34:35","guid":{"rendered":"https:\/\/hand2noteguide.com\/?page_id=11059"},"modified":"2026-03-10T11:26:40","modified_gmt":"2026-03-10T08:26:40","slug":"hand2note-sessions","status":"publish","type":"page","link":"https:\/\/hand2noteguide.com\/es\/user-manual\/hand2note-sessions\/","title":{"rendered":"Herramienta &#8220;Sessions&#8221; en Hand2Note"},"content":{"rendered":"\n<p>Hand2Note te permite ver tus resultados en el formato de sesiones de juego, tanto durante el juego como despu\u00e9s de que la sesi\u00f3n termina.<\/p>\n\n\n\n<p>La secci\u00f3n de Sessions muestra m\u00e9tricas clave del juego para la sesi\u00f3n, como: Win Rate EV, n\u00famero de manos jugadas, duraci\u00f3n de la sesi\u00f3n y muchas otras.<\/p>\n\n\n\n<p>Esta funci\u00f3n es \u00fatil para seguir tu rendimiento actual en tiempo real.<\/p>\n\n\n\n<h2 class=\"wp-block-heading\">Navegando por el men\u00fa de \u201cSessions\u201d<\/h2>\n\n\n\n<p>Para abrir el men\u00fa de Sessions, haz clic en <strong>\u201cSessions\u201d (1)<\/strong>. Luego, aseg\u00farate de que los datos de la sesi\u00f3n est\u00e9n mostrando informaci\u00f3n para el jugador correcto: haz clic en el <strong>icono del apodo del jugador (2)<\/strong> y selecciona el jugador deseado.<\/p>\n\n\n\n<figure class=\"wp-block-image size-large\"><img loading=\"lazy\" decoding=\"async\" width=\"1024\" height=\"576\" src=\"http:\/\/hand2noteguide.com\/wp-content\/uploads\/2025\/05\/\u0411\u0435\u0437-\u0438\u043c\u0435567\u043d\u0438-1-1024x576.jpg\" alt=\"\" class=\"wp-image-11094\" srcset=\"https:\/\/hand2noteguide.com\/wp-content\/uploads\/2025\/05\/\u0411\u0435\u0437-\u0438\u043c\u0435567\u043d\u0438-1-1024x576.jpg 1024w, https:\/\/hand2noteguide.com\/wp-content\/uploads\/2025\/05\/\u0411\u0435\u0437-\u0438\u043c\u0435567\u043d\u0438-1-300x169.jpg 300w, https:\/\/hand2noteguide.com\/wp-content\/uploads\/2025\/05\/\u0411\u0435\u0437-\u0438\u043c\u0435567\u043d\u0438-1-768x432.jpg 768w, https:\/\/hand2noteguide.com\/wp-content\/uploads\/2025\/05\/\u0411\u0435\u0437-\u0438\u043c\u0435567\u043d\u0438-1-1536x864.jpg 1536w, https:\/\/hand2noteguide.com\/wp-content\/uploads\/2025\/05\/\u0411\u0435\u0437-\u0438\u043c\u0435567\u043d\u0438-1-772x434.jpg 772w, https:\/\/hand2noteguide.com\/wp-content\/uploads\/2025\/05\/\u0411\u0435\u0437-\u0438\u043c\u0435567\u043d\u0438-1-624x351.jpg 624w, https:\/\/hand2noteguide.com\/wp-content\/uploads\/2025\/05\/\u0411\u0435\u0437-\u0438\u043c\u0435567\u043d\u0438-1.jpg 1920w\" sizes=\"auto, (max-width: 1024px) 100vw, 1024px\" \/><\/figure>\n\n\n\n<p>Tambi\u00e9n puedes seleccionar el <strong>per\u00edodo de tiempo<\/strong> deseado para la lista de sesiones haciendo clic en <strong>\u201cAll Time\u201d (3)<\/strong> y eligiendo el per\u00edodo que necesitas. Puedes filtrar por <strong>tipo de juego<\/strong> en el men\u00fa desplegable despu\u00e9s de hacer clic en <strong>\u201cCash\u201d<\/strong> (o <strong>\u201cTournament\u201d<\/strong>) <strong>(4)<\/strong>. Hacer clic en el <strong>icono de engranaje (5)<\/strong> te permite personalizar las <strong>columnas visibles<\/strong> en la lista de sesiones <strong>(6)<\/strong>. Hacer clic en cualquier sesi\u00f3n de la lista <strong>(6)<\/strong> abrir\u00e1 informaci\u00f3n detallada en el lado derecho: estad\u00edsticas generales con un <strong>gr\u00e1fico de ganancias\/p\u00e9rdidas (7)<\/strong> y la <strong>lista de manos (8)<\/strong>.<\/p>\n\n\n\n<p>Al <strong>hacer clic izquierdo (1)<\/strong> en cualquier mano de la lista, aparecer\u00e1 una <strong>vista detallada (2)<\/strong> de la mano en el lado derecho.<\/p>\n\n\n\n<figure class=\"wp-block-image size-large\"><img loading=\"lazy\" decoding=\"async\" width=\"1024\" height=\"700\" src=\"http:\/\/hand2noteguide.com\/wp-content\/uploads\/2025\/05\/\u0411\u0435\u0437-\u0438\u043c\u0435\u0432\u0430\u043f\u043d\u0438-2-1024x700.jpg\" alt=\"\" class=\"wp-image-11104\" srcset=\"https:\/\/hand2noteguide.com\/wp-content\/uploads\/2025\/05\/\u0411\u0435\u0437-\u0438\u043c\u0435\u0432\u0430\u043f\u043d\u0438-2-1024x700.jpg 1024w, https:\/\/hand2noteguide.com\/wp-content\/uploads\/2025\/05\/\u0411\u0435\u0437-\u0438\u043c\u0435\u0432\u0430\u043f\u043d\u0438-2-300x205.jpg 300w, https:\/\/hand2noteguide.com\/wp-content\/uploads\/2025\/05\/\u0411\u0435\u0437-\u0438\u043c\u0435\u0432\u0430\u043f\u043d\u0438-2-768x525.jpg 768w, https:\/\/hand2noteguide.com\/wp-content\/uploads\/2025\/05\/\u0411\u0435\u0437-\u0438\u043c\u0435\u0432\u0430\u043f\u043d\u0438-2-1536x1051.jpg 1536w, https:\/\/hand2noteguide.com\/wp-content\/uploads\/2025\/05\/\u0411\u0435\u0437-\u0438\u043c\u0435\u0432\u0430\u043f\u043d\u0438-2-772x528.jpg 772w, https:\/\/hand2noteguide.com\/wp-content\/uploads\/2025\/05\/\u0411\u0435\u0437-\u0438\u043c\u0435\u0432\u0430\u043f\u043d\u0438-2-624x427.jpg 624w, https:\/\/hand2noteguide.com\/wp-content\/uploads\/2025\/05\/\u0411\u0435\u0437-\u0438\u043c\u0435\u0432\u0430\u043f\u043d\u0438-2.jpg 1908w\" sizes=\"auto, (max-width: 1024px) 100vw, 1024px\" \/><\/figure>\n\n\n\n<p>Adem\u00e1s, si <strong>haces clic derecho<\/strong> en cualquier mano de la lista, aparecer\u00e1 un men\u00fa contextual con las siguientes opciones:<\/p>\n\n\n\n<ul class=\"wp-block-list\">\n<li><strong>\u201cOpen in Replayer\u201d (3)<\/strong> \u2013 ver la mano en el replayer;<\/li>\n\n\n\n<li><strong>\u201cShow Hand Details\u201d (4)<\/strong> \u2013 abrir los detalles de la mano en una ventana separada;<\/li>\n\n\n\n<li><strong>\u201cAdd to Player Note\u201d (5)<\/strong> \u2013 a\u00f1adir una nota sobre cualquier jugador involucrado en la mano seleccionada;<\/li>\n\n\n\n<li><strong>\u201cMark Hand\u201d (6)<\/strong> \u2013 <a href=\"https:\/\/hand2noteguide.com\/es\/user-manual\/marking-hands-in-hand2note\/\">marcar la mano<\/a> sin usar etiquetas;<\/li>\n\n\n\n<li><strong>\u201cMark Hand With Tags\u2026\u201d (7)<\/strong> \u2013 marcar la mano con una etiqueta seleccionada;<\/li>\n\n\n\n<li><strong>\u201cCopy Hand History\u201d (8)<\/strong> \u2013 copiar el historial de la mano como texto al portapapeles;<\/li>\n\n\n\n<li><strong>\u201cShow Hand History\u201d (9)<\/strong> \u2013 abrir el historial de la mano como texto plano;<\/li>\n\n\n\n<li><strong>\u201cExport Hands\u201d (10)<\/strong> \u2013 exportar todas las manos de la sesi\u00f3n seleccionada.<\/li>\n<\/ul>\n\n\n\n<h2 class=\"wp-block-heading\">Configurando el tiempo de descanso de la sesi\u00f3n<\/h2>\n\n\n\n<p>Hand2Note considera que una sesi\u00f3n comienza cuando el jugador se sienta en la mesa, y termina cuando deja todas las mesas y permanece inactivo durante un per\u00edodo de tiempo establecido (sin sentarse en ninguna mesa).<\/p>\n\n\n\n<p>Por defecto, Hand2Note establece este <strong>per\u00edodo de inactividad<\/strong> en <strong>diez minutos<\/strong>, pero puedes cambiarlo a cualquier valor que te convenga.<\/p>\n\n\n\n<figure class=\"wp-block-image size-large\"><img loading=\"lazy\" decoding=\"async\" width=\"1024\" height=\"576\" src=\"http:\/\/hand2noteguide.com\/wp-content\/uploads\/2025\/05\/\u0411\u0435\u0437-\u0438\u043c\u0435\u044b\u0444\u0432\u0444\u044b\u0432\u0444\u043d\u0438-3-1024x576.jpg\" alt=\"\" class=\"wp-image-11109\" srcset=\"https:\/\/hand2noteguide.com\/wp-content\/uploads\/2025\/05\/\u0411\u0435\u0437-\u0438\u043c\u0435\u044b\u0444\u0432\u0444\u044b\u0432\u0444\u043d\u0438-3-1024x576.jpg 1024w, https:\/\/hand2noteguide.com\/wp-content\/uploads\/2025\/05\/\u0411\u0435\u0437-\u0438\u043c\u0435\u044b\u0444\u0432\u0444\u044b\u0432\u0444\u043d\u0438-3-300x169.jpg 300w, https:\/\/hand2noteguide.com\/wp-content\/uploads\/2025\/05\/\u0411\u0435\u0437-\u0438\u043c\u0435\u044b\u0444\u0432\u0444\u044b\u0432\u0444\u043d\u0438-3-768x432.jpg 768w, https:\/\/hand2noteguide.com\/wp-content\/uploads\/2025\/05\/\u0411\u0435\u0437-\u0438\u043c\u0435\u044b\u0444\u0432\u0444\u044b\u0432\u0444\u043d\u0438-3-1536x864.jpg 1536w, https:\/\/hand2noteguide.com\/wp-content\/uploads\/2025\/05\/\u0411\u0435\u0437-\u0438\u043c\u0435\u044b\u0444\u0432\u0444\u044b\u0432\u0444\u043d\u0438-3-772x434.jpg 772w, https:\/\/hand2noteguide.com\/wp-content\/uploads\/2025\/05\/\u0411\u0435\u0437-\u0438\u043c\u0435\u044b\u0444\u0432\u0444\u044b\u0432\u0444\u043d\u0438-3-624x351.jpg 624w, https:\/\/hand2noteguide.com\/wp-content\/uploads\/2025\/05\/\u0411\u0435\u0437-\u0438\u043c\u0435\u044b\u0444\u0432\u0444\u044b\u0432\u0444\u043d\u0438-3.jpg 1920w\" sizes=\"auto, (max-width: 1024px) 100vw, 1024px\" \/><\/figure>\n\n\n\n<p>Para hacer esto:<\/p>\n\n\n\n<ol class=\"wp-block-list\" start=\"1\">\n<li>En la ventana principal de Hand2Note, ve a <strong>\u201cConfiguration\u201d (1)<\/strong><\/li>\n\n\n\n<li>Abre la secci\u00f3n <strong>\u201cOther\u201d (2)<\/strong><\/li>\n\n\n\n<li>Encuentra la configuraci\u00f3n <strong>\u201cMax break between sessions (minutes)\u201d (3)<\/strong> e ingresa el valor deseado (en minutos)<\/li>\n<\/ol>\n","protected":false},"excerpt":{"rendered":"<p>Hand2Note te permite ver tus resultados en el formato de sesiones de juego, tanto durante el juego como despu\u00e9s de que la sesi\u00f3n termina. La secci\u00f3n de Sessions muestra m\u00e9tricas clave del juego para la sesi\u00f3n, como: Win Rate EV, n\u00famero de manos jugadas, duraci\u00f3n de la sesi\u00f3n y muchas otras. Esta funci\u00f3n es \u00fatil &hellip; <a href=\"https:\/\/hand2noteguide.com\/es\/user-manual\/hand2note-sessions\/\" class=\"more-link\">Continue reading <span class=\"screen-reader-text\">Herramienta &#8220;Sessions&#8221; en Hand2Note<\/span><\/a><\/p>\n","protected":false},"author":3,"featured_media":11062,"parent":9199,"menu_order":0,"comment_status":"closed","ping_status":"closed","template":"","meta":{"footnotes":""},"class_list":["post-11059","page","type-page","status-publish","has-post-thumbnail","hentry"],"translation":{"provider":"WPGlobus","version":"3.0.2","language":"es","enabled_languages":["en","ru","pt","zh","es","fr","de","it","ja"],"languages":{"en":{"title":true,"content":true,"excerpt":false},"ru":{"title":true,"content":true,"excerpt":false},"pt":{"title":true,"content":true,"excerpt":false},"zh":{"title":true,"content":true,"excerpt":false},"es":{"title":true,"content":true,"excerpt":false},"fr":{"title":true,"content":true,"excerpt":false},"de":{"title":true,"content":true,"excerpt":false},"it":{"title":true,"content":true,"excerpt":false},"ja":{"title":true,"content":true,"excerpt":false}}},"yoast_head":"<!-- This site is optimized with the Yoast SEO plugin v27.0 - https:\/\/yoast.com\/product\/yoast-seo-wordpress\/ -->\n<title>Herramienta &quot;Sessions&quot; en Hand2Note<\/title>\n<meta name=\"description\" content=\"Visualiza y analiza los resultados de tus sesiones de p\u00f3ker en Hand2Note. Aprende a navegar por la herramienta Sessions para seguir estad\u00edsticas clave y mejorar tu proceso de revisi\u00f3n de juego.\" \/>\n<meta name=\"robots\" content=\"index, follow, max-snippet:-1, max-image-preview:large, max-video-preview:-1\" \/>\n<link rel=\"canonical\" href=\"https:\/\/hand2noteguide.com\/user-manual\/hand2note-sessions\/\" \/>\n<meta property=\"og:locale\" content=\"es_ES\" \/>\n<meta property=\"og:type\" content=\"article\" \/>\n<meta property=\"og:title\" content=\"Herramienta &quot;Sessions&quot; en Hand2Note\" \/>\n<meta property=\"og:description\" content=\"Visualiza y analiza los resultados de tus sesiones de p\u00f3ker en Hand2Note. Aprende a navegar por la herramienta Sessions para seguir estad\u00edsticas clave y mejorar tu proceso de revisi\u00f3n de juego.\" \/>\n<meta property=\"og:url\" content=\"https:\/\/hand2noteguide.com\/user-manual\/hand2note-sessions\/\" \/>\n<meta property=\"og:site_name\" content=\"Hand2Note Guide\" \/>\n<meta property=\"article:modified_time\" content=\"2026-03-10T08:26:40+00:00\" \/>\n<meta property=\"og:image\" content=\"https:\/\/hand2noteguide.com\/wp-content\/uploads\/2025\/05\/\u0411\u0435\u0437-\u0438\u043c\u0435\u043d\u0438-1-2.jpg\" \/>\n\t<meta property=\"og:image:width\" content=\"1907\" \/>\n\t<meta property=\"og:image:height\" content=\"1022\" \/>\n\t<meta property=\"og:image:type\" content=\"image\/jpeg\" \/>\n<meta name=\"twitter:card\" content=\"summary_large_image\" \/>\n<meta name=\"twitter:label1\" content=\"Est. reading time\" \/>\n\t<meta name=\"twitter:data1\" content=\"14 minutes\" \/>\n<!-- \/ Yoast SEO plugin. -->","yoast_head_json":{"title":"Herramienta \"Sessions\" en Hand2Note","description":"Visualiza y analiza los resultados de tus sesiones de p\u00f3ker en Hand2Note. Aprende a navegar por la herramienta Sessions para seguir estad\u00edsticas clave y mejorar tu proceso de revisi\u00f3n de juego.","robots":{"index":"index","follow":"follow","max-snippet":"max-snippet:-1","max-image-preview":"max-image-preview:large","max-video-preview":"max-video-preview:-1"},"canonical":"https:\/\/hand2noteguide.com\/user-manual\/hand2note-sessions\/","og_locale":"es_ES","og_type":"article","og_title":"Herramienta \"Sessions\" en Hand2Note","og_description":"Visualiza y analiza los resultados de tus sesiones de p\u00f3ker en Hand2Note. Aprende a navegar por la herramienta Sessions para seguir estad\u00edsticas clave y mejorar tu proceso de revisi\u00f3n de juego.","og_url":"https:\/\/hand2noteguide.com\/user-manual\/hand2note-sessions\/","og_site_name":"Hand2Note Guide","article_modified_time":"2026-03-10T08:26:40+00:00","og_image":[{"width":1907,"height":1022,"url":"https:\/\/hand2noteguide.com\/wp-content\/uploads\/2025\/05\/\u0411\u0435\u0437-\u0438\u043c\u0435\u043d\u0438-1-2.jpg","type":"image\/jpeg"}],"twitter_card":"summary_large_image","twitter_misc":{"Est. reading time":"14 minutes"},"schema":{"@context":"https:\/\/schema.org","@graph":[]}},"jetpack_sharing_enabled":true,"_links":{"self":[{"href":"https:\/\/hand2noteguide.com\/es\/wp-json\/wp\/v2\/pages\/11059","targetHints":{"allow":["GET"]}}],"collection":[{"href":"https:\/\/hand2noteguide.com\/es\/wp-json\/wp\/v2\/pages"}],"about":[{"href":"https:\/\/hand2noteguide.com\/es\/wp-json\/wp\/v2\/types\/page"}],"author":[{"embeddable":true,"href":"https:\/\/hand2noteguide.com\/es\/wp-json\/wp\/v2\/users\/3"}],"replies":[{"embeddable":true,"href":"https:\/\/hand2noteguide.com\/es\/wp-json\/wp\/v2\/comments?post=11059"}],"version-history":[{"count":31,"href":"https:\/\/hand2noteguide.com\/es\/wp-json\/wp\/v2\/pages\/11059\/revisions"}],"predecessor-version":[{"id":15627,"href":"https:\/\/hand2noteguide.com\/es\/wp-json\/wp\/v2\/pages\/11059\/revisions\/15627"}],"up":[{"embeddable":true,"href":"https:\/\/hand2noteguide.com\/es\/wp-json\/wp\/v2\/pages\/9199"}],"wp:featuredmedia":[{"embeddable":true,"href":"https:\/\/hand2noteguide.com\/es\/wp-json\/wp\/v2\/media\/11062"}],"wp:attachment":[{"href":"https:\/\/hand2noteguide.com\/es\/wp-json\/wp\/v2\/media?parent=11059"}],"curies":[{"name":"wp","href":"https:\/\/api.w.org\/{rel}","templated":true}]}}