{"id":11131,"date":"2025-05-14T13:24:23","date_gmt":"2025-05-14T10:24:23","guid":{"rendered":"https:\/\/hand2noteguide.com\/?page_id=11131"},"modified":"2026-03-10T11:27:47","modified_gmt":"2026-03-10T08:27:47","slug":"the-use-and-possibilities-of-notes-in-hand2note","status":"publish","type":"page","link":"https:\/\/hand2noteguide.com\/es\/user-manual\/the-use-and-possibilities-of-notes-in-hand2note\/","title":{"rendered":"Usar notas en Hand2Note"},"content":{"rendered":"\n<p>Hand2Note te permite escribir notas (comentarios) sobre cada jugador en forma de texto o plantillas. Tambi\u00e9n puedes incluir cualquier mano jugada en ellas.<\/p>\n\n\n\n<p>Esta funci\u00f3n te permite tomar notas sobre los jugadores, lo que ayudar\u00e1 a tomar decisiones durante una mano.<\/p>\n\n\n\n<h2 class=\"wp-block-heading\">C\u00f3mo hacer una nota sobre un oponente en la mesa<\/h2>\n\n\n\n<p>Para a\u00f1adir una nota sobre un oponente, encuentra el icono de notas (1) en el HUD y pasa el cursor sobre \u00e9l.<\/p>\n\n\n\n<figure class=\"wp-block-image size-large\"><img loading=\"lazy\" decoding=\"async\" width=\"1024\" height=\"793\" src=\"http:\/\/hand2noteguide.com\/wp-content\/uploads\/2025\/05\/\u0411\u0435\u0437-\u0438\u043c\u0435\u043d\u0438-1-3-1024x793.jpg\" alt=\"\" class=\"wp-image-11139\" srcset=\"https:\/\/hand2noteguide.com\/wp-content\/uploads\/2025\/05\/\u0411\u0435\u0437-\u0438\u043c\u0435\u043d\u0438-1-3-1024x793.jpg 1024w, https:\/\/hand2noteguide.com\/wp-content\/uploads\/2025\/05\/\u0411\u0435\u0437-\u0438\u043c\u0435\u043d\u0438-1-3-300x232.jpg 300w, https:\/\/hand2noteguide.com\/wp-content\/uploads\/2025\/05\/\u0411\u0435\u0437-\u0438\u043c\u0435\u043d\u0438-1-3-768x594.jpg 768w, https:\/\/hand2noteguide.com\/wp-content\/uploads\/2025\/05\/\u0411\u0435\u0437-\u0438\u043c\u0435\u043d\u0438-1-3-772x598.jpg 772w, https:\/\/hand2noteguide.com\/wp-content\/uploads\/2025\/05\/\u0411\u0435\u0437-\u0438\u043c\u0435\u043d\u0438-1-3-624x483.jpg 624w, https:\/\/hand2noteguide.com\/wp-content\/uploads\/2025\/05\/\u0411\u0435\u0437-\u0438\u043c\u0435\u043d\u0438-1-3.jpg 1053w\" sizes=\"auto, (max-width: 1024px) 100vw, 1024px\" \/><figcaption class=\"wp-element-caption\">El ejemplo utiliza el paquete de estad\u00edsticas, popups y HUD: &#8220;<a href=\"https:\/\/www.hudstore.poker\/products\/exploit-hud-facilitated\" target=\"_blank\" rel=\"noreferrer noopener\">Exploit HUD Facilitated<\/a>&#8220;.<\/figcaption><\/figure>\n\n\n\n<p>Cuando pases el cursor, aparecer\u00e1 una ventana donde puedes:<\/p>\n\n\n\n<ul class=\"wp-block-list\">\n<li>Escribir una nota sobre el jugador (2);<\/li>\n\n\n\n<li>A\u00f1adir una nota desde plantillas de notas (3);<\/li>\n\n\n\n<li>A\u00f1adir la \u00faltima mano jugada por el oponente en la mesa a la lista de notas (4);<\/li>\n\n\n\n<li>A\u00f1adir una nota desde plantillas y la \u00faltima mano jugada por el oponente en la mesa juntas, en una l\u00ednea de la lista de notas (5).<\/li>\n<\/ul>\n\n\n\n<p>Despu\u00e9s de a\u00f1adir notas, puedes verlas en cualquier momento. Para hacerlo, pasa el cursor sobre el icono de notas en el HUD (1) sobre el jugador al que previamente escribiste notas.<\/p>\n\n\n\n<p><em>Si hay notas escritas sobre un jugador, aparecer\u00e1 una peque\u00f1a imagen de un l\u00e1piz en el icono de notas.<\/em><\/p>\n\n\n\n<figure class=\"wp-block-image size-large\"><img loading=\"lazy\" decoding=\"async\" width=\"1024\" height=\"742\" src=\"http:\/\/hand2noteguide.com\/wp-content\/uploads\/2025\/05\/NUTS1-1-1024x742.jpg\" alt=\"\" class=\"wp-image-11236\" srcset=\"https:\/\/hand2noteguide.com\/wp-content\/uploads\/2025\/05\/NUTS1-1-1024x742.jpg 1024w, https:\/\/hand2noteguide.com\/wp-content\/uploads\/2025\/05\/NUTS1-1-300x217.jpg 300w, https:\/\/hand2noteguide.com\/wp-content\/uploads\/2025\/05\/NUTS1-1-768x557.jpg 768w, https:\/\/hand2noteguide.com\/wp-content\/uploads\/2025\/05\/NUTS1-1-772x560.jpg 772w, https:\/\/hand2noteguide.com\/wp-content\/uploads\/2025\/05\/NUTS1-1-624x452.jpg 624w, https:\/\/hand2noteguide.com\/wp-content\/uploads\/2025\/05\/NUTS1-1.jpg 1145w\" sizes=\"auto, (max-width: 1024px) 100vw, 1024px\" \/><\/figure>\n\n\n\n<p>Luego, en la ventana emergente, puedes ver:<\/p>\n\n\n\n<ul class=\"wp-block-list\">\n<li>La \u00faltima mano jugada por el jugador y la plantilla de nota a\u00f1adida (2);<\/li>\n\n\n\n<li>La \u00faltima mano jugada por el jugador a\u00f1adida (3);<\/li>\n\n\n\n<li>La nota a\u00f1adida o la nota a\u00f1adida desde plantillas de notas (4).<\/li>\n<\/ul>\n\n\n\n<p>Para eliminar notas a\u00f1adidas, haz clic derecho (bot\u00f3n derecho del rat\u00f3n) sobre cualquier nota a\u00f1adida en la lista de notas y selecciona &#8220;Eliminar nota&#8221; (o &#8220;Eliminar mano&#8221; si est\u00e1s eliminando una mano a\u00f1adida de la lista de notas).<\/p>\n\n\n\n<h3 class=\"wp-block-heading\">C\u00f3mo escribir plantillas en la lista de plantillas de notas<\/h3>\n\n\n\n<p>Encuentra el icono de notas (1) en el HUD y pasa el cursor sobre \u00e9l.<\/p>\n\n\n\n<figure class=\"wp-block-image size-large\"><img loading=\"lazy\" decoding=\"async\" width=\"1024\" height=\"824\" src=\"http:\/\/hand2noteguide.com\/wp-content\/uploads\/2025\/05\/\u0411\u0435\u0437-\u0438\u043c\u0435\u043d\u0444\u044b\u0432\u0438-1-1024x824.jpg\" alt=\"\" class=\"wp-image-11159\" srcset=\"https:\/\/hand2noteguide.com\/wp-content\/uploads\/2025\/05\/\u0411\u0435\u0437-\u0438\u043c\u0435\u043d\u0444\u044b\u0432\u0438-1-1024x824.jpg 1024w, https:\/\/hand2noteguide.com\/wp-content\/uploads\/2025\/05\/\u0411\u0435\u0437-\u0438\u043c\u0435\u043d\u0444\u044b\u0432\u0438-1-300x242.jpg 300w, https:\/\/hand2noteguide.com\/wp-content\/uploads\/2025\/05\/\u0411\u0435\u0437-\u0438\u043c\u0435\u043d\u0444\u044b\u0432\u0438-1-768x618.jpg 768w, https:\/\/hand2noteguide.com\/wp-content\/uploads\/2025\/05\/\u0411\u0435\u0437-\u0438\u043c\u0435\u043d\u0444\u044b\u0432\u0438-1-772x621.jpg 772w, https:\/\/hand2noteguide.com\/wp-content\/uploads\/2025\/05\/\u0411\u0435\u0437-\u0438\u043c\u0435\u043d\u0444\u044b\u0432\u0438-1-624x502.jpg 624w, https:\/\/hand2noteguide.com\/wp-content\/uploads\/2025\/05\/\u0411\u0435\u0437-\u0438\u043c\u0435\u043d\u0444\u044b\u0432\u0438-1.jpg 1036w\" sizes=\"auto, (max-width: 1024px) 100vw, 1024px\" \/><\/figure>\n\n\n\n<p>En la ventana emergente, selecciona &#8220;+ Plantilla&#8221; (2) y luego &#8220;+ Crear plantilla&#8221; (3). Luego ingresa el texto de la plantilla de nota y haz clic en &#8220;CREAR&#8221; para guardarla.<\/p>\n\n\n\n<p>Despu\u00e9s de crear una plantilla de nota, se puede encontrar en la lista de plantillas y a\u00f1adir a un jugador.<\/p>\n\n\n\n<figure class=\"wp-block-image size-large\"><img loading=\"lazy\" decoding=\"async\" width=\"1024\" height=\"803\" src=\"http:\/\/hand2noteguide.com\/wp-content\/uploads\/2025\/05\/NUTS3-1-1024x803.jpg\" alt=\"\" class=\"wp-image-11232\" srcset=\"https:\/\/hand2noteguide.com\/wp-content\/uploads\/2025\/05\/NUTS3-1-1024x803.jpg 1024w, https:\/\/hand2noteguide.com\/wp-content\/uploads\/2025\/05\/NUTS3-1-300x235.jpg 300w, https:\/\/hand2noteguide.com\/wp-content\/uploads\/2025\/05\/NUTS3-1-768x602.jpg 768w, https:\/\/hand2noteguide.com\/wp-content\/uploads\/2025\/05\/NUTS3-1-772x606.jpg 772w, https:\/\/hand2noteguide.com\/wp-content\/uploads\/2025\/05\/NUTS3-1-624x489.jpg 624w, https:\/\/hand2noteguide.com\/wp-content\/uploads\/2025\/05\/NUTS3-1.jpg 1053w\" sizes=\"auto, (max-width: 1024px) 100vw, 1024px\" \/><\/figure>\n\n\n\n<p><em>Al crear plantillas de notas a trav\u00e9s del HUD o popup para un jugador, tambi\u00e9n ser\u00e1n visibles y estar\u00e1n disponibles para su uso con otros jugadores.<\/em><\/p>\n\n\n\n<h3 class=\"wp-block-heading\">Capacidad para crear, editar o a\u00f1adir notas a trav\u00e9s de un popup en un jugador<\/h3>\n\n\n\n<p>Hand2Note te permite ingresar y editar notas o sus plantillas a trav\u00e9s de popups en jugadores, al igual que a trav\u00e9s de HUDs.<\/p>\n\n\n\n<p>Para hacerlo, en el popup abierto sobre un jugador, encuentra la etiqueta &#8220;Notas&#8221; (1) y haz clic en ella. En el \u00e1rea (2), puedes ver las notas a\u00f1adidas, as\u00ed como editar la lista como se muestra arriba, usando las mismas acciones que a trav\u00e9s de ventanas HUD.<\/p>\n\n\n\n<figure class=\"wp-block-image size-full\"><img loading=\"lazy\" decoding=\"async\" width=\"828\" height=\"625\" src=\"http:\/\/hand2noteguide.com\/wp-content\/uploads\/2025\/05\/NUTS2-1.jpg\" alt=\"\" class=\"wp-image-11234\" srcset=\"https:\/\/hand2noteguide.com\/wp-content\/uploads\/2025\/05\/NUTS2-1.jpg 828w, https:\/\/hand2noteguide.com\/wp-content\/uploads\/2025\/05\/NUTS2-1-300x226.jpg 300w, https:\/\/hand2noteguide.com\/wp-content\/uploads\/2025\/05\/NUTS2-1-768x580.jpg 768w, https:\/\/hand2noteguide.com\/wp-content\/uploads\/2025\/05\/NUTS2-1-772x583.jpg 772w, https:\/\/hand2noteguide.com\/wp-content\/uploads\/2025\/05\/NUTS2-1-624x471.jpg 624w\" sizes=\"auto, (max-width: 828px) 100vw, 828px\" \/><\/figure>\n\n\n\n<h3 class=\"wp-block-heading\">A\u00f1adir una nota sobre una estad\u00edstica<\/h3>\n\n\n\n<p>En Hand2Note, puedes a\u00f1adir notas no solo sobre jugadores a trav\u00e9s de HUD o popup, sino tambi\u00e9n una nota sobre cualquier estad\u00edstica de un jugador a trav\u00e9s de la ventana emergente en la estad\u00edstica.<\/p>\n\n\n\n<p>Para hacerlo, en la ventana emergente abierta sobre la estad\u00edstica, realiza cambios como se muestra arriba, usando las mismas acciones que a trav\u00e9s de ventanas HUD.<\/p>\n\n\n\n<figure class=\"wp-block-image size-full\"><img loading=\"lazy\" decoding=\"async\" width=\"617\" height=\"711\" src=\"http:\/\/hand2noteguide.com\/wp-content\/uploads\/2025\/05\/\u0411\u0435\u0437-\u0438\u0444\u044b\u0432\u0444\u044b\u0432\u043c\u0435\u043d\u0438-1.jpg\" alt=\"\" class=\"wp-image-11181\" srcset=\"https:\/\/hand2noteguide.com\/wp-content\/uploads\/2025\/05\/\u0411\u0435\u0437-\u0438\u0444\u044b\u0432\u0444\u044b\u0432\u043c\u0435\u043d\u0438-1.jpg 617w, https:\/\/hand2noteguide.com\/wp-content\/uploads\/2025\/05\/\u0411\u0435\u0437-\u0438\u0444\u044b\u0432\u0444\u044b\u0432\u043c\u0435\u043d\u0438-1-260x300.jpg 260w, https:\/\/hand2noteguide.com\/wp-content\/uploads\/2025\/05\/\u0411\u0435\u0437-\u0438\u0444\u044b\u0432\u0444\u044b\u0432\u043c\u0435\u043d\u0438-1-542x624.jpg 542w\" sizes=\"auto, (max-width: 617px) 100vw, 617px\" \/><\/figure>\n\n\n\n<p>Las notas ingresadas aparecer\u00e1n en el popup sobre la estad\u00edstica para ese jugador y en la estad\u00edstica donde las ingresaste.<\/p>\n\n\n\n<p><em>Adem\u00e1s, si se ingresa una nota sobre una estad\u00edstica, aparecer\u00e1 un peque\u00f1o punto en la ventana del HUD o popup junto a la estad\u00edstica misma, indicando la presencia de una nota.<\/em><\/p>\n\n\n\n<h2 class=\"wp-block-heading\">Editar la apariencia de las notas<\/h2>\n\n\n\n<p>Para abrir el men\u00fa de edici\u00f3n de apariencia de notas en la ventana principal de Hand2Note, encuentra la etiqueta &#8220;Configuraci\u00f3n&#8221; (1) y haz clic en ella. Luego selecciona el men\u00fa &#8220;Notas&#8221; (2).<\/p>\n\n\n\n<figure class=\"wp-block-image size-large\"><img loading=\"lazy\" decoding=\"async\" width=\"1024\" height=\"576\" src=\"http:\/\/hand2noteguide.com\/wp-content\/uploads\/2025\/05\/\u0411\u0435\u0437-\u0438\u043c\u0443\u043a\u0435\u0443\u043a\u0435\u0443\u043a\u0435\u0435\u043d\u0438-1-1024x576.jpg\" alt=\"\" class=\"wp-image-11178\" srcset=\"https:\/\/hand2noteguide.com\/wp-content\/uploads\/2025\/05\/\u0411\u0435\u0437-\u0438\u043c\u0443\u043a\u0435\u0443\u043a\u0435\u0443\u043a\u0435\u0435\u043d\u0438-1-1024x576.jpg 1024w, https:\/\/hand2noteguide.com\/wp-content\/uploads\/2025\/05\/\u0411\u0435\u0437-\u0438\u043c\u0443\u043a\u0435\u0443\u043a\u0435\u0443\u043a\u0435\u0435\u043d\u0438-1-300x169.jpg 300w, https:\/\/hand2noteguide.com\/wp-content\/uploads\/2025\/05\/\u0411\u0435\u0437-\u0438\u043c\u0443\u043a\u0435\u0443\u043a\u0435\u0443\u043a\u0435\u0435\u043d\u0438-1-768x432.jpg 768w, https:\/\/hand2noteguide.com\/wp-content\/uploads\/2025\/05\/\u0411\u0435\u0437-\u0438\u043c\u0443\u043a\u0435\u0443\u043a\u0435\u0443\u043a\u0435\u0435\u043d\u0438-1-1536x864.jpg 1536w, https:\/\/hand2noteguide.com\/wp-content\/uploads\/2025\/05\/\u0411\u0435\u0437-\u0438\u043c\u0443\u043a\u0435\u0443\u043a\u0435\u0443\u043a\u0435\u0435\u043d\u0438-1-772x434.jpg 772w, https:\/\/hand2noteguide.com\/wp-content\/uploads\/2025\/05\/\u0411\u0435\u0437-\u0438\u043c\u0443\u043a\u0435\u0443\u043a\u0435\u0443\u043a\u0435\u0435\u043d\u0438-1-624x351.jpg 624w, https:\/\/hand2noteguide.com\/wp-content\/uploads\/2025\/05\/\u0411\u0435\u0437-\u0438\u043c\u0443\u043a\u0435\u0443\u043a\u0435\u0443\u043a\u0435\u0435\u043d\u0438-1.jpg 1920w\" sizes=\"auto, (max-width: 1024px) 100vw, 1024px\" \/><\/figure>\n\n\n\n<p>En este men\u00fa, puedes:<\/p>\n\n\n\n<ul class=\"wp-block-list\">\n<li>Establecer el tama\u00f1o de fuente de las notas (3);<\/li>\n\n\n\n<li>Establecer el color de fuente de las notas (4);<\/li>\n\n\n\n<li>Establecer el tama\u00f1o de fuente de la fecha en que se ingresaron las notas (5);<\/li>\n\n\n\n<li>Establecer el color de fuente de la fecha en que se ingresaron las notas (6);<\/li>\n\n\n\n<li>Establecer el fondo de las notas (7);<\/li>\n\n\n\n<li>Establecer el color del indicador de nota en una estad\u00edstica (8).<\/li>\n<\/ul>\n\n\n\n<p>Todos los cambios realizados en este men\u00fa se pueden ver en el bloque de vista previa (9).<\/p>\n\n\n\n<h2 class=\"wp-block-heading\">Exportar e importar notas<\/h2>\n\n\n\n<p>Para exportar e importar notas a un nuevo dispositivo u otro Hand2Note, encuentra la etiqueta &#8220;Configuraci\u00f3n&#8221; (1) en el men\u00fa superior de la ventana de Hand2Note y haz clic en ella. Luego, en la lista desplegable, haz clic en &#8220;Exportar notas\u2026&#8221; (2). En la ventana abierta, especifica la ubicaci\u00f3n de guardado y el nombre del archivo de notas de Hand2Note (3), luego haz clic en &#8220;Guardar&#8221; (4).<\/p>\n\n\n\n<p><em>El archivo de notas, despu\u00e9s de su creaci\u00f3n, debe tener la extensi\u00f3n de archivo &#8220;.h2nnotes&#8221;.<\/em><\/p>\n\n\n\n<figure class=\"wp-block-image\"><img loading=\"lazy\" decoding=\"async\" width=\"1024\" height=\"576\" src=\"http:\/\/hand2noteguide.com\/wp-content\/uploads\/2025\/05\/\u0411\u0435\u0437-\u0438561313767\u043c\u0435\u043d\u0438-1-1024x576.jpg\" alt=\"\" class=\"wp-image-10869\" srcset=\"https:\/\/hand2noteguide.com\/wp-content\/uploads\/2025\/05\/\u0411\u0435\u0437-\u0438561313767\u043c\u0435\u043d\u0438-1-1024x576.jpg 1024w, https:\/\/hand2noteguide.com\/wp-content\/uploads\/2025\/05\/\u0411\u0435\u0437-\u0438561313767\u043c\u0435\u043d\u0438-1-300x169.jpg 300w, https:\/\/hand2noteguide.com\/wp-content\/uploads\/2025\/05\/\u0411\u0435\u0437-\u0438561313767\u043c\u0435\u043d\u0438-1-768x432.jpg 768w, https:\/\/hand2noteguide.com\/wp-content\/uploads\/2025\/05\/\u0411\u0435\u0437-\u0438561313767\u043c\u0435\u043d\u0438-1-1536x864.jpg 1536w, https:\/\/hand2noteguide.com\/wp-content\/uploads\/2025\/05\/\u0411\u0435\u0437-\u0438561313767\u043c\u0435\u043d\u0438-1-772x434.jpg 772w, https:\/\/hand2noteguide.com\/wp-content\/uploads\/2025\/05\/\u0411\u0435\u0437-\u0438561313767\u043c\u0435\u043d\u0438-1-624x351.jpg 624w, https:\/\/hand2noteguide.com\/wp-content\/uploads\/2025\/05\/\u0411\u0435\u0437-\u0438561313767\u043c\u0435\u043d\u0438-1.jpg 1920w\" sizes=\"auto, (max-width: 1024px) 100vw, 1024px\" \/><\/figure>\n\n\n\n<p>Para realizar la importaci\u00f3n de notas, encuentra la etiqueta &#8220;Configuraci\u00f3n&#8221; (5) en el men\u00fa superior de la ventana de Hand2Note y haz clic en ella. Luego, en la lista desplegable, haz clic en &#8220;Importar notas\u2026&#8221; (6). En la ventana abierta, encuentra la ubicaci\u00f3n de guardado del archivo de notas de Hand2Note (con la extensi\u00f3n de archivo &#8220;.h2nnotes&#8221;) y selecci\u00f3nalo (7), luego haz clic en &#8220;Abrir&#8221; (8).<\/p>\n\n\n\n<p>Ver tambi\u00e9n: <a href=\"https:\/\/hand2note.com\/Help\/Features\/notes\" target=\"_blank\" rel=\"noopener\">Manual oficial de Hand2Note: Usar notas<\/a>.<\/p>\n","protected":false},"excerpt":{"rendered":"<p>Hand2Note te permite escribir notas (comentarios) sobre cada jugador en forma de texto o plantillas. Tambi\u00e9n puedes incluir cualquier mano jugada en ellas. Esta funci\u00f3n te permite tomar notas sobre los jugadores, lo que ayudar\u00e1 a tomar decisiones durante una mano. C\u00f3mo hacer una nota sobre un oponente en la mesa Para a\u00f1adir una nota &hellip; <a href=\"https:\/\/hand2noteguide.com\/es\/user-manual\/the-use-and-possibilities-of-notes-in-hand2note\/\" class=\"more-link\">Continue reading <span class=\"screen-reader-text\">Usar notas en Hand2Note<\/span><\/a><\/p>\n","protected":false},"author":3,"featured_media":11133,"parent":9199,"menu_order":0,"comment_status":"closed","ping_status":"closed","template":"","meta":{"footnotes":""},"class_list":["post-11131","page","type-page","status-publish","has-post-thumbnail","hentry"],"translation":{"provider":"WPGlobus","version":"3.0.2","language":"es","enabled_languages":["en","ru","pt","zh","es","fr","de","it","ja"],"languages":{"en":{"title":true,"content":true,"excerpt":false},"ru":{"title":true,"content":true,"excerpt":false},"pt":{"title":true,"content":true,"excerpt":false},"zh":{"title":true,"content":true,"excerpt":false},"es":{"title":true,"content":true,"excerpt":false},"fr":{"title":true,"content":true,"excerpt":false},"de":{"title":true,"content":true,"excerpt":false},"it":{"title":true,"content":true,"excerpt":false},"ja":{"title":true,"content":true,"excerpt":false}}},"yoast_head":"<!-- This site is optimized with the Yoast SEO plugin v27.0 - https:\/\/yoast.com\/product\/yoast-seo-wordpress\/ -->\n<title>Domina las notas de jugadores en Hand2Note para mejorar tu juego<\/title>\n<meta name=\"description\" content=\"En Hand2Note, puedes escribir notas sobre cada jugador en forma de texto o plantillas. Tambi\u00e9n puedes incluir manos jugadas en ellas.\" \/>\n<meta name=\"robots\" content=\"index, follow, max-snippet:-1, max-image-preview:large, max-video-preview:-1\" \/>\n<link rel=\"canonical\" href=\"https:\/\/hand2noteguide.com\/user-manual\/the-use-and-possibilities-of-notes-in-hand2note\/\" \/>\n<meta property=\"og:locale\" content=\"es_ES\" \/>\n<meta property=\"og:type\" content=\"article\" \/>\n<meta property=\"og:title\" content=\"Domina las notas de jugadores en Hand2Note para mejorar tu juego\" \/>\n<meta property=\"og:description\" content=\"En Hand2Note, puedes escribir notas sobre cada jugador en forma de texto o plantillas. Tambi\u00e9n puedes incluir manos jugadas en ellas.\" \/>\n<meta property=\"og:url\" content=\"https:\/\/hand2noteguide.com\/user-manual\/the-use-and-possibilities-of-notes-in-hand2note\/\" \/>\n<meta property=\"og:site_name\" content=\"Hand2Note Guide\" \/>\n<meta property=\"article:modified_time\" content=\"2026-03-10T08:27:47+00:00\" \/>\n<meta property=\"og:image\" content=\"https:\/\/hand2noteguide.com\/wp-content\/uploads\/2025\/05\/fantasy-poker.jpg\" \/>\n\t<meta property=\"og:image:width\" content=\"1320\" \/>\n\t<meta property=\"og:image:height\" content=\"600\" \/>\n\t<meta property=\"og:image:type\" content=\"image\/jpeg\" \/>\n<meta name=\"twitter:card\" content=\"summary_large_image\" \/>\n<meta name=\"twitter:label1\" content=\"Est. reading time\" \/>\n\t<meta name=\"twitter:data1\" content=\"2 minutes\" \/>\n<!-- \/ Yoast SEO plugin. -->","yoast_head_json":{"title":"Domina las notas de jugadores en Hand2Note para mejorar tu juego","description":"En Hand2Note, puedes escribir notas sobre cada jugador en forma de texto o plantillas. Tambi\u00e9n puedes incluir manos jugadas en ellas.","robots":{"index":"index","follow":"follow","max-snippet":"max-snippet:-1","max-image-preview":"max-image-preview:large","max-video-preview":"max-video-preview:-1"},"canonical":"https:\/\/hand2noteguide.com\/user-manual\/the-use-and-possibilities-of-notes-in-hand2note\/","og_locale":"es_ES","og_type":"article","og_title":"Domina las notas de jugadores en Hand2Note para mejorar tu juego","og_description":"En Hand2Note, puedes escribir notas sobre cada jugador en forma de texto o plantillas. Tambi\u00e9n puedes incluir manos jugadas en ellas.","og_url":"https:\/\/hand2noteguide.com\/user-manual\/the-use-and-possibilities-of-notes-in-hand2note\/","og_site_name":"Hand2Note Guide","article_modified_time":"2026-03-10T08:27:47+00:00","og_image":[{"width":1320,"height":600,"url":"https:\/\/hand2noteguide.com\/wp-content\/uploads\/2025\/05\/fantasy-poker.jpg","type":"image\/jpeg"}],"twitter_card":"summary_large_image","twitter_misc":{"Est. reading time":"2 minutes"},"schema":{"@context":"https:\/\/schema.org","@graph":[]}},"jetpack_sharing_enabled":true,"_links":{"self":[{"href":"https:\/\/hand2noteguide.com\/es\/wp-json\/wp\/v2\/pages\/11131","targetHints":{"allow":["GET"]}}],"collection":[{"href":"https:\/\/hand2noteguide.com\/es\/wp-json\/wp\/v2\/pages"}],"about":[{"href":"https:\/\/hand2noteguide.com\/es\/wp-json\/wp\/v2\/types\/page"}],"author":[{"embeddable":true,"href":"https:\/\/hand2noteguide.com\/es\/wp-json\/wp\/v2\/users\/3"}],"replies":[{"embeddable":true,"href":"https:\/\/hand2noteguide.com\/es\/wp-json\/wp\/v2\/comments?post=11131"}],"version-history":[{"count":65,"href":"https:\/\/hand2noteguide.com\/es\/wp-json\/wp\/v2\/pages\/11131\/revisions"}],"predecessor-version":[{"id":15628,"href":"https:\/\/hand2noteguide.com\/es\/wp-json\/wp\/v2\/pages\/11131\/revisions\/15628"}],"up":[{"embeddable":true,"href":"https:\/\/hand2noteguide.com\/es\/wp-json\/wp\/v2\/pages\/9199"}],"wp:featuredmedia":[{"embeddable":true,"href":"https:\/\/hand2noteguide.com\/es\/wp-json\/wp\/v2\/media\/11133"}],"wp:attachment":[{"href":"https:\/\/hand2noteguide.com\/es\/wp-json\/wp\/v2\/media?parent=11131"}],"curies":[{"name":"wp","href":"https:\/\/api.w.org\/{rel}","templated":true}]}}