{"id":113,"date":"2018-07-30T03:04:27","date_gmt":"2018-07-30T00:04:27","guid":{"rendered":"https:\/\/h2n312.wordpress.com\/?page_id=113"},"modified":"2025-06-04T19:17:32","modified_gmt":"2025-06-04T16:17:32","slug":"hand2note-version","status":"publish","type":"page","link":"https:\/\/hand2noteguide.com\/es\/guide\/hand2note-version\/","title":{"rendered":"Versi\u00f3n utilizada. Actualizaci\u00f3n de Hand2Note."},"content":{"rendered":"\n<p>La informaci\u00f3n sobre la versi\u00f3n que est\u00e1s utilizando se muestra en la esquina inferior derecha del software. El historial de actualizaciones de Hand2Note y los m\u00f3dulos integrados se puede ver haciendo clic en el enlace &#8220;Updates&#8221;. En caso de que la inscripci\u00f3n no est\u00e9 marcada en rojo, actualmente no hay actualizaciones disponibles y est\u00e1s utilizando la \u00faltima versi\u00f3n del producto.<\/p>\n\n\n\n<figure class=\"wp-block-image\"><img loading=\"lazy\" decoding=\"async\" width=\"195\" height=\"52\" src=\"https:\/\/hand2noteguide.com\/wp-content\/uploads\/2019\/07\/hand2note-version-up-to-date.png\" alt=\"hand2note version up to date\" class=\"wp-image-1616\" \/><\/figure>\n\n\n\n<p>Si la inscripci\u00f3n est\u00e1 en rojo, entonces hay actualizaciones disponibles que se recomienda instalar.<\/p>\n\n\n\n<figure class=\"wp-block-image\"><img loading=\"lazy\" decoding=\"async\" width=\"223\" height=\"57\" src=\"https:\/\/hand2noteguide.com\/wp-content\/uploads\/2019\/07\/hand2note-version-update.png\" alt=\"hand2note version update\" class=\"wp-image-1618\" \/><\/figure>\n\n\n\n<p>Los m\u00f3dulos integrados se pueden actualizar independientemente en segundo plano, independientemente de la versi\u00f3n de software utilizada. Para ver cu\u00e1ndo se actualiz\u00f3 por \u00faltima vez el m\u00f3dulo para tu sala, ve a la carpeta <em>C:\/Program Files\/Hand2Note\/external\/x64<\/em> y observa las fechas de \u00faltima modificaci\u00f3n. Por ejemplo, en la captura de pantalla a continuaci\u00f3n, el m\u00f3dulo para PokerStars se actualiz\u00f3 por \u00faltima vez el 19 de junio de 2019.<\/p>\n\n\n\n<figure class=\"wp-block-image\"><img loading=\"lazy\" decoding=\"async\" width=\"863\" height=\"375\" src=\"https:\/\/hand2noteguide.com\/wp-content\/uploads\/2019\/07\/hand2note-modules-update.png\" alt=\"hand2note modules update date\" class=\"wp-image-1470\" srcset=\"https:\/\/hand2noteguide.com\/wp-content\/uploads\/2019\/07\/hand2note-modules-update.png 863w, https:\/\/hand2noteguide.com\/wp-content\/uploads\/2019\/07\/hand2note-modules-update-300x130.png 300w, https:\/\/hand2noteguide.com\/wp-content\/uploads\/2019\/07\/hand2note-modules-update-768x334.png 768w, https:\/\/hand2noteguide.com\/wp-content\/uploads\/2019\/07\/hand2note-modules-update-772x335.png 772w, https:\/\/hand2noteguide.com\/wp-content\/uploads\/2019\/07\/hand2note-modules-update-624x271.png 624w\" sizes=\"auto, (max-width: 863px) 100vw, 863px\" \/><\/figure>\n","protected":false},"excerpt":{"rendered":"<p>La informaci\u00f3n sobre la versi\u00f3n que est\u00e1s utilizando se muestra en la esquina inferior derecha del software. El historial de actualizaciones de Hand2Note y los m\u00f3dulos integrados se puede ver haciendo clic en el enlace &#8220;Updates&#8221;. En caso de que la inscripci\u00f3n no est\u00e9 marcada en rojo, actualmente no hay actualizaciones disponibles y est\u00e1s utilizando &hellip; <a href=\"https:\/\/hand2noteguide.com\/es\/guide\/hand2note-version\/\" class=\"more-link\">Continue reading <span class=\"screen-reader-text\">Versi\u00f3n utilizada. Actualizaci\u00f3n de Hand2Note.<\/span><\/a><\/p>\n","protected":false},"author":1,"featured_media":0,"parent":74,"menu_order":0,"comment_status":"closed","ping_status":"closed","template":"page-templates\/full-width-page.php","meta":{"footnotes":""},"class_list":["post-113","page","type-page","status-publish","hentry"],"translation":{"provider":"WPGlobus","version":"3.0.2","language":"es","enabled_languages":["en","ru","pt","zh","es","fr","de","it","ja"],"languages":{"en":{"title":true,"content":true,"excerpt":false},"ru":{"title":true,"content":true,"excerpt":false},"pt":{"title":true,"content":true,"excerpt":false},"zh":{"title":true,"content":true,"excerpt":false},"es":{"title":true,"content":true,"excerpt":false},"fr":{"title":true,"content":true,"excerpt":false},"de":{"title":true,"content":true,"excerpt":false},"it":{"title":true,"content":true,"excerpt":false},"ja":{"title":true,"content":true,"excerpt":false}}},"yoast_head":"<!-- This site is optimized with the Yoast SEO plugin v27.0 - https:\/\/yoast.com\/product\/yoast-seo-wordpress\/ -->\n<title>Verificaci\u00f3n de Versi\u00f3n de Hand2Note: Mantente Actualizado con las \u00daltimas Funciones<\/title>\n<meta name=\"description\" content=\"Verifica f\u00e1cilmente tu versi\u00f3n de Hand2Note. Aprende c\u00f3mo actualizar a las \u00faltimas funciones y aseg\u00farate de que tus m\u00f3dulos est\u00e9n actualizados para un rendimiento \u00f3ptimo.\" \/>\n<meta name=\"robots\" content=\"index, follow, max-snippet:-1, max-image-preview:large, max-video-preview:-1\" \/>\n<link rel=\"canonical\" href=\"https:\/\/hand2noteguide.com\/guide\/hand2note-version\/\" \/>\n<meta property=\"og:locale\" content=\"es_ES\" \/>\n<meta property=\"og:type\" content=\"article\" \/>\n<meta property=\"og:title\" content=\"Verificaci\u00f3n de Versi\u00f3n de Hand2Note: Mantente Actualizado con las \u00daltimas Funciones\" \/>\n<meta property=\"og:description\" content=\"Verifica f\u00e1cilmente tu versi\u00f3n de Hand2Note. Aprende c\u00f3mo actualizar a las \u00faltimas funciones y aseg\u00farate de que tus m\u00f3dulos est\u00e9n actualizados para un rendimiento \u00f3ptimo.\" \/>\n<meta property=\"og:url\" content=\"https:\/\/hand2noteguide.com\/guide\/hand2note-version\/\" \/>\n<meta property=\"og:site_name\" content=\"Hand2Note Guide\" \/>\n<meta property=\"article:modified_time\" content=\"2025-06-04T16:17:32+00:00\" \/>\n<meta property=\"og:image\" content=\"https:\/\/hand2noteguide.com\/wp-content\/uploads\/2019\/07\/hand2note-version-up-to-date.png\" \/>\n<meta name=\"twitter:card\" content=\"summary_large_image\" \/>\n<meta name=\"twitter:label1\" content=\"Est. reading time\" \/>\n\t<meta name=\"twitter:data1\" content=\"5 minutes\" \/>\n<!-- \/ Yoast SEO plugin. -->","yoast_head_json":{"title":"Verificaci\u00f3n de Versi\u00f3n de Hand2Note: Mantente Actualizado con las \u00daltimas Funciones","description":"Verifica f\u00e1cilmente tu versi\u00f3n de Hand2Note. Aprende c\u00f3mo actualizar a las \u00faltimas funciones y aseg\u00farate de que tus m\u00f3dulos est\u00e9n actualizados para un rendimiento \u00f3ptimo.","robots":{"index":"index","follow":"follow","max-snippet":"max-snippet:-1","max-image-preview":"max-image-preview:large","max-video-preview":"max-video-preview:-1"},"canonical":"https:\/\/hand2noteguide.com\/guide\/hand2note-version\/","og_locale":"es_ES","og_type":"article","og_title":"Verificaci\u00f3n de Versi\u00f3n de Hand2Note: Mantente Actualizado con las \u00daltimas Funciones","og_description":"Verifica f\u00e1cilmente tu versi\u00f3n de Hand2Note. Aprende c\u00f3mo actualizar a las \u00faltimas funciones y aseg\u00farate de que tus m\u00f3dulos est\u00e9n actualizados para un rendimiento \u00f3ptimo.","og_url":"https:\/\/hand2noteguide.com\/guide\/hand2note-version\/","og_site_name":"Hand2Note Guide","article_modified_time":"2025-06-04T16:17:32+00:00","og_image":[{"url":"https:\/\/hand2noteguide.com\/wp-content\/uploads\/2019\/07\/hand2note-version-up-to-date.png","type":"","width":"","height":""}],"twitter_card":"summary_large_image","twitter_misc":{"Est. reading time":"5 minutes"},"schema":{"@context":"https:\/\/schema.org","@graph":[]}},"jetpack_sharing_enabled":false,"_links":{"self":[{"href":"https:\/\/hand2noteguide.com\/es\/wp-json\/wp\/v2\/pages\/113","targetHints":{"allow":["GET"]}}],"collection":[{"href":"https:\/\/hand2noteguide.com\/es\/wp-json\/wp\/v2\/pages"}],"about":[{"href":"https:\/\/hand2noteguide.com\/es\/wp-json\/wp\/v2\/types\/page"}],"author":[{"embeddable":true,"href":"https:\/\/hand2noteguide.com\/es\/wp-json\/wp\/v2\/users\/1"}],"replies":[{"embeddable":true,"href":"https:\/\/hand2noteguide.com\/es\/wp-json\/wp\/v2\/comments?post=113"}],"version-history":[{"count":23,"href":"https:\/\/hand2noteguide.com\/es\/wp-json\/wp\/v2\/pages\/113\/revisions"}],"predecessor-version":[{"id":13557,"href":"https:\/\/hand2noteguide.com\/es\/wp-json\/wp\/v2\/pages\/113\/revisions\/13557"}],"up":[{"embeddable":true,"href":"https:\/\/hand2noteguide.com\/es\/wp-json\/wp\/v2\/pages\/74"}],"wp:attachment":[{"href":"https:\/\/hand2noteguide.com\/es\/wp-json\/wp\/v2\/media?parent=113"}],"curies":[{"name":"wp","href":"https:\/\/api.w.org\/{rel}","templated":true}]}}