{"id":11364,"date":"2025-05-21T17:15:08","date_gmt":"2025-05-21T14:15:08","guid":{"rendered":"https:\/\/hand2noteguide.com\/?page_id=11364"},"modified":"2026-03-10T11:28:33","modified_gmt":"2026-03-10T08:28:33","slug":"game-analysis-by-session-duration","status":"publish","type":"page","link":"https:\/\/hand2noteguide.com\/es\/user-manual\/game-analysis-by-session-duration\/","title":{"rendered":"Analizando el juego por duraci\u00f3n de sesi\u00f3n con Hand2Note"},"content":{"rendered":"\n<p>Como regla general, en cualquier actividad, las personas tienden a experimentar estados c\u00edclicos: desde el despertar hasta el \u00f3ptimo, desde el \u00f3ptimo hasta la fatiga. El p\u00f3ker no es una excepci\u00f3n.<\/p>\n\n\n\n<p>En este art\u00edculo, mostraremos c\u00f3mo un jugador puede usar Hand2Note para determinar el rango de tiempo \u00f3ptimo para la duraci\u00f3n de las sesiones.<\/p>\n\n\n\n<h2 class=\"wp-block-heading\">Determinando la duraci\u00f3n \u00f3ptima de la sesi\u00f3n por tiempo<\/h2>\n\n\n\n<div class=\"wp-block-group\"><div class=\"wp-block-group__inner-container is-layout-constrained wp-block-group-is-layout-constrained\">\n<p>Nuestro indicador ser\u00e1 el resultado en WinRate EV, bb\/100, para sesiones que duren:<\/p>\n\n\n\n<ul class=\"wp-block-list\">\n<li>de 1 a 2 horas;<\/li>\n\n\n\n<li>de 2 a 3 horas;<\/li>\n\n\n\n<li>de 3 a 4 horas;<\/li>\n\n\n\n<li>de 4 a 5 horas;<\/li>\n\n\n\n<li>de 5 a 6 horas;<\/li>\n\n\n\n<li>de 6 a 7 horas;<\/li>\n\n\n\n<li>de 7 a 8 horas;<\/li>\n\n\n\n<li>de 8 a 9 horas;<\/li>\n\n\n\n<li>de 9 a 10 horas.<\/li>\n<\/ul>\n\n\n\n<h3 class=\"wp-block-heading\">Generando un informe de duraci\u00f3n de sesi\u00f3n en Hand2Note<\/h3>\n\n\n\n<p>Para ver el WinRate EV general, bb\/100 para sesiones de cierta duraci\u00f3n, podemos usar la herramienta <a href=\"https:\/\/hand2noteguide.com\/es\/user-manual\/hand2note-report-menu\/\">&#8220;Reports&#8221;<\/a> en Hand2Note.<\/p>\n\n\n\n<p>En la ventana principal del programa, selecciona &#8220;Reports&#8221;(1) y haz clic en el bot\u00f3n &#8220;+Filter&#8221;(2).<\/p>\n\n\n\n<figure class=\"wp-block-image size-large\"><img loading=\"lazy\" decoding=\"async\" width=\"1024\" height=\"549\" src=\"http:\/\/hand2noteguide.com\/wp-content\/uploads\/2025\/05\/123345-1-1024x549.jpg\" alt=\"\" class=\"wp-image-11681\" srcset=\"https:\/\/hand2noteguide.com\/wp-content\/uploads\/2025\/05\/123345-1-1024x549.jpg 1024w, https:\/\/hand2noteguide.com\/wp-content\/uploads\/2025\/05\/123345-1-300x161.jpg 300w, https:\/\/hand2noteguide.com\/wp-content\/uploads\/2025\/05\/123345-1-768x412.jpg 768w, https:\/\/hand2noteguide.com\/wp-content\/uploads\/2025\/05\/123345-1-1536x824.jpg 1536w, https:\/\/hand2noteguide.com\/wp-content\/uploads\/2025\/05\/123345-1-772x414.jpg 772w, https:\/\/hand2noteguide.com\/wp-content\/uploads\/2025\/05\/123345-1-624x335.jpg 624w, https:\/\/hand2noteguide.com\/wp-content\/uploads\/2025\/05\/123345-1.jpg 1919w\" sizes=\"auto, (max-width: 1024px) 100vw, 1024px\" \/><\/figure>\n<\/div><\/div>\n\n\n\n<p>A continuaci\u00f3n, ve a &#8220;Sessions&#8221;(3) y encuentra la l\u00ednea &#8220;Sessions length (min)&#8221;(4). Ingresa nuestro primer rango de tiempo en ella: de 1 a 2 horas, en minutos (de 60 a 120 minutos). Despu\u00e9s de ingresar el rango de tiempo, haz clic en &#8220;APPLY&#8221;(5) para aplicar el filtro.<\/p>\n\n\n\n<p>Despu\u00e9s de aplicar el filtro, podemos verlo activo en el \u00e1rea (1).<\/p>\n\n\n\n<figure class=\"wp-block-image size-large\"><img loading=\"lazy\" decoding=\"async\" width=\"1024\" height=\"551\" src=\"http:\/\/hand2noteguide.com\/wp-content\/uploads\/2025\/05\/456456464651-1-1024x551.jpg\" alt=\"\" class=\"wp-image-11755\" srcset=\"https:\/\/hand2noteguide.com\/wp-content\/uploads\/2025\/05\/456456464651-1-1024x551.jpg 1024w, https:\/\/hand2noteguide.com\/wp-content\/uploads\/2025\/05\/456456464651-1-300x161.jpg 300w, https:\/\/hand2noteguide.com\/wp-content\/uploads\/2025\/05\/456456464651-1-768x413.jpg 768w, https:\/\/hand2noteguide.com\/wp-content\/uploads\/2025\/05\/456456464651-1-1536x826.jpg 1536w, https:\/\/hand2noteguide.com\/wp-content\/uploads\/2025\/05\/456456464651-1-772x415.jpg 772w, https:\/\/hand2noteguide.com\/wp-content\/uploads\/2025\/05\/456456464651-1-624x336.jpg 624w, https:\/\/hand2noteguide.com\/wp-content\/uploads\/2025\/05\/456456464651-1.jpg 1919w\" sizes=\"auto, (max-width: 1024px) 100vw, 1024px\" \/><\/figure>\n\n\n\n<p>Adem\u00e1s, al encontrar la etiqueta &#8220;WinRate EV, bb\/100&#8243;(2), podemos notar que el WinRate EV, bb\/100 para sesiones que duran de 1 a 2 horas es 1.5.<\/p>\n\n\n\n<p>Repitiendo las acciones descritas anteriormente, pero estableciendo nuevos rangos de tiempo, nuestro WinRate EV, bb\/100 es:<\/p>\n\n\n\n<ul class=\"wp-block-list\">\n<li>para una sesi\u00f3n de 1 a 2 horas \u2013 1.5;<\/li>\n\n\n\n<li>para una sesi\u00f3n de 2 a 3 horas \u2013 7.4;<\/li>\n\n\n\n<li>para una sesi\u00f3n de 3 a 4 horas \u2013 6.9;<\/li>\n\n\n\n<li>para una sesi\u00f3n de 4 a 5 horas \u2013 8.3;<\/li>\n\n\n\n<li>para una sesi\u00f3n de 5 a 6 horas \u2013 2.1;<\/li>\n\n\n\n<li>para una sesi\u00f3n de 6 a 7 horas \u2013 3.3;<\/li>\n\n\n\n<li>para una sesi\u00f3n de 7 a 8 horas \u2013 1.4;<\/li>\n\n\n\n<li>para una sesi\u00f3n de 8 a 9 horas \u2013 -0.8;<\/li>\n\n\n\n<li>para una sesi\u00f3n de 9 a 10 horas \u2013 -2.1.<\/li>\n<\/ul>\n\n\n\n<p>Al final, se puede notar que el juego \u00f3ptimo est\u00e1 en el rango de 2 a 5 horas de una sesi\u00f3n de juego.<\/p>\n\n\n\n<p>As\u00ed, puedes determinar tu rango de tiempo \u00f3ptimo para la duraci\u00f3n de las sesiones.<\/p>\n\n\n\n<p>Es importante se\u00f1alar que necesitas un buen tama\u00f1o de muestra para este tipo de an\u00e1lisis. En bases de datos peque\u00f1as, los resultados pueden ser inconsistentes. En nuestro ejemplo, la tasa de ganancia para sesiones que duran de 1 a 2 horas fue solo 1.5, mientras que para sesiones de 2 a 3 horas fue 7.4. Por supuesto, esto no significa que debas jugar siempre al menos 2 horas. Lo m\u00e1s probable es que tales n\u00fameros se deban a un tama\u00f1o de muestra insuficiente.<\/p>\n\n\n\n<p>A lo que realmente debes prestar atenci\u00f3n es a partir de qu\u00e9 duraci\u00f3n de sesi\u00f3n tu tasa de ganancia comienza a disminuir. En nuestro ejemplo, se observa una ca\u00edda significativa despu\u00e9s de 5 horas, y esto puede interpretarse como una se\u00f1al de que podr\u00edas querer detenerte despu\u00e9s de 4\u20135 horas de juego y tomar un descanso.<\/p>\n\n\n\n<p>Recuerda que cada persona tiene caracter\u00edsticas individuales, y la capacidad de jugar bien durante varias horas var\u00eda de una persona a otra. Si notas que tu rendimiento disminuye incluso despu\u00e9s de 2 horas de juego, eso tambi\u00e9n est\u00e1 bien. Simplemente divide tus sesiones en bloques de 1\u20132 horas y toma descansos entre ellos.<\/p>\n","protected":false},"excerpt":{"rendered":"<p>Como regla general, en cualquier actividad, las personas tienden a experimentar estados c\u00edclicos: desde el despertar hasta el \u00f3ptimo, desde el \u00f3ptimo hasta la fatiga. El p\u00f3ker no es una excepci\u00f3n. En este art\u00edculo, mostraremos c\u00f3mo un jugador puede usar Hand2Note para determinar el rango de tiempo \u00f3ptimo para la duraci\u00f3n de las sesiones. Determinando &hellip; <a href=\"https:\/\/hand2noteguide.com\/es\/user-manual\/game-analysis-by-session-duration\/\" class=\"more-link\">Continue reading <span class=\"screen-reader-text\">Analizando el juego por duraci\u00f3n de sesi\u00f3n con Hand2Note<\/span><\/a><\/p>\n","protected":false},"author":3,"featured_media":11383,"parent":9199,"menu_order":0,"comment_status":"closed","ping_status":"closed","template":"","meta":{"footnotes":""},"class_list":["post-11364","page","type-page","status-publish","has-post-thumbnail","hentry"],"translation":{"provider":"WPGlobus","version":"3.0.2","language":"es","enabled_languages":["en","ru","pt","zh","es","fr","de","it","ja"],"languages":{"en":{"title":true,"content":true,"excerpt":false},"ru":{"title":true,"content":true,"excerpt":false},"pt":{"title":true,"content":true,"excerpt":false},"zh":{"title":true,"content":true,"excerpt":false},"es":{"title":true,"content":true,"excerpt":false},"fr":{"title":true,"content":true,"excerpt":false},"de":{"title":true,"content":true,"excerpt":false},"it":{"title":true,"content":true,"excerpt":false},"ja":{"title":true,"content":true,"excerpt":false}}},"yoast_head":"<!-- This site is optimized with the Yoast SEO plugin v27.0 - https:\/\/yoast.com\/product\/yoast-seo-wordpress\/ -->\n<title>Analizando el juego por duraci\u00f3n de sesi\u00f3n con Hand2Note<\/title>\n<meta name=\"description\" content=\"Aprende c\u00f3mo analizar tu rendimiento en el p\u00f3ker por duraci\u00f3n de sesi\u00f3n usando Hand2Note. Encuentra la duraci\u00f3n \u00f3ptima de la sesi\u00f3n basada en las estad\u00edsticas de WinRate EV, bb\/100.\" \/>\n<meta name=\"robots\" content=\"index, follow, max-snippet:-1, max-image-preview:large, max-video-preview:-1\" \/>\n<link rel=\"canonical\" href=\"https:\/\/hand2noteguide.com\/user-manual\/game-analysis-by-session-duration\/\" \/>\n<meta property=\"og:locale\" content=\"es_ES\" \/>\n<meta property=\"og:type\" content=\"article\" \/>\n<meta property=\"og:title\" content=\"Analizando el juego por duraci\u00f3n de sesi\u00f3n con Hand2Note\" \/>\n<meta property=\"og:description\" content=\"Aprende c\u00f3mo analizar tu rendimiento en el p\u00f3ker por duraci\u00f3n de sesi\u00f3n usando Hand2Note. Encuentra la duraci\u00f3n \u00f3ptima de la sesi\u00f3n basada en las estad\u00edsticas de WinRate EV, bb\/100.\" \/>\n<meta property=\"og:url\" content=\"https:\/\/hand2noteguide.com\/user-manual\/game-analysis-by-session-duration\/\" \/>\n<meta property=\"og:site_name\" content=\"Hand2Note Guide\" \/>\n<meta property=\"article:modified_time\" content=\"2026-03-10T08:28:33+00:00\" \/>\n<meta property=\"og:image\" content=\"https:\/\/hand2noteguide.com\/wp-content\/uploads\/2025\/05\/\u0440\u0440\u0440.jpg\" \/>\n\t<meta property=\"og:image:width\" content=\"1920\" \/>\n\t<meta property=\"og:image:height\" content=\"1080\" \/>\n\t<meta property=\"og:image:type\" content=\"image\/jpeg\" \/>\n<meta name=\"twitter:card\" content=\"summary_large_image\" \/>\n<meta name=\"twitter:label1\" content=\"Est. reading time\" \/>\n\t<meta name=\"twitter:data1\" content=\"16 minutes\" \/>\n<!-- \/ Yoast SEO plugin. -->","yoast_head_json":{"title":"Analizando el juego por duraci\u00f3n de sesi\u00f3n con Hand2Note","description":"Aprende c\u00f3mo analizar tu rendimiento en el p\u00f3ker por duraci\u00f3n de sesi\u00f3n usando Hand2Note. Encuentra la duraci\u00f3n \u00f3ptima de la sesi\u00f3n basada en las estad\u00edsticas de WinRate EV, bb\/100.","robots":{"index":"index","follow":"follow","max-snippet":"max-snippet:-1","max-image-preview":"max-image-preview:large","max-video-preview":"max-video-preview:-1"},"canonical":"https:\/\/hand2noteguide.com\/user-manual\/game-analysis-by-session-duration\/","og_locale":"es_ES","og_type":"article","og_title":"Analizando el juego por duraci\u00f3n de sesi\u00f3n con Hand2Note","og_description":"Aprende c\u00f3mo analizar tu rendimiento en el p\u00f3ker por duraci\u00f3n de sesi\u00f3n usando Hand2Note. Encuentra la duraci\u00f3n \u00f3ptima de la sesi\u00f3n basada en las estad\u00edsticas de WinRate EV, bb\/100.","og_url":"https:\/\/hand2noteguide.com\/user-manual\/game-analysis-by-session-duration\/","og_site_name":"Hand2Note Guide","article_modified_time":"2026-03-10T08:28:33+00:00","og_image":[{"width":1920,"height":1080,"url":"https:\/\/hand2noteguide.com\/wp-content\/uploads\/2025\/05\/\u0440\u0440\u0440.jpg","type":"image\/jpeg"}],"twitter_card":"summary_large_image","twitter_misc":{"Est. reading time":"16 minutes"},"schema":{"@context":"https:\/\/schema.org","@graph":[]}},"jetpack_sharing_enabled":true,"_links":{"self":[{"href":"https:\/\/hand2noteguide.com\/es\/wp-json\/wp\/v2\/pages\/11364","targetHints":{"allow":["GET"]}}],"collection":[{"href":"https:\/\/hand2noteguide.com\/es\/wp-json\/wp\/v2\/pages"}],"about":[{"href":"https:\/\/hand2noteguide.com\/es\/wp-json\/wp\/v2\/types\/page"}],"author":[{"embeddable":true,"href":"https:\/\/hand2noteguide.com\/es\/wp-json\/wp\/v2\/users\/3"}],"replies":[{"embeddable":true,"href":"https:\/\/hand2noteguide.com\/es\/wp-json\/wp\/v2\/comments?post=11364"}],"version-history":[{"count":64,"href":"https:\/\/hand2noteguide.com\/es\/wp-json\/wp\/v2\/pages\/11364\/revisions"}],"predecessor-version":[{"id":15629,"href":"https:\/\/hand2noteguide.com\/es\/wp-json\/wp\/v2\/pages\/11364\/revisions\/15629"}],"up":[{"embeddable":true,"href":"https:\/\/hand2noteguide.com\/es\/wp-json\/wp\/v2\/pages\/9199"}],"wp:featuredmedia":[{"embeddable":true,"href":"https:\/\/hand2noteguide.com\/es\/wp-json\/wp\/v2\/media\/11383"}],"wp:attachment":[{"href":"https:\/\/hand2noteguide.com\/es\/wp-json\/wp\/v2\/media?parent=11364"}],"curies":[{"name":"wp","href":"https:\/\/api.w.org\/{rel}","templated":true}]}}