{"id":12168,"date":"2025-05-26T09:03:09","date_gmt":"2025-05-26T06:03:09","guid":{"rendered":"https:\/\/hand2noteguide.com\/?page_id=12168"},"modified":"2026-03-10T11:30:39","modified_gmt":"2026-03-10T08:30:39","slug":"analyzing-play-based-on-distance-to-the-fish","status":"publish","type":"page","link":"https:\/\/hand2noteguide.com\/es\/user-manual\/analyzing-play-based-on-distance-to-the-fish\/","title":{"rendered":"Analizando el juego por distancia al fish usando Hand2Note"},"content":{"rendered":"\n<p>Cuando juegas con una selecci\u00f3n (<a href=\"https:\/\/hand2noteguide.com\/es\/user-manual\/fish-game-analysis-selection-win-rate-at-fish-tables\/\">juego dirigido con fish<\/a>), hay un punto importante: debes esforzarte por jugar en posici\u00f3n contra el fish. Esto significa que la mayor ganancia en ganancias se logra cuando el fish est\u00e1 sentado en la mesa ya sea primero o segundo a tu derecha.<\/p>\n\n\n\n<p>En este art\u00edculo, te mostraremos c\u00f3mo ver tus resultados de juego contra diferentes posiciones de fish en la mesa.<\/p>\n\n\n\n<h2 class=\"wp-block-heading\">Creando un informe por distancia al fish usando Hand2Note<\/h2>\n\n\n\n<p>La herramienta <a href=\"https:\/\/hand2noteguide.com\/es\/user-manual\/hand2note-report-menu\/\">&#8220;Reports&#8221; en Hand2Note<\/a> nos ayudar\u00e1 a ver nuestros resultados de juego contra diferentes posiciones de fish.<\/p>\n\n\n\n<p>Primero, recuerda los n\u00fameros de asiento en la mesa en relaci\u00f3n con el h\u00e9roe seg\u00fan el esquema:<\/p>\n\n\n\n<figure class=\"wp-block-image size-full\"><img loading=\"lazy\" decoding=\"async\" width=\"953\" height=\"809\" src=\"http:\/\/hand2noteguide.com\/wp-content\/uploads\/2025\/05\/\u0411\u0435\u0437-\u0438\u043c\u0435\u043d\u0438-3-1.jpg\" alt=\"\" class=\"wp-image-12375\" srcset=\"https:\/\/hand2noteguide.com\/wp-content\/uploads\/2025\/05\/\u0411\u0435\u0437-\u0438\u043c\u0435\u043d\u0438-3-1.jpg 953w, https:\/\/hand2noteguide.com\/wp-content\/uploads\/2025\/05\/\u0411\u0435\u0437-\u0438\u043c\u0435\u043d\u0438-3-1-300x255.jpg 300w, https:\/\/hand2noteguide.com\/wp-content\/uploads\/2025\/05\/\u0411\u0435\u0437-\u0438\u043c\u0435\u043d\u0438-3-1-768x652.jpg 768w, https:\/\/hand2noteguide.com\/wp-content\/uploads\/2025\/05\/\u0411\u0435\u0437-\u0438\u043c\u0435\u043d\u0438-3-1-772x655.jpg 772w, https:\/\/hand2noteguide.com\/wp-content\/uploads\/2025\/05\/\u0411\u0435\u0437-\u0438\u043c\u0435\u043d\u0438-3-1-624x530.jpg 624w\" sizes=\"auto, (max-width: 953px) 100vw, 953px\" \/><\/figure>\n\n\n\n<p>A continuaci\u00f3n, abre los informes en Hand2Note. Para hacer esto, haz clic en &#8220;Reports&#8221;(1). Luego aseg\u00farate de que est\u00e1s generando el informe para ti mismo usando el \u00e1rea (2) y haz clic en &#8220;+ Filter&#8221;(3).<\/p>\n\n\n\n<figure class=\"wp-block-image size-large\"><img loading=\"lazy\" decoding=\"async\" width=\"1024\" height=\"576\" src=\"http:\/\/hand2noteguide.com\/wp-content\/uploads\/2025\/05\/\u0411\u0435\u0437-\u0438\u043c\u0435\u043d\u0438-2-2-1024x576.jpg\" alt=\"\" class=\"wp-image-12377\" srcset=\"https:\/\/hand2noteguide.com\/wp-content\/uploads\/2025\/05\/\u0411\u0435\u0437-\u0438\u043c\u0435\u043d\u0438-2-2-1024x576.jpg 1024w, https:\/\/hand2noteguide.com\/wp-content\/uploads\/2025\/05\/\u0411\u0435\u0437-\u0438\u043c\u0435\u043d\u0438-2-2-300x169.jpg 300w, https:\/\/hand2noteguide.com\/wp-content\/uploads\/2025\/05\/\u0411\u0435\u0437-\u0438\u043c\u0435\u043d\u0438-2-2-768x432.jpg 768w, https:\/\/hand2noteguide.com\/wp-content\/uploads\/2025\/05\/\u0411\u0435\u0437-\u0438\u043c\u0435\u043d\u0438-2-2-1536x864.jpg 1536w, https:\/\/hand2noteguide.com\/wp-content\/uploads\/2025\/05\/\u0411\u0435\u0437-\u0438\u043c\u0435\u043d\u0438-2-2-772x434.jpg 772w, https:\/\/hand2noteguide.com\/wp-content\/uploads\/2025\/05\/\u0411\u0435\u0437-\u0438\u043c\u0435\u043d\u0438-2-2-624x351.jpg 624w, https:\/\/hand2noteguide.com\/wp-content\/uploads\/2025\/05\/\u0411\u0435\u0437-\u0438\u043c\u0435\u043d\u0438-2-2.jpg 1920w\" sizes=\"auto, (max-width: 1024px) 100vw, 1024px\" \/><\/figure>\n\n\n\n<p>En la ventana de filtro que se abre, ve a la pesta\u00f1a &#8220;General&#8221;(4). Establece el n\u00famero de fish en la mesa de 1 a 1 en el \u00e1rea (5) y el VPIP requerido del fish en el \u00e1rea (6). Usando el esquema anterior, establece la posici\u00f3n requerida del fish en relaci\u00f3n con el h\u00e9roe en el \u00e1rea (7) y haz clic en &#8220;OK&#8221;(8) para aplicar el filtro.<\/p>\n\n\n\n<p>Despu\u00e9s de aplicar el filtro, puedes verlo en la lista de filtros aplicados en el \u00e1rea (1).<\/p>\n\n\n\n<figure class=\"wp-block-image size-large\"><img loading=\"lazy\" decoding=\"async\" width=\"1024\" height=\"576\" src=\"http:\/\/hand2noteguide.com\/wp-content\/uploads\/2025\/05\/\u0411\u0435\u0437-\u0438\u043c\u0435\u043d\u0438-4-1-1024x576.jpg\" alt=\"\" class=\"wp-image-12380\" srcset=\"https:\/\/hand2noteguide.com\/wp-content\/uploads\/2025\/05\/\u0411\u0435\u0437-\u0438\u043c\u0435\u043d\u0438-4-1-1024x576.jpg 1024w, https:\/\/hand2noteguide.com\/wp-content\/uploads\/2025\/05\/\u0411\u0435\u0437-\u0438\u043c\u0435\u043d\u0438-4-1-300x169.jpg 300w, https:\/\/hand2noteguide.com\/wp-content\/uploads\/2025\/05\/\u0411\u0435\u0437-\u0438\u043c\u0435\u043d\u0438-4-1-768x432.jpg 768w, https:\/\/hand2noteguide.com\/wp-content\/uploads\/2025\/05\/\u0411\u0435\u0437-\u0438\u043c\u0435\u043d\u0438-4-1-1536x864.jpg 1536w, https:\/\/hand2noteguide.com\/wp-content\/uploads\/2025\/05\/\u0411\u0435\u0437-\u0438\u043c\u0435\u043d\u0438-4-1-772x434.jpg 772w, https:\/\/hand2noteguide.com\/wp-content\/uploads\/2025\/05\/\u0411\u0435\u0437-\u0438\u043c\u0435\u043d\u0438-4-1-624x351.jpg 624w, https:\/\/hand2noteguide.com\/wp-content\/uploads\/2025\/05\/\u0411\u0435\u0437-\u0438\u043c\u0435\u043d\u0438-4-1.jpg 1920w\" sizes=\"auto, (max-width: 1024px) 100vw, 1024px\" \/><\/figure>\n\n\n\n<p>Tambi\u00e9n puedes revisar tus resultados de juego cuando el fish est\u00e1 sentado en la posici\u00f3n especificada en relaci\u00f3n contigo (2).<\/p>\n\n\n\n<p>Para crear un informe para otra posici\u00f3n del fish en relaci\u00f3n contigo, repite los pasos de las instrucciones, estableciendo una posici\u00f3n diferente del fish seg\u00fan el esquema anterior.<\/p>\n\n\n\n<p>De esta manera, puedes evaluar tu juego en diferentes situaciones de asiento en relaci\u00f3n con el fish y elegir las prioridades.<\/p>\n","protected":false},"excerpt":{"rendered":"<p>Cuando juegas con una selecci\u00f3n (juego dirigido con fish), hay un punto importante: debes esforzarte por jugar en posici\u00f3n contra el fish. Esto significa que la mayor ganancia en ganancias se logra cuando el fish est\u00e1 sentado en la mesa ya sea primero o segundo a tu derecha. En este art\u00edculo, te mostraremos c\u00f3mo ver &hellip; <a href=\"https:\/\/hand2noteguide.com\/es\/user-manual\/analyzing-play-based-on-distance-to-the-fish\/\" class=\"more-link\">Continue reading <span class=\"screen-reader-text\">Analizando el juego por distancia al fish usando Hand2Note<\/span><\/a><\/p>\n","protected":false},"author":3,"featured_media":12370,"parent":9199,"menu_order":0,"comment_status":"closed","ping_status":"closed","template":"","meta":{"footnotes":""},"class_list":["post-12168","page","type-page","status-publish","has-post-thumbnail","hentry"],"translation":{"provider":"WPGlobus","version":"3.0.2","language":"es","enabled_languages":["en","ru","pt","zh","es","fr","de","it","ja"],"languages":{"en":{"title":true,"content":true,"excerpt":false},"ru":{"title":true,"content":true,"excerpt":false},"pt":{"title":true,"content":true,"excerpt":false},"zh":{"title":true,"content":true,"excerpt":false},"es":{"title":true,"content":true,"excerpt":false},"fr":{"title":true,"content":true,"excerpt":false},"de":{"title":true,"content":true,"excerpt":false},"it":{"title":true,"content":true,"excerpt":false},"ja":{"title":true,"content":true,"excerpt":false}}},"yoast_head":"<!-- This site is optimized with the Yoast SEO plugin v27.0 - https:\/\/yoast.com\/product\/yoast-seo-wordpress\/ -->\n<title>Analizando el juego por distancia al fish usando Hand2Note<\/title>\n<meta name=\"description\" content=\"Aprende c\u00f3mo analizar los resultados del juego contra fish en diferentes posiciones de la mesa usando Hand2Note para mejorar tu estrategia.\" \/>\n<meta name=\"robots\" content=\"index, follow, max-snippet:-1, max-image-preview:large, max-video-preview:-1\" \/>\n<link rel=\"canonical\" href=\"https:\/\/hand2noteguide.com\/user-manual\/analyzing-play-based-on-distance-to-the-fish\/\" \/>\n<meta property=\"og:locale\" content=\"es_ES\" \/>\n<meta property=\"og:type\" content=\"article\" \/>\n<meta property=\"og:title\" content=\"Analizando el juego por distancia al fish usando Hand2Note\" \/>\n<meta property=\"og:description\" content=\"Aprende c\u00f3mo analizar los resultados del juego contra fish en diferentes posiciones de la mesa usando Hand2Note para mejorar tu estrategia.\" \/>\n<meta property=\"og:url\" content=\"https:\/\/hand2noteguide.com\/user-manual\/analyzing-play-based-on-distance-to-the-fish\/\" \/>\n<meta property=\"og:site_name\" content=\"Hand2Note Guide\" \/>\n<meta property=\"article:modified_time\" content=\"2026-03-10T08:30:39+00:00\" \/>\n<meta property=\"og:image\" content=\"https:\/\/hand2noteguide.com\/wp-content\/uploads\/2025\/05\/\u0411\u0435\u0437-\u0438\u043c\u0435\u043d\u0438-1-5.jpg\" \/>\n\t<meta property=\"og:image:width\" content=\"1920\" \/>\n\t<meta property=\"og:image:height\" content=\"1080\" \/>\n\t<meta property=\"og:image:type\" content=\"image\/jpeg\" \/>\n<meta name=\"twitter:card\" content=\"summary_large_image\" \/>\n<meta name=\"twitter:label1\" content=\"Est. reading time\" \/>\n\t<meta name=\"twitter:data1\" content=\"9 minutes\" \/>\n<!-- \/ Yoast SEO plugin. -->","yoast_head_json":{"title":"Analizando el juego por distancia al fish usando Hand2Note","description":"Aprende c\u00f3mo analizar los resultados del juego contra fish en diferentes posiciones de la mesa usando Hand2Note para mejorar tu estrategia.","robots":{"index":"index","follow":"follow","max-snippet":"max-snippet:-1","max-image-preview":"max-image-preview:large","max-video-preview":"max-video-preview:-1"},"canonical":"https:\/\/hand2noteguide.com\/user-manual\/analyzing-play-based-on-distance-to-the-fish\/","og_locale":"es_ES","og_type":"article","og_title":"Analizando el juego por distancia al fish usando Hand2Note","og_description":"Aprende c\u00f3mo analizar los resultados del juego contra fish en diferentes posiciones de la mesa usando Hand2Note para mejorar tu estrategia.","og_url":"https:\/\/hand2noteguide.com\/user-manual\/analyzing-play-based-on-distance-to-the-fish\/","og_site_name":"Hand2Note Guide","article_modified_time":"2026-03-10T08:30:39+00:00","og_image":[{"width":1920,"height":1080,"url":"https:\/\/hand2noteguide.com\/wp-content\/uploads\/2025\/05\/\u0411\u0435\u0437-\u0438\u043c\u0435\u043d\u0438-1-5.jpg","type":"image\/jpeg"}],"twitter_card":"summary_large_image","twitter_misc":{"Est. reading time":"9 minutes"},"schema":{"@context":"https:\/\/schema.org","@graph":[]}},"jetpack_sharing_enabled":true,"_links":{"self":[{"href":"https:\/\/hand2noteguide.com\/es\/wp-json\/wp\/v2\/pages\/12168","targetHints":{"allow":["GET"]}}],"collection":[{"href":"https:\/\/hand2noteguide.com\/es\/wp-json\/wp\/v2\/pages"}],"about":[{"href":"https:\/\/hand2noteguide.com\/es\/wp-json\/wp\/v2\/types\/page"}],"author":[{"embeddable":true,"href":"https:\/\/hand2noteguide.com\/es\/wp-json\/wp\/v2\/users\/3"}],"replies":[{"embeddable":true,"href":"https:\/\/hand2noteguide.com\/es\/wp-json\/wp\/v2\/comments?post=12168"}],"version-history":[{"count":37,"href":"https:\/\/hand2noteguide.com\/es\/wp-json\/wp\/v2\/pages\/12168\/revisions"}],"predecessor-version":[{"id":15631,"href":"https:\/\/hand2noteguide.com\/es\/wp-json\/wp\/v2\/pages\/12168\/revisions\/15631"}],"up":[{"embeddable":true,"href":"https:\/\/hand2noteguide.com\/es\/wp-json\/wp\/v2\/pages\/9199"}],"wp:featuredmedia":[{"embeddable":true,"href":"https:\/\/hand2noteguide.com\/es\/wp-json\/wp\/v2\/media\/12370"}],"wp:attachment":[{"href":"https:\/\/hand2noteguide.com\/es\/wp-json\/wp\/v2\/media?parent=12168"}],"curies":[{"name":"wp","href":"https:\/\/api.w.org\/{rel}","templated":true}]}}