{"id":12396,"date":"2025-05-28T16:43:37","date_gmt":"2025-05-28T13:43:37","guid":{"rendered":"https:\/\/hand2noteguide.com\/?page_id=12396"},"modified":"2026-03-10T11:31:19","modified_gmt":"2026-03-10T08:31:19","slug":"displaying-a-hud-on-a-hero","status":"publish","type":"page","link":"https:\/\/hand2noteguide.com\/es\/user-manual\/displaying-a-hud-on-a-hero\/","title":{"rendered":"Mostrando HUD en Hero"},"content":{"rendered":"\n<p>Hand2Note te permite mostrar, adem\u00e1s de las ventanas de HUD para cada oponente, una ventana de HUD adicional para el hero. Reflejar\u00e1 las estad\u00edsticas de tu juego.<\/p>\n\n\n\n<p>Esta funci\u00f3n muestra c\u00f3mo podr\u00edan aparecer tus estad\u00edsticas a los ojos de los oponentes. Esto, a su vez, ayudar\u00e1 a evitar la explotaci\u00f3n de su parte.<\/p>\n\n\n\n<p><em>La explotaci\u00f3n es un juego enfocado en las debilidades del juego del oponente.<\/em><\/p>\n\n\n\n<h2 class=\"wp-block-heading\">Creando un HUD para el hero en Hand2Note<\/h2>\n\n\n\n<p>Para mostrar el HUD en el hero, necesitas:<\/p>\n\n\n\n<ul class=\"wp-block-list\">\n<li>Copiar el panel de HUD requerido en el &#8220;HUD Editor&#8221; para mostrarlo en el hero;<\/li>\n\n\n\n<li>Establecer los par\u00e1metros del panel de HUD copiado para mostrar solo en el hero;<\/li>\n\n\n\n<li>Limpiar y reconstruir las estad\u00edsticas de la base de datos.<\/li>\n<\/ul>\n\n\n\n<p>Primero, abre el editor de HUD haciendo clic en &#8220;HUD Editor&#8221;(1).<\/p>\n\n\n\n<figure class=\"wp-block-image size-large\"><img loading=\"lazy\" decoding=\"async\" width=\"1024\" height=\"576\" src=\"http:\/\/hand2noteguide.com\/wp-content\/uploads\/2025\/05\/\u0411\u0435\u0437-\u0438\u043c\u0435\u043d\u0438-2-3-1024x576.jpg\" alt=\"\" class=\"wp-image-12412\" srcset=\"https:\/\/hand2noteguide.com\/wp-content\/uploads\/2025\/05\/\u0411\u0435\u0437-\u0438\u043c\u0435\u043d\u0438-2-3-1024x576.jpg 1024w, https:\/\/hand2noteguide.com\/wp-content\/uploads\/2025\/05\/\u0411\u0435\u0437-\u0438\u043c\u0435\u043d\u0438-2-3-300x169.jpg 300w, https:\/\/hand2noteguide.com\/wp-content\/uploads\/2025\/05\/\u0411\u0435\u0437-\u0438\u043c\u0435\u043d\u0438-2-3-768x432.jpg 768w, https:\/\/hand2noteguide.com\/wp-content\/uploads\/2025\/05\/\u0411\u0435\u0437-\u0438\u043c\u0435\u043d\u0438-2-3-1536x864.jpg 1536w, https:\/\/hand2noteguide.com\/wp-content\/uploads\/2025\/05\/\u0411\u0435\u0437-\u0438\u043c\u0435\u043d\u0438-2-3-772x434.jpg 772w, https:\/\/hand2noteguide.com\/wp-content\/uploads\/2025\/05\/\u0411\u0435\u0437-\u0438\u043c\u0435\u043d\u0438-2-3-624x351.jpg 624w, https:\/\/hand2noteguide.com\/wp-content\/uploads\/2025\/05\/\u0411\u0435\u0437-\u0438\u043c\u0435\u043d\u0438-2-3.jpg 1920w\" sizes=\"auto, (max-width: 1024px) 100vw, 1024px\" \/><\/figure>\n\n\n\n<p>A continuaci\u00f3n, haz clic derecho (RMB) en el borde del panel de HUD (2) y selecciona &#8220;Copy&#8221;(3) de la lista desplegable. Haz clic derecho (RMB) en cualquier \u00e1rea libre del editor de HUD (4) y selecciona &#8220;Paste&#8221;(5) de la lista desplegable. As\u00ed es como copiamos el panel de HUD requerido.<\/p>\n\n\n\n<p>Luego, haz clic en el borde del panel de HUD copiado (1) y activa el interruptor &#8220;Show only on hero&#8221; en el men\u00fa de la derecha (2). Ahora hemos habilitado la visualizaci\u00f3n solo en el hero en el panel de HUD copiado.<\/p>\n\n\n\n<figure class=\"wp-block-image size-large\"><img loading=\"lazy\" decoding=\"async\" width=\"1024\" height=\"576\" src=\"http:\/\/hand2noteguide.com\/wp-content\/uploads\/2025\/05\/\u0411\u0435\u0437-\u0438\u043c\u0435\u043d\u0438-3-2-1024x576.jpg\" alt=\"\" class=\"wp-image-12413\" srcset=\"https:\/\/hand2noteguide.com\/wp-content\/uploads\/2025\/05\/\u0411\u0435\u0437-\u0438\u043c\u0435\u043d\u0438-3-2-1024x576.jpg 1024w, https:\/\/hand2noteguide.com\/wp-content\/uploads\/2025\/05\/\u0411\u0435\u0437-\u0438\u043c\u0435\u043d\u0438-3-2-300x169.jpg 300w, https:\/\/hand2noteguide.com\/wp-content\/uploads\/2025\/05\/\u0411\u0435\u0437-\u0438\u043c\u0435\u043d\u0438-3-2-768x432.jpg 768w, https:\/\/hand2noteguide.com\/wp-content\/uploads\/2025\/05\/\u0411\u0435\u0437-\u0438\u043c\u0435\u043d\u0438-3-2-1536x864.jpg 1536w, https:\/\/hand2noteguide.com\/wp-content\/uploads\/2025\/05\/\u0411\u0435\u0437-\u0438\u043c\u0435\u043d\u0438-3-2-772x434.jpg 772w, https:\/\/hand2noteguide.com\/wp-content\/uploads\/2025\/05\/\u0411\u0435\u0437-\u0438\u043c\u0435\u043d\u0438-3-2-624x351.jpg 624w, https:\/\/hand2noteguide.com\/wp-content\/uploads\/2025\/05\/\u0411\u0435\u0437-\u0438\u043c\u0435\u043d\u0438-3-2.jpg 1920w\" sizes=\"auto, (max-width: 1024px) 100vw, 1024px\" \/><\/figure>\n\n\n\n<p>A continuaci\u00f3n, necesitas limpiar y reconstruir las estad\u00edsticas de la base de datos. Para hacer esto, encuentra el men\u00fa \u201cDatabase\u201d (1) en la fila superior de la ventana del programa y haz clic en \u00e9l. Selecciona \u201cClean &amp; Rebuild Statistics\u201d (2) de la lista desplegable y haz clic en \u201cAPPLY\u201d (3) en la ventana \u201cBuild Statistics\u201d. Espera a que se complete el rec\u00e1lculo de las estad\u00edsticas.<\/p>\n\n\n\n<figure class=\"wp-block-image size-large\"><img loading=\"lazy\" decoding=\"async\" width=\"1024\" height=\"550\" src=\"http:\/\/hand2noteguide.com\/wp-content\/uploads\/2025\/05\/\u0421\u043d\u0438\u043c\u043e\u043a-\u044d\u043a\u0440\u0430\u043d\u0430-2025-05-28-173729-1024x550.jpg\" alt=\"\" class=\"wp-image-12414\" srcset=\"https:\/\/hand2noteguide.com\/wp-content\/uploads\/2025\/05\/\u0421\u043d\u0438\u043c\u043e\u043a-\u044d\u043a\u0440\u0430\u043d\u0430-2025-05-28-173729-1024x550.jpg 1024w, https:\/\/hand2noteguide.com\/wp-content\/uploads\/2025\/05\/\u0421\u043d\u0438\u043c\u043e\u043a-\u044d\u043a\u0440\u0430\u043d\u0430-2025-05-28-173729-300x161.jpg 300w, https:\/\/hand2noteguide.com\/wp-content\/uploads\/2025\/05\/\u0421\u043d\u0438\u043c\u043e\u043a-\u044d\u043a\u0440\u0430\u043d\u0430-2025-05-28-173729-768x413.jpg 768w, https:\/\/hand2noteguide.com\/wp-content\/uploads\/2025\/05\/\u0421\u043d\u0438\u043c\u043e\u043a-\u044d\u043a\u0440\u0430\u043d\u0430-2025-05-28-173729-1536x825.jpg 1536w, https:\/\/hand2noteguide.com\/wp-content\/uploads\/2025\/05\/\u0421\u043d\u0438\u043c\u043e\u043a-\u044d\u043a\u0440\u0430\u043d\u0430-2025-05-28-173729-772x415.jpg 772w, https:\/\/hand2noteguide.com\/wp-content\/uploads\/2025\/05\/\u0421\u043d\u0438\u043c\u043e\u043a-\u044d\u043a\u0440\u0430\u043d\u0430-2025-05-28-173729-624x335.jpg 624w, https:\/\/hand2noteguide.com\/wp-content\/uploads\/2025\/05\/\u0421\u043d\u0438\u043c\u043e\u043a-\u044d\u043a\u0440\u0430\u043d\u0430-2025-05-28-173729.jpg 1599w\" sizes=\"auto, (max-width: 1024px) 100vw, 1024px\" \/><\/figure>\n\n\n\n<p>Despu\u00e9s de completar el c\u00e1lculo, puedes notar la ventana del HUD del hero en las mesas y en el replayer.<\/p>\n\n\n\n<figure class=\"wp-block-image size-large\"><img loading=\"lazy\" decoding=\"async\" width=\"1024\" height=\"931\" src=\"http:\/\/hand2noteguide.com\/wp-content\/uploads\/2025\/05\/Poker-Table-1024x931.jpg\" alt=\"\" class=\"wp-image-12415\" srcset=\"https:\/\/hand2noteguide.com\/wp-content\/uploads\/2025\/05\/Poker-Table-1024x931.jpg 1024w, https:\/\/hand2noteguide.com\/wp-content\/uploads\/2025\/05\/Poker-Table-300x273.jpg 300w, https:\/\/hand2noteguide.com\/wp-content\/uploads\/2025\/05\/Poker-Table-768x698.jpg 768w, https:\/\/hand2noteguide.com\/wp-content\/uploads\/2025\/05\/Poker-Table-772x702.jpg 772w, https:\/\/hand2noteguide.com\/wp-content\/uploads\/2025\/05\/Poker-Table-624x567.jpg 624w, https:\/\/hand2noteguide.com\/wp-content\/uploads\/2025\/05\/Poker-Table.jpg 1100w\" sizes=\"auto, (max-width: 1024px) 100vw, 1024px\" \/><\/figure>\n","protected":false},"excerpt":{"rendered":"<p>Hand2Note te permite mostrar, adem\u00e1s de las ventanas de HUD para cada oponente, una ventana de HUD adicional para el hero. Reflejar\u00e1 las estad\u00edsticas de tu juego. Esta funci\u00f3n muestra c\u00f3mo podr\u00edan aparecer tus estad\u00edsticas a los ojos de los oponentes. Esto, a su vez, ayudar\u00e1 a evitar la explotaci\u00f3n de su parte. La explotaci\u00f3n &hellip; <a href=\"https:\/\/hand2noteguide.com\/es\/user-manual\/displaying-a-hud-on-a-hero\/\" class=\"more-link\">Continue reading <span class=\"screen-reader-text\">Mostrando HUD en Hero<\/span><\/a><\/p>\n","protected":false},"author":3,"featured_media":12399,"parent":9199,"menu_order":0,"comment_status":"closed","ping_status":"closed","template":"","meta":{"footnotes":""},"class_list":["post-12396","page","type-page","status-publish","has-post-thumbnail","hentry"],"translation":{"provider":"WPGlobus","version":"3.0.2","language":"es","enabled_languages":["en","ru","pt","zh","es","fr","de","it","ja"],"languages":{"en":{"title":true,"content":true,"excerpt":false},"ru":{"title":true,"content":true,"excerpt":false},"pt":{"title":true,"content":true,"excerpt":false},"zh":{"title":true,"content":true,"excerpt":false},"es":{"title":true,"content":true,"excerpt":false},"fr":{"title":true,"content":true,"excerpt":false},"de":{"title":true,"content":true,"excerpt":false},"it":{"title":true,"content":true,"excerpt":false},"ja":{"title":true,"content":true,"excerpt":false}}},"yoast_head":"<!-- This site is optimized with the Yoast SEO plugin v27.0 - https:\/\/yoast.com\/product\/yoast-seo-wordpress\/ -->\n<title>Mostrando HUD en Hero con Hand2Note<\/title>\n<meta name=\"description\" content=\"Aprende c\u00f3mo configurar la visualizaci\u00f3n de la ventana HUD en el hero en Hand2Note para ver tus estad\u00edsticas y evitar la explotaci\u00f3n por parte de los oponentes.\" \/>\n<meta name=\"robots\" content=\"index, follow, max-snippet:-1, max-image-preview:large, max-video-preview:-1\" \/>\n<link rel=\"canonical\" href=\"https:\/\/hand2noteguide.com\/user-manual\/displaying-a-hud-on-a-hero\/\" \/>\n<meta property=\"og:locale\" content=\"es_ES\" \/>\n<meta property=\"og:type\" content=\"article\" \/>\n<meta property=\"og:title\" content=\"Mostrando HUD en Hero con Hand2Note\" \/>\n<meta property=\"og:description\" content=\"Aprende c\u00f3mo configurar la visualizaci\u00f3n de la ventana HUD en el hero en Hand2Note para ver tus estad\u00edsticas y evitar la explotaci\u00f3n por parte de los oponentes.\" \/>\n<meta property=\"og:url\" content=\"https:\/\/hand2noteguide.com\/user-manual\/displaying-a-hud-on-a-hero\/\" \/>\n<meta property=\"og:site_name\" content=\"Hand2Note Guide\" \/>\n<meta property=\"article:modified_time\" content=\"2026-03-10T08:31:19+00:00\" \/>\n<meta property=\"og:image\" content=\"https:\/\/hand2noteguide.com\/wp-content\/uploads\/2025\/05\/\u0411\u0435\u0437-\u0438\u043c\u0435\u043d\u0438-1-6.jpg\" \/>\n\t<meta property=\"og:image:width\" content=\"1920\" \/>\n\t<meta property=\"og:image:height\" content=\"1080\" \/>\n\t<meta property=\"og:image:type\" content=\"image\/jpeg\" \/>\n<meta name=\"twitter:card\" content=\"summary_large_image\" \/>\n<meta name=\"twitter:label1\" content=\"Est. reading time\" \/>\n\t<meta name=\"twitter:data1\" content=\"9 minutes\" \/>\n<!-- \/ Yoast SEO plugin. -->","yoast_head_json":{"title":"Mostrando HUD en Hero con Hand2Note","description":"Aprende c\u00f3mo configurar la visualizaci\u00f3n de la ventana HUD en el hero en Hand2Note para ver tus estad\u00edsticas y evitar la explotaci\u00f3n por parte de los oponentes.","robots":{"index":"index","follow":"follow","max-snippet":"max-snippet:-1","max-image-preview":"max-image-preview:large","max-video-preview":"max-video-preview:-1"},"canonical":"https:\/\/hand2noteguide.com\/user-manual\/displaying-a-hud-on-a-hero\/","og_locale":"es_ES","og_type":"article","og_title":"Mostrando HUD en Hero con Hand2Note","og_description":"Aprende c\u00f3mo configurar la visualizaci\u00f3n de la ventana HUD en el hero en Hand2Note para ver tus estad\u00edsticas y evitar la explotaci\u00f3n por parte de los oponentes.","og_url":"https:\/\/hand2noteguide.com\/user-manual\/displaying-a-hud-on-a-hero\/","og_site_name":"Hand2Note Guide","article_modified_time":"2026-03-10T08:31:19+00:00","og_image":[{"width":1920,"height":1080,"url":"https:\/\/hand2noteguide.com\/wp-content\/uploads\/2025\/05\/\u0411\u0435\u0437-\u0438\u043c\u0435\u043d\u0438-1-6.jpg","type":"image\/jpeg"}],"twitter_card":"summary_large_image","twitter_misc":{"Est. reading time":"9 minutes"},"schema":{"@context":"https:\/\/schema.org","@graph":[]}},"jetpack_sharing_enabled":true,"_links":{"self":[{"href":"https:\/\/hand2noteguide.com\/es\/wp-json\/wp\/v2\/pages\/12396","targetHints":{"allow":["GET"]}}],"collection":[{"href":"https:\/\/hand2noteguide.com\/es\/wp-json\/wp\/v2\/pages"}],"about":[{"href":"https:\/\/hand2noteguide.com\/es\/wp-json\/wp\/v2\/types\/page"}],"author":[{"embeddable":true,"href":"https:\/\/hand2noteguide.com\/es\/wp-json\/wp\/v2\/users\/3"}],"replies":[{"embeddable":true,"href":"https:\/\/hand2noteguide.com\/es\/wp-json\/wp\/v2\/comments?post=12396"}],"version-history":[{"count":38,"href":"https:\/\/hand2noteguide.com\/es\/wp-json\/wp\/v2\/pages\/12396\/revisions"}],"predecessor-version":[{"id":15632,"href":"https:\/\/hand2noteguide.com\/es\/wp-json\/wp\/v2\/pages\/12396\/revisions\/15632"}],"up":[{"embeddable":true,"href":"https:\/\/hand2noteguide.com\/es\/wp-json\/wp\/v2\/pages\/9199"}],"wp:featuredmedia":[{"embeddable":true,"href":"https:\/\/hand2noteguide.com\/es\/wp-json\/wp\/v2\/media\/12399"}],"wp:attachment":[{"href":"https:\/\/hand2noteguide.com\/es\/wp-json\/wp\/v2\/media?parent=12396"}],"curies":[{"name":"wp","href":"https:\/\/api.w.org\/{rel}","templated":true}]}}