{"id":124,"date":"2018-07-31T22:17:50","date_gmt":"2018-07-31T19:17:50","guid":{"rendered":"https:\/\/h2n312.wordpress.com\/?page_id=124"},"modified":"2025-06-04T19:16:49","modified_gmt":"2025-06-04T16:16:49","slug":"reinstall","status":"publish","type":"page","link":"https:\/\/hand2noteguide.com\/es\/issues-resolving\/reinstall\/","title":{"rendered":"Reinstalaci\u00f3n de Hand2Note"},"content":{"rendered":"<p>Si decides reinstalar Hand2Note debido a que <a href=\"https:\/\/hand2noteguide.com\/es\/issues-resolving\/hand2note-lags\/\">se congela o funciona lentamente<\/a>, o <a href=\"https:\/\/hand2noteguide.com\/es\/issues-resolving\/h2n-takes-much-space\/\">ocupa demasiado espacio<\/a>, primero busca otras posibles soluciones en los enlaces, es posible que puedas resolver el problema utilizando m\u00e9todos menos radicales.<\/p>\n<p>Para reinstalar Hand2Note, sigue estas instrucciones:<\/p>\n<ol>\n<li>Reinicia tu PC y no inicies ninguna otra aplicaci\u00f3n durante la reinstalaci\u00f3n.<\/li>\n<li>Antes de eliminar el programa, puedes guardar tus <a href=\"https:\/\/hand2noteguide.com\/es\/guide\/moving-hud-and-settings\/\">ajustes<\/a>, <a href=\"https:\/\/hand2noteguide.com\/es\/guide\/where-are-notes-stored\/\">notas<\/a> y <a href=\"https:\/\/hand2noteguide.com\/es\/guide\/moving-marked-hands\/\">manos marcadas<\/a>, si es necesario.<\/li>\n<li>En algunos casos, es necesario eliminar la <a href=\"https:\/\/hand2noteguide.com\/es\/guide\/database\/\">base de datos<\/a>. Si deseas hacer esto, elimina <a href=\"https:\/\/hand2noteguide.com\/es\/guide\/database\/where-is-database-stored\/\">la carpeta donde se almacena la base de datos<\/a> (por defecto, es <i>C:\/UsersYour\/Username\/AppData\/Roaming\/Hand2Note\/h2ndb<\/i>). Si deseas conservar tu base de datos, omite este paso.<\/li>\n<li>Elimina Hand2Note a trav\u00e9s del panel de control.<\/li>\n<li>Elimina manualmente todos los archivos de la carpeta del programa. Por defecto es <em>C:\/Program Files\/Hand2Note<\/em>.<\/li>\n<li><a href=\"https:\/\/hand2note.com\/?aid=c0\" target=\"_blank\" rel=\"noopener noreferrer\">Descarga<\/a> e instala Hand2Note, <a href=\"https:\/\/hand2noteguide.com\/es\/guide\/hand2note-version\/\">actualiza a la \u00faltima versi\u00f3n<\/a> si es necesario.<\/li>\n<li>Ejecuta Hand2Note como administrador en la configuraci\u00f3n predeterminada (no restaures tu configuraci\u00f3n), <a href=\"https:\/\/hand2noteguide.com\/es\/guide\/serial-key\/\">ingresa la clave de licencia<\/a> y verifica si el problema persiste que ocurri\u00f3 antes de reinstalar.<\/li>\n<li>Si todo est\u00e1 bien, devuelve la configuraci\u00f3n previamente guardada a la carpeta del programa. Sin embargo, si tu configuraci\u00f3n ha sido sobresaturada con varios paquetes, una buena soluci\u00f3n ser\u00eda no restaurarla, sino contactar solo con los desarrolladores de los huds que usas actualmente e instalar los paquetes necesarios en la configuraci\u00f3n predeterminada.<\/li>\n<li>Si eliminaste una base de datos, puedes importar manos a una nueva base de datos desde los <a href=\"https:\/\/hand2noteguide.com\/es\/guide\/hands-archive\/\">archivos del programa<\/a>.<\/li>\n<\/ol>\n","protected":false},"excerpt":{"rendered":"<p>Si decides reinstalar Hand2Note debido a que se congela o funciona lentamente, o ocupa demasiado espacio, primero busca otras posibles soluciones en los enlaces, es posible que puedas resolver el problema utilizando m\u00e9todos menos radicales. Para reinstalar Hand2Note, sigue estas instrucciones: Reinicia tu PC y no inicies ninguna otra aplicaci\u00f3n durante la reinstalaci\u00f3n. Antes de &hellip; <a href=\"https:\/\/hand2noteguide.com\/es\/issues-resolving\/reinstall\/\" class=\"more-link\">Continue reading <span class=\"screen-reader-text\">Reinstalaci\u00f3n de Hand2Note<\/span><\/a><\/p>\n","protected":false},"author":1,"featured_media":0,"parent":236,"menu_order":6,"comment_status":"closed","ping_status":"closed","template":"page-templates\/full-width-page.php","meta":{"footnotes":""},"class_list":["post-124","page","type-page","status-publish","hentry"],"translation":{"provider":"WPGlobus","version":"3.0.2","language":"es","enabled_languages":["en","ru","pt","zh","es","fr","de","it","ja"],"languages":{"en":{"title":true,"content":true,"excerpt":false},"ru":{"title":true,"content":true,"excerpt":false},"pt":{"title":true,"content":true,"excerpt":false},"zh":{"title":true,"content":true,"excerpt":false},"es":{"title":true,"content":true,"excerpt":false},"fr":{"title":true,"content":true,"excerpt":false},"de":{"title":true,"content":true,"excerpt":false},"it":{"title":true,"content":true,"excerpt":false},"ja":{"title":true,"content":true,"excerpt":false}}},"yoast_head":"<!-- This site is optimized with the Yoast SEO plugin v27.0 - https:\/\/yoast.com\/product\/yoast-seo-wordpress\/ -->\n<title>C\u00f3mo Reinstalar Hand2Note: Gu\u00eda Paso a Paso<\/title>\n<meta name=\"description\" content=\"Aprende a reinstalar Hand2Note de manera efectiva con nuestra gu\u00eda paso a paso. Resuelve problemas de rendimiento y optimiza tu configuraci\u00f3n en solo unos pocos pasos sencillos.\" \/>\n<meta name=\"robots\" content=\"index, follow, max-snippet:-1, max-image-preview:large, max-video-preview:-1\" \/>\n<link rel=\"canonical\" href=\"https:\/\/hand2noteguide.com\/issues-resolving\/reinstall\/\" \/>\n<meta property=\"og:locale\" content=\"es_ES\" \/>\n<meta property=\"og:type\" content=\"article\" \/>\n<meta property=\"og:title\" content=\"C\u00f3mo Reinstalar Hand2Note: Gu\u00eda Paso a Paso\" \/>\n<meta property=\"og:description\" content=\"Aprende a reinstalar Hand2Note de manera efectiva con nuestra gu\u00eda paso a paso. Resuelve problemas de rendimiento y optimiza tu configuraci\u00f3n en solo unos pocos pasos sencillos.\" \/>\n<meta property=\"og:url\" content=\"https:\/\/hand2noteguide.com\/issues-resolving\/reinstall\/\" \/>\n<meta property=\"og:site_name\" content=\"Hand2Note Guide\" \/>\n<meta property=\"article:modified_time\" content=\"2025-06-04T16:16:49+00:00\" \/>\n<meta name=\"twitter:card\" content=\"summary_large_image\" \/>\n<meta name=\"twitter:label1\" content=\"Est. reading time\" \/>\n\t<meta name=\"twitter:data1\" content=\"9 minutes\" \/>\n<!-- \/ Yoast SEO plugin. -->","yoast_head_json":{"title":"C\u00f3mo Reinstalar Hand2Note: Gu\u00eda Paso a Paso","description":"Aprende a reinstalar Hand2Note de manera efectiva con nuestra gu\u00eda paso a paso. Resuelve problemas de rendimiento y optimiza tu configuraci\u00f3n en solo unos pocos pasos sencillos.","robots":{"index":"index","follow":"follow","max-snippet":"max-snippet:-1","max-image-preview":"max-image-preview:large","max-video-preview":"max-video-preview:-1"},"canonical":"https:\/\/hand2noteguide.com\/issues-resolving\/reinstall\/","og_locale":"es_ES","og_type":"article","og_title":"C\u00f3mo Reinstalar Hand2Note: Gu\u00eda Paso a Paso","og_description":"Aprende a reinstalar Hand2Note de manera efectiva con nuestra gu\u00eda paso a paso. Resuelve problemas de rendimiento y optimiza tu configuraci\u00f3n en solo unos pocos pasos sencillos.","og_url":"https:\/\/hand2noteguide.com\/issues-resolving\/reinstall\/","og_site_name":"Hand2Note Guide","article_modified_time":"2025-06-04T16:16:49+00:00","twitter_card":"summary_large_image","twitter_misc":{"Est. reading time":"9 minutes"},"schema":{"@context":"https:\/\/schema.org","@graph":[]}},"jetpack_sharing_enabled":false,"_links":{"self":[{"href":"https:\/\/hand2noteguide.com\/es\/wp-json\/wp\/v2\/pages\/124","targetHints":{"allow":["GET"]}}],"collection":[{"href":"https:\/\/hand2noteguide.com\/es\/wp-json\/wp\/v2\/pages"}],"about":[{"href":"https:\/\/hand2noteguide.com\/es\/wp-json\/wp\/v2\/types\/page"}],"author":[{"embeddable":true,"href":"https:\/\/hand2noteguide.com\/es\/wp-json\/wp\/v2\/users\/1"}],"replies":[{"embeddable":true,"href":"https:\/\/hand2noteguide.com\/es\/wp-json\/wp\/v2\/comments?post=124"}],"version-history":[{"count":22,"href":"https:\/\/hand2noteguide.com\/es\/wp-json\/wp\/v2\/pages\/124\/revisions"}],"predecessor-version":[{"id":13556,"href":"https:\/\/hand2noteguide.com\/es\/wp-json\/wp\/v2\/pages\/124\/revisions\/13556"}],"up":[{"embeddable":true,"href":"https:\/\/hand2noteguide.com\/es\/wp-json\/wp\/v2\/pages\/236"}],"wp:attachment":[{"href":"https:\/\/hand2noteguide.com\/es\/wp-json\/wp\/v2\/media?parent=124"}],"curies":[{"name":"wp","href":"https:\/\/api.w.org\/{rel}","templated":true}]}}