{"id":12436,"date":"2025-05-29T16:23:34","date_gmt":"2025-05-29T13:23:34","guid":{"rendered":"https:\/\/hand2noteguide.com\/?page_id=12436"},"modified":"2026-03-10T11:32:08","modified_gmt":"2026-03-10T08:32:08","slug":"when-is-it-more-profitable-to-play-morning-or-evening","status":"publish","type":"page","link":"https:\/\/hand2noteguide.com\/es\/user-manual\/when-is-it-more-profitable-to-play-morning-or-evening\/","title":{"rendered":"\u00bfCu\u00e1ndo es m\u00e1s rentable jugar: por la ma\u00f1ana o por la noche?"},"content":{"rendered":"\n<p>Muchos jugadores de p\u00f3ker en l\u00ednea eventualmente se enfrentan a la cuesti\u00f3n de cambiar la hora del d\u00eda en que juegan. Esto a menudo est\u00e1 relacionado con subir de nivel en las apuestas o cambiar de plataforma de p\u00f3ker.<\/p>\n\n\n\n<p>Despu\u00e9s de jugar un n\u00famero suficiente de manos en un nuevo horario, surge el deseo de comparar los resultados de tu juego con los resultados anteriores.<\/p>\n\n\n\n<p>Hand2Note te permite generar <a href=\"https:\/\/hand2noteguide.com\/es\/user-manual\/hand2note-report-menu\/\">informes de juego<\/a> para diferentes horas del d\u00eda. Esto te ayudar\u00e1 a ver visualmente tus resultados en diferentes momentos del d\u00eda o de la noche. Tambi\u00e9n te ayudar\u00e1 a responder a la pregunta: \u00bfdeber\u00edas cambiar tu horario de juego o no?<\/p>\n\n\n\n<h2 class=\"wp-block-heading\">Generar un informe de juego para una hora espec\u00edfica del d\u00eda con Hand2Note<\/h2>\n\n\n\n<p>En la ventana principal de Hand2Note, abre los informes haciendo clic en &#8220;Reports&#8221; (1). Luego haz clic en &#8220;+ Filter&#8221; (2) para abrir el men\u00fa de filtros r\u00e1pidos, y ve a la pesta\u00f1a &#8220;Session&#8221; (3).<\/p>\n\n\n\n<figure class=\"wp-block-image size-large\"><img loading=\"lazy\" decoding=\"async\" width=\"1024\" height=\"576\" src=\"http:\/\/hand2noteguide.com\/wp-content\/uploads\/2025\/05\/\u0411\u0435\u0437-\u0438\u043c\u0435\u043d\u0438-2-4-1024x576.jpg\" alt=\"\" class=\"wp-image-12645\" srcset=\"https:\/\/hand2noteguide.com\/wp-content\/uploads\/2025\/05\/\u0411\u0435\u0437-\u0438\u043c\u0435\u043d\u0438-2-4-1024x576.jpg 1024w, https:\/\/hand2noteguide.com\/wp-content\/uploads\/2025\/05\/\u0411\u0435\u0437-\u0438\u043c\u0435\u043d\u0438-2-4-300x169.jpg 300w, https:\/\/hand2noteguide.com\/wp-content\/uploads\/2025\/05\/\u0411\u0435\u0437-\u0438\u043c\u0435\u043d\u0438-2-4-768x432.jpg 768w, https:\/\/hand2noteguide.com\/wp-content\/uploads\/2025\/05\/\u0411\u0435\u0437-\u0438\u043c\u0435\u043d\u0438-2-4-1536x864.jpg 1536w, https:\/\/hand2noteguide.com\/wp-content\/uploads\/2025\/05\/\u0411\u0435\u0437-\u0438\u043c\u0435\u043d\u0438-2-4-772x434.jpg 772w, https:\/\/hand2noteguide.com\/wp-content\/uploads\/2025\/05\/\u0411\u0435\u0437-\u0438\u043c\u0435\u043d\u0438-2-4-624x351.jpg 624w, https:\/\/hand2noteguide.com\/wp-content\/uploads\/2025\/05\/\u0411\u0435\u0437-\u0438\u043c\u0435\u043d\u0438-2-4.jpg 1920w\" sizes=\"auto, (max-width: 1024px) 100vw, 1024px\" \/><\/figure>\n\n\n\n<p>En la ventana de configuraci\u00f3n del filtro de sesi\u00f3n, especifica el rango de tiempo requerido para el an\u00e1lisis junto al par\u00e1metro &#8220;Time of Day&#8221; (4). Haz clic en &#8220;OK&#8221; (5) para aplicar el filtro.<\/p>\n\n\n\n<p>Despu\u00e9s de aplicar el filtro, puedes ver su actividad en el \u00e1rea (1).<\/p>\n\n\n\n<figure class=\"wp-block-image size-large\"><img loading=\"lazy\" decoding=\"async\" width=\"1024\" height=\"576\" src=\"http:\/\/hand2noteguide.com\/wp-content\/uploads\/2025\/05\/\u0411\u0435\u0437-\u0438\u043c\u0435\u043d\u0438-3-3-1024x576.jpg\" alt=\"\" class=\"wp-image-12647\" srcset=\"https:\/\/hand2noteguide.com\/wp-content\/uploads\/2025\/05\/\u0411\u0435\u0437-\u0438\u043c\u0435\u043d\u0438-3-3-1024x576.jpg 1024w, https:\/\/hand2noteguide.com\/wp-content\/uploads\/2025\/05\/\u0411\u0435\u0437-\u0438\u043c\u0435\u043d\u0438-3-3-300x169.jpg 300w, https:\/\/hand2noteguide.com\/wp-content\/uploads\/2025\/05\/\u0411\u0435\u0437-\u0438\u043c\u0435\u043d\u0438-3-3-768x432.jpg 768w, https:\/\/hand2noteguide.com\/wp-content\/uploads\/2025\/05\/\u0411\u0435\u0437-\u0438\u043c\u0435\u043d\u0438-3-3-1536x864.jpg 1536w, https:\/\/hand2noteguide.com\/wp-content\/uploads\/2025\/05\/\u0411\u0435\u0437-\u0438\u043c\u0435\u043d\u0438-3-3-772x434.jpg 772w, https:\/\/hand2noteguide.com\/wp-content\/uploads\/2025\/05\/\u0411\u0435\u0437-\u0438\u043c\u0435\u043d\u0438-3-3-624x351.jpg 624w, https:\/\/hand2noteguide.com\/wp-content\/uploads\/2025\/05\/\u0411\u0435\u0437-\u0438\u043c\u0435\u043d\u0438-3-3.jpg 1920w\" sizes=\"auto, (max-width: 1024px) 100vw, 1024px\" \/><\/figure>\n\n\n\n<p>Debajo del \u00e1rea (1), puedes ver tus resultados de juego dentro del rango de tiempo especificado.<\/p>\n\n\n\n<p>De esta manera, puedes generar un informe de tu juego para diferentes horas del d\u00eda. Al comparar los datos del juego para diferentes intervalos de tiempo, puedes sacar conclusiones sobre tus resultados al cambiar tu horario de juego.<\/p>\n","protected":false},"excerpt":{"rendered":"<p>Muchos jugadores de p\u00f3ker en l\u00ednea eventualmente se enfrentan a la cuesti\u00f3n de cambiar la hora del d\u00eda en que juegan. Esto a menudo est\u00e1 relacionado con subir de nivel en las apuestas o cambiar de plataforma de p\u00f3ker. Despu\u00e9s de jugar un n\u00famero suficiente de manos en un nuevo horario, surge el deseo de &hellip; <a href=\"https:\/\/hand2noteguide.com\/es\/user-manual\/when-is-it-more-profitable-to-play-morning-or-evening\/\" class=\"more-link\">Continue reading <span class=\"screen-reader-text\">\u00bfCu\u00e1ndo es m\u00e1s rentable jugar: por la ma\u00f1ana o por la noche?<\/span><\/a><\/p>\n","protected":false},"author":3,"featured_media":12692,"parent":9199,"menu_order":0,"comment_status":"closed","ping_status":"closed","template":"","meta":{"footnotes":""},"class_list":["post-12436","page","type-page","status-publish","has-post-thumbnail","hentry"],"translation":{"provider":"WPGlobus","version":"3.0.2","language":"es","enabled_languages":["en","ru","pt","zh","es","fr","de","it","ja"],"languages":{"en":{"title":true,"content":true,"excerpt":false},"ru":{"title":true,"content":true,"excerpt":false},"pt":{"title":true,"content":true,"excerpt":false},"zh":{"title":true,"content":true,"excerpt":false},"es":{"title":true,"content":true,"excerpt":false},"fr":{"title":true,"content":true,"excerpt":false},"de":{"title":true,"content":true,"excerpt":false},"it":{"title":true,"content":true,"excerpt":false},"ja":{"title":true,"content":true,"excerpt":false}}},"yoast_head":"<!-- This site is optimized with the Yoast SEO plugin v27.0 - https:\/\/yoast.com\/product\/yoast-seo-wordpress\/ -->\n<title>\u00bfCu\u00e1ndo es m\u00e1s rentable jugar: por la ma\u00f1ana o por la noche?<\/title>\n<meta name=\"description\" content=\"Descubre qu\u00e9 hora del d\u00eda es m\u00e1s rentable para jugar al p\u00f3ker. Compara resultados y decide si deber\u00edas cambiar tu horario de juego.\" \/>\n<meta name=\"robots\" content=\"index, follow, max-snippet:-1, max-image-preview:large, max-video-preview:-1\" \/>\n<link rel=\"canonical\" href=\"https:\/\/hand2noteguide.com\/user-manual\/when-is-it-more-profitable-to-play-morning-or-evening\/\" \/>\n<meta property=\"og:locale\" content=\"es_ES\" \/>\n<meta property=\"og:type\" content=\"article\" \/>\n<meta property=\"og:title\" content=\"\u00bfCu\u00e1ndo es m\u00e1s rentable jugar: por la ma\u00f1ana o por la noche?\" \/>\n<meta property=\"og:description\" content=\"Descubre qu\u00e9 hora del d\u00eda es m\u00e1s rentable para jugar al p\u00f3ker. Compara resultados y decide si deber\u00edas cambiar tu horario de juego.\" \/>\n<meta property=\"og:url\" content=\"https:\/\/hand2noteguide.com\/user-manual\/when-is-it-more-profitable-to-play-morning-or-evening\/\" \/>\n<meta property=\"og:site_name\" content=\"Hand2Note Guide\" \/>\n<meta property=\"article:modified_time\" content=\"2026-03-10T08:32:08+00:00\" \/>\n<meta property=\"og:image\" content=\"https:\/\/hand2noteguide.com\/wp-content\/uploads\/2025\/05\/day-or-night-play-min.jpg\" \/>\n\t<meta property=\"og:image:width\" content=\"1512\" \/>\n\t<meta property=\"og:image:height\" content=\"1024\" \/>\n\t<meta property=\"og:image:type\" content=\"image\/jpeg\" \/>\n<meta name=\"twitter:card\" content=\"summary_large_image\" \/>\n<meta name=\"twitter:label1\" content=\"Est. reading time\" \/>\n\t<meta name=\"twitter:data1\" content=\"8 minutes\" \/>\n<!-- \/ Yoast SEO plugin. -->","yoast_head_json":{"title":"\u00bfCu\u00e1ndo es m\u00e1s rentable jugar: por la ma\u00f1ana o por la noche?","description":"Descubre qu\u00e9 hora del d\u00eda es m\u00e1s rentable para jugar al p\u00f3ker. Compara resultados y decide si deber\u00edas cambiar tu horario de juego.","robots":{"index":"index","follow":"follow","max-snippet":"max-snippet:-1","max-image-preview":"max-image-preview:large","max-video-preview":"max-video-preview:-1"},"canonical":"https:\/\/hand2noteguide.com\/user-manual\/when-is-it-more-profitable-to-play-morning-or-evening\/","og_locale":"es_ES","og_type":"article","og_title":"\u00bfCu\u00e1ndo es m\u00e1s rentable jugar: por la ma\u00f1ana o por la noche?","og_description":"Descubre qu\u00e9 hora del d\u00eda es m\u00e1s rentable para jugar al p\u00f3ker. Compara resultados y decide si deber\u00edas cambiar tu horario de juego.","og_url":"https:\/\/hand2noteguide.com\/user-manual\/when-is-it-more-profitable-to-play-morning-or-evening\/","og_site_name":"Hand2Note Guide","article_modified_time":"2026-03-10T08:32:08+00:00","og_image":[{"width":1512,"height":1024,"url":"https:\/\/hand2noteguide.com\/wp-content\/uploads\/2025\/05\/day-or-night-play-min.jpg","type":"image\/jpeg"}],"twitter_card":"summary_large_image","twitter_misc":{"Est. reading time":"8 minutes"},"schema":{"@context":"https:\/\/schema.org","@graph":[]}},"jetpack_sharing_enabled":true,"_links":{"self":[{"href":"https:\/\/hand2noteguide.com\/es\/wp-json\/wp\/v2\/pages\/12436","targetHints":{"allow":["GET"]}}],"collection":[{"href":"https:\/\/hand2noteguide.com\/es\/wp-json\/wp\/v2\/pages"}],"about":[{"href":"https:\/\/hand2noteguide.com\/es\/wp-json\/wp\/v2\/types\/page"}],"author":[{"embeddable":true,"href":"https:\/\/hand2noteguide.com\/es\/wp-json\/wp\/v2\/users\/3"}],"replies":[{"embeddable":true,"href":"https:\/\/hand2noteguide.com\/es\/wp-json\/wp\/v2\/comments?post=12436"}],"version-history":[{"count":49,"href":"https:\/\/hand2noteguide.com\/es\/wp-json\/wp\/v2\/pages\/12436\/revisions"}],"predecessor-version":[{"id":15633,"href":"https:\/\/hand2noteguide.com\/es\/wp-json\/wp\/v2\/pages\/12436\/revisions\/15633"}],"up":[{"embeddable":true,"href":"https:\/\/hand2noteguide.com\/es\/wp-json\/wp\/v2\/pages\/9199"}],"wp:featuredmedia":[{"embeddable":true,"href":"https:\/\/hand2noteguide.com\/es\/wp-json\/wp\/v2\/media\/12692"}],"wp:attachment":[{"href":"https:\/\/hand2noteguide.com\/es\/wp-json\/wp\/v2\/media?parent=12436"}],"curies":[{"name":"wp","href":"https:\/\/api.w.org\/{rel}","templated":true}]}}