{"id":12655,"date":"2025-05-30T18:27:45","date_gmt":"2025-05-30T15:27:45","guid":{"rendered":"https:\/\/hand2noteguide.com\/?page_id=12655"},"modified":"2026-03-10T11:32:47","modified_gmt":"2026-03-10T08:32:47","slug":"setting-up-a-quick-hand-preview-hand-view","status":"publish","type":"page","link":"https:\/\/hand2noteguide.com\/es\/user-manual\/setting-up-a-quick-hand-preview-hand-view\/","title":{"rendered":"Configuraci\u00f3n r\u00e1pida de revisi\u00f3n de manos"},"content":{"rendered":"\n<p>Hand2Note ofrece una vista de manos basada en texto muy conveniente: Revisi\u00f3n R\u00e1pida de Manos. Est\u00e1 disponible en la secci\u00f3n de <a href=\"https:\/\/hand2noteguide.com\/es\/user-manual\/hand2note-report-menu\/\">Informes<\/a>, <a href=\"https:\/\/hand2noteguide.com\/es\/user-manual\/hand2note-sessions\/\">Sesiones<\/a>, y tambi\u00e9n en <a href=\"https:\/\/hand2noteguide.com\/es\/user-manual\/the-use-and-possibilities-of-notes-in-hand2note\/\">Notas<\/a>. Con la Revisi\u00f3n R\u00e1pida de Manos, puedes encontrar y analizar r\u00e1pidamente la mano necesaria entre muchas.<\/p>\n\n\n\n<p>La apariencia de la Revisi\u00f3n R\u00e1pida de Manos se puede personalizar seg\u00fan tus preferencias personales. En este art\u00edculo, te contaremos d\u00f3nde se encuentra el men\u00fa de configuraci\u00f3n de apariencia para la Revisi\u00f3n R\u00e1pida de Manos y qu\u00e9 opciones ofrece.<\/p>\n\n\n\n<h2 class=\"wp-block-heading\">Men\u00fa de configuraci\u00f3n de apariencia para &#8220;Vista de Manos&#8221;<\/h2>\n\n\n\n<p>Para abrir el men\u00fa de configuraci\u00f3n de apariencia para la Revisi\u00f3n R\u00e1pida de Manos, haz clic en &#8220;Configuraci\u00f3n&#8221;(1). Luego selecciona el men\u00fa &#8220;Vista de Manos&#8221; (2).<\/p>\n\n\n\n<figure class=\"wp-block-image size-large\"><img loading=\"lazy\" decoding=\"async\" width=\"1024\" height=\"576\" src=\"http:\/\/hand2noteguide.com\/wp-content\/uploads\/2025\/05\/\u0411\u0435\u0437-\u0438\u043c\u0435\u043d\u0438-7-1-1024x576.jpg\" alt=\"\" class=\"wp-image-12703\" srcset=\"https:\/\/hand2noteguide.com\/wp-content\/uploads\/2025\/05\/\u0411\u0435\u0437-\u0438\u043c\u0435\u043d\u0438-7-1-1024x576.jpg 1024w, https:\/\/hand2noteguide.com\/wp-content\/uploads\/2025\/05\/\u0411\u0435\u0437-\u0438\u043c\u0435\u043d\u0438-7-1-300x169.jpg 300w, https:\/\/hand2noteguide.com\/wp-content\/uploads\/2025\/05\/\u0411\u0435\u0437-\u0438\u043c\u0435\u043d\u0438-7-1-768x432.jpg 768w, https:\/\/hand2noteguide.com\/wp-content\/uploads\/2025\/05\/\u0411\u0435\u0437-\u0438\u043c\u0435\u043d\u0438-7-1-1536x864.jpg 1536w, https:\/\/hand2noteguide.com\/wp-content\/uploads\/2025\/05\/\u0411\u0435\u0437-\u0438\u043c\u0435\u043d\u0438-7-1-772x434.jpg 772w, https:\/\/hand2noteguide.com\/wp-content\/uploads\/2025\/05\/\u0411\u0435\u0437-\u0438\u043c\u0435\u043d\u0438-7-1-624x351.jpg 624w, https:\/\/hand2noteguide.com\/wp-content\/uploads\/2025\/05\/\u0411\u0435\u0437-\u0438\u043c\u0435\u043d\u0438-7-1.jpg 1920w\" sizes=\"auto, (max-width: 1024px) 100vw, 1024px\" \/><\/figure>\n\n\n\n<p>El men\u00fa de configuraci\u00f3n de apariencia para la Revisi\u00f3n R\u00e1pida de Manos consta de bloques:<\/p>\n\n\n\n<ul class=\"wp-block-list\">\n<li>&#8220;Colores&#8221;(3) &#8211; te permite personalizar el color de cada elemento en la fila de Revisi\u00f3n R\u00e1pida de Manos;<\/li>\n\n\n\n<li>&#8220;Fuentes&#8221;(4) &#8211; te permite personalizar el tama\u00f1o de fuente para los elementos de texto en la fila de Revisi\u00f3n R\u00e1pida de Manos;<\/li>\n\n\n\n<li>&#8220;Tama\u00f1o de Carta&#8221;(5) &#8211; te permite personalizar el tama\u00f1o de las im\u00e1genes de las cartas en la fila de Revisi\u00f3n R\u00e1pida de Manos;<\/li>\n\n\n\n<li>&#8220;Opciones&#8221;(6) &#8211; te permite usar configuraciones de visualizaci\u00f3n adicionales, tales como:\n<ul class=\"wp-block-list\">\n<li>&#8220;Tama\u00f1o de apuesta en BB&#8221; &#8211; cambia la visualizaci\u00f3n de las apuestas de montos en moneda a grandes ciegas;<\/li>\n\n\n\n<li>&#8220;Monto Ganado en BB&#8221; &#8211; cambia la visualizaci\u00f3n del monto ganado (o perdido) de montos en moneda a grandes ciegas;<\/li>\n\n\n\n<li>&#8220;Mostrar Monto de Acci\u00f3n&#8221; &#8211; habilita o deshabilita la visualizaci\u00f3n del monto ganado (o perdido);<\/li>\n\n\n\n<li>&#8220;Mostrar Tama\u00f1o de Stack Efectivo&#8221; &#8211; habilita o deshabilita la visualizaci\u00f3n del tama\u00f1o del stack efectivo;<\/li>\n\n\n\n<li>&#8220;Bote en scopies&#8221; &#8211; habilita o deshabilita la visualizaci\u00f3n del tama\u00f1o del bote en cada calle antes de las acciones del jugador &#8211; entre par\u00e9ntesis;<\/li>\n\n\n\n<li>&#8220;Tama\u00f1o de Stack Efectivo en scopies&#8221; &#8211; habilita o deshabilita la visualizaci\u00f3n del tama\u00f1o del stack efectivo &#8211; entre par\u00e9ntesis.<\/li>\n<\/ul>\n<\/li>\n\n\n\n<li>&#8220;Vista Previa&#8221;(7) &#8211; \u00e1rea de vista previa, te permite ver los cambios realizados en la configuraci\u00f3n de &#8220;Vista de Manos&#8221;.<\/li>\n<\/ul>\n\n\n\n<p>As\u00ed, al acceder al men\u00fa de configuraci\u00f3n de la Revisi\u00f3n R\u00e1pida de Manos, puedes personalizar su apariencia a tus preferencias. Esto simplificar\u00e1 la percepci\u00f3n visual de la &#8220;Vista de Manos&#8221; y acelerar\u00e1 tu toma de decisiones en las mesas al usar <a href=\"https:\/\/hand2noteguide.com\/es\/user-manual\/the-use-and-possibilities-of-notes-in-hand2note\/\">manos incluidas en notas<\/a>. Adem\u00e1s, esta configuraci\u00f3n facilitar\u00e1 la b\u00fasqueda de la mano necesaria entre muchas a trav\u00e9s de cualquier men\u00fa de Revisi\u00f3n R\u00e1pida de Manos.<\/p>\n\n\n\n<p>Ver tambi\u00e9n: <a href=\"https:\/\/hand2note.com\/Help\/Features\/compact-hand-view\" target=\"_blank\" rel=\"noreferrer noopener\">Manual oficial de Hand2Note: Vista Compacta de Manos<\/a>.<\/p>\n","protected":false},"excerpt":{"rendered":"<p>Hand2Note ofrece una vista de manos basada en texto muy conveniente: Revisi\u00f3n R\u00e1pida de Manos. Est\u00e1 disponible en la secci\u00f3n de Informes, Sesiones, y tambi\u00e9n en Notas. Con la Revisi\u00f3n R\u00e1pida de Manos, puedes encontrar y analizar r\u00e1pidamente la mano necesaria entre muchas. La apariencia de la Revisi\u00f3n R\u00e1pida de Manos se puede personalizar seg\u00fan &hellip; <a href=\"https:\/\/hand2noteguide.com\/es\/user-manual\/setting-up-a-quick-hand-preview-hand-view\/\" class=\"more-link\">Continue reading <span class=\"screen-reader-text\">Configuraci\u00f3n r\u00e1pida de revisi\u00f3n de manos<\/span><\/a><\/p>\n","protected":false},"author":3,"featured_media":12745,"parent":9199,"menu_order":0,"comment_status":"closed","ping_status":"closed","template":"","meta":{"footnotes":""},"class_list":["post-12655","page","type-page","status-publish","has-post-thumbnail","hentry"],"translation":{"provider":"WPGlobus","version":"3.0.2","language":"es","enabled_languages":["en","ru","pt","zh","es","fr","de","it","ja"],"languages":{"en":{"title":true,"content":true,"excerpt":false},"ru":{"title":true,"content":true,"excerpt":false},"pt":{"title":true,"content":true,"excerpt":false},"zh":{"title":true,"content":true,"excerpt":false},"es":{"title":true,"content":true,"excerpt":false},"fr":{"title":true,"content":true,"excerpt":false},"de":{"title":true,"content":true,"excerpt":false},"it":{"title":true,"content":true,"excerpt":false},"ja":{"title":true,"content":true,"excerpt":false}}},"yoast_head":"<!-- This site is optimized with the Yoast SEO plugin v27.0 - https:\/\/yoast.com\/product\/yoast-seo-wordpress\/ -->\n<title>Configuraci\u00f3n r\u00e1pida de revisi\u00f3n de manos en Hand2Note<\/title>\n<meta name=\"description\" content=\"Personaliza la apariencia de la Revisi\u00f3n R\u00e1pida de Manos en Hand2Note para facilitar el an\u00e1lisis y la toma de decisiones en la mesa. Aprende c\u00f3mo cambiar estilos y opciones.\" \/>\n<meta name=\"robots\" content=\"index, follow, max-snippet:-1, max-image-preview:large, max-video-preview:-1\" \/>\n<link rel=\"canonical\" href=\"https:\/\/hand2noteguide.com\/user-manual\/setting-up-a-quick-hand-preview-hand-view\/\" \/>\n<meta property=\"og:locale\" content=\"es_ES\" \/>\n<meta property=\"og:type\" content=\"article\" \/>\n<meta property=\"og:title\" content=\"Configuraci\u00f3n r\u00e1pida de revisi\u00f3n de manos en Hand2Note\" \/>\n<meta property=\"og:description\" content=\"Personaliza la apariencia de la Revisi\u00f3n R\u00e1pida de Manos en Hand2Note para facilitar el an\u00e1lisis y la toma de decisiones en la mesa. Aprende c\u00f3mo cambiar estilos y opciones.\" \/>\n<meta property=\"og:url\" content=\"https:\/\/hand2noteguide.com\/user-manual\/setting-up-a-quick-hand-preview-hand-view\/\" \/>\n<meta property=\"og:site_name\" content=\"Hand2Note Guide\" \/>\n<meta property=\"article:modified_time\" content=\"2026-03-10T08:32:47+00:00\" \/>\n<meta property=\"og:image\" content=\"https:\/\/hand2noteguide.com\/wp-content\/uploads\/2025\/06\/\u0411\u0435\u0437-\u0438\u043c\u0435\u043d\u0438-5.jpg\" \/>\n\t<meta property=\"og:image:width\" content=\"1920\" \/>\n\t<meta property=\"og:image:height\" content=\"1080\" \/>\n\t<meta property=\"og:image:type\" content=\"image\/jpeg\" \/>\n<meta name=\"twitter:card\" content=\"summary_large_image\" \/>\n<meta name=\"twitter:label1\" content=\"Est. reading time\" \/>\n\t<meta name=\"twitter:data1\" content=\"3 minutes\" \/>\n<!-- \/ Yoast SEO plugin. -->","yoast_head_json":{"title":"Configuraci\u00f3n r\u00e1pida de revisi\u00f3n de manos en Hand2Note","description":"Personaliza la apariencia de la Revisi\u00f3n R\u00e1pida de Manos en Hand2Note para facilitar el an\u00e1lisis y la toma de decisiones en la mesa. Aprende c\u00f3mo cambiar estilos y opciones.","robots":{"index":"index","follow":"follow","max-snippet":"max-snippet:-1","max-image-preview":"max-image-preview:large","max-video-preview":"max-video-preview:-1"},"canonical":"https:\/\/hand2noteguide.com\/user-manual\/setting-up-a-quick-hand-preview-hand-view\/","og_locale":"es_ES","og_type":"article","og_title":"Configuraci\u00f3n r\u00e1pida de revisi\u00f3n de manos en Hand2Note","og_description":"Personaliza la apariencia de la Revisi\u00f3n R\u00e1pida de Manos en Hand2Note para facilitar el an\u00e1lisis y la toma de decisiones en la mesa. Aprende c\u00f3mo cambiar estilos y opciones.","og_url":"https:\/\/hand2noteguide.com\/user-manual\/setting-up-a-quick-hand-preview-hand-view\/","og_site_name":"Hand2Note Guide","article_modified_time":"2026-03-10T08:32:47+00:00","og_image":[{"width":1920,"height":1080,"url":"https:\/\/hand2noteguide.com\/wp-content\/uploads\/2025\/06\/\u0411\u0435\u0437-\u0438\u043c\u0435\u043d\u0438-5.jpg","type":"image\/jpeg"}],"twitter_card":"summary_large_image","twitter_misc":{"Est. reading time":"3 minutes"},"schema":{"@context":"https:\/\/schema.org","@graph":[]}},"jetpack_sharing_enabled":true,"_links":{"self":[{"href":"https:\/\/hand2noteguide.com\/es\/wp-json\/wp\/v2\/pages\/12655","targetHints":{"allow":["GET"]}}],"collection":[{"href":"https:\/\/hand2noteguide.com\/es\/wp-json\/wp\/v2\/pages"}],"about":[{"href":"https:\/\/hand2noteguide.com\/es\/wp-json\/wp\/v2\/types\/page"}],"author":[{"embeddable":true,"href":"https:\/\/hand2noteguide.com\/es\/wp-json\/wp\/v2\/users\/3"}],"replies":[{"embeddable":true,"href":"https:\/\/hand2noteguide.com\/es\/wp-json\/wp\/v2\/comments?post=12655"}],"version-history":[{"count":53,"href":"https:\/\/hand2noteguide.com\/es\/wp-json\/wp\/v2\/pages\/12655\/revisions"}],"predecessor-version":[{"id":15634,"href":"https:\/\/hand2noteguide.com\/es\/wp-json\/wp\/v2\/pages\/12655\/revisions\/15634"}],"up":[{"embeddable":true,"href":"https:\/\/hand2noteguide.com\/es\/wp-json\/wp\/v2\/pages\/9199"}],"wp:featuredmedia":[{"embeddable":true,"href":"https:\/\/hand2noteguide.com\/es\/wp-json\/wp\/v2\/media\/12745"}],"wp:attachment":[{"href":"https:\/\/hand2noteguide.com\/es\/wp-json\/wp\/v2\/media?parent=12655"}],"curies":[{"name":"wp","href":"https:\/\/api.w.org\/{rel}","templated":true}]}}