{"id":12875,"date":"2025-06-02T21:40:43","date_gmt":"2025-06-02T18:40:43","guid":{"rendered":"https:\/\/hand2noteguide.com\/?page_id=12875"},"modified":"2026-02-20T17:34:14","modified_gmt":"2026-02-20T14:34:14","slug":"hand2note-3-free-version-is-gone-what-now","status":"publish","type":"page","link":"https:\/\/hand2noteguide.com\/es\/hand2note-3-free-version-is-gone-what-now\/","title":{"rendered":"La versi\u00f3n gratuita de Hand2Note 3 ha desaparecido \u2013 \u00bfY ahora qu\u00e9?"},"content":{"rendered":"\n<p><strong>El 29 de mayo de 2025<\/strong>, la <strong>versi\u00f3n gratuita (Base) de Hand2Note 3 fue oficialmente descontinuada<\/strong> \ud83e\udd7a. Despu\u00e9s de muchos a\u00f1os de servicio, esta herramienta confiable ya no est\u00e1 disponible para nuevos o existentes usuarios. Esta decisi\u00f3n fue tomada por el equipo de Hand2Note, y desafortunadamente, la versi\u00f3n gratuita no volver\u00e1.<\/p>\n\n\n\n<p>La <strong>versi\u00f3n gratuita de Hand2Note<\/strong> ha sido un pilar en el mundo del p\u00f3ker durante a\u00f1os. Miles de jugadores depend\u00edan de ella diariamente, desde grinders de bajos l\u00edmites hasta regulares serios. Era ligera, poderosa y, lo m\u00e1s importante, gratuita. Entendemos lo grande que es este cambio. Muchos jugadores han construido su rutina y revisi\u00f3n de juego alrededor de Hand2Note, y perder esta herramienta es frustrante.<\/p>\n\n\n\n<p>Como <strong>revendedor oficial de Hand2Note<\/strong>, queremos ser transparentes: esta <strong>no fue nuestra decisi\u00f3n<\/strong>, y no tenemos <strong>control<\/strong> sobre ella. Lo que <em>podemos<\/em> hacer es ayudarte a avanzar. A continuaci\u00f3n, te presentamos dos caminos claros que puedes seguir:<\/p>\n\n\n\n<h2 class=\"wp-block-heading\">\u2705 Opci\u00f3n 1: Obt\u00e9n Hand2Note 3 PRO o Hand2Note 4 con Descuento<\/h2>\n\n\n\n<p>Si te gust\u00f3 la versi\u00f3n gratuita, te encantar\u00e1 la versi\u00f3n completa PRO. Puedes actualizar a <strong>Hand2Note 3 PRO<\/strong> o al nuevo <a href=\"https:\/\/hand2noteguide.com\/es\/hand2note-4-getting-started\/\"><strong>Hand2Note 4<\/strong><\/a> con nuestro exclusivo <a href=\"https:\/\/hand2noteguide.com\/es\/promo\/\"><strong>c\u00f3digo promocional GUIDE10<\/strong><\/a>.<\/p>\n\n\n\n<p>Cuando compras a trav\u00e9s de nosotros, recibir\u00e1s:<\/p>\n\n\n\n<ul class=\"wp-block-list\">\n<li>\ud83c\udfaf <strong>10% de descuento<\/strong> en cualquier suscripci\u00f3n<\/li>\n\n\n\n<li>\ud83c\udf81 <a href=\"https:\/\/hand2noteguide.com\/es\/hud-store\/simple-cash-pack-for-free\/\"><strong>Paquete premium de HUD gratis<\/strong><\/a><\/li>\n\n\n\n<li>\ud83d\udcf9 <a href=\"https:\/\/hand2noteguide.com\/es\/video-course\/\"><strong>Curso en video gratis<\/strong><\/a> para ayudarte a dominar el software r\u00e1pidamente<\/li>\n<\/ul>\n\n\n\n<p>Aqu\u00ed est\u00e1n las opciones de suscripci\u00f3n actuales:<\/p>\n\n\n\n<ul class=\"wp-block-list\">\n<li><strong>1\ufe0f\u20e3 Hand2Note 3 PRO<\/strong> \u2013 $59.90\/mes o $588\/a\u00f1o<br>Con nuestro descuento: <strong>$53.90\/mes<\/strong> o <strong>$529.20\/a\u00f1o<\/strong><\/li>\n\n\n\n<li><strong>2\ufe0f\u20e3 Hand2Note 4 PRO<\/strong> \u2013 $59.90\/mes o $588\/a\u00f1o<br>Con nuestro descuento: <strong>$53.90\/mes<\/strong> o <strong>$529.20\/a\u00f1o<\/strong><\/li>\n\n\n\n<li><strong>3\ufe0f\u20e3 Hand2Note 4 Learner<\/strong> \u2013 $19.90\/mes o $192\/a\u00f1o<br>Con nuestro descuento: <strong>$17.90\/mes<\/strong> o <strong>$172.70\/a\u00f1o<\/strong><\/li>\n<\/ul>\n\n\n\n<p><em>Nota:<\/em> Learner es un nuevo tipo de licencia dise\u00f1ado para micro-l\u00edmites (hasta NL25 o buy-ins de $20) e incluye un l\u00edmite de base de datos de 200,000 manos.<\/p>\n\n\n\n<p>Esta es la mejor opci\u00f3n si deseas continuar usando el mismo conjunto de herramientas \u2014 ahora con acceso completo, mejores estad\u00edsticas y soporte premium.<\/p>\n\n\n\n<p style=\"margin-top:24px\">\n  <a href=\"https:\/\/hand2note3.hand2note.com\/\" class=\"article-action-link\" target=\"_blank\" rel=\"noopener\">\n     \ud83d\udfe2 Obtener Hand2Note 3 \u2192\n  <\/a>\n  <a href=\"https:\/\/hand2noteguide.com\/es\/go\/hand2note\/\" class=\"article-action-link\" target=\"_blank\" rel=\"sponsored noopener\">\n     \ud83d\udd35 Obtener Hand2Note 4 \u2192\n  <\/a>\n<\/p>\n\n\n\n<h2 class=\"wp-block-heading\">\u2705 Opci\u00f3n 2: Prueba Software de P\u00f3ker Alternativo<\/h2>\n\n\n\n<p>Si sientes que es momento de dejar Hand2Note \u2014 lo entendemos. Tal vez quieras un nuevo comienzo o una experiencia diferente. Hay varias alternativas en el mercado, y muchos jugadores est\u00e1n explorando otras opciones tambi\u00e9n.<\/p>\n\n\n\n<p>Respetamos completamente este camino. Deber\u00edas usar las herramientas que mejor funcionen para tu estilo personal, presupuesto y objetivos.<\/p>\n\n\n\n<h2 class=\"wp-block-heading\">Reflexiones Finales<\/h2>\n\n\n\n<p>Lamentamos profundamente ver desaparecer la versi\u00f3n gratuita de Hand2Note 3. Fue una herramienta confiable y querida durante muchos a\u00f1os, y su cierre deja un vac\u00edo en el mundo del software de p\u00f3ker.<\/p>\n\n\n\n<p>Pero esperamos que las opciones que compartimos aqu\u00ed te ayuden a avanzar. Ya sea que actualices, cambies a CoinPoker, o pruebes algo m\u00e1s \u2014 te deseamos lo mejor.<\/p>\n\n\n\n<p><strong>\u00a1Elige lo que mejor funcione para ti, y buena suerte en tu viaje de p\u00f3ker!<\/strong><\/p>\n\n\n\n<p><\/p>\n","protected":false},"excerpt":{"rendered":"<p>El 29 de mayo de 2025, la versi\u00f3n gratuita (Base) de Hand2Note 3 fue oficialmente descontinuada \ud83e\udd7a. Despu\u00e9s de muchos a\u00f1os de servicio, esta herramienta confiable ya no est\u00e1 disponible para nuevos o existentes usuarios. Esta decisi\u00f3n fue tomada por el equipo de Hand2Note, y desafortunadamente, la versi\u00f3n gratuita no volver\u00e1. La versi\u00f3n gratuita de &hellip; <a href=\"https:\/\/hand2noteguide.com\/es\/hand2note-3-free-version-is-gone-what-now\/\" class=\"more-link\">Continue reading <span class=\"screen-reader-text\">La versi\u00f3n gratuita de Hand2Note 3 ha desaparecido \u2013 \u00bfY ahora qu\u00e9?<\/span><\/a><\/p>\n","protected":false},"author":1,"featured_media":12894,"parent":0,"menu_order":0,"comment_status":"closed","ping_status":"closed","template":"","meta":{"footnotes":""},"class_list":["post-12875","page","type-page","status-publish","has-post-thumbnail","hentry"],"translation":{"provider":"WPGlobus","version":"3.0.2","language":"es","enabled_languages":["en","ru","pt","zh","es","fr","de","it","ja"],"languages":{"en":{"title":true,"content":true,"excerpt":false},"ru":{"title":true,"content":true,"excerpt":false},"pt":{"title":true,"content":true,"excerpt":false},"zh":{"title":true,"content":true,"excerpt":false},"es":{"title":true,"content":true,"excerpt":false},"fr":{"title":true,"content":true,"excerpt":false},"de":{"title":true,"content":true,"excerpt":false},"it":{"title":true,"content":true,"excerpt":false},"ja":{"title":true,"content":true,"excerpt":false}}},"yoast_head":"<!-- This site is optimized with the Yoast SEO plugin v27.0 - https:\/\/yoast.com\/product\/yoast-seo-wordpress\/ -->\n<title>La versi\u00f3n gratuita de Hand2Note 3 ha desaparecido \u2013 \u00bfY ahora qu\u00e9?<\/title>\n<meta name=\"description\" content=\"La versi\u00f3n gratuita de Hand2Note 3 ya no est\u00e1 disponible. Consulta tus opciones: actualiza con descuento, obt\u00e9n PRO a trav\u00e9s de CoinPoker o explora alternativas.\" \/>\n<meta name=\"robots\" content=\"index, follow, max-snippet:-1, max-image-preview:large, max-video-preview:-1\" \/>\n<link rel=\"canonical\" href=\"https:\/\/hand2noteguide.com\/fr\/hand2note-3-free-version-is-gone-what-now\/\" \/>\n<meta property=\"og:locale\" content=\"es_ES\" \/>\n<meta property=\"og:type\" content=\"article\" \/>\n<meta property=\"og:title\" content=\"La versi\u00f3n gratuita de Hand2Note 3 ha desaparecido \u2013 \u00bfY ahora qu\u00e9?\" \/>\n<meta property=\"og:description\" content=\"La versi\u00f3n gratuita de Hand2Note 3 ya no est\u00e1 disponible. Consulta tus opciones: actualiza con descuento, obt\u00e9n PRO a trav\u00e9s de CoinPoker o explora alternativas.\" \/>\n<meta property=\"og:url\" content=\"https:\/\/hand2noteguide.com\/fr\/hand2note-3-free-version-is-gone-what-now\/\" \/>\n<meta property=\"og:site_name\" content=\"Hand2Note Guide\" \/>\n<meta property=\"article:modified_time\" content=\"2026-02-20T14:34:14+00:00\" \/>\n<meta property=\"og:image\" content=\"https:\/\/hand2noteguide.com\/wp-content\/uploads\/2025\/06\/free-hand2note-is-over.webp\" \/>\n\t<meta property=\"og:image:width\" content=\"1212\" \/>\n\t<meta property=\"og:image:height\" content=\"843\" \/>\n\t<meta property=\"og:image:type\" content=\"image\/webp\" \/>\n<meta name=\"twitter:card\" content=\"summary_large_image\" \/>\n<meta name=\"twitter:label1\" content=\"Est. reading time\" \/>\n\t<meta name=\"twitter:data1\" content=\"3 minutes\" \/>\n<!-- \/ Yoast SEO plugin. -->","yoast_head_json":{"title":"La versi\u00f3n gratuita de Hand2Note 3 ha desaparecido \u2013 \u00bfY ahora qu\u00e9?","description":"La versi\u00f3n gratuita de Hand2Note 3 ya no est\u00e1 disponible. Consulta tus opciones: actualiza con descuento, obt\u00e9n PRO a trav\u00e9s de CoinPoker o explora alternativas.","robots":{"index":"index","follow":"follow","max-snippet":"max-snippet:-1","max-image-preview":"max-image-preview:large","max-video-preview":"max-video-preview:-1"},"canonical":"https:\/\/hand2noteguide.com\/fr\/hand2note-3-free-version-is-gone-what-now\/","og_locale":"es_ES","og_type":"article","og_title":"La versi\u00f3n gratuita de Hand2Note 3 ha desaparecido \u2013 \u00bfY ahora qu\u00e9?","og_description":"La versi\u00f3n gratuita de Hand2Note 3 ya no est\u00e1 disponible. Consulta tus opciones: actualiza con descuento, obt\u00e9n PRO a trav\u00e9s de CoinPoker o explora alternativas.","og_url":"https:\/\/hand2noteguide.com\/fr\/hand2note-3-free-version-is-gone-what-now\/","og_site_name":"Hand2Note Guide","article_modified_time":"2026-02-20T14:34:14+00:00","og_image":[{"width":1212,"height":843,"url":"https:\/\/hand2noteguide.com\/wp-content\/uploads\/2025\/06\/free-hand2note-is-over.webp","type":"image\/webp"}],"twitter_card":"summary_large_image","twitter_misc":{"Est. reading time":"3 minutes"},"schema":{"@context":"https:\/\/schema.org","@graph":[]}},"jetpack_sharing_enabled":true,"_links":{"self":[{"href":"https:\/\/hand2noteguide.com\/es\/wp-json\/wp\/v2\/pages\/12875","targetHints":{"allow":["GET"]}}],"collection":[{"href":"https:\/\/hand2noteguide.com\/es\/wp-json\/wp\/v2\/pages"}],"about":[{"href":"https:\/\/hand2noteguide.com\/es\/wp-json\/wp\/v2\/types\/page"}],"author":[{"embeddable":true,"href":"https:\/\/hand2noteguide.com\/es\/wp-json\/wp\/v2\/users\/1"}],"replies":[{"embeddable":true,"href":"https:\/\/hand2noteguide.com\/es\/wp-json\/wp\/v2\/comments?post=12875"}],"version-history":[{"count":43,"href":"https:\/\/hand2noteguide.com\/es\/wp-json\/wp\/v2\/pages\/12875\/revisions"}],"predecessor-version":[{"id":15068,"href":"https:\/\/hand2noteguide.com\/es\/wp-json\/wp\/v2\/pages\/12875\/revisions\/15068"}],"wp:featuredmedia":[{"embeddable":true,"href":"https:\/\/hand2noteguide.com\/es\/wp-json\/wp\/v2\/media\/12894"}],"wp:attachment":[{"href":"https:\/\/hand2noteguide.com\/es\/wp-json\/wp\/v2\/media?parent=12875"}],"curies":[{"name":"wp","href":"https:\/\/api.w.org\/{rel}","templated":true}]}}