{"id":13653,"date":"2025-06-18T12:19:21","date_gmt":"2025-06-18T09:19:21","guid":{"rendered":"https:\/\/hand2noteguide.com\/?page_id=13653"},"modified":"2026-03-10T11:36:18","modified_gmt":"2026-03-10T08:36:18","slug":"hud-editor-creating-a-positional-hud","status":"publish","type":"page","link":"https:\/\/hand2noteguide.com\/es\/user-manual\/hud-editor-creating-a-positional-hud\/","title":{"rendered":"Editor de HUD Parte 3: Creando un HUD Posicional"},"content":{"rendered":"\n<p>Adem\u00e1s de los <a href=\"https:\/\/hand2noteguide.com\/es\/user-manual\/hud-editor-creating-a-static-hud\/\">paneles HUD est\u00e1ticos<\/a>, Hand2Note te permite aplicar propiedades posicionales a ellos. Estas ayudan a ahorrar espacio en las mesas y hacen que las ventanas del HUD sean m\u00e1s ergon\u00f3micas. Tambi\u00e9n permiten el cambio autom\u00e1tico de las estad\u00edsticas mostradas en el HUD a las m\u00e1s relevantes, desde la perspectiva de las <a href=\"https:\/\/hand2noteguide.com\/es\/poker\/poker-positions\/\">posiciones de los jugadores en las mesas<\/a>.<\/p>\n\n\n\n<p>En este art\u00edculo, te mostraremos c\u00f3mo aplicar propiedades posicionales al HUD que creamos anteriormente en el art\u00edculo <a href=\"https:\/\/hand2noteguide.com\/es\/user-manual\/hud-editor-creating-a-static-hud\/\">Editor de HUD: Creando un HUD Est\u00e1tico<\/a>. Esto ayudar\u00e1 a hacerlo m\u00e1s compacto y a que la informaci\u00f3n mostrada sea m\u00e1s relevante desde la perspectiva de las posiciones de los jugadores en la mesa.<\/p>\n\n\n\n<h2 class=\"wp-block-heading\">Plan para crear un HUD posicional<\/h2>\n\n\n\n<p>Anteriormente, creamos un HUD donde el conjunto de estad\u00edsticas se ve as\u00ed:<\/p>\n\n\n\n<figure class=\"wp-block-image size-large\"><img loading=\"lazy\" decoding=\"async\" width=\"1024\" height=\"576\" src=\"https:\/\/hand2noteguide.com\/wp-content\/uploads\/2025\/06\/static-hud-1024x576.jpg\" alt=\"\" class=\"wp-image-14045\" srcset=\"https:\/\/hand2noteguide.com\/wp-content\/uploads\/2025\/06\/static-hud-1024x576.jpg 1024w, https:\/\/hand2noteguide.com\/wp-content\/uploads\/2025\/06\/static-hud-300x169.jpg 300w, https:\/\/hand2noteguide.com\/wp-content\/uploads\/2025\/06\/static-hud-768x432.jpg 768w, https:\/\/hand2noteguide.com\/wp-content\/uploads\/2025\/06\/static-hud-1536x864.jpg 1536w, https:\/\/hand2noteguide.com\/wp-content\/uploads\/2025\/06\/static-hud-772x434.jpg 772w, https:\/\/hand2noteguide.com\/wp-content\/uploads\/2025\/06\/static-hud-624x351.jpg 624w, https:\/\/hand2noteguide.com\/wp-content\/uploads\/2025\/06\/static-hud.jpg 1920w\" sizes=\"auto, (max-width: 1024px) 100vw, 1024px\" \/><\/figure>\n\n\n\n<ul class=\"wp-block-list\">\n<li>Primera l\u00ednea del HUD, estad\u00edsticas en orden de izquierda a derecha: &#8220;VPIP&#8221;, &#8220;PFR&#8221;, &#8220;Fold to 3Bet&#8221;, &#8220;<a href=\"https:\/\/hand2noteguide.com\/es\/poker\/poker-hud-stats\/3bet-in-poker\/\">3Bet<\/a>&#8220;, &#8220;Fold to 4Bet&#8221;, &#8220;Rango de 4Bet&#8221;;<\/li>\n\n\n\n<li>Segunda l\u00ednea del HUD, estad\u00edsticas en orden de izquierda a derecha: &#8220;WTSD%&#8221;, &#8220;WWSF%&#8221;, &#8220;WonSD%&#8221;, &#8220;Frecuencia de Agresi\u00f3n Flop%&#8221;, &#8220;Frecuencia de Agresi\u00f3n Turn%&#8221;, &#8220;Frecuencia de Agresi\u00f3n River%&#8221;;<\/li>\n\n\n\n<li>Tercera l\u00ednea del HUD, estad\u00edsticas en orden de izquierda a derecha: n\u00famero total de manos (&#8220;Manos&#8221;), &#8220;Winrate bb\/100&#8221;.<\/li>\n<\/ul>\n\n\n\n<p>En este art\u00edculo, editaremos el conjunto de estad\u00edsticas y su variaci\u00f3n de visualizaci\u00f3n en el HUD de la siguiente manera:<\/p>\n\n\n\n<ul class=\"wp-block-list\">\n<li>Primera l\u00ednea del HUD, estad\u00edsticas en orden de izquierda a derecha: &#8220;VPIP&#8221;, &#8220;PFR&#8221;, &#8220;Fold to 3Bet&#8221;, &#8220;3Bet&#8221;, &#8220;Fold to 4Bet&#8221;, &#8220;Rango de 4Bet&#8221;;<\/li>\n\n\n\n<li>Segunda l\u00ednea del HUD, estad\u00edsticas en orden de izquierda a derecha: &#8220;WTSD%&#8221;, &#8220;WWSF%&#8221;, &#8220;WonSD%&#8221;, &#8220;Frecuencia de Agresi\u00f3n Flop%&#8221;, &#8220;Frecuencia de Agresi\u00f3n Turn%&#8221;, &#8220;Frecuencia de Agresi\u00f3n River%&#8221;;<\/li>\n\n\n\n<li><strong>La tercera (nueva) l\u00ednea del HUD usar\u00e1 condiciones de visualizaci\u00f3n posicional y mostrar\u00e1 las estad\u00edsticas &#8220;RFI UTG&#8221;, &#8220;RFI EP&#8221;, &#8220;RFI MP&#8221;, &#8220;RFI CO&#8221;, &#8220;RFI BTN&#8221;, &#8220;RFI SB&#8221;, &#8220;Fold to 3Bet IP postflop&#8221;, &#8220;Fold to 3Bet OOP postflop&#8221; &#8211; seg\u00fan las posiciones del jugador y del h\u00e9roe &#8211; simult\u00e1neamente;<\/strong><\/li>\n\n\n\n<li>Cuarta l\u00ednea del HUD, estad\u00edsticas en orden de izquierda a derecha: n\u00famero total de manos (&#8220;Manos&#8221;), &#8220;Winrate bb\/100&#8221;.<\/li>\n<\/ul>\n\n\n\n<h2 class=\"wp-block-heading\">Aplicando condiciones de visualizaci\u00f3n posicionales<\/h2>\n\n\n\n<p>Primero, a\u00f1ade una nueva l\u00ednea al HUD. Todas las estad\u00edsticas necesarias fueron creadas previamente en el <a href=\"https:\/\/hand2noteguide.com\/es\/user-manual\/creating-a-simple-stat-continued-bet-on-the-river-in-a-3bet-pot-position\/\">editor de estad\u00edsticas<\/a>.<\/p>\n\n\n\n<figure class=\"wp-block-image size-large\"><img loading=\"lazy\" decoding=\"async\" width=\"1024\" height=\"576\" src=\"http:\/\/hand2noteguide.com\/wp-content\/uploads\/2025\/06\/\u0411\u0435\u0437-\u0438\u043c\u0435\u043d\u0438-14-2-1024x576.jpg\" alt=\"\" class=\"wp-image-13707\" srcset=\"https:\/\/hand2noteguide.com\/wp-content\/uploads\/2025\/06\/\u0411\u0435\u0437-\u0438\u043c\u0435\u043d\u0438-14-2-1024x576.jpg 1024w, https:\/\/hand2noteguide.com\/wp-content\/uploads\/2025\/06\/\u0411\u0435\u0437-\u0438\u043c\u0435\u043d\u0438-14-2-300x169.jpg 300w, https:\/\/hand2noteguide.com\/wp-content\/uploads\/2025\/06\/\u0411\u0435\u0437-\u0438\u043c\u0435\u043d\u0438-14-2-768x432.jpg 768w, https:\/\/hand2noteguide.com\/wp-content\/uploads\/2025\/06\/\u0411\u0435\u0437-\u0438\u043c\u0435\u043d\u0438-14-2-1536x864.jpg 1536w, https:\/\/hand2noteguide.com\/wp-content\/uploads\/2025\/06\/\u0411\u0435\u0437-\u0438\u043c\u0435\u043d\u0438-14-2-772x434.jpg 772w, https:\/\/hand2noteguide.com\/wp-content\/uploads\/2025\/06\/\u0411\u0435\u0437-\u0438\u043c\u0435\u043d\u0438-14-2-624x351.jpg 624w, https:\/\/hand2noteguide.com\/wp-content\/uploads\/2025\/06\/\u0411\u0435\u0437-\u0438\u043c\u0435\u043d\u0438-14-2.jpg 1920w\" sizes=\"auto, (max-width: 1024px) 100vw, 1024px\" \/><figcaption class=\"wp-element-caption\">Apariencia del HUD en el reproductor con las nuevas estad\u00edsticas a\u00f1adidas en la tercera l\u00ednea:<\/figcaption><\/figure>\n\n\n\n<p>Ahora necesitamos establecer propiedades posicionales para las celdas en la tercera l\u00ednea. Para hacer esto, primero determina qu\u00e9 celda con qu\u00e9 estad\u00edstica debe aparecer y bajo qu\u00e9 condiciones:<\/p>\n\n\n\n<ul class=\"wp-block-list\">\n<li>Celda con la estad\u00edstica &#8220;RFI UTG&#8221; &#8211; cuando el jugador est\u00e1 en la posici\u00f3n &#8220;UTG&#8221;;<\/li>\n\n\n\n<li>Celda con la estad\u00edstica &#8220;RFI EP&#8221; &#8211; cuando el jugador est\u00e1 en la posici\u00f3n &#8220;EP&#8221;;<\/li>\n\n\n\n<li>Celda con la estad\u00edstica &#8220;RFI MP&#8221; &#8211; cuando el jugador est\u00e1 en la posici\u00f3n &#8220;MP&#8221;;<\/li>\n\n\n\n<li>Celda con la estad\u00edstica &#8220;RFI CO&#8221; &#8211; cuando el jugador est\u00e1 en la posici\u00f3n &#8220;CO&#8221;;<\/li>\n\n\n\n<li>Celda con la estad\u00edstica &#8220;RFI BTN&#8221; &#8211; cuando el jugador est\u00e1 en la posici\u00f3n &#8220;BTN&#8221;;<\/li>\n\n\n\n<li>Celda con la estad\u00edstica &#8220;RFI SB&#8221; &#8211; cuando el jugador est\u00e1 en la posici\u00f3n &#8220;SB&#8221;;<\/li>\n\n\n\n<li>Celda con la estad\u00edstica &#8220;Fold to 3Bet IP postflop&#8221; &#8211; cuando el jugador est\u00e1 en una posici\u00f3n que le permite estar en posici\u00f3n en el flop, turn o river contra el h\u00e9roe;<\/li>\n\n\n\n<li>Celda con la estad\u00edstica &#8220;Fold to 3Bet OOP postflop&#8221; &#8211; cuando el jugador est\u00e1 en una posici\u00f3n que le permite estar fuera de posici\u00f3n en el flop, turn o river contra el h\u00e9roe.<\/li>\n<\/ul>\n\n\n\n<p>Para establecer la posici\u00f3n del jugador como una condici\u00f3n de visualizaci\u00f3n para las celdas, ve al &#8220;HUD Editor&#8221; y selecciona la celda con la estad\u00edstica necesaria (por ejemplo, &#8220;RFI UTG&#8221;) usando el bot\u00f3n izquierdo del rat\u00f3n (1).<\/p>\n\n\n\n<figure class=\"wp-block-image size-large\"><img loading=\"lazy\" decoding=\"async\" width=\"1024\" height=\"576\" src=\"http:\/\/hand2noteguide.com\/wp-content\/uploads\/2025\/06\/\u0411\u0435\u0437-\u0438\u043c\u0435\u043d\u0438-15-1-1024x576.jpg\" alt=\"\" class=\"wp-image-13711\" srcset=\"https:\/\/hand2noteguide.com\/wp-content\/uploads\/2025\/06\/\u0411\u0435\u0437-\u0438\u043c\u0435\u043d\u0438-15-1-1024x576.jpg 1024w, https:\/\/hand2noteguide.com\/wp-content\/uploads\/2025\/06\/\u0411\u0435\u0437-\u0438\u043c\u0435\u043d\u0438-15-1-300x169.jpg 300w, https:\/\/hand2noteguide.com\/wp-content\/uploads\/2025\/06\/\u0411\u0435\u0437-\u0438\u043c\u0435\u043d\u0438-15-1-768x432.jpg 768w, https:\/\/hand2noteguide.com\/wp-content\/uploads\/2025\/06\/\u0411\u0435\u0437-\u0438\u043c\u0435\u043d\u0438-15-1-1536x864.jpg 1536w, https:\/\/hand2noteguide.com\/wp-content\/uploads\/2025\/06\/\u0411\u0435\u0437-\u0438\u043c\u0435\u043d\u0438-15-1-772x434.jpg 772w, https:\/\/hand2noteguide.com\/wp-content\/uploads\/2025\/06\/\u0411\u0435\u0437-\u0438\u043c\u0435\u043d\u0438-15-1-624x351.jpg 624w, https:\/\/hand2noteguide.com\/wp-content\/uploads\/2025\/06\/\u0411\u0435\u0437-\u0438\u043c\u0435\u043d\u0438-15-1.jpg 1920w\" sizes=\"auto, (max-width: 1024px) 100vw, 1024px\" \/><\/figure>\n\n\n\n<p>Luego, en el men\u00fa de la derecha, encuentra el par\u00e1metro &#8220;Mostrar cuando la posici\u00f3n del jugador es:&#8221; y especifica las posiciones necesarias del jugador (2) (por ejemplo, de UTG1 a UTG4).<\/p>\n\n\n\n<p>Repite la acci\u00f3n con cada celda que contenga estad\u00edsticas RFI, asign\u00e1ndoles posiciones de acuerdo con las posiciones de las estad\u00edsticas RFI en las propias celdas.<\/p>\n\n\n\n<p>Para establecer par\u00e1metros de visualizaci\u00f3n para la celda con la estad\u00edstica &#8220;Fold to 3Bet IP postflop&#8221;, selecci\u00f3nala usando el bot\u00f3n izquierdo del rat\u00f3n (1).<\/p>\n\n\n\n<figure class=\"wp-block-image size-large\"><img loading=\"lazy\" decoding=\"async\" width=\"1024\" height=\"576\" src=\"http:\/\/hand2noteguide.com\/wp-content\/uploads\/2025\/06\/\u0411\u0435\u0437-\u0438\u043c\u0435\u043d\u0438-16-2-1024x576.jpg\" alt=\"\" class=\"wp-image-13712\" srcset=\"https:\/\/hand2noteguide.com\/wp-content\/uploads\/2025\/06\/\u0411\u0435\u0437-\u0438\u043c\u0435\u043d\u0438-16-2-1024x576.jpg 1024w, https:\/\/hand2noteguide.com\/wp-content\/uploads\/2025\/06\/\u0411\u0435\u0437-\u0438\u043c\u0435\u043d\u0438-16-2-300x169.jpg 300w, https:\/\/hand2noteguide.com\/wp-content\/uploads\/2025\/06\/\u0411\u0435\u0437-\u0438\u043c\u0435\u043d\u0438-16-2-768x432.jpg 768w, https:\/\/hand2noteguide.com\/wp-content\/uploads\/2025\/06\/\u0411\u0435\u0437-\u0438\u043c\u0435\u043d\u0438-16-2-1536x864.jpg 1536w, https:\/\/hand2noteguide.com\/wp-content\/uploads\/2025\/06\/\u0411\u0435\u0437-\u0438\u043c\u0435\u043d\u0438-16-2-772x434.jpg 772w, https:\/\/hand2noteguide.com\/wp-content\/uploads\/2025\/06\/\u0411\u0435\u0437-\u0438\u043c\u0435\u043d\u0438-16-2-624x351.jpg 624w, https:\/\/hand2noteguide.com\/wp-content\/uploads\/2025\/06\/\u0411\u0435\u0437-\u0438\u043c\u0435\u043d\u0438-16-2.jpg 1920w\" sizes=\"auto, (max-width: 1024px) 100vw, 1024px\" \/><\/figure>\n\n\n\n<p>Luego, en el men\u00fa de la derecha, encuentra el par\u00e1metro &#8220;Posici\u00f3n postflop relativa al h\u00e9roe&#8221; y config\u00faralo en &#8220;En Posici\u00f3n&#8221; (2).<\/p>\n\n\n\n<p>Repite la acci\u00f3n con la celda que contiene la estad\u00edstica &#8220;Fold to 3Bet IP postflop&#8221;, pero ahora configura el par\u00e1metro &#8220;Posici\u00f3n postflop relativa al h\u00e9roe&#8221; en &#8220;Fuera de Posici\u00f3n&#8221;.<\/p>\n\n\n\n<p>Despu\u00e9s de completar la configuraci\u00f3n, puedes ver el resultado en el reproductor usando &#8220;Vista previa&#8221;.<\/p>\n\n\n\n<figure class=\"wp-block-image size-large\"><img loading=\"lazy\" decoding=\"async\" width=\"1024\" height=\"576\" src=\"http:\/\/hand2noteguide.com\/wp-content\/uploads\/2025\/06\/\u0411\u0435\u0437-\u0438\u043c\u0435\u043d\u0438-17-2-1024x576.jpg\" alt=\"\" class=\"wp-image-13713\" srcset=\"https:\/\/hand2noteguide.com\/wp-content\/uploads\/2025\/06\/\u0411\u0435\u0437-\u0438\u043c\u0435\u043d\u0438-17-2-1024x576.jpg 1024w, https:\/\/hand2noteguide.com\/wp-content\/uploads\/2025\/06\/\u0411\u0435\u0437-\u0438\u043c\u0435\u043d\u0438-17-2-300x169.jpg 300w, https:\/\/hand2noteguide.com\/wp-content\/uploads\/2025\/06\/\u0411\u0435\u0437-\u0438\u043c\u0435\u043d\u0438-17-2-768x432.jpg 768w, https:\/\/hand2noteguide.com\/wp-content\/uploads\/2025\/06\/\u0411\u0435\u0437-\u0438\u043c\u0435\u043d\u0438-17-2-1536x864.jpg 1536w, https:\/\/hand2noteguide.com\/wp-content\/uploads\/2025\/06\/\u0411\u0435\u0437-\u0438\u043c\u0435\u043d\u0438-17-2-772x434.jpg 772w, https:\/\/hand2noteguide.com\/wp-content\/uploads\/2025\/06\/\u0411\u0435\u0437-\u0438\u043c\u0435\u043d\u0438-17-2-624x351.jpg 624w, https:\/\/hand2noteguide.com\/wp-content\/uploads\/2025\/06\/\u0411\u0435\u0437-\u0438\u043c\u0435\u043d\u0438-17-2.jpg 1920w\" sizes=\"auto, (max-width: 1024px) 100vw, 1024px\" \/><\/figure>\n\n\n\n<p>Ahora, en la tercera l\u00ednea, no se ven m\u00e1s de dos estad\u00edsticas. La primera estad\u00edstica a la izquierda muestra RFI seg\u00fan la posici\u00f3n que ocupa el jugador. La segunda estad\u00edstica muestra Fold to 3Bet, seg\u00fan la posici\u00f3n que el jugador puede ocupar en el flop, turn o river contra el h\u00e9roe (en posici\u00f3n &#8211; IP, o fuera de posici\u00f3n &#8211; OOP).<\/p>\n\n\n\n<p>Ya que usamos propiedades comunes y posicionales de visualizaci\u00f3n para las celdas o paneles del HUD, nuestro HUD es posicional.<\/p>\n\n\n\n<h2 class=\"wp-block-heading\">Conclusi\u00f3n<\/h2>\n\n\n\n<p>As\u00ed, puedes ahorrar espacio en las mesas y hacer que las ventanas del HUD sean m\u00e1s ergon\u00f3micas. Adem\u00e1s, puedes configurar la visualizaci\u00f3n de la informaci\u00f3n necesaria para que sea m\u00e1s relevante desde la perspectiva de las posiciones de los jugadores.<\/p>\n\n\n\n<p><em>Algunas salas de p\u00f3ker bloquean el HUD si utiliza condiciones de visualizaci\u00f3n din\u00e1micas o posicionales. Al momento de escribir, estas son: <a href=\"https:\/\/hand2noteguide.com\/es\/pokerstars-hud\/\">PokerStars<\/a>, IPoker, Winamax. Recomendamos verificar este detalle con el <a href=\"https:\/\/hand2noteguide.com\/es\/hand2note-official-support\/\">soporte de Hand2Note<\/a> antes de editar el HUD.<\/em><\/p>\n\n\n\n<p>En el pr\u00f3ximo art\u00edculo: <a href=\"https:\/\/hand2noteguide.com\/es\/user-manual\/hud-editor-creating-a-dynamic-hud\/\">Editor de HUD: Creando un HUD Din\u00e1mico<\/a> &#8211; continuaremos editando el HUD y aplicaremos condiciones de visualizaci\u00f3n din\u00e1micas a sus celdas. Esto proporcionar\u00e1 una comprensi\u00f3n de c\u00f3mo aplicar propiedades din\u00e1micas al HUD y hacerlo a\u00fan m\u00e1s ergon\u00f3mico, con visualizaciones de estad\u00edsticas m\u00e1s relevantes.<\/p>\n","protected":false},"excerpt":{"rendered":"<p>Adem\u00e1s de los paneles HUD est\u00e1ticos, Hand2Note te permite aplicar propiedades posicionales a ellos. Estas ayudan a ahorrar espacio en las mesas y hacen que las ventanas del HUD sean m\u00e1s ergon\u00f3micas. Tambi\u00e9n permiten el cambio autom\u00e1tico de las estad\u00edsticas mostradas en el HUD a las m\u00e1s relevantes, desde la perspectiva de las posiciones de &hellip; <a href=\"https:\/\/hand2noteguide.com\/es\/user-manual\/hud-editor-creating-a-positional-hud\/\" class=\"more-link\">Continue reading <span class=\"screen-reader-text\">Editor de HUD Parte 3: Creando un HUD Posicional<\/span><\/a><\/p>\n","protected":false},"author":3,"featured_media":13656,"parent":9199,"menu_order":0,"comment_status":"closed","ping_status":"closed","template":"","meta":{"footnotes":""},"class_list":["post-13653","page","type-page","status-publish","has-post-thumbnail","hentry"],"translation":{"provider":"WPGlobus","version":"3.0.2","language":"es","enabled_languages":["en","ru","pt","zh","es","fr","de","it","ja"],"languages":{"en":{"title":true,"content":true,"excerpt":false},"ru":{"title":true,"content":true,"excerpt":false},"pt":{"title":true,"content":true,"excerpt":false},"zh":{"title":true,"content":true,"excerpt":false},"es":{"title":true,"content":true,"excerpt":false},"fr":{"title":true,"content":true,"excerpt":false},"de":{"title":true,"content":true,"excerpt":false},"it":{"title":true,"content":true,"excerpt":false},"ja":{"title":true,"content":true,"excerpt":false}}},"yoast_head":"<!-- This site is optimized with the Yoast SEO plugin v27.0 - https:\/\/yoast.com\/product\/yoast-seo-wordpress\/ -->\n<title>Hand2Note Editor de HUD Parte 3: Creando un HUD Posicional<\/title>\n<meta name=\"description\" content=\"Aprende c\u00f3mo hacer tu HUD m\u00e1s compacto y relevante aplicando propiedades posicionales en Hand2Note. Mejora la ergonom\u00eda y la eficiencia del juego.\" \/>\n<meta name=\"robots\" content=\"index, follow, max-snippet:-1, max-image-preview:large, max-video-preview:-1\" \/>\n<link rel=\"canonical\" href=\"https:\/\/hand2noteguide.com\/user-manual\/hud-editor-creating-a-positional-hud\/\" \/>\n<meta property=\"og:locale\" content=\"es_ES\" \/>\n<meta property=\"og:type\" content=\"article\" \/>\n<meta property=\"og:title\" content=\"Hand2Note Editor de HUD Parte 3: Creando un HUD Posicional\" \/>\n<meta property=\"og:description\" content=\"Aprende c\u00f3mo hacer tu HUD m\u00e1s compacto y relevante aplicando propiedades posicionales en Hand2Note. Mejora la ergonom\u00eda y la eficiencia del juego.\" \/>\n<meta property=\"og:url\" content=\"https:\/\/hand2noteguide.com\/user-manual\/hud-editor-creating-a-positional-hud\/\" \/>\n<meta property=\"og:site_name\" content=\"Hand2Note Guide\" \/>\n<meta property=\"article:modified_time\" content=\"2026-03-10T08:36:18+00:00\" \/>\n<meta property=\"og:image\" content=\"https:\/\/hand2noteguide.com\/wp-content\/uploads\/2025\/06\/\u0411\u0435\u0437-\u0438\u043c\u0435\u043d\u0438-1-3-2.jpg\" \/>\n\t<meta property=\"og:image:width\" content=\"1920\" \/>\n\t<meta property=\"og:image:height\" content=\"1080\" \/>\n\t<meta property=\"og:image:type\" content=\"image\/jpeg\" \/>\n<meta name=\"twitter:card\" content=\"summary_large_image\" \/>\n<meta name=\"twitter:label1\" content=\"Est. reading time\" \/>\n\t<meta name=\"twitter:data1\" content=\"32 minutes\" \/>\n<!-- \/ Yoast SEO plugin. -->","yoast_head_json":{"title":"Hand2Note Editor de HUD Parte 3: Creando un HUD Posicional","description":"Aprende c\u00f3mo hacer tu HUD m\u00e1s compacto y relevante aplicando propiedades posicionales en Hand2Note. Mejora la ergonom\u00eda y la eficiencia del juego.","robots":{"index":"index","follow":"follow","max-snippet":"max-snippet:-1","max-image-preview":"max-image-preview:large","max-video-preview":"max-video-preview:-1"},"canonical":"https:\/\/hand2noteguide.com\/user-manual\/hud-editor-creating-a-positional-hud\/","og_locale":"es_ES","og_type":"article","og_title":"Hand2Note Editor de HUD Parte 3: Creando un HUD Posicional","og_description":"Aprende c\u00f3mo hacer tu HUD m\u00e1s compacto y relevante aplicando propiedades posicionales en Hand2Note. Mejora la ergonom\u00eda y la eficiencia del juego.","og_url":"https:\/\/hand2noteguide.com\/user-manual\/hud-editor-creating-a-positional-hud\/","og_site_name":"Hand2Note Guide","article_modified_time":"2026-03-10T08:36:18+00:00","og_image":[{"width":1920,"height":1080,"url":"https:\/\/hand2noteguide.com\/wp-content\/uploads\/2025\/06\/\u0411\u0435\u0437-\u0438\u043c\u0435\u043d\u0438-1-3-2.jpg","type":"image\/jpeg"}],"twitter_card":"summary_large_image","twitter_misc":{"Est. reading time":"32 minutes"},"schema":{"@context":"https:\/\/schema.org","@graph":[]}},"jetpack_sharing_enabled":true,"_links":{"self":[{"href":"https:\/\/hand2noteguide.com\/es\/wp-json\/wp\/v2\/pages\/13653","targetHints":{"allow":["GET"]}}],"collection":[{"href":"https:\/\/hand2noteguide.com\/es\/wp-json\/wp\/v2\/pages"}],"about":[{"href":"https:\/\/hand2noteguide.com\/es\/wp-json\/wp\/v2\/types\/page"}],"author":[{"embeddable":true,"href":"https:\/\/hand2noteguide.com\/es\/wp-json\/wp\/v2\/users\/3"}],"replies":[{"embeddable":true,"href":"https:\/\/hand2noteguide.com\/es\/wp-json\/wp\/v2\/comments?post=13653"}],"version-history":[{"count":70,"href":"https:\/\/hand2noteguide.com\/es\/wp-json\/wp\/v2\/pages\/13653\/revisions"}],"predecessor-version":[{"id":15637,"href":"https:\/\/hand2noteguide.com\/es\/wp-json\/wp\/v2\/pages\/13653\/revisions\/15637"}],"up":[{"embeddable":true,"href":"https:\/\/hand2noteguide.com\/es\/wp-json\/wp\/v2\/pages\/9199"}],"wp:featuredmedia":[{"embeddable":true,"href":"https:\/\/hand2noteguide.com\/es\/wp-json\/wp\/v2\/media\/13656"}],"wp:attachment":[{"href":"https:\/\/hand2noteguide.com\/es\/wp-json\/wp\/v2\/media?parent=13653"}],"curies":[{"name":"wp","href":"https:\/\/api.w.org\/{rel}","templated":true}]}}