{"id":137,"date":"2018-07-31T23:12:53","date_gmt":"2018-07-31T20:12:53","guid":{"rendered":"https:\/\/h2n312.wordpress.com\/?page_id=137"},"modified":"2025-06-04T19:16:00","modified_gmt":"2025-06-04T16:16:00","slug":"connecting-to-server","status":"publish","type":"page","link":"https:\/\/hand2noteguide.com\/es\/issues-resolving\/connecting-to-server\/","title":{"rendered":"Hand2Note se queda en &#8220;Connecting to server&#8221;"},"content":{"rendered":"\n<figure class=\"wp-block-image\"><img loading=\"lazy\" decoding=\"async\" width=\"347\" height=\"474\" src=\"https:\/\/hand2noteguide.com\/wp-content\/uploads\/2018\/07\/11111111111111111111.png\" alt=\"Connecting to server\" class=\"wp-image-138\" srcset=\"https:\/\/hand2noteguide.com\/wp-content\/uploads\/2018\/07\/11111111111111111111.png 347w, https:\/\/hand2noteguide.com\/wp-content\/uploads\/2018\/07\/11111111111111111111-220x300.png 220w\" sizes=\"auto, (max-width: 347px) 100vw, 347px\" \/><\/figure>\n\n\n\n<div class=\"red-block\">\n<p><strong>\ud83d\udc49 Actualizaci\u00f3n 2 Jun 2025:<\/strong> Si encuentras este problema, lo m\u00e1s probable es que estuvieras usando una versi\u00f3n gratuita de Hand2Note. A partir del 29 de mayo de 2025, <a href=\"https:\/\/hand2noteguide.com\/es\/hand2note-3-free-version-is-gone-what-now\/\"><strong>la versi\u00f3n gratuita de Hand2Note ya no est\u00e1 disponible \ud83e\udd7a<\/strong><\/a>. Tienes que comprar una suscripci\u00f3n para seguir usando Hand2Note.<\/p>\n\n<p>Lo sentimos por decepcionarte, pero esta fue una decisi\u00f3n oficial de Hand2Note y est\u00e1 fuera de nuestro control. Somos el revendedor #1 de Hand2Note y todo lo que podemos hacer es ofrecerte la mejor oferta para comprar el software.<\/p>\n\n<p>1\ufe0f\u20e3 Entonces, si decides quedarte con Hand2Note, puedes comprar una suscripci\u00f3n de <strong><a href=\"https:\/\/hand2note3.hand2note.com\/?aid=c0\" target=\"_blank\" rel=\"noopener\">Hand2Note 3<\/a><\/strong> o <strong><a href=\"https:\/\/hand2note.com?rid=2250\" target=\"_blank\" rel=\"noopener\">Hand2Note 4<\/a><\/strong> con nuestro <a href=\"https:\/\/hand2noteguide.com\/es\/promo\/\"><strong>promo GUIDE10<\/strong><\/a>. Obtendr\u00e1s <strong>un descuento instant\u00e1neo del 10% y bonos adicionales<\/strong> \u2013&nbsp;HUD gratuito y curso en video<strong>.<\/strong><\/p>\n\n<p>2\ufe0f\u20e3 A\u00fan puedes <a href=\"https:\/\/hand2noteguide.com\/es\/coinpoker-hand2note\/\">obtener Hand2Note PRO gratis<\/a> si generas $300 de rake mensualmente en Coinpoker.<\/p>\n\n<p>3\ufe0f\u20e3 Si decides <strong>dejar de usar Hand2Note<\/strong>, lo entendemos totalmente.<\/p>\n\n<p style=\"margin-bottom:0\">Gracias.<\/p>\n<\/div>\n\n\n\n<p>Esta situaci\u00f3n puede ocurrir al actualizar m\u00f3dulos en el servidor. En primer lugar, intenta no cerrar la ventana y espera 15 minutos.<\/p>\n\n\n\n<p>Si el problema persiste, haz lo siguiente:<\/p>\n\n\n\n<ol class=\"wp-block-list\">\n<li>Verifica tu conexi\u00f3n a internet<\/li>\n\n\n\n<li>Instala todas las actualizaciones m\u00e1s recientes de Windows<\/li>\n\n\n\n<li>Desactiva el antivirus<\/li>\n\n\n\n<li>Reinicia el router<\/li>\n\n\n\n<li>Aseg\u00farate de ejecutar Hand2Note como administrador<\/li>\n<\/ol>\n\n\n\n<p>Si esto no ayuda, es posible que est\u00e9s usando una versi\u00f3n antigua del programa. Intenta <a href=\"https:\/\/hand2noteguide.com\/es\/issues-resolving\/reinstall\/\">reinstalar Hand2Note<\/a> usando el instalador m\u00e1s reciente del sitio web oficial.<\/p>\n\n\n\n<p>Si Hand2Note contin\u00faa mostrando el mismo mensaje, contacta con el <a href=\"https:\/\/hand2noteguide.com\/es\/hand2note-official-support\/\">servicio de soporte<\/a>.<\/p>\n","protected":false},"excerpt":{"rendered":"<p>\ud83d\udc49 Actualizaci\u00f3n 2 Jun 2025: Si encuentras este problema, lo m\u00e1s probable es que estuvieras usando una versi\u00f3n gratuita de Hand2Note. A partir del 29 de mayo de 2025, la versi\u00f3n gratuita de Hand2Note ya no est\u00e1 disponible \ud83e\udd7a. Tienes que comprar una suscripci\u00f3n para seguir usando Hand2Note. Lo sentimos por decepcionarte, pero esta fue &hellip; <a href=\"https:\/\/hand2noteguide.com\/es\/issues-resolving\/connecting-to-server\/\" class=\"more-link\">Continue reading <span class=\"screen-reader-text\">Hand2Note se queda en &#8220;Connecting to server&#8221;<\/span><\/a><\/p>\n","protected":false},"author":1,"featured_media":0,"parent":236,"menu_order":1,"comment_status":"closed","ping_status":"closed","template":"page-templates\/full-width-page.php","meta":{"footnotes":""},"class_list":["post-137","page","type-page","status-publish","hentry"],"translation":{"provider":"WPGlobus","version":"3.0.2","language":"es","enabled_languages":["en","ru","pt","zh","es","fr","de","it","ja"],"languages":{"en":{"title":true,"content":true,"excerpt":false},"ru":{"title":true,"content":true,"excerpt":false},"pt":{"title":true,"content":true,"excerpt":false},"zh":{"title":true,"content":true,"excerpt":false},"es":{"title":true,"content":true,"excerpt":false},"fr":{"title":true,"content":true,"excerpt":false},"de":{"title":true,"content":true,"excerpt":false},"it":{"title":true,"content":true,"excerpt":false},"ja":{"title":true,"content":true,"excerpt":false}}},"yoast_head":"<!-- This site is optimized with the Yoast SEO plugin v27.0 - https:\/\/yoast.com\/product\/yoast-seo-wordpress\/ -->\n<title>Hand2Note se queda en &quot;Connecting to server&quot;<\/title>\n<meta name=\"description\" content=\"Aprende c\u00f3mo resolver el problema cuando Hand2Note se queda en &quot;Connecting to server&quot;. Sigue nuestra gu\u00eda paso a paso para solucionar y arreglar el problema.\" \/>\n<meta name=\"robots\" content=\"index, follow, max-snippet:-1, max-image-preview:large, max-video-preview:-1\" \/>\n<link rel=\"canonical\" href=\"https:\/\/hand2noteguide.com\/issues-resolving\/connecting-to-server\/\" \/>\n<meta property=\"og:locale\" content=\"es_ES\" \/>\n<meta property=\"og:type\" content=\"article\" \/>\n<meta property=\"og:title\" content=\"Hand2Note se queda en &quot;Connecting to server&quot;\" \/>\n<meta property=\"og:description\" content=\"Aprende c\u00f3mo resolver el problema cuando Hand2Note se queda en &quot;Connecting to server&quot;. Sigue nuestra gu\u00eda paso a paso para solucionar y arreglar el problema.\" \/>\n<meta property=\"og:url\" content=\"https:\/\/hand2noteguide.com\/issues-resolving\/connecting-to-server\/\" \/>\n<meta property=\"og:site_name\" content=\"Hand2Note Guide\" \/>\n<meta property=\"article:modified_time\" content=\"2025-06-04T16:16:00+00:00\" \/>\n<meta property=\"og:image\" content=\"https:\/\/hand2noteguide.com\/wp-content\/uploads\/2018\/07\/11111111111111111111.png\" \/>\n<meta name=\"twitter:card\" content=\"summary_large_image\" \/>\n<meta name=\"twitter:label1\" content=\"Est. reading time\" \/>\n\t<meta name=\"twitter:data1\" content=\"8 minutes\" \/>\n<!-- \/ Yoast SEO plugin. -->","yoast_head_json":{"title":"Hand2Note se queda en \"Connecting to server\"","description":"Aprende c\u00f3mo resolver el problema cuando Hand2Note se queda en \"Connecting to server\". Sigue nuestra gu\u00eda paso a paso para solucionar y arreglar el problema.","robots":{"index":"index","follow":"follow","max-snippet":"max-snippet:-1","max-image-preview":"max-image-preview:large","max-video-preview":"max-video-preview:-1"},"canonical":"https:\/\/hand2noteguide.com\/issues-resolving\/connecting-to-server\/","og_locale":"es_ES","og_type":"article","og_title":"Hand2Note se queda en \"Connecting to server\"","og_description":"Aprende c\u00f3mo resolver el problema cuando Hand2Note se queda en \"Connecting to server\". Sigue nuestra gu\u00eda paso a paso para solucionar y arreglar el problema.","og_url":"https:\/\/hand2noteguide.com\/issues-resolving\/connecting-to-server\/","og_site_name":"Hand2Note Guide","article_modified_time":"2025-06-04T16:16:00+00:00","og_image":[{"url":"https:\/\/hand2noteguide.com\/wp-content\/uploads\/2018\/07\/11111111111111111111.png","type":"","width":"","height":""}],"twitter_card":"summary_large_image","twitter_misc":{"Est. reading time":"8 minutes"},"schema":{"@context":"https:\/\/schema.org","@graph":[]}},"jetpack_sharing_enabled":false,"_links":{"self":[{"href":"https:\/\/hand2noteguide.com\/es\/wp-json\/wp\/v2\/pages\/137","targetHints":{"allow":["GET"]}}],"collection":[{"href":"https:\/\/hand2noteguide.com\/es\/wp-json\/wp\/v2\/pages"}],"about":[{"href":"https:\/\/hand2noteguide.com\/es\/wp-json\/wp\/v2\/types\/page"}],"author":[{"embeddable":true,"href":"https:\/\/hand2noteguide.com\/es\/wp-json\/wp\/v2\/users\/1"}],"replies":[{"embeddable":true,"href":"https:\/\/hand2noteguide.com\/es\/wp-json\/wp\/v2\/comments?post=137"}],"version-history":[{"count":55,"href":"https:\/\/hand2noteguide.com\/es\/wp-json\/wp\/v2\/pages\/137\/revisions"}],"predecessor-version":[{"id":13555,"href":"https:\/\/hand2noteguide.com\/es\/wp-json\/wp\/v2\/pages\/137\/revisions\/13555"}],"up":[{"embeddable":true,"href":"https:\/\/hand2noteguide.com\/es\/wp-json\/wp\/v2\/pages\/236"}],"wp:attachment":[{"href":"https:\/\/hand2noteguide.com\/es\/wp-json\/wp\/v2\/media?parent=137"}],"curies":[{"name":"wp","href":"https:\/\/api.w.org\/{rel}","templated":true}]}}