{"id":13718,"date":"2025-06-19T09:37:34","date_gmt":"2025-06-19T06:37:34","guid":{"rendered":"https:\/\/hand2noteguide.com\/?page_id=13718"},"modified":"2026-03-10T11:37:03","modified_gmt":"2026-03-10T08:37:03","slug":"hud-editor-creating-a-dynamic-hud","status":"publish","type":"page","link":"https:\/\/hand2noteguide.com\/es\/user-manual\/hud-editor-creating-a-dynamic-hud\/","title":{"rendered":"Editor de HUD Parte 4: Creando un HUD din\u00e1mico"},"content":{"rendered":"\n<p>Hand2Note te permite aplicar condiciones de visualizaci\u00f3n adaptativas y din\u00e1micas a las celdas o paneles del HUD. Esto ayuda a ahorrar espacio en las mesas y adapta la visualizaci\u00f3n de la informaci\u00f3n, mostr\u00e1ndola cuando es m\u00e1s relevante.<\/p>\n\n\n\n<p>En art\u00edculos anteriores, <a href=\"https:\/\/hand2noteguide.com\/es\/user-manual\/hud-editor-creating-a-static-hud\/\">Editor de HUD: Creando un HUD est\u00e1tico<\/a> y <a href=\"https:\/\/hand2noteguide.com\/es\/user-manual\/hud-editor-creating-a-positional-hud\/\">Editor de HUD: Creando un HUD posicional<\/a>, mostramos c\u00f3mo crear un HUD est\u00e1tico y c\u00f3mo aplicar condiciones de visualizaci\u00f3n posicionales a sus celdas o paneles. En este art\u00edculo, continuaremos editando el HUD aplicando propiedades de visualizaci\u00f3n din\u00e1mica a sus celdas.<\/p>\n\n\n\n<h2 class=\"wp-block-heading\">Plan para crear un HUD din\u00e1mico<\/h2>\n\n\n\n<p>En los dos art\u00edculos anteriores, creamos un HUD donde el conjunto de estad\u00edsticas se ve as\u00ed:<\/p>\n\n\n\n<figure class=\"wp-block-image size-large\"><img loading=\"lazy\" decoding=\"async\" width=\"1024\" height=\"576\" src=\"http:\/\/hand2noteguide.com\/wp-content\/uploads\/2025\/06\/\u0411\u0435\u0437-\u0438\u043c\u0435\u043d\u0438-17-2-1024x576.jpg\" alt=\"\" class=\"wp-image-13713\" srcset=\"https:\/\/hand2noteguide.com\/wp-content\/uploads\/2025\/06\/\u0411\u0435\u0437-\u0438\u043c\u0435\u043d\u0438-17-2-1024x576.jpg 1024w, https:\/\/hand2noteguide.com\/wp-content\/uploads\/2025\/06\/\u0411\u0435\u0437-\u0438\u043c\u0435\u043d\u0438-17-2-300x169.jpg 300w, https:\/\/hand2noteguide.com\/wp-content\/uploads\/2025\/06\/\u0411\u0435\u0437-\u0438\u043c\u0435\u043d\u0438-17-2-768x432.jpg 768w, https:\/\/hand2noteguide.com\/wp-content\/uploads\/2025\/06\/\u0411\u0435\u0437-\u0438\u043c\u0435\u043d\u0438-17-2-1536x864.jpg 1536w, https:\/\/hand2noteguide.com\/wp-content\/uploads\/2025\/06\/\u0411\u0435\u0437-\u0438\u043c\u0435\u043d\u0438-17-2-772x434.jpg 772w, https:\/\/hand2noteguide.com\/wp-content\/uploads\/2025\/06\/\u0411\u0435\u0437-\u0438\u043c\u0435\u043d\u0438-17-2-624x351.jpg 624w, https:\/\/hand2noteguide.com\/wp-content\/uploads\/2025\/06\/\u0411\u0435\u0437-\u0438\u043c\u0435\u043d\u0438-17-2.jpg 1920w\" sizes=\"auto, (max-width: 1024px) 100vw, 1024px\" \/><\/figure>\n\n\n\n<ul class=\"wp-block-list\">\n<li>La primera fila del HUD, estad\u00edsticas en orden de izquierda a derecha: &#8220;VPIP&#8221;, &#8220;PFR&#8221;, &#8220;Fold to 3Bet&#8221;, &#8220;3Bet&#8221;, &#8220;Fold to 4Bet&#8221;, &#8220;4Bet Range&#8221;;<\/li>\n\n\n\n<li>La segunda fila del HUD, estad\u00edsticas en orden de izquierda a derecha: &#8220;WTSD%&#8221;, &#8220;WWSF%&#8221;, &#8220;WonSD%&#8221;, &#8220;Frecuencia de agresi\u00f3n Flop%&#8221;, &#8220;Frecuencia de agresi\u00f3n Turn%&#8221;, &#8220;Frecuencia de agresi\u00f3n River%&#8221;;<\/li>\n\n\n\n<li>La tercera fila utiliza condiciones de visualizaci\u00f3n posicionales y muestra estad\u00edsticas &#8220;RFI UTG&#8221;, &#8220;RFI EP&#8221;, &#8220;RFI MP&#8221;, &#8220;RFI CO&#8221;, &#8220;RFI BTN&#8221;, &#8220;RFI SB&#8221;, &#8220;Fold to 3Bet IP postflop&#8221;, &#8220;Fold to 3Bet OOP postflop&#8221; seg\u00fan las posiciones de los jugadores en la mesa;<\/li>\n\n\n\n<li>La cuarta fila del HUD, estad\u00edsticas en orden de izquierda a derecha: n\u00famero total de manos (&#8220;Hands&#8221;), &#8220;Winrate bb\/100&#8221;.<\/li>\n<\/ul>\n\n\n\n<p>En este art\u00edculo, aplicaremos una condici\u00f3n de visualizaci\u00f3n din\u00e1mica a las celdas en la tercera fila (&#8220;RFI UTG&#8221;, &#8220;RFI EP&#8221;, &#8220;RFI MP&#8221;, &#8220;RFI CO&#8221;, &#8220;RFI BTN&#8221;, &#8220;RFI SB&#8221;, &#8220;Fold to 3Bet IP postflop&#8221;, &#8220;Fold to 3Bet OOP postflop&#8221;): aparecer\u00e1n solo cuando el jugador haga un open raise.<\/p>\n\n\n\n<h2 class=\"wp-block-heading\">Aplicando condiciones de visualizaci\u00f3n din\u00e1mica<\/h2>\n\n\n\n<p>Actualmente, las ventanas del HUD cumplen con condiciones de visualizaci\u00f3n generales y posicionales. Para establecer par\u00e1metros de visualizaci\u00f3n din\u00e1mica para una celda, ve al &#8220;HUD Editor&#8221; y selecci\u00f3nala usando el bot\u00f3n izquierdo del rat\u00f3n (1).<\/p>\n\n\n\n<figure class=\"wp-block-image size-large\"><img loading=\"lazy\" decoding=\"async\" width=\"1024\" height=\"576\" src=\"http:\/\/hand2noteguide.com\/wp-content\/uploads\/2025\/06\/\u0411\u0435\u0437-\u0438\u043c\u0435\u043d\u0438-1-6-1024x576.jpg\" alt=\"\" class=\"wp-image-13734\" srcset=\"https:\/\/hand2noteguide.com\/wp-content\/uploads\/2025\/06\/\u0411\u0435\u0437-\u0438\u043c\u0435\u043d\u0438-1-6-1024x576.jpg 1024w, https:\/\/hand2noteguide.com\/wp-content\/uploads\/2025\/06\/\u0411\u0435\u0437-\u0438\u043c\u0435\u043d\u0438-1-6-300x169.jpg 300w, https:\/\/hand2noteguide.com\/wp-content\/uploads\/2025\/06\/\u0411\u0435\u0437-\u0438\u043c\u0435\u043d\u0438-1-6-768x432.jpg 768w, https:\/\/hand2noteguide.com\/wp-content\/uploads\/2025\/06\/\u0411\u0435\u0437-\u0438\u043c\u0435\u043d\u0438-1-6-1536x864.jpg 1536w, https:\/\/hand2noteguide.com\/wp-content\/uploads\/2025\/06\/\u0411\u0435\u0437-\u0438\u043c\u0435\u043d\u0438-1-6-772x434.jpg 772w, https:\/\/hand2noteguide.com\/wp-content\/uploads\/2025\/06\/\u0411\u0435\u0437-\u0438\u043c\u0435\u043d\u0438-1-6-624x351.jpg 624w, https:\/\/hand2noteguide.com\/wp-content\/uploads\/2025\/06\/\u0411\u0435\u0437-\u0438\u043c\u0435\u043d\u0438-1-6.jpg 1920w\" sizes=\"auto, (max-width: 1024px) 100vw, 1024px\" \/><\/figure>\n\n\n\n<p>A continuaci\u00f3n, en el men\u00fa de par\u00e1metros adicionales a la derecha, selecciona &#8220;Open Raise&#8221; del men\u00fa desplegable junto al par\u00e1metro &#8220;Did specific action&#8221; (2). Repite esta acci\u00f3n para todas las celdas necesarias.<\/p>\n\n\n\n<p>Despu\u00e9s de completar la configuraci\u00f3n, puedes ver el resultado en el replayer usando &#8220;Preview&#8221;.<\/p>\n\n\n\n<p>La captura de pantalla a continuaci\u00f3n muestra la vista del HUD cuando ninguno de los jugadores ha hecho un open raise. Como puedes ver, la tercera fila est\u00e1 completamente ausente.<\/p>\n\n\n\n<figure class=\"wp-block-image size-full\"><img loading=\"lazy\" decoding=\"async\" width=\"976\" height=\"690\" src=\"http:\/\/hand2noteguide.com\/wp-content\/uploads\/2025\/06\/\u0411\u0435\u0437-\u0438\u043c\u0435\u043d\u0438-2-3.jpg\" alt=\"\" class=\"wp-image-13735\" srcset=\"https:\/\/hand2noteguide.com\/wp-content\/uploads\/2025\/06\/\u0411\u0435\u0437-\u0438\u043c\u0435\u043d\u0438-2-3.jpg 976w, https:\/\/hand2noteguide.com\/wp-content\/uploads\/2025\/06\/\u0411\u0435\u0437-\u0438\u043c\u0435\u043d\u0438-2-3-300x212.jpg 300w, https:\/\/hand2noteguide.com\/wp-content\/uploads\/2025\/06\/\u0411\u0435\u0437-\u0438\u043c\u0435\u043d\u0438-2-3-768x543.jpg 768w, https:\/\/hand2noteguide.com\/wp-content\/uploads\/2025\/06\/\u0411\u0435\u0437-\u0438\u043c\u0435\u043d\u0438-2-3-772x546.jpg 772w, https:\/\/hand2noteguide.com\/wp-content\/uploads\/2025\/06\/\u0411\u0435\u0437-\u0438\u043c\u0435\u043d\u0438-2-3-624x441.jpg 624w\" sizes=\"auto, (max-width: 976px) 100vw, 976px\" \/><\/figure>\n\n\n\n<p>Sin embargo, tan pronto como un jugador hace un open raise, las estad\u00edsticas aparecen en su HUD seg\u00fan los par\u00e1metros establecidos.<\/p>\n\n\n\n<figure class=\"wp-block-image size-full\"><img loading=\"lazy\" decoding=\"async\" width=\"976\" height=\"690\" src=\"http:\/\/hand2noteguide.com\/wp-content\/uploads\/2025\/06\/\u0411\u0435\u0437-\u0438\u043c\u0435\u043d\u0438-3-2.jpg\" alt=\"\" class=\"wp-image-13736\" srcset=\"https:\/\/hand2noteguide.com\/wp-content\/uploads\/2025\/06\/\u0411\u0435\u0437-\u0438\u043c\u0435\u043d\u0438-3-2.jpg 976w, https:\/\/hand2noteguide.com\/wp-content\/uploads\/2025\/06\/\u0411\u0435\u0437-\u0438\u043c\u0435\u043d\u0438-3-2-300x212.jpg 300w, https:\/\/hand2noteguide.com\/wp-content\/uploads\/2025\/06\/\u0411\u0435\u0437-\u0438\u043c\u0435\u043d\u0438-3-2-768x543.jpg 768w, https:\/\/hand2noteguide.com\/wp-content\/uploads\/2025\/06\/\u0411\u0435\u0437-\u0438\u043c\u0435\u043d\u0438-3-2-772x546.jpg 772w, https:\/\/hand2noteguide.com\/wp-content\/uploads\/2025\/06\/\u0411\u0435\u0437-\u0438\u043c\u0435\u043d\u0438-3-2-624x441.jpg 624w\" sizes=\"auto, (max-width: 976px) 100vw, 976px\" \/><\/figure>\n\n\n\n<p>Ahora, en la tercera fila, no se ven m\u00e1s de dos estad\u00edsticas y solo en el HUD del jugador que hizo el open raise. La primera estad\u00edstica a la izquierda muestra RFI seg\u00fan la posici\u00f3n que ocupa el jugador. La segunda estad\u00edstica muestra Fold to 3Bet, seg\u00fan la posici\u00f3n que el jugador pueda ocupar en el flop, turn o river contra el h\u00e9roe (en posici\u00f3n &#8211; IP, o fuera de posici\u00f3n &#8211; OOP).<\/p>\n\n\n\n<p>Dado que utilizamos propiedades de visualizaci\u00f3n generales, posicionales y din\u00e1micas para las celdas o paneles del HUD, nuestro HUD es din\u00e1mico.<\/p>\n\n\n\n<p><em>Algunas salas de p\u00f3ker bloquean el funcionamiento del HUD si utiliza condiciones de visualizaci\u00f3n din\u00e1micas o posicionales. Al momento de escribir, estas son: <a href=\"https:\/\/hand2noteguide.com\/es\/pokerstars-hud\/\">PokerStars<\/a>, IPoker, Winamax. Recomendamos verificar este detalle con el <a href=\"https:\/\/hand2noteguide.com\/es\/hand2note-official-support\/\">soporte de Hand2Note<\/a> antes de editar el HUD.<\/em><\/p>\n\n\n\n<h2 class=\"wp-block-heading\">Conclusi\u00f3n<\/h2>\n\n\n\n<p>As\u00ed, puedes crear o editar cualquier HUD din\u00e1mico para tu comodidad o necesidades de juego. Esto te permitir\u00e1 ahorrar m\u00e1s espacio en las mesas y adaptar la visualizaci\u00f3n de la informaci\u00f3n al momento en que es relevante.<\/p>\n","protected":false},"excerpt":{"rendered":"<p>Hand2Note te permite aplicar condiciones de visualizaci\u00f3n adaptativas y din\u00e1micas a las celdas o paneles del HUD. Esto ayuda a ahorrar espacio en las mesas y adapta la visualizaci\u00f3n de la informaci\u00f3n, mostr\u00e1ndola cuando es m\u00e1s relevante. En art\u00edculos anteriores, Editor de HUD: Creando un HUD est\u00e1tico y Editor de HUD: Creando un HUD posicional, &hellip; <a href=\"https:\/\/hand2noteguide.com\/es\/user-manual\/hud-editor-creating-a-dynamic-hud\/\" class=\"more-link\">Continue reading <span class=\"screen-reader-text\">Editor de HUD Parte 4: Creando un HUD din\u00e1mico<\/span><\/a><\/p>\n","protected":false},"author":3,"featured_media":13720,"parent":9199,"menu_order":0,"comment_status":"closed","ping_status":"closed","template":"","meta":{"footnotes":""},"class_list":["post-13718","page","type-page","status-publish","has-post-thumbnail","hentry"],"translation":{"provider":"WPGlobus","version":"3.0.2","language":"es","enabled_languages":["en","ru","pt","zh","es","fr","de","it","ja"],"languages":{"en":{"title":true,"content":true,"excerpt":false},"ru":{"title":true,"content":true,"excerpt":false},"pt":{"title":true,"content":true,"excerpt":false},"zh":{"title":true,"content":true,"excerpt":false},"es":{"title":true,"content":true,"excerpt":false},"fr":{"title":true,"content":true,"excerpt":false},"de":{"title":true,"content":true,"excerpt":false},"it":{"title":true,"content":true,"excerpt":false},"ja":{"title":true,"content":true,"excerpt":false}}},"yoast_head":"<!-- This site is optimized with the Yoast SEO plugin v27.0 - https:\/\/yoast.com\/product\/yoast-seo-wordpress\/ -->\n<title>Editor de HUD de Hand2Note Parte 4: Creando un HUD din\u00e1mico<\/title>\n<meta name=\"description\" content=\"Aprende c\u00f3mo crear un HUD din\u00e1mico en Hand2Note aplicando condiciones de visualizaci\u00f3n adaptativas para ahorrar espacio y asegurar la relevancia de la informaci\u00f3n.\" \/>\n<meta name=\"robots\" content=\"index, follow, max-snippet:-1, max-image-preview:large, max-video-preview:-1\" \/>\n<link rel=\"canonical\" href=\"https:\/\/hand2noteguide.com\/user-manual\/hud-editor-creating-a-dynamic-hud\/\" \/>\n<meta property=\"og:locale\" content=\"es_ES\" \/>\n<meta property=\"og:type\" content=\"article\" \/>\n<meta property=\"og:title\" content=\"Editor de HUD de Hand2Note Parte 4: Creando un HUD din\u00e1mico\" \/>\n<meta property=\"og:description\" content=\"Aprende c\u00f3mo crear un HUD din\u00e1mico en Hand2Note aplicando condiciones de visualizaci\u00f3n adaptativas para ahorrar espacio y asegurar la relevancia de la informaci\u00f3n.\" \/>\n<meta property=\"og:url\" content=\"https:\/\/hand2noteguide.com\/user-manual\/hud-editor-creating-a-dynamic-hud\/\" \/>\n<meta property=\"og:site_name\" content=\"Hand2Note Guide\" \/>\n<meta property=\"article:modified_time\" content=\"2026-03-10T08:37:03+00:00\" \/>\n<meta property=\"og:image\" content=\"https:\/\/hand2noteguide.com\/wp-content\/uploads\/2025\/06\/\u0411\u0435\u0437-\u0438\u043c\u0435\u043d\u0438-1-3-3.jpg\" \/>\n\t<meta property=\"og:image:width\" content=\"1920\" \/>\n\t<meta property=\"og:image:height\" content=\"1080\" \/>\n\t<meta property=\"og:image:type\" content=\"image\/jpeg\" \/>\n<meta name=\"twitter:card\" content=\"summary_large_image\" \/>\n<meta name=\"twitter:label1\" content=\"Est. reading time\" \/>\n\t<meta name=\"twitter:data1\" content=\"20 minutes\" \/>\n<!-- \/ Yoast SEO plugin. -->","yoast_head_json":{"title":"Editor de HUD de Hand2Note Parte 4: Creando un HUD din\u00e1mico","description":"Aprende c\u00f3mo crear un HUD din\u00e1mico en Hand2Note aplicando condiciones de visualizaci\u00f3n adaptativas para ahorrar espacio y asegurar la relevancia de la informaci\u00f3n.","robots":{"index":"index","follow":"follow","max-snippet":"max-snippet:-1","max-image-preview":"max-image-preview:large","max-video-preview":"max-video-preview:-1"},"canonical":"https:\/\/hand2noteguide.com\/user-manual\/hud-editor-creating-a-dynamic-hud\/","og_locale":"es_ES","og_type":"article","og_title":"Editor de HUD de Hand2Note Parte 4: Creando un HUD din\u00e1mico","og_description":"Aprende c\u00f3mo crear un HUD din\u00e1mico en Hand2Note aplicando condiciones de visualizaci\u00f3n adaptativas para ahorrar espacio y asegurar la relevancia de la informaci\u00f3n.","og_url":"https:\/\/hand2noteguide.com\/user-manual\/hud-editor-creating-a-dynamic-hud\/","og_site_name":"Hand2Note Guide","article_modified_time":"2026-03-10T08:37:03+00:00","og_image":[{"width":1920,"height":1080,"url":"https:\/\/hand2noteguide.com\/wp-content\/uploads\/2025\/06\/\u0411\u0435\u0437-\u0438\u043c\u0435\u043d\u0438-1-3-3.jpg","type":"image\/jpeg"}],"twitter_card":"summary_large_image","twitter_misc":{"Est. reading time":"20 minutes"},"schema":{"@context":"https:\/\/schema.org","@graph":[]}},"jetpack_sharing_enabled":true,"_links":{"self":[{"href":"https:\/\/hand2noteguide.com\/es\/wp-json\/wp\/v2\/pages\/13718","targetHints":{"allow":["GET"]}}],"collection":[{"href":"https:\/\/hand2noteguide.com\/es\/wp-json\/wp\/v2\/pages"}],"about":[{"href":"https:\/\/hand2noteguide.com\/es\/wp-json\/wp\/v2\/types\/page"}],"author":[{"embeddable":true,"href":"https:\/\/hand2noteguide.com\/es\/wp-json\/wp\/v2\/users\/3"}],"replies":[{"embeddable":true,"href":"https:\/\/hand2noteguide.com\/es\/wp-json\/wp\/v2\/comments?post=13718"}],"version-history":[{"count":50,"href":"https:\/\/hand2noteguide.com\/es\/wp-json\/wp\/v2\/pages\/13718\/revisions"}],"predecessor-version":[{"id":15638,"href":"https:\/\/hand2noteguide.com\/es\/wp-json\/wp\/v2\/pages\/13718\/revisions\/15638"}],"up":[{"embeddable":true,"href":"https:\/\/hand2noteguide.com\/es\/wp-json\/wp\/v2\/pages\/9199"}],"wp:featuredmedia":[{"embeddable":true,"href":"https:\/\/hand2noteguide.com\/es\/wp-json\/wp\/v2\/media\/13720"}],"wp:attachment":[{"href":"https:\/\/hand2noteguide.com\/es\/wp-json\/wp\/v2\/media?parent=13718"}],"curies":[{"name":"wp","href":"https:\/\/api.w.org\/{rel}","templated":true}]}}