{"id":14100,"date":"2025-06-20T18:40:50","date_gmt":"2025-06-20T15:40:50","guid":{"rendered":"https:\/\/hand2noteguide.com\/?page_id=14100"},"modified":"2026-03-10T11:38:53","modified_gmt":"2026-03-10T08:38:53","slug":"bet-sizing-cetegories","status":"publish","type":"page","link":"https:\/\/hand2noteguide.com\/es\/user-manual\/bet-sizing-cetegories\/","title":{"rendered":"Configuraci\u00f3n de categor\u00edas de tama\u00f1os de apuesta"},"content":{"rendered":"\n<p>Hand2Note te permite editar y crear categor\u00edas de tama\u00f1os de apuesta que se muestran en el <a href=\"https:\/\/hand2noteguide.com\/es\/user-manual\/popup-on-stat\/\">popup avanzado en la estad\u00edstica<\/a>. Esto te permite ver no solo los valores estad\u00edsticos generales, sino tambi\u00e9n analizarlos dependiendo de diferentes tama\u00f1os de apuesta.<\/p>\n\n\n\n<p>Las categor\u00edas de tama\u00f1os de apuesta se muestran en la ventana emergente en la estad\u00edstica en la pesta\u00f1a &#8220;Bet Sizes&#8221;. Contienen aclaraciones sobre los tama\u00f1os de apuesta considerados en la acci\u00f3n evaluada por la estad\u00edstica.<\/p>\n\n\n\n<p>Por ejemplo, en la ventana emergente en la estad\u00edstica &#8220;Flop Cbet&#8221; (apuesta de continuaci\u00f3n en el flop), la pesta\u00f1a &#8220;Bet Sizes&#8221; contiene la siguiente informaci\u00f3n:<\/p>\n\n\n\n<figure class=\"wp-block-image size-large\"><img loading=\"lazy\" decoding=\"async\" width=\"1024\" height=\"576\" src=\"http:\/\/hand2noteguide.com\/wp-content\/uploads\/2025\/06\/45645\u0438646456-1024x576.jpg\" alt=\"\" class=\"wp-image-14148\" srcset=\"https:\/\/hand2noteguide.com\/wp-content\/uploads\/2025\/06\/45645\u0438646456-1024x576.jpg 1024w, https:\/\/hand2noteguide.com\/wp-content\/uploads\/2025\/06\/45645\u0438646456-300x169.jpg 300w, https:\/\/hand2noteguide.com\/wp-content\/uploads\/2025\/06\/45645\u0438646456-768x432.jpg 768w, https:\/\/hand2noteguide.com\/wp-content\/uploads\/2025\/06\/45645\u0438646456-1536x864.jpg 1536w, https:\/\/hand2noteguide.com\/wp-content\/uploads\/2025\/06\/45645\u0438646456-772x434.jpg 772w, https:\/\/hand2noteguide.com\/wp-content\/uploads\/2025\/06\/45645\u0438646456-624x351.jpg 624w, https:\/\/hand2noteguide.com\/wp-content\/uploads\/2025\/06\/45645\u0438646456.jpg 1919w\" sizes=\"auto, (max-width: 1024px) 100vw, 1024px\" \/><\/figure>\n\n\n\n<ul class=\"wp-block-list\">\n<li>En el \u00e1rea (1), se muestran los rangos de los tama\u00f1os de apuesta de continuaci\u00f3n del jugador en el flop, representados en cada fila.<\/li>\n\n\n\n<li>En el \u00e1rea (2), se muestra la frecuencia de uso del cbet en el flop del jugador con diferentes tama\u00f1os de apuesta.<\/li>\n\n\n\n<li>En el \u00e1rea (3), se presenta un gr\u00e1fico de la distribuci\u00f3n de la fuerza de la mano cuando el jugador hace un cbet en el flop dependiendo de los tama\u00f1os de apuesta.<\/li>\n\n\n\n<li>En el \u00e1rea (4), se muestra la reacci\u00f3n del jugador a las acciones de los oponentes despu\u00e9s de su cbet en el flop con diferentes tama\u00f1os de apuesta.<\/li>\n<\/ul>\n\n\n\n<p>En este art\u00edculo, exploraremos las herramientas para editar y crear categor\u00edas de tama\u00f1os de apuesta, as\u00ed como examinaremos un ejemplo de creaci\u00f3n de una nueva categor\u00eda.<\/p>\n\n\n\n<h2 class=\"wp-block-heading\">Configuraci\u00f3n de categor\u00edas de tama\u00f1os de apuesta<\/h2>\n\n\n\n<p>Para abrir el men\u00fa de configuraci\u00f3n de categor\u00edas de tama\u00f1os de apuesta en la ventana principal de Hand2Note, selecciona &#8220;Configuration&#8221;(1), luego ve a &#8220;Bet Sizing Categories&#8221;(2).<\/p>\n\n\n\n<figure class=\"wp-block-image size-large\"><img loading=\"lazy\" decoding=\"async\" width=\"1024\" height=\"576\" src=\"http:\/\/hand2noteguide.com\/wp-content\/uploads\/2025\/06\/\u0411\u0435\u0437-\u0438\u043c\u0435\u043d\u0438-2-4-1024x576.jpg\" alt=\"\" class=\"wp-image-14118\" srcset=\"https:\/\/hand2noteguide.com\/wp-content\/uploads\/2025\/06\/\u0411\u0435\u0437-\u0438\u043c\u0435\u043d\u0438-2-4-1024x576.jpg 1024w, https:\/\/hand2noteguide.com\/wp-content\/uploads\/2025\/06\/\u0411\u0435\u0437-\u0438\u043c\u0435\u043d\u0438-2-4-300x169.jpg 300w, https:\/\/hand2noteguide.com\/wp-content\/uploads\/2025\/06\/\u0411\u0435\u0437-\u0438\u043c\u0435\u043d\u0438-2-4-768x432.jpg 768w, https:\/\/hand2noteguide.com\/wp-content\/uploads\/2025\/06\/\u0411\u0435\u0437-\u0438\u043c\u0435\u043d\u0438-2-4-1536x864.jpg 1536w, https:\/\/hand2noteguide.com\/wp-content\/uploads\/2025\/06\/\u0411\u0435\u0437-\u0438\u043c\u0435\u043d\u0438-2-4-772x434.jpg 772w, https:\/\/hand2noteguide.com\/wp-content\/uploads\/2025\/06\/\u0411\u0435\u0437-\u0438\u043c\u0435\u043d\u0438-2-4-624x351.jpg 624w, https:\/\/hand2noteguide.com\/wp-content\/uploads\/2025\/06\/\u0411\u0435\u0437-\u0438\u043c\u0435\u043d\u0438-2-4.jpg 1920w\" sizes=\"auto, (max-width: 1024px) 100vw, 1024px\" \/><\/figure>\n\n\n\n<p>En el men\u00fa de configuraci\u00f3n de categor\u00edas de tama\u00f1os de apuesta, puedes:<\/p>\n\n\n\n<ol class=\"wp-block-list\" start=\"1\">\n<li>Crear una nueva categor\u00eda haciendo clic en &#8220;+ Add Bet Sizing Categories&#8221; (3).<\/li>\n\n\n\n<li>Ver o editar la lista de todas las categor\u00edas de tama\u00f1os de apuesta activas en el \u00e1rea (4).<\/li>\n\n\n\n<li>Restablecer las categor\u00edas de tama\u00f1os de apuesta a la configuraci\u00f3n predeterminada haciendo clic en &#8220;Reset to default&#8221; (5).<\/li>\n<\/ol>\n\n\n\n<p>Descripci\u00f3n de las columnas en la lista de categor\u00edas de tama\u00f1os de apuesta activas:<\/p>\n\n\n\n<figure class=\"wp-block-image size-large\"><img loading=\"lazy\" decoding=\"async\" width=\"1024\" height=\"661\" src=\"http:\/\/hand2noteguide.com\/wp-content\/uploads\/2025\/06\/\u0411\u0435\u0437-\u0438\u043c\u0435\u043d\u0438-3-3-1024x661.jpg\" alt=\"\" class=\"wp-image-14124\" srcset=\"https:\/\/hand2noteguide.com\/wp-content\/uploads\/2025\/06\/\u0411\u0435\u0437-\u0438\u043c\u0435\u043d\u0438-3-3-1024x661.jpg 1024w, https:\/\/hand2noteguide.com\/wp-content\/uploads\/2025\/06\/\u0411\u0435\u0437-\u0438\u043c\u0435\u043d\u0438-3-3-300x194.jpg 300w, https:\/\/hand2noteguide.com\/wp-content\/uploads\/2025\/06\/\u0411\u0435\u0437-\u0438\u043c\u0435\u043d\u0438-3-3-768x496.jpg 768w, https:\/\/hand2noteguide.com\/wp-content\/uploads\/2025\/06\/\u0411\u0435\u0437-\u0438\u043c\u0435\u043d\u0438-3-3-772x498.jpg 772w, https:\/\/hand2noteguide.com\/wp-content\/uploads\/2025\/06\/\u0411\u0435\u0437-\u0438\u043c\u0435\u043d\u0438-3-3-624x403.jpg 624w, https:\/\/hand2noteguide.com\/wp-content\/uploads\/2025\/06\/\u0411\u0435\u0437-\u0438\u043c\u0435\u043d\u0438-3-3.jpg 1213w\" sizes=\"auto, (max-width: 1024px) 100vw, 1024px\" \/><\/figure>\n\n\n\n<ol class=\"wp-block-list\" start=\"1\">\n<li>&#8220;Name&#8221; \u2014 el nombre de la categor\u00eda.<\/li>\n\n\n\n<li>&#8220;Action&#8221; \u2014 la acci\u00f3n del jugador considerada en la categor\u00eda.<\/li>\n\n\n\n<li>&#8220;Street&#8221; \u2014 la calle donde se considera la acci\u00f3n.<\/li>\n\n\n\n<li>&#8220;Bet Size \/ x&#8221; \u2014 la proporci\u00f3n del tama\u00f1o de la apuesta a &#8220;X&#8221;. La sexta columna te permite elegir qu\u00e9 es &#8220;X&#8221;.<\/li>\n\n\n\n<li>&#8220;Eff stack size \/ x&#8221; \u2014 la proporci\u00f3n del stack efectivo del jugador a &#8220;X&#8221;. La sexta columna te permite elegir qu\u00e9 es &#8220;X&#8221;.<\/li>\n\n\n\n<li>&#8220;Where X&#8221; \u2014 la definici\u00f3n del par\u00e1metro &#8220;X&#8221;. Esto puede ser:\n<ul class=\"wp-block-list\">\n<li>&#8220;Pot&#8221; \u2014 el tama\u00f1o del bote en el momento en que el jugador realiza la acci\u00f3n considerada por la estad\u00edstica.<\/li>\n\n\n\n<li>&#8220;BB&#8221; \u2014 esta opci\u00f3n te permite especificar el rango exacto de tama\u00f1os de apuesta considerados en los par\u00e1metros 4 y 5, en ciegas grandes.<\/li>\n\n\n\n<li>&#8220;M&#8221; \u2014 esta opci\u00f3n te permite especificar el rango exacto de tama\u00f1os de apuesta considerados en los par\u00e1metros 4 y 5, en ciegas peque\u00f1as.<\/li>\n\n\n\n<li>&#8220;Previous Action&#8221; \u2014 el tama\u00f1o de la apuesta del oponente antes de que el jugador realice la acci\u00f3n considerada por la estad\u00edstica.<\/li>\n<\/ul>\n<\/li>\n\n\n\n<li>&#8220;Is All-in&#8221; \u2014 si la apuesta del jugador es un all-in (una apuesta por todo el stack).<\/li>\n\n\n\n<li>Gesti\u00f3n \u2014 mover la categor\u00eda en la lista (flechas arriba\/abajo) o eliminarla (cruz).<\/li>\n<\/ol>\n\n\n\n<h2 class=\"wp-block-heading\">Ejemplo de creaci\u00f3n de una categor\u00eda de tama\u00f1o de apuesta: &#8220;Bet 101-135% pot&#8221;<\/h2>\n\n\n\n<p>Para crear una nueva categor\u00eda, haz clic en &#8220;+ Add Bet Sizing Categories&#8221; (1). La nueva categor\u00eda aparecer\u00e1 al final de la lista (2).<\/p>\n\n\n\n<figure class=\"wp-block-image size-large\"><img loading=\"lazy\" decoding=\"async\" width=\"1024\" height=\"576\" src=\"http:\/\/hand2noteguide.com\/wp-content\/uploads\/2025\/06\/\u0411\u0435\u0437-\u0438\u043c\u0435\u043d\u0438-4-4-1024x576.jpg\" alt=\"\" class=\"wp-image-14127\" srcset=\"https:\/\/hand2noteguide.com\/wp-content\/uploads\/2025\/06\/\u0411\u0435\u0437-\u0438\u043c\u0435\u043d\u0438-4-4-1024x576.jpg 1024w, https:\/\/hand2noteguide.com\/wp-content\/uploads\/2025\/06\/\u0411\u0435\u0437-\u0438\u043c\u0435\u043d\u0438-4-4-300x169.jpg 300w, https:\/\/hand2noteguide.com\/wp-content\/uploads\/2025\/06\/\u0411\u0435\u0437-\u0438\u043c\u0435\u043d\u0438-4-4-768x432.jpg 768w, https:\/\/hand2noteguide.com\/wp-content\/uploads\/2025\/06\/\u0411\u0435\u0437-\u0438\u043c\u0435\u043d\u0438-4-4-1536x864.jpg 1536w, https:\/\/hand2noteguide.com\/wp-content\/uploads\/2025\/06\/\u0411\u0435\u0437-\u0438\u043c\u0435\u043d\u0438-4-4-772x434.jpg 772w, https:\/\/hand2noteguide.com\/wp-content\/uploads\/2025\/06\/\u0411\u0435\u0437-\u0438\u043c\u0435\u043d\u0438-4-4-624x351.jpg 624w, https:\/\/hand2noteguide.com\/wp-content\/uploads\/2025\/06\/\u0411\u0435\u0437-\u0438\u043c\u0435\u043d\u0438-4-4.jpg 1919w\" sizes=\"auto, (max-width: 1024px) 100vw, 1024px\" \/><\/figure>\n\n\n\n<p>A continuaci\u00f3n, configura la categor\u00eda:<\/p>\n\n\n\n<ol class=\"wp-block-list\">\n<li>Usa las flechas en el bloque (8) para moverla a la posici\u00f3n deseada (9).<\/li>\n\n\n\n<li>Haz doble clic con el bot\u00f3n izquierdo del rat\u00f3n en el \u00e1rea (1) para establecer el nombre (en el ejemplo \u2014 <em>Bet 101-135% pot<\/em>).<\/li>\n\n\n\n<li>En el \u00e1rea (2), selecciona la acci\u00f3n que la categor\u00eda considerar\u00e1 (en el ejemplo \u2014 <em>Bet<\/em>).<\/li>\n\n\n\n<li>En el \u00e1rea (3), especifica las calles donde se aplica la acci\u00f3n (en el ejemplo \u2014 <em>Postflop<\/em>).<\/li>\n\n\n\n<li>En el \u00e1rea (4), establece el rango de tama\u00f1o de apuesta como un porcentaje del bote (en el ejemplo \u2014 de <em>1.01<\/em> a <em>1.35<\/em>).<\/li>\n\n\n\n<li>En el \u00e1rea (5), especifica la proporci\u00f3n del stack efectivo del jugador al bote (en el ejemplo \u2014 de <em>1.25<\/em> a <em>\u221e<\/em>).<\/li>\n\n\n\n<li>En el \u00e1rea (6), elige a qu\u00e9 se refieren los par\u00e1metros de (4) y (5) (en el ejemplo \u2014 <em>tama\u00f1o del bote<\/em>).<\/li>\n\n\n\n<li>En el \u00e1rea (7), marca si la categor\u00eda considera el all-in.<\/li>\n<\/ol>\n\n\n\n<figure class=\"wp-block-image size-large\"><img loading=\"lazy\" decoding=\"async\" width=\"1024\" height=\"576\" src=\"http:\/\/hand2noteguide.com\/wp-content\/uploads\/2025\/06\/45646456464654646-1024x576.jpg\" alt=\"\" class=\"wp-image-14135\" srcset=\"https:\/\/hand2noteguide.com\/wp-content\/uploads\/2025\/06\/45646456464654646-1024x576.jpg 1024w, https:\/\/hand2noteguide.com\/wp-content\/uploads\/2025\/06\/45646456464654646-300x169.jpg 300w, https:\/\/hand2noteguide.com\/wp-content\/uploads\/2025\/06\/45646456464654646-768x432.jpg 768w, https:\/\/hand2noteguide.com\/wp-content\/uploads\/2025\/06\/45646456464654646-1536x864.jpg 1536w, https:\/\/hand2noteguide.com\/wp-content\/uploads\/2025\/06\/45646456464654646-772x434.jpg 772w, https:\/\/hand2noteguide.com\/wp-content\/uploads\/2025\/06\/45646456464654646-624x351.jpg 624w, https:\/\/hand2noteguide.com\/wp-content\/uploads\/2025\/06\/45646456464654646.jpg 1919w\" sizes=\"auto, (max-width: 1024px) 100vw, 1024px\" \/><\/figure>\n\n\n\n<p>Despu\u00e9s de configurar la categor\u00eda, necesitas reconstruir las estad\u00edsticas de la base de datos para aplicar todos los cambios realizados.<\/p>\n\n\n\n<p>Para hacer esto:<\/p>\n\n\n\n<ol class=\"wp-block-list\" start=\"1\">\n<li>Encuentra el elemento &#8220;Database&#8221; (1) en la parte superior de la ventana y haz clic en \u00e9l.<\/li>\n\n\n\n<li>En el men\u00fa desplegable, selecciona &#8220;Clean &amp; Rebuild Statistics&#8221; (2).<\/li>\n<\/ol>\n\n\n\n<figure class=\"wp-block-image size-large\"><img loading=\"lazy\" decoding=\"async\" width=\"1024\" height=\"576\" src=\"http:\/\/hand2noteguide.com\/wp-content\/uploads\/2025\/06\/\u043f\u0440\u0430\u043f\u0440\u0430\u043f\u0440\u0430-1024x576.jpg\" alt=\"\" class=\"wp-image-14139\" srcset=\"https:\/\/hand2noteguide.com\/wp-content\/uploads\/2025\/06\/\u043f\u0440\u0430\u043f\u0440\u0430\u043f\u0440\u0430-1024x576.jpg 1024w, https:\/\/hand2noteguide.com\/wp-content\/uploads\/2025\/06\/\u043f\u0440\u0430\u043f\u0440\u0430\u043f\u0440\u0430-300x169.jpg 300w, https:\/\/hand2noteguide.com\/wp-content\/uploads\/2025\/06\/\u043f\u0440\u0430\u043f\u0440\u0430\u043f\u0440\u0430-768x432.jpg 768w, https:\/\/hand2noteguide.com\/wp-content\/uploads\/2025\/06\/\u043f\u0440\u0430\u043f\u0440\u0430\u043f\u0440\u0430-1536x864.jpg 1536w, https:\/\/hand2noteguide.com\/wp-content\/uploads\/2025\/06\/\u043f\u0440\u0430\u043f\u0440\u0430\u043f\u0440\u0430-772x434.jpg 772w, https:\/\/hand2noteguide.com\/wp-content\/uploads\/2025\/06\/\u043f\u0440\u0430\u043f\u0440\u0430\u043f\u0440\u0430-624x351.jpg 624w, https:\/\/hand2noteguide.com\/wp-content\/uploads\/2025\/06\/\u043f\u0440\u0430\u043f\u0440\u0430\u043f\u0440\u0430.jpg 1919w\" sizes=\"auto, (max-width: 1024px) 100vw, 1024px\" \/><\/figure>\n\n\n\n<p>Antes de crear la nueva categor\u00eda de tama\u00f1o de apuesta, la secci\u00f3n <em>Bet Sizes<\/em> en la ventana emergente en la estad\u00edstica se ve\u00eda as\u00ed:<\/p>\n\n\n\n<figure class=\"wp-block-image size-large\"><img loading=\"lazy\" decoding=\"async\" width=\"1024\" height=\"576\" src=\"http:\/\/hand2noteguide.com\/wp-content\/uploads\/2025\/06\/\u0411\u0435\u0437-\u0438\u043c\u0435\u043d\u0438-66565-1024x576.jpg\" alt=\"\" class=\"wp-image-14142\" srcset=\"https:\/\/hand2noteguide.com\/wp-content\/uploads\/2025\/06\/\u0411\u0435\u0437-\u0438\u043c\u0435\u043d\u0438-66565-1024x576.jpg 1024w, https:\/\/hand2noteguide.com\/wp-content\/uploads\/2025\/06\/\u0411\u0435\u0437-\u0438\u043c\u0435\u043d\u0438-66565-300x169.jpg 300w, https:\/\/hand2noteguide.com\/wp-content\/uploads\/2025\/06\/\u0411\u0435\u0437-\u0438\u043c\u0435\u043d\u0438-66565-768x432.jpg 768w, https:\/\/hand2noteguide.com\/wp-content\/uploads\/2025\/06\/\u0411\u0435\u0437-\u0438\u043c\u0435\u043d\u0438-66565-1536x864.jpg 1536w, https:\/\/hand2noteguide.com\/wp-content\/uploads\/2025\/06\/\u0411\u0435\u0437-\u0438\u043c\u0435\u043d\u0438-66565-772x434.jpg 772w, https:\/\/hand2noteguide.com\/wp-content\/uploads\/2025\/06\/\u0411\u0435\u0437-\u0438\u043c\u0435\u043d\u0438-66565-624x351.jpg 624w, https:\/\/hand2noteguide.com\/wp-content\/uploads\/2025\/06\/\u0411\u0435\u0437-\u0438\u043c\u0435\u043d\u0438-66565.jpg 1919w\" sizes=\"auto, (max-width: 1024px) 100vw, 1024px\" \/><\/figure>\n\n\n\n<p>Despu\u00e9s de crear la nueva categor\u00eda y actualizar las estad\u00edsticas, ahora aparece en la misma secci\u00f3n en la ventana emergente en la estad\u00edstica:<\/p>\n\n\n\n<figure class=\"wp-block-image size-large\"><img loading=\"lazy\" decoding=\"async\" width=\"1024\" height=\"576\" src=\"http:\/\/hand2noteguide.com\/wp-content\/uploads\/2025\/06\/\u0411\u0435\u0437-\u0438\u043c\u0435\u043d\u0438-6\u0446\u0443\u043a\u0446\u0443\u043a-1024x576.jpg\" alt=\"\" class=\"wp-image-14144\" srcset=\"https:\/\/hand2noteguide.com\/wp-content\/uploads\/2025\/06\/\u0411\u0435\u0437-\u0438\u043c\u0435\u043d\u0438-6\u0446\u0443\u043a\u0446\u0443\u043a-1024x576.jpg 1024w, https:\/\/hand2noteguide.com\/wp-content\/uploads\/2025\/06\/\u0411\u0435\u0437-\u0438\u043c\u0435\u043d\u0438-6\u0446\u0443\u043a\u0446\u0443\u043a-300x169.jpg 300w, https:\/\/hand2noteguide.com\/wp-content\/uploads\/2025\/06\/\u0411\u0435\u0437-\u0438\u043c\u0435\u043d\u0438-6\u0446\u0443\u043a\u0446\u0443\u043a-768x432.jpg 768w, https:\/\/hand2noteguide.com\/wp-content\/uploads\/2025\/06\/\u0411\u0435\u0437-\u0438\u043c\u0435\u043d\u0438-6\u0446\u0443\u043a\u0446\u0443\u043a-1536x864.jpg 1536w, https:\/\/hand2noteguide.com\/wp-content\/uploads\/2025\/06\/\u0411\u0435\u0437-\u0438\u043c\u0435\u043d\u0438-6\u0446\u0443\u043a\u0446\u0443\u043a-772x434.jpg 772w, https:\/\/hand2noteguide.com\/wp-content\/uploads\/2025\/06\/\u0411\u0435\u0437-\u0438\u043c\u0435\u043d\u0438-6\u0446\u0443\u043a\u0446\u0443\u043a-624x351.jpg 624w, https:\/\/hand2noteguide.com\/wp-content\/uploads\/2025\/06\/\u0411\u0435\u0437-\u0438\u043c\u0435\u043d\u0438-6\u0446\u0443\u043a\u0446\u0443\u043a.jpg 1919w\" sizes=\"auto, (max-width: 1024px) 100vw, 1024px\" \/><\/figure>\n\n\n\n<p>Esto te permite personalizar las categor\u00edas de tama\u00f1os de apuesta para necesidades espec\u00edficas, mejorando el an\u00e1lisis y ayudando a encontrar m\u00e1s vulnerabilidades en el juego de los oponentes.<\/p>\n\n\n\n<p>Ten en cuenta que tambi\u00e9n puedes personalizar <a href=\"https:\/\/hand2noteguide.com\/es\/user-manual\/setting-up-board-categories\/\">texturas de tablero<\/a> y <a href=\"https:\/\/hand2noteguide.com\/es\/user-manual\/setting-up-hand-ranges\/\">rangos de fuerza de mano<\/a>.<\/p>\n","protected":false},"excerpt":{"rendered":"<p>Hand2Note te permite editar y crear categor\u00edas de tama\u00f1os de apuesta que se muestran en el popup avanzado en la estad\u00edstica. Esto te permite ver no solo los valores estad\u00edsticos generales, sino tambi\u00e9n analizarlos dependiendo de diferentes tama\u00f1os de apuesta. Las categor\u00edas de tama\u00f1os de apuesta se muestran en la ventana emergente en la estad\u00edstica &hellip; <a href=\"https:\/\/hand2noteguide.com\/es\/user-manual\/bet-sizing-cetegories\/\" class=\"more-link\">Continue reading <span class=\"screen-reader-text\">Configuraci\u00f3n de categor\u00edas de tama\u00f1os de apuesta<\/span><\/a><\/p>\n","protected":false},"author":3,"featured_media":14107,"parent":9199,"menu_order":0,"comment_status":"closed","ping_status":"closed","template":"","meta":{"footnotes":""},"class_list":["post-14100","page","type-page","status-publish","has-post-thumbnail","hentry"],"translation":{"provider":"WPGlobus","version":"3.0.2","language":"es","enabled_languages":["en","ru","pt","zh","es","fr","de","it","ja"],"languages":{"en":{"title":true,"content":true,"excerpt":false},"ru":{"title":true,"content":true,"excerpt":false},"pt":{"title":true,"content":true,"excerpt":false},"zh":{"title":true,"content":true,"excerpt":false},"es":{"title":true,"content":true,"excerpt":false},"fr":{"title":true,"content":true,"excerpt":false},"de":{"title":true,"content":true,"excerpt":false},"it":{"title":true,"content":true,"excerpt":false},"ja":{"title":true,"content":true,"excerpt":false}}},"yoast_head":"<!-- This site is optimized with the Yoast SEO plugin v27.0 - https:\/\/yoast.com\/product\/yoast-seo-wordpress\/ -->\n<title>Configuraci\u00f3n de categor\u00edas de tama\u00f1os de apuesta en Hand2Note<\/title>\n<meta name=\"description\" content=\"Configura categor\u00edas de tama\u00f1os de apuesta en Hand2Note para mejorar el an\u00e1lisis del juego. Aprende c\u00f3mo crear y editar categor\u00edas para obtener estad\u00edsticas m\u00e1s precisas.\" \/>\n<meta name=\"robots\" content=\"index, follow, max-snippet:-1, max-image-preview:large, max-video-preview:-1\" \/>\n<link rel=\"canonical\" href=\"https:\/\/hand2noteguide.com\/user-manual\/bet-sizing-cetegories\/\" \/>\n<meta property=\"og:locale\" content=\"es_ES\" \/>\n<meta property=\"og:type\" content=\"article\" \/>\n<meta property=\"og:title\" content=\"Configuraci\u00f3n de categor\u00edas de tama\u00f1os de apuesta en Hand2Note\" \/>\n<meta property=\"og:description\" content=\"Configura categor\u00edas de tama\u00f1os de apuesta en Hand2Note para mejorar el an\u00e1lisis del juego. Aprende c\u00f3mo crear y editar categor\u00edas para obtener estad\u00edsticas m\u00e1s precisas.\" \/>\n<meta property=\"og:url\" content=\"https:\/\/hand2noteguide.com\/user-manual\/bet-sizing-cetegories\/\" \/>\n<meta property=\"og:site_name\" content=\"Hand2Note Guide\" \/>\n<meta property=\"article:modified_time\" content=\"2026-03-10T08:38:53+00:00\" \/>\n<meta property=\"og:image\" content=\"https:\/\/hand2noteguide.com\/wp-content\/uploads\/2025\/06\/\u041a\u0430\u0442\u0435\u0433\u043e\u0440\u0438\u0438-\u0440\u0430\u0437\u043c\u0435\u0440\u043e\u0432-\u0441\u0442\u0430\u0432\u043e\u043a222.jpg\" \/>\n\t<meta property=\"og:image:width\" content=\"1920\" \/>\n\t<meta property=\"og:image:height\" content=\"1080\" \/>\n\t<meta property=\"og:image:type\" content=\"image\/jpeg\" \/>\n<meta name=\"twitter:card\" content=\"summary_large_image\" \/>\n<meta name=\"twitter:label1\" content=\"Est. reading time\" \/>\n\t<meta name=\"twitter:data1\" content=\"26 minutes\" \/>\n<!-- \/ Yoast SEO plugin. -->","yoast_head_json":{"title":"Configuraci\u00f3n de categor\u00edas de tama\u00f1os de apuesta en Hand2Note","description":"Configura categor\u00edas de tama\u00f1os de apuesta en Hand2Note para mejorar el an\u00e1lisis del juego. Aprende c\u00f3mo crear y editar categor\u00edas para obtener estad\u00edsticas m\u00e1s precisas.","robots":{"index":"index","follow":"follow","max-snippet":"max-snippet:-1","max-image-preview":"max-image-preview:large","max-video-preview":"max-video-preview:-1"},"canonical":"https:\/\/hand2noteguide.com\/user-manual\/bet-sizing-cetegories\/","og_locale":"es_ES","og_type":"article","og_title":"Configuraci\u00f3n de categor\u00edas de tama\u00f1os de apuesta en Hand2Note","og_description":"Configura categor\u00edas de tama\u00f1os de apuesta en Hand2Note para mejorar el an\u00e1lisis del juego. Aprende c\u00f3mo crear y editar categor\u00edas para obtener estad\u00edsticas m\u00e1s precisas.","og_url":"https:\/\/hand2noteguide.com\/user-manual\/bet-sizing-cetegories\/","og_site_name":"Hand2Note Guide","article_modified_time":"2026-03-10T08:38:53+00:00","og_image":[{"width":1920,"height":1080,"url":"https:\/\/hand2noteguide.com\/wp-content\/uploads\/2025\/06\/\u041a\u0430\u0442\u0435\u0433\u043e\u0440\u0438\u0438-\u0440\u0430\u0437\u043c\u0435\u0440\u043e\u0432-\u0441\u0442\u0430\u0432\u043e\u043a222.jpg","type":"image\/jpeg"}],"twitter_card":"summary_large_image","twitter_misc":{"Est. reading time":"26 minutes"},"schema":{"@context":"https:\/\/schema.org","@graph":[]}},"jetpack_sharing_enabled":true,"_links":{"self":[{"href":"https:\/\/hand2noteguide.com\/es\/wp-json\/wp\/v2\/pages\/14100","targetHints":{"allow":["GET"]}}],"collection":[{"href":"https:\/\/hand2noteguide.com\/es\/wp-json\/wp\/v2\/pages"}],"about":[{"href":"https:\/\/hand2noteguide.com\/es\/wp-json\/wp\/v2\/types\/page"}],"author":[{"embeddable":true,"href":"https:\/\/hand2noteguide.com\/es\/wp-json\/wp\/v2\/users\/3"}],"replies":[{"embeddable":true,"href":"https:\/\/hand2noteguide.com\/es\/wp-json\/wp\/v2\/comments?post=14100"}],"version-history":[{"count":68,"href":"https:\/\/hand2noteguide.com\/es\/wp-json\/wp\/v2\/pages\/14100\/revisions"}],"predecessor-version":[{"id":15640,"href":"https:\/\/hand2noteguide.com\/es\/wp-json\/wp\/v2\/pages\/14100\/revisions\/15640"}],"up":[{"embeddable":true,"href":"https:\/\/hand2noteguide.com\/es\/wp-json\/wp\/v2\/pages\/9199"}],"wp:featuredmedia":[{"embeddable":true,"href":"https:\/\/hand2noteguide.com\/es\/wp-json\/wp\/v2\/media\/14107"}],"wp:attachment":[{"href":"https:\/\/hand2noteguide.com\/es\/wp-json\/wp\/v2\/media?parent=14100"}],"curies":[{"name":"wp","href":"https:\/\/api.w.org\/{rel}","templated":true}]}}