{"id":14179,"date":"2025-06-22T14:52:53","date_gmt":"2025-06-22T11:52:53","guid":{"rendered":"https:\/\/hand2noteguide.com\/?page_id=14179"},"modified":"2026-03-10T11:39:54","modified_gmt":"2026-03-10T08:39:54","slug":"popup-on-stat","status":"publish","type":"page","link":"https:\/\/hand2noteguide.com\/es\/user-manual\/popup-on-stat\/","title":{"rendered":"Popup avanzado en Stat"},"content":{"rendered":"\n<p>Hand2Note te permite mostrar un popup en un stat al pasar el cursor del rat\u00f3n o hacer clic en los stats en el popup o HUD. Contiene informaci\u00f3n detallada como rangos preflop, categor\u00edas de tama\u00f1os de apuesta, gr\u00e1ficos de fuerza de mano, WinRate de la ejecuci\u00f3n del stat, y muchos otros.<\/p>\n\n\n\n<p>En este art\u00edculo, examinaremos detalladamente la informaci\u00f3n y las capacidades proporcionadas por el popup en un stat.<\/p>\n\n\n\n<h2 class=\"wp-block-heading\">C\u00f3mo activar un popup en un stat en Hand2Note y qu\u00e9 informaci\u00f3n proporciona<\/h2>\n\n\n\n<p>Abrir un popup en un stat en Hand2Note se implementa ya sea pasando el cursor del rat\u00f3n sobre un stat en el HUD o popup, o haciendo clic en el stat con el bot\u00f3n izquierdo del rat\u00f3n (LMB). Contiene informaci\u00f3n detallada y extendida sobre el stat.<\/p>\n\n\n\n<p>El popup en un stat se muestra en dos variantes:<\/p>\n\n\n\n<ol class=\"wp-block-list\" start=\"1\">\n<li><strong>Para estad\u00edsticas preflop (1)<\/strong> &#8211; por ejemplo, para el stat &#8220;Raise 1st in,&#8221; que muestra la frecuencia de open-raise del jugador.<\/li>\n\n\n\n<li><strong>Para estad\u00edsticas postflop (2)<\/strong> &#8211; por ejemplo, para el stat &#8220;Raise 1st &#8211; Continuation Bet,&#8221; que muestra la frecuencia de continuation bet del jugador en el flop.<\/li>\n<\/ol>\n\n\n\n<figure class=\"wp-block-image size-large\"><img loading=\"lazy\" decoding=\"async\" width=\"1024\" height=\"576\" src=\"http:\/\/hand2noteguide.com\/wp-content\/uploads\/2025\/06\/\u044b\u0432\u0430\u043f\u0440-1024x576.jpg\" alt=\"\" class=\"wp-image-14196\" srcset=\"https:\/\/hand2noteguide.com\/wp-content\/uploads\/2025\/06\/\u044b\u0432\u0430\u043f\u0440-1024x576.jpg 1024w, https:\/\/hand2noteguide.com\/wp-content\/uploads\/2025\/06\/\u044b\u0432\u0430\u043f\u0440-300x169.jpg 300w, https:\/\/hand2noteguide.com\/wp-content\/uploads\/2025\/06\/\u044b\u0432\u0430\u043f\u0440-768x432.jpg 768w, https:\/\/hand2noteguide.com\/wp-content\/uploads\/2025\/06\/\u044b\u0432\u0430\u043f\u0440-1536x864.jpg 1536w, https:\/\/hand2noteguide.com\/wp-content\/uploads\/2025\/06\/\u044b\u0432\u0430\u043f\u0440-772x434.jpg 772w, https:\/\/hand2noteguide.com\/wp-content\/uploads\/2025\/06\/\u044b\u0432\u0430\u043f\u0440-624x351.jpg 624w, https:\/\/hand2noteguide.com\/wp-content\/uploads\/2025\/06\/\u044b\u0432\u0430\u043f\u0440.jpg 1919w\" sizes=\"auto, (max-width: 1024px) 100vw, 1024px\" \/><\/figure>\n\n\n\n<h3 class=\"wp-block-heading\">Popup en Stat para estad\u00edsticas preflop<\/h3>\n\n\n\n<p>El popup en un stat para estad\u00edsticas preflop incluye los siguientes elementos:<\/p>\n\n\n\n<div class=\"wp-block-group is-vertical is-content-justification-center is-layout-flex wp-container-core-group-is-layout-4b2eccd6 wp-block-group-is-layout-flex\">\n<div class=\"wp-block-group is-content-justification-center is-nowrap is-layout-flex wp-container-core-group-is-layout-079bfc22 wp-block-group-is-layout-flex\">\n<figure class=\"wp-block-image size-full\"><img loading=\"lazy\" decoding=\"async\" width=\"402\" height=\"638\" src=\"http:\/\/hand2noteguide.com\/wp-content\/uploads\/2025\/06\/\u0440\u0435\u0439\u0437.jpg\" alt=\"\" class=\"wp-image-14207\" srcset=\"https:\/\/hand2noteguide.com\/wp-content\/uploads\/2025\/06\/\u0440\u0435\u0439\u0437.jpg 402w, https:\/\/hand2noteguide.com\/wp-content\/uploads\/2025\/06\/\u0440\u0435\u0439\u0437-189x300.jpg 189w, https:\/\/hand2noteguide.com\/wp-content\/uploads\/2025\/06\/\u0440\u0435\u0439\u0437-393x624.jpg 393w\" sizes=\"auto, (max-width: 402px) 100vw, 402px\" \/><\/figure>\n\n\n\n<figure class=\"wp-block-image size-full\"><img loading=\"lazy\" decoding=\"async\" width=\"403\" height=\"644\" src=\"http:\/\/hand2noteguide.com\/wp-content\/uploads\/2025\/06\/\u043a\u043e\u043b\u043b.jpg\" alt=\"\" class=\"wp-image-14208\" srcset=\"https:\/\/hand2noteguide.com\/wp-content\/uploads\/2025\/06\/\u043a\u043e\u043b\u043b.jpg 403w, https:\/\/hand2noteguide.com\/wp-content\/uploads\/2025\/06\/\u043a\u043e\u043b\u043b-188x300.jpg 188w, https:\/\/hand2noteguide.com\/wp-content\/uploads\/2025\/06\/\u043a\u043e\u043b\u043b-390x624.jpg 390w\" sizes=\"auto, (max-width: 403px) 100vw, 403px\" \/><\/figure>\n<\/div>\n\n\n\n<div class=\"wp-block-group is-content-justification-center is-nowrap is-layout-flex wp-container-core-group-is-layout-079bfc22 wp-block-group-is-layout-flex\">\n<figure class=\"wp-block-image size-full\"><img loading=\"lazy\" decoding=\"async\" width=\"403\" height=\"637\" src=\"http:\/\/hand2noteguide.com\/wp-content\/uploads\/2025\/06\/\u0447\u0435\u043a.jpg\" alt=\"\" class=\"wp-image-14204\" srcset=\"https:\/\/hand2noteguide.com\/wp-content\/uploads\/2025\/06\/\u0447\u0435\u043a.jpg 403w, https:\/\/hand2noteguide.com\/wp-content\/uploads\/2025\/06\/\u0447\u0435\u043a-190x300.jpg 190w, https:\/\/hand2noteguide.com\/wp-content\/uploads\/2025\/06\/\u0447\u0435\u043a-395x624.jpg 395w\" sizes=\"auto, (max-width: 403px) 100vw, 403px\" \/><\/figure>\n\n\n\n<figure class=\"wp-block-image size-full\"><img loading=\"lazy\" decoding=\"async\" width=\"403\" height=\"547\" src=\"http:\/\/hand2noteguide.com\/wp-content\/uploads\/2025\/06\/\u0431\u0435\u0442-\u0441\u0430\u0439\u0437\u0438\u043d\u0433.jpg\" alt=\"\" class=\"wp-image-14205\" srcset=\"https:\/\/hand2noteguide.com\/wp-content\/uploads\/2025\/06\/\u0431\u0435\u0442-\u0441\u0430\u0439\u0437\u0438\u043d\u0433.jpg 403w, https:\/\/hand2noteguide.com\/wp-content\/uploads\/2025\/06\/\u0431\u0435\u0442-\u0441\u0430\u0439\u0437\u0438\u043d\u0433-221x300.jpg 221w\" sizes=\"auto, (max-width: 403px) 100vw, 403px\" \/><\/figure>\n\n\n\n<figure class=\"wp-block-image size-large\"><img loading=\"lazy\" decoding=\"async\" width=\"1024\" height=\"779\" src=\"http:\/\/hand2noteguide.com\/wp-content\/uploads\/2025\/06\/\u0445\u0435\u043d\u0434\u0441-1024x779.jpg\" alt=\"\" class=\"wp-image-14206\" srcset=\"https:\/\/hand2noteguide.com\/wp-content\/uploads\/2025\/06\/\u0445\u0435\u043d\u0434\u0441-1024x779.jpg 1024w, https:\/\/hand2noteguide.com\/wp-content\/uploads\/2025\/06\/\u0445\u0435\u043d\u0434\u0441-300x228.jpg 300w, https:\/\/hand2noteguide.com\/wp-content\/uploads\/2025\/06\/\u0445\u0435\u043d\u0434\u0441-768x584.jpg 768w, https:\/\/hand2noteguide.com\/wp-content\/uploads\/2025\/06\/\u0445\u0435\u043d\u0434\u0441-772x587.jpg 772w, https:\/\/hand2noteguide.com\/wp-content\/uploads\/2025\/06\/\u0445\u0435\u043d\u0434\u0441-624x475.jpg 624w, https:\/\/hand2noteguide.com\/wp-content\/uploads\/2025\/06\/\u0445\u0435\u043d\u0434\u0441.jpg 1036w\" sizes=\"auto, (max-width: 1024px) 100vw, 1024px\" \/><\/figure>\n<\/div>\n<\/div>\n\n\n\n<ol class=\"wp-block-list\" start=\"1\">\n<li>Nombre del Stat\n<ul class=\"wp-block-list\">\n<li>Al pasar el cursor sobre el c\u00edrculo al final del nombre se muestra la condici\u00f3n l\u00f3gica del stat.<\/li>\n<\/ul>\n<\/li>\n\n\n\n<li>Configuraci\u00f3n de Notas\n<ul class=\"wp-block-list\">\n<li>Una l\u00ednea para establecer <a href=\"https:\/\/hand2noteguide.com\/es\/user-manual\/the-use-and-possibilities-of-notes-in-hand2note\/\">notas sobre el stat del jugador<\/a>.<\/li>\n<\/ul>\n<\/li>\n\n\n\n<li>Par\u00e1metros Generales\n<ul class=\"wp-block-list\">\n<li>Valor del Stat \u2014 frecuencia general (en %) de la ejecuci\u00f3n del stat.<\/li>\n\n\n\n<li>Valor del Stat Vs-Usuario \u2014 frecuencia de la ejecuci\u00f3n del stat (en %), contra ti.<\/li>\n\n\n\n<li>Beneficio de la Acci\u00f3n \u2014 rentabilidad de la acci\u00f3n.<\/li>\n\n\n\n<li>Mano Ganada \u2014 n\u00famero de manos ganadas (en %).<\/li>\n\n\n\n<li>WTSD (Lleg\u00f3 al Showdown) \u2014 frecuencia de llegar al showdown.<\/li>\n\n\n\n<li>Y otros par\u00e1metros.<br><em>Todos los valores se calculan considerando la condici\u00f3n del stat.<\/em><\/li>\n<\/ul>\n<\/li>\n\n\n\n<li>Pesta\u00f1a &#8220;Raise&#8221;\n<ul class=\"wp-block-list\">\n<li>Si la acci\u00f3n del stat es un raise, se muestra su rango preflop (categor\u00edas preflop).<\/li>\n\n\n\n<li>Si no, se muestra el rango de raise como acci\u00f3n alternativa.<\/li>\n<\/ul>\n<\/li>\n\n\n\n<li>Pesta\u00f1a &#8220;Call&#8221;\n<ul class=\"wp-block-list\">\n<li>Si la acci\u00f3n del stat es un call, se muestra su rango preflop (categor\u00edas preflop).<\/li>\n\n\n\n<li>Si no, se muestra el rango de call como acci\u00f3n alternativa.<\/li>\n<\/ul>\n<\/li>\n\n\n\n<li>Pesta\u00f1a &#8220;Check&#8221;\n<ul class=\"wp-block-list\">\n<li>Si la acci\u00f3n del stat es un check, se muestra su rango preflop (categor\u00edas preflop).<\/li>\n\n\n\n<li>Si no, se muestra el rango de check como acci\u00f3n alternativa.<\/li>\n<\/ul>\n<\/li>\n\n\n\n<li>Pesta\u00f1a &#8220;Bet Sizes&#8221;\n<ul class=\"wp-block-list\">\n<li>Muestra las categor\u00edas de tama\u00f1os de apuesta para el stat ejecutado.<\/li>\n<\/ul>\n<\/li>\n\n\n\n<li>Pesta\u00f1a &#8220;Hands&#8221;\n<ul class=\"wp-block-list\">\n<li>Lista de manos del jugador que satisfacen la condici\u00f3n del stat.<\/li>\n<\/ul>\n<\/li>\n\n\n\n<li>\u00c1rea de Datos\n<ul class=\"wp-block-list\">\n<li>Esta parte muestra valores correspondientes a la pesta\u00f1a seleccionada.<\/li>\n<\/ul>\n<\/li>\n<\/ol>\n\n\n\n<h3 class=\"wp-block-heading\">Popup en Stat para estad\u00edsticas postflop<\/h3>\n\n\n\n<p>El popup en un stat para estad\u00edsticas postflop incluye los siguientes elementos:<\/p>\n\n\n\n<div class=\"wp-block-group is-vertical is-content-justification-center is-layout-flex wp-container-core-group-is-layout-4b2eccd6 wp-block-group-is-layout-flex\">\n<div class=\"wp-block-group is-content-justification-center is-nowrap is-layout-flex wp-container-core-group-is-layout-079bfc22 wp-block-group-is-layout-flex\">\n<figure class=\"wp-block-image size-full\"><img loading=\"lazy\" decoding=\"async\" width=\"491\" height=\"723\" src=\"http:\/\/hand2noteguide.com\/wp-content\/uploads\/2025\/06\/\u0440\u0435\u043d\u0436.jpg\" alt=\"\" class=\"wp-image-14224\" srcset=\"https:\/\/hand2noteguide.com\/wp-content\/uploads\/2025\/06\/\u0440\u0435\u043d\u0436.jpg 491w, https:\/\/hand2noteguide.com\/wp-content\/uploads\/2025\/06\/\u0440\u0435\u043d\u0436-204x300.jpg 204w, https:\/\/hand2noteguide.com\/wp-content\/uploads\/2025\/06\/\u0440\u0435\u043d\u0436-424x624.jpg 424w\" sizes=\"auto, (max-width: 491px) 100vw, 491px\" \/><\/figure>\n\n\n\n<figure class=\"wp-block-image size-full\"><img loading=\"lazy\" decoding=\"async\" width=\"591\" height=\"526\" src=\"http:\/\/hand2noteguide.com\/wp-content\/uploads\/2025\/06\/\u0431\u043e\u0440\u0434.jpg\" alt=\"\" class=\"wp-image-14225\" srcset=\"https:\/\/hand2noteguide.com\/wp-content\/uploads\/2025\/06\/\u0431\u043e\u0440\u0434.jpg 591w, https:\/\/hand2noteguide.com\/wp-content\/uploads\/2025\/06\/\u0431\u043e\u0440\u0434-300x267.jpg 300w\" sizes=\"auto, (max-width: 591px) 100vw, 591px\" \/><\/figure>\n<\/div>\n\n\n\n<div class=\"wp-block-group is-content-justification-center is-nowrap is-layout-flex wp-container-core-group-is-layout-35f56f29 wp-block-group-is-layout-flex\">\n<figure class=\"wp-block-image size-full\"><img loading=\"lazy\" decoding=\"async\" width=\"634\" height=\"529\" src=\"http:\/\/hand2noteguide.com\/wp-content\/uploads\/2025\/06\/\u0431\u0435\u0442-\u0441\u0430\u0439\u0437\u0438\u043d\u04332.jpg\" alt=\"\" class=\"wp-image-14226\" srcset=\"https:\/\/hand2noteguide.com\/wp-content\/uploads\/2025\/06\/\u0431\u0435\u0442-\u0441\u0430\u0439\u0437\u0438\u043d\u04332.jpg 634w, https:\/\/hand2noteguide.com\/wp-content\/uploads\/2025\/06\/\u0431\u0435\u0442-\u0441\u0430\u0439\u0437\u0438\u043d\u04332-300x250.jpg 300w, https:\/\/hand2noteguide.com\/wp-content\/uploads\/2025\/06\/\u0431\u0435\u0442-\u0441\u0430\u0439\u0437\u0438\u043d\u04332-624x521.jpg 624w\" sizes=\"auto, (max-width: 634px) 100vw, 634px\" \/><\/figure>\n\n\n\n<figure class=\"wp-block-image size-full\"><img loading=\"lazy\" decoding=\"async\" width=\"1019\" height=\"788\" src=\"http:\/\/hand2noteguide.com\/wp-content\/uploads\/2025\/06\/\u0445\u0435\u043d\u0434\u04412.jpg\" alt=\"\" class=\"wp-image-14227\" srcset=\"https:\/\/hand2noteguide.com\/wp-content\/uploads\/2025\/06\/\u0445\u0435\u043d\u0434\u04412.jpg 1019w, https:\/\/hand2noteguide.com\/wp-content\/uploads\/2025\/06\/\u0445\u0435\u043d\u0434\u04412-300x232.jpg 300w, https:\/\/hand2noteguide.com\/wp-content\/uploads\/2025\/06\/\u0445\u0435\u043d\u0434\u04412-768x594.jpg 768w, https:\/\/hand2noteguide.com\/wp-content\/uploads\/2025\/06\/\u0445\u0435\u043d\u0434\u04412-772x597.jpg 772w, https:\/\/hand2noteguide.com\/wp-content\/uploads\/2025\/06\/\u0445\u0435\u043d\u0434\u04412-624x483.jpg 624w\" sizes=\"auto, (max-width: 1019px) 100vw, 1019px\" \/><\/figure>\n<\/div>\n<\/div>\n\n\n\n<ul class=\"wp-block-list\">\n<ol class=\"wp-block-list\" start=\"1\">\n<li>Nombre del Stat\n<ul class=\"wp-block-list\">\n<li>Al pasar el cursor sobre el c\u00edrculo al final del nombre se muestra la condici\u00f3n l\u00f3gica del stat.<\/li>\n<\/ul>\n<\/li>\n\n\n\n<li>Configuraci\u00f3n de Notas\n<ul class=\"wp-block-list\">\n<li>Una l\u00ednea para establecer notas sobre el stat del jugador.<\/li>\n<\/ul>\n<\/li>\n\n\n\n<li>Par\u00e1metros Generales\n<ul class=\"wp-block-list\">\n<li>Valor del Stat \u2014 frecuencia general (en %) de la ejecuci\u00f3n del stat.<\/li>\n\n\n\n<li>Valor del Stat Vs-Usuario \u2014 frecuencia de la ejecuci\u00f3n del stat (en %), contra ti.<\/li>\n\n\n\n<li>Beneficio de la Acci\u00f3n \u2014 rentabilidad de la acci\u00f3n.<\/li>\n\n\n\n<li>Mano Ganada \u2014 n\u00famero de manos ganadas (en %).<\/li>\n\n\n\n<li>WTSD (Lleg\u00f3 al Showdown) \u2014 frecuencia de llegar al showdown.<\/li>\n\n\n\n<li>Y otros par\u00e1metros.<br><em>Todos los valores se calculan considerando la condici\u00f3n del stat.<\/em><\/li>\n<\/ul>\n<\/li>\n\n\n\n<li>Pesta\u00f1a &#8220;Rango&#8221;\n<ul class=\"wp-block-list\">\n<li>Muestra el contenido de la fuerza de la mano en forma de histogramas.<\/li>\n<\/ul>\n<\/li>\n\n\n\n<li>Pesta\u00f1a &#8220;Boards&#8221;\n<ul class=\"wp-block-list\">\n<li>Muestra las frecuencias de la ejecuci\u00f3n del stat (en %) y los histogramas de fuerza de mano distribuidos en diferentes tipos de board.<\/li>\n<\/ul>\n<\/li>\n\n\n\n<li>Pesta\u00f1a &#8220;Bet Sizes&#8221;\n<ul class=\"wp-block-list\">\n<li>Muestra las categor\u00edas de tama\u00f1os de apuesta para el stat ejecutado y un histograma de fuerza de mano para cada uno de ellos.<\/li>\n<\/ul>\n<\/li>\n\n\n\n<li>Pesta\u00f1a &#8220;Hands&#8221;\n<ul class=\"wp-block-list\">\n<li>Lista de manos del jugador que satisfacen la condici\u00f3n del stat.<\/li>\n<\/ul>\n<\/li>\n\n\n\n<li>\u00c1rea de Datos\n<ul class=\"wp-block-list\">\n<li>Esta parte muestra valores correspondientes a la pesta\u00f1a seleccionada.<\/li>\n<\/ul>\n<\/li>\n<\/ol>\n<\/ul>\n\n\n\n<h2 class=\"wp-block-heading\">Configuraci\u00f3n para activar un popup en un stat<\/h2>\n\n\n\n<p>La activaci\u00f3n de un popup en un stat en el HUD o popup se puede configurar. Para ello, en la ventana principal de Hand2Note, ve a la configuraci\u00f3n seleccionando &#8220;Configuraci\u00f3n&#8221; (1). Luego abre el men\u00fa &#8220;HUD&#8221; (2).<\/p>\n\n\n\n<figure class=\"wp-block-image size-large\"><img loading=\"lazy\" decoding=\"async\" width=\"1024\" height=\"576\" src=\"http:\/\/hand2noteguide.com\/wp-content\/uploads\/2025\/06\/78778878-1024x576.jpg\" alt=\"\" class=\"wp-image-14187\" srcset=\"https:\/\/hand2noteguide.com\/wp-content\/uploads\/2025\/06\/78778878-1024x576.jpg 1024w, https:\/\/hand2noteguide.com\/wp-content\/uploads\/2025\/06\/78778878-300x169.jpg 300w, https:\/\/hand2noteguide.com\/wp-content\/uploads\/2025\/06\/78778878-768x432.jpg 768w, https:\/\/hand2noteguide.com\/wp-content\/uploads\/2025\/06\/78778878-1536x864.jpg 1536w, https:\/\/hand2noteguide.com\/wp-content\/uploads\/2025\/06\/78778878-772x434.jpg 772w, https:\/\/hand2noteguide.com\/wp-content\/uploads\/2025\/06\/78778878-624x351.jpg 624w, https:\/\/hand2noteguide.com\/wp-content\/uploads\/2025\/06\/78778878.jpg 1919w\" sizes=\"auto, (max-width: 1024px) 100vw, 1024px\" \/><\/figure>\n\n\n\n<p>En la <a href=\"https:\/\/hand2noteguide.com\/es\/user-manual\/basic-settings-for-displaying-the-hada-in-hand2note\/\">configuraci\u00f3n del HUD<\/a>, tambi\u00e9n puedes configurar la visualizaci\u00f3n del popup en un stat utilizando los siguientes elementos:<\/p>\n\n\n\n<ul class=\"wp-block-list\">\n<li>&#8220;Abrir popup en stat y popup principal con clics izquierdo y derecho&#8221; (3) &#8211; cuando esta opci\u00f3n est\u00e1 habilitada, abrir un popup en un stat ocurrir\u00e1 al hacer clic en el LMB en el stat en lugar de pasar el cursor del rat\u00f3n;<\/li>\n\n\n\n<li>Si la opci\u00f3n &#8220;Abrir popup en stat y popup principal con clics izquierdo y derecho&#8221; est\u00e1 deshabilitada, puedes establecer el retraso para abrir el popup al pasar el cursor sobre un stat utilizando la opci\u00f3n &#8220;Retraso para abrir popup en stat despu\u00e9s de pasar el rat\u00f3n (en milisegundos)&#8221; (4) (el valor se especifica en milisegundos). El retraso es necesario para que los popups se abran solo cuando realmente los deseas, y no parpadeen con cada paso accidental del rat\u00f3n sobre los stats.<\/li>\n<\/ul>\n\n\n\n<h2 class=\"wp-block-heading\">Conclusi\u00f3n<\/h2>\n\n\n\n<p>El popup en un stat proporciona datos anal\u00edticos valiosos que se pueden utilizar tanto al analizar manos como directamente durante el juego. La mayor\u00eda de los par\u00e1metros est\u00e1n disponibles para ajustes finos, lo que permite adaptar la herramienta a las necesidades individuales del jugador.<\/p>\n\n\n\n<p>Tambi\u00e9n recomendamos estudiar materiales adicionales sobre el trabajo con el popup en un stat:<\/p>\n\n\n\n<ul class=\"wp-block-list\">\n<li><a href=\"https:\/\/hand2noteguide.com\/es\/user-manual\/bet-sizing-cetegories\/\">Configuraci\u00f3n de categor\u00edas de tama\u00f1os de apuesta<\/a><\/li>\n\n\n\n<li><a href=\"https:\/\/hand2noteguide.com\/es\/user-manual\/setting-up-board-categories\/\">Configuraci\u00f3n de texturas de board<\/a><\/li>\n\n\n\n<li><a href=\"https:\/\/hand2noteguide.com\/es\/user-manual\/setting-up-hand-ranges\/\">Configuraci\u00f3n de rangos de manos<\/a><\/li>\n<\/ul>\n","protected":false},"excerpt":{"rendered":"<p>Hand2Note te permite mostrar un popup en un stat al pasar el cursor del rat\u00f3n o hacer clic en los stats en el popup o HUD. Contiene informaci\u00f3n detallada como rangos preflop, categor\u00edas de tama\u00f1os de apuesta, gr\u00e1ficos de fuerza de mano, WinRate de la ejecuci\u00f3n del stat, y muchos otros. En este art\u00edculo, examinaremos &hellip; <a href=\"https:\/\/hand2noteguide.com\/es\/user-manual\/popup-on-stat\/\" class=\"more-link\">Continue reading <span class=\"screen-reader-text\">Popup avanzado en Stat<\/span><\/a><\/p>\n","protected":false},"author":3,"featured_media":14181,"parent":9199,"menu_order":0,"comment_status":"closed","ping_status":"closed","template":"","meta":{"footnotes":""},"class_list":["post-14179","page","type-page","status-publish","has-post-thumbnail","hentry"],"translation":{"provider":"WPGlobus","version":"3.0.2","language":"es","enabled_languages":["en","ru","pt","zh","es","fr","de","it","ja"],"languages":{"en":{"title":true,"content":true,"excerpt":false},"ru":{"title":true,"content":true,"excerpt":false},"pt":{"title":true,"content":true,"excerpt":false},"zh":{"title":true,"content":true,"excerpt":false},"es":{"title":true,"content":true,"excerpt":false},"fr":{"title":true,"content":true,"excerpt":false},"de":{"title":true,"content":true,"excerpt":false},"it":{"title":true,"content":true,"excerpt":false},"ja":{"title":true,"content":true,"excerpt":false}}},"yoast_head":"<!-- This site is optimized with the Yoast SEO plugin v27.0 - https:\/\/yoast.com\/product\/yoast-seo-wordpress\/ -->\n<title>Popup avanzado en Stat en Hand2Note<\/title>\n<meta name=\"description\" content=\"Aprende a usar popups avanzados en stat en Hand2Note para analizar estad\u00edsticas preflop y postflop y mejorar tu juego.\" \/>\n<meta name=\"robots\" content=\"index, follow, max-snippet:-1, max-image-preview:large, max-video-preview:-1\" \/>\n<link rel=\"canonical\" href=\"https:\/\/hand2noteguide.com\/user-manual\/popup-on-stat\/\" \/>\n<meta property=\"og:locale\" content=\"es_ES\" \/>\n<meta property=\"og:type\" content=\"article\" \/>\n<meta property=\"og:title\" content=\"Popup avanzado en Stat en Hand2Note\" \/>\n<meta property=\"og:description\" content=\"Aprende a usar popups avanzados en stat en Hand2Note para analizar estad\u00edsticas preflop y postflop y mejorar tu juego.\" \/>\n<meta property=\"og:url\" content=\"https:\/\/hand2noteguide.com\/user-manual\/popup-on-stat\/\" \/>\n<meta property=\"og:site_name\" content=\"Hand2Note Guide\" \/>\n<meta property=\"article:modified_time\" content=\"2026-03-10T08:39:54+00:00\" \/>\n<meta property=\"og:image\" content=\"https:\/\/hand2noteguide.com\/wp-content\/uploads\/2025\/06\/\u0411\u0435\u0437-\u0438\u043c\u0435\u043d\u0438-1-7.jpg\" \/>\n\t<meta property=\"og:image:width\" content=\"1920\" \/>\n\t<meta property=\"og:image:height\" content=\"1080\" \/>\n\t<meta property=\"og:image:type\" content=\"image\/jpeg\" \/>\n<meta name=\"twitter:card\" content=\"summary_large_image\" \/>\n<meta name=\"twitter:label1\" content=\"Est. reading time\" \/>\n\t<meta name=\"twitter:data1\" content=\"29 minutes\" \/>\n<!-- \/ Yoast SEO plugin. -->","yoast_head_json":{"title":"Popup avanzado en Stat en Hand2Note","description":"Aprende a usar popups avanzados en stat en Hand2Note para analizar estad\u00edsticas preflop y postflop y mejorar tu juego.","robots":{"index":"index","follow":"follow","max-snippet":"max-snippet:-1","max-image-preview":"max-image-preview:large","max-video-preview":"max-video-preview:-1"},"canonical":"https:\/\/hand2noteguide.com\/user-manual\/popup-on-stat\/","og_locale":"es_ES","og_type":"article","og_title":"Popup avanzado en Stat en Hand2Note","og_description":"Aprende a usar popups avanzados en stat en Hand2Note para analizar estad\u00edsticas preflop y postflop y mejorar tu juego.","og_url":"https:\/\/hand2noteguide.com\/user-manual\/popup-on-stat\/","og_site_name":"Hand2Note Guide","article_modified_time":"2026-03-10T08:39:54+00:00","og_image":[{"width":1920,"height":1080,"url":"https:\/\/hand2noteguide.com\/wp-content\/uploads\/2025\/06\/\u0411\u0435\u0437-\u0438\u043c\u0435\u043d\u0438-1-7.jpg","type":"image\/jpeg"}],"twitter_card":"summary_large_image","twitter_misc":{"Est. reading time":"29 minutes"},"schema":{"@context":"https:\/\/schema.org","@graph":[]}},"jetpack_sharing_enabled":true,"_links":{"self":[{"href":"https:\/\/hand2noteguide.com\/es\/wp-json\/wp\/v2\/pages\/14179","targetHints":{"allow":["GET"]}}],"collection":[{"href":"https:\/\/hand2noteguide.com\/es\/wp-json\/wp\/v2\/pages"}],"about":[{"href":"https:\/\/hand2noteguide.com\/es\/wp-json\/wp\/v2\/types\/page"}],"author":[{"embeddable":true,"href":"https:\/\/hand2noteguide.com\/es\/wp-json\/wp\/v2\/users\/3"}],"replies":[{"embeddable":true,"href":"https:\/\/hand2noteguide.com\/es\/wp-json\/wp\/v2\/comments?post=14179"}],"version-history":[{"count":68,"href":"https:\/\/hand2noteguide.com\/es\/wp-json\/wp\/v2\/pages\/14179\/revisions"}],"predecessor-version":[{"id":15641,"href":"https:\/\/hand2noteguide.com\/es\/wp-json\/wp\/v2\/pages\/14179\/revisions\/15641"}],"up":[{"embeddable":true,"href":"https:\/\/hand2noteguide.com\/es\/wp-json\/wp\/v2\/pages\/9199"}],"wp:featuredmedia":[{"embeddable":true,"href":"https:\/\/hand2noteguide.com\/es\/wp-json\/wp\/v2\/media\/14181"}],"wp:attachment":[{"href":"https:\/\/hand2noteguide.com\/es\/wp-json\/wp\/v2\/media?parent=14179"}],"curies":[{"name":"wp","href":"https:\/\/api.w.org\/{rel}","templated":true}]}}