{"id":142,"date":"2018-07-31T23:22:45","date_gmt":"2018-07-31T20:22:45","guid":{"rendered":"https:\/\/h2n312.wordpress.com\/?page_id=142"},"modified":"2025-06-04T19:15:11","modified_gmt":"2025-06-04T16:15:11","slug":"hand2note-official-support","status":"publish","type":"page","link":"https:\/\/hand2noteguide.com\/es\/hand2note-official-support\/","title":{"rendered":"Servicio de soporte de Hand2Note"},"content":{"rendered":"\n<p>Antes de contactar con el soporte de Hand2Note, revisa las posibles soluciones para tus problemas. Si deseas entender c\u00f3mo funciona una caracter\u00edstica espec\u00edfica, puedes consultar la informaci\u00f3n en el <a href=\"\/es\/user-manual\/\">manual de usuario de Hand2Note<\/a> primero. Si tienes problemas con el software, revisa la secci\u00f3n de <a href=\"https:\/\/hand2noteguide.com\/es\/issues-resolving\/\">soluci\u00f3n de problemas<\/a>.<\/p>\n\n\n\n<p>En caso de que no encuentres respuestas a tus preguntas, puedes utilizar la ayuda de los especialistas. El equipo de soporte de Hand2Note trabaja 24\/7 y siempre est\u00e1 listo para ayudarte. Puedes contactar a los operadores de una de las siguientes maneras:<\/p>\n\n\n\n<ol class=\"wp-block-list\">\n<li>Email&nbsp;<a rel=\"noreferrer noopener\" href=\"mailto:support@hand2note.com\" target=\"_blank\">support@hand2note.com<\/a><\/li>\n\n\n\n<li>Chat en vivo en el sitio web oficial <a href=\"https:\/\/hand2note.com?rid=2250\" target=\"_blank\" aria-label=\"undefined (opens in a new tab)\" rel=\"noreferrer noopener\">http:\/\/www.hand2note.com\/<\/a><\/li>\n\n\n\n<li><a href=\"https:\/\/discord.gg\/Hand2Note\" target=\"_blank\" aria-label=\"undefined (opens in a new tab)\" rel=\"noreferrer noopener\">Servidor de Discord de Hand2Note<\/a><\/li>\n<\/ol>\n\n\n\n<div class=\"green-block\"><p style=\"margin-bottom:0\">\ud83d\udc49 Si no ves la ventana de chat en la esquina inferior derecha del sitio web <a target=\"_blank\" href=\"https:\/\/hand2note.com\/?rid=2250\" rel=\"noopener\">hand2note.com<\/a>, intenta desactivar los plugins de bloqueo de anuncios o usar el modo inc\u00f3gnito en tu navegador. Si esto no ayuda, probablemente los operadores de chat est\u00e9n desconectados en este momento. Prueba otra forma de la lista anterior.<\/p><\/div>\n\n\n\n<p>Por favor, describe claramente tu problema y proporciona a los operadores tanta informaci\u00f3n como sea posible:<\/p>\n\n\n\n<ul class=\"wp-block-list\">\n<li>\u00bfQu\u00e9 versi\u00f3n de Hand2Note has instalado?<\/li>\n\n\n\n<li>\u00bfEn qu\u00e9 sala de p\u00f3ker est\u00e1s jugando actualmente?<\/li>\n\n\n\n<li>\u00bfQu\u00e9 tipo de p\u00f3ker juegas en esta sala de p\u00f3ker?<\/li>\n\n\n\n<li>\u00bfHas instalado paquetes de HUD comerciales?&nbsp;<\/li>\n<\/ul>\n\n\n\n<p>Gracias.<\/p>\n","protected":false},"excerpt":{"rendered":"<p>Antes de contactar con el soporte de Hand2Note, revisa las posibles soluciones para tus problemas. Si deseas entender c\u00f3mo funciona una caracter\u00edstica espec\u00edfica, puedes consultar la informaci\u00f3n en el manual de usuario de Hand2Note primero. Si tienes problemas con el software, revisa la secci\u00f3n de soluci\u00f3n de problemas. En caso de que no encuentres respuestas &hellip; <a href=\"https:\/\/hand2noteguide.com\/es\/hand2note-official-support\/\" class=\"more-link\">Continue reading <span class=\"screen-reader-text\">Servicio de soporte de Hand2Note<\/span><\/a><\/p>\n","protected":false},"author":1,"featured_media":0,"parent":0,"menu_order":0,"comment_status":"closed","ping_status":"closed","template":"page-templates\/full-width-page.php","meta":{"footnotes":""},"class_list":["post-142","page","type-page","status-publish","hentry"],"translation":{"provider":"WPGlobus","version":"3.0.2","language":"es","enabled_languages":["en","ru","pt","zh","es","fr","de","it","ja"],"languages":{"en":{"title":true,"content":true,"excerpt":false},"ru":{"title":true,"content":true,"excerpt":false},"pt":{"title":true,"content":true,"excerpt":false},"zh":{"title":true,"content":true,"excerpt":false},"es":{"title":true,"content":true,"excerpt":false},"fr":{"title":true,"content":true,"excerpt":false},"de":{"title":true,"content":true,"excerpt":false},"it":{"title":true,"content":true,"excerpt":false},"ja":{"title":true,"content":true,"excerpt":false}}},"yoast_head":"<!-- This site is optimized with the Yoast SEO plugin v27.0 - https:\/\/yoast.com\/product\/yoast-seo-wordpress\/ -->\n<title>Servicio de Soporte de Hand2Note: Chat en Vivo, Discord, Email<\/title>\n<meta name=\"description\" content=\"El equipo de soporte de Hand2Note trabaja 24\/7 y siempre est\u00e1 listo para ayudar. Puedes contactarnos por chat en vivo, email o en la comunidad de Discord. \u00a1Resuelve tus problemas r\u00e1pidamente!\" \/>\n<meta name=\"robots\" content=\"index, follow, max-snippet:-1, max-image-preview:large, max-video-preview:-1\" \/>\n<link rel=\"canonical\" href=\"https:\/\/hand2noteguide.com\/hand2note-official-support\/\" \/>\n<meta property=\"og:locale\" content=\"es_ES\" \/>\n<meta property=\"og:type\" content=\"article\" \/>\n<meta property=\"og:title\" content=\"Servicio de Soporte de Hand2Note: Chat en Vivo, Discord, Email\" \/>\n<meta property=\"og:description\" content=\"El equipo de soporte de Hand2Note trabaja 24\/7 y siempre est\u00e1 listo para ayudar. Puedes contactarnos por chat en vivo, email o en la comunidad de Discord. \u00a1Resuelve tus problemas r\u00e1pidamente!\" \/>\n<meta property=\"og:url\" content=\"https:\/\/hand2noteguide.com\/hand2note-official-support\/\" \/>\n<meta property=\"og:site_name\" content=\"Hand2Note Guide\" \/>\n<meta property=\"article:modified_time\" content=\"2025-06-04T16:15:11+00:00\" \/>\n<meta name=\"twitter:card\" content=\"summary_large_image\" \/>\n<meta name=\"twitter:label1\" content=\"Est. reading time\" \/>\n\t<meta name=\"twitter:data1\" content=\"7 minutes\" \/>\n<!-- \/ Yoast SEO plugin. -->","yoast_head_json":{"title":"Servicio de Soporte de Hand2Note: Chat en Vivo, Discord, Email","description":"El equipo de soporte de Hand2Note trabaja 24\/7 y siempre est\u00e1 listo para ayudar. Puedes contactarnos por chat en vivo, email o en la comunidad de Discord. \u00a1Resuelve tus problemas r\u00e1pidamente!","robots":{"index":"index","follow":"follow","max-snippet":"max-snippet:-1","max-image-preview":"max-image-preview:large","max-video-preview":"max-video-preview:-1"},"canonical":"https:\/\/hand2noteguide.com\/hand2note-official-support\/","og_locale":"es_ES","og_type":"article","og_title":"Servicio de Soporte de Hand2Note: Chat en Vivo, Discord, Email","og_description":"El equipo de soporte de Hand2Note trabaja 24\/7 y siempre est\u00e1 listo para ayudar. Puedes contactarnos por chat en vivo, email o en la comunidad de Discord. \u00a1Resuelve tus problemas r\u00e1pidamente!","og_url":"https:\/\/hand2noteguide.com\/hand2note-official-support\/","og_site_name":"Hand2Note Guide","article_modified_time":"2025-06-04T16:15:11+00:00","twitter_card":"summary_large_image","twitter_misc":{"Est. reading time":"7 minutes"},"schema":{"@context":"https:\/\/schema.org","@graph":[]}},"jetpack_sharing_enabled":false,"_links":{"self":[{"href":"https:\/\/hand2noteguide.com\/es\/wp-json\/wp\/v2\/pages\/142","targetHints":{"allow":["GET"]}}],"collection":[{"href":"https:\/\/hand2noteguide.com\/es\/wp-json\/wp\/v2\/pages"}],"about":[{"href":"https:\/\/hand2noteguide.com\/es\/wp-json\/wp\/v2\/types\/page"}],"author":[{"embeddable":true,"href":"https:\/\/hand2noteguide.com\/es\/wp-json\/wp\/v2\/users\/1"}],"replies":[{"embeddable":true,"href":"https:\/\/hand2noteguide.com\/es\/wp-json\/wp\/v2\/comments?post=142"}],"version-history":[{"count":45,"href":"https:\/\/hand2noteguide.com\/es\/wp-json\/wp\/v2\/pages\/142\/revisions"}],"predecessor-version":[{"id":13554,"href":"https:\/\/hand2noteguide.com\/es\/wp-json\/wp\/v2\/pages\/142\/revisions\/13554"}],"wp:attachment":[{"href":"https:\/\/hand2noteguide.com\/es\/wp-json\/wp\/v2\/media?parent=142"}],"curies":[{"name":"wp","href":"https:\/\/api.w.org\/{rel}","templated":true}]}}