{"id":14539,"date":"2025-09-10T21:06:40","date_gmt":"2025-09-10T18:06:40","guid":{"rendered":"https:\/\/hand2noteguide.com\/?page_id=14539"},"modified":"2026-02-21T10:46:42","modified_gmt":"2026-02-21T07:46:42","slug":"editorial-policy","status":"publish","type":"page","link":"https:\/\/hand2noteguide.com\/es\/editorial-policy\/","title":{"rendered":"Pol\u00edtica Editorial"},"content":{"rendered":"\n<h2>1. Prop\u00f3sito<\/h2>\n<p><strong>Gu\u00eda de Hand2Note<\/strong> es un recurso educativo de p\u00f3ker. Nuestra misi\u00f3n es proporcionar a los jugadores de p\u00f3ker informaci\u00f3n clara, pr\u00e1ctica y confiable sobre <strong>software de p\u00f3ker<\/strong>: HUDs, solvers, aplicaciones de entrenamiento y otras herramientas modernas de p\u00f3ker. Tambi\u00e9n publicamos gu\u00edas simples y accesibles sobre <strong>reglas de p\u00f3ker<\/strong> y t\u00e9cnicas b\u00e1sicas de juego.<\/p>\n\n<h2>2. Principios de Contenido<\/h2>\n<p>Todo nuestro contenido se basa en el uso de primera mano del software de p\u00f3ker, experiencia pr\u00e1ctica en p\u00f3ker y aprendizaje continuo. Antes de la publicaci\u00f3n, cada gu\u00eda es probada y revisada para asegurar precisi\u00f3n, claridad e independencia. Nos enfocamos en explicar herramientas complejas y conceptos te\u00f3ricos de manera simple, haci\u00e9ndolos accesibles y \u00fatiles para jugadores de todos los niveles. Tambi\u00e9n tomamos en cuenta los comentarios de nuestros lectores y jugadores profesionales, actualizando y mejorando nuestras gu\u00edas cuando se necesitan nuevos conocimientos o correcciones.<\/p>\n\n<h2>3. Actualizaciones<\/h2>\n<p>Revisamos y actualizamos nuestras gu\u00edas regularmente para reflejar nuevas versiones de software y cambios en la industria del p\u00f3ker. Cuando es relevante, anotamos la fecha de la \u00faltima actualizaci\u00f3n directamente en la p\u00e1gina.<\/p>\n\n<h2>4. Autores y Experiencia<\/h2>\n<p>Nuestro equipo principal incluye a <a href=\"https:\/\/hand2noteguide.com\/es\/author\/admin\/\"><strong>Nick Korolev<\/strong><\/a> \u2014 jugador profesional de No-Limit Holdem, autor del Manual oficial de Hand2Note 3 y miembro de largo tiempo de equipos de desarrollo de software de p\u00f3ker; <strong>Roman Belousov<\/strong> \u2014 jugador profesional de 6+ Holdem, experto en HUD y creador de la l\u00ednea de productos Cosmos HUD; y <a href=\"https:\/\/hand2noteguide.com\/es\/author\/konstantinabakumov\/\"><strong>Konstantin Abbakumov<\/strong><\/a> \u2014 jugador profesional, experto en solvers y creador del Exploit HUD. Juntos aportan a\u00f1os de experiencia pr\u00e1ctica en p\u00f3ker y software, no solo con Hand2Note sino tambi\u00e9n con solvers, aplicaciones de entrenamiento y otras herramientas de p\u00f3ker.<\/p>\n<p>Tambi\u00e9n colaboramos con otros jugadores, autores y entrenadores respetados. Estar en contacto cercano con los desarrolladores de software nos da una comprensi\u00f3n profunda de estas herramientas y nos permite explicarlas claramente.<\/p>\n\n<h2>5. Independencia y Enlaces de Afiliados<\/h2>\n<p>A veces incluimos enlaces de afiliados a software y servicios de p\u00f3ker como Hand2Note, GTO Wizard y Freebetrange. Esto significa que podemos ganar una peque\u00f1a comisi\u00f3n, sin costo adicional para ti, si decides usar estos enlaces. Sin embargo, las asociaciones de afiliados no influyen en nuestras decisiones editoriales. Solo recomendamos herramientas que hemos probado y en las que realmente creemos que son valiosas para los jugadores.<\/p>\n\n<h2>6. Nuestro Compromiso<\/h2>\n<p>Nuestro compromiso es proporcionar contenido educativo objetivo, transparente y \u00fatil para la comunidad global de p\u00f3ker. Nuestro objetivo es apoyar a jugadores de todos los niveles tanto en el dominio de las herramientas como en la mejora de su juego en general.<\/p>\n\n","protected":false},"excerpt":{"rendered":"<p>1. Prop\u00f3sito Gu\u00eda de Hand2Note es un recurso educativo de p\u00f3ker. Nuestra misi\u00f3n es proporcionar a los jugadores de p\u00f3ker informaci\u00f3n clara, pr\u00e1ctica y confiable sobre software de p\u00f3ker: HUDs, solvers, aplicaciones de entrenamiento y otras herramientas modernas de p\u00f3ker. Tambi\u00e9n publicamos gu\u00edas simples y accesibles sobre reglas de p\u00f3ker y t\u00e9cnicas b\u00e1sicas de juego. &hellip; <a href=\"https:\/\/hand2noteguide.com\/es\/editorial-policy\/\" class=\"more-link\">Continue reading <span class=\"screen-reader-text\">Pol\u00edtica Editorial<\/span><\/a><\/p>\n","protected":false},"author":1,"featured_media":0,"parent":0,"menu_order":0,"comment_status":"closed","ping_status":"closed","template":"page-templates\/full-width-page.php","meta":{"footnotes":""},"class_list":["post-14539","page","type-page","status-publish","hentry"],"translation":{"provider":"WPGlobus","version":"3.0.2","language":"es","enabled_languages":["en","ru","pt","zh","es","fr","de","it","ja"],"languages":{"en":{"title":true,"content":true,"excerpt":false},"ru":{"title":true,"content":true,"excerpt":false},"pt":{"title":true,"content":true,"excerpt":false},"zh":{"title":true,"content":true,"excerpt":false},"es":{"title":true,"content":true,"excerpt":false},"fr":{"title":true,"content":true,"excerpt":false},"de":{"title":true,"content":true,"excerpt":false},"it":{"title":true,"content":true,"excerpt":false},"ja":{"title":true,"content":true,"excerpt":false}}},"yoast_head":"<!-- This site is optimized with the Yoast SEO plugin v27.0 - https:\/\/yoast.com\/product\/yoast-seo-wordpress\/ -->\n<title>Pol\u00edtica Editorial | Gu\u00eda de Hand2Note<\/title>\n<meta name=\"description\" content=\"Pol\u00edtica Editorial de la Gu\u00eda de Hand2Note: todo el contenido es escrito por expertos en p\u00f3ker, revisado por profesionales y actualizado para garantizar su precisi\u00f3n.\" \/>\n<meta name=\"robots\" content=\"index, follow, max-snippet:-1, max-image-preview:large, max-video-preview:-1\" \/>\n<link rel=\"canonical\" href=\"https:\/\/hand2noteguide.com\/editorial-policy\/\" \/>\n<meta property=\"og:locale\" content=\"es_ES\" \/>\n<meta property=\"og:type\" content=\"article\" \/>\n<meta property=\"og:title\" content=\"Pol\u00edtica Editorial | Gu\u00eda de Hand2Note\" \/>\n<meta property=\"og:description\" content=\"Pol\u00edtica Editorial de la Gu\u00eda de Hand2Note: todo el contenido es escrito por expertos en p\u00f3ker, revisado por profesionales y actualizado para garantizar su precisi\u00f3n.\" \/>\n<meta property=\"og:url\" content=\"https:\/\/hand2noteguide.com\/editorial-policy\/\" \/>\n<meta property=\"og:site_name\" content=\"Hand2Note Guide\" \/>\n<meta property=\"article:modified_time\" content=\"2026-02-21T07:46:42+00:00\" \/>\n<meta name=\"twitter:card\" content=\"summary_large_image\" \/>\n<meta name=\"twitter:label1\" content=\"Est. reading time\" \/>\n\t<meta name=\"twitter:data1\" content=\"3 minutes\" \/>\n<!-- \/ Yoast SEO plugin. -->","yoast_head_json":{"title":"Pol\u00edtica Editorial | Gu\u00eda de Hand2Note","description":"Pol\u00edtica Editorial de la Gu\u00eda de Hand2Note: todo el contenido es escrito por expertos en p\u00f3ker, revisado por profesionales y actualizado para garantizar su precisi\u00f3n.","robots":{"index":"index","follow":"follow","max-snippet":"max-snippet:-1","max-image-preview":"max-image-preview:large","max-video-preview":"max-video-preview:-1"},"canonical":"https:\/\/hand2noteguide.com\/editorial-policy\/","og_locale":"es_ES","og_type":"article","og_title":"Pol\u00edtica Editorial | Gu\u00eda de Hand2Note","og_description":"Pol\u00edtica Editorial de la Gu\u00eda de Hand2Note: todo el contenido es escrito por expertos en p\u00f3ker, revisado por profesionales y actualizado para garantizar su precisi\u00f3n.","og_url":"https:\/\/hand2noteguide.com\/editorial-policy\/","og_site_name":"Hand2Note Guide","article_modified_time":"2026-02-21T07:46:42+00:00","twitter_card":"summary_large_image","twitter_misc":{"Est. reading time":"3 minutes"},"schema":{"@context":"https:\/\/schema.org","@graph":[]}},"jetpack_sharing_enabled":true,"_links":{"self":[{"href":"https:\/\/hand2noteguide.com\/es\/wp-json\/wp\/v2\/pages\/14539","targetHints":{"allow":["GET"]}}],"collection":[{"href":"https:\/\/hand2noteguide.com\/es\/wp-json\/wp\/v2\/pages"}],"about":[{"href":"https:\/\/hand2noteguide.com\/es\/wp-json\/wp\/v2\/types\/page"}],"author":[{"embeddable":true,"href":"https:\/\/hand2noteguide.com\/es\/wp-json\/wp\/v2\/users\/1"}],"replies":[{"embeddable":true,"href":"https:\/\/hand2noteguide.com\/es\/wp-json\/wp\/v2\/comments?post=14539"}],"version-history":[{"count":88,"href":"https:\/\/hand2noteguide.com\/es\/wp-json\/wp\/v2\/pages\/14539\/revisions"}],"predecessor-version":[{"id":15046,"href":"https:\/\/hand2noteguide.com\/es\/wp-json\/wp\/v2\/pages\/14539\/revisions\/15046"}],"wp:attachment":[{"href":"https:\/\/hand2noteguide.com\/es\/wp-json\/wp\/v2\/media?parent=14539"}],"curies":[{"name":"wp","href":"https:\/\/api.w.org\/{rel}","templated":true}]}}