{"id":147,"date":"2018-08-01T10:53:26","date_gmt":"2018-08-01T07:53:26","guid":{"rendered":"https:\/\/h2n312.wordpress.com\/?page_id=147"},"modified":"2025-06-04T19:14:12","modified_gmt":"2025-06-04T16:14:12","slug":"failed-to-open-database-connection","status":"publish","type":"page","link":"https:\/\/hand2noteguide.com\/es\/issues-resolving\/failed-to-open-database-connection\/","title":{"rendered":"Error al abrir la conexi\u00f3n a la base de datos"},"content":{"rendered":"<p>Si ocurre este error durante el inicio del programa, significa que Hand2Note no puede conectarse a su servidor de <a href=\"https:\/\/hand2noteguide.com\/es\/guide\/database\/\">base de datos<\/a> incorporado. Para resolver este problema, haga lo siguiente:<\/p>\n<ol>\n<li>Abra la lista de programas instalados y elimine todos los paquetes de <em>Microsoft Visual C++ Redistributable<\/em> 2013 y 2015 (no toque los paquetes de otros a\u00f1os).<\/li>\n<li>Descargue e instale nuevamente los siguientes paquetes (si tiene Windows de 64 bits, instale ambas versiones x86 y x64):\n<ul>\n<li><a href=\"https:\/\/www.microsoft.com\/en-US\/download\/details.aspx?id=40784\" target=\"_blank\" rel=\"noopener noreferrer\">Visual C++ Redistributable Packages for Visual Studio 2013<\/a><\/li>\n<li><a href=\"https:\/\/www.microsoft.com\/en-us\/download\/details.aspx?id=48145\" target=\"_blank\" rel=\"noopener noreferrer\">Visual C++ Redistributable for Visual Studio 2015<\/a><\/li>\n<\/ul>\n<\/li>\n<li>Elimine el archivo <em>DbServer.cg<\/em> de la carpeta <em>C:\/Program Files\/Hand2Note<\/em>. Si no existe dicho archivo, omita este paso.<\/li>\n<li>Reinicie su PC.<\/li>\n<\/ol>\n<p>Despu\u00e9s de eso, intente ejecutar Hand2Note como administrador.<\/p>\n<p>Si el error persiste, lo m\u00e1s probable es que su base de datos se haya da\u00f1ado. Elimine <a href=\"https:\/\/hand2noteguide.com\/es\/guide\/database\/where-is-database-stored\/\">la carpeta con la base de datos<\/a> (por defecto, est\u00e1 en <em>C:\/Users\/YourUsername\/AppData\/Roaming\/Hand2Note\/h2ndb<\/em>) y ejecute el programa. Despu\u00e9s del lanzamiento, puede <a href=\"https:\/\/hand2noteguide.com\/es\/guide\/hands-archive\/\">importar sus manos desde archivos<\/a> a una base de datos limpia.<\/p>\n","protected":false},"excerpt":{"rendered":"<p>Si ocurre este error durante el inicio del programa, significa que Hand2Note no puede conectarse a su servidor de base de datos incorporado. Para resolver este problema, haga lo siguiente: Abra la lista de programas instalados y elimine todos los paquetes de Microsoft Visual C++ Redistributable 2013 y 2015 (no toque los paquetes de otros &hellip; <a href=\"https:\/\/hand2noteguide.com\/es\/issues-resolving\/failed-to-open-database-connection\/\" class=\"more-link\">Continue reading <span class=\"screen-reader-text\">Error al abrir la conexi\u00f3n a la base de datos<\/span><\/a><\/p>\n","protected":false},"author":1,"featured_media":0,"parent":236,"menu_order":2,"comment_status":"closed","ping_status":"closed","template":"page-templates\/full-width-page.php","meta":{"footnotes":""},"class_list":["post-147","page","type-page","status-publish","hentry"],"translation":{"provider":"WPGlobus","version":"3.0.2","language":"es","enabled_languages":["en","ru","pt","zh","es","fr","de","it","ja"],"languages":{"en":{"title":true,"content":true,"excerpt":false},"ru":{"title":true,"content":true,"excerpt":false},"pt":{"title":true,"content":true,"excerpt":false},"zh":{"title":true,"content":true,"excerpt":false},"es":{"title":true,"content":true,"excerpt":false},"fr":{"title":true,"content":true,"excerpt":false},"de":{"title":true,"content":true,"excerpt":false},"it":{"title":true,"content":true,"excerpt":false},"ja":{"title":true,"content":true,"excerpt":false}}},"yoast_head":"<!-- This site is optimized with the Yoast SEO plugin v27.0 - https:\/\/yoast.com\/product\/yoast-seo-wordpress\/ -->\n<title>Soluciona r\u00e1pidamente el error de conexi\u00f3n a la base de datos de Hand2Note<\/title>\n<meta name=\"description\" content=\"Aprende c\u00f3mo resolver los errores de conexi\u00f3n a la base de datos de Hand2Note con nuestra gu\u00eda paso a paso. Sigue estos sencillos pasos para que tu software funcione sin problemas nuevamente.\" \/>\n<meta name=\"robots\" content=\"index, follow, max-snippet:-1, max-image-preview:large, max-video-preview:-1\" \/>\n<link rel=\"canonical\" href=\"https:\/\/hand2noteguide.com\/issues-resolving\/failed-to-open-database-connection\/\" \/>\n<meta property=\"og:locale\" content=\"es_ES\" \/>\n<meta property=\"og:type\" content=\"article\" \/>\n<meta property=\"og:title\" content=\"Soluciona r\u00e1pidamente el error de conexi\u00f3n a la base de datos de Hand2Note\" \/>\n<meta property=\"og:description\" content=\"Aprende c\u00f3mo resolver los errores de conexi\u00f3n a la base de datos de Hand2Note con nuestra gu\u00eda paso a paso. Sigue estos sencillos pasos para que tu software funcione sin problemas nuevamente.\" \/>\n<meta property=\"og:url\" content=\"https:\/\/hand2noteguide.com\/issues-resolving\/failed-to-open-database-connection\/\" \/>\n<meta property=\"og:site_name\" content=\"Hand2Note Guide\" \/>\n<meta property=\"article:modified_time\" content=\"2025-06-04T16:14:12+00:00\" \/>\n<meta name=\"twitter:card\" content=\"summary_large_image\" \/>\n<meta name=\"twitter:label1\" content=\"Est. reading time\" \/>\n\t<meta name=\"twitter:data1\" content=\"6 minutes\" \/>\n<!-- \/ Yoast SEO plugin. -->","yoast_head_json":{"title":"Soluciona r\u00e1pidamente el error de conexi\u00f3n a la base de datos de Hand2Note","description":"Aprende c\u00f3mo resolver los errores de conexi\u00f3n a la base de datos de Hand2Note con nuestra gu\u00eda paso a paso. Sigue estos sencillos pasos para que tu software funcione sin problemas nuevamente.","robots":{"index":"index","follow":"follow","max-snippet":"max-snippet:-1","max-image-preview":"max-image-preview:large","max-video-preview":"max-video-preview:-1"},"canonical":"https:\/\/hand2noteguide.com\/issues-resolving\/failed-to-open-database-connection\/","og_locale":"es_ES","og_type":"article","og_title":"Soluciona r\u00e1pidamente el error de conexi\u00f3n a la base de datos de Hand2Note","og_description":"Aprende c\u00f3mo resolver los errores de conexi\u00f3n a la base de datos de Hand2Note con nuestra gu\u00eda paso a paso. Sigue estos sencillos pasos para que tu software funcione sin problemas nuevamente.","og_url":"https:\/\/hand2noteguide.com\/issues-resolving\/failed-to-open-database-connection\/","og_site_name":"Hand2Note Guide","article_modified_time":"2025-06-04T16:14:12+00:00","twitter_card":"summary_large_image","twitter_misc":{"Est. reading time":"6 minutes"},"schema":{"@context":"https:\/\/schema.org","@graph":[]}},"jetpack_sharing_enabled":false,"_links":{"self":[{"href":"https:\/\/hand2noteguide.com\/es\/wp-json\/wp\/v2\/pages\/147","targetHints":{"allow":["GET"]}}],"collection":[{"href":"https:\/\/hand2noteguide.com\/es\/wp-json\/wp\/v2\/pages"}],"about":[{"href":"https:\/\/hand2noteguide.com\/es\/wp-json\/wp\/v2\/types\/page"}],"author":[{"embeddable":true,"href":"https:\/\/hand2noteguide.com\/es\/wp-json\/wp\/v2\/users\/1"}],"replies":[{"embeddable":true,"href":"https:\/\/hand2noteguide.com\/es\/wp-json\/wp\/v2\/comments?post=147"}],"version-history":[{"count":20,"href":"https:\/\/hand2noteguide.com\/es\/wp-json\/wp\/v2\/pages\/147\/revisions"}],"predecessor-version":[{"id":13553,"href":"https:\/\/hand2noteguide.com\/es\/wp-json\/wp\/v2\/pages\/147\/revisions\/13553"}],"up":[{"embeddable":true,"href":"https:\/\/hand2noteguide.com\/es\/wp-json\/wp\/v2\/pages\/236"}],"wp:attachment":[{"href":"https:\/\/hand2noteguide.com\/es\/wp-json\/wp\/v2\/media?parent=147"}],"curies":[{"name":"wp","href":"https:\/\/api.w.org\/{rel}","templated":true}]}}