{"id":14796,"date":"2026-01-21T19:18:53","date_gmt":"2026-01-21T16:18:53","guid":{"rendered":"https:\/\/hand2noteguide.com\/?page_id=14796"},"modified":"2026-03-10T11:43:05","modified_gmt":"2026-03-10T08:43:05","slug":"creating-expression-stats-in-hand2note","status":"publish","type":"page","link":"https:\/\/hand2noteguide.com\/es\/user-manual\/creating-expression-stats-in-hand2note\/","title":{"rendered":"Creando estad\u00edsticas de expresi\u00f3n en Hand2Note"},"content":{"rendered":"\n<p>Hand2Note te permite crear y utilizar m\u00e9tricas personalizadas basadas en f\u00f3rmulas, llamadas &#8220;estad\u00edsticas de expresi\u00f3n&#8221;.<\/p>\n\n\n\n<p>Las estad\u00edsticas simples solo muestran la frecuencia de ciertas acciones en una mano, como &#8220;Open Raise&#8221; o &#8220;Cualquier apuesta en el flop&#8221;. Las estad\u00edsticas de expresi\u00f3n, como &#8220;Frecuencia de agresi\u00f3n&#8221; o &#8220;Rango de 4Bet&#8221;, no son indicadores de la frecuencia de ninguna acci\u00f3n y se calculan utilizando una f\u00f3rmula matem\u00e1tica espec\u00edfica que toma estad\u00edsticas simples como argumentos.<\/p>\n\n\n\n<p>Cada estad\u00edstica de expresi\u00f3n es esencialmente una expresi\u00f3n matem\u00e1tica donde:<\/p>\n\n\n\n<ul class=\"wp-block-list\">\n<li>Los argumentos son las estad\u00edsticas simples que eliges.<\/li>\n\n\n\n<li>Las funciones son operaciones (suma, multiplicaci\u00f3n, operadores condicionales) que definen la l\u00f3gica del c\u00e1lculo de la estad\u00edstica de expresi\u00f3n.<\/li>\n<\/ul>\n\n\n\n<p>Las estad\u00edsticas de expresi\u00f3n te permiten refinar o simplificar el an\u00e1lisis de cualquier estad\u00edstica mostrada. Por ejemplo, con la estad\u00edstica &#8220;Frecuencia de agresi\u00f3n&#8221;, un jugador puede ver tendencias simplificadas en el estilo de juego de un oponente. O refinar su rango de 4-bet, expres\u00e1ndolo no como un porcentaje de una acci\u00f3n espec\u00edfica, sino como un porcentaje de todo el rango de manos; para esto, se utiliza la estad\u00edstica &#8220;Rango de 4Bet&#8221;.<\/p>\n\n\n\n<h2 class=\"wp-block-heading\">Ejemplo de creaci\u00f3n de la estad\u00edstica de expresi\u00f3n <strong>&#8220;<\/strong>Rango de 4-Bet<strong>&#8220;<\/strong> en Hand2Note<\/h2>\n\n\n\n<p>Crear cualquier estad\u00edstica de expresi\u00f3n en Hand2Note ocurre en etapas:<\/p>\n\n\n\n<ol class=\"wp-block-list\">\n<li>Definir la f\u00f3rmula l\u00f3gica incrustada en la estad\u00edstica (definir la l\u00f3gica de la estad\u00edstica).<\/li>\n\n\n\n<li>Crear la f\u00f3rmula para la estad\u00edstica de expresi\u00f3n, comprensible para Hand2Note.<\/li>\n\n\n\n<li>Crear la estad\u00edstica de expresi\u00f3n en Hand2Note.<\/li>\n<\/ol>\n\n\n\n<h3 class=\"wp-block-heading\">Definiendo la l\u00f3gica de la estad\u00edstica <strong>&#8220;<\/strong>Rango de 4-Bet<strong>&#8220;<\/strong><\/h3>\n\n\n\n<p>Primero, necesitas determinar qu\u00e9 l\u00f3gica est\u00e1 incrustada en la estad\u00edstica &#8220;Rango de 4-Bet&#8221;:<br>Muestra qu\u00e9 parte de <em>todas las manos iniciales posibles<\/em> utiliza un jugador para hacer un 4-bet en una situaci\u00f3n espec\u00edfica (contra un 3-bet de un oponente).<\/p>\n\n\n\n<p>Para calcular esto, observamos la secuencia de acciones que toma un jugador al hacer un 4-bet:<\/p>\n\n\n\n<ol start=\"1\" class=\"wp-block-list\">\n<li><strong>Primero:<\/strong> El jugador hace un raise inicial (open raise). Este es el primer argumento que reduce todo el rango de manos (100%) a su <strong>rango de open raise<\/strong>.<\/li>\n\n\n\n<li><strong>Luego:<\/strong> Cuando su raise recibe un 3-bet, responden con un 4-bet. Este es el segundo argumento que reduce a\u00fan m\u00e1s su rango de open raise al <strong>rango de 4-bet<\/strong> final.<\/li>\n<\/ol>\n\n\n\n<p>Luego, el valor obtenido se divide por 100 para una visualizaci\u00f3n en porcentajes.<\/p>\n\n\n\n<p>Como resultado, la f\u00f3rmula l\u00f3gica para la estad\u00edstica &#8220;Rango de 4-Bet&#8221; es:<\/p>\n\n\n\n<pre class=\"wp-block-code\"><code>Porcentaje de open raise del jugador * Porcentaje de 4-bet del jugador \/ 100<\/code><\/pre>\n\n\n\n<h3 class=\"wp-block-heading\">Creando la f\u00f3rmula para la estad\u00edstica de expresi\u00f3n <strong>&#8220;<\/strong>Rango de 4-Bet<strong>&#8220;<\/strong>, comprensible para Hand2Note<\/h3>\n\n\n\n<p>En Hand2Note, los argumentos en las f\u00f3rmulas de estad\u00edsticas de expresi\u00f3n son estad\u00edsticas simples. En nuestro caso, necesitamos dos <a href=\"https:\/\/hand2noteguide.com\/es\/user-manual\/creating-a-simple-stat-continued-bet-on-the-river-in-a-3bet-pot-position\/\">estad\u00edsticas simples<\/a> que creamos en Hand2Note con anticipaci\u00f3n:<\/p>\n\n\n\n<ul class=\"wp-block-list\">\n<li>Estad\u00edstica <strong>&#8220;Open Raise&#8221;<\/strong> \u2014 muestra el porcentaje de open raise del jugador.<\/li>\n\n\n\n<li>Estad\u00edstica <strong>&#8220;4Bet&#8221;<\/strong> \u2014 muestra el porcentaje de 4-bet del jugador.<\/li>\n<\/ul>\n\n\n\n<p><em>En las f\u00f3rmulas de estad\u00edsticas de expresi\u00f3n, debes usar los nombres exactos de las estad\u00edsticas simples. Adem\u00e1s, evita situaciones donde existan m\u00faltiples estad\u00edsticas simples con los mismos nombres en la configuraci\u00f3n de Hand2Note.<\/em><\/p>\n\n\n\n<p>Ahora necesitas determinar las funciones utilizadas en la estad\u00edstica &#8220;Rango de 4-Bet&#8221;.<\/p>\n\n\n\n<p>Al crear f\u00f3rmulas de estad\u00edsticas de expresi\u00f3n, as\u00ed como en &#8220;<a href=\"https:\/\/hand2noteguide.com\/es\/user-manual\/the-multiple-players-tool-in-hand2note-range-research\/\">m\u00faltiples jugadores<\/a>&#8221; y <a href=\"https:\/\/hand2noteguide.com\/es\/user-manual\/creating-and-using-badges\/\">insignias<\/a> en Hand2Note, se utilizan funciones:<\/p>\n\n\n\n<figure class=\"wp-block-table\"><table><tbody><tr><td>Valor<\/td><td>Devuelve el valor de ejecuci\u00f3n de la estad\u00edstica en porcentajes.<\/td><\/tr><tr><td>Casos<\/td><td>Devuelve el n\u00famero de casos para la estad\u00edstica. En otras palabras, devuelve el n\u00famero de manos donde las acciones del jugador cumplieron la condici\u00f3n establecida en la estad\u00edstica.<\/td><\/tr><tr><td>Oportunidades<\/td><td>Devuelve el n\u00famero de manos donde el jugador tuvo la oportunidad de cumplir la condici\u00f3n establecida en la estad\u00edstica. Este valor tambi\u00e9n se llama la &#8220;muestra&#8221; para la estad\u00edstica.<\/td><\/tr><tr><td>CasosVsHero<\/td><td>Devuelve el n\u00famero de manos donde el jugador jug\u00f3 contra el H\u00e9roe y sus acciones cumplieron la condici\u00f3n establecida en la estad\u00edstica.<\/td><\/tr><tr><td>OportunidadesVsHero<\/td><td>Devuelve el n\u00famero de manos donde el jugador jug\u00f3 contra el H\u00e9roe y tuvo la oportunidad de cumplir la condici\u00f3n establecida en la estad\u00edstica con su pr\u00f3xima acci\u00f3n.<\/td><\/tr><tr><td>CasosManoGanada<\/td><td>Devuelve el n\u00famero de manos donde las acciones del jugador cumplieron la condici\u00f3n establecida en la estad\u00edstica, y ganaron la mano.<\/td><\/tr><tr><td>CasosLleg\u00f3AlSD<\/td><td>Devuelve el n\u00famero de manos donde las acciones del jugador cumplieron la condici\u00f3n de la estad\u00edstica, y llegaron al showdown.<\/td><\/tr><tr><td>CasosManoGanadaEnSD<\/td><td>El n\u00famero de manos donde el jugador, habiendo cumplido la condici\u00f3n de la estad\u00edstica, no solo lleg\u00f3 al showdown sino que tambi\u00e9n gan\u00f3.<\/td><\/tr><tr><td>MontanteGanado<\/td><td>Devuelve el n\u00famero de ciegas grandes ganadas en manos que cumplieron la condici\u00f3n establecida en la estad\u00edstica.<\/td><\/tr><tr><td>GananciaAcci\u00f3n<\/td><td>Devuelve el valor de GananciaAcci\u00f3n en ciegas grandes en manos que cumplieron la condici\u00f3n establecida en la estad\u00edstica.<\/td><\/tr><\/tbody><\/table><\/figure>\n\n\n\n<p>Al usar cada funci\u00f3n con estad\u00edsticas simples, la funci\u00f3n debe escribirse al principio, seguida del nombre de la estad\u00edstica simple entre par\u00e9ntesis, por ejemplo:<\/p>\n\n\n\n<pre class=\"wp-block-code\"><code>Casos(Open Raise)<\/code><\/pre>\n\n\n\n<p><em>Adem\u00e1s, al escribir f\u00f3rmulas de estad\u00edsticas de expresi\u00f3n, trabajar con &#8220;m\u00faltiples jugadores&#8221; o crear insignias en Hand2Note, se permite usar el operador condicional <code>if<\/code> y otras funciones matem\u00e1ticas.<\/em><\/p>\n\n\n\n<p>Ya que en nuestra f\u00f3rmula ambas estad\u00edsticas (&#8220;Open Raise&#8221; y &#8220;4Bet&#8221;) necesitan mostrar su porcentaje de ejecuci\u00f3n, necesitamos la funci\u00f3n <code>Valor<\/code>.<\/p>\n\n\n\n<p>Como resultado, la f\u00f3rmula para la estad\u00edstica &#8220;Rango de 4-Bet&#8221; ser\u00e1:<\/p>\n\n\n\n<pre class=\"wp-block-code\"><code><code>Valor(Open Raise) * Valor(4Bet) \/ 100<\/code><\/code><\/pre>\n\n\n\n<h3 class=\"wp-block-heading\">Creando la estad\u00edstica de expresi\u00f3n &#8220;Rango de 4-Bet&#8221; en Hand2Note<\/h3>\n\n\n\n<p>Para crear una estad\u00edstica de expresi\u00f3n en Hand2Note, necesitas abrir el editor de estad\u00edsticas haciendo clic izquierdo (LMB) en el icono &#8220;Stat Editor&#8221; (1). Luego, para crear una nueva estad\u00edstica, haz clic en &#8220;+ New Stat&#8221; (2), en la ventana que aparece, establece el nombre (3) (por ejemplo, &#8220;Rango de 4-Bet&#8221;) y haz clic en &#8220;OK&#8221; (4).<\/p>\n\n\n\n<figure class=\"wp-block-image size-large\"><img loading=\"lazy\" decoding=\"async\" width=\"1919\" height=\"1032\" src=\"http:\/\/hand2noteguide.com\/wp-content\/uploads\/2026\/01\/1-1024x551.jpg\" alt=\"\" class=\"wp-image-14834\" srcset=\"https:\/\/hand2noteguide.com\/wp-content\/uploads\/2026\/01\/1-1024x551.jpg 1024w, https:\/\/hand2noteguide.com\/wp-content\/uploads\/2026\/01\/1-300x161.jpg 300w, https:\/\/hand2noteguide.com\/wp-content\/uploads\/2026\/01\/1-768x413.jpg 768w, https:\/\/hand2noteguide.com\/wp-content\/uploads\/2026\/01\/1-1536x826.jpg 1536w, https:\/\/hand2noteguide.com\/wp-content\/uploads\/2026\/01\/1-772x415.jpg 772w, https:\/\/hand2noteguide.com\/wp-content\/uploads\/2026\/01\/1-624x336.jpg 624w, https:\/\/hand2noteguide.com\/wp-content\/uploads\/2026\/01\/1.jpg 1919w\" sizes=\"auto, (max-width: 1919px) 100vw, 1919px\" \/><\/figure>\n\n\n\n<p>A continuaci\u00f3n, necesitas establecer los par\u00e1metros necesarios para la estad\u00edstica &#8220;Rango de 4-Bet&#8221; creada. Primero, aseg\u00farate de que despu\u00e9s de su creaci\u00f3n, est\u00e9 abierta para edici\u00f3n en el editor de estad\u00edsticas (1). Luego ve al men\u00fa &#8220;Expression&#8221; (2) y selecciona el formato de condici\u00f3n de entrada requerido (3).<\/p>\n\n\n\n<figure class=\"wp-block-image size-large\"><img loading=\"lazy\" decoding=\"async\" width=\"1024\" height=\"549\" src=\"http:\/\/hand2noteguide.com\/wp-content\/uploads\/2026\/01\/2-1024x549.jpg\" alt=\"\" class=\"wp-image-14835\" srcset=\"https:\/\/hand2noteguide.com\/wp-content\/uploads\/2026\/01\/2-1024x549.jpg 1024w, https:\/\/hand2noteguide.com\/wp-content\/uploads\/2026\/01\/2-300x161.jpg 300w, https:\/\/hand2noteguide.com\/wp-content\/uploads\/2026\/01\/2-768x411.jpg 768w, https:\/\/hand2noteguide.com\/wp-content\/uploads\/2026\/01\/2-1536x823.jpg 1536w, https:\/\/hand2noteguide.com\/wp-content\/uploads\/2026\/01\/2-772x414.jpg 772w, https:\/\/hand2noteguide.com\/wp-content\/uploads\/2026\/01\/2-624x334.jpg 624w, https:\/\/hand2noteguide.com\/wp-content\/uploads\/2026\/01\/2.jpg 1919w\" sizes=\"auto, (max-width: 1024px) 100vw, 1024px\" \/><\/figure>\n\n\n\n<p><em>En este ejemplo, consideraremos ingresar la condici\u00f3n de ejecuci\u00f3n de la estad\u00edstica en &#8220;Modo Textual&#8221;. Tambi\u00e9n puedes usar el formato regular de condici\u00f3n de entrada; esto no afecta el resultado, sino que solo proporciona la oportunidad de editar la condici\u00f3n de una manera que te sea conveniente.<\/em><\/p>\n\n\n\n<p>A continuaci\u00f3n, en el \u00e1rea de entrada de la f\u00f3rmula, ingresa la f\u00f3rmula previamente compuesta para el indicador &#8220;Rango de 4-Bet&#8221; (4). Si la f\u00f3rmula se ingresa correctamente, deber\u00eda aparecer una marca de verificaci\u00f3n verde debajo de ella (5).<\/p>\n\n\n\n<p>As\u00ed es como se crean las estad\u00edsticas de expresi\u00f3n en el programa Hand2Note utilizando el indicador &#8220;Rango de 4-Bet&#8221; como ejemplo. Ahora se puede usar en HUDs y popups. Para agregar y usar correctamente las estad\u00edsticas de expresi\u00f3n en HUDs, recomendamos leer los art\u00edculos:<\/p>\n\n\n\n<ul class=\"wp-block-list\">\n<li>&#8220;<a href=\"https:\/\/hand2noteguide.com\/es\/user-manual\/hud-editor-features-and-navigation\/\">Editor de HUD Parte 1: Funciones y navegaci\u00f3n<\/a>&#8220;<\/li>\n\n\n\n<li>&#8220;<a href=\"https:\/\/hand2noteguide.com\/es\/user-manual\/hud-editor-creating-a-static-hud\/\">Editor de HUD Parte 2: Creando un HUD est\u00e1tico<\/a>&#8220;<\/li>\n\n\n\n<li>&#8220;<a href=\"https:\/\/hand2noteguide.com\/es\/user-manual\/hud-editor-creating-a-positional-hud\/\">Editor de HUD Parte 3: Creando un HUD posicional<\/a>&#8220;<\/li>\n\n\n\n<li>&#8220;<a href=\"https:\/\/hand2noteguide.com\/es\/user-manual\/hud-editor-creating-a-dynamic-hud\/\">Editor de HUD Parte 4: Creando un HUD din\u00e1mico<\/a>&#8220;<\/li>\n<\/ul>\n\n\n\n<h2 class=\"wp-block-heading\">Conclusi\u00f3n<\/h2>\n\n\n\n<p>Entender c\u00f3mo funcionan las estad\u00edsticas de expresi\u00f3n abre el camino a un an\u00e1lisis refinado del juego usando Hand2Note. Como hemos visto, no solo muestran n\u00fameros, sino que <strong>revelan conexiones<\/strong> entre acciones, transformando datos de frecuencia en bruto en indicadores estrat\u00e9gicos significativos.<\/p>\n\n\n\n<p>As\u00ed, dominas no solo una funci\u00f3n del programa, sino <strong>varios an\u00e1lisis de los juegos de los oponentes<\/strong>. Ahora puedes construir estad\u00edsticas para probar cualquier hip\u00f3tesis sobre el juego de los oponentes, convirtiendo datos en bruto en m\u00e9tricas personalizadas y estrat\u00e9gicamente significativas. Comienza con f\u00f3rmulas simples, experimenta, y tus HUDs y popups hablar\u00e1n un nuevo y detallado lenguaje de estrategia.<\/p>\n","protected":false},"excerpt":{"rendered":"<p>Hand2Note te permite crear y utilizar m\u00e9tricas personalizadas basadas en f\u00f3rmulas, llamadas &#8220;estad\u00edsticas de expresi\u00f3n&#8221;. Las estad\u00edsticas simples solo muestran la frecuencia de ciertas acciones en una mano, como &#8220;Open Raise&#8221; o &#8220;Cualquier apuesta en el flop&#8221;. Las estad\u00edsticas de expresi\u00f3n, como &#8220;Frecuencia de agresi\u00f3n&#8221; o &#8220;Rango de 4Bet&#8221;, no son indicadores de la frecuencia &hellip; <a href=\"https:\/\/hand2noteguide.com\/es\/user-manual\/creating-expression-stats-in-hand2note\/\" class=\"more-link\">Continue reading <span class=\"screen-reader-text\">Creando estad\u00edsticas de expresi\u00f3n en Hand2Note<\/span><\/a><\/p>\n","protected":false},"author":3,"featured_media":14799,"parent":9199,"menu_order":0,"comment_status":"closed","ping_status":"closed","template":"","meta":{"footnotes":""},"class_list":["post-14796","page","type-page","status-publish","has-post-thumbnail","hentry"],"translation":{"provider":"WPGlobus","version":"3.0.2","language":"es","enabled_languages":["en","ru","pt","zh","es","fr","de","it","ja"],"languages":{"en":{"title":true,"content":true,"excerpt":false},"ru":{"title":true,"content":true,"excerpt":false},"pt":{"title":true,"content":true,"excerpt":false},"zh":{"title":true,"content":true,"excerpt":false},"es":{"title":true,"content":true,"excerpt":false},"fr":{"title":true,"content":true,"excerpt":false},"de":{"title":true,"content":true,"excerpt":false},"it":{"title":true,"content":true,"excerpt":false},"ja":{"title":true,"content":true,"excerpt":false}}},"yoast_head":"<!-- This site is optimized with the Yoast SEO plugin v27.0 - https:\/\/yoast.com\/product\/yoast-seo-wordpress\/ -->\n<title>Creaci\u00f3n y uso de estad\u00edsticas de expresi\u00f3n en Hand2Note<\/title>\n<meta name=\"description\" content=\"Aprende a crear y usar estad\u00edsticas de expresi\u00f3n en Hand2Note para mejorar el an\u00e1lisis del juego y las decisiones estrat\u00e9gicas en el p\u00f3ker.\" \/>\n<meta name=\"robots\" content=\"index, follow, max-snippet:-1, max-image-preview:large, max-video-preview:-1\" \/>\n<link rel=\"canonical\" href=\"https:\/\/hand2noteguide.com\/user-manual\/creating-expression-stats-in-hand2note\/\" \/>\n<meta property=\"og:locale\" content=\"es_ES\" \/>\n<meta property=\"og:type\" content=\"article\" \/>\n<meta property=\"og:title\" content=\"Creaci\u00f3n y uso de estad\u00edsticas de expresi\u00f3n en Hand2Note\" \/>\n<meta property=\"og:description\" content=\"Aprende a crear y usar estad\u00edsticas de expresi\u00f3n en Hand2Note para mejorar el an\u00e1lisis del juego y las decisiones estrat\u00e9gicas en el p\u00f3ker.\" \/>\n<meta property=\"og:url\" content=\"https:\/\/hand2noteguide.com\/user-manual\/creating-expression-stats-in-hand2note\/\" \/>\n<meta property=\"og:site_name\" content=\"Hand2Note Guide\" \/>\n<meta property=\"article:modified_time\" content=\"2026-03-10T08:43:05+00:00\" \/>\n<meta property=\"og:image\" content=\"https:\/\/hand2noteguide.com\/wp-content\/uploads\/2026\/01\/\u0411\u0435\u0437-\u0438\u043c\u0435\u043d\u0438-1.jpg\" \/>\n\t<meta property=\"og:image:width\" content=\"1000\" \/>\n\t<meta property=\"og:image:height\" content=\"750\" \/>\n\t<meta property=\"og:image:type\" content=\"image\/jpeg\" \/>\n<meta name=\"twitter:card\" content=\"summary_large_image\" \/>\n<meta name=\"twitter:label1\" content=\"Est. reading time\" \/>\n\t<meta name=\"twitter:data1\" content=\"7 minutes\" \/>\n<!-- \/ Yoast SEO plugin. -->","yoast_head_json":{"title":"Creaci\u00f3n y uso de estad\u00edsticas de expresi\u00f3n en Hand2Note","description":"Aprende a crear y usar estad\u00edsticas de expresi\u00f3n en Hand2Note para mejorar el an\u00e1lisis del juego y las decisiones estrat\u00e9gicas en el p\u00f3ker.","robots":{"index":"index","follow":"follow","max-snippet":"max-snippet:-1","max-image-preview":"max-image-preview:large","max-video-preview":"max-video-preview:-1"},"canonical":"https:\/\/hand2noteguide.com\/user-manual\/creating-expression-stats-in-hand2note\/","og_locale":"es_ES","og_type":"article","og_title":"Creaci\u00f3n y uso de estad\u00edsticas de expresi\u00f3n en Hand2Note","og_description":"Aprende a crear y usar estad\u00edsticas de expresi\u00f3n en Hand2Note para mejorar el an\u00e1lisis del juego y las decisiones estrat\u00e9gicas en el p\u00f3ker.","og_url":"https:\/\/hand2noteguide.com\/user-manual\/creating-expression-stats-in-hand2note\/","og_site_name":"Hand2Note Guide","article_modified_time":"2026-03-10T08:43:05+00:00","og_image":[{"width":1000,"height":750,"url":"https:\/\/hand2noteguide.com\/wp-content\/uploads\/2026\/01\/\u0411\u0435\u0437-\u0438\u043c\u0435\u043d\u0438-1.jpg","type":"image\/jpeg"}],"twitter_card":"summary_large_image","twitter_misc":{"Est. reading time":"7 minutes"},"schema":{"@context":"https:\/\/schema.org","@graph":[]}},"jetpack_sharing_enabled":true,"_links":{"self":[{"href":"https:\/\/hand2noteguide.com\/es\/wp-json\/wp\/v2\/pages\/14796","targetHints":{"allow":["GET"]}}],"collection":[{"href":"https:\/\/hand2noteguide.com\/es\/wp-json\/wp\/v2\/pages"}],"about":[{"href":"https:\/\/hand2noteguide.com\/es\/wp-json\/wp\/v2\/types\/page"}],"author":[{"embeddable":true,"href":"https:\/\/hand2noteguide.com\/es\/wp-json\/wp\/v2\/users\/3"}],"replies":[{"embeddable":true,"href":"https:\/\/hand2noteguide.com\/es\/wp-json\/wp\/v2\/comments?post=14796"}],"version-history":[{"count":58,"href":"https:\/\/hand2noteguide.com\/es\/wp-json\/wp\/v2\/pages\/14796\/revisions"}],"predecessor-version":[{"id":15644,"href":"https:\/\/hand2noteguide.com\/es\/wp-json\/wp\/v2\/pages\/14796\/revisions\/15644"}],"up":[{"embeddable":true,"href":"https:\/\/hand2noteguide.com\/es\/wp-json\/wp\/v2\/pages\/9199"}],"wp:featuredmedia":[{"embeddable":true,"href":"https:\/\/hand2noteguide.com\/es\/wp-json\/wp\/v2\/media\/14799"}],"wp:attachment":[{"href":"https:\/\/hand2noteguide.com\/es\/wp-json\/wp\/v2\/media?parent=14796"}],"curies":[{"name":"wp","href":"https:\/\/api.w.org\/{rel}","templated":true}]}}