{"id":1556,"date":"2019-07-09T13:50:42","date_gmt":"2019-07-09T10:50:42","guid":{"rendered":"http:\/\/hand2noteguide.com\/?page_id=1556"},"modified":"2025-06-04T17:42:09","modified_gmt":"2025-06-04T14:42:09","slug":"different-huds-in-different-rooms","status":"publish","type":"page","link":"https:\/\/hand2noteguide.com\/es\/guide\/hud\/different-huds-in-different-rooms\/","title":{"rendered":"Usar diferentes HUDs en diferentes salas"},"content":{"rendered":"\n<p>Si juegas en varias salas y deseas utilizar diferentes perfiles de HUD y popups en cada una de ellas o en algunas, Hand2Note te ofrece esta oportunidad. Para configurar la visualizaci\u00f3n de ciertos HUDs en salas espec\u00edficas, sigue las instrucciones a continuaci\u00f3n.<\/p>\n\n\n\n<p>Ve a <em>Configuration<\/em> \u2192 <em>Game Types<\/em>. Antes que nada, puedes restablecer la configuraci\u00f3n a los valores predeterminados para asegurarte de que no has cambiado accidentalmente ning\u00fan par\u00e1metro.<\/p>\n\n\n\n<figure class=\"wp-block-image\"><img loading=\"lazy\" decoding=\"async\" width=\"845\" height=\"753\" src=\"https:\/\/hand2noteguide.com\/wp-content\/uploads\/2019\/07\/hand2note-game-types-reset-to-default.png\" alt=\"hand2note game types reset to default\" class=\"wp-image-1589\" srcset=\"https:\/\/hand2noteguide.com\/wp-content\/uploads\/2019\/07\/hand2note-game-types-reset-to-default.png 845w, https:\/\/hand2noteguide.com\/wp-content\/uploads\/2019\/07\/hand2note-game-types-reset-to-default-300x267.png 300w, https:\/\/hand2noteguide.com\/wp-content\/uploads\/2019\/07\/hand2note-game-types-reset-to-default-768x684.png 768w, https:\/\/hand2noteguide.com\/wp-content\/uploads\/2019\/07\/hand2note-game-types-reset-to-default-772x688.png 772w, https:\/\/hand2noteguide.com\/wp-content\/uploads\/2019\/07\/hand2note-game-types-reset-to-default-624x556.png 624w\" sizes=\"auto, (max-width: 845px) 100vw, 845px\" \/><\/figure>\n\n\n\n<p>Configura los perfiles para ser utilizados en la mayor\u00eda de las salas por defecto. Para juegos de cash, los tipos de juego est\u00e1ndar son <em>NL CASH 3-10 MAX<\/em> y <em>NL CASH HU<\/em>.<\/p>\n\n\n\n<figure class=\"wp-block-image\"><img loading=\"lazy\" decoding=\"async\" width=\"655\" height=\"365\" src=\"https:\/\/hand2noteguide.com\/wp-content\/uploads\/2019\/07\/hand2note-default-cash-game-types.png\" alt=\"hand2note default cash game types\" class=\"wp-image-1590\" srcset=\"https:\/\/hand2noteguide.com\/wp-content\/uploads\/2019\/07\/hand2note-default-cash-game-types.png 655w, https:\/\/hand2noteguide.com\/wp-content\/uploads\/2019\/07\/hand2note-default-cash-game-types-300x167.png 300w, https:\/\/hand2noteguide.com\/wp-content\/uploads\/2019\/07\/hand2note-default-cash-game-types-624x348.png 624w\" sizes=\"auto, (max-width: 655px) 100vw, 655px\" \/><\/figure>\n\n\n\n<p>Si no deseas que las estad\u00edsticas para heads-up se cuenten por separado, simplemente elimina el tipo <em>NL CASH HU<\/em>, y en <em>NL CASH 3-10 MAX<\/em>, establece el filtro \u201cPlayers in the hand\u201d a \u201cde 2 a 10\u201d.<\/p>\n\n\n\n<figure class=\"wp-block-image\"><img loading=\"lazy\" decoding=\"async\" width=\"659\" height=\"469\" src=\"https:\/\/hand2noteguide.com\/wp-content\/uploads\/2019\/07\/hand2note-cash-2-10-max-game-type.png\" alt=\"hand2note cash 2-10 max game type\" class=\"wp-image-1591\" srcset=\"https:\/\/hand2noteguide.com\/wp-content\/uploads\/2019\/07\/hand2note-cash-2-10-max-game-type.png 659w, https:\/\/hand2noteguide.com\/wp-content\/uploads\/2019\/07\/hand2note-cash-2-10-max-game-type-300x214.png 300w, https:\/\/hand2noteguide.com\/wp-content\/uploads\/2019\/07\/hand2note-cash-2-10-max-game-type-624x444.png 624w\" sizes=\"auto, (max-width: 659px) 100vw, 659px\" \/><\/figure>\n\n\n\n<p>Ahora necesitas crear tipos de juego separados para las salas en las que deseas ver un HUD diferente al que indicaste en el paso anterior. Para agregar un nuevo tipo de juego, haz clic en el &#8220;+&#8221; al final de la lista de tipos existentes. Asigna un nombre arbitrario y filtra por &#8220;Room&#8221;. Los tipos creados deben colocarse en la parte superior de la lista.<\/p>\n\n\n\n<figure class=\"wp-block-image\"><img loading=\"lazy\" decoding=\"async\" width=\"669\" height=\"617\" src=\"https:\/\/hand2noteguide.com\/wp-content\/uploads\/2019\/07\/hand2note-pokerstars-game-type-1.png\" alt=\"hand2note pokerstars game type\" class=\"wp-image-1592\" srcset=\"https:\/\/hand2noteguide.com\/wp-content\/uploads\/2019\/07\/hand2note-pokerstars-game-type-1.png 669w, https:\/\/hand2noteguide.com\/wp-content\/uploads\/2019\/07\/hand2note-pokerstars-game-type-1-300x277.png 300w, https:\/\/hand2noteguide.com\/wp-content\/uploads\/2019\/07\/hand2note-pokerstars-game-type-1-624x575.png 624w\" sizes=\"auto, (max-width: 669px) 100vw, 669px\" \/><\/figure>\n\n\n\n<p>Despu\u00e9s de realizar los cambios, es necesario <a href=\"https:\/\/hand2noteguide.com\/guide\/rebuild-stats\/\">reconstruir las estad\u00edsticas<\/a> para que las nuevas configuraciones de tipos de juego se apliquen a toda la <a href=\"https:\/\/hand2noteguide.com\/guide\/database\/\">base de datos<\/a>.<\/p>\n","protected":false},"excerpt":{"rendered":"<p>Si juegas en varias salas y deseas utilizar diferentes perfiles de HUD y popups en cada una de ellas o en algunas, Hand2Note te ofrece esta oportunidad. Para configurar la visualizaci\u00f3n de ciertos HUDs en salas espec\u00edficas, sigue las instrucciones a continuaci\u00f3n. Ve a Configuration \u2192 Game Types. Antes que nada, puedes restablecer la configuraci\u00f3n &hellip; <a href=\"https:\/\/hand2noteguide.com\/es\/guide\/hud\/different-huds-in-different-rooms\/\" class=\"more-link\">Continue reading <span class=\"screen-reader-text\">Usar diferentes HUDs en diferentes salas<\/span><\/a><\/p>\n","protected":false},"author":1,"featured_media":0,"parent":372,"menu_order":0,"comment_status":"closed","ping_status":"closed","template":"page-templates\/full-width-page.php","meta":{"footnotes":""},"class_list":["post-1556","page","type-page","status-publish","hentry"],"translation":{"provider":"WPGlobus","version":"3.0.2","language":"es","enabled_languages":["en","ru","pt","zh","es","fr","de","it","ja"],"languages":{"en":{"title":true,"content":true,"excerpt":false},"ru":{"title":true,"content":true,"excerpt":false},"pt":{"title":true,"content":true,"excerpt":false},"zh":{"title":true,"content":true,"excerpt":false},"es":{"title":true,"content":true,"excerpt":false},"fr":{"title":true,"content":true,"excerpt":false},"de":{"title":true,"content":true,"excerpt":false},"it":{"title":true,"content":true,"excerpt":false},"ja":{"title":true,"content":true,"excerpt":false}}},"yoast_head":"<!-- This site is optimized with the Yoast SEO plugin v27.0 - https:\/\/yoast.com\/product\/yoast-seo-wordpress\/ -->\n<title>Personalizaci\u00f3n de Perfiles de HUD para Diferentes Salas de P\u00f3ker<\/title>\n<meta name=\"description\" content=\"Aprende c\u00f3mo personalizar perfiles de HUD y popups para diferentes salas de p\u00f3ker usando Hand2Note. Sigue nuestra gu\u00eda paso a paso para optimizar tu estrategia de p\u00f3ker.\" \/>\n<meta name=\"robots\" content=\"index, follow, max-snippet:-1, max-image-preview:large, max-video-preview:-1\" \/>\n<link rel=\"canonical\" href=\"https:\/\/hand2noteguide.com\/guide\/hud\/different-huds-in-different-rooms\/\" \/>\n<meta property=\"og:locale\" content=\"es_ES\" \/>\n<meta property=\"og:type\" content=\"article\" \/>\n<meta property=\"og:title\" content=\"Personalizaci\u00f3n de Perfiles de HUD para Diferentes Salas de P\u00f3ker\" \/>\n<meta property=\"og:description\" content=\"Aprende c\u00f3mo personalizar perfiles de HUD y popups para diferentes salas de p\u00f3ker usando Hand2Note. Sigue nuestra gu\u00eda paso a paso para optimizar tu estrategia de p\u00f3ker.\" \/>\n<meta property=\"og:url\" content=\"https:\/\/hand2noteguide.com\/guide\/hud\/different-huds-in-different-rooms\/\" \/>\n<meta property=\"og:site_name\" content=\"Hand2Note Guide\" \/>\n<meta property=\"article:modified_time\" content=\"2025-06-04T14:42:09+00:00\" \/>\n<meta property=\"og:image\" content=\"https:\/\/hand2noteguide.com\/wp-content\/uploads\/2019\/07\/handnote-game-types-reset-to-default.png\" \/>\n<meta name=\"twitter:card\" content=\"summary_large_image\" \/>\n<meta name=\"twitter:label1\" content=\"Est. reading time\" \/>\n\t<meta name=\"twitter:data1\" content=\"7 minutes\" \/>\n<!-- \/ Yoast SEO plugin. -->","yoast_head_json":{"title":"Personalizaci\u00f3n de Perfiles de HUD para Diferentes Salas de P\u00f3ker","description":"Aprende c\u00f3mo personalizar perfiles de HUD y popups para diferentes salas de p\u00f3ker usando Hand2Note. Sigue nuestra gu\u00eda paso a paso para optimizar tu estrategia de p\u00f3ker.","robots":{"index":"index","follow":"follow","max-snippet":"max-snippet:-1","max-image-preview":"max-image-preview:large","max-video-preview":"max-video-preview:-1"},"canonical":"https:\/\/hand2noteguide.com\/guide\/hud\/different-huds-in-different-rooms\/","og_locale":"es_ES","og_type":"article","og_title":"Personalizaci\u00f3n de Perfiles de HUD para Diferentes Salas de P\u00f3ker","og_description":"Aprende c\u00f3mo personalizar perfiles de HUD y popups para diferentes salas de p\u00f3ker usando Hand2Note. Sigue nuestra gu\u00eda paso a paso para optimizar tu estrategia de p\u00f3ker.","og_url":"https:\/\/hand2noteguide.com\/guide\/hud\/different-huds-in-different-rooms\/","og_site_name":"Hand2Note Guide","article_modified_time":"2025-06-04T14:42:09+00:00","og_image":[{"url":"https:\/\/hand2noteguide.com\/wp-content\/uploads\/2019\/07\/handnote-game-types-reset-to-default.png","type":"","width":"","height":""}],"twitter_card":"summary_large_image","twitter_misc":{"Est. reading time":"7 minutes"},"schema":{"@context":"https:\/\/schema.org","@graph":[]}},"jetpack_sharing_enabled":true,"_links":{"self":[{"href":"https:\/\/hand2noteguide.com\/es\/wp-json\/wp\/v2\/pages\/1556","targetHints":{"allow":["GET"]}}],"collection":[{"href":"https:\/\/hand2noteguide.com\/es\/wp-json\/wp\/v2\/pages"}],"about":[{"href":"https:\/\/hand2noteguide.com\/es\/wp-json\/wp\/v2\/types\/page"}],"author":[{"embeddable":true,"href":"https:\/\/hand2noteguide.com\/es\/wp-json\/wp\/v2\/users\/1"}],"replies":[{"embeddable":true,"href":"https:\/\/hand2noteguide.com\/es\/wp-json\/wp\/v2\/comments?post=1556"}],"version-history":[{"count":30,"href":"https:\/\/hand2noteguide.com\/es\/wp-json\/wp\/v2\/pages\/1556\/revisions"}],"predecessor-version":[{"id":13510,"href":"https:\/\/hand2noteguide.com\/es\/wp-json\/wp\/v2\/pages\/1556\/revisions\/13510"}],"up":[{"embeddable":true,"href":"https:\/\/hand2noteguide.com\/es\/wp-json\/wp\/v2\/pages\/372"}],"wp:attachment":[{"href":"https:\/\/hand2noteguide.com\/es\/wp-json\/wp\/v2\/media?parent=1556"}],"curies":[{"name":"wp","href":"https:\/\/api.w.org\/{rel}","templated":true}]}}