{"id":15713,"date":"2026-03-13T13:27:46","date_gmt":"2026-03-13T10:27:46","guid":{"rendered":"https:\/\/hand2noteguide.com\/?page_id=15713"},"modified":"2026-03-13T13:37:20","modified_gmt":"2026-03-13T10:37:20","slug":"the_use_of_limp_limp-fold_and_limp-raise_stats","status":"publish","type":"page","link":"https:\/\/hand2noteguide.com\/es\/user-manual\/the_use_of_limp_limp-fold_and_limp-raise_stats\/","title":{"rendered":"C\u00f3mo analizar los rangos de los fish: limp, limp-raise y limp-fold"},"content":{"rendered":"\n<p>Cuando nos enfrentamos a un jugador recreacional en la mesa, pensar <em>\u201cjuega mal, as\u00ed que deber\u00eda ganar\u201d<\/em> ser\u00eda un error. Aun as\u00ed, es importante evaluar su juego desde la perspectiva de \u201crango vs rango\u201d. Sin embargo, entender su rango no siempre es f\u00e1cil. La mayor\u00eda de los jugadores recreacionales prefieren una estrategia con una alta frecuencia de limp y una baja frecuencia de subidas, otros utilizan subidas preflop grandes con muy pocos limps, y el grupo m\u00e1s peque\u00f1o tiene frecuencias de limp y de subida preflop m\u00e1s o menos equilibradas.<\/p>\n\n\n\n<p>En este art\u00edculo mostraremos <strong>c\u00f3mo entender los patrones preflop de los jugadores recreacionales te ayuda a jugar correctamente las manos contra ellos y ganar botes de forma consistente<\/strong>.<\/p>\n\n\n\n<h2 class=\"wp-block-heading\">Jugando contra un fish \u201cVIP\u201d<\/h2>\n\n\n\n<p><em>El an\u00e1lisis de la mano se realiz\u00f3 utilizando H2N versi\u00f3n 4.1.226 y <a href=\"https:\/\/www.hudstore.poker\/products\/pbcp-hud\" target=\"_blank\" rel=\"noreferrer noopener\">PBCP HUD<\/a>.<\/em><\/p>\n\n\n\n<p>\u00bfC\u00f3mo podemos entender la distribuci\u00f3n del rango completo de un jugador recreacional entre diferentes l\u00edneas para construir nuestra estrategia para la mano?<\/p>\n\n\n\n<p>Para ello utilizo las estad\u00edsticas de limp, limp-fold y limp-raise. En mi HUD se muestran como Total, y en el popup est\u00e1n desglosadas por posici\u00f3n.<\/p>\n\n\n\n<p>Veamos un ejemplo concreto. En esta mano, el rival tiene estad\u00edsticas de VPIP 79% y PFR 4%. Este es un ejemplo cl\u00e1sico de un fish \u201cVIP\u201d, que entra en demasiados botes pero rara vez muestra agresividad antes del flop. Jugar contra este tipo de oponentes tiene un valor esperado fuertemente positivo porque sus rangos son demasiado amplios y vulnerables.<\/p>\n\n\n\n<figure class=\"wp-block-image size-full\"><img loading=\"lazy\" decoding=\"async\" width=\"221\" height=\"77\" src=\"https:\/\/hand2noteguide.com\/wp-content\/uploads\/2026\/03\/1.png\" alt=\"\" class=\"wp-image-15741\" \/><\/figure>\n\n\n\n<p>Aqu\u00ed est\u00e1 la mano:<\/p>\n\n\n\n<figure class=\"wp-block-image size-full\"><img loading=\"lazy\" decoding=\"async\" width=\"480\" height=\"689\" src=\"https:\/\/hand2noteguide.com\/wp-content\/uploads\/2026\/03\/2.png\" alt=\"\" class=\"wp-image-15742\" srcset=\"https:\/\/hand2noteguide.com\/wp-content\/uploads\/2026\/03\/2.png 480w, https:\/\/hand2noteguide.com\/wp-content\/uploads\/2026\/03\/2-209x300.png 209w\" sizes=\"auto, (max-width: 480px) 100vw, 480px\" \/><\/figure>\n\n\n\n<p>Estoy en la SB con una pareja \u2014 2 2. Hago una subida est\u00e1ndar de aislamiento pero enfrento un limp-raise. Su rango medio de limp se puede estimar en alrededor del 70%, mientras que su limp-raise es de aproximadamente 5\u20136%, lo que significa que el rango total aqu\u00ed probablemente no supera el 3\u20135%. Con esta distribuci\u00f3n, su rango estar\u00e1 fuertemente inclinado hacia manos fuertes con algunas manos aleatorias mezcladas.<\/p>\n\n\n\n<p>La subida es de 8bb, y con 22 necesito pagar 3.5bb m\u00e1s para igualar el min 3-bet, algo que las odds del bote justifican.<\/p>\n\n\n\n<p>El flop trae Ax \u2014 malo para m\u00ed, porque todas las manos AQ\u2013AK conectan con \u00e9l. Sin equity adicional simplemente foldear\u00eda 22. Pero tengo un gutshot. Necesito 22.5% de equity para pagar. Tengo 6 outs vivos, as\u00ed que es call.<\/p>\n\n\n\n<p>El turn es +K.<\/p>\n\n\n\n<p>El oponente pasa detr\u00e1s, lo que me da una oportunidad en el river.<\/p>\n\n\n\n<p>El river es una carta blanca (8x).<\/p>\n\n\n\n<p>\u00bfC\u00f3mo eval\u00fao su rango en el river? El oponente tiene frecuencias de agresi\u00f3n de 15\/17\/42, as\u00ed que debo asumir que tiene algunos slowplays como TP2K, dobles parejas m\u00e1ximas o sets como AA o KK (alrededor de 15\u201317 combos jugados en slowplay), que nunca voy a hacer foldear. Por otro lado, hay manos como TT\u2013QQ y KJ\u2013KQ que mejoraron en el turn (digamos alrededor de 25 combos). Y una peque\u00f1a cantidad de manos aleatorias (5\u20137 combos).<\/p>\n\n\n\n<p>Aqu\u00ed est\u00e1 su juego en posici\u00f3n:<\/p>\n\n\n\n<figure class=\"wp-block-image size-full\"><img loading=\"lazy\" decoding=\"async\" width=\"216\" height=\"249\" src=\"https:\/\/hand2noteguide.com\/wp-content\/uploads\/2026\/03\/3.png\" alt=\"\" class=\"wp-image-15744\" \/><\/figure>\n\n\n\n<p>Decid\u00ed intentar hacerle foldear manos del tipo dobles parejas. Contra este tipo de rival necesitas un sizing grande \u2014 una apuesta del tama\u00f1o del bote o incluso un overbet. El showdown se vio as\u00ed:<\/p>\n\n\n\n<figure class=\"wp-block-image size-full\"><img loading=\"lazy\" decoding=\"async\" width=\"437\" height=\"128\" src=\"https:\/\/hand2noteguide.com\/wp-content\/uploads\/2026\/03\/4.png\" alt=\"\" class=\"wp-image-15746\" srcset=\"https:\/\/hand2noteguide.com\/wp-content\/uploads\/2026\/03\/4.png 437w, https:\/\/hand2noteguide.com\/wp-content\/uploads\/2026\/03\/4-300x88.png 300w\" sizes=\"auto, (max-width: 437px) 100vw, 437px\" \/><\/figure>\n\n\n\n<p>Despu\u00e9s de evaluar su rango, parece que calcul\u00e9 mal mi fold equity. Si planeaba hacer foldear una cierta categor\u00eda de manos y no lo logr\u00e9, entonces el farol fue malo. Sin embargo, el rango del oponente en s\u00ed fue entendido correctamente.<\/p>\n\n\n\n<h2 class=\"wp-block-heading\">Jugando contra un jugador recreacional promedio<\/h2>\n\n\n\n<p>Esta mano se jug\u00f3 contra un jugador recreacional con estad\u00edsticas alrededor de 45\/6 y una alta frecuencia de limp-raise. Aqu\u00ed est\u00e1n las estad\u00edsticas de limp de mi oponente:<\/p>\n\n\n\n<figure class=\"wp-block-image size-full\"><img loading=\"lazy\" decoding=\"async\" width=\"191\" height=\"76\" src=\"https:\/\/hand2noteguide.com\/wp-content\/uploads\/2026\/03\/5.png\" alt=\"\" class=\"wp-image-15753\" \/><\/figure>\n\n\n\n<p>La gran diferencia en la frecuencia de limp-raise entre EP\u2013MP y CO\u2013BU destaca inmediatamente. Esto requiere ajustes adecuados. Contra las dos primeras posiciones necesitas un rango s\u00f3lido y debes estar preparado para jugar contra un rango de 3-bet del 14\u201316%, mientras que contra las posiciones tard\u00edas a menudo puedes obtener beneficio autom\u00e1tico al aislar, lo que te permite ampliar tu rango de subidas de aislamiento.<\/p>\n\n\n\n<p>Aqu\u00ed est\u00e1 la mano:<\/p>\n\n\n\n<figure class=\"wp-block-image size-full\"><img loading=\"lazy\" decoding=\"async\" width=\"484\" height=\"685\" src=\"https:\/\/hand2noteguide.com\/wp-content\/uploads\/2026\/03\/6.png\" alt=\"\" class=\"wp-image-15754\" srcset=\"https:\/\/hand2noteguide.com\/wp-content\/uploads\/2026\/03\/6.png 484w, https:\/\/hand2noteguide.com\/wp-content\/uploads\/2026\/03\/6-212x300.png 212w\" sizes=\"auto, (max-width: 484px) 100vw, 484px\" \/><\/figure>\n\n\n\n<p>Preflop, esta es una gran mano para aislar a un rival as\u00ed. Es alta, bloquea algunas de sus manos de subida y tiene buena equity cuando conecta postflop.<\/p>\n\n\n\n<p>El flop trae Kx \u2014 tengo top pair con kicker d\u00e9bil. Pero para construir una estrategia para la mano, necesitamos evaluar su rango. Hace limp con el 21% de las manos; de ese rango, sube aproximadamente una cuarta parte, foldea dos tercios y paga alrededor del 15\u201320%, lo que equivale a aproximadamente 3.5\u20134%. Con esta distribuci\u00f3n, el rango de call deber\u00eda consistir principalmente en manos de fuerza media.<\/p>\n\n\n\n<p>Quiero enfatizar nuevamente: sin las estad\u00edsticas de limp, limp-raise y limp-fold, lo m\u00e1s probable es que jugara esta mano de forma est\u00e1ndar. Pero las estad\u00edsticas del oponente no son est\u00e1ndar, lo que significa que necesito hacer ajustes.<\/p>\n\n\n\n<p>Mi mano est\u00e1 m\u00e1s o menos en el l\u00edmite entre dos o tres calles de valor.<\/p>\n\n\n\n<p>Aqu\u00ed est\u00e1 la informaci\u00f3n que tenemos sobre su juego en situaciones de limp-call:<\/p>\n\n\n\n<figure class=\"wp-block-image size-full\"><img loading=\"lazy\" decoding=\"async\" width=\"257\" height=\"490\" src=\"https:\/\/hand2noteguide.com\/wp-content\/uploads\/2026\/03\/7.png\" alt=\"\" class=\"wp-image-15755\" srcset=\"https:\/\/hand2noteguide.com\/wp-content\/uploads\/2026\/03\/7.png 257w, https:\/\/hand2noteguide.com\/wp-content\/uploads\/2026\/03\/7-157x300.png 157w\" sizes=\"auto, (max-width: 257px) 100vw, 257px\" \/><\/figure>\n\n\n\n<p>Sabiendo que a este oponente le gusta apostar y subir con frecuencia postflop cuando est\u00e1 en posici\u00f3n, constru\u00ed mi estrategia alrededor de una apuesta peque\u00f1a en el flop para ampliar su rango de call, seguida de un check protegido para darle la oportunidad de farolear.<\/p>\n\n\n\n<p>Me apoy\u00e9 en el siguiente popup:<\/p>\n\n\n\n<figure class=\"wp-block-image size-full\"><img loading=\"lazy\" decoding=\"async\" width=\"221\" height=\"241\" src=\"https:\/\/hand2noteguide.com\/wp-content\/uploads\/2026\/03\/8.png\" alt=\"\" class=\"wp-image-15756\" \/><\/figure>\n\n\n\n<p>Desafortunadamente, el oponente no apost\u00f3 ni en el turn ni en el river y en su lugar mostr\u00f3 esto en el showdown:<\/p>\n\n\n\n<figure class=\"wp-block-image size-full\"><img loading=\"lazy\" decoding=\"async\" width=\"416\" height=\"125\" src=\"https:\/\/hand2noteguide.com\/wp-content\/uploads\/2026\/03\/9.png\" alt=\"\" class=\"wp-image-15757\" srcset=\"https:\/\/hand2noteguide.com\/wp-content\/uploads\/2026\/03\/9.png 416w, https:\/\/hand2noteguide.com\/wp-content\/uploads\/2026\/03\/9-300x90.png 300w\" sizes=\"auto, (max-width: 416px) 100vw, 416px\" \/><\/figure>\n\n\n\n<p>Hizo segunda pareja en el turn y razonablemente decidi\u00f3 no convertir su valor de showdown en un farol. Sin embargo, me gustar\u00eda se\u00f1alar que hizo overcall en el flop \u2014 su mano en realidad deber\u00eda foldear ah\u00ed. Esto sugiere que su plan era sacarme del bote mediante acciones agresivas.<\/p>\n\n\n\n<h2 class=\"wp-block-heading\">Conclusi\u00f3n<\/h2>\n\n\n\n<p>Entender los rangos de los oponentes es probablemente lo principal que separa a un profesional de un jugador recreacional. Y como acabamos de ver en los dos ejemplos anteriores, esta comprensi\u00f3n es simplemente imposible sin estad\u00edsticas de calidad.<\/p>\n\n\n\n<p>As\u00ed que la pr\u00f3xima vez que te sientes en la mesa y veas a un \u201cfish\u201d enfrente, no pienses: \u201clo voy a destrozar porque es malo\u201d. En su lugar piensa: \u201c\u00bfqu\u00e9 s\u00e9 sobre su limp-raise? \u00bfCon qu\u00e9 frecuencia hace slowplay? \u00bfCon qu\u00e9 manos paga en el flop?\u201d. Abre tu popup \u2014 el que aprendimos a crear \u2014 y \u00e9chale un vistazo. En esos n\u00fameros secos ya est\u00e1 escrita toda la historia de la mano que est\u00e1s a punto de jugar. Lo \u00fanico que queda es no confundir los doses con ases en el river y presionar check en el momento adecuado.<\/p>\n\n\n\n<p>Hoy vimos c\u00f3mo las estad\u00edsticas de \u201climp\u201d, \u201climp-raise\u201d y \u201climp-fold\u201d nos ayudan a construir una imagen del rango del oponente. Y recuerda: deben considerarse juntas, y solo entonces debes construir tu estrategia de juego bas\u00e1ndote en el rango espec\u00edfico que le asignas.<\/p>\n","protected":false},"excerpt":{"rendered":"<p>Cuando nos enfrentamos a un jugador recreacional en la mesa, pensar \u201cjuega mal, as\u00ed que deber\u00eda ganar\u201d ser\u00eda un error. Aun as\u00ed, es importante evaluar su juego desde la perspectiva de \u201crango vs rango\u201d. Sin embargo, entender su rango no siempre es f\u00e1cil. La mayor\u00eda de los jugadores recreacionales prefieren una estrategia con una alta &hellip; <a href=\"https:\/\/hand2noteguide.com\/es\/user-manual\/the_use_of_limp_limp-fold_and_limp-raise_stats\/\" class=\"more-link\">Continue reading <span class=\"screen-reader-text\">C\u00f3mo analizar los rangos de los fish: limp, limp-raise y limp-fold<\/span><\/a><\/p>\n","protected":false},"author":18,"featured_media":15716,"parent":9199,"menu_order":0,"comment_status":"closed","ping_status":"closed","template":"","meta":{"footnotes":""},"class_list":["post-15713","page","type-page","status-publish","has-post-thumbnail","hentry"],"translation":{"provider":"WPGlobus","version":"3.0.2","language":"es","enabled_languages":["en","ru","pt","zh","es","fr","de","it","ja"],"languages":{"en":{"title":true,"content":true,"excerpt":false},"ru":{"title":true,"content":true,"excerpt":false},"pt":{"title":true,"content":true,"excerpt":false},"zh":{"title":true,"content":true,"excerpt":false},"es":{"title":true,"content":true,"excerpt":false},"fr":{"title":true,"content":true,"excerpt":false},"de":{"title":true,"content":true,"excerpt":false},"it":{"title":true,"content":true,"excerpt":false},"ja":{"title":true,"content":true,"excerpt":false}}},"yoast_head":"<!-- This site is optimized with the Yoast SEO plugin v27.0 - https:\/\/yoast.com\/product\/yoast-seo-wordpress\/ -->\n<title>Analiza a los fish con stats de limp y limp-raise<\/title>\n<meta name=\"description\" content=\"Aprende c\u00f3mo los stats de limp, limp-raise y limp-fold te ayudan a estimar rangos de fish, ajustar aislamientos y elegir l\u00edneas postflop rentables.\" \/>\n<meta name=\"robots\" content=\"index, follow, max-snippet:-1, max-image-preview:large, max-video-preview:-1\" \/>\n<link rel=\"canonical\" href=\"https:\/\/hand2noteguide.com\/user-manual\/the_use_of_limp_limp-fold_and_limp-raise_stats\/\" \/>\n<meta property=\"og:locale\" content=\"es_ES\" \/>\n<meta property=\"og:type\" content=\"article\" \/>\n<meta property=\"og:title\" content=\"Analiza a los fish con stats de limp y limp-raise\" \/>\n<meta property=\"og:description\" content=\"Aprende c\u00f3mo los stats de limp, limp-raise y limp-fold te ayudan a estimar rangos de fish, ajustar aislamientos y elegir l\u00edneas postflop rentables.\" \/>\n<meta property=\"og:url\" content=\"https:\/\/hand2noteguide.com\/user-manual\/the_use_of_limp_limp-fold_and_limp-raise_stats\/\" \/>\n<meta property=\"og:site_name\" content=\"Hand2Note Guide\" \/>\n<meta property=\"article:modified_time\" content=\"2026-03-13T10:37:20+00:00\" \/>\n<meta property=\"og:image\" content=\"https:\/\/hand2noteguide.com\/wp-content\/uploads\/2026\/03\/\u0413\u043b\u0430\u0432\u043d\u0430\u044f-\u0432\u0441-\u043b\u0438\u043c\u043f-1024x540.png\" \/>\n\t<meta property=\"og:image:width\" content=\"1024\" \/>\n\t<meta property=\"og:image:height\" content=\"540\" \/>\n\t<meta property=\"og:image:type\" content=\"image\/png\" \/>\n<meta name=\"twitter:card\" content=\"summary_large_image\" \/>\n<meta name=\"twitter:label1\" content=\"Est. reading time\" \/>\n\t<meta name=\"twitter:data1\" content=\"7 minutes\" \/>\n<!-- \/ Yoast SEO plugin. -->","yoast_head_json":{"title":"Analiza a los fish con stats de limp y limp-raise","description":"Aprende c\u00f3mo los stats de limp, limp-raise y limp-fold te ayudan a estimar rangos de fish, ajustar aislamientos y elegir l\u00edneas postflop rentables.","robots":{"index":"index","follow":"follow","max-snippet":"max-snippet:-1","max-image-preview":"max-image-preview:large","max-video-preview":"max-video-preview:-1"},"canonical":"https:\/\/hand2noteguide.com\/user-manual\/the_use_of_limp_limp-fold_and_limp-raise_stats\/","og_locale":"es_ES","og_type":"article","og_title":"Analiza a los fish con stats de limp y limp-raise","og_description":"Aprende c\u00f3mo los stats de limp, limp-raise y limp-fold te ayudan a estimar rangos de fish, ajustar aislamientos y elegir l\u00edneas postflop rentables.","og_url":"https:\/\/hand2noteguide.com\/user-manual\/the_use_of_limp_limp-fold_and_limp-raise_stats\/","og_site_name":"Hand2Note Guide","article_modified_time":"2026-03-13T10:37:20+00:00","og_image":[{"width":1024,"height":540,"url":"https:\/\/hand2noteguide.com\/wp-content\/uploads\/2026\/03\/\u0413\u043b\u0430\u0432\u043d\u0430\u044f-\u0432\u0441-\u043b\u0438\u043c\u043f-1024x540.png","type":"image\/png"}],"twitter_card":"summary_large_image","twitter_misc":{"Est. reading time":"7 minutes"},"schema":{"@context":"https:\/\/schema.org","@graph":[]}},"jetpack_sharing_enabled":true,"_links":{"self":[{"href":"https:\/\/hand2noteguide.com\/es\/wp-json\/wp\/v2\/pages\/15713","targetHints":{"allow":["GET"]}}],"collection":[{"href":"https:\/\/hand2noteguide.com\/es\/wp-json\/wp\/v2\/pages"}],"about":[{"href":"https:\/\/hand2noteguide.com\/es\/wp-json\/wp\/v2\/types\/page"}],"author":[{"embeddable":true,"href":"https:\/\/hand2noteguide.com\/es\/wp-json\/wp\/v2\/users\/18"}],"replies":[{"embeddable":true,"href":"https:\/\/hand2noteguide.com\/es\/wp-json\/wp\/v2\/comments?post=15713"}],"version-history":[{"count":19,"href":"https:\/\/hand2noteguide.com\/es\/wp-json\/wp\/v2\/pages\/15713\/revisions"}],"predecessor-version":[{"id":15907,"href":"https:\/\/hand2noteguide.com\/es\/wp-json\/wp\/v2\/pages\/15713\/revisions\/15907"}],"up":[{"embeddable":true,"href":"https:\/\/hand2noteguide.com\/es\/wp-json\/wp\/v2\/pages\/9199"}],"wp:featuredmedia":[{"embeddable":true,"href":"https:\/\/hand2noteguide.com\/es\/wp-json\/wp\/v2\/media\/15716"}],"wp:attachment":[{"href":"https:\/\/hand2noteguide.com\/es\/wp-json\/wp\/v2\/media?parent=15713"}],"curies":[{"name":"wp","href":"https:\/\/api.w.org\/{rel}","templated":true}]}}