{"id":15869,"date":"2026-03-13T09:18:36","date_gmt":"2026-03-13T06:18:36","guid":{"rendered":"https:\/\/hand2noteguide.com\/?page_id=15869"},"modified":"2026-03-13T09:56:41","modified_gmt":"2026-03-13T06:56:41","slug":"preflop-gto-charts","status":"publish","type":"page","link":"https:\/\/hand2noteguide.com\/es\/poker\/free-poker-tools\/preflop-gto-charts\/","title":{"rendered":"Rangos GTO preflop"},"content":{"rendered":"","protected":false},"excerpt":{"rendered":"","protected":false},"author":1,"featured_media":0,"parent":15195,"menu_order":0,"comment_status":"closed","ping_status":"closed","template":"page-templates\/preflop-charts.php","meta":{"footnotes":""},"class_list":["post-15869","page","type-page","status-publish","hentry"],"translation":{"provider":"WPGlobus","version":"3.0.2","language":"es","enabled_languages":["en","ru","pt","zh","es","fr","de","it","ja"],"languages":{"en":{"title":true,"content":false,"excerpt":false},"ru":{"title":true,"content":false,"excerpt":false},"pt":{"title":true,"content":false,"excerpt":false},"zh":{"title":true,"content":false,"excerpt":false},"es":{"title":true,"content":false,"excerpt":false},"fr":{"title":true,"content":false,"excerpt":false},"de":{"title":true,"content":false,"excerpt":false},"it":{"title":true,"content":false,"excerpt":false},"ja":{"title":true,"content":false,"excerpt":false}}},"yoast_head":"<!-- This site is optimized with the Yoast SEO plugin v27.0 - https:\/\/yoast.com\/product\/yoast-seo-wordpress\/ -->\n<title>Rangos GTO preflop: visor interactivo de rangos de p\u00f3ker<\/title>\n<meta name=\"description\" content=\"Rangos preflop interactivos para NL Hold&#039;em cash 6-max. Elige posici\u00f3n y escenario y ve la estrategia GTO \u00f3ptima, codificada por colores.\" \/>\n<meta name=\"robots\" content=\"index, follow, max-snippet:-1, max-image-preview:large, max-video-preview:-1\" \/>\n<link rel=\"canonical\" href=\"https:\/\/hand2noteguide.com\/poker\/free-poker-tools\/preflop-gto-charts\/\" \/>\n<meta property=\"og:locale\" content=\"es_ES\" \/>\n<meta property=\"og:type\" content=\"article\" \/>\n<meta property=\"og:title\" content=\"Rangos GTO preflop: visor interactivo de rangos de p\u00f3ker\" \/>\n<meta property=\"og:description\" content=\"Rangos preflop interactivos para NL Hold&#039;em cash 6-max. Elige posici\u00f3n y escenario y ve la estrategia GTO \u00f3ptima, codificada por colores.\" \/>\n<meta property=\"og:url\" content=\"https:\/\/hand2noteguide.com\/poker\/free-poker-tools\/preflop-gto-charts\/\" \/>\n<meta property=\"og:site_name\" content=\"Hand2Note Guide\" \/>\n<meta property=\"article:modified_time\" content=\"2026-03-13T06:56:41+00:00\" \/>\n<meta name=\"twitter:card\" content=\"summary_large_image\" \/>\n<!-- \/ Yoast SEO plugin. -->","yoast_head_json":{"title":"Rangos GTO preflop: visor interactivo de rangos de p\u00f3ker","description":"Rangos preflop interactivos para NL Hold'em cash 6-max. Elige posici\u00f3n y escenario y ve la estrategia GTO \u00f3ptima, codificada por colores.","robots":{"index":"index","follow":"follow","max-snippet":"max-snippet:-1","max-image-preview":"max-image-preview:large","max-video-preview":"max-video-preview:-1"},"canonical":"https:\/\/hand2noteguide.com\/poker\/free-poker-tools\/preflop-gto-charts\/","og_locale":"es_ES","og_type":"article","og_title":"Rangos GTO preflop: visor interactivo de rangos de p\u00f3ker","og_description":"Rangos preflop interactivos para NL Hold'em cash 6-max. Elige posici\u00f3n y escenario y ve la estrategia GTO \u00f3ptima, codificada por colores.","og_url":"https:\/\/hand2noteguide.com\/poker\/free-poker-tools\/preflop-gto-charts\/","og_site_name":"Hand2Note Guide","article_modified_time":"2026-03-13T06:56:41+00:00","twitter_card":"summary_large_image","schema":{"@context":"https:\/\/schema.org","@graph":[]}},"jetpack_sharing_enabled":true,"_links":{"self":[{"href":"https:\/\/hand2noteguide.com\/es\/wp-json\/wp\/v2\/pages\/15869","targetHints":{"allow":["GET"]}}],"collection":[{"href":"https:\/\/hand2noteguide.com\/es\/wp-json\/wp\/v2\/pages"}],"about":[{"href":"https:\/\/hand2noteguide.com\/es\/wp-json\/wp\/v2\/types\/page"}],"author":[{"embeddable":true,"href":"https:\/\/hand2noteguide.com\/es\/wp-json\/wp\/v2\/users\/1"}],"replies":[{"embeddable":true,"href":"https:\/\/hand2noteguide.com\/es\/wp-json\/wp\/v2\/comments?post=15869"}],"version-history":[{"count":16,"href":"https:\/\/hand2noteguide.com\/es\/wp-json\/wp\/v2\/pages\/15869\/revisions"}],"predecessor-version":[{"id":15885,"href":"https:\/\/hand2noteguide.com\/es\/wp-json\/wp\/v2\/pages\/15869\/revisions\/15885"}],"up":[{"embeddable":true,"href":"https:\/\/hand2noteguide.com\/es\/wp-json\/wp\/v2\/pages\/15195"}],"wp:attachment":[{"href":"https:\/\/hand2noteguide.com\/es\/wp-json\/wp\/v2\/media?parent=15869"}],"curies":[{"name":"wp","href":"https:\/\/api.w.org\/{rel}","templated":true}]}}