{"id":15922,"date":"2026-03-28T13:03:50","date_gmt":"2026-03-28T10:03:50","guid":{"rendered":"https:\/\/hand2noteguide.com\/?page_id=15922"},"modified":"2026-03-28T13:12:22","modified_gmt":"2026-03-28T10:12:22","slug":"hand2note_popup_editor_creating_a_professional_popup","status":"publish","type":"page","link":"https:\/\/hand2noteguide.com\/es\/user-manual\/hand2note_popup_editor_creating_a_professional_popup\/","title":{"rendered":"Hand2Note Popup Editor: crear un popup profesional"},"content":{"rendered":"\n<p>La vez anterior completamos la etapa de \u201cfamiliarizaci\u00f3n\u201d: aprendimos a navegar por la interfaz del editor de popups y creamos un popup sencillo.<\/p>\n\n\n\n<p>Hoy el objetivo es m\u00e1s ambicioso: crear una herramienta compleja y multinivel. Veremos c\u00f3mo a\u00f1adir pesta\u00f1as a un popup, integrar histogramas de fuerza de mano postflop, usar diagramas preflop y configurar estad\u00edsticas detalladas para un an\u00e1lisis m\u00e1s profundo del juego.<\/p>\n\n\n\n<h2 class=\"wp-block-heading\">\u00bfC\u00f3mo ser\u00e1 el popup final?<\/h2>\n\n\n\n<p>Anteriormente, al trabajar con el editor de popups, creamos un popup que se ve as\u00ed:<\/p>\n\n\n\n<figure class=\"wp-block-image size-large\"><img loading=\"lazy\" decoding=\"async\" width=\"1024\" height=\"540\" src=\"https:\/\/hand2noteguide.com\/wp-content\/uploads\/2026\/03\/\u041f\u0440\u0438\u043c\u0435\u0440-\u043f\u043e\u043f\u0430\u043f\u0430-1024x540.jpg\" alt=\"\" class=\"wp-image-15441\" srcset=\"https:\/\/hand2noteguide.com\/wp-content\/uploads\/2026\/03\/\u041f\u0440\u0438\u043c\u0435\u0440-\u043f\u043e\u043f\u0430\u043f\u0430-1024x540.jpg 1024w, https:\/\/hand2noteguide.com\/wp-content\/uploads\/2026\/03\/\u041f\u0440\u0438\u043c\u0435\u0440-\u043f\u043e\u043f\u0430\u043f\u0430-300x158.jpg 300w, https:\/\/hand2noteguide.com\/wp-content\/uploads\/2026\/03\/\u041f\u0440\u0438\u043c\u0435\u0440-\u043f\u043e\u043f\u0430\u043f\u0430-768x405.jpg 768w, https:\/\/hand2noteguide.com\/wp-content\/uploads\/2026\/03\/\u041f\u0440\u0438\u043c\u0435\u0440-\u043f\u043e\u043f\u0430\u043f\u0430-1536x811.jpg 1536w, https:\/\/hand2noteguide.com\/wp-content\/uploads\/2026\/03\/\u041f\u0440\u0438\u043c\u0435\u0440-\u043f\u043e\u043f\u0430\u043f\u0430-2048x1081.jpg 2048w, https:\/\/hand2noteguide.com\/wp-content\/uploads\/2026\/03\/\u041f\u0440\u0438\u043c\u0435\u0440-\u043f\u043e\u043f\u0430\u043f\u0430-772x407.jpg 772w\" sizes=\"auto, (max-width: 1024px) 100vw, 1024px\" \/><\/figure>\n\n\n\n<p>Ahora es momento de mejorarlo: a\u00f1adir pesta\u00f1as anidadas, visualizaciones gr\u00e1ficas de rangos y otros elementos que convierten estad\u00edsticas b\u00e1sicas en una herramienta anal\u00edtica completa:<\/p>\n\n\n\n<figure class=\"wp-block-image size-large\"><img loading=\"lazy\" decoding=\"async\" width=\"1024\" height=\"540\" src=\"https:\/\/hand2noteguide.com\/wp-content\/uploads\/2026\/03\/\u0421\u043b\u043e\u0436\u043d\u044b\u0439-\u043f\u043e\u043f\u0430\u043f-\u043f\u0440\u0435\u0432\u044c\u044e-1024x540.jpg\" alt=\"\" class=\"wp-image-15935\" srcset=\"https:\/\/hand2noteguide.com\/wp-content\/uploads\/2026\/03\/\u0421\u043b\u043e\u0436\u043d\u044b\u0439-\u043f\u043e\u043f\u0430\u043f-\u043f\u0440\u0435\u0432\u044c\u044e-1024x540.jpg 1024w, https:\/\/hand2noteguide.com\/wp-content\/uploads\/2026\/03\/\u0421\u043b\u043e\u0436\u043d\u044b\u0439-\u043f\u043e\u043f\u0430\u043f-\u043f\u0440\u0435\u0432\u044c\u044e-300x158.jpg 300w, https:\/\/hand2noteguide.com\/wp-content\/uploads\/2026\/03\/\u0421\u043b\u043e\u0436\u043d\u044b\u0439-\u043f\u043e\u043f\u0430\u043f-\u043f\u0440\u0435\u0432\u044c\u044e-768x405.jpg 768w, https:\/\/hand2noteguide.com\/wp-content\/uploads\/2026\/03\/\u0421\u043b\u043e\u0436\u043d\u044b\u0439-\u043f\u043e\u043f\u0430\u043f-\u043f\u0440\u0435\u0432\u044c\u044e-1536x811.jpg 1536w, https:\/\/hand2noteguide.com\/wp-content\/uploads\/2026\/03\/\u0421\u043b\u043e\u0436\u043d\u044b\u0439-\u043f\u043e\u043f\u0430\u043f-\u043f\u0440\u0435\u0432\u044c\u044e-2048x1081.jpg 2048w, https:\/\/hand2noteguide.com\/wp-content\/uploads\/2026\/03\/\u0421\u043b\u043e\u0436\u043d\u044b\u0439-\u043f\u043e\u043f\u0430\u043f-\u043f\u0440\u0435\u0432\u044c\u044e-772x407.jpg 772w\" sizes=\"auto, (max-width: 1024px) 100vw, 1024px\" \/><\/figure>\n\n\n\n<h2 class=\"wp-block-heading\">Creaci\u00f3n de una nueva pesta\u00f1a de popup<\/h2>\n\n\n\n<p>Usando los m\u00e9todos descritos en el art\u00edculo &#8220;<a href=\"https:\/\/hand2noteguide.com\/es\/user-manual\/popup_editor_navigation_and_creating_a_simple_popup_in_hand2note\/\" id=\"https:\/\/hand2noteguide.com\/user-manual\/popup_editor_navigation_and_creating_a_simple_popup_in_hand2note\/\">Hand2Note Popup Editor: crear un popup sencillo<\/a>&#8220;, crea una nueva pesta\u00f1a en el popup, apl\u00edcale un panel de popup y rell\u00e9nala con las estad\u00edsticas y etiquetas necesarias. Cabe destacar que para este ejemplo <a href=\"https:\/\/hand2noteguide.com\/es\/user-manual\/creating-a-simple-stat-continued-bet-on-the-river-in-a-3bet-pot-position\/\" id=\"https:\/\/hand2noteguide.com\/user-manual\/creating-a-simple-stat-continued-bet-on-the-river-in-a-3bet-pot-position\/\">creamos las estad\u00edsticas necesarias<\/a> con antelaci\u00f3n. Un ejemplo de la pesta\u00f1a \u201cRFI+\u201d reci\u00e9n creada:<\/p>\n\n\n\n<figure class=\"wp-block-image size-large\"><img loading=\"lazy\" decoding=\"async\" width=\"1024\" height=\"540\" src=\"https:\/\/hand2noteguide.com\/wp-content\/uploads\/2026\/03\/\u0421\u043b\u043e\u0436\u043d\u044b\u0439-\u043f\u043e\u043f\u0430\u043f-1-1024x540.jpg\" alt=\"\" class=\"wp-image-15965\" srcset=\"https:\/\/hand2noteguide.com\/wp-content\/uploads\/2026\/03\/\u0421\u043b\u043e\u0436\u043d\u044b\u0439-\u043f\u043e\u043f\u0430\u043f-1-1024x540.jpg 1024w, https:\/\/hand2noteguide.com\/wp-content\/uploads\/2026\/03\/\u0421\u043b\u043e\u0436\u043d\u044b\u0439-\u043f\u043e\u043f\u0430\u043f-1-300x158.jpg 300w, https:\/\/hand2noteguide.com\/wp-content\/uploads\/2026\/03\/\u0421\u043b\u043e\u0436\u043d\u044b\u0439-\u043f\u043e\u043f\u0430\u043f-1-768x405.jpg 768w, https:\/\/hand2noteguide.com\/wp-content\/uploads\/2026\/03\/\u0421\u043b\u043e\u0436\u043d\u044b\u0439-\u043f\u043e\u043f\u0430\u043f-1-1536x811.jpg 1536w, https:\/\/hand2noteguide.com\/wp-content\/uploads\/2026\/03\/\u0421\u043b\u043e\u0436\u043d\u044b\u0439-\u043f\u043e\u043f\u0430\u043f-1-2048x1081.jpg 2048w, https:\/\/hand2noteguide.com\/wp-content\/uploads\/2026\/03\/\u0421\u043b\u043e\u0436\u043d\u044b\u0439-\u043f\u043e\u043f\u0430\u043f-1-772x407.jpg 772w\" sizes=\"auto, (max-width: 1024px) 100vw, 1024px\" \/><\/figure>\n\n\n\n<h3 class=\"wp-block-heading\">A\u00f1adir histogramas postflop<\/h3>\n\n\n\n<p>Empecemos a\u00f1adiendo histogramas postflop junto a las estad\u00edsticas que reflejan la frecuencia de continuation bet de un jugador.<\/p>\n\n\n\n<figure class=\"wp-block-image size-large\"><img loading=\"lazy\" decoding=\"async\" width=\"1024\" height=\"540\" src=\"https:\/\/hand2noteguide.com\/wp-content\/uploads\/2026\/03\/\u0421\u043b\u043e\u0436\u043d\u044b\u0439-\u043f\u043e\u043f\u0430\u043f-2-1024x540.jpg\" alt=\"\" class=\"wp-image-15967\" srcset=\"https:\/\/hand2noteguide.com\/wp-content\/uploads\/2026\/03\/\u0421\u043b\u043e\u0436\u043d\u044b\u0439-\u043f\u043e\u043f\u0430\u043f-2-1024x540.jpg 1024w, https:\/\/hand2noteguide.com\/wp-content\/uploads\/2026\/03\/\u0421\u043b\u043e\u0436\u043d\u044b\u0439-\u043f\u043e\u043f\u0430\u043f-2-300x158.jpg 300w, https:\/\/hand2noteguide.com\/wp-content\/uploads\/2026\/03\/\u0421\u043b\u043e\u0436\u043d\u044b\u0439-\u043f\u043e\u043f\u0430\u043f-2-768x405.jpg 768w, https:\/\/hand2noteguide.com\/wp-content\/uploads\/2026\/03\/\u0421\u043b\u043e\u0436\u043d\u044b\u0439-\u043f\u043e\u043f\u0430\u043f-2-1536x811.jpg 1536w, https:\/\/hand2noteguide.com\/wp-content\/uploads\/2026\/03\/\u0421\u043b\u043e\u0436\u043d\u044b\u0439-\u043f\u043e\u043f\u0430\u043f-2-2048x1081.jpg 2048w, https:\/\/hand2noteguide.com\/wp-content\/uploads\/2026\/03\/\u0421\u043b\u043e\u0436\u043d\u044b\u0439-\u043f\u043e\u043f\u0430\u043f-2-772x407.jpg 772w\" sizes=\"auto, (max-width: 1024px) 100vw, 1024px\" \/><\/figure>\n\n\n\n<p>Para a\u00f1adir un histograma, haz clic derecho en la celda deseada. Luego, en el men\u00fa que aparece, pasa el cursor por \u201cInsert\u201d y selecciona \u201cPostflop histogram\u201d en la lista desplegable.<\/p>\n\n\n\n<figure class=\"wp-block-image size-large\"><img loading=\"lazy\" decoding=\"async\" width=\"1024\" height=\"540\" src=\"https:\/\/hand2noteguide.com\/wp-content\/uploads\/2026\/03\/\u0421\u043b\u043e\u0436\u043d\u044b\u0439-\u043f\u043e\u043f\u0430\u043f-4-1024x540.jpg\" alt=\"\" class=\"wp-image-15971\" srcset=\"https:\/\/hand2noteguide.com\/wp-content\/uploads\/2026\/03\/\u0421\u043b\u043e\u0436\u043d\u044b\u0439-\u043f\u043e\u043f\u0430\u043f-4-1024x540.jpg 1024w, https:\/\/hand2noteguide.com\/wp-content\/uploads\/2026\/03\/\u0421\u043b\u043e\u0436\u043d\u044b\u0439-\u043f\u043e\u043f\u0430\u043f-4-300x158.jpg 300w, https:\/\/hand2noteguide.com\/wp-content\/uploads\/2026\/03\/\u0421\u043b\u043e\u0436\u043d\u044b\u0439-\u043f\u043e\u043f\u0430\u043f-4-768x405.jpg 768w, https:\/\/hand2noteguide.com\/wp-content\/uploads\/2026\/03\/\u0421\u043b\u043e\u0436\u043d\u044b\u0439-\u043f\u043e\u043f\u0430\u043f-4-1536x811.jpg 1536w, https:\/\/hand2noteguide.com\/wp-content\/uploads\/2026\/03\/\u0421\u043b\u043e\u0436\u043d\u044b\u0439-\u043f\u043e\u043f\u0430\u043f-4-2048x1081.jpg 2048w, https:\/\/hand2noteguide.com\/wp-content\/uploads\/2026\/03\/\u0421\u043b\u043e\u0436\u043d\u044b\u0439-\u043f\u043e\u043f\u0430\u043f-4-772x407.jpg 772w\" sizes=\"auto, (max-width: 1024px) 100vw, 1024px\" \/><\/figure>\n\n\n\n<p>Para extender el histograma postflop a lo largo del n\u00famero necesario de celdas, selecci\u00f3nalas, haz clic derecho y elige \u201cMerge\u201d. Regla importante: al fusionar, la celda que contiene el histograma siempre debe estar en la esquina superior izquierda del \u00e1rea seleccionada.<\/p>\n\n\n\n<p>Ahora debes asignar la estad\u00edstica que mostrar\u00e1 cada histograma.<\/p>\n\n\n\n<figure class=\"wp-block-image size-large\"><img loading=\"lazy\" decoding=\"async\" width=\"1024\" height=\"540\" src=\"https:\/\/hand2noteguide.com\/wp-content\/uploads\/2026\/03\/\u0421\u043b\u043e\u0436\u043d\u044b\u0439-\u043f\u043e\u043f\u0430\u043f-5-1024x540.jpg\" alt=\"\" class=\"wp-image-15973\" srcset=\"https:\/\/hand2noteguide.com\/wp-content\/uploads\/2026\/03\/\u0421\u043b\u043e\u0436\u043d\u044b\u0439-\u043f\u043e\u043f\u0430\u043f-5-1024x540.jpg 1024w, https:\/\/hand2noteguide.com\/wp-content\/uploads\/2026\/03\/\u0421\u043b\u043e\u0436\u043d\u044b\u0439-\u043f\u043e\u043f\u0430\u043f-5-300x158.jpg 300w, https:\/\/hand2noteguide.com\/wp-content\/uploads\/2026\/03\/\u0421\u043b\u043e\u0436\u043d\u044b\u0439-\u043f\u043e\u043f\u0430\u043f-5-768x405.jpg 768w, https:\/\/hand2noteguide.com\/wp-content\/uploads\/2026\/03\/\u0421\u043b\u043e\u0436\u043d\u044b\u0439-\u043f\u043e\u043f\u0430\u043f-5-1536x811.jpg 1536w, https:\/\/hand2noteguide.com\/wp-content\/uploads\/2026\/03\/\u0421\u043b\u043e\u0436\u043d\u044b\u0439-\u043f\u043e\u043f\u0430\u043f-5-2048x1081.jpg 2048w, https:\/\/hand2noteguide.com\/wp-content\/uploads\/2026\/03\/\u0421\u043b\u043e\u0436\u043d\u044b\u0439-\u043f\u043e\u043f\u0430\u043f-5-772x407.jpg 772w\" sizes=\"auto, (max-width: 1024px) 100vw, 1024px\" \/><\/figure>\n\n\n\n<p>Para a\u00f1adir una estad\u00edstica a un histograma, abre el men\u00fa de navegaci\u00f3n \u201cStats\u201d en el lado izquierdo de la ventana, encuentra la estad\u00edstica deseada y arr\u00e1strala directamente sobre el histograma.<\/p>\n\n\n\n<h3 class=\"wp-block-heading\">Crear pesta\u00f1as internas y a\u00f1adir diagramas preflop<\/h3>\n\n\n\n<p>Ahora veamos c\u00f3mo a\u00f1adir pesta\u00f1as internas y colocar diagramas preflop dentro de ellas para las estad\u00edsticas necesarias.<\/p>\n\n\n\n<p>Haz clic derecho en un \u00e1rea vac\u00eda del espacio de trabajo del popup y selecciona \u201cInner Tabs\u201d \u2014 esto a\u00f1adir\u00e1 un panel vac\u00edo con pesta\u00f1as internas.<\/p>\n\n\n\n<figure class=\"wp-block-image size-large\"><img loading=\"lazy\" decoding=\"async\" width=\"1024\" height=\"540\" src=\"https:\/\/hand2noteguide.com\/wp-content\/uploads\/2026\/03\/\u0421\u043b\u043e\u0436\u043d\u044b\u0439-\u043f\u043e\u043f\u0430\u043f-6-1024x540.jpg\" alt=\"\" class=\"wp-image-15980\" srcset=\"https:\/\/hand2noteguide.com\/wp-content\/uploads\/2026\/03\/\u0421\u043b\u043e\u0436\u043d\u044b\u0439-\u043f\u043e\u043f\u0430\u043f-6-1024x540.jpg 1024w, https:\/\/hand2noteguide.com\/wp-content\/uploads\/2026\/03\/\u0421\u043b\u043e\u0436\u043d\u044b\u0439-\u043f\u043e\u043f\u0430\u043f-6-300x158.jpg 300w, https:\/\/hand2noteguide.com\/wp-content\/uploads\/2026\/03\/\u0421\u043b\u043e\u0436\u043d\u044b\u0439-\u043f\u043e\u043f\u0430\u043f-6-768x405.jpg 768w, https:\/\/hand2noteguide.com\/wp-content\/uploads\/2026\/03\/\u0421\u043b\u043e\u0436\u043d\u044b\u0439-\u043f\u043e\u043f\u0430\u043f-6-1536x811.jpg 1536w, https:\/\/hand2noteguide.com\/wp-content\/uploads\/2026\/03\/\u0421\u043b\u043e\u0436\u043d\u044b\u0439-\u043f\u043e\u043f\u0430\u043f-6-2048x1081.jpg 2048w, https:\/\/hand2noteguide.com\/wp-content\/uploads\/2026\/03\/\u0421\u043b\u043e\u0436\u043d\u044b\u0439-\u043f\u043e\u043f\u0430\u043f-6-772x407.jpg 772w\" sizes=\"auto, (max-width: 1024px) 100vw, 1024px\" \/><\/figure>\n\n\n\n<p>A continuaci\u00f3n, ajusta la apariencia: para hacer las pesta\u00f1as m\u00e1s compactas, haz clic en el icono de engranaje en la esquina superior derecha y activa la opci\u00f3n \u201cSmaller Tabs\u201d. Luego crea el n\u00famero necesario de pesta\u00f1as y c\u00e1mbiales el nombre: haz clic en el nombre de la pesta\u00f1a, selecciona \u201cRename\u201d y asigna un nombre conveniente. Repite estos pasos para cada pesta\u00f1a, por ejemplo: \u201cRFI EP\u201d, \u201cRFI MP\u201d, \u201cRFI CO\u201d, \u201cRFI BTN\u201d, \u201cRFI SB\u201d.<\/p>\n\n\n\n<figure class=\"wp-block-image size-large\"><img loading=\"lazy\" decoding=\"async\" width=\"1024\" height=\"540\" src=\"https:\/\/hand2noteguide.com\/wp-content\/uploads\/2026\/03\/\u0421\u043b\u043e\u0436\u043d\u044b\u0439-\u043f\u043e\u043f\u0430\u043f-7-1024x540.jpg\" alt=\"\" class=\"wp-image-15981\" srcset=\"https:\/\/hand2noteguide.com\/wp-content\/uploads\/2026\/03\/\u0421\u043b\u043e\u0436\u043d\u044b\u0439-\u043f\u043e\u043f\u0430\u043f-7-1024x540.jpg 1024w, https:\/\/hand2noteguide.com\/wp-content\/uploads\/2026\/03\/\u0421\u043b\u043e\u0436\u043d\u044b\u0439-\u043f\u043e\u043f\u0430\u043f-7-300x158.jpg 300w, https:\/\/hand2noteguide.com\/wp-content\/uploads\/2026\/03\/\u0421\u043b\u043e\u0436\u043d\u044b\u0439-\u043f\u043e\u043f\u0430\u043f-7-768x405.jpg 768w, https:\/\/hand2noteguide.com\/wp-content\/uploads\/2026\/03\/\u0421\u043b\u043e\u0436\u043d\u044b\u0439-\u043f\u043e\u043f\u0430\u043f-7-1536x811.jpg 1536w, https:\/\/hand2noteguide.com\/wp-content\/uploads\/2026\/03\/\u0421\u043b\u043e\u0436\u043d\u044b\u0439-\u043f\u043e\u043f\u0430\u043f-7-2048x1081.jpg 2048w, https:\/\/hand2noteguide.com\/wp-content\/uploads\/2026\/03\/\u0421\u043b\u043e\u0436\u043d\u044b\u0439-\u043f\u043e\u043f\u0430\u043f-7-772x407.jpg 772w\" sizes=\"auto, (max-width: 1024px) 100vw, 1024px\" \/><\/figure>\n\n\n\n<p>Ahora necesitas a\u00f1adir un diagrama preflop a cada una de las pesta\u00f1as internas creadas. Para hacerlo, haz clic derecho en un espacio vac\u00edo dentro de la pesta\u00f1a deseada y selecciona \u201cPreflop Diagram\u201d.<\/p>\n\n\n\n<figure class=\"wp-block-image size-large\"><img loading=\"lazy\" decoding=\"async\" width=\"1024\" height=\"540\" src=\"https:\/\/hand2noteguide.com\/wp-content\/uploads\/2026\/03\/\u0421\u043b\u043e\u0436\u043d\u044b\u0439-\u043f\u043e\u043f\u0430\u043f-8-1024x540.jpg\" alt=\"\" class=\"wp-image-15983\" srcset=\"https:\/\/hand2noteguide.com\/wp-content\/uploads\/2026\/03\/\u0421\u043b\u043e\u0436\u043d\u044b\u0439-\u043f\u043e\u043f\u0430\u043f-8-1024x540.jpg 1024w, https:\/\/hand2noteguide.com\/wp-content\/uploads\/2026\/03\/\u0421\u043b\u043e\u0436\u043d\u044b\u0439-\u043f\u043e\u043f\u0430\u043f-8-300x158.jpg 300w, https:\/\/hand2noteguide.com\/wp-content\/uploads\/2026\/03\/\u0421\u043b\u043e\u0436\u043d\u044b\u0439-\u043f\u043e\u043f\u0430\u043f-8-768x405.jpg 768w, https:\/\/hand2noteguide.com\/wp-content\/uploads\/2026\/03\/\u0421\u043b\u043e\u0436\u043d\u044b\u0439-\u043f\u043e\u043f\u0430\u043f-8-1536x811.jpg 1536w, https:\/\/hand2noteguide.com\/wp-content\/uploads\/2026\/03\/\u0421\u043b\u043e\u0436\u043d\u044b\u0439-\u043f\u043e\u043f\u0430\u043f-8-2048x1081.jpg 2048w, https:\/\/hand2noteguide.com\/wp-content\/uploads\/2026\/03\/\u0421\u043b\u043e\u0436\u043d\u044b\u0439-\u043f\u043e\u043f\u0430\u043f-8-772x407.jpg 772w\" sizes=\"auto, (max-width: 1024px) 100vw, 1024px\" \/><\/figure>\n\n\n\n<p>A continuaci\u00f3n, debes asignar la estad\u00edstica que mostrar\u00e1 cada diagrama.<\/p>\n\n\n\n<figure class=\"wp-block-image size-large\"><img loading=\"lazy\" decoding=\"async\" width=\"1024\" height=\"540\" src=\"https:\/\/hand2noteguide.com\/wp-content\/uploads\/2026\/03\/\u0421\u043b\u043e\u0436\u043d\u044b\u0439-\u043f\u043e\u043f\u0430\u043f-9-1024x540.jpg\" alt=\"\" class=\"wp-image-15984\" srcset=\"https:\/\/hand2noteguide.com\/wp-content\/uploads\/2026\/03\/\u0421\u043b\u043e\u0436\u043d\u044b\u0439-\u043f\u043e\u043f\u0430\u043f-9-1024x540.jpg 1024w, https:\/\/hand2noteguide.com\/wp-content\/uploads\/2026\/03\/\u0421\u043b\u043e\u0436\u043d\u044b\u0439-\u043f\u043e\u043f\u0430\u043f-9-300x158.jpg 300w, https:\/\/hand2noteguide.com\/wp-content\/uploads\/2026\/03\/\u0421\u043b\u043e\u0436\u043d\u044b\u0439-\u043f\u043e\u043f\u0430\u043f-9-768x405.jpg 768w, https:\/\/hand2noteguide.com\/wp-content\/uploads\/2026\/03\/\u0421\u043b\u043e\u0436\u043d\u044b\u0439-\u043f\u043e\u043f\u0430\u043f-9-1536x811.jpg 1536w, https:\/\/hand2noteguide.com\/wp-content\/uploads\/2026\/03\/\u0421\u043b\u043e\u0436\u043d\u044b\u0439-\u043f\u043e\u043f\u0430\u043f-9-2048x1081.jpg 2048w, https:\/\/hand2noteguide.com\/wp-content\/uploads\/2026\/03\/\u0421\u043b\u043e\u0436\u043d\u044b\u0439-\u043f\u043e\u043f\u0430\u043f-9-772x407.jpg 772w\" sizes=\"auto, (max-width: 1024px) 100vw, 1024px\" \/><\/figure>\n\n\n\n<p>Para a\u00f1adir una estad\u00edstica a un diagrama, abre el men\u00fa de navegaci\u00f3n \u201cStats\u201d en el lado izquierdo de la ventana, encuentra la estad\u00edstica deseada y arr\u00e1strala directamente sobre el diagrama.<\/p>\n\n\n\n<p>De la misma manera, crea pesta\u00f1as y a\u00f1ade diagramas preflop para cada estad\u00edstica que quieras mostrar. Despu\u00e9s de esto, la creaci\u00f3n de un popup complejo y profesional puede considerarse completa.<\/p>\n\n\n\n<h2 class=\"wp-block-heading\">Conclusi\u00f3n<\/h2>\n\n\n\n<p>En resumen, crear un popup complejo es un proceso compuesto por varios pasos l\u00f3gicos que ahora ya dominas.<\/p>\n\n\n\n<p>Primero, la interfaz se mejor\u00f3 con histogramas visuales postflop que muestran las frecuencias de continuation bet, y luego se organiz\u00f3 un sistema de pesta\u00f1as internas. Gracias a estas pesta\u00f1as, se pueden mostrar m\u00faltiples diagramas preflop a la vez y de forma estructurada. El resultado es una herramienta compacta pero potente: en lugar de n\u00fameros dispersos, ahora tienes representaciones visuales de rangos y acciones agresivas clave, lo que hace que el an\u00e1lisis sea m\u00e1s r\u00e1pido y preciso.<\/p>\n","protected":false},"excerpt":{"rendered":"<p>La vez anterior completamos la etapa de \u201cfamiliarizaci\u00f3n\u201d: aprendimos a navegar por la interfaz del editor de popups y creamos un popup sencillo. Hoy el objetivo es m\u00e1s ambicioso: crear una herramienta compleja y multinivel. Veremos c\u00f3mo a\u00f1adir pesta\u00f1as a un popup, integrar histogramas de fuerza de mano postflop, usar diagramas preflop y configurar estad\u00edsticas &hellip; <a href=\"https:\/\/hand2noteguide.com\/es\/user-manual\/hand2note_popup_editor_creating_a_professional_popup\/\" class=\"more-link\">Continue reading <span class=\"screen-reader-text\">Hand2Note Popup Editor: crear un popup profesional<\/span><\/a><\/p>\n","protected":false},"author":3,"featured_media":15927,"parent":9199,"menu_order":0,"comment_status":"closed","ping_status":"closed","template":"","meta":{"footnotes":""},"class_list":["post-15922","page","type-page","status-publish","has-post-thumbnail","hentry"],"translation":{"provider":"WPGlobus","version":"3.0.2","language":"es","enabled_languages":["en","ru","pt","zh","es","fr","de","it","ja"],"languages":{"en":{"title":true,"content":true,"excerpt":false},"ru":{"title":true,"content":true,"excerpt":false},"pt":{"title":true,"content":true,"excerpt":false},"zh":{"title":true,"content":true,"excerpt":false},"es":{"title":true,"content":true,"excerpt":false},"fr":{"title":true,"content":true,"excerpt":false},"de":{"title":true,"content":true,"excerpt":false},"it":{"title":true,"content":true,"excerpt":false},"ja":{"title":true,"content":true,"excerpt":false}}},"yoast_head":"<!-- This site is optimized with the Yoast SEO plugin v27.0 - https:\/\/yoast.com\/product\/yoast-seo-wordpress\/ -->\n<title>Crear un popup pro en Hand2Note<\/title>\n<meta name=\"description\" content=\"Aprende a crear un popup pro en Hand2Note: pesta\u00f1as, histogramas, diagramas preflop y stats para un an\u00e1lisis de poker eficaz\" \/>\n<meta name=\"robots\" content=\"index, follow, max-snippet:-1, max-image-preview:large, max-video-preview:-1\" \/>\n<link rel=\"canonical\" href=\"https:\/\/hand2noteguide.com\/user-manual\/hand2note_popup_editor_creating_a_professional_popup\/\" \/>\n<meta property=\"og:locale\" content=\"es_ES\" \/>\n<meta property=\"og:type\" content=\"article\" \/>\n<meta property=\"og:title\" content=\"Crear un popup pro en Hand2Note\" \/>\n<meta property=\"og:description\" content=\"Aprende a crear un popup pro en Hand2Note: pesta\u00f1as, histogramas, diagramas preflop y stats para un an\u00e1lisis de poker eficaz\" \/>\n<meta property=\"og:url\" content=\"https:\/\/hand2noteguide.com\/user-manual\/hand2note_popup_editor_creating_a_professional_popup\/\" \/>\n<meta property=\"og:site_name\" content=\"Hand2Note Guide\" \/>\n<meta property=\"article:modified_time\" content=\"2026-03-28T10:12:22+00:00\" \/>\n<meta property=\"og:image\" content=\"https:\/\/hand2noteguide.com\/wp-content\/uploads\/2026\/03\/\u0413\u043b\u0430\u0432\u043d\u0430\u044f-\u0441\u043b\u043e\u0436\u043d\u044b\u0435-\u043f\u043e\u043f\u0430\u043f\u044b-1-1024x540.png\" \/>\n\t<meta property=\"og:image:width\" content=\"1024\" \/>\n\t<meta property=\"og:image:height\" content=\"540\" \/>\n\t<meta property=\"og:image:type\" content=\"image\/png\" \/>\n<meta name=\"twitter:card\" content=\"summary_large_image\" \/>\n<meta name=\"twitter:label1\" content=\"Est. reading time\" \/>\n\t<meta name=\"twitter:data1\" content=\"5 minutes\" \/>\n<!-- \/ Yoast SEO plugin. -->","yoast_head_json":{"title":"Crear un popup pro en Hand2Note","description":"Aprende a crear un popup pro en Hand2Note: pesta\u00f1as, histogramas, diagramas preflop y stats para un an\u00e1lisis de poker eficaz","robots":{"index":"index","follow":"follow","max-snippet":"max-snippet:-1","max-image-preview":"max-image-preview:large","max-video-preview":"max-video-preview:-1"},"canonical":"https:\/\/hand2noteguide.com\/user-manual\/hand2note_popup_editor_creating_a_professional_popup\/","og_locale":"es_ES","og_type":"article","og_title":"Crear un popup pro en Hand2Note","og_description":"Aprende a crear un popup pro en Hand2Note: pesta\u00f1as, histogramas, diagramas preflop y stats para un an\u00e1lisis de poker eficaz","og_url":"https:\/\/hand2noteguide.com\/user-manual\/hand2note_popup_editor_creating_a_professional_popup\/","og_site_name":"Hand2Note Guide","article_modified_time":"2026-03-28T10:12:22+00:00","og_image":[{"width":1024,"height":540,"url":"https:\/\/hand2noteguide.com\/wp-content\/uploads\/2026\/03\/\u0413\u043b\u0430\u0432\u043d\u0430\u044f-\u0441\u043b\u043e\u0436\u043d\u044b\u0435-\u043f\u043e\u043f\u0430\u043f\u044b-1-1024x540.png","type":"image\/png"}],"twitter_card":"summary_large_image","twitter_misc":{"Est. reading time":"5 minutes"},"schema":{"@context":"https:\/\/schema.org","@graph":[]}},"jetpack_sharing_enabled":true,"_links":{"self":[{"href":"https:\/\/hand2noteguide.com\/es\/wp-json\/wp\/v2\/pages\/15922","targetHints":{"allow":["GET"]}}],"collection":[{"href":"https:\/\/hand2noteguide.com\/es\/wp-json\/wp\/v2\/pages"}],"about":[{"href":"https:\/\/hand2noteguide.com\/es\/wp-json\/wp\/v2\/types\/page"}],"author":[{"embeddable":true,"href":"https:\/\/hand2noteguide.com\/es\/wp-json\/wp\/v2\/users\/3"}],"replies":[{"embeddable":true,"href":"https:\/\/hand2noteguide.com\/es\/wp-json\/wp\/v2\/comments?post=15922"}],"version-history":[{"count":41,"href":"https:\/\/hand2noteguide.com\/es\/wp-json\/wp\/v2\/pages\/15922\/revisions"}],"predecessor-version":[{"id":16008,"href":"https:\/\/hand2noteguide.com\/es\/wp-json\/wp\/v2\/pages\/15922\/revisions\/16008"}],"up":[{"embeddable":true,"href":"https:\/\/hand2noteguide.com\/es\/wp-json\/wp\/v2\/pages\/9199"}],"wp:featuredmedia":[{"embeddable":true,"href":"https:\/\/hand2noteguide.com\/es\/wp-json\/wp\/v2\/media\/15927"}],"wp:attachment":[{"href":"https:\/\/hand2noteguide.com\/es\/wp-json\/wp\/v2\/media?parent=15922"}],"curies":[{"name":"wp","href":"https:\/\/api.w.org\/{rel}","templated":true}]}}