{"id":15941,"date":"2026-03-19T11:27:39","date_gmt":"2026-03-19T08:27:39","guid":{"rendered":"https:\/\/hand2noteguide.com\/?page_id=15941"},"modified":"2026-03-19T15:21:39","modified_gmt":"2026-03-19T12:21:39","slug":"hand2note-pro-pricing-reduced-in-2026","status":"publish","type":"page","link":"https:\/\/hand2noteguide.com\/es\/user-manual\/hand2note-pro-pricing-reduced-in-2026\/","title":{"rendered":"Precios de Hand2Note Pro reducidos en 2026"},"content":{"rendered":"\n\n<p>El equipo de Hand2Note actualiz\u00f3 los precios de Pro para hacer la suscripci\u00f3n m\u00e1s accesible para la comunidad de poker. Si estabas esperando un mejor momento para actualizar, ahora es una gran oportunidad.<\/p>\n\n\n\n<p>El <a href=\"https:\/\/hand2noteguide.com\/es\/promo\/\">c\u00f3digo promocional GUIDE10<\/a> sigue funcionando con los nuevos precios, ofreciendo un 10% de descuento adicional, adem\u00e1s de configuraci\u00f3n profesional de HUD y curso en video.<\/p>\n\n\n\n<figure class=\"wp-block-image size-large\"><img decoding=\"async\" src=\"https:\/\/hand2noteguide.com\/wp-content\/uploads\/2026\/03\/hand2note-discord-pro-pricing-drop.png\" alt=\"Anuncio de la bajada de precio Pro en el Discord de Hand2Note\" \/><figcaption>Fuente: <a href=\"https:\/\/discord.gg\/hand2note\">canal oficial de Discord de Hand2Note<\/a>.<\/figcaption><\/figure>\n\n\n\n<h2 class=\"wp-block-heading\">Precios antiguos vs nuevos de Hand2Note Pro<\/h2>\n\n\n\n<figure class=\"wp-block-table\"><table><thead><tr><th>Plan<\/th><th>Opci\u00f3n de pago<\/th><th>Precio antiguo<\/th><th>Precio nuevo<\/th><th>Precio nuevo con GUIDE10<\/th><\/tr><\/thead><tbody><tr><td>Pro<\/td><td>Mensual (1 mes)<\/td><td>$61.25 \/ mes<\/td><td>$49.00 \/ mes<\/td><td>$44.10 \/ mes<\/td><\/tr><tr><td>Pro<\/td><td>Anual (12 meses)<\/td><td>$49.00 \/ mes ($588.00 total)<\/td><td>$39.00 \/ mes ($468.00 total)<\/td><td>$35.10 \/ mes ($421.20 total)<\/td><\/tr><\/tbody><\/table><\/figure>\n\n\n\n<h2 class=\"wp-block-heading\">Por qu\u00e9 esta actualizaci\u00f3n importa<\/h2>\n\n\n\n<p>Hand2Note 4 est\u00e1 evolucionando activamente ahora mismo. Los desarrolladores mantienen contacto cercano con los usuarios, recogen comentarios de forma continua y los convierten en prioridades de producto.<\/p>\n\n\n\n<p>En 2025-2026, Hand2Note recibi\u00f3 muchas mejoras importantes y nuevas funciones. Lee nuestra rese\u00f1a detallada aqu\u00ed: <a href=\"https:\/\/hand2noteguide.com\/es\/user-manual\/how_hand2note_has_changed_major_recent_updates\/\">C\u00f3mo ha cambiado Hand2Note: principales actualizaciones recientes<\/a>.<\/p>\n\n\n\n<p>Ahora mismo, Hand2Note 4 est\u00e1 en una forma excelente. Si a\u00fan no has usado la versi\u00f3n de pago o sigues con Hand2Note 3, este es un gran momento para pasarte al nuevo software.<\/p>\n\n\n\n<p>Para empezar r\u00e1pido, usa esta gu\u00eda: <a href=\"https:\/\/hand2noteguide.com\/es\/hand2note-4-getting-started\/\">Gu\u00eda de inicio con Hand2Note 4<\/a>.<\/p>\n\n\n\n<p>Y para sacar el m\u00e1ximo partido de tu suscripci\u00f3n Pro, explora nuestro <a href=\"https:\/\/hand2noteguide.com\/es\/user-manual\/\">hub completo de gu\u00edas de Hand2Note 4<\/a>.<\/p>\n","protected":false},"excerpt":{"rendered":"<p>El equipo de Hand2Note actualiz\u00f3 los precios de Pro para hacer la suscripci\u00f3n m\u00e1s accesible para la comunidad de poker. Si estabas esperando un mejor momento para actualizar, ahora es una gran oportunidad. El c\u00f3digo promocional GUIDE10 sigue funcionando con los nuevos precios, ofreciendo un 10% de descuento adicional, adem\u00e1s de configuraci\u00f3n profesional de HUD &hellip; <a href=\"https:\/\/hand2noteguide.com\/es\/user-manual\/hand2note-pro-pricing-reduced-in-2026\/\" class=\"more-link\">Continue reading <span class=\"screen-reader-text\">Precios de Hand2Note Pro reducidos en 2026<\/span><\/a><\/p>\n","protected":false},"author":1,"featured_media":15957,"parent":9199,"menu_order":0,"comment_status":"closed","ping_status":"closed","template":"","meta":{"footnotes":""},"class_list":["post-15941","page","type-page","status-publish","has-post-thumbnail","hentry"],"translation":{"provider":"WPGlobus","version":"3.0.2","language":"es","enabled_languages":["en","ru","pt","zh","es","fr","de","it","ja"],"languages":{"en":{"title":true,"content":true,"excerpt":false},"ru":{"title":true,"content":true,"excerpt":false},"pt":{"title":true,"content":true,"excerpt":false},"zh":{"title":true,"content":true,"excerpt":false},"es":{"title":true,"content":true,"excerpt":false},"fr":{"title":true,"content":true,"excerpt":false},"de":{"title":true,"content":true,"excerpt":false},"it":{"title":true,"content":true,"excerpt":false},"ja":{"title":true,"content":true,"excerpt":false}}},"yoast_head":"<!-- This site is optimized with the Yoast SEO plugin v27.0 - https:\/\/yoast.com\/product\/yoast-seo-wordpress\/ -->\n<title>Precios de Hand2Note Pro bajan en 2026<\/title>\n<meta name=\"description\" content=\"Hand2Note Pro baja de precio en 2026. Mira las nuevas tarifas, compara planes y consigue 10% extra de descuento con el c\u00f3digo GUIDE10.\" \/>\n<meta name=\"robots\" content=\"index, follow, max-snippet:-1, max-image-preview:large, max-video-preview:-1\" \/>\n<link rel=\"canonical\" href=\"https:\/\/hand2noteguide.com\/user-manual\/hand2note-pro-pricing-reduced-in-2026\/\" \/>\n<meta property=\"og:locale\" content=\"es_ES\" \/>\n<meta property=\"og:type\" content=\"article\" \/>\n<meta property=\"og:title\" content=\"Precios de Hand2Note Pro bajan en 2026\" \/>\n<meta property=\"og:description\" content=\"Hand2Note Pro baja de precio en 2026. Mira las nuevas tarifas, compara planes y consigue 10% extra de descuento con el c\u00f3digo GUIDE10.\" \/>\n<meta property=\"og:url\" content=\"https:\/\/hand2noteguide.com\/user-manual\/hand2note-pro-pricing-reduced-in-2026\/\" \/>\n<meta property=\"og:site_name\" content=\"Hand2Note Guide\" \/>\n<meta property=\"article:modified_time\" content=\"2026-03-19T12:21:39+00:00\" \/>\n<meta property=\"og:image\" content=\"https:\/\/hand2noteguide.com\/wp-content\/uploads\/2026\/03\/price-reduced-scaled.webp\" \/>\n\t<meta property=\"og:image:width\" content=\"2560\" \/>\n\t<meta property=\"og:image:height\" content=\"1351\" \/>\n\t<meta property=\"og:image:type\" content=\"image\/webp\" \/>\n<meta name=\"twitter:card\" content=\"summary_large_image\" \/>\n<meta name=\"twitter:label1\" content=\"Est. reading time\" \/>\n\t<meta name=\"twitter:data1\" content=\"2 minutes\" \/>\n<!-- \/ Yoast SEO plugin. -->","yoast_head_json":{"title":"Precios de Hand2Note Pro bajan en 2026","description":"Hand2Note Pro baja de precio en 2026. Mira las nuevas tarifas, compara planes y consigue 10% extra de descuento con el c\u00f3digo GUIDE10.","robots":{"index":"index","follow":"follow","max-snippet":"max-snippet:-1","max-image-preview":"max-image-preview:large","max-video-preview":"max-video-preview:-1"},"canonical":"https:\/\/hand2noteguide.com\/user-manual\/hand2note-pro-pricing-reduced-in-2026\/","og_locale":"es_ES","og_type":"article","og_title":"Precios de Hand2Note Pro bajan en 2026","og_description":"Hand2Note Pro baja de precio en 2026. Mira las nuevas tarifas, compara planes y consigue 10% extra de descuento con el c\u00f3digo GUIDE10.","og_url":"https:\/\/hand2noteguide.com\/user-manual\/hand2note-pro-pricing-reduced-in-2026\/","og_site_name":"Hand2Note Guide","article_modified_time":"2026-03-19T12:21:39+00:00","og_image":[{"width":2560,"height":1351,"url":"https:\/\/hand2noteguide.com\/wp-content\/uploads\/2026\/03\/price-reduced-scaled.webp","type":"image\/webp"}],"twitter_card":"summary_large_image","twitter_misc":{"Est. reading time":"2 minutes"},"schema":{"@context":"https:\/\/schema.org","@graph":[]}},"jetpack_sharing_enabled":true,"_links":{"self":[{"href":"https:\/\/hand2noteguide.com\/es\/wp-json\/wp\/v2\/pages\/15941","targetHints":{"allow":["GET"]}}],"collection":[{"href":"https:\/\/hand2noteguide.com\/es\/wp-json\/wp\/v2\/pages"}],"about":[{"href":"https:\/\/hand2noteguide.com\/es\/wp-json\/wp\/v2\/types\/page"}],"author":[{"embeddable":true,"href":"https:\/\/hand2noteguide.com\/es\/wp-json\/wp\/v2\/users\/1"}],"replies":[{"embeddable":true,"href":"https:\/\/hand2noteguide.com\/es\/wp-json\/wp\/v2\/comments?post=15941"}],"version-history":[{"count":14,"href":"https:\/\/hand2noteguide.com\/es\/wp-json\/wp\/v2\/pages\/15941\/revisions"}],"predecessor-version":[{"id":15956,"href":"https:\/\/hand2noteguide.com\/es\/wp-json\/wp\/v2\/pages\/15941\/revisions\/15956"}],"up":[{"embeddable":true,"href":"https:\/\/hand2noteguide.com\/es\/wp-json\/wp\/v2\/pages\/9199"}],"wp:featuredmedia":[{"embeddable":true,"href":"https:\/\/hand2noteguide.com\/es\/wp-json\/wp\/v2\/media\/15957"}],"wp:attachment":[{"href":"https:\/\/hand2noteguide.com\/es\/wp-json\/wp\/v2\/media?parent=15941"}],"curies":[{"name":"wp","href":"https:\/\/api.w.org\/{rel}","templated":true}]}}