{"id":160,"date":"2018-08-01T13:30:54","date_gmt":"2018-08-01T10:30:54","guid":{"rendered":"https:\/\/h2n312.wordpress.com\/?page_id=160"},"modified":"2025-06-04T19:12:31","modified_gmt":"2025-06-04T16:12:31","slug":"move-database-to-another-pc","status":"publish","type":"page","link":"https:\/\/hand2noteguide.com\/es\/guide\/database\/move-database-to-another-pc\/","title":{"rendered":"C\u00f3mo mover la base de datos a otro PC"},"content":{"rendered":"\n<p>Por defecto, Hand2Note almacena la base de datos en la carpeta <em>C:\/Users\/TuNombreDeUsuario\/AppData\/Roaming\/Hand2Note\/h2ndb<\/em>. Para mover la base de datos a otro PC, simplemente copia el contenido de esta carpeta y transfi\u00e9relo a un directorio similar en otro dispositivo.<\/p>\n\n\n\n<figure class=\"wp-block-image\"><img loading=\"lazy\" decoding=\"async\" width=\"1003\" height=\"692\" src=\"https:\/\/hand2noteguide.com\/wp-content\/uploads\/2019\/07\/hand2note-database-folder.png\" alt=\"hand2note database folder\" class=\"wp-image-1462\" srcset=\"https:\/\/hand2noteguide.com\/wp-content\/uploads\/2019\/07\/hand2note-database-folder.png 1003w, https:\/\/hand2noteguide.com\/wp-content\/uploads\/2019\/07\/hand2note-database-folder-300x207.png 300w, https:\/\/hand2noteguide.com\/wp-content\/uploads\/2019\/07\/hand2note-database-folder-768x530.png 768w, https:\/\/hand2noteguide.com\/wp-content\/uploads\/2019\/07\/hand2note-database-folder-772x533.png 772w, https:\/\/hand2noteguide.com\/wp-content\/uploads\/2019\/07\/hand2note-database-folder-624x431.png 624w\" sizes=\"auto, (max-width: 1003px) 100vw, 1003px\" \/><figcaption>Carpeta de base de datos de Hand2Note<\/figcaption><\/figure>\n\n\n\n<p><em>AppData<\/em> es una carpeta oculta, para acceder a ella, debes ingresar la ruta manualmente o configurar la visualizaci\u00f3n de archivos y carpetas ocultos (<a href=\"https:\/\/www.quora.com\/How-do-you-find-appdata-on-Windows-10\" target=\"_blank\" rel=\"noreferrer noopener\">\u00bfc\u00f3mo?<\/a>).<\/p>\n\n\n\n<p>Tambi\u00e9n ten en cuenta que puedes <a href=\"https:\/\/hand2noteguide.com\/es\/guide\/export-hands\/\">exportar las manos necesarias<\/a> desde el programa o tomarlas de las <a href=\"https:\/\/hand2noteguide.com\/es\/guide\/hands-archive\/\">carpetas de archivo<\/a>.<\/p>\n","protected":false},"excerpt":{"rendered":"<p>Por defecto, Hand2Note almacena la base de datos en la carpeta C:\/Users\/TuNombreDeUsuario\/AppData\/Roaming\/Hand2Note\/h2ndb. Para mover la base de datos a otro PC, simplemente copia el contenido de esta carpeta y transfi\u00e9relo a un directorio similar en otro dispositivo. AppData es una carpeta oculta, para acceder a ella, debes ingresar la ruta manualmente o configurar la visualizaci\u00f3n &hellip; <a href=\"https:\/\/hand2noteguide.com\/es\/guide\/database\/move-database-to-another-pc\/\" class=\"more-link\">Continue reading <span class=\"screen-reader-text\">C\u00f3mo mover la base de datos a otro PC<\/span><\/a><\/p>\n","protected":false},"author":1,"featured_media":0,"parent":221,"menu_order":0,"comment_status":"closed","ping_status":"closed","template":"page-templates\/full-width-page.php","meta":{"footnotes":""},"class_list":["post-160","page","type-page","status-publish","hentry"],"translation":{"provider":"WPGlobus","version":"3.0.2","language":"es","enabled_languages":["en","ru","pt","zh","es","fr","de","it","ja"],"languages":{"en":{"title":true,"content":true,"excerpt":false},"ru":{"title":true,"content":true,"excerpt":false},"pt":{"title":true,"content":true,"excerpt":false},"zh":{"title":true,"content":true,"excerpt":false},"es":{"title":true,"content":true,"excerpt":false},"fr":{"title":true,"content":true,"excerpt":false},"de":{"title":true,"content":true,"excerpt":false},"it":{"title":true,"content":true,"excerpt":false},"ja":{"title":true,"content":true,"excerpt":false}}},"yoast_head":"<!-- This site is optimized with the Yoast SEO plugin v27.0 - https:\/\/yoast.com\/product\/yoast-seo-wordpress\/ -->\n<title>C\u00f3mo transferir f\u00e1cilmente tu base de datos de Hand2Note a otro PC<\/title>\n<meta name=\"description\" content=\"Aprende c\u00f3mo transferir tu base de datos de Hand2Note a otro PC sin esfuerzo. Sigue nuestra gu\u00eda paso a paso para asegurar una transici\u00f3n fluida de tus datos.\" \/>\n<meta name=\"robots\" content=\"index, follow, max-snippet:-1, max-image-preview:large, max-video-preview:-1\" \/>\n<link rel=\"canonical\" href=\"https:\/\/hand2noteguide.com\/guide\/database\/move-database-to-another-pc\/\" \/>\n<meta property=\"og:locale\" content=\"es_ES\" \/>\n<meta property=\"og:type\" content=\"article\" \/>\n<meta property=\"og:title\" content=\"C\u00f3mo transferir f\u00e1cilmente tu base de datos de Hand2Note a otro PC\" \/>\n<meta property=\"og:description\" content=\"Aprende c\u00f3mo transferir tu base de datos de Hand2Note a otro PC sin esfuerzo. Sigue nuestra gu\u00eda paso a paso para asegurar una transici\u00f3n fluida de tus datos.\" \/>\n<meta property=\"og:url\" content=\"https:\/\/hand2noteguide.com\/guide\/database\/move-database-to-another-pc\/\" \/>\n<meta property=\"og:site_name\" content=\"Hand2Note Guide\" \/>\n<meta property=\"article:modified_time\" content=\"2025-06-04T16:12:31+00:00\" \/>\n<meta property=\"og:image\" content=\"https:\/\/hand2noteguide.com\/wp-content\/uploads\/2019\/07\/hand2note-database-folder-ru.png\" \/>\n<meta name=\"twitter:card\" content=\"summary_large_image\" \/>\n<meta name=\"twitter:label1\" content=\"Est. reading time\" \/>\n\t<meta name=\"twitter:data1\" content=\"3 minutes\" \/>\n<!-- \/ Yoast SEO plugin. -->","yoast_head_json":{"title":"C\u00f3mo transferir f\u00e1cilmente tu base de datos de Hand2Note a otro PC","description":"Aprende c\u00f3mo transferir tu base de datos de Hand2Note a otro PC sin esfuerzo. Sigue nuestra gu\u00eda paso a paso para asegurar una transici\u00f3n fluida de tus datos.","robots":{"index":"index","follow":"follow","max-snippet":"max-snippet:-1","max-image-preview":"max-image-preview:large","max-video-preview":"max-video-preview:-1"},"canonical":"https:\/\/hand2noteguide.com\/guide\/database\/move-database-to-another-pc\/","og_locale":"es_ES","og_type":"article","og_title":"C\u00f3mo transferir f\u00e1cilmente tu base de datos de Hand2Note a otro PC","og_description":"Aprende c\u00f3mo transferir tu base de datos de Hand2Note a otro PC sin esfuerzo. Sigue nuestra gu\u00eda paso a paso para asegurar una transici\u00f3n fluida de tus datos.","og_url":"https:\/\/hand2noteguide.com\/guide\/database\/move-database-to-another-pc\/","og_site_name":"Hand2Note Guide","article_modified_time":"2025-06-04T16:12:31+00:00","og_image":[{"url":"https:\/\/hand2noteguide.com\/wp-content\/uploads\/2019\/07\/hand2note-database-folder-ru.png","type":"","width":"","height":""}],"twitter_card":"summary_large_image","twitter_misc":{"Est. reading time":"3 minutes"},"schema":{"@context":"https:\/\/schema.org","@graph":[]}},"jetpack_sharing_enabled":false,"_links":{"self":[{"href":"https:\/\/hand2noteguide.com\/es\/wp-json\/wp\/v2\/pages\/160","targetHints":{"allow":["GET"]}}],"collection":[{"href":"https:\/\/hand2noteguide.com\/es\/wp-json\/wp\/v2\/pages"}],"about":[{"href":"https:\/\/hand2noteguide.com\/es\/wp-json\/wp\/v2\/types\/page"}],"author":[{"embeddable":true,"href":"https:\/\/hand2noteguide.com\/es\/wp-json\/wp\/v2\/users\/1"}],"replies":[{"embeddable":true,"href":"https:\/\/hand2noteguide.com\/es\/wp-json\/wp\/v2\/comments?post=160"}],"version-history":[{"count":22,"href":"https:\/\/hand2noteguide.com\/es\/wp-json\/wp\/v2\/pages\/160\/revisions"}],"predecessor-version":[{"id":13551,"href":"https:\/\/hand2noteguide.com\/es\/wp-json\/wp\/v2\/pages\/160\/revisions\/13551"}],"up":[{"embeddable":true,"href":"https:\/\/hand2noteguide.com\/es\/wp-json\/wp\/v2\/pages\/221"}],"wp:attachment":[{"href":"https:\/\/hand2noteguide.com\/es\/wp-json\/wp\/v2\/media?parent=160"}],"curies":[{"name":"wp","href":"https:\/\/api.w.org\/{rel}","templated":true}]}}