{"id":1629,"date":"2019-07-18T11:51:02","date_gmt":"2019-07-18T08:51:02","guid":{"rendered":"http:\/\/hand2noteguide.com\/?page_id=1629"},"modified":"2025-06-04T17:41:18","modified_gmt":"2025-06-04T14:41:18","slug":"asia-loss-of-hands","status":"publish","type":"page","link":"https:\/\/hand2noteguide.com\/es\/issues-resolving\/asia-loss-of-hands\/","title":{"rendered":"P\u00e9rdida de manos en salas asi\u00e1ticas"},"content":{"rendered":"\n<p>Ocasionalmente, Hand2Note puede perder algunas manos mientras se juega en <a href=\"https:\/\/hand2noteguide.com\/es\/asian\/\">salas asi\u00e1ticas<\/a> debido a la especificidad del proceso de recopilaci\u00f3n de manos de estas aplicaciones. Las salas asi\u00e1ticas no guardan ning\u00fan historial de manos, Hand2Note captura todas las manos directamente del tr\u00e1fico. La m\u00e1s m\u00ednima falla en la red puede llevar a la p\u00e9rdida de paquetes y, como resultado, a la p\u00e9rdida de manos.<\/p>\n\n\n\n<p>El equipo de Hand2Note est\u00e1 trabajando arduamente para mejorar la estabilidad, y las p\u00e9rdidas no superan el 1-2% del n\u00famero total de manos. Las p\u00e9rdidas ocurren en puntos aleatorios en el tiempo, por lo que pr\u00e1cticamente no afecta el resultado general y, lo m\u00e1s importante, el valor de las estad\u00edsticas a largo plazo.<\/p>\n\n\n\n<p>Algunas cosas que puedes hacer para reducir la probabilidad de p\u00e9rdidas:<\/p>\n\n\n\n<ol class=\"wp-block-list\"><li>Usar una conexi\u00f3n a internet estable<\/li><li><a href=\"https:\/\/hand2noteguide.com\/es\/guide\/hand2note-version\/\">Mantener<\/a> Hand2Note actualizado<\/li><li>Agregar Hand2Note a la lista de excepciones de tu antivirus<\/li><li>Siempre ejecutar Hand2Note y el emulador como administrador<\/li><\/ol>\n\n\n\n<p>Si notas que Hand2Note pierde muchas m\u00e1s manos de lo habitual, por favor contacta al <a href=\"https:\/\/hand2noteguide.com\/es\/hand2note-official-support\/\">servicio de atenci\u00f3n al cliente<\/a>.<\/p>\n","protected":false},"excerpt":{"rendered":"<p>Ocasionalmente, Hand2Note puede perder algunas manos mientras se juega en salas asi\u00e1ticas debido a la especificidad del proceso de recopilaci\u00f3n de manos de estas aplicaciones. Las salas asi\u00e1ticas no guardan ning\u00fan historial de manos, Hand2Note captura todas las manos directamente del tr\u00e1fico. La m\u00e1s m\u00ednima falla en la red puede llevar a la p\u00e9rdida de &hellip; <a href=\"https:\/\/hand2noteguide.com\/es\/issues-resolving\/asia-loss-of-hands\/\" class=\"more-link\">Continue reading <span class=\"screen-reader-text\">P\u00e9rdida de manos en salas asi\u00e1ticas<\/span><\/a><\/p>\n","protected":false},"author":1,"featured_media":0,"parent":236,"menu_order":0,"comment_status":"closed","ping_status":"closed","template":"page-templates\/full-width-page.php","meta":{"footnotes":""},"class_list":["post-1629","page","type-page","status-publish","hentry"],"translation":{"provider":"WPGlobus","version":"3.0.2","language":"es","enabled_languages":["en","ru","pt","zh","es","fr","de","it","ja"],"languages":{"en":{"title":true,"content":true,"excerpt":false},"ru":{"title":true,"content":true,"excerpt":false},"pt":{"title":true,"content":true,"excerpt":false},"zh":{"title":true,"content":true,"excerpt":false},"es":{"title":true,"content":true,"excerpt":false},"fr":{"title":true,"content":true,"excerpt":false},"de":{"title":true,"content":true,"excerpt":false},"it":{"title":true,"content":true,"excerpt":false},"ja":{"title":true,"content":true,"excerpt":false}}},"yoast_head":"<!-- This site is optimized with the Yoast SEO plugin v27.0 - https:\/\/yoast.com\/product\/yoast-seo-wordpress\/ -->\n<title>Prevenci\u00f3n de la p\u00e9rdida de manos en salas de p\u00f3ker asi\u00e1ticas con Hand2Note<\/title>\n<meta name=\"description\" content=\"Aprende c\u00f3mo minimizar la p\u00e9rdida de manos en salas de p\u00f3ker asi\u00e1ticas con Hand2Note. Sigue nuestros consejos para una conexi\u00f3n estable y un rendimiento \u00f3ptimo del software.\" \/>\n<meta name=\"robots\" content=\"index, follow, max-snippet:-1, max-image-preview:large, max-video-preview:-1\" \/>\n<link rel=\"canonical\" href=\"https:\/\/hand2noteguide.com\/issues-resolving\/asia-loss-of-hands\/\" \/>\n<meta property=\"og:locale\" content=\"es_ES\" \/>\n<meta property=\"og:type\" content=\"article\" \/>\n<meta property=\"og:title\" content=\"Prevenci\u00f3n de la p\u00e9rdida de manos en salas de p\u00f3ker asi\u00e1ticas con Hand2Note\" \/>\n<meta property=\"og:description\" content=\"Aprende c\u00f3mo minimizar la p\u00e9rdida de manos en salas de p\u00f3ker asi\u00e1ticas con Hand2Note. Sigue nuestros consejos para una conexi\u00f3n estable y un rendimiento \u00f3ptimo del software.\" \/>\n<meta property=\"og:url\" content=\"https:\/\/hand2noteguide.com\/issues-resolving\/asia-loss-of-hands\/\" \/>\n<meta property=\"og:site_name\" content=\"Hand2Note Guide\" \/>\n<meta property=\"article:modified_time\" content=\"2025-06-04T14:41:18+00:00\" \/>\n<meta name=\"twitter:card\" content=\"summary_large_image\" \/>\n<meta name=\"twitter:label1\" content=\"Est. reading time\" \/>\n\t<meta name=\"twitter:data1\" content=\"6 minutes\" \/>\n<!-- \/ Yoast SEO plugin. -->","yoast_head_json":{"title":"Prevenci\u00f3n de la p\u00e9rdida de manos en salas de p\u00f3ker asi\u00e1ticas con Hand2Note","description":"Aprende c\u00f3mo minimizar la p\u00e9rdida de manos en salas de p\u00f3ker asi\u00e1ticas con Hand2Note. Sigue nuestros consejos para una conexi\u00f3n estable y un rendimiento \u00f3ptimo del software.","robots":{"index":"index","follow":"follow","max-snippet":"max-snippet:-1","max-image-preview":"max-image-preview:large","max-video-preview":"max-video-preview:-1"},"canonical":"https:\/\/hand2noteguide.com\/issues-resolving\/asia-loss-of-hands\/","og_locale":"es_ES","og_type":"article","og_title":"Prevenci\u00f3n de la p\u00e9rdida de manos en salas de p\u00f3ker asi\u00e1ticas con Hand2Note","og_description":"Aprende c\u00f3mo minimizar la p\u00e9rdida de manos en salas de p\u00f3ker asi\u00e1ticas con Hand2Note. Sigue nuestros consejos para una conexi\u00f3n estable y un rendimiento \u00f3ptimo del software.","og_url":"https:\/\/hand2noteguide.com\/issues-resolving\/asia-loss-of-hands\/","og_site_name":"Hand2Note Guide","article_modified_time":"2025-06-04T14:41:18+00:00","twitter_card":"summary_large_image","twitter_misc":{"Est. reading time":"6 minutes"},"schema":{"@context":"https:\/\/schema.org","@graph":[]}},"jetpack_sharing_enabled":true,"_links":{"self":[{"href":"https:\/\/hand2noteguide.com\/es\/wp-json\/wp\/v2\/pages\/1629","targetHints":{"allow":["GET"]}}],"collection":[{"href":"https:\/\/hand2noteguide.com\/es\/wp-json\/wp\/v2\/pages"}],"about":[{"href":"https:\/\/hand2noteguide.com\/es\/wp-json\/wp\/v2\/types\/page"}],"author":[{"embeddable":true,"href":"https:\/\/hand2noteguide.com\/es\/wp-json\/wp\/v2\/users\/1"}],"replies":[{"embeddable":true,"href":"https:\/\/hand2noteguide.com\/es\/wp-json\/wp\/v2\/comments?post=1629"}],"version-history":[{"count":19,"href":"https:\/\/hand2noteguide.com\/es\/wp-json\/wp\/v2\/pages\/1629\/revisions"}],"predecessor-version":[{"id":13509,"href":"https:\/\/hand2noteguide.com\/es\/wp-json\/wp\/v2\/pages\/1629\/revisions\/13509"}],"up":[{"embeddable":true,"href":"https:\/\/hand2noteguide.com\/es\/wp-json\/wp\/v2\/pages\/236"}],"wp:attachment":[{"href":"https:\/\/hand2noteguide.com\/es\/wp-json\/wp\/v2\/media?parent=1629"}],"curies":[{"name":"wp","href":"https:\/\/api.w.org\/{rel}","templated":true}]}}