{"id":1730,"date":"2020-03-07T03:33:45","date_gmt":"2020-03-07T00:33:45","guid":{"rendered":"http:\/\/hand2noteguide.com\/?page_id=1730"},"modified":"2025-06-04T17:40:27","modified_gmt":"2025-06-04T14:40:27","slug":"hand2note-for-free","status":"publish","type":"page","link":"https:\/\/hand2noteguide.com\/es\/hand2note-for-free\/","title":{"rendered":"Obt\u00e9n Hand2Note gratis (Hand2Note crack)"},"content":{"rendered":"\n<p>Muchos jugadores de poker est\u00e1n buscando Hand2Note crack. Pero en este caso, no necesitas un crack en el sentido est\u00e1ndar. \u00a1Puedes usar Hand2Note f\u00e1cilmente sin pagar nada!<\/p>\n\n\n\n<div class=\"red-block\">\n<p><strong>\ud83d\udc49 Actualizaci\u00f3n 2 Jun 2025:<\/strong> Desafortunadamente, a partir del 29 de mayo de 2025, <a href=\"https:\/\/hand2noteguide.com\/es\/hand2note-3-free-version-is-gone-what-now\/\"><strong>la versi\u00f3n gratuita de Hand2Note ya no est\u00e1 disponible \ud83e\udd7a<\/strong><\/a>. Tienes que comprar una suscripci\u00f3n para seguir usando Hand2Note.<\/p>\n\n<p>Lamentamos decepcionarte, pero esta fue una decisi\u00f3n oficial de Hand2Note, y est\u00e1 fuera de nuestro control. Somos el revendedor #1 de Hand2Note y todo lo que podemos hacer es ofrecerte la mejor oferta para comprar el software.<\/p>\n\n<p>1\ufe0f\u20e3 Entonces, si decides quedarte con Hand2Note, puedes comprar una suscripci\u00f3n de <strong><a href=\"https:\/\/hand2note3.hand2note.com\/?aid=c0\" target=\"_blank\" rel=\"noopener\">Hand2Note 3<\/a><\/strong> o <strong><a href=\"https:\/\/hand2note.com?rid=2250\" target=\"_blank\" rel=\"noopener\">Hand2Note 4<\/a><\/strong> con nuestro <a href=\"https:\/\/hand2noteguide.com\/es\/promo\/\"><strong>promo GUIDE10<\/strong><\/a>. Obtendr\u00e1s <strong>un descuento instant\u00e1neo del 10% y bonos adicionales<\/strong> \u2013 HUD gratuito y curso en video<strong>.<\/strong><\/p>\n\n<p>2\ufe0f\u20e3 A\u00fan puedes <a href=\"https:\/\/hand2noteguide.com\/es\/coinpoker-hand2note\/\">obtener Hand2Note PRO gratis<\/a> si generas $300 de rake mensualmente en Coinpoker.<\/p>\n\n<p>3\ufe0f\u20e3 Si decides <strong>dejar de usar Hand2Note<\/strong>, lo entendemos totalmente.<\/p>\n\n<p style=\"margin-bottom:0\">Gracias.<\/p>\n<\/div>\n\n\n\n<p>El software es completamente gratuito para cualquier nivel, solo con algunas limitaciones en la funcionalidad. Pero las funciones de pago no son realmente importantes al principio. As\u00ed que todo lo que necesitas hacer ahora es <a href=\"https:\/\/hand2note.com\/es\/\" target=\"_blank\" aria-label=\"undefined (opens in a new tab)\" rel=\"noreferrer noopener\"><strong>descargar e instalar Hand2Note Gratis<\/strong><\/a>.<\/p>\n\n\n\n<figure class=\"wp-block-image\"><img loading=\"lazy\" decoding=\"async\" width=\"800\" height=\"554\" src=\"https:\/\/hand2noteguide.com\/wp-content\/uploads\/2020\/03\/hand2note-free-version-2.png\" alt=\"hand2note free version\" class=\"wp-image-1736\" srcset=\"https:\/\/hand2noteguide.com\/wp-content\/uploads\/2020\/03\/hand2note-free-version-2.png 800w, https:\/\/hand2noteguide.com\/wp-content\/uploads\/2020\/03\/hand2note-free-version-2-300x208.png 300w, https:\/\/hand2noteguide.com\/wp-content\/uploads\/2020\/03\/hand2note-free-version-2-768x532.png 768w, https:\/\/hand2noteguide.com\/wp-content\/uploads\/2020\/03\/hand2note-free-version-2-772x535.png 772w, https:\/\/hand2noteguide.com\/wp-content\/uploads\/2020\/03\/hand2note-free-version-2-624x432.png 624w\" sizes=\"auto, (max-width: 800px) 100vw, 800px\" \/><figcaption class=\"wp-element-caption\">Versi\u00f3n gratuita de Hand2Note<\/figcaption><\/figure>\n\n\n\n<p>Por favor, ten en cuenta que tambi\u00e9n puedes <a href=\"https:\/\/hand2noteguide.com\/es\/free-hud\/\">obtener un HUD gratuito<\/a>. As\u00ed, no tienes que gastar dinero para empezar a usar <a href=\"https:\/\/hand2noteguide.com\/es\/best-poker-tracker-software\/\">el software de poker m\u00e1s avanzado<\/a>.<\/p>\n\n\n\n<h2 class=\"wp-block-heading\">\u00bfCu\u00e1les son las limitaciones?<\/h2>\n\n\n\n<p>Las funciones m\u00e1s avanzadas de Hand2Note, como el HUD posicional y din\u00e1mico, <a href=\"https:\/\/hand2noteguide.com\/es\/guide\/range-research\/\">Range Research<\/a>, An\u00e1lisis de Decisiones, y el Popup extendido en estad\u00edstica no est\u00e1n disponibles en la versi\u00f3n gratuita. Pero incluso con estas restricciones, Hand2Note es mucho mejor que Holdem Manager y Poker Tracker. As\u00ed que si puedes obtener el mejor tracker gratis, definitivamente deber\u00edas hacerlo, \u00bfverdad?<\/p>\n\n\n\n<div class=\"green-block\">\n<p style=\"margin-bottom:10px\">\ud83d\ude80 <b>Genera $300 de rake<\/b> en <a href=\"\/es\/coinpoker-hand2note\/\"><b>CoinPoker<\/b><\/a> y obtendr\u00e1s <b>Hand2Note PRO gratis!<\/b><\/p>\n<p style=\"margin-bottom:0px\"><a href=\"\/es\/coinpoker-hand2note\/\"><b>M\u00e1s informaci\u00f3n \u2192<\/b><\/a><\/p>\n<\/div>\n\n\n\n<h2 class=\"wp-block-heading\">\u00bfExiste un crack para la versi\u00f3n completa?<\/h2>\n\n\n\n<p>No, pero puedes obtener un per\u00edodo de prueba gratuito de 30 d\u00edas. Adem\u00e1s, hay una prueba gratuita de 14 d\u00edas para <a href=\"https:\/\/hand2noteguide.com\/es\/asian\/\">aplicaciones asi\u00e1ticas<\/a>. Durante el per\u00edodo de prueba, podr\u00e1s usar todas las funciones del software, excepto Range Research. Despu\u00e9s de que expire el per\u00edodo de prueba, Hand2Note cambiar\u00e1 autom\u00e1ticamente a una versi\u00f3n gratuita llamada BASE. No necesitas hacer nada y no perder\u00e1s ning\u00fan dato.<\/p>\n\n\n\n<p>Sin embargo, vale la pena se\u00f1alar que la versi\u00f3n de pago de Hand2Note te proporciona <a href=\"https:\/\/hand2noteguide.com\/es\/why-purchase-hand2note\/\">las funciones m\u00e1s avanzadas<\/a>. As\u00ed que despu\u00e9s de usar la versi\u00f3n gratuita, puedes pensar en comprarla. Con la ayuda de las herramientas, puedes mejorar significativamente tu juego y obtener una ventaja sobre tus oponentes.<\/p>\n\n\n\n<figure class=\"wp-block-image size-large\"><img loading=\"lazy\" decoding=\"async\" width=\"721\" height=\"551\" src=\"https:\/\/hand2noteguide.com\/wp-content\/uploads\/2020\/07\/hand2note-extended-popup.png\" alt=\"\" class=\"wp-image-3199\" srcset=\"https:\/\/hand2noteguide.com\/wp-content\/uploads\/2020\/07\/hand2note-extended-popup.png 721w, https:\/\/hand2noteguide.com\/wp-content\/uploads\/2020\/07\/hand2note-extended-popup-300x229.png 300w, https:\/\/hand2noteguide.com\/wp-content\/uploads\/2020\/07\/hand2note-extended-popup-624x477.png 624w\" sizes=\"auto, (max-width: 721px) 100vw, 721px\" \/><figcaption class=\"wp-element-caption\">Los popups extendidos de Hand2Note est\u00e1n disponibles solo con la licencia PRO o EDGE<\/figcaption><\/figure>\n\n\n\n<h2 class=\"wp-block-heading\">\u00bfC\u00f3mo adaptarse al nuevo software?<\/h2>\n\n\n\n<p>El software de Hand2Note puede ser bastante complicado, pero <a href=\"\/es\/why-hand2note\/\">vale totalmente la pena estudiarlo<\/a>. En primer lugar, echa un vistazo al <a aria-label=\"manual oficial (\u043e\u0442\u043a\u0440\u043e\u0435\u0442\u0441\u044f \u0432 \u043d\u043e\u0432\u043e\u0439 \u0432\u043a\u043b\u0430\u0434\u043a\u0435)\" rel=\"noreferrer noopener\" href=\"https:\/\/hand2note.com\/Help\/\" target=\"_blank\">manual oficial<\/a>. Tambi\u00e9n es completamente gratuito y contiene una descripci\u00f3n de todas las funciones. Si lo encuentras demasiado grande y complicado, presta atenci\u00f3n a mis <a href=\"https:\/\/hand2noteguide.com\/es\/video-course\/\">videos de entrenamiento de poker<\/a> y ofertas de <a href=\"https:\/\/hand2noteguide.com\/es\/training\/\">coaching personal<\/a>. Te ayudar\u00e1 a estudiar Hand2Note muy r\u00e1pida y eficientemente.<\/p>\n\n\n\n<h2 class=\"wp-block-heading\">En conclusi\u00f3n<\/h2>\n\n\n\n<p>Hand2Note es el software de poker m\u00e1s poderoso y avanzado. Usar software moderno en las condiciones actuales del poker es muy importante. Y ahora mismo es gratis para cualquier nivel. No se necesita un crack de Hand2Note, solo usa la versi\u00f3n oficial. Deber\u00edas aprovechar esta oportunidad para llevar tu juego al siguiente nivel.<\/p>\n","protected":false},"excerpt":{"rendered":"<p>Muchos jugadores de poker est\u00e1n buscando Hand2Note crack. Pero en este caso, no necesitas un crack en el sentido est\u00e1ndar. \u00a1Puedes usar Hand2Note f\u00e1cilmente sin pagar nada! \ud83d\udc49 Actualizaci\u00f3n 2 Jun 2025: Desafortunadamente, a partir del 29 de mayo de 2025, la versi\u00f3n gratuita de Hand2Note ya no est\u00e1 disponible \ud83e\udd7a. Tienes que comprar una &hellip; <a href=\"https:\/\/hand2noteguide.com\/es\/hand2note-for-free\/\" class=\"more-link\">Continue reading <span class=\"screen-reader-text\">Obt\u00e9n Hand2Note gratis (Hand2Note crack)<\/span><\/a><\/p>\n","protected":false},"author":1,"featured_media":0,"parent":0,"menu_order":0,"comment_status":"closed","ping_status":"closed","template":"page-templates\/full-width-page.php","meta":{"footnotes":""},"class_list":["post-1730","page","type-page","status-publish","hentry"],"translation":{"provider":"WPGlobus","version":"3.0.2","language":"es","enabled_languages":["en","ru","pt","zh","es","fr","de","it","ja"],"languages":{"en":{"title":true,"content":true,"excerpt":false},"ru":{"title":true,"content":true,"excerpt":false},"pt":{"title":true,"content":true,"excerpt":false},"zh":{"title":true,"content":true,"excerpt":false},"es":{"title":true,"content":true,"excerpt":false},"fr":{"title":true,"content":true,"excerpt":false},"de":{"title":true,"content":true,"excerpt":false},"it":{"title":true,"content":true,"excerpt":false},"ja":{"title":true,"content":true,"excerpt":false}}},"yoast_head":"<!-- This site is optimized with the Yoast SEO plugin v27.0 - https:\/\/yoast.com\/product\/yoast-seo-wordpress\/ -->\n<title>Hand2Note (crack) GRATIS ahora - Gu\u00eda de Hand2Note<\/title>\n<meta name=\"description\" content=\"Hand2Note es el mejor software de seguimiento de poker en el mercado. \u00a1Comienza a usar este programa de poker gratis con el ingenioso crack de Hand2Note!\" \/>\n<meta name=\"robots\" content=\"index, follow, max-snippet:-1, max-image-preview:large, max-video-preview:-1\" \/>\n<link rel=\"canonical\" href=\"https:\/\/hand2noteguide.com\/hand2note-for-free\/\" \/>\n<meta property=\"og:locale\" content=\"es_ES\" \/>\n<meta property=\"og:type\" content=\"article\" \/>\n<meta property=\"og:title\" content=\"Hand2Note (crack) GRATIS ahora - Gu\u00eda de Hand2Note\" \/>\n<meta property=\"og:description\" content=\"Hand2Note es el mejor software de seguimiento de poker en el mercado. \u00a1Comienza a usar este programa de poker gratis con el ingenioso crack de Hand2Note!\" \/>\n<meta property=\"og:url\" content=\"https:\/\/hand2noteguide.com\/hand2note-for-free\/\" \/>\n<meta property=\"og:site_name\" content=\"Hand2Note Guide\" \/>\n<meta property=\"article:modified_time\" content=\"2025-06-04T14:40:27+00:00\" \/>\n<meta property=\"og:image\" content=\"https:\/\/hand2noteguide.com\/wp-content\/uploads\/2020\/03\/hand2note-free-version-2.png\" \/>\n<meta name=\"twitter:card\" content=\"summary_large_image\" \/>\n<meta name=\"twitter:label1\" content=\"Est. reading time\" \/>\n\t<meta name=\"twitter:data1\" content=\"20 minutes\" \/>\n<!-- \/ Yoast SEO plugin. -->","yoast_head_json":{"title":"Hand2Note (crack) GRATIS ahora - Gu\u00eda de Hand2Note","description":"Hand2Note es el mejor software de seguimiento de poker en el mercado. \u00a1Comienza a usar este programa de poker gratis con el ingenioso crack de Hand2Note!","robots":{"index":"index","follow":"follow","max-snippet":"max-snippet:-1","max-image-preview":"max-image-preview:large","max-video-preview":"max-video-preview:-1"},"canonical":"https:\/\/hand2noteguide.com\/hand2note-for-free\/","og_locale":"es_ES","og_type":"article","og_title":"Hand2Note (crack) GRATIS ahora - Gu\u00eda de Hand2Note","og_description":"Hand2Note es el mejor software de seguimiento de poker en el mercado. \u00a1Comienza a usar este programa de poker gratis con el ingenioso crack de Hand2Note!","og_url":"https:\/\/hand2noteguide.com\/hand2note-for-free\/","og_site_name":"Hand2Note Guide","article_modified_time":"2025-06-04T14:40:27+00:00","og_image":[{"url":"https:\/\/hand2noteguide.com\/wp-content\/uploads\/2020\/03\/hand2note-free-version-2.png","type":"","width":"","height":""}],"twitter_card":"summary_large_image","twitter_misc":{"Est. reading time":"20 minutes"},"schema":{"@context":"https:\/\/schema.org","@graph":[]}},"jetpack_sharing_enabled":true,"_links":{"self":[{"href":"https:\/\/hand2noteguide.com\/es\/wp-json\/wp\/v2\/pages\/1730","targetHints":{"allow":["GET"]}}],"collection":[{"href":"https:\/\/hand2noteguide.com\/es\/wp-json\/wp\/v2\/pages"}],"about":[{"href":"https:\/\/hand2noteguide.com\/es\/wp-json\/wp\/v2\/types\/page"}],"author":[{"embeddable":true,"href":"https:\/\/hand2noteguide.com\/es\/wp-json\/wp\/v2\/users\/1"}],"replies":[{"embeddable":true,"href":"https:\/\/hand2noteguide.com\/es\/wp-json\/wp\/v2\/comments?post=1730"}],"version-history":[{"count":110,"href":"https:\/\/hand2noteguide.com\/es\/wp-json\/wp\/v2\/pages\/1730\/revisions"}],"predecessor-version":[{"id":13508,"href":"https:\/\/hand2noteguide.com\/es\/wp-json\/wp\/v2\/pages\/1730\/revisions\/13508"}],"wp:attachment":[{"href":"https:\/\/hand2noteguide.com\/es\/wp-json\/wp\/v2\/media?parent=1730"}],"curies":[{"name":"wp","href":"https:\/\/api.w.org\/{rel}","templated":true}]}}