{"id":1759,"date":"2020-03-07T09:42:57","date_gmt":"2020-03-07T06:42:57","guid":{"rendered":"http:\/\/hand2noteguide.com\/?page_id=1759"},"modified":"2025-06-04T17:39:12","modified_gmt":"2025-06-04T14:39:12","slug":"hand2note-hud","status":"publish","type":"page","link":"https:\/\/hand2noteguide.com\/es\/hand2note-hud\/","title":{"rendered":"Hand2Note HUD: \u00bfcu\u00e1l es mejor?"},"content":{"rendered":"\n<p>Supongamos que ya has instalado Hand2Note y comenzado a usarlo. Lo m\u00e1s probable es que hayas experimentado el problema importante: \u00bfcu\u00e1l HUD de Hand2Note es mejor usar? \u00bfNecesito configurar el HUD yo mismo? \u00bfO no vale la pena perder tiempo y es mejor encontrar una soluci\u00f3n lista? Intentaremos averiguar en este art\u00edculo cu\u00e1l es la mejor opci\u00f3n para ti.<\/p>\n\n\n\n<h2 class=\"wp-block-heading\">Prueba los perfiles predeterminados<\/h2>\n\n\n\n<p>Hay muchos HUDs diferentes para Hand2Note. En primer lugar, hay dos perfiles est\u00e1ndar en el programa por defecto. Cuando decimos &#8220;perfil&#8221; o &#8220;paquete&#8221; nos referimos al conjunto de stats, HUD y popups. As\u00ed que al principio, puedes usar el HUD predeterminado. Contiene solo la informaci\u00f3n m\u00e1s b\u00e1sica e importante: apodo, VPIP, PFR y n\u00famero de manos.<\/p>\n\n\n\n<figure class=\"wp-block-image\"><img loading=\"lazy\" decoding=\"async\" width=\"681\" height=\"436\" src=\"https:\/\/hand2noteguide.com\/wp-content\/uploads\/2020\/03\/hand2note-default-hud-1.png\" alt=\"hand2note default HUD\" class=\"wp-image-1820\" srcset=\"https:\/\/hand2noteguide.com\/wp-content\/uploads\/2020\/03\/hand2note-default-hud-1.png 681w, https:\/\/hand2noteguide.com\/wp-content\/uploads\/2020\/03\/hand2note-default-hud-1-300x192.png 300w, https:\/\/hand2noteguide.com\/wp-content\/uploads\/2020\/03\/hand2note-default-hud-1-624x400.png 624w\" sizes=\"auto, (max-width: 681px) 100vw, 681px\" \/><figcaption>HUD predeterminado de Hand2Note<\/figcaption><\/figure>\n\n\n\n<h2 class=\"wp-block-heading\">Crea tu propio HUD de Hand2Note<\/h2>\n\n\n\n<p>Si crees que el HUD simple predeterminado no es suficiente para ti, puedes considerar diferentes opciones. Principalmente, nadie crear\u00e1 un HUD adecuado para ti mejor que t\u00fa mismo. Y dado que Hand2Note te proporciona herramientas flexibles e intuitivas, puedes crear tu propio perfil.<\/p>\n\n\n\n<figure class=\"wp-block-image\"><img loading=\"lazy\" decoding=\"async\" width=\"1024\" height=\"611\" src=\"https:\/\/hand2noteguide.com\/wp-content\/uploads\/2020\/03\/hand2note-hud-editor-1024x611.png\" alt=\"hand2note hud editor\" class=\"wp-image-1825\" srcset=\"https:\/\/hand2noteguide.com\/wp-content\/uploads\/2020\/03\/hand2note-hud-editor-1024x611.png 1024w, https:\/\/hand2noteguide.com\/wp-content\/uploads\/2020\/03\/hand2note-hud-editor-300x179.png 300w, https:\/\/hand2noteguide.com\/wp-content\/uploads\/2020\/03\/hand2note-hud-editor-768x458.png 768w, https:\/\/hand2noteguide.com\/wp-content\/uploads\/2020\/03\/hand2note-hud-editor-772x460.png 772w, https:\/\/hand2noteguide.com\/wp-content\/uploads\/2020\/03\/hand2note-hud-editor-624x372.png 624w, https:\/\/hand2noteguide.com\/wp-content\/uploads\/2020\/03\/hand2note-hud-editor.png 1489w\" sizes=\"auto, (max-width: 1024px) 100vw, 1024px\" \/><figcaption>Editor de HUD de Hand2Note<\/figcaption><\/figure>\n\n\n\n<p>Vale la pena se\u00f1alar que, aunque el proceso de creaci\u00f3n de HUD, popups y stats no es tan complicado, puede llevar mucho tiempo.<\/p>\n\n\n\n<h2 class=\"wp-block-heading\">Explora HUDs comerciales<\/h2>\n\n\n\n<p>Si quieres ahorrar tiempo, deber\u00edas prestar atenci\u00f3n a las soluciones ya hechas. La <a href=\"https:\/\/hand2noteguide.com\/es\/hud-store\/\">tienda de HUD&amp;popup de Hand2Note<\/a> contiene los mejores paquetes para diferentes tipos de juego. Todos los HUDs est\u00e1n hechos en colaboraci\u00f3n con jugadores profesionales y bien probados a largo plazo. Adem\u00e1s, todos los perfiles en nuestra tienda est\u00e1n abiertos para edici\u00f3n, por lo que podr\u00e1s modificarlos como desees.<\/p>\n\n\n\n<figure class=\"wp-block-image size-large\"><img loading=\"lazy\" decoding=\"async\" width=\"1024\" height=\"508\" src=\"https:\/\/hand2noteguide.com\/wp-content\/uploads\/2020\/07\/hand2note-best-hud-1-1024x508.png\" alt=\"hand2note commercial popup\" class=\"wp-image-3261\" srcset=\"https:\/\/hand2noteguide.com\/wp-content\/uploads\/2020\/07\/hand2note-best-hud-1-1024x508.png 1024w, https:\/\/hand2noteguide.com\/wp-content\/uploads\/2020\/07\/hand2note-best-hud-1-300x149.png 300w, https:\/\/hand2noteguide.com\/wp-content\/uploads\/2020\/07\/hand2note-best-hud-1-768x381.png 768w, https:\/\/hand2noteguide.com\/wp-content\/uploads\/2020\/07\/hand2note-best-hud-1-772x383.png 772w, https:\/\/hand2noteguide.com\/wp-content\/uploads\/2020\/07\/hand2note-best-hud-1-624x310.png 624w, https:\/\/hand2noteguide.com\/wp-content\/uploads\/2020\/07\/hand2note-best-hud-1.png 1155w\" sizes=\"auto, (max-width: 1024px) 100vw, 1024px\" \/><figcaption>Ejemplo de popup comercial. Es parte del paquete Venom de la tienda<\/figcaption><\/figure>\n\n\n\n<h2 class=\"wp-block-heading\">Encargar un HUD privado<\/h2>\n\n\n\n<p>En caso de que no te guste ninguno de los HUDs comerciales ya hechos, pero a\u00fan quieras ahorrar tiempo, puedes <a href=\"https:\/\/hand2noteguide.com\/es\/hud-store\/custom-hud-order\/\">encargar un HUD privado<\/a>. Esta opci\u00f3n tambi\u00e9n ser\u00eda genial para los jugadores que van a <a href=\"https:\/\/hand2noteguide.com\/es\/switch-from-hm2\/\">cambiar a Hand2Note desde otros trackers<\/a>. El equipo profesional dise\u00f1ar\u00e1 un HUD de acuerdo con tu plantilla. Todos los stats ser\u00e1n probados para asegurarse de que todo funcione correctamente.<\/p>\n\n\n\n<div class=\"wpcf7 no-js\" id=\"wpcf7-f4410-o1\" lang=\"en-US\" dir=\"ltr\" data-wpcf7-id=\"4410\">\n<div class=\"screen-reader-response\"><p role=\"status\" aria-live=\"polite\" aria-atomic=\"true\"><\/p> <ul><\/ul><\/div>\n<form action=\"\/es\/wp-json\/wp\/v2\/pages\/1759#wpcf7-f4410-o1\" method=\"post\" class=\"wpcf7-form init\" aria-label=\"Contact form\" novalidate=\"novalidate\" data-status=\"init\">\n<fieldset class=\"hidden-fields-container\"><input type=\"hidden\" name=\"_wpcf7\" value=\"4410\" \/><input type=\"hidden\" name=\"_wpcf7_version\" value=\"6.1.5\" \/><input type=\"hidden\" name=\"_wpcf7_locale\" value=\"en_US\" \/><input type=\"hidden\" name=\"_wpcf7_unit_tag\" value=\"wpcf7-f4410-o1\" \/><input type=\"hidden\" name=\"_wpcf7_container_post\" value=\"0\" \/><input type=\"hidden\" name=\"_wpcf7_posted_data_hash\" value=\"\" \/><input type=\"hidden\" name=\"_wpcf7_recaptcha_response\" value=\"\" \/>\n<\/fieldset>\n<p>Your Email, Skype or Discord<br \/>\n<span class=\"wpcf7-form-control-wrap\" data-name=\"Contact\"><input size=\"40\" maxlength=\"400\" class=\"wpcf7-form-control wpcf7-text wpcf7-validates-as-required\" aria-required=\"true\" aria-invalid=\"false\" value=\"\" type=\"text\" name=\"Contact\" \/><\/span>\n<\/p>\n<p style=\"margin:-18px 0 20px 0\" class=\"secure-payment\">We'll contact you in the preferred way.\n<\/p>\n<p>Briefly describe your request<br \/>\n<span class=\"wpcf7-form-control-wrap\" data-name=\"Info\"><textarea cols=\"40\" rows=\"10\" maxlength=\"2000\" class=\"wpcf7-form-control wpcf7-textarea\" aria-invalid=\"false\" name=\"Info\"><\/textarea><\/span>\n<\/p>\n<p style=\"margin:-18px 0 20px 0\" class=\"secure-payment\">You may also leave the field empty for now, we can discuss the details personally.\n<\/p>\n<p><input class=\"wpcf7-form-control wpcf7-submit has-spinner\" type=\"submit\" value=\"Send\" \/>\n<\/p><div class=\"wpcf7-response-output\" aria-hidden=\"true\"><\/div>\n<\/form>\n<\/div>\n\n\n\n\n<h2 class=\"wp-block-heading\">Usar HUD autom\u00e1tico<\/h2>\n\n\n\n<p>La \u00faltima opci\u00f3n en la lista es <a aria-label=\"Auto HUD (se abrir\u00e1 en una nueva pesta\u00f1a)\" href=\"https:\/\/www.hand2note.com\/Help\/pages\/AutoHud\/\" target=\"_blank\" rel=\"noreferrer noopener\">Auto HUD<\/a>. Esta es la nueva funci\u00f3n de Hand2Note. Te muestra autom\u00e1ticamente las estad\u00edsticas m\u00e1s relevantes para la situaci\u00f3n actual del juego. No necesitas configurar nada para que funcione. Es una funci\u00f3n muy \u00fatil, pero la mayor\u00eda de los jugadores la usan como complemento al HUD principal. Probablemente el HUD predeterminado + auto HUD ser\u00e1 suficiente y no necesitar\u00e1s buscar paquetes comerciales o gastar tiempo en la personalizaci\u00f3n del HUD.<\/p>\n\n\n\n<figure class=\"wp-block-image\"><img loading=\"lazy\" decoding=\"async\" width=\"396\" height=\"252\" src=\"https:\/\/hand2noteguide.com\/wp-content\/uploads\/2020\/03\/hand2note-auto-hud.png\" alt=\"hand2note auto hud\" class=\"wp-image-1843\" srcset=\"https:\/\/hand2noteguide.com\/wp-content\/uploads\/2020\/03\/hand2note-auto-hud.png 396w, https:\/\/hand2noteguide.com\/wp-content\/uploads\/2020\/03\/hand2note-auto-hud-300x191.png 300w\" sizes=\"auto, (max-width: 396px) 100vw, 396px\" \/><figcaption>Ejemplo de HUD autom\u00e1tico de Hand2Note: Muestra el valor de la estad\u00edstica de open raise del jugador cuando realmente hace un open raise<\/figcaption><\/figure>\n\n\n\n<p>Auto HUD est\u00e1 disponible solo con suscripci\u00f3n PRO. As\u00ed que puedes <a href=\"https:\/\/hand2noteguide.com\/es\/promo\/\">comprar la versi\u00f3n PRO con descuento<\/a> para obtener acceso a esa funci\u00f3n.<\/p>\n\n\n\n<h2 class=\"wp-block-heading\">Conclusi\u00f3n<\/h2>\n\n\n\n<p>Hay muchas opciones diferentes de HUD para Hand2Note. Puedes:<\/p>\n\n\n\n<ul class=\"wp-block-list\"><li>usar perfiles de HUD predeterminados;<\/li><li>crear tu propio HUD con las herramientas de Hand2Note;<\/li><li>comprar un paquete ya hecho en nuestra tienda;<\/li><li>encargar un HUD privado;<\/li><li>usar la nueva funci\u00f3n de auto HUD.<\/li><\/ul>\n\n\n\n<p>Presta atenci\u00f3n a todas las opciones posibles y elige el mejor HUD para ti.<\/p>\n","protected":false},"excerpt":{"rendered":"<p>Supongamos que ya has instalado Hand2Note y comenzado a usarlo. Lo m\u00e1s probable es que hayas experimentado el problema importante: \u00bfcu\u00e1l HUD de Hand2Note es mejor usar? \u00bfNecesito configurar el HUD yo mismo? \u00bfO no vale la pena perder tiempo y es mejor encontrar una soluci\u00f3n lista? Intentaremos averiguar en este art\u00edculo cu\u00e1l es la &hellip; <a href=\"https:\/\/hand2noteguide.com\/es\/hand2note-hud\/\" class=\"more-link\">Continue reading <span class=\"screen-reader-text\">Hand2Note HUD: \u00bfcu\u00e1l es mejor?<\/span><\/a><\/p>\n","protected":false},"author":1,"featured_media":0,"parent":0,"menu_order":0,"comment_status":"closed","ping_status":"closed","template":"page-templates\/full-width-page.php","meta":{"footnotes":""},"class_list":["post-1759","page","type-page","status-publish","hentry"],"translation":{"provider":"WPGlobus","version":"3.0.2","language":"es","enabled_languages":["en","ru","pt","zh","es","fr","de","it","ja"],"languages":{"en":{"title":true,"content":true,"excerpt":false},"ru":{"title":true,"content":true,"excerpt":false},"pt":{"title":true,"content":true,"excerpt":false},"zh":{"title":true,"content":true,"excerpt":false},"es":{"title":true,"content":true,"excerpt":false},"fr":{"title":true,"content":true,"excerpt":false},"de":{"title":true,"content":true,"excerpt":false},"it":{"title":true,"content":true,"excerpt":false},"ja":{"title":true,"content":true,"excerpt":false}}},"yoast_head":"<!-- This site is optimized with the Yoast SEO plugin v27.0 - https:\/\/yoast.com\/product\/yoast-seo-wordpress\/ -->\n<title>Mejor HUD de Hand2Note: Elige la Opci\u00f3n Correcta para Ti<\/title>\n<meta name=\"description\" content=\"\u00bfC\u00f3mo entender cu\u00e1l HUD de Hand2Note es mejor y c\u00f3mo empezar a usarlo? Consulta este art\u00edculo y podr\u00e1s encontrar r\u00e1pidamente el HUD adecuado para tus necesidades.\" \/>\n<meta name=\"robots\" content=\"index, follow, max-snippet:-1, max-image-preview:large, max-video-preview:-1\" \/>\n<link rel=\"canonical\" href=\"https:\/\/hand2noteguide.com\/hand2note-hud\/\" \/>\n<meta property=\"og:locale\" content=\"es_ES\" \/>\n<meta property=\"og:type\" content=\"article\" \/>\n<meta property=\"og:title\" content=\"Mejor HUD de Hand2Note: Elige la Opci\u00f3n Correcta para Ti\" \/>\n<meta property=\"og:description\" content=\"\u00bfC\u00f3mo entender cu\u00e1l HUD de Hand2Note es mejor y c\u00f3mo empezar a usarlo? Consulta este art\u00edculo y podr\u00e1s encontrar r\u00e1pidamente el HUD adecuado para tus necesidades.\" \/>\n<meta property=\"og:url\" content=\"https:\/\/hand2noteguide.com\/hand2note-hud\/\" \/>\n<meta property=\"og:site_name\" content=\"Hand2Note Guide\" \/>\n<meta property=\"article:modified_time\" content=\"2025-06-04T14:39:12+00:00\" \/>\n<meta property=\"og:image\" content=\"https:\/\/hand2noteguide.com\/wp-content\/uploads\/2020\/03\/hand2note-default-hud-1.png\" \/>\n<meta name=\"twitter:card\" content=\"summary_large_image\" \/>\n<meta name=\"twitter:label1\" content=\"Est. reading time\" \/>\n\t<meta name=\"twitter:data1\" content=\"18 minutes\" \/>\n<!-- \/ Yoast SEO plugin. -->","yoast_head_json":{"title":"Mejor HUD de Hand2Note: Elige la Opci\u00f3n Correcta para Ti","description":"\u00bfC\u00f3mo entender cu\u00e1l HUD de Hand2Note es mejor y c\u00f3mo empezar a usarlo? Consulta este art\u00edculo y podr\u00e1s encontrar r\u00e1pidamente el HUD adecuado para tus necesidades.","robots":{"index":"index","follow":"follow","max-snippet":"max-snippet:-1","max-image-preview":"max-image-preview:large","max-video-preview":"max-video-preview:-1"},"canonical":"https:\/\/hand2noteguide.com\/hand2note-hud\/","og_locale":"es_ES","og_type":"article","og_title":"Mejor HUD de Hand2Note: Elige la Opci\u00f3n Correcta para Ti","og_description":"\u00bfC\u00f3mo entender cu\u00e1l HUD de Hand2Note es mejor y c\u00f3mo empezar a usarlo? Consulta este art\u00edculo y podr\u00e1s encontrar r\u00e1pidamente el HUD adecuado para tus necesidades.","og_url":"https:\/\/hand2noteguide.com\/hand2note-hud\/","og_site_name":"Hand2Note Guide","article_modified_time":"2025-06-04T14:39:12+00:00","og_image":[{"url":"https:\/\/hand2noteguide.com\/wp-content\/uploads\/2020\/03\/hand2note-default-hud-1.png","type":"","width":"","height":""}],"twitter_card":"summary_large_image","twitter_misc":{"Est. reading time":"18 minutes"},"schema":{"@context":"https:\/\/schema.org","@graph":[]}},"jetpack_sharing_enabled":true,"_links":{"self":[{"href":"https:\/\/hand2noteguide.com\/es\/wp-json\/wp\/v2\/pages\/1759","targetHints":{"allow":["GET"]}}],"collection":[{"href":"https:\/\/hand2noteguide.com\/es\/wp-json\/wp\/v2\/pages"}],"about":[{"href":"https:\/\/hand2noteguide.com\/es\/wp-json\/wp\/v2\/types\/page"}],"author":[{"embeddable":true,"href":"https:\/\/hand2noteguide.com\/es\/wp-json\/wp\/v2\/users\/1"}],"replies":[{"embeddable":true,"href":"https:\/\/hand2noteguide.com\/es\/wp-json\/wp\/v2\/comments?post=1759"}],"version-history":[{"count":71,"href":"https:\/\/hand2noteguide.com\/es\/wp-json\/wp\/v2\/pages\/1759\/revisions"}],"predecessor-version":[{"id":13507,"href":"https:\/\/hand2noteguide.com\/es\/wp-json\/wp\/v2\/pages\/1759\/revisions\/13507"}],"wp:attachment":[{"href":"https:\/\/hand2noteguide.com\/es\/wp-json\/wp\/v2\/media?parent=1759"}],"curies":[{"name":"wp","href":"https:\/\/api.w.org\/{rel}","templated":true}]}}