{"id":1766,"date":"2020-03-09T07:11:39","date_gmt":"2020-03-09T04:11:39","guid":{"rendered":"http:\/\/hand2noteguide.com\/?page_id=1766"},"modified":"2025-06-04T17:38:05","modified_gmt":"2025-06-04T14:38:05","slug":"free-hud","status":"publish","type":"page","link":"https:\/\/hand2noteguide.com\/es\/free-hud\/","title":{"rendered":"HUD Gratis"},"content":{"rendered":"\n<p>\ud83d\udcdd&nbsp;<em>\u00daltima actualizaci\u00f3n: 16 de febrero de 2025.<\/em><\/p>\n\n\n\n<p>Puedes <a href=\"https:\/\/hand2noteguide.com\/es\/hand2note-for-free\/\">empezar a usar Hand2Note gratis<\/a> f\u00e1cilmente sin necesidad de cracks. Pero, \u00bfc\u00f3mo obtener un HUD de Hand2Note gratis? Hay algunas opciones posibles que consideraremos en este art\u00edculo.<\/p>\n\n\n\n<p>Todos los HUDs mencionados a continuaci\u00f3n son adecuados tanto para las versiones&nbsp;<a href=\"https:\/\/hand2noteguide.com\/es\/basic-setup\/\">Hand2Note 3<\/a>&nbsp;y&nbsp;<a href=\"https:\/\/hand2noteguide.com\/es\/hand2note-4-getting-started\/\">Hand2Note 4<\/a>.<\/p>\n\n\n\n<h2 class=\"wp-block-heading\">Obt\u00e9n el HUD Cosmos Gratis de Roman Belousov<\/h2>\n\n\n\n<p>En primer lugar, ofrecemos un HUD completamente gratis de <a aria-label=\"undefined (opens in a new tab)\" href=\"https:\/\/hudstore.poker\/vendors\/belousov-roman\" target=\"_blank\" rel=\"noreferrer noopener\">Roman Belousov<\/a> &#8211; el experto oficial en HUD de Hand2Note. Hay dos versiones para jugadores de Cash y de torneos. Ambas versiones contienen las estad\u00edsticas m\u00e1s relevantes y \u00fatiles.<\/p>\n\n\n\n<figure class=\"wp-block-gallery has-nested-images columns-default is-cropped wp-block-gallery-1 is-layout-flex wp-block-gallery-is-layout-flex\">\n<figure class=\"wp-block-image size-large\"><img loading=\"lazy\" decoding=\"async\" width=\"1024\" height=\"737\" data-id=\"9049\" src=\"http:\/\/hand2noteguide.com\/wp-content\/uploads\/2025\/02\/cosmos-free-cash-1024x737.webp\" alt=\"Cosmos Free Cash Poker HUD\" class=\"wp-image-9049\" srcset=\"https:\/\/hand2noteguide.com\/wp-content\/uploads\/2025\/02\/cosmos-free-cash-1024x737.webp 1024w, https:\/\/hand2noteguide.com\/wp-content\/uploads\/2025\/02\/cosmos-free-cash-300x216.webp 300w, https:\/\/hand2noteguide.com\/wp-content\/uploads\/2025\/02\/cosmos-free-cash-768x553.webp 768w, https:\/\/hand2noteguide.com\/wp-content\/uploads\/2025\/02\/cosmos-free-cash-1536x1106.webp 1536w, https:\/\/hand2noteguide.com\/wp-content\/uploads\/2025\/02\/cosmos-free-cash-772x556.webp 772w, https:\/\/hand2noteguide.com\/wp-content\/uploads\/2025\/02\/cosmos-free-cash-624x449.webp 624w, https:\/\/hand2noteguide.com\/wp-content\/uploads\/2025\/02\/cosmos-free-cash.webp 1560w\" sizes=\"auto, (max-width: 1024px) 100vw, 1024px\" \/><\/figure>\n\n\n\n<figure class=\"wp-block-image size-large\"><img loading=\"lazy\" decoding=\"async\" width=\"1024\" height=\"728\" data-id=\"9048\" src=\"http:\/\/hand2noteguide.com\/wp-content\/uploads\/2025\/02\/cosmos-free-mtt-1024x728.webp\" alt=\"Cosmos Free MTT Poker HUD\" class=\"wp-image-9048\" srcset=\"https:\/\/hand2noteguide.com\/wp-content\/uploads\/2025\/02\/cosmos-free-mtt-1024x728.webp 1024w, https:\/\/hand2noteguide.com\/wp-content\/uploads\/2025\/02\/cosmos-free-mtt-300x213.webp 300w, https:\/\/hand2noteguide.com\/wp-content\/uploads\/2025\/02\/cosmos-free-mtt-768x546.webp 768w, https:\/\/hand2noteguide.com\/wp-content\/uploads\/2025\/02\/cosmos-free-mtt-1536x1093.webp 1536w, https:\/\/hand2noteguide.com\/wp-content\/uploads\/2025\/02\/cosmos-free-mtt-772x549.webp 772w, https:\/\/hand2noteguide.com\/wp-content\/uploads\/2025\/02\/cosmos-free-mtt-624x444.webp 624w, https:\/\/hand2noteguide.com\/wp-content\/uploads\/2025\/02\/cosmos-free-mtt.webp 1590w\" sizes=\"auto, (max-width: 1024px) 100vw, 1024px\" \/><\/figure>\n<\/figure>\n\n\n\n<p>Este HUD de poker no contiene opciones posicionales ni din\u00e1micas, por lo que puedes usarlo como tu <a href=\"https:\/\/hand2noteguide.com\/es\/pokerstars-hud\/\">HUD principal para PokerStars<\/a>. Cumple completamente con la pol\u00edtica de esta sala. Todas las estad\u00edsticas adicionales para diferentes posiciones est\u00e1n en los popups.<\/p>\n\n\n\n<p style=\"margin-top:24px\"><a style=\"font-weight:bold !important;background-color: #2682a9\" href=\"\/es\/free-hud\/get-hand2note-cosmos-hud\/\" class=\"article-action-link\">Obtener Cosmos HUD \u2192<\/a><\/p>\n\n\n\n<h2 class=\"wp-block-heading\">Obt\u00e9n el HUD Simple Cash de Nick Korolev<\/h2>\n\n\n\n<p>Si eres un jugador regular de juegos de cash, echa un vistazo al paquete <a aria-label=\"undefined (opens in a new tab)\" href=\"https:\/\/hudstore.poker\/products\/simple-cash\" target=\"_blank\" rel=\"noreferrer noopener\">Simple Cash<\/a> de <a href=\"https:\/\/hand2noteguide.com\/es\/about-us\/\">Nick Korolev<\/a> &#8211; miembro del equipo de Hand2Note y profesional en juegos de cash. Contiene 3 HUDs simples pero efectivos con popups especiales asignados a cada celda.<\/p>\n\n\n\n<figure class=\"wp-block-gallery has-nested-images columns-default is-cropped wp-block-gallery-2 is-layout-flex wp-block-gallery-is-layout-flex\">\n<figure class=\"wp-block-image size-large\"><img loading=\"lazy\" decoding=\"async\" width=\"1024\" height=\"737\" data-id=\"9046\" src=\"http:\/\/hand2noteguide.com\/wp-content\/uploads\/2025\/02\/simple-cash-hud-1024x737.webp\" alt=\"Simple Cash Hand2Note HUD\" class=\"wp-image-9046\" srcset=\"https:\/\/hand2noteguide.com\/wp-content\/uploads\/2025\/02\/simple-cash-hud-1024x737.webp 1024w, https:\/\/hand2noteguide.com\/wp-content\/uploads\/2025\/02\/simple-cash-hud-300x216.webp 300w, https:\/\/hand2noteguide.com\/wp-content\/uploads\/2025\/02\/simple-cash-hud-768x552.webp 768w, https:\/\/hand2noteguide.com\/wp-content\/uploads\/2025\/02\/simple-cash-hud-1536x1105.webp 1536w, https:\/\/hand2noteguide.com\/wp-content\/uploads\/2025\/02\/simple-cash-hud-772x555.webp 772w, https:\/\/hand2noteguide.com\/wp-content\/uploads\/2025\/02\/simple-cash-hud-624x449.webp 624w, https:\/\/hand2noteguide.com\/wp-content\/uploads\/2025\/02\/simple-cash-hud.webp 1607w\" sizes=\"auto, (max-width: 1024px) 100vw, 1024px\" \/><figcaption class=\"wp-element-caption\">HUD<\/figcaption><\/figure>\n\n\n\n<figure class=\"wp-block-image size-large\"><img loading=\"lazy\" decoding=\"async\" width=\"1024\" height=\"706\" data-id=\"9045\" src=\"http:\/\/hand2noteguide.com\/wp-content\/uploads\/2025\/02\/simple-cash-popup-1024x706.webp\" alt=\"Simple Cash Hand2Note Popup\" class=\"wp-image-9045\" srcset=\"https:\/\/hand2noteguide.com\/wp-content\/uploads\/2025\/02\/simple-cash-popup-1024x706.webp 1024w, https:\/\/hand2noteguide.com\/wp-content\/uploads\/2025\/02\/simple-cash-popup-300x207.webp 300w, https:\/\/hand2noteguide.com\/wp-content\/uploads\/2025\/02\/simple-cash-popup-768x530.webp 768w, https:\/\/hand2noteguide.com\/wp-content\/uploads\/2025\/02\/simple-cash-popup-1536x1059.webp 1536w, https:\/\/hand2noteguide.com\/wp-content\/uploads\/2025\/02\/simple-cash-popup-772x533.webp 772w, https:\/\/hand2noteguide.com\/wp-content\/uploads\/2025\/02\/simple-cash-popup-624x430.webp 624w, https:\/\/hand2noteguide.com\/wp-content\/uploads\/2025\/02\/simple-cash-popup.webp 1731w\" sizes=\"auto, (max-width: 1024px) 100vw, 1024px\" \/><figcaption class=\"wp-element-caption\">Popup<\/figcaption><\/figure>\n<\/figure>\n\n\n\n<p>Puedes obtener Simple Cash y otros 6 HUDs para todos los tipos de juego gratis como parte de la <a href=\"https:\/\/hand2noteguide.com\/es\/promo\/\">promoci\u00f3n GUIDE10<\/a>.<\/p>\n\n\n\n<p style=\"margin-top:24px\"><a style=\"font-weight:bold !important\" href=\"\/es\/hud-store\/simple-cash-pack-for-free\/\" class=\"article-action-link\">Obtener Simple Cash HUD \u2192<\/a><\/p>\n\n\n\n<h2 class=\"wp-block-heading\">Prueba el HUD est\u00e1ndar<\/h2>\n\n\n\n<p>Adem\u00e1s, puedes usar los perfiles est\u00e1ndar de HUD y popup de Hand2Note que se presentan en el software por defecto. Se llaman &#8220;default&#8221; y &#8220;PokerMaster default&#8221;. Estos perfiles contienen un conjunto b\u00e1sico de estad\u00edsticas que ser\u00e1n suficientes para comenzar. Los jugadores m\u00e1s experimentados tambi\u00e9n pueden encontrar este HUD \u00fatil, en <a href=\"https:\/\/hand2noteguide.com\/es\/asian\/\">aplicaciones asi\u00e1ticas<\/a>, por ejemplo.<\/p>\n\n\n\n<figure class=\"wp-block-image\"><img loading=\"lazy\" decoding=\"async\" width=\"728\" height=\"455\" src=\"https:\/\/hand2noteguide.com\/wp-content\/uploads\/2020\/03\/hand2note-default-hud-2.png\" alt=\"hand2note default hud\" class=\"wp-image-1850\" srcset=\"https:\/\/hand2noteguide.com\/wp-content\/uploads\/2020\/03\/hand2note-default-hud-2.png 728w, https:\/\/hand2noteguide.com\/wp-content\/uploads\/2020\/03\/hand2note-default-hud-2-300x188.png 300w, https:\/\/hand2noteguide.com\/wp-content\/uploads\/2020\/03\/hand2note-default-hud-2-624x390.png 624w\" sizes=\"auto, (max-width: 728px) 100vw, 728px\" \/><figcaption class=\"wp-element-caption\">HUD por defecto de Hand2Note<\/figcaption><\/figure>\n\n\n\n<p>El popup por defecto contiene informaci\u00f3n m\u00e1s detallada sobre el jugador.<\/p>\n\n\n\n<figure class=\"wp-block-image\"><img loading=\"lazy\" decoding=\"async\" width=\"687\" height=\"686\" src=\"https:\/\/hand2noteguide.com\/wp-content\/uploads\/2020\/03\/hand2note-default-popup.png\" alt=\"hand2note default popup\" class=\"wp-image-1851\" srcset=\"https:\/\/hand2noteguide.com\/wp-content\/uploads\/2020\/03\/hand2note-default-popup.png 687w, https:\/\/hand2noteguide.com\/wp-content\/uploads\/2020\/03\/hand2note-default-popup-150x150.png 150w, https:\/\/hand2noteguide.com\/wp-content\/uploads\/2020\/03\/hand2note-default-popup-300x300.png 300w, https:\/\/hand2noteguide.com\/wp-content\/uploads\/2020\/03\/hand2note-default-popup-96x96.png 96w, https:\/\/hand2noteguide.com\/wp-content\/uploads\/2020\/03\/hand2note-default-popup-624x624.png 624w\" sizes=\"auto, (max-width: 687px) 100vw, 687px\" \/><figcaption class=\"wp-element-caption\">Popup por defecto de Hand2Note<\/figcaption><\/figure>\n\n\n\n<p>Estos HUD y popups est\u00e1ndar son completamente gratuitos y vienen con el programa por defecto. As\u00ed que puedes empezar a usar Hand2Note con este HUD gratis. No se requieren configuraciones adicionales, solo sigue las instrucciones de <a href=\"https:\/\/hand2noteguide.com\/es\/basic-setup\/\">configuraci\u00f3n inicial<\/a>.<\/p>\n\n\n\n<h2 class=\"wp-block-heading\">Ajusta el HUD a tus necesidades<\/h2>\n\n\n\n<p>Tambi\u00e9n puedes modificar el HUD y a\u00f1adir algunas estad\u00edsticas para hacerlo m\u00e1s informativo. Necesitas usar el editor de HUD. Tiene una interfaz bastante intuitiva. Solo a\u00f1ade nuevas filas o columnas y arrastra y suelta las estad\u00edsticas necesarias en las celdas desde la lista en la parte izquierda de la pantalla. Hay muchas estad\u00edsticas listas disponibles en Hand2Note como <a href=\"https:\/\/hand2noteguide.com\/es\/poker\/poker-hud-stats\/3bet-in-poker\/\">3Bet<\/a>, 4Bet, Squeeze, etc.<\/p>\n\n\n\n<figure class=\"wp-block-image\"><img loading=\"lazy\" decoding=\"async\" width=\"1024\" height=\"584\" src=\"https:\/\/hand2noteguide.com\/wp-content\/uploads\/2020\/03\/hand2note-modify-hud-1024x584.png\" alt=\"hand2note modify hud\" class=\"wp-image-1853\" srcset=\"https:\/\/hand2noteguide.com\/wp-content\/uploads\/2020\/03\/hand2note-modify-hud-1024x584.png 1024w, https:\/\/hand2noteguide.com\/wp-content\/uploads\/2020\/03\/hand2note-modify-hud-300x171.png 300w, https:\/\/hand2noteguide.com\/wp-content\/uploads\/2020\/03\/hand2note-modify-hud-768x438.png 768w, https:\/\/hand2noteguide.com\/wp-content\/uploads\/2020\/03\/hand2note-modify-hud-772x441.png 772w, https:\/\/hand2noteguide.com\/wp-content\/uploads\/2020\/03\/hand2note-modify-hud-624x356.png 624w, https:\/\/hand2noteguide.com\/wp-content\/uploads\/2020\/03\/hand2note-modify-hud.png 1088w\" sizes=\"auto, (max-width: 1024px) 100vw, 1024px\" \/><figcaption class=\"wp-element-caption\">Modificando el HUD por defecto en el editor<\/figcaption><\/figure>\n\n\n\n<p>Tambi\u00e9n puedes crear un nuevo perfil y construir un perfil de HUD m\u00e1s complejo para tus necesidades. Los editores de HUD y estad\u00edsticas est\u00e1n disponibles con la versi\u00f3n gratuita de Hand2Note. El proceso de creaci\u00f3n de un HUD profesional se describe en detalle en el <a aria-label=\"undefined (opens in a new tab)\" href=\"https:\/\/nickjames.teachable.com\/courses\/hand2note-professional-usage\/lectures\/14423550?utm_source=hand2noteguide.com&amp;utm_medium=referral&amp;utm_campaign=hand2noteguide.com\" target=\"_blank\" rel=\"noreferrer noopener\">curso en video<\/a>.<\/p>\n\n\n\n<h2 class=\"wp-block-heading\">Considera un HUD m\u00e1s avanzado<\/h2>\n\n\n\n<p>Puedes empezar a usar Hand2Note con un HUD gratis, como discutimos anteriormente. Pero es solo un HUD est\u00e1tico, que no refleja todo el poder del mejor software de seguimiento de poker. As\u00ed que cuando est\u00e9s listo para pasar al siguiente nivel, presta atenci\u00f3n a <a href=\"https:\/\/hand2noteguide.com\/es\/hud-store\/\">HUDs de poker m\u00e1s avanzados<\/a>.<\/p>\n\n\n\n<figure class=\"wp-block-image size-large\"><img loading=\"lazy\" decoding=\"async\" width=\"1024\" height=\"735\" src=\"http:\/\/hand2noteguide.com\/wp-content\/uploads\/2025\/02\/pro-cash-hud-1024x735.webp\" alt=\"\" class=\"wp-image-9053\" srcset=\"https:\/\/hand2noteguide.com\/wp-content\/uploads\/2025\/02\/pro-cash-hud-1024x735.webp 1024w, https:\/\/hand2noteguide.com\/wp-content\/uploads\/2025\/02\/pro-cash-hud-300x215.webp 300w, https:\/\/hand2noteguide.com\/wp-content\/uploads\/2025\/02\/pro-cash-hud-768x551.webp 768w, https:\/\/hand2noteguide.com\/wp-content\/uploads\/2025\/02\/pro-cash-hud-1536x1102.webp 1536w, https:\/\/hand2noteguide.com\/wp-content\/uploads\/2025\/02\/pro-cash-hud-772x554.webp 772w, https:\/\/hand2noteguide.com\/wp-content\/uploads\/2025\/02\/pro-cash-hud-624x448.webp 624w, https:\/\/hand2noteguide.com\/wp-content\/uploads\/2025\/02\/pro-cash-hud.webp 1557w\" sizes=\"auto, (max-width: 1024px) 100vw, 1024px\" \/><figcaption class=\"wp-element-caption\">Ejemplo de HUD posicional de Hand2Note: <a href=\"https:\/\/hand2noteguide.com\/es\/hud-store\/pro-cash\/\">paquete PRO Cash<\/a><\/figcaption><\/figure>\n\n\n\n<p>Adem\u00e1s del HUD posicional y din\u00e1mico, obtendr\u00e1s un conjunto rico de otras herramientas de poker que te ayudar\u00e1n a mejorar significativamente la calidad de tu juego. Echa un vistazo a nuestro <a href=\"https:\/\/hand2noteguide.com\/es\/why-purchase-hand2note\/\">resumen de esas caracter\u00edsticas<\/a>.<\/p>\n\n\n\n<p>Si finalmente decides actualizar tu versi\u00f3n de Hand2Note, no olvides usar el cup\u00f3n <strong>GUIDE10<\/strong> para obtener <a href=\"https:\/\/hand2noteguide.com\/es\/promo\/\">un descuento y un HUD de bonificaci\u00f3n<\/a>.<\/p>\n","protected":false},"excerpt":{"rendered":"<p>\ud83d\udcdd&nbsp;\u00daltima actualizaci\u00f3n: 16 de febrero de 2025. Puedes empezar a usar Hand2Note gratis f\u00e1cilmente sin necesidad de cracks. Pero, \u00bfc\u00f3mo obtener un HUD de Hand2Note gratis? Hay algunas opciones posibles que consideraremos en este art\u00edculo. Todos los HUDs mencionados a continuaci\u00f3n son adecuados tanto para las versiones&nbsp;Hand2Note 3&nbsp;y&nbsp;Hand2Note 4. Obt\u00e9n el HUD Cosmos Gratis de &hellip; <a href=\"https:\/\/hand2noteguide.com\/es\/free-hud\/\" class=\"more-link\">Continue reading <span class=\"screen-reader-text\">HUD Gratis<\/span><\/a><\/p>\n","protected":false},"author":1,"featured_media":0,"parent":0,"menu_order":0,"comment_status":"closed","ping_status":"closed","template":"page-templates\/full-width-page.php","meta":{"footnotes":""},"class_list":["post-1766","page","type-page","status-publish","hentry"],"translation":{"provider":"WPGlobus","version":"3.0.2","language":"es","enabled_languages":["en","ru","pt","zh","es","fr","de","it","ja"],"languages":{"en":{"title":true,"content":true,"excerpt":false},"ru":{"title":true,"content":true,"excerpt":false},"pt":{"title":true,"content":true,"excerpt":false},"zh":{"title":true,"content":true,"excerpt":false},"es":{"title":true,"content":true,"excerpt":false},"fr":{"title":true,"content":true,"excerpt":false},"de":{"title":true,"content":true,"excerpt":false},"it":{"title":true,"content":true,"excerpt":false},"ja":{"title":true,"content":true,"excerpt":false}}},"yoast_head":"<!-- This site is optimized with the Yoast SEO plugin v27.0 - https:\/\/yoast.com\/product\/yoast-seo-wordpress\/ -->\n<title>HUD Gratis de Hand2Note Para Poker \u2013 Versiones Cash y MTT<\/title>\n<meta name=\"description\" content=\"Obt\u00e9n un HUD de Hand2Note completamente gratis para cash o torneos. \u00a1Empieza a usar el mejor software de seguimiento de poker con un HUD gratis y obt\u00e9n ventaja sobre tus oponentes!\" \/>\n<meta name=\"robots\" content=\"index, follow, max-snippet:-1, max-image-preview:large, max-video-preview:-1\" \/>\n<link rel=\"canonical\" href=\"https:\/\/hand2noteguide.com\/zh\/free-hud\/\" \/>\n<meta property=\"og:locale\" content=\"es_ES\" \/>\n<meta property=\"og:type\" content=\"article\" \/>\n<meta property=\"og:title\" content=\"HUD Gratis de Hand2Note Para Poker \u2013 Versiones Cash y MTT\" \/>\n<meta property=\"og:description\" content=\"Obt\u00e9n un HUD de Hand2Note completamente gratis para cash o torneos. \u00a1Empieza a usar el mejor software de seguimiento de poker con un HUD gratis y obt\u00e9n ventaja sobre tus oponentes!\" \/>\n<meta property=\"og:url\" content=\"https:\/\/hand2noteguide.com\/zh\/free-hud\/\" \/>\n<meta property=\"og:site_name\" content=\"Hand2Note Guide\" \/>\n<meta property=\"article:modified_time\" content=\"2025-06-04T14:38:05+00:00\" \/>\n<meta property=\"og:image\" content=\"http:\/\/hand2noteguide.com\/wp-content\/uploads\/2025\/02\/cosmos-free-cash-1024x737.webp\" \/>\n<meta name=\"twitter:card\" content=\"summary_large_image\" \/>\n<meta name=\"twitter:label1\" content=\"Est. reading time\" \/>\n\t<meta name=\"twitter:data1\" content=\"20 minutes\" \/>\n<!-- \/ Yoast SEO plugin. -->","yoast_head_json":{"title":"HUD Gratis de Hand2Note Para Poker \u2013 Versiones Cash y MTT","description":"Obt\u00e9n un HUD de Hand2Note completamente gratis para cash o torneos. \u00a1Empieza a usar el mejor software de seguimiento de poker con un HUD gratis y obt\u00e9n ventaja sobre tus oponentes!","robots":{"index":"index","follow":"follow","max-snippet":"max-snippet:-1","max-image-preview":"max-image-preview:large","max-video-preview":"max-video-preview:-1"},"canonical":"https:\/\/hand2noteguide.com\/zh\/free-hud\/","og_locale":"es_ES","og_type":"article","og_title":"HUD Gratis de Hand2Note Para Poker \u2013 Versiones Cash y MTT","og_description":"Obt\u00e9n un HUD de Hand2Note completamente gratis para cash o torneos. \u00a1Empieza a usar el mejor software de seguimiento de poker con un HUD gratis y obt\u00e9n ventaja sobre tus oponentes!","og_url":"https:\/\/hand2noteguide.com\/zh\/free-hud\/","og_site_name":"Hand2Note Guide","article_modified_time":"2025-06-04T14:38:05+00:00","og_image":[{"url":"http:\/\/hand2noteguide.com\/wp-content\/uploads\/2025\/02\/cosmos-free-cash-1024x737.webp","type":"","width":"","height":""}],"twitter_card":"summary_large_image","twitter_misc":{"Est. reading time":"20 minutes"},"schema":{"@context":"https:\/\/schema.org","@graph":[]}},"jetpack_sharing_enabled":true,"_links":{"self":[{"href":"https:\/\/hand2noteguide.com\/es\/wp-json\/wp\/v2\/pages\/1766","targetHints":{"allow":["GET"]}}],"collection":[{"href":"https:\/\/hand2noteguide.com\/es\/wp-json\/wp\/v2\/pages"}],"about":[{"href":"https:\/\/hand2noteguide.com\/es\/wp-json\/wp\/v2\/types\/page"}],"author":[{"embeddable":true,"href":"https:\/\/hand2noteguide.com\/es\/wp-json\/wp\/v2\/users\/1"}],"replies":[{"embeddable":true,"href":"https:\/\/hand2noteguide.com\/es\/wp-json\/wp\/v2\/comments?post=1766"}],"version-history":[{"count":132,"href":"https:\/\/hand2noteguide.com\/es\/wp-json\/wp\/v2\/pages\/1766\/revisions"}],"predecessor-version":[{"id":13506,"href":"https:\/\/hand2noteguide.com\/es\/wp-json\/wp\/v2\/pages\/1766\/revisions\/13506"}],"wp:attachment":[{"href":"https:\/\/hand2noteguide.com\/es\/wp-json\/wp\/v2\/media?parent=1766"}],"curies":[{"name":"wp","href":"https:\/\/api.w.org\/{rel}","templated":true}]}}