{"id":196,"date":"2018-08-01T16:32:12","date_gmt":"2018-08-01T13:32:12","guid":{"rendered":"https:\/\/h2n312.wordpress.com\/?page_id=196"},"modified":"2025-06-04T19:10:59","modified_gmt":"2025-06-04T16:10:59","slug":"where-is-database-stored","status":"publish","type":"page","link":"https:\/\/hand2noteguide.com\/es\/guide\/database\/where-is-database-stored\/","title":{"rendered":"\u00bfD\u00f3nde se almacena la base de datos?"},"content":{"rendered":"\n<p>Por defecto, la base de datos de Hand2Note se almacena en la carpeta <em>C:\/Users\/TuNombreDeUsuario\/AppData\/Roaming\/Hand2Note\/h2ndb<\/em>. Puedes cambiar la ubicaci\u00f3n de la base de datos en la configuraci\u00f3n:<\/p>\n\n\n\n<figure class=\"wp-block-image\"><img loading=\"lazy\" decoding=\"async\" width=\"1022\" height=\"941\" src=\"https:\/\/hand2noteguide.com\/wp-content\/uploads\/2019\/05\/hand2note-database-location-path.png\" alt=\"ruta de ubicaci\u00f3n de la base de datos de hand2note\" class=\"wp-image-965\" srcset=\"https:\/\/hand2noteguide.com\/wp-content\/uploads\/2019\/05\/hand2note-database-location-path.png 1022w, https:\/\/hand2noteguide.com\/wp-content\/uploads\/2019\/05\/hand2note-database-location-path-300x276.png 300w, https:\/\/hand2noteguide.com\/wp-content\/uploads\/2019\/05\/hand2note-database-location-path-768x707.png 768w, https:\/\/hand2noteguide.com\/wp-content\/uploads\/2019\/05\/hand2note-database-location-path-772x711.png 772w, https:\/\/hand2noteguide.com\/wp-content\/uploads\/2019\/05\/hand2note-database-location-path-624x575.png 624w\" sizes=\"auto, (max-width: 1022px) 100vw, 1022px\" \/><figcaption>Ubicaci\u00f3n de los archivos de la base de datos de Hand2Note<\/figcaption><\/figure>\n\n\n\n<p>Ver tambi\u00e9n:<\/p>\n\n\n\n<ul class=\"page-list wp-block-list\"><li><a href=\"https:\/\/hand2noteguide.com\/guide\/database\/move-database-to-another-drive\/\">Mover la base de datos a otro disco<\/a><\/li><li><a href=\"https:\/\/hand2noteguide.com\/guide\/database\/move-database-to-another-pc\/\">Mover la base de datos a otro PC<\/a><\/li><\/ul>\n","protected":false},"excerpt":{"rendered":"<p>Por defecto, la base de datos de Hand2Note se almacena en la carpeta C:\/Users\/TuNombreDeUsuario\/AppData\/Roaming\/Hand2Note\/h2ndb. Puedes cambiar la ubicaci\u00f3n de la base de datos en la configuraci\u00f3n: Ver tambi\u00e9n: Mover la base de datos a otro disco Mover la base de datos a otro PC<\/p>\n","protected":false},"author":1,"featured_media":0,"parent":221,"menu_order":0,"comment_status":"closed","ping_status":"closed","template":"page-templates\/full-width-page.php","meta":{"footnotes":""},"class_list":["post-196","page","type-page","status-publish","hentry"],"translation":{"provider":"WPGlobus","version":"3.0.2","language":"es","enabled_languages":["en","ru","pt","zh","es","fr","de","it","ja"],"languages":{"en":{"title":true,"content":true,"excerpt":false},"ru":{"title":true,"content":true,"excerpt":false},"pt":{"title":true,"content":true,"excerpt":false},"zh":{"title":true,"content":true,"excerpt":false},"es":{"title":true,"content":true,"excerpt":false},"fr":{"title":true,"content":true,"excerpt":false},"de":{"title":true,"content":true,"excerpt":false},"it":{"title":true,"content":true,"excerpt":false},"ja":{"title":true,"content":true,"excerpt":false}}},"yoast_head":"<!-- This site is optimized with the Yoast SEO plugin v27.0 - https:\/\/yoast.com\/product\/yoast-seo-wordpress\/ -->\n<title>\u00bfD\u00f3nde se almacena tu base de datos de Hand2Note? Desc\u00fabrelo aqu\u00ed<\/title>\n<meta name=\"description\" content=\"Aprende d\u00f3nde se almacena tu base de datos de Hand2Note por defecto y c\u00f3mo cambiar su ubicaci\u00f3n. Sigue nuestra gu\u00eda para una gesti\u00f3n f\u00e1cil de la base de datos.\" \/>\n<meta name=\"robots\" content=\"index, follow, max-snippet:-1, max-image-preview:large, max-video-preview:-1\" \/>\n<link rel=\"canonical\" href=\"https:\/\/hand2noteguide.com\/guide\/database\/where-is-database-stored\/\" \/>\n<meta property=\"og:locale\" content=\"es_ES\" \/>\n<meta property=\"og:type\" content=\"article\" \/>\n<meta property=\"og:title\" content=\"\u00bfD\u00f3nde se almacena tu base de datos de Hand2Note? Desc\u00fabrelo aqu\u00ed\" \/>\n<meta property=\"og:description\" content=\"Aprende d\u00f3nde se almacena tu base de datos de Hand2Note por defecto y c\u00f3mo cambiar su ubicaci\u00f3n. Sigue nuestra gu\u00eda para una gesti\u00f3n f\u00e1cil de la base de datos.\" \/>\n<meta property=\"og:url\" content=\"https:\/\/hand2noteguide.com\/guide\/database\/where-is-database-stored\/\" \/>\n<meta property=\"og:site_name\" content=\"Hand2Note Guide\" \/>\n<meta property=\"article:modified_time\" content=\"2025-06-04T16:10:59+00:00\" \/>\n<meta property=\"og:image\" content=\"https:\/\/hand2noteguide.com\/wp-content\/uploads\/2018\/08\/d0b1d0b5d0b7d18bd0bcd18fd0bdd0bdd18bd0b96.png\" \/>\n<meta name=\"twitter:card\" content=\"summary_large_image\" \/>\n<meta name=\"twitter:label1\" content=\"Est. reading time\" \/>\n\t<meta name=\"twitter:data1\" content=\"2 minutes\" \/>\n<!-- \/ Yoast SEO plugin. -->","yoast_head_json":{"title":"\u00bfD\u00f3nde se almacena tu base de datos de Hand2Note? Desc\u00fabrelo aqu\u00ed","description":"Aprende d\u00f3nde se almacena tu base de datos de Hand2Note por defecto y c\u00f3mo cambiar su ubicaci\u00f3n. Sigue nuestra gu\u00eda para una gesti\u00f3n f\u00e1cil de la base de datos.","robots":{"index":"index","follow":"follow","max-snippet":"max-snippet:-1","max-image-preview":"max-image-preview:large","max-video-preview":"max-video-preview:-1"},"canonical":"https:\/\/hand2noteguide.com\/guide\/database\/where-is-database-stored\/","og_locale":"es_ES","og_type":"article","og_title":"\u00bfD\u00f3nde se almacena tu base de datos de Hand2Note? Desc\u00fabrelo aqu\u00ed","og_description":"Aprende d\u00f3nde se almacena tu base de datos de Hand2Note por defecto y c\u00f3mo cambiar su ubicaci\u00f3n. Sigue nuestra gu\u00eda para una gesti\u00f3n f\u00e1cil de la base de datos.","og_url":"https:\/\/hand2noteguide.com\/guide\/database\/where-is-database-stored\/","og_site_name":"Hand2Note Guide","article_modified_time":"2025-06-04T16:10:59+00:00","og_image":[{"url":"https:\/\/hand2noteguide.com\/wp-content\/uploads\/2018\/08\/d0b1d0b5d0b7d18bd0bcd18fd0bdd0bdd18bd0b96.png","type":"","width":"","height":""}],"twitter_card":"summary_large_image","twitter_misc":{"Est. reading time":"2 minutes"},"schema":{"@context":"https:\/\/schema.org","@graph":[]}},"jetpack_sharing_enabled":false,"_links":{"self":[{"href":"https:\/\/hand2noteguide.com\/es\/wp-json\/wp\/v2\/pages\/196","targetHints":{"allow":["GET"]}}],"collection":[{"href":"https:\/\/hand2noteguide.com\/es\/wp-json\/wp\/v2\/pages"}],"about":[{"href":"https:\/\/hand2noteguide.com\/es\/wp-json\/wp\/v2\/types\/page"}],"author":[{"embeddable":true,"href":"https:\/\/hand2noteguide.com\/es\/wp-json\/wp\/v2\/users\/1"}],"replies":[{"embeddable":true,"href":"https:\/\/hand2noteguide.com\/es\/wp-json\/wp\/v2\/comments?post=196"}],"version-history":[{"count":18,"href":"https:\/\/hand2noteguide.com\/es\/wp-json\/wp\/v2\/pages\/196\/revisions"}],"predecessor-version":[{"id":13549,"href":"https:\/\/hand2noteguide.com\/es\/wp-json\/wp\/v2\/pages\/196\/revisions\/13549"}],"up":[{"embeddable":true,"href":"https:\/\/hand2noteguide.com\/es\/wp-json\/wp\/v2\/pages\/221"}],"wp:attachment":[{"href":"https:\/\/hand2noteguide.com\/es\/wp-json\/wp\/v2\/media?parent=196"}],"curies":[{"name":"wp","href":"https:\/\/api.w.org\/{rel}","templated":true}]}}